{"id":7545,"date":"2026-04-28T15:13:20","date_gmt":"2026-04-28T13:13:20","guid":{"rendered":"https:\/\/arsenal24.pl\/?post_type=product&#038;p=7545"},"modified":"2026-04-28T15:13:21","modified_gmt":"2026-04-28T13:13:21","slug":"stribog-sp9a3-8-fde","status":"publish","type":"product","link":"https:\/\/arsenal24.pl\/uk\/product\/stribog-sp9a3-8-fde\/","title":{"rendered":"Stribog SP9A3 8&#8221; &#8211; FDE"},"content":{"rendered":"<p>SP9 A3 to najnowsza, trzecia generacja s\u0142owackiego pistoletu maszynowego \u2013 ceniona za swoj\u0105 niezawodno\u015b\u0107, nowoczesne rozwi\u0105zania i dowolno\u015b\u0107 konfiguracji zar\u00f3wno przez strzelc\u00f3w sportowych, jak i s\u0142u\u017cby mundurowe. Posiada obustronne manipulatory (bezpiecznik, zwalniacz magazynka, zwalniacz zamka) oraz d\u017awigni\u0119 prze\u0142adowania mo\u017cliw\u0105 do zamontowania z prawej lub lewej strony bez u\u017cycia narz\u0119dzi (obustronna d\u017awignia prze\u0142adowania dost\u0119pna do zakupu oddzielnie). W tej wersji kolorystycznej komora zamkowa (Upper) jest w malowaniu czarnym, a komora spustowa (Lower) FDE.<\/p>\n<p>Stribog jest konstrukcj\u0105, przy pomocy kt\u00f3rej zawodnik Pavol \u017den\u010d\u00e1r wygra\u0142 z\u0142oty medal podczas Mistrzostw \u015awiata IPSC World Shoot PCC\/Mini Rifle 2025 w Czechach. S\u0142owackie PCC zyskuj\u0105 coraz wi\u0119ksz\u0105 popularno\u015b\u0107 na zawodach IPSC i nie tylko, co potwierdza ich skuteczno\u015b\u0107 w sporcie.<\/p>\n<p>W najnowszej wersji A3 producent zast\u0105pi\u0142 ci\u0119\u017cki zamek swobodny mechanizmem p\u00f3\u0142swobodnym z op\u00f3\u017aniaczem rolkowym. To pozwoli\u0142o obni\u017cy\u0107 mas\u0119 pracuj\u0105cego elementu. Jest to rozwi\u0105zanie powszechnie ju\u017c znane m.in. z HK MP5, ale w Grand Power zosta\u0142o uproszczone. W efekcie bro\u0144 ma znacz\u0105co mniejszy podrzut i odrzut, umo\u017cliwiaj\u0105c szybsze oddanie kolejnego celnego strza\u0142u, a uproszczony mechanizm rolkowy nie stwarza problemu przy rozk\u0142adaniu i sk\u0142adaniu. Dodatkowo modyfikacji uleg\u0142a d\u017awignia prze\u0142adowania: nie pracuje ona w trakcie strzelania, tylko pozostaje w przednim po\u0142o\u017ceniu. Daje to du\u017c\u0105 dowolno\u015b\u0107 w u\u0142o\u017ceniu na \u0142o\u017cu r\u0119ki podtrzymuj\u0105cej. Ponadto, r\u00f3wnie\u017c magazynki zosta\u0142y przeprojektowane. S\u0105 przejrzyste, ze wska\u017anikiem ilo\u015bci amunicji, a faktura w wypuk\u0142\u0105 krat\u0119 u\u0142atwia operowanie w r\u0119kawiczkach lub bez.<\/p>\n<p>Karabinek, poza suwad\u0142em, luf\u0105 i mechanizmem p\u00f3\u0142swobodnym wykonanymi ze stali, wykonany jest z aluminium i tworzywa. Dzi\u0119ki temu ca\u0142a konstrukcje jest bardzo lekka, co r\u00f3wnie\u017c podkre\u015bla jej sportowy charakter. Korpus z komor\u0105 zamkow\u0105 wykonany jest z aluminium. Komora spustowa jest wykonana z tworzywa, tak jak i sk\u0142adana kolba.<\/p>\n<p>Stribog SP9 A3 posiada komor\u0119 zamkow\u0105 ze zintegrowanymi chwytem pistoletowym i \u0142o\u017cem. \u0141o\u017ce zosta\u0142o wyposa\u017cone w dwie szyny Picatinny: g\u00f3rn\u0105 i doln\u0105, oraz gniazda M-LOK na godzinach 3 i 9 \u2013 przez co konstrukcja jest bardzo dobr\u0105 baz\u0105 do rozwoju wedle potrzeb i upodoba\u0144 w\u0142a\u015bciciela. Lufa zako\u0144czona gwintem zewn\u0119trznym 1\/2&#215;28, z fabrycznym urz\u0105dzeniem wylotowym. Domy\u015blnie montowane s\u0105 zapasowe, sk\u0142adane przyrz\u0105dy celownicze.<\/p>\n<p>W sprzeda\u017cy w zestawie z solidn\u0105, plastikow\u0105 walizk\u0105 do transportowania sprz\u0119tu. W standardowej wersji bro\u0144 wyposa\u017cona jest w polimerow\u0105, sk\u0142adan\u0105 na bok kolb\u0119 \u2013 z mo\u017cliwo\u015bci\u0105 wymiany na inn\u0105 przy zakupie.<\/p>\n<p>\u0421\u043f\u0435\u0446\u0438\u0444\u0456\u043a\u0430\u0446\u0456\u044f:<\/p>\n<p>&#8211; kaliber \u2013 9&#215;19;<\/p>\n<p>&#8211; zamek \u2013 p\u00f3\u0142swobodny z op\u00f3\u017aniaczem rolkowym;<\/p>\n<p>&#8211; mechanizm spustowo \u2013 uderzeniowy: SA;<\/p>\n<p>&#8211; ci\u0119\u017car spustu \u2013 2,7kg;<\/p>\n<p>&#8211; d\u0142ugo\u015b\u0107 ca\u0142kowita &#8211; 424mm;<\/p>\n<p>&#8211; szeroko\u015b\u0107 \u2013 57mm;<\/p>\n<p>&#8211; wysoko\u015b\u0107 bez magazynka \u2013 200mm;<\/p>\n<p>&#8211; dugo\u015b\u0107 lufy \u2013 8&#8221;;<\/p>\n<p>&#8211; waga bez magazynka \u2013 2,06kg;<\/p>\n<p>&#8211; gwint \u2013 1\/2&#215;28;<\/p>\n<p>&#8211; kolor upper \u2013 czarny;<\/p>\n<p>&#8211; kolor lower \u2013 FDE;<\/p>\n<p>&#8211; Magazynek &#8211; 1 x 10 nabojowy;<\/p>\n<p>&#8211; kraj pochodzenia \u2013 S\u0142owacja.<\/p>","protected":false},"excerpt":{"rendered":"<p>SP9 A3 to najnowsza, trzecia generacja s\u0142owackiego pistoletu maszynowego \u2013 ceniona za swoj\u0105 niezawodno\u015b\u0107, nowoczesne rozwi\u0105zania i dowolno\u015b\u0107 konfiguracji zar\u00f3wno przez strzelc\u00f3w sportowych, jak i&#8230;<\/p>","protected":false},"featured_media":7546,"template":"","meta":[],"etheme_brands":[],"product_brand":[263],"product_cat":[49],"product_tag":[],"class_list":{"0":"post-7545","1":"product","2":"type-product","3":"status-publish","4":"has-post-thumbnail","6":"product_brand-grand-power","7":"product_cat-bron-krotka","9":"first","10":"instock","11":"shipping-taxable","12":"purchasable","13":"product-type-simple"},"yoast_head":"<!-- This site is optimized with the Yoast SEO Premium plugin v24.0 (Yoast SEO v26.0) - https:\/\/yoast.com\/wordpress\/plugins\/seo\/ -->\n<title>Stribog SP9A3 8&#039;&#039; - FDE - Arsena\u0142 - Profesjonalny sklep z broni\u0105 i akcesoriami<\/title>\n<meta name=\"robots\" content=\"index, follow, max-snippet:-1, max-image-preview:large, max-video-preview:-1\" \/>\n<link rel=\"canonical\" href=\"https:\/\/arsenal24.pl\/uk\/product\/stribog-sp9a3-8-fde\/\" \/>\n<meta property=\"og:locale\" content=\"uk_UA\" \/>\n<meta property=\"og:type\" content=\"article\" \/>\n<meta property=\"og:title\" content=\"Stribog SP9A3 8&#039;&#039; - FDE\" \/>\n<meta property=\"og:description\" content=\"SP9 A3 to najnowsza, trzecia generacja s\u0142owackiego pistoletu maszynowego \u2013 ceniona za swoj\u0105 niezawodno\u015b\u0107, nowoczesne rozwi\u0105zania i dowolno\u015b\u0107 konfiguracji zar\u00f3wno przez strzelc\u00f3w sportowych, jak i...\" \/>\n<meta property=\"og:url\" content=\"https:\/\/arsenal24.pl\/uk\/product\/stribog-sp9a3-8-fde\/\" \/>\n<meta property=\"og:site_name\" content=\"Arsena\u0142 - Profesjonalny sklep z broni\u0105 i akcesoriami\" \/>\n<meta property=\"article:publisher\" content=\"https:\/\/www.facebook.com\/people\/Arsena-Sklep\/100035187290806\/?locale=pl_PL&amp;paipv=0&amp;eav=AfaBd4HS6M2sZy5PxVGmBIZx9hgg_97kXvqKJ8pngB-S_qRYY5xCeE23HjB7T-5FY6o&amp;_rdr\" \/>\n<meta property=\"article:modified_time\" content=\"2026-04-28T13:13:21+00:00\" \/>\n<meta property=\"og:image\" content=\"https:\/\/arsenal24.pl\/wp-content\/uploads\/2026\/04\/stribog-sp9a3-8-fde.jpg\" \/>\n\t<meta property=\"og:image:width\" content=\"1200\" \/>\n\t<meta property=\"og:image:height\" content=\"1200\" \/>\n\t<meta property=\"og:image:type\" content=\"image\/jpeg\" \/>\n<meta name=\"twitter:card\" content=\"summary_large_image\" \/>\n<meta name=\"twitter:label1\" content=\"\u041f\u0440\u0438\u0431\u043b. \u0447\u0430\u0441 \u0447\u0438\u0442\u0430\u043d\u043d\u044f\" \/>\n\t<meta name=\"twitter:data1\" content=\"3 \u0445\u0432\u0438\u043b\u0438\u043d\u0438\" \/>\n<script type=\"application\/ld+json\" class=\"yoast-schema-graph\">{\"@context\":\"https:\/\/schema.org\",\"@graph\":[{\"@type\":\"WebPage\",\"@id\":\"https:\/\/arsenal24.pl\/produkt\/stribog-sp9a3-8-fde\/\",\"url\":\"https:\/\/arsenal24.pl\/produkt\/stribog-sp9a3-8-fde\/\",\"name\":\"Stribog SP9A3 8'' - FDE - Arsena\u0142 - Profesjonalny sklep z broni\u0105 i akcesoriami\",\"isPartOf\":{\"@id\":\"https:\/\/arsenal24.pl\/#website\"},\"primaryImageOfPage\":{\"@id\":\"https:\/\/arsenal24.pl\/produkt\/stribog-sp9a3-8-fde\/#primaryimage\"},\"image\":{\"@id\":\"https:\/\/arsenal24.pl\/produkt\/stribog-sp9a3-8-fde\/#primaryimage\"},\"thumbnailUrl\":\"https:\/\/arsenal24.pl\/wp-content\/uploads\/2026\/04\/stribog-sp9a3-8-fde.jpg\",\"datePublished\":\"2026-04-28T13:13:20+00:00\",\"dateModified\":\"2026-04-28T13:13:21+00:00\",\"breadcrumb\":{\"@id\":\"https:\/\/arsenal24.pl\/produkt\/stribog-sp9a3-8-fde\/#breadcrumb\"},\"inLanguage\":\"uk\",\"potentialAction\":[{\"@type\":\"ReadAction\",\"target\":[\"https:\/\/arsenal24.pl\/produkt\/stribog-sp9a3-8-fde\/\"]}]},{\"@type\":\"ImageObject\",\"inLanguage\":\"uk\",\"@id\":\"https:\/\/arsenal24.pl\/produkt\/stribog-sp9a3-8-fde\/#primaryimage\",\"url\":\"https:\/\/arsenal24.pl\/wp-content\/uploads\/2026\/04\/stribog-sp9a3-8-fde.jpg\",\"contentUrl\":\"https:\/\/arsenal24.pl\/wp-content\/uploads\/2026\/04\/stribog-sp9a3-8-fde.jpg\",\"width\":1200,\"height\":1200},{\"@type\":\"BreadcrumbList\",\"@id\":\"https:\/\/arsenal24.pl\/produkt\/stribog-sp9a3-8-fde\/#breadcrumb\",\"itemListElement\":[{\"@type\":\"ListItem\",\"position\":1,\"name\":\"Strona g\u0142\u00f3wna\",\"item\":\"https:\/\/arsenal24.pl\/\"},{\"@type\":\"ListItem\",\"position\":2,\"name\":\"Sklep\",\"item\":\"https:\/\/arsenal24.pl\/sklep\/\"},{\"@type\":\"ListItem\",\"position\":3,\"name\":\"Stribog SP9A3 8&#8221; &#8211; FDE\"}]},{\"@type\":\"WebSite\",\"@id\":\"https:\/\/arsenal24.pl\/#website\",\"url\":\"https:\/\/arsenal24.pl\/\",\"name\":\"Arsena\u0142 - Profesjonalny sklep z broni\u0105 i akcesoriami\",\"description\":\"\",\"publisher\":{\"@id\":\"https:\/\/arsenal24.pl\/#organization\"},\"potentialAction\":[{\"@type\":\"SearchAction\",\"target\":{\"@type\":\"EntryPoint\",\"urlTemplate\":\"https:\/\/arsenal24.pl\/?s={search_term_string}\"},\"query-input\":{\"@type\":\"PropertyValueSpecification\",\"valueRequired\":true,\"valueName\":\"search_term_string\"}}],\"inLanguage\":\"uk\"},{\"@type\":\"Organization\",\"@id\":\"https:\/\/arsenal24.pl\/#organization\",\"name\":\"Arsena\u0142 - Profesjonalny sklep z broni\u0105 i akcesoriami\",\"url\":\"https:\/\/arsenal24.pl\/\",\"logo\":{\"@type\":\"ImageObject\",\"inLanguage\":\"uk\",\"@id\":\"https:\/\/arsenal24.pl\/#\/schema\/logo\/image\/\",\"url\":\"https:\/\/server568771.nazwa.pl\/arse\/wp-content\/uploads\/2024\/03\/arsenal-24-logo.png\",\"contentUrl\":\"https:\/\/server568771.nazwa.pl\/arse\/wp-content\/uploads\/2024\/03\/arsenal-24-logo.png\",\"width\":140,\"height\":140,\"caption\":\"Arsena\u0142 - Profesjonalny sklep z broni\u0105 i akcesoriami\"},\"image\":{\"@id\":\"https:\/\/arsenal24.pl\/#\/schema\/logo\/image\/\"},\"sameAs\":[\"https:\/\/www.facebook.com\/people\/Arsena-Sklep\/100035187290806\/?locale=pl_PL&paipv=0&eav=AfaBd4HS6M2sZy5PxVGmBIZx9hgg_97kXvqKJ8pngB-S_qRYY5xCeE23HjB7T-5FY6o&_rdr\"]}]}<\/script>\n<!-- \/ Yoast SEO Premium plugin. -->","yoast_head_json":{"title":"Stribog SP9A3 8'' - FDE - Arsena\u0142 - Profesjonalny sklep z broni\u0105 i akcesoriami","robots":{"index":"index","follow":"follow","max-snippet":"max-snippet:-1","max-image-preview":"max-image-preview:large","max-video-preview":"max-video-preview:-1"},"canonical":"https:\/\/arsenal24.pl\/uk\/product\/stribog-sp9a3-8-fde\/","og_locale":"uk_UA","og_type":"article","og_title":"Stribog SP9A3 8'' - FDE","og_description":"SP9 A3 to najnowsza, trzecia generacja s\u0142owackiego pistoletu maszynowego \u2013 ceniona za swoj\u0105 niezawodno\u015b\u0107, nowoczesne rozwi\u0105zania i dowolno\u015b\u0107 konfiguracji zar\u00f3wno przez strzelc\u00f3w sportowych, jak i...","og_url":"https:\/\/arsenal24.pl\/uk\/product\/stribog-sp9a3-8-fde\/","og_site_name":"Arsena\u0142 - Profesjonalny sklep z broni\u0105 i akcesoriami","article_publisher":"https:\/\/www.facebook.com\/people\/Arsena-Sklep\/100035187290806\/?locale=pl_PL&paipv=0&eav=AfaBd4HS6M2sZy5PxVGmBIZx9hgg_97kXvqKJ8pngB-S_qRYY5xCeE23HjB7T-5FY6o&_rdr","article_modified_time":"2026-04-28T13:13:21+00:00","og_image":[{"width":1200,"height":1200,"url":"https:\/\/arsenal24.pl\/wp-content\/uploads\/2026\/04\/stribog-sp9a3-8-fde.jpg","type":"image\/jpeg"}],"twitter_card":"summary_large_image","twitter_misc":{"\u041f\u0440\u0438\u0431\u043b. \u0447\u0430\u0441 \u0447\u0438\u0442\u0430\u043d\u043d\u044f":"3 \u0445\u0432\u0438\u043b\u0438\u043d\u0438"},"schema":{"@context":"https:\/\/schema.org","@graph":[{"@type":"WebPage","@id":"https:\/\/arsenal24.pl\/produkt\/stribog-sp9a3-8-fde\/","url":"https:\/\/arsenal24.pl\/produkt\/stribog-sp9a3-8-fde\/","name":"Stribog SP9A3 8'' - FDE - Arsena\u0142 - Profesjonalny sklep z broni\u0105 i akcesoriami","isPartOf":{"@id":"https:\/\/arsenal24.pl\/#website"},"primaryImageOfPage":{"@id":"https:\/\/arsenal24.pl\/produkt\/stribog-sp9a3-8-fde\/#primaryimage"},"image":{"@id":"https:\/\/arsenal24.pl\/produkt\/stribog-sp9a3-8-fde\/#primaryimage"},"thumbnailUrl":"https:\/\/arsenal24.pl\/wp-content\/uploads\/2026\/04\/stribog-sp9a3-8-fde.jpg","datePublished":"2026-04-28T13:13:20+00:00","dateModified":"2026-04-28T13:13:21+00:00","breadcrumb":{"@id":"https:\/\/arsenal24.pl\/produkt\/stribog-sp9a3-8-fde\/#breadcrumb"},"inLanguage":"uk","potentialAction":[{"@type":"ReadAction","target":["https:\/\/arsenal24.pl\/produkt\/stribog-sp9a3-8-fde\/"]}]},{"@type":"ImageObject","inLanguage":"uk","@id":"https:\/\/arsenal24.pl\/produkt\/stribog-sp9a3-8-fde\/#primaryimage","url":"https:\/\/arsenal24.pl\/wp-content\/uploads\/2026\/04\/stribog-sp9a3-8-fde.jpg","contentUrl":"https:\/\/arsenal24.pl\/wp-content\/uploads\/2026\/04\/stribog-sp9a3-8-fde.jpg","width":1200,"height":1200},{"@type":"BreadcrumbList","@id":"https:\/\/arsenal24.pl\/produkt\/stribog-sp9a3-8-fde\/#breadcrumb","itemListElement":[{"@type":"ListItem","position":1,"name":"Strona g\u0142\u00f3wna","item":"https:\/\/arsenal24.pl\/"},{"@type":"ListItem","position":2,"name":"Sklep","item":"https:\/\/arsenal24.pl\/sklep\/"},{"@type":"ListItem","position":3,"name":"Stribog SP9A3 8&#8221; &#8211; FDE"}]},{"@type":"WebSite","@id":"https:\/\/arsenal24.pl\/#website","url":"https:\/\/arsenal24.pl\/","name":"\u0410\u0440\u0441\u0435\u043d\u0430\u043b - \u043c\u0430\u0433\u0430\u0437\u0438\u043d \u043f\u0440\u043e\u0444\u0435\u0441\u0456\u0439\u043d\u043e\u0457 \u0437\u0431\u0440\u043e\u0457 \u0442\u0430 \u0430\u043a\u0441\u0435\u0441\u0443\u0430\u0440\u0456\u0432","description":"","publisher":{"@id":"https:\/\/arsenal24.pl\/#organization"},"potentialAction":[{"@type":"SearchAction","target":{"@type":"EntryPoint","urlTemplate":"https:\/\/arsenal24.pl\/?s={search_term_string}"},"query-input":{"@type":"PropertyValueSpecification","valueRequired":true,"valueName":"search_term_string"}}],"inLanguage":"uk"},{"@type":"Organization","@id":"https:\/\/arsenal24.pl\/#organization","name":"\u0410\u0440\u0441\u0435\u043d\u0430\u043b - \u043c\u0430\u0433\u0430\u0437\u0438\u043d \u043f\u0440\u043e\u0444\u0435\u0441\u0456\u0439\u043d\u043e\u0457 \u0437\u0431\u0440\u043e\u0457 \u0442\u0430 \u0430\u043a\u0441\u0435\u0441\u0443\u0430\u0440\u0456\u0432","url":"https:\/\/arsenal24.pl\/","logo":{"@type":"ImageObject","inLanguage":"uk","@id":"https:\/\/arsenal24.pl\/#\/schema\/logo\/image\/","url":"https:\/\/server568771.nazwa.pl\/arse\/wp-content\/uploads\/2024\/03\/arsenal-24-logo.png","contentUrl":"https:\/\/server568771.nazwa.pl\/arse\/wp-content\/uploads\/2024\/03\/arsenal-24-logo.png","width":140,"height":140,"caption":"Arsena\u0142 - Profesjonalny sklep z broni\u0105 i akcesoriami"},"image":{"@id":"https:\/\/arsenal24.pl\/#\/schema\/logo\/image\/"},"sameAs":["https:\/\/www.facebook.com\/people\/Arsena-Sklep\/100035187290806\/?locale=pl_PL&paipv=0&eav=AfaBd4HS6M2sZy5PxVGmBIZx9hgg_97kXvqKJ8pngB-S_qRYY5xCeE23HjB7T-5FY6o&_rdr"]}]}},"_links":{"self":[{"href":"https:\/\/arsenal24.pl\/uk\/wp-json\/wp\/v2\/product\/7545","targetHints":{"allow":["GET"]}}],"collection":[{"href":"https:\/\/arsenal24.pl\/uk\/wp-json\/wp\/v2\/product"}],"about":[{"href":"https:\/\/arsenal24.pl\/uk\/wp-json\/wp\/v2\/types\/product"}],"version-history":[{"count":1,"href":"https:\/\/arsenal24.pl\/uk\/wp-json\/wp\/v2\/product\/7545\/revisions"}],"predecessor-version":[{"id":7547,"href":"https:\/\/arsenal24.pl\/uk\/wp-json\/wp\/v2\/product\/7545\/revisions\/7547"}],"wp:featuredmedia":[{"embeddable":true,"href":"https:\/\/arsenal24.pl\/uk\/wp-json\/wp\/v2\/media\/7546"}],"wp:attachment":[{"href":"https:\/\/arsenal24.pl\/uk\/wp-json\/wp\/v2\/media?parent=7545"}],"wp:term":[{"taxonomy":"brand","embeddable":true,"href":"https:\/\/arsenal24.pl\/uk\/wp-json\/wp\/v2\/etheme_brands?post=7545"},{"taxonomy":"product_brand","embeddable":true,"href":"https:\/\/arsenal24.pl\/uk\/wp-json\/wp\/v2\/product_brand?post=7545"},{"taxonomy":"product_cat","embeddable":true,"href":"https:\/\/arsenal24.pl\/uk\/wp-json\/wp\/v2\/product_cat?post=7545"},{"taxonomy":"product_tag","embeddable":true,"href":"https:\/\/arsenal24.pl\/uk\/wp-json\/wp\/v2\/product_tag?post=7545"}],"curies":[{"name":"wp","href":"https:\/\/api.w.org\/{rel}","templated":true}]}}