{"id":7526,"date":"2026-04-08T16:49:13","date_gmt":"2026-04-08T14:49:13","guid":{"rendered":"https:\/\/arsenal24.pl\/?post_type=product&#038;p=7526"},"modified":"2026-04-08T16:49:14","modified_gmt":"2026-04-08T14:49:14","slug":"karabinek-akms-pioneer-arms-corp-pac-102d-sporter-s-kal-5-56x45mm-223","status":"publish","type":"product","link":"https:\/\/arsenal24.pl\/uk\/product\/karabinek-akms-pioneer-arms-corp-pac-102d-sporter-s-kal-5-56x45mm-223\/","title":{"rendered":"Karabinek AKMS Pioneer Arms Corp PAC 102D SPORTER S &#8211; kal. 5.56x45mm \/ 223"},"content":{"rendered":"<p><strong>\u0422\u0435\u0445\u043d\u0456\u0447\u043d\u0456 \u0434\u0430\u043d\u0456:<\/strong><\/p>\n<ul>\n<li>Kaliber: 5.56x45mm \/ .223REM<\/li>\n<li>D\u0142ugo\u015b\u0107 lufy: 415 mm<\/li>\n<li>D\u0142ugo\u015b\u0107 broni: ~880 mm z kolb\u0105 roz\u0142o\u017con\u0105, 645 mm z kolb\u0105 z\u0142o\u017con\u0105<\/li>\n<li>Wysoko\u015b\u0107: ~180 mm<\/li>\n<li>Waga: 3300 g (bez magazynka)<\/li>\n<li>Urz\u0105dzenie wylotowe: standardowy os\u0142abiacz podrzutu<\/li>\n<li>Kolba: Sk\u0142adana, metalowa<\/li>\n<li>Chwyt: Polimerowy<\/li>\n<li>\u0141o\u017ce: Drewniane<\/li>\n<li>Produkcja: Pioneer Arms Corp, Polska<\/li>\n<\/ul>","protected":false},"excerpt":{"rendered":"<p>Dane techniczne: Kaliber: 5.56x45mm \/ .223REM D\u0142ugo\u015b\u0107 lufy: 415 mm D\u0142ugo\u015b\u0107 broni: ~880 mm z kolb\u0105 roz\u0142o\u017con\u0105, 645 mm z kolb\u0105 z\u0142o\u017con\u0105 Wysoko\u015b\u0107: ~180 mm&#8230;<\/p>","protected":false},"featured_media":7517,"template":"","meta":[],"etheme_brands":[{"term_id":261,"name":"Pioneer Arms Corp","slug":"pioneer-arms-corp","term_group":0,"term_taxonomy_id":261,"taxonomy":"brand","description":"","parent":0,"count":10,"filter":"raw"}],"product_brand":[262],"product_cat":[100],"product_tag":[],"class_list":{"0":"post-7526","1":"product","2":"type-product","3":"status-publish","4":"has-post-thumbnail","6":"brand-pioneer-arms-corp","7":"product_brand-pioneer-arms-corp","8":"product_cat-bron-sportowa","10":"first","11":"instock","12":"shipping-taxable","13":"purchasable","14":"product-type-simple"},"yoast_head":"<!-- This site is optimized with the Yoast SEO Premium plugin v24.0 (Yoast SEO v26.0) - https:\/\/yoast.com\/wordpress\/plugins\/seo\/ -->\n<title>Karabinek AKMS Pioneer Arms Corp PAC 102D SPORTER S - kal. 5.56x45mm \/ 223 - Arsena\u0142 - Profesjonalny sklep z broni\u0105 i akcesoriami<\/title>\n<meta name=\"robots\" content=\"index, follow, max-snippet:-1, max-image-preview:large, max-video-preview:-1\" \/>\n<link rel=\"canonical\" href=\"https:\/\/arsenal24.pl\/uk\/product\/karabinek-akms-pioneer-arms-corp-pac-102d-sporter-s-kal-5-56x45mm-223\/\" \/>\n<meta property=\"og:locale\" content=\"uk_UA\" \/>\n<meta property=\"og:type\" content=\"article\" \/>\n<meta property=\"og:title\" content=\"Karabinek AKMS Pioneer Arms Corp PAC 102D SPORTER S - kal. 5.56x45mm \/ 223\" \/>\n<meta property=\"og:description\" content=\"Dane techniczne: Kaliber: 5.56x45mm \/ .223REM D\u0142ugo\u015b\u0107 lufy: 415 mm D\u0142ugo\u015b\u0107 broni: ~880 mm z kolb\u0105 roz\u0142o\u017con\u0105, 645 mm z kolb\u0105 z\u0142o\u017con\u0105 Wysoko\u015b\u0107: ~180 mm...\" \/>\n<meta property=\"og:url\" content=\"https:\/\/arsenal24.pl\/uk\/product\/karabinek-akms-pioneer-arms-corp-pac-102d-sporter-s-kal-5-56x45mm-223\/\" \/>\n<meta property=\"og:site_name\" content=\"Arsena\u0142 - Profesjonalny sklep z broni\u0105 i akcesoriami\" \/>\n<meta property=\"article:publisher\" content=\"https:\/\/www.facebook.com\/people\/Arsena-Sklep\/100035187290806\/?locale=pl_PL&amp;paipv=0&amp;eav=AfaBd4HS6M2sZy5PxVGmBIZx9hgg_97kXvqKJ8pngB-S_qRYY5xCeE23HjB7T-5FY6o&amp;_rdr\" \/>\n<meta property=\"article:modified_time\" content=\"2026-04-08T14:49:14+00:00\" \/>\n<meta property=\"og:image\" content=\"https:\/\/arsenal24.pl\/wp-content\/uploads\/2024\/12\/karabinek-akms-pioneer-arms-corp-pac-103d-sporter-s-kal-762x39-mm.webp\" \/>\n\t<meta property=\"og:image:width\" content=\"1100\" \/>\n\t<meta property=\"og:image:height\" content=\"1100\" \/>\n\t<meta property=\"og:image:type\" content=\"image\/webp\" \/>\n<meta name=\"twitter:card\" content=\"summary_large_image\" \/>\n<meta name=\"twitter:label1\" content=\"\u041f\u0440\u0438\u0431\u043b. \u0447\u0430\u0441 \u0447\u0438\u0442\u0430\u043d\u043d\u044f\" \/>\n\t<meta name=\"twitter:data1\" content=\"1 \u0445\u0432\u0438\u043b\u0438\u043d\u0430\" \/>\n<script type=\"application\/ld+json\" class=\"yoast-schema-graph\">{\"@context\":\"https:\/\/schema.org\",\"@graph\":[{\"@type\":\"WebPage\",\"@id\":\"https:\/\/arsenal24.pl\/produkt\/karabinek-akms-pioneer-arms-corp-pac-102d-sporter-s-kal-5-56x45mm-223\/\",\"url\":\"https:\/\/arsenal24.pl\/produkt\/karabinek-akms-pioneer-arms-corp-pac-102d-sporter-s-kal-5-56x45mm-223\/\",\"name\":\"Karabinek AKMS Pioneer Arms Corp PAC 102D SPORTER S - kal. 5.56x45mm \/ 223 - Arsena\u0142 - Profesjonalny sklep z broni\u0105 i akcesoriami\",\"isPartOf\":{\"@id\":\"https:\/\/arsenal24.pl\/#website\"},\"primaryImageOfPage\":{\"@id\":\"https:\/\/arsenal24.pl\/produkt\/karabinek-akms-pioneer-arms-corp-pac-102d-sporter-s-kal-5-56x45mm-223\/#primaryimage\"},\"image\":{\"@id\":\"https:\/\/arsenal24.pl\/produkt\/karabinek-akms-pioneer-arms-corp-pac-102d-sporter-s-kal-5-56x45mm-223\/#primaryimage\"},\"thumbnailUrl\":\"https:\/\/arsenal24.pl\/wp-content\/uploads\/2024\/12\/karabinek-akms-pioneer-arms-corp-pac-103d-sporter-s-kal-762x39-mm.webp\",\"datePublished\":\"2026-04-08T14:49:13+00:00\",\"dateModified\":\"2026-04-08T14:49:14+00:00\",\"breadcrumb\":{\"@id\":\"https:\/\/arsenal24.pl\/produkt\/karabinek-akms-pioneer-arms-corp-pac-102d-sporter-s-kal-5-56x45mm-223\/#breadcrumb\"},\"inLanguage\":\"uk\",\"potentialAction\":[{\"@type\":\"ReadAction\",\"target\":[\"https:\/\/arsenal24.pl\/produkt\/karabinek-akms-pioneer-arms-corp-pac-102d-sporter-s-kal-5-56x45mm-223\/\"]}]},{\"@type\":\"ImageObject\",\"inLanguage\":\"uk\",\"@id\":\"https:\/\/arsenal24.pl\/produkt\/karabinek-akms-pioneer-arms-corp-pac-102d-sporter-s-kal-5-56x45mm-223\/#primaryimage\",\"url\":\"https:\/\/arsenal24.pl\/wp-content\/uploads\/2024\/12\/karabinek-akms-pioneer-arms-corp-pac-103d-sporter-s-kal-762x39-mm.webp\",\"contentUrl\":\"https:\/\/arsenal24.pl\/wp-content\/uploads\/2024\/12\/karabinek-akms-pioneer-arms-corp-pac-103d-sporter-s-kal-762x39-mm.webp\",\"width\":1100,\"height\":1100},{\"@type\":\"BreadcrumbList\",\"@id\":\"https:\/\/arsenal24.pl\/produkt\/karabinek-akms-pioneer-arms-corp-pac-102d-sporter-s-kal-5-56x45mm-223\/#breadcrumb\",\"itemListElement\":[{\"@type\":\"ListItem\",\"position\":1,\"name\":\"Strona g\u0142\u00f3wna\",\"item\":\"https:\/\/arsenal24.pl\/\"},{\"@type\":\"ListItem\",\"position\":2,\"name\":\"Sklep\",\"item\":\"https:\/\/arsenal24.pl\/sklep\/\"},{\"@type\":\"ListItem\",\"position\":3,\"name\":\"Karabinek AKMS Pioneer Arms Corp PAC 102D SPORTER S &#8211; kal. 5.56x45mm \/ 223\"}]},{\"@type\":\"WebSite\",\"@id\":\"https:\/\/arsenal24.pl\/#website\",\"url\":\"https:\/\/arsenal24.pl\/\",\"name\":\"Arsena\u0142 - Profesjonalny sklep z broni\u0105 i akcesoriami\",\"description\":\"\",\"publisher\":{\"@id\":\"https:\/\/arsenal24.pl\/#organization\"},\"potentialAction\":[{\"@type\":\"SearchAction\",\"target\":{\"@type\":\"EntryPoint\",\"urlTemplate\":\"https:\/\/arsenal24.pl\/?s={search_term_string}\"},\"query-input\":{\"@type\":\"PropertyValueSpecification\",\"valueRequired\":true,\"valueName\":\"search_term_string\"}}],\"inLanguage\":\"uk\"},{\"@type\":\"Organization\",\"@id\":\"https:\/\/arsenal24.pl\/#organization\",\"name\":\"Arsena\u0142 - Profesjonalny sklep z broni\u0105 i akcesoriami\",\"url\":\"https:\/\/arsenal24.pl\/\",\"logo\":{\"@type\":\"ImageObject\",\"inLanguage\":\"uk\",\"@id\":\"https:\/\/arsenal24.pl\/#\/schema\/logo\/image\/\",\"url\":\"https:\/\/server568771.nazwa.pl\/arse\/wp-content\/uploads\/2024\/03\/arsenal-24-logo.png\",\"contentUrl\":\"https:\/\/server568771.nazwa.pl\/arse\/wp-content\/uploads\/2024\/03\/arsenal-24-logo.png\",\"width\":140,\"height\":140,\"caption\":\"Arsena\u0142 - Profesjonalny sklep z broni\u0105 i akcesoriami\"},\"image\":{\"@id\":\"https:\/\/arsenal24.pl\/#\/schema\/logo\/image\/\"},\"sameAs\":[\"https:\/\/www.facebook.com\/people\/Arsena-Sklep\/100035187290806\/?locale=pl_PL&paipv=0&eav=AfaBd4HS6M2sZy5PxVGmBIZx9hgg_97kXvqKJ8pngB-S_qRYY5xCeE23HjB7T-5FY6o&_rdr\"]}]}<\/script>\n<!-- \/ Yoast SEO Premium plugin. -->","yoast_head_json":{"title":"Karabinek AKMS Pioneer Arms Corp PAC 102D SPORTER S - kal. 5.56x45mm \/ 223 - Arsena\u0142 - Profesjonalny sklep z broni\u0105 i akcesoriami","robots":{"index":"index","follow":"follow","max-snippet":"max-snippet:-1","max-image-preview":"max-image-preview:large","max-video-preview":"max-video-preview:-1"},"canonical":"https:\/\/arsenal24.pl\/uk\/product\/karabinek-akms-pioneer-arms-corp-pac-102d-sporter-s-kal-5-56x45mm-223\/","og_locale":"uk_UA","og_type":"article","og_title":"Karabinek AKMS Pioneer Arms Corp PAC 102D SPORTER S - kal. 5.56x45mm \/ 223","og_description":"Dane techniczne: Kaliber: 5.56x45mm \/ .223REM D\u0142ugo\u015b\u0107 lufy: 415 mm D\u0142ugo\u015b\u0107 broni: ~880 mm z kolb\u0105 roz\u0142o\u017con\u0105, 645 mm z kolb\u0105 z\u0142o\u017con\u0105 Wysoko\u015b\u0107: ~180 mm...","og_url":"https:\/\/arsenal24.pl\/uk\/product\/karabinek-akms-pioneer-arms-corp-pac-102d-sporter-s-kal-5-56x45mm-223\/","og_site_name":"Arsena\u0142 - Profesjonalny sklep z broni\u0105 i akcesoriami","article_publisher":"https:\/\/www.facebook.com\/people\/Arsena-Sklep\/100035187290806\/?locale=pl_PL&paipv=0&eav=AfaBd4HS6M2sZy5PxVGmBIZx9hgg_97kXvqKJ8pngB-S_qRYY5xCeE23HjB7T-5FY6o&_rdr","article_modified_time":"2026-04-08T14:49:14+00:00","og_image":[{"width":1100,"height":1100,"url":"https:\/\/arsenal24.pl\/wp-content\/uploads\/2024\/12\/karabinek-akms-pioneer-arms-corp-pac-103d-sporter-s-kal-762x39-mm.webp","type":"image\/webp"}],"twitter_card":"summary_large_image","twitter_misc":{"\u041f\u0440\u0438\u0431\u043b. \u0447\u0430\u0441 \u0447\u0438\u0442\u0430\u043d\u043d\u044f":"1 \u0445\u0432\u0438\u043b\u0438\u043d\u0430"},"schema":{"@context":"https:\/\/schema.org","@graph":[{"@type":"WebPage","@id":"https:\/\/arsenal24.pl\/produkt\/karabinek-akms-pioneer-arms-corp-pac-102d-sporter-s-kal-5-56x45mm-223\/","url":"https:\/\/arsenal24.pl\/produkt\/karabinek-akms-pioneer-arms-corp-pac-102d-sporter-s-kal-5-56x45mm-223\/","name":"Karabinek AKMS Pioneer Arms Corp PAC 102D SPORTER S - kal. 5.56x45mm \/ 223 - Arsena\u0142 - Profesjonalny sklep z broni\u0105 i akcesoriami","isPartOf":{"@id":"https:\/\/arsenal24.pl\/#website"},"primaryImageOfPage":{"@id":"https:\/\/arsenal24.pl\/produkt\/karabinek-akms-pioneer-arms-corp-pac-102d-sporter-s-kal-5-56x45mm-223\/#primaryimage"},"image":{"@id":"https:\/\/arsenal24.pl\/produkt\/karabinek-akms-pioneer-arms-corp-pac-102d-sporter-s-kal-5-56x45mm-223\/#primaryimage"},"thumbnailUrl":"https:\/\/arsenal24.pl\/wp-content\/uploads\/2024\/12\/karabinek-akms-pioneer-arms-corp-pac-103d-sporter-s-kal-762x39-mm.webp","datePublished":"2026-04-08T14:49:13+00:00","dateModified":"2026-04-08T14:49:14+00:00","breadcrumb":{"@id":"https:\/\/arsenal24.pl\/produkt\/karabinek-akms-pioneer-arms-corp-pac-102d-sporter-s-kal-5-56x45mm-223\/#breadcrumb"},"inLanguage":"uk","potentialAction":[{"@type":"ReadAction","target":["https:\/\/arsenal24.pl\/produkt\/karabinek-akms-pioneer-arms-corp-pac-102d-sporter-s-kal-5-56x45mm-223\/"]}]},{"@type":"ImageObject","inLanguage":"uk","@id":"https:\/\/arsenal24.pl\/produkt\/karabinek-akms-pioneer-arms-corp-pac-102d-sporter-s-kal-5-56x45mm-223\/#primaryimage","url":"https:\/\/arsenal24.pl\/wp-content\/uploads\/2024\/12\/karabinek-akms-pioneer-arms-corp-pac-103d-sporter-s-kal-762x39-mm.webp","contentUrl":"https:\/\/arsenal24.pl\/wp-content\/uploads\/2024\/12\/karabinek-akms-pioneer-arms-corp-pac-103d-sporter-s-kal-762x39-mm.webp","width":1100,"height":1100},{"@type":"BreadcrumbList","@id":"https:\/\/arsenal24.pl\/produkt\/karabinek-akms-pioneer-arms-corp-pac-102d-sporter-s-kal-5-56x45mm-223\/#breadcrumb","itemListElement":[{"@type":"ListItem","position":1,"name":"Strona g\u0142\u00f3wna","item":"https:\/\/arsenal24.pl\/"},{"@type":"ListItem","position":2,"name":"Sklep","item":"https:\/\/arsenal24.pl\/sklep\/"},{"@type":"ListItem","position":3,"name":"Karabinek AKMS Pioneer Arms Corp PAC 102D SPORTER S &#8211; kal. 5.56x45mm \/ 223"}]},{"@type":"WebSite","@id":"https:\/\/arsenal24.pl\/#website","url":"https:\/\/arsenal24.pl\/","name":"\u0410\u0440\u0441\u0435\u043d\u0430\u043b - \u043c\u0430\u0433\u0430\u0437\u0438\u043d \u043f\u0440\u043e\u0444\u0435\u0441\u0456\u0439\u043d\u043e\u0457 \u0437\u0431\u0440\u043e\u0457 \u0442\u0430 \u0430\u043a\u0441\u0435\u0441\u0443\u0430\u0440\u0456\u0432","description":"","publisher":{"@id":"https:\/\/arsenal24.pl\/#organization"},"potentialAction":[{"@type":"SearchAction","target":{"@type":"EntryPoint","urlTemplate":"https:\/\/arsenal24.pl\/?s={search_term_string}"},"query-input":{"@type":"PropertyValueSpecification","valueRequired":true,"valueName":"search_term_string"}}],"inLanguage":"uk"},{"@type":"Organization","@id":"https:\/\/arsenal24.pl\/#organization","name":"\u0410\u0440\u0441\u0435\u043d\u0430\u043b - \u043c\u0430\u0433\u0430\u0437\u0438\u043d \u043f\u0440\u043e\u0444\u0435\u0441\u0456\u0439\u043d\u043e\u0457 \u0437\u0431\u0440\u043e\u0457 \u0442\u0430 \u0430\u043a\u0441\u0435\u0441\u0443\u0430\u0440\u0456\u0432","url":"https:\/\/arsenal24.pl\/","logo":{"@type":"ImageObject","inLanguage":"uk","@id":"https:\/\/arsenal24.pl\/#\/schema\/logo\/image\/","url":"https:\/\/server568771.nazwa.pl\/arse\/wp-content\/uploads\/2024\/03\/arsenal-24-logo.png","contentUrl":"https:\/\/server568771.nazwa.pl\/arse\/wp-content\/uploads\/2024\/03\/arsenal-24-logo.png","width":140,"height":140,"caption":"Arsena\u0142 - Profesjonalny sklep z broni\u0105 i akcesoriami"},"image":{"@id":"https:\/\/arsenal24.pl\/#\/schema\/logo\/image\/"},"sameAs":["https:\/\/www.facebook.com\/people\/Arsena-Sklep\/100035187290806\/?locale=pl_PL&paipv=0&eav=AfaBd4HS6M2sZy5PxVGmBIZx9hgg_97kXvqKJ8pngB-S_qRYY5xCeE23HjB7T-5FY6o&_rdr"]}]}},"_links":{"self":[{"href":"https:\/\/arsenal24.pl\/uk\/wp-json\/wp\/v2\/product\/7526","targetHints":{"allow":["GET"]}}],"collection":[{"href":"https:\/\/arsenal24.pl\/uk\/wp-json\/wp\/v2\/product"}],"about":[{"href":"https:\/\/arsenal24.pl\/uk\/wp-json\/wp\/v2\/types\/product"}],"version-history":[{"count":1,"href":"https:\/\/arsenal24.pl\/uk\/wp-json\/wp\/v2\/product\/7526\/revisions"}],"predecessor-version":[{"id":7527,"href":"https:\/\/arsenal24.pl\/uk\/wp-json\/wp\/v2\/product\/7526\/revisions\/7527"}],"wp:featuredmedia":[{"embeddable":true,"href":"https:\/\/arsenal24.pl\/uk\/wp-json\/wp\/v2\/media\/7517"}],"wp:attachment":[{"href":"https:\/\/arsenal24.pl\/uk\/wp-json\/wp\/v2\/media?parent=7526"}],"wp:term":[{"taxonomy":"brand","embeddable":true,"href":"https:\/\/arsenal24.pl\/uk\/wp-json\/wp\/v2\/etheme_brands?post=7526"},{"taxonomy":"product_brand","embeddable":true,"href":"https:\/\/arsenal24.pl\/uk\/wp-json\/wp\/v2\/product_brand?post=7526"},{"taxonomy":"product_cat","embeddable":true,"href":"https:\/\/arsenal24.pl\/uk\/wp-json\/wp\/v2\/product_cat?post=7526"},{"taxonomy":"product_tag","embeddable":true,"href":"https:\/\/arsenal24.pl\/uk\/wp-json\/wp\/v2\/product_tag?post=7526"}],"curies":[{"name":"wp","href":"https:\/\/api.w.org\/{rel}","templated":true}]}}