{"id":7488,"date":"2026-04-08T14:50:31","date_gmt":"2026-04-08T12:50:31","guid":{"rendered":"https:\/\/arsenal24.pl\/?post_type=product&#038;p=7488"},"modified":"2026-04-08T14:53:34","modified_gmt":"2026-04-08T12:53:34","slug":"grand-power-q100-mk23-fde","status":"publish","type":"product","link":"https:\/\/arsenal24.pl\/uk\/product\/grand-power-q100-mk23-fde\/","title":{"rendered":"Grand Power Q100 MK23 &#8211; FDE"},"content":{"rendered":"<p>Grand Power Q100 Mk23 9mm FDE<\/p>\n<p>&nbsp;<\/p>\n<p>Q100 to bezkurkowa, pe\u0142nowymiarowa konstrukcja pistoletowa Grand Power \u2013 teraz w od\u015bwie\u017conej wersji Mk23. Wyposa\u017cony w p\u0142aski spust z bezpiecznikiem spustowym. \u00a0Posiada dwie opcje przyrz\u0105d\u00f3w celowniczych \u2013 kolimator (w zestawie 4 p\u0142ytki monta\u017cowe dla popularnych standard\u00f3w) lub mechaniczne (monta\u017c kolimatora nie wymaga demonta\u017cu szczerbiny). Wszystkie manipulatory s\u0105 obustronne, \u0142\u0105cznie z zrzutem magazynka, kt\u00f3ry jest przetykowy. Szeroka gama akcesori\u00f3w i cz\u0119\u015bci umo\u017cliwia indywidualn\u0105 konfiguracj\u0119 pistoletu (dost\u0119pne oddzielnie).<\/p>\n<p>&nbsp;<\/p>\n<p>Co szczeg\u00f3lne i charakterystyczne dla pistolet\u00f3w Grand Power \u2013 ryglowanie nast\u0119puje poprzez obr\u00f3t lufy wok\u00f3\u0142 w\u0142asnej osi, a nie przez przekoszenie, co znacz\u0105co wp\u0142ywa na zredukowanie odczuwanego podrzutu i odrzutu broni.<\/p>\n<p>&nbsp;<\/p>\n<p>R\u0119koje\u015b\u0107 wykonana jest z polimeru zbrojonego w\u0142\u00f3knem szklanym i zawiera w sobie metalowy szkielet wewn\u0119trzny, integruj\u0105c wszystkie ruchome cz\u0119\u015bci. Posiada zamek wykonany ze stali CrMoV z pow\u0142ok\u0105 QPQ oraz luf\u0119 z azotowanej stali \u2013 elementy, kt\u00f3re zdoby\u0142y ju\u017c uznanie po\u015br\u00f3d strzelc\u00f3w dzi\u0119ki swojej odporno\u015bci i d\u0142ugowieczno\u015bci, niezale\u017cnej od warunk\u00f3w atmosferycznych.<\/p>\n<p>&nbsp;<\/p>\n<p>W nowej serii pistolety Mk23 otrzyma\u0142y agresywne wyci\u0119cia na przedzie oraz tyle zamka, a tak\u017ce udoskonalon\u0105 faktur\u0119 chwytu \u2013 elementy, kt\u00f3re podnosz\u0105 nie tylko estetyk\u0119, ale r\u00f3wnie\u017c pewno\u015b\u0107 obs\u0142ugi zar\u00f3wno w r\u0119kawiczkach, jak i bez.<\/p>\n<p>&nbsp;<\/p>\n<p>Najnowsza seria pistolet\u00f3w Grand Power Mk23, w por\u00f3wnaniu do poprzedniej Mk12, wyr\u00f3\u017cnia si\u0119 nie tylko od\u015bwie\u017conym wygl\u0105dem, ale r\u00f3wnie\u017c udoskonaleniami konstrukcji. Modyfikacji uleg\u0142 spos\u00f3b ryglowania i prowadzenia lufy poprzez rezygnacj\u0119 z wewn\u0119trznego ko\u0142ka. W efekcie mechanizm jest prostszy, \u0142atwiejszy w rozk\u0142adaniu i sk\u0142adaniu oraz jeszcze bardziej bezawaryjny.<\/p>\n<p>&nbsp;<\/p>\n<p>\u0421\u043f\u0435\u0446\u0438\u0444\u0456\u043a\u0430\u0446\u0456\u044f:<\/p>\n<p>&#8211; kaliber \u2013 9x19mm;<\/p>\n<p>&#8211; mechanizm spustowo \u2013 uderzeniowy: bijnikowy, SA;<\/p>\n<p>&#8211; d\u0142ugo\u015b\u0107 ca\u0142kowita \u2013 202,1mm;<\/p>\n<p>&#8211; szeroko\u015b\u0107 \u2013 34,2mm;<\/p>\n<p>&#8211; wysoko\u015b\u0107 bez magazynka \u2013 133mm;<\/p>\n<p>&#8211; d\u0142ugo\u015b\u0107 lufy \u2013 108mm;<\/p>\n<p>&#8211; waga z pustym magazynkiem \u2013 810g;<\/p>\n<p>&#8211; waga bez magazynka \u2013 722g;<\/p>\n<p>&#8211; standardowa pojemno\u015b\u0107 magazynka \u2013 15;<\/p>\n<p>&#8211; kolor \u2013 FDE;<\/p>\n<p>&#8211; kraj pochodzenia \u2013 S\u0142owacja.<\/p>","protected":false},"excerpt":{"rendered":"<p><strong>CZ<\/strong> prezentuje now\u0105 generacj\u0119 pistoletu P09, oznaczon\u0105 jako &#8222;<strong>Nocturne<\/strong>&#8222;. Jej zamek gotowy jest do bezpo\u015bredniego monta\u017cu celownik\u00f3w kolimatorowych (bez u\u017cycia p\u0142ytek).<\/p>","protected":false},"featured_media":7489,"template":"","meta":[],"etheme_brands":[],"product_brand":[],"product_cat":[49],"product_tag":[],"class_list":{"0":"post-7488","1":"product","2":"type-product","3":"status-publish","4":"has-post-thumbnail","6":"product_cat-bron-krotka","8":"first","9":"instock","10":"shipping-taxable","11":"purchasable","12":"product-type-simple"},"yoast_head":"<!-- This site is optimized with the Yoast SEO Premium plugin v24.0 (Yoast SEO v26.0) - https:\/\/yoast.com\/wordpress\/plugins\/seo\/ -->\n<title>Pistolet CZ P-09 F Nocturne 9x19 - Arsena\u0142<\/title>\n<meta name=\"robots\" content=\"index, follow, max-snippet:-1, max-image-preview:large, max-video-preview:-1\" \/>\n<link rel=\"canonical\" href=\"https:\/\/arsenal24.pl\/uk\/product\/grand-power-q100-mk23-fde\/\" \/>\n<meta property=\"og:locale\" content=\"uk_UA\" \/>\n<meta property=\"og:type\" content=\"article\" \/>\n<meta property=\"og:title\" content=\"Grand Power Q100 MK23 - FDE\" \/>\n<meta property=\"og:description\" content=\"CZ prezentuje now\u0105 generacj\u0119 pistoletu P09, oznaczon\u0105 jako &quot;Nocturne&quot;. Jej zamek gotowy jest do bezpo\u015bredniego monta\u017cu celownik\u00f3w kolimatorowych (bez u\u017cycia p\u0142ytek).\" \/>\n<meta property=\"og:url\" content=\"https:\/\/arsenal24.pl\/uk\/product\/grand-power-q100-mk23-fde\/\" \/>\n<meta property=\"og:site_name\" content=\"Arsena\u0142 - Profesjonalny sklep z broni\u0105 i akcesoriami\" \/>\n<meta property=\"article:publisher\" content=\"https:\/\/www.facebook.com\/people\/Arsena-Sklep\/100035187290806\/?locale=pl_PL&amp;paipv=0&amp;eav=AfaBd4HS6M2sZy5PxVGmBIZx9hgg_97kXvqKJ8pngB-S_qRYY5xCeE23HjB7T-5FY6o&amp;_rdr\" \/>\n<meta property=\"article:modified_time\" content=\"2026-04-08T12:53:34+00:00\" \/>\n<meta property=\"og:image\" content=\"https:\/\/arsenal24.pl\/wp-content\/uploads\/2026\/04\/grand-power-q100-mk23-fde.jpg\" \/>\n\t<meta property=\"og:image:width\" content=\"1200\" \/>\n\t<meta property=\"og:image:height\" content=\"1200\" \/>\n\t<meta property=\"og:image:type\" content=\"image\/jpeg\" \/>\n<meta name=\"twitter:card\" content=\"summary_large_image\" \/>\n<meta name=\"twitter:label1\" content=\"\u041f\u0440\u0438\u0431\u043b. \u0447\u0430\u0441 \u0447\u0438\u0442\u0430\u043d\u043d\u044f\" \/>\n\t<meta name=\"twitter:data1\" content=\"2 \u0445\u0432\u0438\u043b\u0438\u043d\u0438\" \/>\n<script type=\"application\/ld+json\" class=\"yoast-schema-graph\">{\"@context\":\"https:\/\/schema.org\",\"@graph\":[{\"@type\":\"WebPage\",\"@id\":\"https:\/\/arsenal24.pl\/produkt\/grand-power-q100-mk23-fde\/\",\"url\":\"https:\/\/arsenal24.pl\/produkt\/grand-power-q100-mk23-fde\/\",\"name\":\"Pistolet CZ P-09 F Nocturne 9x19 - Arsena\u0142\",\"isPartOf\":{\"@id\":\"https:\/\/arsenal24.pl\/#website\"},\"primaryImageOfPage\":{\"@id\":\"https:\/\/arsenal24.pl\/produkt\/grand-power-q100-mk23-fde\/#primaryimage\"},\"image\":{\"@id\":\"https:\/\/arsenal24.pl\/produkt\/grand-power-q100-mk23-fde\/#primaryimage\"},\"thumbnailUrl\":\"https:\/\/arsenal24.pl\/wp-content\/uploads\/2026\/04\/grand-power-q100-mk23-fde.jpg\",\"datePublished\":\"2026-04-08T12:50:31+00:00\",\"dateModified\":\"2026-04-08T12:53:34+00:00\",\"breadcrumb\":{\"@id\":\"https:\/\/arsenal24.pl\/produkt\/grand-power-q100-mk23-fde\/#breadcrumb\"},\"inLanguage\":\"uk\",\"potentialAction\":[{\"@type\":\"ReadAction\",\"target\":[\"https:\/\/arsenal24.pl\/produkt\/grand-power-q100-mk23-fde\/\"]}]},{\"@type\":\"ImageObject\",\"inLanguage\":\"uk\",\"@id\":\"https:\/\/arsenal24.pl\/produkt\/grand-power-q100-mk23-fde\/#primaryimage\",\"url\":\"https:\/\/arsenal24.pl\/wp-content\/uploads\/2026\/04\/grand-power-q100-mk23-fde.jpg\",\"contentUrl\":\"https:\/\/arsenal24.pl\/wp-content\/uploads\/2026\/04\/grand-power-q100-mk23-fde.jpg\",\"width\":1200,\"height\":1200},{\"@type\":\"BreadcrumbList\",\"@id\":\"https:\/\/arsenal24.pl\/produkt\/grand-power-q100-mk23-fde\/#breadcrumb\",\"itemListElement\":[{\"@type\":\"ListItem\",\"position\":1,\"name\":\"Strona g\u0142\u00f3wna\",\"item\":\"https:\/\/arsenal24.pl\/\"},{\"@type\":\"ListItem\",\"position\":2,\"name\":\"Sklep\",\"item\":\"https:\/\/arsenal24.pl\/sklep\/\"},{\"@type\":\"ListItem\",\"position\":3,\"name\":\"Grand Power Q100 MK23 &#8211; FDE\"}]},{\"@type\":\"WebSite\",\"@id\":\"https:\/\/arsenal24.pl\/#website\",\"url\":\"https:\/\/arsenal24.pl\/\",\"name\":\"Arsena\u0142 - Profesjonalny sklep z broni\u0105 i akcesoriami\",\"description\":\"\",\"publisher\":{\"@id\":\"https:\/\/arsenal24.pl\/#organization\"},\"potentialAction\":[{\"@type\":\"SearchAction\",\"target\":{\"@type\":\"EntryPoint\",\"urlTemplate\":\"https:\/\/arsenal24.pl\/?s={search_term_string}\"},\"query-input\":{\"@type\":\"PropertyValueSpecification\",\"valueRequired\":true,\"valueName\":\"search_term_string\"}}],\"inLanguage\":\"uk\"},{\"@type\":\"Organization\",\"@id\":\"https:\/\/arsenal24.pl\/#organization\",\"name\":\"Arsena\u0142 - Profesjonalny sklep z broni\u0105 i akcesoriami\",\"url\":\"https:\/\/arsenal24.pl\/\",\"logo\":{\"@type\":\"ImageObject\",\"inLanguage\":\"uk\",\"@id\":\"https:\/\/arsenal24.pl\/#\/schema\/logo\/image\/\",\"url\":\"https:\/\/server568771.nazwa.pl\/arse\/wp-content\/uploads\/2024\/03\/arsenal-24-logo.png\",\"contentUrl\":\"https:\/\/server568771.nazwa.pl\/arse\/wp-content\/uploads\/2024\/03\/arsenal-24-logo.png\",\"width\":140,\"height\":140,\"caption\":\"Arsena\u0142 - Profesjonalny sklep z broni\u0105 i akcesoriami\"},\"image\":{\"@id\":\"https:\/\/arsenal24.pl\/#\/schema\/logo\/image\/\"},\"sameAs\":[\"https:\/\/www.facebook.com\/people\/Arsena-Sklep\/100035187290806\/?locale=pl_PL&paipv=0&eav=AfaBd4HS6M2sZy5PxVGmBIZx9hgg_97kXvqKJ8pngB-S_qRYY5xCeE23HjB7T-5FY6o&_rdr\"]}]}<\/script>\n<!-- \/ Yoast SEO Premium plugin. -->","yoast_head_json":{"title":"Pistolet CZ P-09 F Nocturne 9x19 - Arsena\u0142","robots":{"index":"index","follow":"follow","max-snippet":"max-snippet:-1","max-image-preview":"max-image-preview:large","max-video-preview":"max-video-preview:-1"},"canonical":"https:\/\/arsenal24.pl\/uk\/product\/grand-power-q100-mk23-fde\/","og_locale":"uk_UA","og_type":"article","og_title":"Grand Power Q100 MK23 - FDE","og_description":"CZ prezentuje now\u0105 generacj\u0119 pistoletu P09, oznaczon\u0105 jako \"Nocturne\". Jej zamek gotowy jest do bezpo\u015bredniego monta\u017cu celownik\u00f3w kolimatorowych (bez u\u017cycia p\u0142ytek).","og_url":"https:\/\/arsenal24.pl\/uk\/product\/grand-power-q100-mk23-fde\/","og_site_name":"Arsena\u0142 - Profesjonalny sklep z broni\u0105 i akcesoriami","article_publisher":"https:\/\/www.facebook.com\/people\/Arsena-Sklep\/100035187290806\/?locale=pl_PL&paipv=0&eav=AfaBd4HS6M2sZy5PxVGmBIZx9hgg_97kXvqKJ8pngB-S_qRYY5xCeE23HjB7T-5FY6o&_rdr","article_modified_time":"2026-04-08T12:53:34+00:00","og_image":[{"width":1200,"height":1200,"url":"https:\/\/arsenal24.pl\/wp-content\/uploads\/2026\/04\/grand-power-q100-mk23-fde.jpg","type":"image\/jpeg"}],"twitter_card":"summary_large_image","twitter_misc":{"\u041f\u0440\u0438\u0431\u043b. \u0447\u0430\u0441 \u0447\u0438\u0442\u0430\u043d\u043d\u044f":"2 \u0445\u0432\u0438\u043b\u0438\u043d\u0438"},"schema":{"@context":"https:\/\/schema.org","@graph":[{"@type":"WebPage","@id":"https:\/\/arsenal24.pl\/produkt\/grand-power-q100-mk23-fde\/","url":"https:\/\/arsenal24.pl\/produkt\/grand-power-q100-mk23-fde\/","name":"Pistolet CZ P-09 F Nocturne 9x19 - Arsena\u0142","isPartOf":{"@id":"https:\/\/arsenal24.pl\/#website"},"primaryImageOfPage":{"@id":"https:\/\/arsenal24.pl\/produkt\/grand-power-q100-mk23-fde\/#primaryimage"},"image":{"@id":"https:\/\/arsenal24.pl\/produkt\/grand-power-q100-mk23-fde\/#primaryimage"},"thumbnailUrl":"https:\/\/arsenal24.pl\/wp-content\/uploads\/2026\/04\/grand-power-q100-mk23-fde.jpg","datePublished":"2026-04-08T12:50:31+00:00","dateModified":"2026-04-08T12:53:34+00:00","breadcrumb":{"@id":"https:\/\/arsenal24.pl\/produkt\/grand-power-q100-mk23-fde\/#breadcrumb"},"inLanguage":"uk","potentialAction":[{"@type":"ReadAction","target":["https:\/\/arsenal24.pl\/produkt\/grand-power-q100-mk23-fde\/"]}]},{"@type":"ImageObject","inLanguage":"uk","@id":"https:\/\/arsenal24.pl\/produkt\/grand-power-q100-mk23-fde\/#primaryimage","url":"https:\/\/arsenal24.pl\/wp-content\/uploads\/2026\/04\/grand-power-q100-mk23-fde.jpg","contentUrl":"https:\/\/arsenal24.pl\/wp-content\/uploads\/2026\/04\/grand-power-q100-mk23-fde.jpg","width":1200,"height":1200},{"@type":"BreadcrumbList","@id":"https:\/\/arsenal24.pl\/produkt\/grand-power-q100-mk23-fde\/#breadcrumb","itemListElement":[{"@type":"ListItem","position":1,"name":"Strona g\u0142\u00f3wna","item":"https:\/\/arsenal24.pl\/"},{"@type":"ListItem","position":2,"name":"Sklep","item":"https:\/\/arsenal24.pl\/sklep\/"},{"@type":"ListItem","position":3,"name":"Grand Power Q100 MK23 &#8211; FDE"}]},{"@type":"WebSite","@id":"https:\/\/arsenal24.pl\/#website","url":"https:\/\/arsenal24.pl\/","name":"\u0410\u0440\u0441\u0435\u043d\u0430\u043b - \u043c\u0430\u0433\u0430\u0437\u0438\u043d \u043f\u0440\u043e\u0444\u0435\u0441\u0456\u0439\u043d\u043e\u0457 \u0437\u0431\u0440\u043e\u0457 \u0442\u0430 \u0430\u043a\u0441\u0435\u0441\u0443\u0430\u0440\u0456\u0432","description":"","publisher":{"@id":"https:\/\/arsenal24.pl\/#organization"},"potentialAction":[{"@type":"SearchAction","target":{"@type":"EntryPoint","urlTemplate":"https:\/\/arsenal24.pl\/?s={search_term_string}"},"query-input":{"@type":"PropertyValueSpecification","valueRequired":true,"valueName":"search_term_string"}}],"inLanguage":"uk"},{"@type":"Organization","@id":"https:\/\/arsenal24.pl\/#organization","name":"\u0410\u0440\u0441\u0435\u043d\u0430\u043b - \u043c\u0430\u0433\u0430\u0437\u0438\u043d \u043f\u0440\u043e\u0444\u0435\u0441\u0456\u0439\u043d\u043e\u0457 \u0437\u0431\u0440\u043e\u0457 \u0442\u0430 \u0430\u043a\u0441\u0435\u0441\u0443\u0430\u0440\u0456\u0432","url":"https:\/\/arsenal24.pl\/","logo":{"@type":"ImageObject","inLanguage":"uk","@id":"https:\/\/arsenal24.pl\/#\/schema\/logo\/image\/","url":"https:\/\/server568771.nazwa.pl\/arse\/wp-content\/uploads\/2024\/03\/arsenal-24-logo.png","contentUrl":"https:\/\/server568771.nazwa.pl\/arse\/wp-content\/uploads\/2024\/03\/arsenal-24-logo.png","width":140,"height":140,"caption":"Arsena\u0142 - Profesjonalny sklep z broni\u0105 i akcesoriami"},"image":{"@id":"https:\/\/arsenal24.pl\/#\/schema\/logo\/image\/"},"sameAs":["https:\/\/www.facebook.com\/people\/Arsena-Sklep\/100035187290806\/?locale=pl_PL&paipv=0&eav=AfaBd4HS6M2sZy5PxVGmBIZx9hgg_97kXvqKJ8pngB-S_qRYY5xCeE23HjB7T-5FY6o&_rdr"]}]}},"_links":{"self":[{"href":"https:\/\/arsenal24.pl\/uk\/wp-json\/wp\/v2\/product\/7488","targetHints":{"allow":["GET"]}}],"collection":[{"href":"https:\/\/arsenal24.pl\/uk\/wp-json\/wp\/v2\/product"}],"about":[{"href":"https:\/\/arsenal24.pl\/uk\/wp-json\/wp\/v2\/types\/product"}],"version-history":[{"count":1,"href":"https:\/\/arsenal24.pl\/uk\/wp-json\/wp\/v2\/product\/7488\/revisions"}],"predecessor-version":[{"id":7491,"href":"https:\/\/arsenal24.pl\/uk\/wp-json\/wp\/v2\/product\/7488\/revisions\/7491"}],"wp:featuredmedia":[{"embeddable":true,"href":"https:\/\/arsenal24.pl\/uk\/wp-json\/wp\/v2\/media\/7489"}],"wp:attachment":[{"href":"https:\/\/arsenal24.pl\/uk\/wp-json\/wp\/v2\/media?parent=7488"}],"wp:term":[{"taxonomy":"brand","embeddable":true,"href":"https:\/\/arsenal24.pl\/uk\/wp-json\/wp\/v2\/etheme_brands?post=7488"},{"taxonomy":"product_brand","embeddable":true,"href":"https:\/\/arsenal24.pl\/uk\/wp-json\/wp\/v2\/product_brand?post=7488"},{"taxonomy":"product_cat","embeddable":true,"href":"https:\/\/arsenal24.pl\/uk\/wp-json\/wp\/v2\/product_cat?post=7488"},{"taxonomy":"product_tag","embeddable":true,"href":"https:\/\/arsenal24.pl\/uk\/wp-json\/wp\/v2\/product_tag?post=7488"}],"curies":[{"name":"wp","href":"https:\/\/api.w.org\/{rel}","templated":true}]}}