{"id":7366,"date":"2026-01-21T15:02:33","date_gmt":"2026-01-21T14:02:33","guid":{"rendered":"https:\/\/arsenal24.pl\/?post_type=product&#038;p=7366"},"modified":"2026-01-21T15:05:15","modified_gmt":"2026-01-21T14:05:15","slug":"ruger-rxm-4-or-grey","status":"publish","type":"product","link":"https:\/\/arsenal24.pl\/uk\/product\/ruger-rxm-4-or-grey\/","title":{"rendered":"Ruger RXM 4 OR Grey"},"content":{"rendered":"<p>RUGER RXM 4\u201d OR &#8211; GREY &#8211; 19400<\/p>\n<p>&nbsp;<\/p>\n<p>Ruger RXM\u00a0to pistolet stworzony we wsp\u00f3\u0142pracy z firm\u0105 Magpul \u2013 jednym z najbardziej rozpoznawalnych producent\u00f3w akcesori\u00f3w strzeleckich na \u015bwiecie. Po\u0142\u0105czenie do\u015bwiadczenia Rugera w projektowaniu niezawodnej broni z wiedz\u0105 Magpula w zakresie ergonomii, chwyt\u00f3w i nowoczesnych rozwi\u0105za\u0144 u\u017cytkowych zaowocowa\u0142o konstrukcj\u0105, kt\u00f3ra od pocz\u0105tku zosta\u0142a pomy\u015blana jako kompletna, praktyczna platforma do intensywnego u\u017cytkowania.<\/p>\n<p>&nbsp;<\/p>\n<p>Konstrukcja RXM odzwierciedla filozofi\u0119 Magpul:\u00a0prosta, wytrzyma\u0142a, funkcjonalna. Zastosowano tu dopracowan\u0105 ergonomi\u0119 chwytu, przemy\u015blane teksturowanie zapewniaj\u0105ce pewny uchwyt w r\u00f3\u017cnych warunkach.<\/p>\n<p>Dzi\u0119ki tej wsp\u00f3\u0142pracy RXM oferuje rozwi\u0105zania, kt\u00f3re wielu strzelc\u00f3w zwykle uzyskuje dopiero po wymianie fabrycznych element\u00f3w na akcesoryjne \u2013 tutaj dostajesz je ju\u017c\u00a0w standardzie, prosto z pude\u0142ka. To pistolet zaprojektowany z my\u015bl\u0105 o nowoczesnym strzelcu: gotowy do pracy, \u0142atwy w personalizacji i stworzony do tego, by naprawd\u0119 z niego korzysta\u0107, a nie tylko go posiada\u0107.<\/p>\n<p>&nbsp;<\/p>\n<p>Najwa\u017cniejsze cechy:<\/p>\n<ul>\n<li>Wyjmowana wk\u0142adka zesp\u00f3\u0142u spustowego (FCI) z numerami seryjnymi umo\u017cliwia szybk\u0105 i \u0142atw\u0105 wymian\u0119 chwytu dost\u0119pnego z szerokiej palety Magpul (Enhanced Handgun Grip). Wykonana zosta\u0142a ze stali nierdzewnej i zapewnia indywidualne dopasowanie do d\u0142oni strzelca.<\/li>\n<li>Pe\u0142na kompatybilno\u015b\u0107 z wi\u0119kszo\u015bci\u0105 akcesori\u00f3w oraz kabur zaprojektowanych do pistolet\u00f3w Glock Generacji 3.<\/li>\n<li>Chwyt (szkielet) Magpul EHG oferuje rozwi\u0105zania klasy premium, w tym agresywn\u0105 tekstur\u0119 TSP zapewniaj\u0105c\u0105 pewny chwyt bez dyskomfortu lub uszkodzenia odzie\u017cy podczas skrytego noszenia broni.<\/li>\n<li>Opr\u00f3cz powy\u017cszych chwyt EHG oferuje: niskoprofilowy, rozszerzaj\u0105cy si\u0119 wlot magazynka umo\u017cliwiaj\u0105cy szybkie i \u0142atwe podpi\u0119cie magazynka; podci\u0119ty i wyprofilowany kab\u0142\u0105k spustu; wyci\u0119cie przy zwalniaczu magazynka zapewniaj\u0105ce \u0142atwy dost\u0119p; uniwersaln\u0105 doln\u0105 szyn\u0119 na akcesoria typu latarki lub lasery.<\/li>\n<li>Zamek umo\u017cliwia bezpo\u015bredni monta\u017c kolimator\u00f3w z \u201efootprintem\u201d RMR, Delta Point Pro (DPP) i RMSc. Podniesione stalowe przyrz\u0105dy celownicze co-witness wyposa\u017cone s\u0105 w trytow\u0105 muszk\u0119.<\/li>\n<li>P\u0142ynnie dzia\u0142aj\u0105cy p\u0142aski j\u0119zyk spustowy z wyczuwalnym taktycznym resetem.<\/li>\n<li>Lufa wykonana ze stali stopowej i poddana obr\u00f3bce azotkiem FNC (Nitrokarburizacja ferrytyczna) Dodatkowa obr\u00f3bka zapewnia wi\u0119ksz\u0105 odporno\u015b\u0107 na korozj\u0119 oraz zadrapania.<\/li>\n<li>Wyd\u0142u\u017cony zatrzask magazynka oraz obni\u017cony zatrzask zamka.<\/li>\n<li>Dla bezpiecze\u0144stwa wyposa\u017cono RXM w zintegrowane zabezpieczenie spustu, wewn\u0119trzn\u0105 blokad\u0119 iglicy oraz otw\u00f3r inspekcyjny umo\u017cliwiaj\u0105cy kontrol\u0119 komory.<\/li>\n<li>W zestawie: Dwa magazynki (15 nabojowe) Magpul Pmag 15 GL9 oraz plastikowa walizka.<\/li>\n<\/ul>\n<p>&nbsp;<\/p>\n<p>\u0421\u043f\u0435\u0446\u0438\u0444\u0456\u043a\u0430\u0446\u0456\u044f:<\/p>\n<ul>\n<li>Model: 19400<\/li>\n<li>Kaliber: 9&#215;19<\/li>\n<li>Pojemno\u015b\u0107: 15+1<\/li>\n<li>D\u0142ugo\u015b\u0107 lufy: 4&#8243; (101,6 mm)<\/li>\n<li>Skok gwintu: 1:10&#8243; prawy<\/li>\n<li>Ilo\u015b\u0107 bruzd: 6<\/li>\n<li>Przyrz\u0105dy: Podwy\u017cszone metalowe, trytowa muszka \/ Co-Witness<\/li>\n<li>Materia\u0142 zamka: \u00a0Hartowana stal stopowa<\/li>\n<li>Materia\u0142 lufy: Stal stopowa<\/li>\n<li>Wyko\u0144czenie zamka: Czarny, azotek FNC<\/li>\n<li>Wyko\u0144czenie lufy: Czarna, azotek FNC<\/li>\n<li>Szeroko\u015b\u0107: 25,4 mm<\/li>\n<li>Waga: 658 g<\/li>\n<li>D\u0142ugo\u015b\u0107 ca\u0142kowita: 181,6 mm<\/li>\n<li>Wysoko\u015b\u0107: 134,9 mm<\/li>\n<\/ul>","protected":false},"excerpt":{"rendered":"<p><strong>CZ<\/strong> prezentuje now\u0105 generacj\u0119 pistoletu P09, oznaczon\u0105 jako &#8222;<strong>Nocturne<\/strong>&#8222;. Jej zamek gotowy jest do bezpo\u015bredniego monta\u017cu celownik\u00f3w kolimatorowych (bez u\u017cycia p\u0142ytek).<\/p>","protected":false},"featured_media":7367,"template":"","meta":[],"etheme_brands":[],"product_brand":[],"product_cat":[49],"product_tag":[],"class_list":{"0":"post-7366","1":"product","2":"type-product","3":"status-publish","4":"has-post-thumbnail","6":"product_cat-bron-krotka","8":"first","9":"instock","10":"shipping-taxable","11":"purchasable","12":"product-type-simple"},"yoast_head":"<!-- This site is optimized with the Yoast SEO Premium plugin v24.0 (Yoast SEO v26.0) - https:\/\/yoast.com\/wordpress\/plugins\/seo\/ -->\n<title>Pistolet CZ P-09 F Nocturne 9x19 - Arsena\u0142<\/title>\n<meta name=\"robots\" content=\"index, follow, max-snippet:-1, max-image-preview:large, max-video-preview:-1\" \/>\n<link rel=\"canonical\" href=\"https:\/\/arsenal24.pl\/uk\/product\/ruger-rxm-4-or-grey\/\" \/>\n<meta property=\"og:locale\" content=\"uk_UA\" \/>\n<meta property=\"og:type\" content=\"article\" \/>\n<meta property=\"og:title\" content=\"Ruger RXM 4 OR Grey\" \/>\n<meta property=\"og:description\" content=\"CZ prezentuje now\u0105 generacj\u0119 pistoletu P09, oznaczon\u0105 jako &quot;Nocturne&quot;. Jej zamek gotowy jest do bezpo\u015bredniego monta\u017cu celownik\u00f3w kolimatorowych (bez u\u017cycia p\u0142ytek).\" \/>\n<meta property=\"og:url\" content=\"https:\/\/arsenal24.pl\/uk\/product\/ruger-rxm-4-or-grey\/\" \/>\n<meta property=\"og:site_name\" content=\"Arsena\u0142 - Profesjonalny sklep z broni\u0105 i akcesoriami\" \/>\n<meta property=\"article:publisher\" content=\"https:\/\/www.facebook.com\/people\/Arsena-Sklep\/100035187290806\/?locale=pl_PL&amp;paipv=0&amp;eav=AfaBd4HS6M2sZy5PxVGmBIZx9hgg_97kXvqKJ8pngB-S_qRYY5xCeE23HjB7T-5FY6o&amp;_rdr\" \/>\n<meta property=\"article:modified_time\" content=\"2026-01-21T14:05:15+00:00\" \/>\n<meta property=\"og:image\" content=\"https:\/\/arsenal24.pl\/wp-content\/uploads\/2026\/01\/ruger-rxm-4-or-grey-19400.jpg\" \/>\n\t<meta property=\"og:image:width\" content=\"1200\" \/>\n\t<meta property=\"og:image:height\" content=\"1200\" \/>\n\t<meta property=\"og:image:type\" content=\"image\/jpeg\" \/>\n<meta name=\"twitter:card\" content=\"summary_large_image\" \/>\n<meta name=\"twitter:label1\" content=\"\u041f\u0440\u0438\u0431\u043b. \u0447\u0430\u0441 \u0447\u0438\u0442\u0430\u043d\u043d\u044f\" \/>\n\t<meta name=\"twitter:data1\" content=\"3 \u0445\u0432\u0438\u043b\u0438\u043d\u0438\" \/>\n<script type=\"application\/ld+json\" class=\"yoast-schema-graph\">{\"@context\":\"https:\/\/schema.org\",\"@graph\":[{\"@type\":\"WebPage\",\"@id\":\"https:\/\/arsenal24.pl\/produkt\/ruger-rxm-4-or-grey\/\",\"url\":\"https:\/\/arsenal24.pl\/produkt\/ruger-rxm-4-or-grey\/\",\"name\":\"Pistolet CZ P-09 F Nocturne 9x19 - Arsena\u0142\",\"isPartOf\":{\"@id\":\"https:\/\/arsenal24.pl\/#website\"},\"primaryImageOfPage\":{\"@id\":\"https:\/\/arsenal24.pl\/produkt\/ruger-rxm-4-or-grey\/#primaryimage\"},\"image\":{\"@id\":\"https:\/\/arsenal24.pl\/produkt\/ruger-rxm-4-or-grey\/#primaryimage\"},\"thumbnailUrl\":\"https:\/\/arsenal24.pl\/wp-content\/uploads\/2026\/01\/ruger-rxm-4-or-grey-19400.jpg\",\"datePublished\":\"2026-01-21T14:02:33+00:00\",\"dateModified\":\"2026-01-21T14:05:15+00:00\",\"breadcrumb\":{\"@id\":\"https:\/\/arsenal24.pl\/produkt\/ruger-rxm-4-or-grey\/#breadcrumb\"},\"inLanguage\":\"uk\",\"potentialAction\":[{\"@type\":\"ReadAction\",\"target\":[\"https:\/\/arsenal24.pl\/produkt\/ruger-rxm-4-or-grey\/\"]}]},{\"@type\":\"ImageObject\",\"inLanguage\":\"uk\",\"@id\":\"https:\/\/arsenal24.pl\/produkt\/ruger-rxm-4-or-grey\/#primaryimage\",\"url\":\"https:\/\/arsenal24.pl\/wp-content\/uploads\/2026\/01\/ruger-rxm-4-or-grey-19400.jpg\",\"contentUrl\":\"https:\/\/arsenal24.pl\/wp-content\/uploads\/2026\/01\/ruger-rxm-4-or-grey-19400.jpg\",\"width\":1200,\"height\":1200},{\"@type\":\"BreadcrumbList\",\"@id\":\"https:\/\/arsenal24.pl\/produkt\/ruger-rxm-4-or-grey\/#breadcrumb\",\"itemListElement\":[{\"@type\":\"ListItem\",\"position\":1,\"name\":\"Strona g\u0142\u00f3wna\",\"item\":\"https:\/\/arsenal24.pl\/\"},{\"@type\":\"ListItem\",\"position\":2,\"name\":\"Sklep\",\"item\":\"https:\/\/arsenal24.pl\/sklep\/\"},{\"@type\":\"ListItem\",\"position\":3,\"name\":\"Ruger RXM 4 OR Grey\"}]},{\"@type\":\"WebSite\",\"@id\":\"https:\/\/arsenal24.pl\/#website\",\"url\":\"https:\/\/arsenal24.pl\/\",\"name\":\"Arsena\u0142 - Profesjonalny sklep z broni\u0105 i akcesoriami\",\"description\":\"\",\"publisher\":{\"@id\":\"https:\/\/arsenal24.pl\/#organization\"},\"potentialAction\":[{\"@type\":\"SearchAction\",\"target\":{\"@type\":\"EntryPoint\",\"urlTemplate\":\"https:\/\/arsenal24.pl\/?s={search_term_string}\"},\"query-input\":{\"@type\":\"PropertyValueSpecification\",\"valueRequired\":true,\"valueName\":\"search_term_string\"}}],\"inLanguage\":\"uk\"},{\"@type\":\"Organization\",\"@id\":\"https:\/\/arsenal24.pl\/#organization\",\"name\":\"Arsena\u0142 - Profesjonalny sklep z broni\u0105 i akcesoriami\",\"url\":\"https:\/\/arsenal24.pl\/\",\"logo\":{\"@type\":\"ImageObject\",\"inLanguage\":\"uk\",\"@id\":\"https:\/\/arsenal24.pl\/#\/schema\/logo\/image\/\",\"url\":\"https:\/\/server568771.nazwa.pl\/arse\/wp-content\/uploads\/2024\/03\/arsenal-24-logo.png\",\"contentUrl\":\"https:\/\/server568771.nazwa.pl\/arse\/wp-content\/uploads\/2024\/03\/arsenal-24-logo.png\",\"width\":140,\"height\":140,\"caption\":\"Arsena\u0142 - Profesjonalny sklep z broni\u0105 i akcesoriami\"},\"image\":{\"@id\":\"https:\/\/arsenal24.pl\/#\/schema\/logo\/image\/\"},\"sameAs\":[\"https:\/\/www.facebook.com\/people\/Arsena-Sklep\/100035187290806\/?locale=pl_PL&paipv=0&eav=AfaBd4HS6M2sZy5PxVGmBIZx9hgg_97kXvqKJ8pngB-S_qRYY5xCeE23HjB7T-5FY6o&_rdr\"]}]}<\/script>\n<!-- \/ Yoast SEO Premium plugin. -->","yoast_head_json":{"title":"Pistolet CZ P-09 F Nocturne 9x19 - Arsena\u0142","robots":{"index":"index","follow":"follow","max-snippet":"max-snippet:-1","max-image-preview":"max-image-preview:large","max-video-preview":"max-video-preview:-1"},"canonical":"https:\/\/arsenal24.pl\/uk\/product\/ruger-rxm-4-or-grey\/","og_locale":"uk_UA","og_type":"article","og_title":"Ruger RXM 4 OR Grey","og_description":"CZ prezentuje now\u0105 generacj\u0119 pistoletu P09, oznaczon\u0105 jako \"Nocturne\". Jej zamek gotowy jest do bezpo\u015bredniego monta\u017cu celownik\u00f3w kolimatorowych (bez u\u017cycia p\u0142ytek).","og_url":"https:\/\/arsenal24.pl\/uk\/product\/ruger-rxm-4-or-grey\/","og_site_name":"Arsena\u0142 - Profesjonalny sklep z broni\u0105 i akcesoriami","article_publisher":"https:\/\/www.facebook.com\/people\/Arsena-Sklep\/100035187290806\/?locale=pl_PL&paipv=0&eav=AfaBd4HS6M2sZy5PxVGmBIZx9hgg_97kXvqKJ8pngB-S_qRYY5xCeE23HjB7T-5FY6o&_rdr","article_modified_time":"2026-01-21T14:05:15+00:00","og_image":[{"width":1200,"height":1200,"url":"https:\/\/arsenal24.pl\/wp-content\/uploads\/2026\/01\/ruger-rxm-4-or-grey-19400.jpg","type":"image\/jpeg"}],"twitter_card":"summary_large_image","twitter_misc":{"\u041f\u0440\u0438\u0431\u043b. \u0447\u0430\u0441 \u0447\u0438\u0442\u0430\u043d\u043d\u044f":"3 \u0445\u0432\u0438\u043b\u0438\u043d\u0438"},"schema":{"@context":"https:\/\/schema.org","@graph":[{"@type":"WebPage","@id":"https:\/\/arsenal24.pl\/produkt\/ruger-rxm-4-or-grey\/","url":"https:\/\/arsenal24.pl\/produkt\/ruger-rxm-4-or-grey\/","name":"Pistolet CZ P-09 F Nocturne 9x19 - Arsena\u0142","isPartOf":{"@id":"https:\/\/arsenal24.pl\/#website"},"primaryImageOfPage":{"@id":"https:\/\/arsenal24.pl\/produkt\/ruger-rxm-4-or-grey\/#primaryimage"},"image":{"@id":"https:\/\/arsenal24.pl\/produkt\/ruger-rxm-4-or-grey\/#primaryimage"},"thumbnailUrl":"https:\/\/arsenal24.pl\/wp-content\/uploads\/2026\/01\/ruger-rxm-4-or-grey-19400.jpg","datePublished":"2026-01-21T14:02:33+00:00","dateModified":"2026-01-21T14:05:15+00:00","breadcrumb":{"@id":"https:\/\/arsenal24.pl\/produkt\/ruger-rxm-4-or-grey\/#breadcrumb"},"inLanguage":"uk","potentialAction":[{"@type":"ReadAction","target":["https:\/\/arsenal24.pl\/produkt\/ruger-rxm-4-or-grey\/"]}]},{"@type":"ImageObject","inLanguage":"uk","@id":"https:\/\/arsenal24.pl\/produkt\/ruger-rxm-4-or-grey\/#primaryimage","url":"https:\/\/arsenal24.pl\/wp-content\/uploads\/2026\/01\/ruger-rxm-4-or-grey-19400.jpg","contentUrl":"https:\/\/arsenal24.pl\/wp-content\/uploads\/2026\/01\/ruger-rxm-4-or-grey-19400.jpg","width":1200,"height":1200},{"@type":"BreadcrumbList","@id":"https:\/\/arsenal24.pl\/produkt\/ruger-rxm-4-or-grey\/#breadcrumb","itemListElement":[{"@type":"ListItem","position":1,"name":"Strona g\u0142\u00f3wna","item":"https:\/\/arsenal24.pl\/"},{"@type":"ListItem","position":2,"name":"Sklep","item":"https:\/\/arsenal24.pl\/sklep\/"},{"@type":"ListItem","position":3,"name":"Ruger RXM 4 OR Grey"}]},{"@type":"WebSite","@id":"https:\/\/arsenal24.pl\/#website","url":"https:\/\/arsenal24.pl\/","name":"\u0410\u0440\u0441\u0435\u043d\u0430\u043b - \u043c\u0430\u0433\u0430\u0437\u0438\u043d \u043f\u0440\u043e\u0444\u0435\u0441\u0456\u0439\u043d\u043e\u0457 \u0437\u0431\u0440\u043e\u0457 \u0442\u0430 \u0430\u043a\u0441\u0435\u0441\u0443\u0430\u0440\u0456\u0432","description":"","publisher":{"@id":"https:\/\/arsenal24.pl\/#organization"},"potentialAction":[{"@type":"SearchAction","target":{"@type":"EntryPoint","urlTemplate":"https:\/\/arsenal24.pl\/?s={search_term_string}"},"query-input":{"@type":"PropertyValueSpecification","valueRequired":true,"valueName":"search_term_string"}}],"inLanguage":"uk"},{"@type":"Organization","@id":"https:\/\/arsenal24.pl\/#organization","name":"\u0410\u0440\u0441\u0435\u043d\u0430\u043b - \u043c\u0430\u0433\u0430\u0437\u0438\u043d \u043f\u0440\u043e\u0444\u0435\u0441\u0456\u0439\u043d\u043e\u0457 \u0437\u0431\u0440\u043e\u0457 \u0442\u0430 \u0430\u043a\u0441\u0435\u0441\u0443\u0430\u0440\u0456\u0432","url":"https:\/\/arsenal24.pl\/","logo":{"@type":"ImageObject","inLanguage":"uk","@id":"https:\/\/arsenal24.pl\/#\/schema\/logo\/image\/","url":"https:\/\/server568771.nazwa.pl\/arse\/wp-content\/uploads\/2024\/03\/arsenal-24-logo.png","contentUrl":"https:\/\/server568771.nazwa.pl\/arse\/wp-content\/uploads\/2024\/03\/arsenal-24-logo.png","width":140,"height":140,"caption":"Arsena\u0142 - Profesjonalny sklep z broni\u0105 i akcesoriami"},"image":{"@id":"https:\/\/arsenal24.pl\/#\/schema\/logo\/image\/"},"sameAs":["https:\/\/www.facebook.com\/people\/Arsena-Sklep\/100035187290806\/?locale=pl_PL&paipv=0&eav=AfaBd4HS6M2sZy5PxVGmBIZx9hgg_97kXvqKJ8pngB-S_qRYY5xCeE23HjB7T-5FY6o&_rdr"]}]}},"_links":{"self":[{"href":"https:\/\/arsenal24.pl\/uk\/wp-json\/wp\/v2\/product\/7366","targetHints":{"allow":["GET"]}}],"collection":[{"href":"https:\/\/arsenal24.pl\/uk\/wp-json\/wp\/v2\/product"}],"about":[{"href":"https:\/\/arsenal24.pl\/uk\/wp-json\/wp\/v2\/types\/product"}],"version-history":[{"count":1,"href":"https:\/\/arsenal24.pl\/uk\/wp-json\/wp\/v2\/product\/7366\/revisions"}],"predecessor-version":[{"id":7368,"href":"https:\/\/arsenal24.pl\/uk\/wp-json\/wp\/v2\/product\/7366\/revisions\/7368"}],"wp:featuredmedia":[{"embeddable":true,"href":"https:\/\/arsenal24.pl\/uk\/wp-json\/wp\/v2\/media\/7367"}],"wp:attachment":[{"href":"https:\/\/arsenal24.pl\/uk\/wp-json\/wp\/v2\/media?parent=7366"}],"wp:term":[{"taxonomy":"brand","embeddable":true,"href":"https:\/\/arsenal24.pl\/uk\/wp-json\/wp\/v2\/etheme_brands?post=7366"},{"taxonomy":"product_brand","embeddable":true,"href":"https:\/\/arsenal24.pl\/uk\/wp-json\/wp\/v2\/product_brand?post=7366"},{"taxonomy":"product_cat","embeddable":true,"href":"https:\/\/arsenal24.pl\/uk\/wp-json\/wp\/v2\/product_cat?post=7366"},{"taxonomy":"product_tag","embeddable":true,"href":"https:\/\/arsenal24.pl\/uk\/wp-json\/wp\/v2\/product_tag?post=7366"}],"curies":[{"name":"wp","href":"https:\/\/api.w.org\/{rel}","templated":true}]}}