{"id":7326,"date":"2026-01-13T14:21:51","date_gmt":"2026-01-13T13:21:51","guid":{"rendered":"https:\/\/arsenal24.pl\/?post_type=product&#038;p=7326"},"modified":"2026-01-13T14:24:49","modified_gmt":"2026-01-13T13:24:49","slug":"pistolet-cz-p-09-c-nocturne-9x19","status":"publish","type":"product","link":"https:\/\/arsenal24.pl\/uk\/product\/pistolet-cz-p-09-c-nocturne-9x19\/","title":{"rendered":"Pistolet CZ P-09 C Nocturne 9&#215;19"},"content":{"rendered":"<p><strong>Pistolet CZ P-09 C Nocturne<\/strong> w kalibrze <strong>9&#215;19 Para<\/strong> to pe\u0142nowymiarowy model stworzony przez <strong>Czesk\u0105 Zbrojovk\u0119<\/strong>, b\u0119d\u0105cy rozwini\u0119ciem popularnego modelu CZ P-09, kt\u00f3ry jest nast\u0119pc\u0105 pistoletu P-07. Firma ta ma na swoim koncie wiele udanych konstrukcji, w tym s\u0142ynny pistolet CZ-75 oraz PM Scorpion.<\/p>\n<p>&nbsp;<\/p>\n<p><strong>\u0422\u0435\u0445\u043d\u0456\u0447\u043d\u0456 \u0434\u0430\u043d\u0456:<\/strong><\/p>\n<ul>\n<li>Kaliber: 9mm Luger (9&#215;19 mm)<\/li>\n<li>D\u0142ugo\u015b\u0107 ca\u0142kowita: 185 mm<\/li>\n<li>\u0414\u043e\u0432\u0436\u0438\u043d\u0430 \u0441\u0442\u0432\u043e\u043b\u0430: 95 \u043c\u043c<\/li>\n<li>Pojemno\u015b\u0107 magazynka: 15 naboj\u00f3w<\/li>\n<li>Waga (z pustym magazynkiem): 740 g<\/li>\n<li>System spustowy: SA\/DA<\/li>\n<li>Materia\u0142 ramy: Polimer wzmocniony w\u0142\u00f3knem szklanym<\/li>\n<li>Przyrz\u0105dy celownicze:\u00a0Tryt<\/li>\n<li>Bezpiecznik: Obustronny manualny, blokada iglicy, bezpiecznik kurkowy<\/li>\n<li>Rozmiar:\u00a0Compact<\/li>\n<\/ul>","protected":false},"excerpt":{"rendered":"<p><strong>CZ<\/strong> prezentuje now\u0105 generacj\u0119 pistoletu P09, oznaczon\u0105 jako &#8222;<strong>Nocturne<\/strong>&#8222;. Jej zamek gotowy jest do bezpo\u015bredniego monta\u017cu celownik\u00f3w kolimatorowych (bez u\u017cycia p\u0142ytek).<\/p>","protected":false},"featured_media":7327,"template":"","meta":[],"etheme_brands":[],"product_brand":[],"product_cat":[49],"product_tag":[],"class_list":{"0":"post-7326","1":"product","2":"type-product","3":"status-publish","4":"has-post-thumbnail","6":"product_cat-bron-krotka","8":"first","9":"instock","10":"shipping-taxable","11":"purchasable","12":"product-type-simple"},"yoast_head":"<!-- This site is optimized with the Yoast SEO Premium plugin v24.0 (Yoast SEO v26.0) - https:\/\/yoast.com\/wordpress\/plugins\/seo\/ -->\n<title>Pistolet CZ P-09 F Nocturne 9x19 - Arsena\u0142<\/title>\n<meta name=\"robots\" content=\"index, follow, max-snippet:-1, max-image-preview:large, max-video-preview:-1\" \/>\n<link rel=\"canonical\" href=\"https:\/\/arsenal24.pl\/uk\/product\/pistolet-cz-p-09-c-nocturne-9x19\/\" \/>\n<meta property=\"og:locale\" content=\"uk_UA\" \/>\n<meta property=\"og:type\" content=\"article\" \/>\n<meta property=\"og:title\" content=\"Pistolet CZ P-09 C Nocturne 9x19\" \/>\n<meta property=\"og:description\" content=\"CZ prezentuje now\u0105 generacj\u0119 pistoletu P09, oznaczon\u0105 jako &quot;Nocturne&quot;. Jej zamek gotowy jest do bezpo\u015bredniego monta\u017cu celownik\u00f3w kolimatorowych (bez u\u017cycia p\u0142ytek).\" \/>\n<meta property=\"og:url\" content=\"https:\/\/arsenal24.pl\/uk\/product\/pistolet-cz-p-09-c-nocturne-9x19\/\" \/>\n<meta property=\"og:site_name\" content=\"Arsena\u0142 - Profesjonalny sklep z broni\u0105 i akcesoriami\" \/>\n<meta property=\"article:publisher\" content=\"https:\/\/www.facebook.com\/people\/Arsena-Sklep\/100035187290806\/?locale=pl_PL&amp;paipv=0&amp;eav=AfaBd4HS6M2sZy5PxVGmBIZx9hgg_97kXvqKJ8pngB-S_qRYY5xCeE23HjB7T-5FY6o&amp;_rdr\" \/>\n<meta property=\"article:modified_time\" content=\"2026-01-13T13:24:49+00:00\" \/>\n<meta property=\"og:image\" content=\"https:\/\/arsenal24.pl\/wp-content\/uploads\/2026\/01\/cz-p-09-c-nocturne.jpg\" \/>\n\t<meta property=\"og:image:width\" content=\"1200\" \/>\n\t<meta property=\"og:image:height\" content=\"1200\" \/>\n\t<meta property=\"og:image:type\" content=\"image\/jpeg\" \/>\n<meta name=\"twitter:card\" content=\"summary_large_image\" \/>\n<meta name=\"twitter:label1\" content=\"\u041f\u0440\u0438\u0431\u043b. \u0447\u0430\u0441 \u0447\u0438\u0442\u0430\u043d\u043d\u044f\" \/>\n\t<meta name=\"twitter:data1\" content=\"1 \u0445\u0432\u0438\u043b\u0438\u043d\u0430\" \/>\n<script type=\"application\/ld+json\" class=\"yoast-schema-graph\">{\"@context\":\"https:\/\/schema.org\",\"@graph\":[{\"@type\":\"WebPage\",\"@id\":\"https:\/\/arsenal24.pl\/produkt\/pistolet-cz-p-09-c-nocturne-9x19\/\",\"url\":\"https:\/\/arsenal24.pl\/produkt\/pistolet-cz-p-09-c-nocturne-9x19\/\",\"name\":\"Pistolet CZ P-09 F Nocturne 9x19 - Arsena\u0142\",\"isPartOf\":{\"@id\":\"https:\/\/arsenal24.pl\/#website\"},\"primaryImageOfPage\":{\"@id\":\"https:\/\/arsenal24.pl\/produkt\/pistolet-cz-p-09-c-nocturne-9x19\/#primaryimage\"},\"image\":{\"@id\":\"https:\/\/arsenal24.pl\/produkt\/pistolet-cz-p-09-c-nocturne-9x19\/#primaryimage\"},\"thumbnailUrl\":\"https:\/\/arsenal24.pl\/wp-content\/uploads\/2026\/01\/cz-p-09-c-nocturne.jpg\",\"datePublished\":\"2026-01-13T13:21:51+00:00\",\"dateModified\":\"2026-01-13T13:24:49+00:00\",\"breadcrumb\":{\"@id\":\"https:\/\/arsenal24.pl\/produkt\/pistolet-cz-p-09-c-nocturne-9x19\/#breadcrumb\"},\"inLanguage\":\"uk\",\"potentialAction\":[{\"@type\":\"ReadAction\",\"target\":[\"https:\/\/arsenal24.pl\/produkt\/pistolet-cz-p-09-c-nocturne-9x19\/\"]}]},{\"@type\":\"ImageObject\",\"inLanguage\":\"uk\",\"@id\":\"https:\/\/arsenal24.pl\/produkt\/pistolet-cz-p-09-c-nocturne-9x19\/#primaryimage\",\"url\":\"https:\/\/arsenal24.pl\/wp-content\/uploads\/2026\/01\/cz-p-09-c-nocturne.jpg\",\"contentUrl\":\"https:\/\/arsenal24.pl\/wp-content\/uploads\/2026\/01\/cz-p-09-c-nocturne.jpg\",\"width\":1200,\"height\":1200},{\"@type\":\"BreadcrumbList\",\"@id\":\"https:\/\/arsenal24.pl\/produkt\/pistolet-cz-p-09-c-nocturne-9x19\/#breadcrumb\",\"itemListElement\":[{\"@type\":\"ListItem\",\"position\":1,\"name\":\"Strona g\u0142\u00f3wna\",\"item\":\"https:\/\/arsenal24.pl\/\"},{\"@type\":\"ListItem\",\"position\":2,\"name\":\"Sklep\",\"item\":\"https:\/\/arsenal24.pl\/sklep\/\"},{\"@type\":\"ListItem\",\"position\":3,\"name\":\"Pistolet CZ P-09 C Nocturne 9&#215;19\"}]},{\"@type\":\"WebSite\",\"@id\":\"https:\/\/arsenal24.pl\/#website\",\"url\":\"https:\/\/arsenal24.pl\/\",\"name\":\"Arsena\u0142 - Profesjonalny sklep z broni\u0105 i akcesoriami\",\"description\":\"\",\"publisher\":{\"@id\":\"https:\/\/arsenal24.pl\/#organization\"},\"potentialAction\":[{\"@type\":\"SearchAction\",\"target\":{\"@type\":\"EntryPoint\",\"urlTemplate\":\"https:\/\/arsenal24.pl\/?s={search_term_string}\"},\"query-input\":{\"@type\":\"PropertyValueSpecification\",\"valueRequired\":true,\"valueName\":\"search_term_string\"}}],\"inLanguage\":\"uk\"},{\"@type\":\"Organization\",\"@id\":\"https:\/\/arsenal24.pl\/#organization\",\"name\":\"Arsena\u0142 - Profesjonalny sklep z broni\u0105 i akcesoriami\",\"url\":\"https:\/\/arsenal24.pl\/\",\"logo\":{\"@type\":\"ImageObject\",\"inLanguage\":\"uk\",\"@id\":\"https:\/\/arsenal24.pl\/#\/schema\/logo\/image\/\",\"url\":\"https:\/\/server568771.nazwa.pl\/arse\/wp-content\/uploads\/2024\/03\/arsenal-24-logo.png\",\"contentUrl\":\"https:\/\/server568771.nazwa.pl\/arse\/wp-content\/uploads\/2024\/03\/arsenal-24-logo.png\",\"width\":140,\"height\":140,\"caption\":\"Arsena\u0142 - Profesjonalny sklep z broni\u0105 i akcesoriami\"},\"image\":{\"@id\":\"https:\/\/arsenal24.pl\/#\/schema\/logo\/image\/\"},\"sameAs\":[\"https:\/\/www.facebook.com\/people\/Arsena-Sklep\/100035187290806\/?locale=pl_PL&paipv=0&eav=AfaBd4HS6M2sZy5PxVGmBIZx9hgg_97kXvqKJ8pngB-S_qRYY5xCeE23HjB7T-5FY6o&_rdr\"]}]}<\/script>\n<!-- \/ Yoast SEO Premium plugin. -->","yoast_head_json":{"title":"Pistolet CZ P-09 F Nocturne 9x19 - Arsena\u0142","robots":{"index":"index","follow":"follow","max-snippet":"max-snippet:-1","max-image-preview":"max-image-preview:large","max-video-preview":"max-video-preview:-1"},"canonical":"https:\/\/arsenal24.pl\/uk\/product\/pistolet-cz-p-09-c-nocturne-9x19\/","og_locale":"uk_UA","og_type":"article","og_title":"Pistolet CZ P-09 C Nocturne 9x19","og_description":"CZ prezentuje now\u0105 generacj\u0119 pistoletu P09, oznaczon\u0105 jako \"Nocturne\". Jej zamek gotowy jest do bezpo\u015bredniego monta\u017cu celownik\u00f3w kolimatorowych (bez u\u017cycia p\u0142ytek).","og_url":"https:\/\/arsenal24.pl\/uk\/product\/pistolet-cz-p-09-c-nocturne-9x19\/","og_site_name":"Arsena\u0142 - Profesjonalny sklep z broni\u0105 i akcesoriami","article_publisher":"https:\/\/www.facebook.com\/people\/Arsena-Sklep\/100035187290806\/?locale=pl_PL&paipv=0&eav=AfaBd4HS6M2sZy5PxVGmBIZx9hgg_97kXvqKJ8pngB-S_qRYY5xCeE23HjB7T-5FY6o&_rdr","article_modified_time":"2026-01-13T13:24:49+00:00","og_image":[{"width":1200,"height":1200,"url":"https:\/\/arsenal24.pl\/wp-content\/uploads\/2026\/01\/cz-p-09-c-nocturne.jpg","type":"image\/jpeg"}],"twitter_card":"summary_large_image","twitter_misc":{"\u041f\u0440\u0438\u0431\u043b. \u0447\u0430\u0441 \u0447\u0438\u0442\u0430\u043d\u043d\u044f":"1 \u0445\u0432\u0438\u043b\u0438\u043d\u0430"},"schema":{"@context":"https:\/\/schema.org","@graph":[{"@type":"WebPage","@id":"https:\/\/arsenal24.pl\/produkt\/pistolet-cz-p-09-c-nocturne-9x19\/","url":"https:\/\/arsenal24.pl\/produkt\/pistolet-cz-p-09-c-nocturne-9x19\/","name":"Pistolet CZ P-09 F Nocturne 9x19 - Arsena\u0142","isPartOf":{"@id":"https:\/\/arsenal24.pl\/#website"},"primaryImageOfPage":{"@id":"https:\/\/arsenal24.pl\/produkt\/pistolet-cz-p-09-c-nocturne-9x19\/#primaryimage"},"image":{"@id":"https:\/\/arsenal24.pl\/produkt\/pistolet-cz-p-09-c-nocturne-9x19\/#primaryimage"},"thumbnailUrl":"https:\/\/arsenal24.pl\/wp-content\/uploads\/2026\/01\/cz-p-09-c-nocturne.jpg","datePublished":"2026-01-13T13:21:51+00:00","dateModified":"2026-01-13T13:24:49+00:00","breadcrumb":{"@id":"https:\/\/arsenal24.pl\/produkt\/pistolet-cz-p-09-c-nocturne-9x19\/#breadcrumb"},"inLanguage":"uk","potentialAction":[{"@type":"ReadAction","target":["https:\/\/arsenal24.pl\/produkt\/pistolet-cz-p-09-c-nocturne-9x19\/"]}]},{"@type":"ImageObject","inLanguage":"uk","@id":"https:\/\/arsenal24.pl\/produkt\/pistolet-cz-p-09-c-nocturne-9x19\/#primaryimage","url":"https:\/\/arsenal24.pl\/wp-content\/uploads\/2026\/01\/cz-p-09-c-nocturne.jpg","contentUrl":"https:\/\/arsenal24.pl\/wp-content\/uploads\/2026\/01\/cz-p-09-c-nocturne.jpg","width":1200,"height":1200},{"@type":"BreadcrumbList","@id":"https:\/\/arsenal24.pl\/produkt\/pistolet-cz-p-09-c-nocturne-9x19\/#breadcrumb","itemListElement":[{"@type":"ListItem","position":1,"name":"Strona g\u0142\u00f3wna","item":"https:\/\/arsenal24.pl\/"},{"@type":"ListItem","position":2,"name":"Sklep","item":"https:\/\/arsenal24.pl\/sklep\/"},{"@type":"ListItem","position":3,"name":"Pistolet CZ P-09 C Nocturne 9&#215;19"}]},{"@type":"WebSite","@id":"https:\/\/arsenal24.pl\/#website","url":"https:\/\/arsenal24.pl\/","name":"\u0410\u0440\u0441\u0435\u043d\u0430\u043b - \u043c\u0430\u0433\u0430\u0437\u0438\u043d \u043f\u0440\u043e\u0444\u0435\u0441\u0456\u0439\u043d\u043e\u0457 \u0437\u0431\u0440\u043e\u0457 \u0442\u0430 \u0430\u043a\u0441\u0435\u0441\u0443\u0430\u0440\u0456\u0432","description":"","publisher":{"@id":"https:\/\/arsenal24.pl\/#organization"},"potentialAction":[{"@type":"SearchAction","target":{"@type":"EntryPoint","urlTemplate":"https:\/\/arsenal24.pl\/?s={search_term_string}"},"query-input":{"@type":"PropertyValueSpecification","valueRequired":true,"valueName":"search_term_string"}}],"inLanguage":"uk"},{"@type":"Organization","@id":"https:\/\/arsenal24.pl\/#organization","name":"\u0410\u0440\u0441\u0435\u043d\u0430\u043b - \u043c\u0430\u0433\u0430\u0437\u0438\u043d \u043f\u0440\u043e\u0444\u0435\u0441\u0456\u0439\u043d\u043e\u0457 \u0437\u0431\u0440\u043e\u0457 \u0442\u0430 \u0430\u043a\u0441\u0435\u0441\u0443\u0430\u0440\u0456\u0432","url":"https:\/\/arsenal24.pl\/","logo":{"@type":"ImageObject","inLanguage":"uk","@id":"https:\/\/arsenal24.pl\/#\/schema\/logo\/image\/","url":"https:\/\/server568771.nazwa.pl\/arse\/wp-content\/uploads\/2024\/03\/arsenal-24-logo.png","contentUrl":"https:\/\/server568771.nazwa.pl\/arse\/wp-content\/uploads\/2024\/03\/arsenal-24-logo.png","width":140,"height":140,"caption":"Arsena\u0142 - Profesjonalny sklep z broni\u0105 i akcesoriami"},"image":{"@id":"https:\/\/arsenal24.pl\/#\/schema\/logo\/image\/"},"sameAs":["https:\/\/www.facebook.com\/people\/Arsena-Sklep\/100035187290806\/?locale=pl_PL&paipv=0&eav=AfaBd4HS6M2sZy5PxVGmBIZx9hgg_97kXvqKJ8pngB-S_qRYY5xCeE23HjB7T-5FY6o&_rdr"]}]}},"_links":{"self":[{"href":"https:\/\/arsenal24.pl\/uk\/wp-json\/wp\/v2\/product\/7326","targetHints":{"allow":["GET"]}}],"collection":[{"href":"https:\/\/arsenal24.pl\/uk\/wp-json\/wp\/v2\/product"}],"about":[{"href":"https:\/\/arsenal24.pl\/uk\/wp-json\/wp\/v2\/types\/product"}],"version-history":[{"count":2,"href":"https:\/\/arsenal24.pl\/uk\/wp-json\/wp\/v2\/product\/7326\/revisions"}],"predecessor-version":[{"id":7408,"href":"https:\/\/arsenal24.pl\/uk\/wp-json\/wp\/v2\/product\/7326\/revisions\/7408"}],"wp:featuredmedia":[{"embeddable":true,"href":"https:\/\/arsenal24.pl\/uk\/wp-json\/wp\/v2\/media\/7327"}],"wp:attachment":[{"href":"https:\/\/arsenal24.pl\/uk\/wp-json\/wp\/v2\/media?parent=7326"}],"wp:term":[{"taxonomy":"brand","embeddable":true,"href":"https:\/\/arsenal24.pl\/uk\/wp-json\/wp\/v2\/etheme_brands?post=7326"},{"taxonomy":"product_brand","embeddable":true,"href":"https:\/\/arsenal24.pl\/uk\/wp-json\/wp\/v2\/product_brand?post=7326"},{"taxonomy":"product_cat","embeddable":true,"href":"https:\/\/arsenal24.pl\/uk\/wp-json\/wp\/v2\/product_cat?post=7326"},{"taxonomy":"product_tag","embeddable":true,"href":"https:\/\/arsenal24.pl\/uk\/wp-json\/wp\/v2\/product_tag?post=7326"}],"curies":[{"name":"wp","href":"https:\/\/api.w.org\/{rel}","templated":true}]}}