{"id":7322,"date":"2026-01-13T14:05:04","date_gmt":"2026-01-13T13:05:04","guid":{"rendered":"https:\/\/arsenal24.pl\/?post_type=product&#038;p=7322"},"modified":"2026-04-08T15:37:37","modified_gmt":"2026-04-08T13:37:37","slug":"karabinek-retay-22lr-sporter-20-cali-czarny","status":"publish","type":"product","link":"https:\/\/arsenal24.pl\/uk\/product\/karabinek-retay-22lr-sporter-20-cali-czarny\/","title":{"rendered":"Karabinek Retay 22LR Sporter &#8211; 20 cali&#8221; &#8211; Czarny"},"content":{"rendered":"<p>&nbsp;<\/p>\n<p lang=\"pl-pl\" xml:lang=\"pl-pl\"><strong>\u0421\u043f\u0435\u0446\u0438\u0444\u0456\u043a\u0430\u0446\u0456\u044f:<\/strong><\/p>\n<ul>\n<li lang=\"pl-pl\" xml:lang=\"pl-pl\"><strong>\u041a\u0430\u043b\u0456\u0431\u0440:<\/strong> 22LR<\/li>\n<\/ul>\n<ul>\n<li><strong>Model: 22LR Sporter<\/strong><\/li>\n<\/ul>\n<ul>\n<li>\n<p lang=\"pl-pl\" xml:lang=\"pl-pl\"><strong>Magazynek:<\/strong> 10 szt<\/p>\n<\/li>\n<\/ul>\n<ul>\n<li>\n<p lang=\"pl-pl\" xml:lang=\"pl-pl\"><strong>\u0411\u043e\u0447\u043a\u0430: <\/strong>20 cali Varmintowa<\/p>\n<\/li>\n<\/ul>\n<ul>\n<li>\n<p lang=\"pl-pl\" xml:lang=\"pl-pl\"><strong>Gwint na ko\u0144cu lufy:<\/strong> Tak<\/p>\n<\/li>\n<\/ul>\n<ul>\n<li>\n<p lang=\"pl-pl\" xml:lang=\"pl-pl\"><strong>Regulowany spust:<\/strong> Tak<\/p>\n<\/li>\n<li><\/li>\n<\/ul>","protected":false},"excerpt":{"rendered":"<p><strong>CZ 457 Jaguar\u00a0<\/strong>&#8211; to nowoczesna wersja klasyki CZ-tki. Posiada najd\u0142u\u017csz\u0105 luf\u0119 z ca\u0142ej serii 457 &#8211; 28 cali\u00a0(726 mm) o lekkim profilu, klasyczn\u0105 osad\u0119 z drewna bukowego z grawerowanym motywem jaguara, z\u00a0kolb\u0105 typu bawarskiego oraz jako jedyny z ca\u0142ej serii 10 nabojowy magazynek w standardzie. Do tego\u00a0mechaniczne przyrz\u0105dy celownicze, ze szczerbink\u0105 regulowan\u0105, posiadaj\u0105c\u0105 iteracj\u0119 dla dystansu od 25\u00a0do 200m. Gwint na ko\u0144cu lufy 1\/2 cala x 20 TPI. D\u0142ugo\u015b\u0107 ca\u0142kowita karabinku to 1182mm. Waga 3,3 kg.<\/p>","protected":false},"featured_media":7323,"template":"","meta":[],"etheme_brands":[],"product_brand":[253],"product_cat":[71],"product_tag":[],"class_list":{"0":"post-7322","1":"product","2":"type-product","3":"status-publish","4":"has-post-thumbnail","6":"product_brand-ceska-zbrojovka","7":"product_cat-bron-bocznego-zaplonu","9":"first","10":"instock","11":"shipping-taxable","12":"purchasable","13":"product-type-simple"},"yoast_head":"<!-- This site is optimized with the Yoast SEO Premium plugin v24.0 (Yoast SEO v26.0) - https:\/\/yoast.com\/wordpress\/plugins\/seo\/ -->\n<title>Karabinek CZ457 Jaguar XII kal. 22LR 28&quot; 1\/2X20 - Arsena\u0142 Sklep<\/title>\n<meta name=\"description\" content=\"Jaguar XII posiada cienko\u015bcienn\u0105, kut\u0105 na zimno luf\u0119, o najwi\u0119kszej d\u0142ugo\u015bci stosowanej w rodzinie karabink\u00f3w 457, wynosz\u0105cej a\u017c 726mm (28&quot;).\" \/>\n<meta name=\"robots\" content=\"index, follow, max-snippet:-1, max-image-preview:large, max-video-preview:-1\" \/>\n<link rel=\"canonical\" href=\"https:\/\/arsenal24.pl\/uk\/product\/karabinek-retay-22lr-sporter-20-cali-czarny\/\" \/>\n<meta property=\"og:locale\" content=\"uk_UA\" \/>\n<meta property=\"og:type\" content=\"article\" \/>\n<meta property=\"og:title\" content=\"Karabinek Retay 22LR Sporter - 20 cali&quot; - Czarny\" \/>\n<meta property=\"og:description\" content=\"Jaguar XII posiada cienko\u015bcienn\u0105, kut\u0105 na zimno luf\u0119, o najwi\u0119kszej d\u0142ugo\u015bci stosowanej w rodzinie karabink\u00f3w 457, wynosz\u0105cej a\u017c 726mm (28&quot;).\" \/>\n<meta property=\"og:url\" content=\"https:\/\/arsenal24.pl\/uk\/product\/karabinek-retay-22lr-sporter-20-cali-czarny\/\" \/>\n<meta property=\"og:site_name\" content=\"Arsena\u0142 - Profesjonalny sklep z broni\u0105 i akcesoriami\" \/>\n<meta property=\"article:publisher\" content=\"https:\/\/www.facebook.com\/people\/Arsena-Sklep\/100035187290806\/?locale=pl_PL&amp;paipv=0&amp;eav=AfaBd4HS6M2sZy5PxVGmBIZx9hgg_97kXvqKJ8pngB-S_qRYY5xCeE23HjB7T-5FY6o&amp;_rdr\" \/>\n<meta property=\"article:modified_time\" content=\"2026-04-08T13:37:37+00:00\" \/>\n<meta property=\"og:image\" content=\"https:\/\/arsenal24.pl\/wp-content\/uploads\/2026\/01\/retay-2022-sporter-20-czarny-24770074.jpg\" \/>\n\t<meta property=\"og:image:width\" content=\"1200\" \/>\n\t<meta property=\"og:image:height\" content=\"1200\" \/>\n\t<meta property=\"og:image:type\" content=\"image\/jpeg\" \/>\n<meta name=\"twitter:card\" content=\"summary_large_image\" \/>\n<meta name=\"twitter:label1\" content=\"\u041f\u0440\u0438\u0431\u043b. \u0447\u0430\u0441 \u0447\u0438\u0442\u0430\u043d\u043d\u044f\" \/>\n\t<meta name=\"twitter:data1\" content=\"1 \u0445\u0432\u0438\u043b\u0438\u043d\u0430\" \/>\n<script type=\"application\/ld+json\" class=\"yoast-schema-graph\">{\"@context\":\"https:\/\/schema.org\",\"@graph\":[{\"@type\":\"WebPage\",\"@id\":\"https:\/\/arsenal24.pl\/produkt\/karabinek-retay-22lr-sporter-20-cali-czarny\/\",\"url\":\"https:\/\/arsenal24.pl\/produkt\/karabinek-retay-22lr-sporter-20-cali-czarny\/\",\"name\":\"Karabinek CZ457 Jaguar XII kal. 22LR 28\\\" 1\/2X20 - Arsena\u0142 Sklep\",\"isPartOf\":{\"@id\":\"https:\/\/arsenal24.pl\/#website\"},\"primaryImageOfPage\":{\"@id\":\"https:\/\/arsenal24.pl\/produkt\/karabinek-retay-22lr-sporter-20-cali-czarny\/#primaryimage\"},\"image\":{\"@id\":\"https:\/\/arsenal24.pl\/produkt\/karabinek-retay-22lr-sporter-20-cali-czarny\/#primaryimage\"},\"thumbnailUrl\":\"https:\/\/arsenal24.pl\/wp-content\/uploads\/2026\/01\/retay-2022-sporter-20-czarny-24770074.jpg\",\"datePublished\":\"2026-01-13T13:05:04+00:00\",\"dateModified\":\"2026-04-08T13:37:37+00:00\",\"description\":\"Jaguar XII posiada cienko\u015bcienn\u0105, kut\u0105 na zimno luf\u0119, o najwi\u0119kszej d\u0142ugo\u015bci stosowanej w rodzinie karabink\u00f3w 457, wynosz\u0105cej a\u017c 726mm (28\\\").\",\"breadcrumb\":{\"@id\":\"https:\/\/arsenal24.pl\/produkt\/karabinek-retay-22lr-sporter-20-cali-czarny\/#breadcrumb\"},\"inLanguage\":\"uk\",\"potentialAction\":[{\"@type\":\"ReadAction\",\"target\":[\"https:\/\/arsenal24.pl\/produkt\/karabinek-retay-22lr-sporter-20-cali-czarny\/\"]}]},{\"@type\":\"ImageObject\",\"inLanguage\":\"uk\",\"@id\":\"https:\/\/arsenal24.pl\/produkt\/karabinek-retay-22lr-sporter-20-cali-czarny\/#primaryimage\",\"url\":\"https:\/\/arsenal24.pl\/wp-content\/uploads\/2026\/01\/retay-2022-sporter-20-czarny-24770074.jpg\",\"contentUrl\":\"https:\/\/arsenal24.pl\/wp-content\/uploads\/2026\/01\/retay-2022-sporter-20-czarny-24770074.jpg\",\"width\":1200,\"height\":1200},{\"@type\":\"BreadcrumbList\",\"@id\":\"https:\/\/arsenal24.pl\/produkt\/karabinek-retay-22lr-sporter-20-cali-czarny\/#breadcrumb\",\"itemListElement\":[{\"@type\":\"ListItem\",\"position\":1,\"name\":\"Strona g\u0142\u00f3wna\",\"item\":\"https:\/\/arsenal24.pl\/\"},{\"@type\":\"ListItem\",\"position\":2,\"name\":\"Sklep\",\"item\":\"https:\/\/arsenal24.pl\/sklep\/\"},{\"@type\":\"ListItem\",\"position\":3,\"name\":\"Karabinek Retay 22LR Sporter &#8211; 20 cali&#8221; &#8211; Czarny\"}]},{\"@type\":\"WebSite\",\"@id\":\"https:\/\/arsenal24.pl\/#website\",\"url\":\"https:\/\/arsenal24.pl\/\",\"name\":\"Arsena\u0142 - Profesjonalny sklep z broni\u0105 i akcesoriami\",\"description\":\"\",\"publisher\":{\"@id\":\"https:\/\/arsenal24.pl\/#organization\"},\"potentialAction\":[{\"@type\":\"SearchAction\",\"target\":{\"@type\":\"EntryPoint\",\"urlTemplate\":\"https:\/\/arsenal24.pl\/?s={search_term_string}\"},\"query-input\":{\"@type\":\"PropertyValueSpecification\",\"valueRequired\":true,\"valueName\":\"search_term_string\"}}],\"inLanguage\":\"uk\"},{\"@type\":\"Organization\",\"@id\":\"https:\/\/arsenal24.pl\/#organization\",\"name\":\"Arsena\u0142 - Profesjonalny sklep z broni\u0105 i akcesoriami\",\"url\":\"https:\/\/arsenal24.pl\/\",\"logo\":{\"@type\":\"ImageObject\",\"inLanguage\":\"uk\",\"@id\":\"https:\/\/arsenal24.pl\/#\/schema\/logo\/image\/\",\"url\":\"https:\/\/server568771.nazwa.pl\/arse\/wp-content\/uploads\/2024\/03\/arsenal-24-logo.png\",\"contentUrl\":\"https:\/\/server568771.nazwa.pl\/arse\/wp-content\/uploads\/2024\/03\/arsenal-24-logo.png\",\"width\":140,\"height\":140,\"caption\":\"Arsena\u0142 - Profesjonalny sklep z broni\u0105 i akcesoriami\"},\"image\":{\"@id\":\"https:\/\/arsenal24.pl\/#\/schema\/logo\/image\/\"},\"sameAs\":[\"https:\/\/www.facebook.com\/people\/Arsena-Sklep\/100035187290806\/?locale=pl_PL&paipv=0&eav=AfaBd4HS6M2sZy5PxVGmBIZx9hgg_97kXvqKJ8pngB-S_qRYY5xCeE23HjB7T-5FY6o&_rdr\"]}]}<\/script>\n<!-- \/ Yoast SEO Premium plugin. -->","yoast_head_json":{"title":"Karabinek CZ457 Jaguar XII kal. 22LR 28\" 1\/2X20 - Arsena\u0142 Sklep","description":"Jaguar XII posiada cienko\u015bcienn\u0105, kut\u0105 na zimno luf\u0119, o najwi\u0119kszej d\u0142ugo\u015bci stosowanej w rodzinie karabink\u00f3w 457, wynosz\u0105cej a\u017c 726mm (28\").","robots":{"index":"index","follow":"follow","max-snippet":"max-snippet:-1","max-image-preview":"max-image-preview:large","max-video-preview":"max-video-preview:-1"},"canonical":"https:\/\/arsenal24.pl\/uk\/product\/karabinek-retay-22lr-sporter-20-cali-czarny\/","og_locale":"uk_UA","og_type":"article","og_title":"Karabinek Retay 22LR Sporter - 20 cali\" - Czarny","og_description":"Jaguar XII posiada cienko\u015bcienn\u0105, kut\u0105 na zimno luf\u0119, o najwi\u0119kszej d\u0142ugo\u015bci stosowanej w rodzinie karabink\u00f3w 457, wynosz\u0105cej a\u017c 726mm (28\").","og_url":"https:\/\/arsenal24.pl\/uk\/product\/karabinek-retay-22lr-sporter-20-cali-czarny\/","og_site_name":"Arsena\u0142 - Profesjonalny sklep z broni\u0105 i akcesoriami","article_publisher":"https:\/\/www.facebook.com\/people\/Arsena-Sklep\/100035187290806\/?locale=pl_PL&paipv=0&eav=AfaBd4HS6M2sZy5PxVGmBIZx9hgg_97kXvqKJ8pngB-S_qRYY5xCeE23HjB7T-5FY6o&_rdr","article_modified_time":"2026-04-08T13:37:37+00:00","og_image":[{"width":1200,"height":1200,"url":"https:\/\/arsenal24.pl\/wp-content\/uploads\/2026\/01\/retay-2022-sporter-20-czarny-24770074.jpg","type":"image\/jpeg"}],"twitter_card":"summary_large_image","twitter_misc":{"\u041f\u0440\u0438\u0431\u043b. \u0447\u0430\u0441 \u0447\u0438\u0442\u0430\u043d\u043d\u044f":"1 \u0445\u0432\u0438\u043b\u0438\u043d\u0430"},"schema":{"@context":"https:\/\/schema.org","@graph":[{"@type":"WebPage","@id":"https:\/\/arsenal24.pl\/produkt\/karabinek-retay-22lr-sporter-20-cali-czarny\/","url":"https:\/\/arsenal24.pl\/produkt\/karabinek-retay-22lr-sporter-20-cali-czarny\/","name":"Karabinek CZ457 Jaguar XII kal. 22LR 28\" 1\/2X20 - Arsena\u0142 Sklep","isPartOf":{"@id":"https:\/\/arsenal24.pl\/#website"},"primaryImageOfPage":{"@id":"https:\/\/arsenal24.pl\/produkt\/karabinek-retay-22lr-sporter-20-cali-czarny\/#primaryimage"},"image":{"@id":"https:\/\/arsenal24.pl\/produkt\/karabinek-retay-22lr-sporter-20-cali-czarny\/#primaryimage"},"thumbnailUrl":"https:\/\/arsenal24.pl\/wp-content\/uploads\/2026\/01\/retay-2022-sporter-20-czarny-24770074.jpg","datePublished":"2026-01-13T13:05:04+00:00","dateModified":"2026-04-08T13:37:37+00:00","description":"Jaguar XII posiada cienko\u015bcienn\u0105, kut\u0105 na zimno luf\u0119, o najwi\u0119kszej d\u0142ugo\u015bci stosowanej w rodzinie karabink\u00f3w 457, wynosz\u0105cej a\u017c 726mm (28\").","breadcrumb":{"@id":"https:\/\/arsenal24.pl\/produkt\/karabinek-retay-22lr-sporter-20-cali-czarny\/#breadcrumb"},"inLanguage":"uk","potentialAction":[{"@type":"ReadAction","target":["https:\/\/arsenal24.pl\/produkt\/karabinek-retay-22lr-sporter-20-cali-czarny\/"]}]},{"@type":"ImageObject","inLanguage":"uk","@id":"https:\/\/arsenal24.pl\/produkt\/karabinek-retay-22lr-sporter-20-cali-czarny\/#primaryimage","url":"https:\/\/arsenal24.pl\/wp-content\/uploads\/2026\/01\/retay-2022-sporter-20-czarny-24770074.jpg","contentUrl":"https:\/\/arsenal24.pl\/wp-content\/uploads\/2026\/01\/retay-2022-sporter-20-czarny-24770074.jpg","width":1200,"height":1200},{"@type":"BreadcrumbList","@id":"https:\/\/arsenal24.pl\/produkt\/karabinek-retay-22lr-sporter-20-cali-czarny\/#breadcrumb","itemListElement":[{"@type":"ListItem","position":1,"name":"Strona g\u0142\u00f3wna","item":"https:\/\/arsenal24.pl\/"},{"@type":"ListItem","position":2,"name":"Sklep","item":"https:\/\/arsenal24.pl\/sklep\/"},{"@type":"ListItem","position":3,"name":"Karabinek Retay 22LR Sporter &#8211; 20 cali&#8221; &#8211; Czarny"}]},{"@type":"WebSite","@id":"https:\/\/arsenal24.pl\/#website","url":"https:\/\/arsenal24.pl\/","name":"\u0410\u0440\u0441\u0435\u043d\u0430\u043b - \u043c\u0430\u0433\u0430\u0437\u0438\u043d \u043f\u0440\u043e\u0444\u0435\u0441\u0456\u0439\u043d\u043e\u0457 \u0437\u0431\u0440\u043e\u0457 \u0442\u0430 \u0430\u043a\u0441\u0435\u0441\u0443\u0430\u0440\u0456\u0432","description":"","publisher":{"@id":"https:\/\/arsenal24.pl\/#organization"},"potentialAction":[{"@type":"SearchAction","target":{"@type":"EntryPoint","urlTemplate":"https:\/\/arsenal24.pl\/?s={search_term_string}"},"query-input":{"@type":"PropertyValueSpecification","valueRequired":true,"valueName":"search_term_string"}}],"inLanguage":"uk"},{"@type":"Organization","@id":"https:\/\/arsenal24.pl\/#organization","name":"\u0410\u0440\u0441\u0435\u043d\u0430\u043b - \u043c\u0430\u0433\u0430\u0437\u0438\u043d \u043f\u0440\u043e\u0444\u0435\u0441\u0456\u0439\u043d\u043e\u0457 \u0437\u0431\u0440\u043e\u0457 \u0442\u0430 \u0430\u043a\u0441\u0435\u0441\u0443\u0430\u0440\u0456\u0432","url":"https:\/\/arsenal24.pl\/","logo":{"@type":"ImageObject","inLanguage":"uk","@id":"https:\/\/arsenal24.pl\/#\/schema\/logo\/image\/","url":"https:\/\/server568771.nazwa.pl\/arse\/wp-content\/uploads\/2024\/03\/arsenal-24-logo.png","contentUrl":"https:\/\/server568771.nazwa.pl\/arse\/wp-content\/uploads\/2024\/03\/arsenal-24-logo.png","width":140,"height":140,"caption":"Arsena\u0142 - Profesjonalny sklep z broni\u0105 i akcesoriami"},"image":{"@id":"https:\/\/arsenal24.pl\/#\/schema\/logo\/image\/"},"sameAs":["https:\/\/www.facebook.com\/people\/Arsena-Sklep\/100035187290806\/?locale=pl_PL&paipv=0&eav=AfaBd4HS6M2sZy5PxVGmBIZx9hgg_97kXvqKJ8pngB-S_qRYY5xCeE23HjB7T-5FY6o&_rdr"]}]}},"_links":{"self":[{"href":"https:\/\/arsenal24.pl\/uk\/wp-json\/wp\/v2\/product\/7322","targetHints":{"allow":["GET"]}}],"collection":[{"href":"https:\/\/arsenal24.pl\/uk\/wp-json\/wp\/v2\/product"}],"about":[{"href":"https:\/\/arsenal24.pl\/uk\/wp-json\/wp\/v2\/types\/product"}],"version-history":[{"count":1,"href":"https:\/\/arsenal24.pl\/uk\/wp-json\/wp\/v2\/product\/7322\/revisions"}],"predecessor-version":[{"id":7324,"href":"https:\/\/arsenal24.pl\/uk\/wp-json\/wp\/v2\/product\/7322\/revisions\/7324"}],"wp:featuredmedia":[{"embeddable":true,"href":"https:\/\/arsenal24.pl\/uk\/wp-json\/wp\/v2\/media\/7323"}],"wp:attachment":[{"href":"https:\/\/arsenal24.pl\/uk\/wp-json\/wp\/v2\/media?parent=7322"}],"wp:term":[{"taxonomy":"brand","embeddable":true,"href":"https:\/\/arsenal24.pl\/uk\/wp-json\/wp\/v2\/etheme_brands?post=7322"},{"taxonomy":"product_brand","embeddable":true,"href":"https:\/\/arsenal24.pl\/uk\/wp-json\/wp\/v2\/product_brand?post=7322"},{"taxonomy":"product_cat","embeddable":true,"href":"https:\/\/arsenal24.pl\/uk\/wp-json\/wp\/v2\/product_cat?post=7322"},{"taxonomy":"product_tag","embeddable":true,"href":"https:\/\/arsenal24.pl\/uk\/wp-json\/wp\/v2\/product_tag?post=7322"}],"curies":[{"name":"wp","href":"https:\/\/api.w.org\/{rel}","templated":true}]}}