{"id":7208,"date":"2025-10-23T11:13:28","date_gmt":"2025-10-23T09:13:28","guid":{"rendered":"https:\/\/arsenal24.pl\/?post_type=product&#038;p=7208"},"modified":"2026-01-13T16:44:59","modified_gmt":"2026-01-13T15:44:59","slug":"rewolwer-ruger-lcr-1-87-38spec-p-arsenal-sklep","status":"publish","type":"product","link":"https:\/\/arsenal24.pl\/uk\/product\/rewolwer-ruger-lcr-1-87-38spec-p-arsenal-sklep\/","title":{"rendered":"Rewolwer Ruger LCR 1.87&#8221; .38Spec +P"},"content":{"rendered":"<h3 data-start=\"1060\" data-end=\"1084\"><strong data-start=\"1064\" data-end=\"1084\">\u0422\u0435\u0445\u043d\u0456\u0447\u043d\u0456 \u0434\u0430\u043d\u0456:<\/strong><\/h3>\n<ul>\n<li data-start=\"1087\" data-end=\"1104\"><strong data-start=\"1087\" data-end=\"1097\">Model:<\/strong> 5418<\/li>\n<li data-start=\"1107\" data-end=\"1149\"><strong data-start=\"1107\" data-end=\"1117\">Chwyt:<\/strong> Gumowy Hogue\u00ae Tamer Monogrip\u00ae<\/li>\n<li data-start=\"1152\" data-end=\"1177\"><strong data-start=\"1152\" data-end=\"1164\">\u041a\u0430\u043b\u0456\u0431\u0440:<\/strong> .38 SPL +P<\/li>\n<li data-start=\"1180\" data-end=\"1212\"><strong data-start=\"1180\" data-end=\"1200\">Pojemno\u015b\u0107 b\u0119bna:<\/strong> 5 naboj\u00f3w<\/li>\n<li data-start=\"1215\" data-end=\"1240\"><strong data-start=\"1215\" data-end=\"1232\">\u0414\u043e\u0432\u0436\u0438\u043d\u0430 \u0441\u0442\u0432\u043e\u043b\u0430:<\/strong> 1,87&#8243;<\/li>\n<li data-start=\"1243\" data-end=\"1274\"><strong data-start=\"1243\" data-end=\"1259\">Skok gwintu:<\/strong> 1:16&#8243;, prawy<\/li>\n<li data-start=\"1277\" data-end=\"1298\"><strong data-start=\"1277\" data-end=\"1294\">Liczba bruzd:<\/strong> 6<\/li>\n<li data-start=\"1301\" data-end=\"1349\"><strong data-start=\"1301\" data-end=\"1326\">\u0406\u043d\u0441\u0442\u0440\u0443\u043c\u0435\u043d\u0442\u0438 \u043d\u0430\u0446\u0456\u043b\u044e\u0432\u0430\u043d\u043d\u044f:<\/strong> \u015awiat\u0142owodowa muszka<\/li>\n<li data-start=\"1352\" data-end=\"1403\"><strong data-start=\"1352\" data-end=\"1371\">Materia\u0142 b\u0119bna:<\/strong> Stal nierdzewna z pow\u0142ok\u0105 PVD<\/li>\n<li data-start=\"1406\" data-end=\"1463\"><strong data-start=\"1406\" data-end=\"1424\">Materia\u0142 lufy:<\/strong> Stal stopowa, wyko\u0144czenie oksydowane<\/li>\n<li data-start=\"1466\" data-end=\"1483\"><strong data-start=\"1466\" data-end=\"1475\">\u0412\u0430\u0433\u0430:<\/strong> 383 g<\/li>\n<li data-start=\"1486\" data-end=\"1517\"><strong data-start=\"1486\" data-end=\"1508\">\u0417\u0430\u0433\u0430\u043b\u044c\u043d\u0430 \u0434\u043e\u0432\u0436\u0438\u043d\u0430:<\/strong> 165 \u043c\u043c<\/li>\n<li data-start=\"1520\" data-end=\"1542\"><strong data-start=\"1520\" data-end=\"1533\">\u0417\u0440\u043e\u0441\u0442\u0430\u043d\u043d\u044f:<\/strong> 114 \u043c\u043c<\/li>\n<\/ul>","protected":false},"excerpt":{"rendered":"<p><strong data-start=\"121\" data-end=\"165\">Ruger LCR (Lightweight Compact Revolver)<\/strong> to wyj\u0105tkowo lekki, solidny i kompaktowy rewolwer zaprojektowany z my\u015bl\u0105 o dyskretnym noszeniu na co dzie\u0144 (EDC). Komora przystosowana do amunicji +P umo\u017cliwia u\u017cycie mocniejszych naboj\u00f3w, takich jak Hornady Critical Duty czy Critical Defense.<\/p>\n<h3 data-start=\"413\" data-end=\"442\"><strong data-start=\"417\" data-end=\"442\">Najwa\u017cniejsze zalety:<\/strong><\/h3>\n<ul>\n<li data-start=\"445\" data-end=\"513\">Monolityczny szkielet wykonany z wytrzyma\u0142ego aluminium lotniczego<\/li>\n<li data-start=\"516\" data-end=\"622\">Nowoczesny mechanizm spustowy z krzywk\u0105 ograniczaj\u0105c\u0105 tarcie, zapewniaj\u0105cy p\u0142ynne i precyzyjne dzia\u0142anie<\/li>\n<li data-start=\"625\" data-end=\"736\">Opatentowany polimerowy chwytowy szkielet, kt\u00f3ry r\u00f3wnomiernie rozk\u0142ada mas\u0119, redukuj\u0105c wag\u0119, podrzut i odrzut<\/li>\n<li data-start=\"739\" data-end=\"822\">B\u0119ben ze stali nierdzewnej, pokryty pow\u0142ok\u0105 PVD i karbowany w celu obni\u017cenia masy<\/li>\n<li data-start=\"825\" data-end=\"953\">Opatentowany chwyt <strong data-start=\"844\" data-end=\"870\">Hogue\u00ae Tamer Monogrip\u00ae<\/strong>, kt\u00f3ry skutecznie t\u0142umi odrzut; jego wymiana mo\u017cliwa jest za pomoc\u0105 jednej \u015bruby<\/li>\n<li data-start=\"956\" data-end=\"1012\">Kompatybilno\u015b\u0107 z r\u00f3\u017cnymi, niestandardowymi ok\u0142adzinami<\/li>\n<li data-start=\"1015\" data-end=\"1058\">\u015awiat\u0142owodowa muszka poprawiaj\u0105ca celno\u015b\u0107<\/li>\n<\/ul>","protected":false},"featured_media":7210,"template":"","meta":[],"etheme_brands":[{"term_id":245,"name":"Ruger","slug":"ruger","term_group":0,"term_taxonomy_id":245,"taxonomy":"brand","description":"","parent":0,"count":10,"filter":"raw"}],"product_brand":[],"product_cat":[49],"product_tag":[],"class_list":{"0":"post-7208","1":"product","2":"type-product","3":"status-publish","4":"has-post-thumbnail","6":"brand-ruger","7":"product_cat-bron-krotka","9":"first","10":"instock","11":"shipping-taxable","12":"purchasable","13":"product-type-simple"},"yoast_head":"<!-- This site is optimized with the Yoast SEO Premium plugin v24.0 (Yoast SEO v26.0) - https:\/\/yoast.com\/wordpress\/plugins\/seo\/ -->\n<title>Rewolwer Ruger LCR 1.87&#039;&#039; .38Spec +P - Arsena\u0142 Sklep<\/title>\n<meta name=\"description\" content=\"Ruger LCR (Lightweight Compact Revolver) to lekki, niezawodny i kompaktowy rewolwer stworzony do skrytego noszenia EDC wraz z komor\u0105 typu +P\" \/>\n<meta name=\"robots\" content=\"index, follow, max-snippet:-1, max-image-preview:large, max-video-preview:-1\" \/>\n<link rel=\"canonical\" href=\"https:\/\/arsenal24.pl\/uk\/product\/rewolwer-ruger-lcr-1-87-38spec-p-arsenal-sklep\/\" \/>\n<meta property=\"og:locale\" content=\"uk_UA\" \/>\n<meta property=\"og:type\" content=\"article\" \/>\n<meta property=\"og:title\" content=\"Rewolwer Ruger LCR 1.87&#039;&#039; .38Spec +P\" \/>\n<meta property=\"og:description\" content=\"Ruger LCR (Lightweight Compact Revolver) to lekki, niezawodny i kompaktowy rewolwer stworzony do skrytego noszenia EDC wraz z komor\u0105 typu +P\" \/>\n<meta property=\"og:url\" content=\"https:\/\/arsenal24.pl\/uk\/product\/rewolwer-ruger-lcr-1-87-38spec-p-arsenal-sklep\/\" \/>\n<meta property=\"og:site_name\" content=\"Arsena\u0142 - Profesjonalny sklep z broni\u0105 i akcesoriami\" \/>\n<meta property=\"article:publisher\" content=\"https:\/\/www.facebook.com\/people\/Arsena-Sklep\/100035187290806\/?locale=pl_PL&amp;paipv=0&amp;eav=AfaBd4HS6M2sZy5PxVGmBIZx9hgg_97kXvqKJ8pngB-S_qRYY5xCeE23HjB7T-5FY6o&amp;_rdr\" \/>\n<meta property=\"article:modified_time\" content=\"2026-01-13T15:44:59+00:00\" \/>\n<meta property=\"og:image\" content=\"https:\/\/arsenal24.pl\/wp-content\/uploads\/2025\/10\/photo.webp\" \/>\n\t<meta property=\"og:image:width\" content=\"1400\" \/>\n\t<meta property=\"og:image:height\" content=\"1400\" \/>\n\t<meta property=\"og:image:type\" content=\"image\/webp\" \/>\n<meta name=\"twitter:card\" content=\"summary_large_image\" \/>\n<meta name=\"twitter:label1\" content=\"\u041f\u0440\u0438\u0431\u043b. \u0447\u0430\u0441 \u0447\u0438\u0442\u0430\u043d\u043d\u044f\" \/>\n\t<meta name=\"twitter:data1\" content=\"1 \u0445\u0432\u0438\u043b\u0438\u043d\u0430\" \/>\n<script type=\"application\/ld+json\" class=\"yoast-schema-graph\">{\"@context\":\"https:\/\/schema.org\",\"@graph\":[{\"@type\":\"WebPage\",\"@id\":\"https:\/\/arsenal24.pl\/produkt\/rewolwer-ruger-lcr-1-87-38spec-p-arsenal-sklep\/\",\"url\":\"https:\/\/arsenal24.pl\/produkt\/rewolwer-ruger-lcr-1-87-38spec-p-arsenal-sklep\/\",\"name\":\"Rewolwer Ruger LCR 1.87'' .38Spec +P - Arsena\u0142 Sklep\",\"isPartOf\":{\"@id\":\"https:\/\/arsenal24.pl\/#website\"},\"primaryImageOfPage\":{\"@id\":\"https:\/\/arsenal24.pl\/produkt\/rewolwer-ruger-lcr-1-87-38spec-p-arsenal-sklep\/#primaryimage\"},\"image\":{\"@id\":\"https:\/\/arsenal24.pl\/produkt\/rewolwer-ruger-lcr-1-87-38spec-p-arsenal-sklep\/#primaryimage\"},\"thumbnailUrl\":\"https:\/\/arsenal24.pl\/wp-content\/uploads\/2025\/10\/photo.webp\",\"datePublished\":\"2025-10-23T09:13:28+00:00\",\"dateModified\":\"2026-01-13T15:44:59+00:00\",\"description\":\"Ruger LCR (Lightweight Compact Revolver) to lekki, niezawodny i kompaktowy rewolwer stworzony do skrytego noszenia EDC wraz z komor\u0105 typu +P\",\"breadcrumb\":{\"@id\":\"https:\/\/arsenal24.pl\/produkt\/rewolwer-ruger-lcr-1-87-38spec-p-arsenal-sklep\/#breadcrumb\"},\"inLanguage\":\"uk\",\"potentialAction\":[{\"@type\":\"ReadAction\",\"target\":[\"https:\/\/arsenal24.pl\/produkt\/rewolwer-ruger-lcr-1-87-38spec-p-arsenal-sklep\/\"]}]},{\"@type\":\"ImageObject\",\"inLanguage\":\"uk\",\"@id\":\"https:\/\/arsenal24.pl\/produkt\/rewolwer-ruger-lcr-1-87-38spec-p-arsenal-sklep\/#primaryimage\",\"url\":\"https:\/\/arsenal24.pl\/wp-content\/uploads\/2025\/10\/photo.webp\",\"contentUrl\":\"https:\/\/arsenal24.pl\/wp-content\/uploads\/2025\/10\/photo.webp\",\"width\":1400,\"height\":1400},{\"@type\":\"BreadcrumbList\",\"@id\":\"https:\/\/arsenal24.pl\/produkt\/rewolwer-ruger-lcr-1-87-38spec-p-arsenal-sklep\/#breadcrumb\",\"itemListElement\":[{\"@type\":\"ListItem\",\"position\":1,\"name\":\"Strona g\u0142\u00f3wna\",\"item\":\"https:\/\/arsenal24.pl\/\"},{\"@type\":\"ListItem\",\"position\":2,\"name\":\"Sklep\",\"item\":\"https:\/\/arsenal24.pl\/sklep\/\"},{\"@type\":\"ListItem\",\"position\":3,\"name\":\"Rewolwer Ruger LCR 1.87&#8221; .38Spec +P\"}]},{\"@type\":\"WebSite\",\"@id\":\"https:\/\/arsenal24.pl\/#website\",\"url\":\"https:\/\/arsenal24.pl\/\",\"name\":\"Arsena\u0142 - Profesjonalny sklep z broni\u0105 i akcesoriami\",\"description\":\"\",\"publisher\":{\"@id\":\"https:\/\/arsenal24.pl\/#organization\"},\"potentialAction\":[{\"@type\":\"SearchAction\",\"target\":{\"@type\":\"EntryPoint\",\"urlTemplate\":\"https:\/\/arsenal24.pl\/?s={search_term_string}\"},\"query-input\":{\"@type\":\"PropertyValueSpecification\",\"valueRequired\":true,\"valueName\":\"search_term_string\"}}],\"inLanguage\":\"uk\"},{\"@type\":\"Organization\",\"@id\":\"https:\/\/arsenal24.pl\/#organization\",\"name\":\"Arsena\u0142 - Profesjonalny sklep z broni\u0105 i akcesoriami\",\"url\":\"https:\/\/arsenal24.pl\/\",\"logo\":{\"@type\":\"ImageObject\",\"inLanguage\":\"uk\",\"@id\":\"https:\/\/arsenal24.pl\/#\/schema\/logo\/image\/\",\"url\":\"https:\/\/server568771.nazwa.pl\/arse\/wp-content\/uploads\/2024\/03\/arsenal-24-logo.png\",\"contentUrl\":\"https:\/\/server568771.nazwa.pl\/arse\/wp-content\/uploads\/2024\/03\/arsenal-24-logo.png\",\"width\":140,\"height\":140,\"caption\":\"Arsena\u0142 - Profesjonalny sklep z broni\u0105 i akcesoriami\"},\"image\":{\"@id\":\"https:\/\/arsenal24.pl\/#\/schema\/logo\/image\/\"},\"sameAs\":[\"https:\/\/www.facebook.com\/people\/Arsena-Sklep\/100035187290806\/?locale=pl_PL&paipv=0&eav=AfaBd4HS6M2sZy5PxVGmBIZx9hgg_97kXvqKJ8pngB-S_qRYY5xCeE23HjB7T-5FY6o&_rdr\"]}]}<\/script>\n<!-- \/ Yoast SEO Premium plugin. -->","yoast_head_json":{"title":"Rewolwer Ruger LCR 1.87'' .38Spec +P - Arsena\u0142 Sklep","description":"Ruger LCR (Lightweight Compact Revolver) to lekki, niezawodny i kompaktowy rewolwer stworzony do skrytego noszenia EDC wraz z komor\u0105 typu +P","robots":{"index":"index","follow":"follow","max-snippet":"max-snippet:-1","max-image-preview":"max-image-preview:large","max-video-preview":"max-video-preview:-1"},"canonical":"https:\/\/arsenal24.pl\/uk\/product\/rewolwer-ruger-lcr-1-87-38spec-p-arsenal-sklep\/","og_locale":"uk_UA","og_type":"article","og_title":"Rewolwer Ruger LCR 1.87'' .38Spec +P","og_description":"Ruger LCR (Lightweight Compact Revolver) to lekki, niezawodny i kompaktowy rewolwer stworzony do skrytego noszenia EDC wraz z komor\u0105 typu +P","og_url":"https:\/\/arsenal24.pl\/uk\/product\/rewolwer-ruger-lcr-1-87-38spec-p-arsenal-sklep\/","og_site_name":"Arsena\u0142 - Profesjonalny sklep z broni\u0105 i akcesoriami","article_publisher":"https:\/\/www.facebook.com\/people\/Arsena-Sklep\/100035187290806\/?locale=pl_PL&paipv=0&eav=AfaBd4HS6M2sZy5PxVGmBIZx9hgg_97kXvqKJ8pngB-S_qRYY5xCeE23HjB7T-5FY6o&_rdr","article_modified_time":"2026-01-13T15:44:59+00:00","og_image":[{"width":1400,"height":1400,"url":"https:\/\/arsenal24.pl\/wp-content\/uploads\/2025\/10\/photo.webp","type":"image\/webp"}],"twitter_card":"summary_large_image","twitter_misc":{"\u041f\u0440\u0438\u0431\u043b. \u0447\u0430\u0441 \u0447\u0438\u0442\u0430\u043d\u043d\u044f":"1 \u0445\u0432\u0438\u043b\u0438\u043d\u0430"},"schema":{"@context":"https:\/\/schema.org","@graph":[{"@type":"WebPage","@id":"https:\/\/arsenal24.pl\/produkt\/rewolwer-ruger-lcr-1-87-38spec-p-arsenal-sklep\/","url":"https:\/\/arsenal24.pl\/produkt\/rewolwer-ruger-lcr-1-87-38spec-p-arsenal-sklep\/","name":"Rewolwer Ruger LCR 1.87'' .38Spec +P - Arsena\u0142 Sklep","isPartOf":{"@id":"https:\/\/arsenal24.pl\/#website"},"primaryImageOfPage":{"@id":"https:\/\/arsenal24.pl\/produkt\/rewolwer-ruger-lcr-1-87-38spec-p-arsenal-sklep\/#primaryimage"},"image":{"@id":"https:\/\/arsenal24.pl\/produkt\/rewolwer-ruger-lcr-1-87-38spec-p-arsenal-sklep\/#primaryimage"},"thumbnailUrl":"https:\/\/arsenal24.pl\/wp-content\/uploads\/2025\/10\/photo.webp","datePublished":"2025-10-23T09:13:28+00:00","dateModified":"2026-01-13T15:44:59+00:00","description":"Ruger LCR (Lightweight Compact Revolver) to lekki, niezawodny i kompaktowy rewolwer stworzony do skrytego noszenia EDC wraz z komor\u0105 typu +P","breadcrumb":{"@id":"https:\/\/arsenal24.pl\/produkt\/rewolwer-ruger-lcr-1-87-38spec-p-arsenal-sklep\/#breadcrumb"},"inLanguage":"uk","potentialAction":[{"@type":"ReadAction","target":["https:\/\/arsenal24.pl\/produkt\/rewolwer-ruger-lcr-1-87-38spec-p-arsenal-sklep\/"]}]},{"@type":"ImageObject","inLanguage":"uk","@id":"https:\/\/arsenal24.pl\/produkt\/rewolwer-ruger-lcr-1-87-38spec-p-arsenal-sklep\/#primaryimage","url":"https:\/\/arsenal24.pl\/wp-content\/uploads\/2025\/10\/photo.webp","contentUrl":"https:\/\/arsenal24.pl\/wp-content\/uploads\/2025\/10\/photo.webp","width":1400,"height":1400},{"@type":"BreadcrumbList","@id":"https:\/\/arsenal24.pl\/produkt\/rewolwer-ruger-lcr-1-87-38spec-p-arsenal-sklep\/#breadcrumb","itemListElement":[{"@type":"ListItem","position":1,"name":"Strona g\u0142\u00f3wna","item":"https:\/\/arsenal24.pl\/"},{"@type":"ListItem","position":2,"name":"Sklep","item":"https:\/\/arsenal24.pl\/sklep\/"},{"@type":"ListItem","position":3,"name":"Rewolwer Ruger LCR 1.87&#8221; .38Spec +P"}]},{"@type":"WebSite","@id":"https:\/\/arsenal24.pl\/#website","url":"https:\/\/arsenal24.pl\/","name":"\u0410\u0440\u0441\u0435\u043d\u0430\u043b - \u043c\u0430\u0433\u0430\u0437\u0438\u043d \u043f\u0440\u043e\u0444\u0435\u0441\u0456\u0439\u043d\u043e\u0457 \u0437\u0431\u0440\u043e\u0457 \u0442\u0430 \u0430\u043a\u0441\u0435\u0441\u0443\u0430\u0440\u0456\u0432","description":"","publisher":{"@id":"https:\/\/arsenal24.pl\/#organization"},"potentialAction":[{"@type":"SearchAction","target":{"@type":"EntryPoint","urlTemplate":"https:\/\/arsenal24.pl\/?s={search_term_string}"},"query-input":{"@type":"PropertyValueSpecification","valueRequired":true,"valueName":"search_term_string"}}],"inLanguage":"uk"},{"@type":"Organization","@id":"https:\/\/arsenal24.pl\/#organization","name":"\u0410\u0440\u0441\u0435\u043d\u0430\u043b - \u043c\u0430\u0433\u0430\u0437\u0438\u043d \u043f\u0440\u043e\u0444\u0435\u0441\u0456\u0439\u043d\u043e\u0457 \u0437\u0431\u0440\u043e\u0457 \u0442\u0430 \u0430\u043a\u0441\u0435\u0441\u0443\u0430\u0440\u0456\u0432","url":"https:\/\/arsenal24.pl\/","logo":{"@type":"ImageObject","inLanguage":"uk","@id":"https:\/\/arsenal24.pl\/#\/schema\/logo\/image\/","url":"https:\/\/server568771.nazwa.pl\/arse\/wp-content\/uploads\/2024\/03\/arsenal-24-logo.png","contentUrl":"https:\/\/server568771.nazwa.pl\/arse\/wp-content\/uploads\/2024\/03\/arsenal-24-logo.png","width":140,"height":140,"caption":"Arsena\u0142 - Profesjonalny sklep z broni\u0105 i akcesoriami"},"image":{"@id":"https:\/\/arsenal24.pl\/#\/schema\/logo\/image\/"},"sameAs":["https:\/\/www.facebook.com\/people\/Arsena-Sklep\/100035187290806\/?locale=pl_PL&paipv=0&eav=AfaBd4HS6M2sZy5PxVGmBIZx9hgg_97kXvqKJ8pngB-S_qRYY5xCeE23HjB7T-5FY6o&_rdr"]}]}},"_links":{"self":[{"href":"https:\/\/arsenal24.pl\/uk\/wp-json\/wp\/v2\/product\/7208","targetHints":{"allow":["GET"]}}],"collection":[{"href":"https:\/\/arsenal24.pl\/uk\/wp-json\/wp\/v2\/product"}],"about":[{"href":"https:\/\/arsenal24.pl\/uk\/wp-json\/wp\/v2\/types\/product"}],"version-history":[{"count":1,"href":"https:\/\/arsenal24.pl\/uk\/wp-json\/wp\/v2\/product\/7208\/revisions"}],"predecessor-version":[{"id":7209,"href":"https:\/\/arsenal24.pl\/uk\/wp-json\/wp\/v2\/product\/7208\/revisions\/7209"}],"wp:featuredmedia":[{"embeddable":true,"href":"https:\/\/arsenal24.pl\/uk\/wp-json\/wp\/v2\/media\/7210"}],"wp:attachment":[{"href":"https:\/\/arsenal24.pl\/uk\/wp-json\/wp\/v2\/media?parent=7208"}],"wp:term":[{"taxonomy":"brand","embeddable":true,"href":"https:\/\/arsenal24.pl\/uk\/wp-json\/wp\/v2\/etheme_brands?post=7208"},{"taxonomy":"product_brand","embeddable":true,"href":"https:\/\/arsenal24.pl\/uk\/wp-json\/wp\/v2\/product_brand?post=7208"},{"taxonomy":"product_cat","embeddable":true,"href":"https:\/\/arsenal24.pl\/uk\/wp-json\/wp\/v2\/product_cat?post=7208"},{"taxonomy":"product_tag","embeddable":true,"href":"https:\/\/arsenal24.pl\/uk\/wp-json\/wp\/v2\/product_tag?post=7208"}],"curies":[{"name":"wp","href":"https:\/\/api.w.org\/{rel}","templated":true}]}}