{"id":7184,"date":"2025-10-01T13:39:55","date_gmt":"2025-10-01T11:39:55","guid":{"rendered":"https:\/\/arsenal24.pl\/?post_type=product&#038;p=7184"},"modified":"2026-01-09T16:08:41","modified_gmt":"2026-01-09T15:08:41","slug":"karabinek-samopowtarzalny-svrn-sporter-102tk-5-56x45","status":"publish","type":"product","link":"https:\/\/arsenal24.pl\/uk\/product\/karabinek-samopowtarzalny-svrn-sporter-102tk-5-56x45\/","title":{"rendered":"Karabinek samopowtarzalny Pioneer Arms Corp SPORTER 102TK 5.56\u00d745 m 7,62&#215;39"},"content":{"rendered":"<h3>Karabin samopowtarzalny SVRN Sporter PAC102TK kal. 5,56&#215;45\/.223Rem<\/h3>\n<p>Karabinek <b>PAC102TK<\/b>\u00a0w kalibrze <strong data-start=\"185\" data-end=\"212\">5,56&#215;45 NATO \/ .223 lub 7,62&#215;39 Rem<\/strong> to zaawansowana wersja linii <strong data-start=\"242\" data-end=\"253\">Sporter<\/strong>, opracowana i produkowana przez firm\u0119 <strong data-start=\"292\" data-end=\"321\">Suveren Small Arms Poland<\/strong>, kt\u00f3ra wywodzi si\u0119 z Wielkopolski. Firma PA-KO od dekad dzia\u0142a w bran\u017cy zbrojeniowej, produkuj\u0105c niezawodn\u0105 bro\u0144 dla profesjonalist\u00f3w oraz entuzjast\u00f3w strzelectwa.<\/p>\n<p data-start=\"700\" data-end=\"1201\">Karabinek <b>PAC102TK<\/b>\u00a0oparty jest na sprawdzonej konstrukcji AK-47, znanej na ca\u0142ym \u015bwiecie ze swojej wytrzyma\u0142o\u015bci i niezawodno\u015bci. Karabin ten dzia\u0142a w oparciu o <strong data-start=\"864\" data-end=\"893\">d\u0142ugi skok t\u0142oka gazowego<\/strong>, kt\u00f3ry minimalizuje zanieczyszczenia w komorze zamkowej, co bezpo\u015brednio przek\u0142ada si\u0119 na niezawodno\u015b\u0107 nawet w najci\u0119\u017cszych warunkach pogodowych i eksploatacyjnych. W konstrukcji zastosowano wiele nowoczesnych element\u00f3w AK, w tym w cenionych polskich karabinach <strong data-start=\"1156\" data-end=\"1165\">Beryl<\/strong>, u\u017cytkowanych przez Wojsko Polskie.<\/p>\n<p data-start=\"1203\" data-end=\"1578\"><b>PAC102TK<\/b> wyposa\u017cony jest w <strong data-start=\"1233\" data-end=\"1253\">16,3-calow\u0105 luf\u0119<\/strong> (415mm) wykonan\u0105 w technologii przeci\u0105gania, co zwi\u0119ksza jej trwa\u0142o\u015b\u0107 oraz precyzj\u0119 podczas strzelania. Lufa jest zako\u0144czona <strong data-start=\"1379\" data-end=\"1405\">kompensatorem podrzutu<\/strong>, co pomaga w kontrolowaniu odrzutu i poprawia celno\u015b\u0107. Gwint <strong data-start=\"1467\" data-end=\"1477\">5\/8&#215;24<\/strong> pozwala na monta\u017c dodatkowych urz\u0105dze\u0144 wylotowych, takich jak t\u0142umik p\u0142omienia lub hamulec wylotowy.<\/p>\n<h3 data-start=\"1585\" data-end=\"1619\">Nowoczesne elementy taktyczne:<\/h3>\n<p data-start=\"1621\" data-end=\"1720\">W przeciwie\u0144stwie do tradycyjnych modeli AK, <b>PAC102TK<\/b>\u00a0oferuje nowoczesne, taktyczne rozwi\u0105zania:<\/p>\n<ul data-start=\"1722\" data-end=\"2347\">\n<li data-start=\"1722\" data-end=\"1884\">\n<p data-start=\"1724\" data-end=\"1884\"><strong data-start=\"1724\" data-end=\"1744\">Regulowana kolba<\/strong> w standardzie MIL-SPEC, znana z platform AR-15, pozwala na dostosowanie d\u0142ugo\u015bci broni do preferencji strzelca oraz sytuacji taktycznych.<\/p>\n<\/li>\n<li data-start=\"1885\" data-end=\"2041\">\n<p data-start=\"1887\" data-end=\"2041\"><strong data-start=\"1887\" data-end=\"1926\">Aluminiowe \u0142o\u017ce z szynami Picatinny<\/strong>, kt\u00f3re pozwala na monta\u017c szerokiej gamy akcesori\u00f3w, takich jak optyka, kolimatory, latarki taktyczne czy chwyty.<\/p>\n<\/li>\n<li data-start=\"2042\" data-end=\"2186\">\n<p data-start=\"2044\" data-end=\"2186\"><strong data-start=\"2044\" data-end=\"2076\">Polimerowy chwyt pistoletowy<\/strong> o nowoczesnym profilu i pewnym chwycie, co zwi\u0119ksza kontrol\u0119 nad karabinem podczas intensywnego strzelania.<\/p>\n<\/li>\n<li data-start=\"2187\" data-end=\"2347\">\n<p data-start=\"2189\" data-end=\"2347\"><strong data-start=\"2189\" data-end=\"2225\">Zintegrowana os\u0142ona rury gazowej<\/strong> z aluminiow\u0105 szyn\u0105 Picatinny umo\u017cliwia monta\u017c dodatkowych akcesori\u00f3w nad luf\u0105, co rozszerza mo\u017cliwo\u015bci adaptacyjne broni.<\/p>\n<\/li>\n<\/ul>\n<p>Karabinek <strong data-start=\"2404\" data-end=\"2415\">PAC103C<\/strong> jest wykonany zgodnie z wojskowymi standardami, co czyni go niezawodnym i wytrzyma\u0142ym narz\u0119dziem na polu walki. Dzi\u0119ki konstrukcji opartej na AK, cechuje si\u0119 du\u017c\u0105 odporno\u015bci\u0105 na zanieczyszczenia, co sprawia, \u017ce jest idealnym wyborem do pracy w warunkach bojowych, gdzie niezawodno\u015b\u0107 jest kluczowa.<\/p>\n<p data-start=\"2752\" data-end=\"3207\">Marka <strong data-start=\"2758\" data-end=\"2787\">Suveren Small Arms Poland<\/strong> powsta\u0142a z inicjatywy <strong data-start=\"2810\" data-end=\"2819\">PA-KO<\/strong>, kt\u00f3ra rozwija\u0142a swoje do\u015bwiadczenie w produkcji karabin\u00f3w od lat 90-tych. Po zakupie linii produkcyjnej <strong data-start=\"2925\" data-end=\"2952\">Pioneer Arms Corp (PAC)<\/strong>, firma postanowi\u0142a rozszerzy\u0107 ofert\u0119 o nowoczesne klony karabink\u00f3w AK oraz nowoczesne karabinki AR. Szybko zdoby\u0142a popularno\u015b\u0107 w Polsce i za granic\u0105, a ich produkty, takie jak PAC103C, s\u0105 cenione przez strzelc\u00f3w sportowych i taktycznych na ca\u0142ym \u015bwiecie.<\/p>\n<h3 data-start=\"3214\" data-end=\"3242\">\u0422\u0435\u0445\u043d\u0456\u0447\u043d\u0456 \u0445\u0430\u0440\u0430\u043a\u0442\u0435\u0440\u0438\u0441\u0442\u0438\u043a\u0438:<\/h3>\n<ul data-start=\"3244\" data-end=\"3592\">\n<li data-start=\"3244\" data-end=\"3284\">\n<p data-start=\"3246\" data-end=\"3284\"><strong data-start=\"3246\" data-end=\"3258\">\u041a\u0430\u043b\u0456\u0431\u0440:<\/strong> 5,56&#215;45 NATO \/ .223 Rem, 7,62&#215;39<\/p>\n<\/li>\n<li data-start=\"3285\" data-end=\"3316\">\n<p data-start=\"3287\" data-end=\"3316\"><strong data-start=\"3287\" data-end=\"3304\">\u0414\u043e\u0432\u0436\u0438\u043d\u0430 \u0441\u0442\u0432\u043e\u043b\u0430:<\/strong> 16,3 cala<\/p>\n<\/li>\n<li data-start=\"3317\" data-end=\"3343\">\n<p data-start=\"3319\" data-end=\"3343\"><strong data-start=\"3319\" data-end=\"3331\">D\u0142ugo\u015b\u0107:<\/strong> 870-930mm<\/p>\n<\/li>\n<li data-start=\"3344\" data-end=\"3364\">\n<p data-start=\"3346\" data-end=\"3364\"><strong data-start=\"3346\" data-end=\"3355\">\u0412\u0430\u0433\u0430:<\/strong> 3,7 kg<\/p>\n<\/li>\n<li data-start=\"3365\" data-end=\"3413\">\n<p data-start=\"3367\" data-end=\"3413\"><strong data-start=\"3367\" data-end=\"3384\">Rodzaj broni:<\/strong> Samopowtarzalna, taktyczna<\/p>\n<\/li>\n<li data-start=\"3414\" data-end=\"3439\">\n<p data-start=\"3416\" data-end=\"3439\"><strong data-start=\"3416\" data-end=\"3426\">Chwyt:<\/strong> Polimerowy<\/p>\n<\/li>\n<li data-start=\"3440\" data-end=\"3486\">\n<p data-start=\"3442\" data-end=\"3486\"><strong data-start=\"3442\" data-end=\"3452\">Kolba:<\/strong> Regulowana w systemie Picatinny<\/p>\n<\/li>\n<li data-start=\"3487\" data-end=\"3543\">\n<p data-start=\"3489\" data-end=\"3543\"><strong data-start=\"3489\" data-end=\"3512\">\u0141o\u017ce i rura gazowa:<\/strong> Aluminiowa z szyn\u0105 Picatinny<\/p>\n<\/li>\n<li data-start=\"3544\" data-end=\"3592\">\n<p data-start=\"3546\" data-end=\"3592\"><strong data-start=\"3546\" data-end=\"3570\">Mechanizm dzia\u0142ania:<\/strong> D\u0142ugi t\u0142ok gazowego<\/p>\n<\/li>\n<li data-start=\"3544\" data-end=\"3592\"><strong>Gwint na ko\u0144cu lufy:<\/strong> Tak, z kompensatorem podrzutu<\/li>\n<\/ul>","protected":false},"excerpt":{"rendered":"<p>Karabin samopowtarzalny SVRN Sporter PAC102TK kal. 5,56&#215;45\/.223Rem Karabinek PAC102TK\u00a0w kalibrze 5,56&#215;45 NATO \/ .223 lub 7,62&#215;39 Rem to zaawansowana wersja linii Sporter, opracowana i produkowana&#8230;<\/p>","protected":false},"featured_media":7185,"template":"","meta":[],"etheme_brands":[{"term_id":212,"name":"SVRN","slug":"svrn","term_group":0,"term_taxonomy_id":212,"taxonomy":"brand","description":"","parent":0,"count":6,"filter":"raw"}],"product_brand":[],"product_cat":[100],"product_tag":[],"class_list":{"0":"post-7184","1":"product","2":"type-product","3":"status-publish","4":"has-post-thumbnail","6":"brand-svrn","7":"product_cat-bron-sportowa","9":"first","10":"instock","11":"shipping-taxable","12":"purchasable","13":"product-type-simple"},"yoast_head":"<!-- This site is optimized with the Yoast SEO Premium plugin v24.0 (Yoast SEO v26.0) - https:\/\/yoast.com\/wordpress\/plugins\/seo\/ -->\n<title>Karabinek samopowtarzalny SVRN SPORTER 102TK 5.56\u00d745<\/title>\n<meta name=\"description\" content=\"Karabinek PAC102TK\u00a0w kalibrze 5,56x45 NATO \/ .223 Rem to zaawansowana wersja linii Sporter, opracowana i produkowana przez firm\u0119 Suveren Small Arms Poland.\" \/>\n<meta name=\"robots\" content=\"index, follow, max-snippet:-1, max-image-preview:large, max-video-preview:-1\" \/>\n<link rel=\"canonical\" href=\"https:\/\/arsenal24.pl\/uk\/product\/karabinek-samopowtarzalny-svrn-sporter-102tk-5-56x45\/\" \/>\n<meta property=\"og:locale\" content=\"uk_UA\" \/>\n<meta property=\"og:type\" content=\"article\" \/>\n<meta property=\"og:title\" content=\"Karabinek samopowtarzalny Pioneer Arms Corp SPORTER 102TK 5.56\u00d745 m 7,62x39\" \/>\n<meta property=\"og:description\" content=\"Karabinek PAC102TK\u00a0w kalibrze 5,56x45 NATO \/ .223 Rem to zaawansowana wersja linii Sporter, opracowana i produkowana przez firm\u0119 Suveren Small Arms Poland.\" \/>\n<meta property=\"og:url\" content=\"https:\/\/arsenal24.pl\/uk\/product\/karabinek-samopowtarzalny-svrn-sporter-102tk-5-56x45\/\" \/>\n<meta property=\"og:site_name\" content=\"Arsena\u0142 - Profesjonalny sklep z broni\u0105 i akcesoriami\" \/>\n<meta property=\"article:publisher\" content=\"https:\/\/www.facebook.com\/people\/Arsena-Sklep\/100035187290806\/?locale=pl_PL&amp;paipv=0&amp;eav=AfaBd4HS6M2sZy5PxVGmBIZx9hgg_97kXvqKJ8pngB-S_qRYY5xCeE23HjB7T-5FY6o&amp;_rdr\" \/>\n<meta property=\"article:modified_time\" content=\"2026-01-09T15:08:41+00:00\" \/>\n<meta property=\"og:image\" content=\"https:\/\/arsenal24.pl\/wp-content\/uploads\/2025\/10\/photo_01.webp\" \/>\n\t<meta property=\"og:image:width\" content=\"1100\" \/>\n\t<meta property=\"og:image:height\" content=\"1100\" \/>\n\t<meta property=\"og:image:type\" content=\"image\/webp\" \/>\n<meta name=\"twitter:card\" content=\"summary_large_image\" \/>\n<meta name=\"twitter:label1\" content=\"\u041f\u0440\u0438\u0431\u043b. \u0447\u0430\u0441 \u0447\u0438\u0442\u0430\u043d\u043d\u044f\" \/>\n\t<meta name=\"twitter:data1\" content=\"3 \u0445\u0432\u0438\u043b\u0438\u043d\u0438\" \/>\n<script type=\"application\/ld+json\" class=\"yoast-schema-graph\">{\"@context\":\"https:\/\/schema.org\",\"@graph\":[{\"@type\":\"WebPage\",\"@id\":\"https:\/\/arsenal24.pl\/produkt\/karabinek-samopowtarzalny-svrn-sporter-102tk-5-56x45\/\",\"url\":\"https:\/\/arsenal24.pl\/produkt\/karabinek-samopowtarzalny-svrn-sporter-102tk-5-56x45\/\",\"name\":\"Karabinek samopowtarzalny SVRN SPORTER 102TK 5.56\u00d745\",\"isPartOf\":{\"@id\":\"https:\/\/arsenal24.pl\/#website\"},\"primaryImageOfPage\":{\"@id\":\"https:\/\/arsenal24.pl\/produkt\/karabinek-samopowtarzalny-svrn-sporter-102tk-5-56x45\/#primaryimage\"},\"image\":{\"@id\":\"https:\/\/arsenal24.pl\/produkt\/karabinek-samopowtarzalny-svrn-sporter-102tk-5-56x45\/#primaryimage\"},\"thumbnailUrl\":\"https:\/\/arsenal24.pl\/wp-content\/uploads\/2025\/10\/photo_01.webp\",\"datePublished\":\"2025-10-01T11:39:55+00:00\",\"dateModified\":\"2026-01-09T15:08:41+00:00\",\"description\":\"Karabinek PAC102TK\u00a0w kalibrze 5,56x45 NATO \/ .223 Rem to zaawansowana wersja linii Sporter, opracowana i produkowana przez firm\u0119 Suveren Small Arms Poland.\",\"breadcrumb\":{\"@id\":\"https:\/\/arsenal24.pl\/produkt\/karabinek-samopowtarzalny-svrn-sporter-102tk-5-56x45\/#breadcrumb\"},\"inLanguage\":\"uk\",\"potentialAction\":[{\"@type\":\"ReadAction\",\"target\":[\"https:\/\/arsenal24.pl\/produkt\/karabinek-samopowtarzalny-svrn-sporter-102tk-5-56x45\/\"]}]},{\"@type\":\"ImageObject\",\"inLanguage\":\"uk\",\"@id\":\"https:\/\/arsenal24.pl\/produkt\/karabinek-samopowtarzalny-svrn-sporter-102tk-5-56x45\/#primaryimage\",\"url\":\"https:\/\/arsenal24.pl\/wp-content\/uploads\/2025\/10\/photo_01.webp\",\"contentUrl\":\"https:\/\/arsenal24.pl\/wp-content\/uploads\/2025\/10\/photo_01.webp\",\"width\":1100,\"height\":1100},{\"@type\":\"BreadcrumbList\",\"@id\":\"https:\/\/arsenal24.pl\/produkt\/karabinek-samopowtarzalny-svrn-sporter-102tk-5-56x45\/#breadcrumb\",\"itemListElement\":[{\"@type\":\"ListItem\",\"position\":1,\"name\":\"Strona g\u0142\u00f3wna\",\"item\":\"https:\/\/arsenal24.pl\/\"},{\"@type\":\"ListItem\",\"position\":2,\"name\":\"Sklep\",\"item\":\"https:\/\/arsenal24.pl\/sklep\/\"},{\"@type\":\"ListItem\",\"position\":3,\"name\":\"Karabinek samopowtarzalny Pioneer Arms Corp SPORTER 102TK 5.56\u00d745 m 7,62&#215;39\"}]},{\"@type\":\"WebSite\",\"@id\":\"https:\/\/arsenal24.pl\/#website\",\"url\":\"https:\/\/arsenal24.pl\/\",\"name\":\"Arsena\u0142 - Profesjonalny sklep z broni\u0105 i akcesoriami\",\"description\":\"\",\"publisher\":{\"@id\":\"https:\/\/arsenal24.pl\/#organization\"},\"potentialAction\":[{\"@type\":\"SearchAction\",\"target\":{\"@type\":\"EntryPoint\",\"urlTemplate\":\"https:\/\/arsenal24.pl\/?s={search_term_string}\"},\"query-input\":{\"@type\":\"PropertyValueSpecification\",\"valueRequired\":true,\"valueName\":\"search_term_string\"}}],\"inLanguage\":\"uk\"},{\"@type\":\"Organization\",\"@id\":\"https:\/\/arsenal24.pl\/#organization\",\"name\":\"Arsena\u0142 - Profesjonalny sklep z broni\u0105 i akcesoriami\",\"url\":\"https:\/\/arsenal24.pl\/\",\"logo\":{\"@type\":\"ImageObject\",\"inLanguage\":\"uk\",\"@id\":\"https:\/\/arsenal24.pl\/#\/schema\/logo\/image\/\",\"url\":\"https:\/\/server568771.nazwa.pl\/arse\/wp-content\/uploads\/2024\/03\/arsenal-24-logo.png\",\"contentUrl\":\"https:\/\/server568771.nazwa.pl\/arse\/wp-content\/uploads\/2024\/03\/arsenal-24-logo.png\",\"width\":140,\"height\":140,\"caption\":\"Arsena\u0142 - Profesjonalny sklep z broni\u0105 i akcesoriami\"},\"image\":{\"@id\":\"https:\/\/arsenal24.pl\/#\/schema\/logo\/image\/\"},\"sameAs\":[\"https:\/\/www.facebook.com\/people\/Arsena-Sklep\/100035187290806\/?locale=pl_PL&paipv=0&eav=AfaBd4HS6M2sZy5PxVGmBIZx9hgg_97kXvqKJ8pngB-S_qRYY5xCeE23HjB7T-5FY6o&_rdr\"]}]}<\/script>\n<!-- \/ Yoast SEO Premium plugin. -->","yoast_head_json":{"title":"Karabinek samopowtarzalny SVRN SPORTER 102TK 5.56\u00d745","description":"Karabinek PAC102TK\u00a0w kalibrze 5,56x45 NATO \/ .223 Rem to zaawansowana wersja linii Sporter, opracowana i produkowana przez firm\u0119 Suveren Small Arms Poland.","robots":{"index":"index","follow":"follow","max-snippet":"max-snippet:-1","max-image-preview":"max-image-preview:large","max-video-preview":"max-video-preview:-1"},"canonical":"https:\/\/arsenal24.pl\/uk\/product\/karabinek-samopowtarzalny-svrn-sporter-102tk-5-56x45\/","og_locale":"uk_UA","og_type":"article","og_title":"Karabinek samopowtarzalny Pioneer Arms Corp SPORTER 102TK 5.56\u00d745 m 7,62x39","og_description":"Karabinek PAC102TK\u00a0w kalibrze 5,56x45 NATO \/ .223 Rem to zaawansowana wersja linii Sporter, opracowana i produkowana przez firm\u0119 Suveren Small Arms Poland.","og_url":"https:\/\/arsenal24.pl\/uk\/product\/karabinek-samopowtarzalny-svrn-sporter-102tk-5-56x45\/","og_site_name":"Arsena\u0142 - Profesjonalny sklep z broni\u0105 i akcesoriami","article_publisher":"https:\/\/www.facebook.com\/people\/Arsena-Sklep\/100035187290806\/?locale=pl_PL&paipv=0&eav=AfaBd4HS6M2sZy5PxVGmBIZx9hgg_97kXvqKJ8pngB-S_qRYY5xCeE23HjB7T-5FY6o&_rdr","article_modified_time":"2026-01-09T15:08:41+00:00","og_image":[{"width":1100,"height":1100,"url":"https:\/\/arsenal24.pl\/wp-content\/uploads\/2025\/10\/photo_01.webp","type":"image\/webp"}],"twitter_card":"summary_large_image","twitter_misc":{"\u041f\u0440\u0438\u0431\u043b. \u0447\u0430\u0441 \u0447\u0438\u0442\u0430\u043d\u043d\u044f":"3 \u0445\u0432\u0438\u043b\u0438\u043d\u0438"},"schema":{"@context":"https:\/\/schema.org","@graph":[{"@type":"WebPage","@id":"https:\/\/arsenal24.pl\/produkt\/karabinek-samopowtarzalny-svrn-sporter-102tk-5-56x45\/","url":"https:\/\/arsenal24.pl\/produkt\/karabinek-samopowtarzalny-svrn-sporter-102tk-5-56x45\/","name":"Karabinek samopowtarzalny SVRN SPORTER 102TK 5.56\u00d745","isPartOf":{"@id":"https:\/\/arsenal24.pl\/#website"},"primaryImageOfPage":{"@id":"https:\/\/arsenal24.pl\/produkt\/karabinek-samopowtarzalny-svrn-sporter-102tk-5-56x45\/#primaryimage"},"image":{"@id":"https:\/\/arsenal24.pl\/produkt\/karabinek-samopowtarzalny-svrn-sporter-102tk-5-56x45\/#primaryimage"},"thumbnailUrl":"https:\/\/arsenal24.pl\/wp-content\/uploads\/2025\/10\/photo_01.webp","datePublished":"2025-10-01T11:39:55+00:00","dateModified":"2026-01-09T15:08:41+00:00","description":"Karabinek PAC102TK\u00a0w kalibrze 5,56x45 NATO \/ .223 Rem to zaawansowana wersja linii Sporter, opracowana i produkowana przez firm\u0119 Suveren Small Arms Poland.","breadcrumb":{"@id":"https:\/\/arsenal24.pl\/produkt\/karabinek-samopowtarzalny-svrn-sporter-102tk-5-56x45\/#breadcrumb"},"inLanguage":"uk","potentialAction":[{"@type":"ReadAction","target":["https:\/\/arsenal24.pl\/produkt\/karabinek-samopowtarzalny-svrn-sporter-102tk-5-56x45\/"]}]},{"@type":"ImageObject","inLanguage":"uk","@id":"https:\/\/arsenal24.pl\/produkt\/karabinek-samopowtarzalny-svrn-sporter-102tk-5-56x45\/#primaryimage","url":"https:\/\/arsenal24.pl\/wp-content\/uploads\/2025\/10\/photo_01.webp","contentUrl":"https:\/\/arsenal24.pl\/wp-content\/uploads\/2025\/10\/photo_01.webp","width":1100,"height":1100},{"@type":"BreadcrumbList","@id":"https:\/\/arsenal24.pl\/produkt\/karabinek-samopowtarzalny-svrn-sporter-102tk-5-56x45\/#breadcrumb","itemListElement":[{"@type":"ListItem","position":1,"name":"Strona g\u0142\u00f3wna","item":"https:\/\/arsenal24.pl\/"},{"@type":"ListItem","position":2,"name":"Sklep","item":"https:\/\/arsenal24.pl\/sklep\/"},{"@type":"ListItem","position":3,"name":"Karabinek samopowtarzalny Pioneer Arms Corp SPORTER 102TK 5.56\u00d745 m 7,62&#215;39"}]},{"@type":"WebSite","@id":"https:\/\/arsenal24.pl\/#website","url":"https:\/\/arsenal24.pl\/","name":"\u0410\u0440\u0441\u0435\u043d\u0430\u043b - \u043c\u0430\u0433\u0430\u0437\u0438\u043d \u043f\u0440\u043e\u0444\u0435\u0441\u0456\u0439\u043d\u043e\u0457 \u0437\u0431\u0440\u043e\u0457 \u0442\u0430 \u0430\u043a\u0441\u0435\u0441\u0443\u0430\u0440\u0456\u0432","description":"","publisher":{"@id":"https:\/\/arsenal24.pl\/#organization"},"potentialAction":[{"@type":"SearchAction","target":{"@type":"EntryPoint","urlTemplate":"https:\/\/arsenal24.pl\/?s={search_term_string}"},"query-input":{"@type":"PropertyValueSpecification","valueRequired":true,"valueName":"search_term_string"}}],"inLanguage":"uk"},{"@type":"Organization","@id":"https:\/\/arsenal24.pl\/#organization","name":"\u0410\u0440\u0441\u0435\u043d\u0430\u043b - \u043c\u0430\u0433\u0430\u0437\u0438\u043d \u043f\u0440\u043e\u0444\u0435\u0441\u0456\u0439\u043d\u043e\u0457 \u0437\u0431\u0440\u043e\u0457 \u0442\u0430 \u0430\u043a\u0441\u0435\u0441\u0443\u0430\u0440\u0456\u0432","url":"https:\/\/arsenal24.pl\/","logo":{"@type":"ImageObject","inLanguage":"uk","@id":"https:\/\/arsenal24.pl\/#\/schema\/logo\/image\/","url":"https:\/\/server568771.nazwa.pl\/arse\/wp-content\/uploads\/2024\/03\/arsenal-24-logo.png","contentUrl":"https:\/\/server568771.nazwa.pl\/arse\/wp-content\/uploads\/2024\/03\/arsenal-24-logo.png","width":140,"height":140,"caption":"Arsena\u0142 - Profesjonalny sklep z broni\u0105 i akcesoriami"},"image":{"@id":"https:\/\/arsenal24.pl\/#\/schema\/logo\/image\/"},"sameAs":["https:\/\/www.facebook.com\/people\/Arsena-Sklep\/100035187290806\/?locale=pl_PL&paipv=0&eav=AfaBd4HS6M2sZy5PxVGmBIZx9hgg_97kXvqKJ8pngB-S_qRYY5xCeE23HjB7T-5FY6o&_rdr"]}]}},"_links":{"self":[{"href":"https:\/\/arsenal24.pl\/uk\/wp-json\/wp\/v2\/product\/7184","targetHints":{"allow":["GET"]}}],"collection":[{"href":"https:\/\/arsenal24.pl\/uk\/wp-json\/wp\/v2\/product"}],"about":[{"href":"https:\/\/arsenal24.pl\/uk\/wp-json\/wp\/v2\/types\/product"}],"version-history":[{"count":4,"href":"https:\/\/arsenal24.pl\/uk\/wp-json\/wp\/v2\/product\/7184\/revisions"}],"predecessor-version":[{"id":7304,"href":"https:\/\/arsenal24.pl\/uk\/wp-json\/wp\/v2\/product\/7184\/revisions\/7304"}],"wp:featuredmedia":[{"embeddable":true,"href":"https:\/\/arsenal24.pl\/uk\/wp-json\/wp\/v2\/media\/7185"}],"wp:attachment":[{"href":"https:\/\/arsenal24.pl\/uk\/wp-json\/wp\/v2\/media?parent=7184"}],"wp:term":[{"taxonomy":"brand","embeddable":true,"href":"https:\/\/arsenal24.pl\/uk\/wp-json\/wp\/v2\/etheme_brands?post=7184"},{"taxonomy":"product_brand","embeddable":true,"href":"https:\/\/arsenal24.pl\/uk\/wp-json\/wp\/v2\/product_brand?post=7184"},{"taxonomy":"product_cat","embeddable":true,"href":"https:\/\/arsenal24.pl\/uk\/wp-json\/wp\/v2\/product_cat?post=7184"},{"taxonomy":"product_tag","embeddable":true,"href":"https:\/\/arsenal24.pl\/uk\/wp-json\/wp\/v2\/product_tag?post=7184"}],"curies":[{"name":"wp","href":"https:\/\/api.w.org\/{rel}","templated":true}]}}