{"id":7070,"date":"2025-07-01T15:44:26","date_gmt":"2025-07-01T13:44:26","guid":{"rendered":"https:\/\/arsenal24.pl\/?post_type=product&#038;p=7070"},"modified":"2025-11-13T17:24:34","modified_gmt":"2025-11-13T16:24:34","slug":"amunicja-ggg-308-win-sierra-180gr-11-66g-sbt-arsenal-sklep","status":"publish","type":"product","link":"https:\/\/arsenal24.pl\/uk\/product\/amunicja-ggg-308-win-sierra-180gr-11-66g-sbt-arsenal-sklep\/","title":{"rendered":"Amunicja GGG .308 Win Sierra 180gr 11,66g SBT"},"content":{"rendered":"<h2><strong>\u0422\u0435\u0445\u043d\u0456\u0447\u043d\u0456 \u0434\u0430\u043d\u0456:<\/strong><\/h2>\n<p><strong>\u041a\u0430\u043b\u0456\u0431\u0440:<\/strong> .308 Win.<br \/>\n<strong>Typ pocisku:<\/strong> SIerra SBT<br \/>\n<strong>Masa Pocisku:<\/strong> 180gr\/11,66 g<br \/>\n<strong>Opakowanie zawiera:<\/strong> 20 sztuk<\/p>","protected":false},"excerpt":{"rendered":"<p><strong>Amunicja kulowa GGG centralnego zap\u0142onu w kalibrze .308 WIN<\/strong> z pociskiem t<strong>ypu Sierra SBT<\/strong>. Pocisk ten cechuje si\u0119 dobrze zaprojektowane tylne \u015bci\u0119cie, st\u0105d ich skr\u00f3cona nazwa <strong>SBT (Spitzer Boat Tail)<\/strong>, daj\u0105cym pociskowi my\u015bliwskiemu mo\u017cliwo\u015bci odpowiadaj\u0105ce pociskowi wyczynowemu. Op\u0142ywowa zw\u0119\u017cona tylnia cz\u0119\u015b\u0107 kuli znacznie redukuje op\u00f3r powietrza, zwi\u0119kszaj\u0105c tym samym zasi\u0119g oraz energi\u0119 uderzenia, bardziej p\u0142ask\u0105 trajektori\u0119 i mniejsz\u0105 podatno\u015b\u0107 kuli na wiatr boczny. <strong>Waga pocisku 180 gr. Opakowanie zawiera 20 szt.<\/strong><\/p>\n<p>Amunicja sprzedawana jest wy\u0142\u0105cznie w paczkach.<\/p>","protected":false},"featured_media":7071,"template":"","meta":[],"etheme_brands":[],"product_brand":[256],"product_cat":[230],"product_tag":[],"class_list":{"0":"post-7070","1":"product","2":"type-product","3":"status-publish","4":"has-post-thumbnail","6":"product_brand-ggg","7":"product_cat-amunicja-centralnego-zaplonu","9":"first","10":"instock","11":"shipping-taxable","12":"purchasable","13":"product-type-simple"},"yoast_head":"<!-- This site is optimized with the Yoast SEO Premium plugin v24.0 (Yoast SEO v26.0) - https:\/\/yoast.com\/wordpress\/plugins\/seo\/ -->\n<title>Amunicja GGG .308 Win Sierra 180gr 11.66g SBT - Arsena\u0142 sklep<\/title>\n<meta name=\"description\" content=\"Amunicja karabinowa GGG .308 Win 180gr Sierra SBT to wyspecjalizowany nab\u00f3j w kalibrze .308 Winchester, wyposa\u017cony w pocisk typu SBT.\" \/>\n<meta name=\"robots\" content=\"index, follow, max-snippet:-1, max-image-preview:large, max-video-preview:-1\" \/>\n<link rel=\"canonical\" href=\"https:\/\/arsenal24.pl\/uk\/product\/amunicja-ggg-308-win-sierra-180gr-11-66g-sbt-arsenal-sklep\/\" \/>\n<meta property=\"og:locale\" content=\"uk_UA\" \/>\n<meta property=\"og:type\" content=\"article\" \/>\n<meta property=\"og:title\" content=\"Amunicja GGG .308 Win Sierra 180gr 11,66g SBT\" \/>\n<meta property=\"og:description\" content=\"Amunicja karabinowa GGG .308 Win 180gr Sierra SBT to wyspecjalizowany nab\u00f3j w kalibrze .308 Winchester, wyposa\u017cony w pocisk typu SBT.\" \/>\n<meta property=\"og:url\" content=\"https:\/\/arsenal24.pl\/uk\/product\/amunicja-ggg-308-win-sierra-180gr-11-66g-sbt-arsenal-sklep\/\" \/>\n<meta property=\"og:site_name\" content=\"Arsena\u0142 - Profesjonalny sklep z broni\u0105 i akcesoriami\" \/>\n<meta property=\"article:publisher\" content=\"https:\/\/www.facebook.com\/people\/Arsena-Sklep\/100035187290806\/?locale=pl_PL&amp;paipv=0&amp;eav=AfaBd4HS6M2sZy5PxVGmBIZx9hgg_97kXvqKJ8pngB-S_qRYY5xCeE23HjB7T-5FY6o&amp;_rdr\" \/>\n<meta property=\"article:modified_time\" content=\"2025-11-13T16:24:34+00:00\" \/>\n<meta property=\"og:image\" content=\"https:\/\/arsenal24.pl\/wp-content\/uploads\/2025\/07\/da0d5030-b0db-45a5-97fd-4ecc3799d51a.jpg\" \/>\n\t<meta property=\"og:image:width\" content=\"2500\" \/>\n\t<meta property=\"og:image:height\" content=\"2500\" \/>\n\t<meta property=\"og:image:type\" content=\"image\/jpeg\" \/>\n<meta name=\"twitter:card\" content=\"summary_large_image\" \/>\n<meta name=\"twitter:label1\" content=\"\u041f\u0440\u0438\u0431\u043b. \u0447\u0430\u0441 \u0447\u0438\u0442\u0430\u043d\u043d\u044f\" \/>\n\t<meta name=\"twitter:data1\" content=\"1 \u0445\u0432\u0438\u043b\u0438\u043d\u0430\" \/>\n<script type=\"application\/ld+json\" class=\"yoast-schema-graph\">{\"@context\":\"https:\/\/schema.org\",\"@graph\":[{\"@type\":\"WebPage\",\"@id\":\"https:\/\/arsenal24.pl\/produkt\/amunicja-ggg-308-win-sierra-180gr-11-66g-sbt-arsenal-sklep\/\",\"url\":\"https:\/\/arsenal24.pl\/produkt\/amunicja-ggg-308-win-sierra-180gr-11-66g-sbt-arsenal-sklep\/\",\"name\":\"Amunicja GGG .308 Win Sierra 180gr 11.66g SBT - Arsena\u0142 sklep\",\"isPartOf\":{\"@id\":\"https:\/\/arsenal24.pl\/#website\"},\"primaryImageOfPage\":{\"@id\":\"https:\/\/arsenal24.pl\/produkt\/amunicja-ggg-308-win-sierra-180gr-11-66g-sbt-arsenal-sklep\/#primaryimage\"},\"image\":{\"@id\":\"https:\/\/arsenal24.pl\/produkt\/amunicja-ggg-308-win-sierra-180gr-11-66g-sbt-arsenal-sklep\/#primaryimage\"},\"thumbnailUrl\":\"https:\/\/arsenal24.pl\/wp-content\/uploads\/2025\/07\/da0d5030-b0db-45a5-97fd-4ecc3799d51a.jpg\",\"datePublished\":\"2025-07-01T13:44:26+00:00\",\"dateModified\":\"2025-11-13T16:24:34+00:00\",\"description\":\"Amunicja karabinowa GGG .308 Win 180gr Sierra SBT to wyspecjalizowany nab\u00f3j w kalibrze .308 Winchester, wyposa\u017cony w pocisk typu SBT.\",\"breadcrumb\":{\"@id\":\"https:\/\/arsenal24.pl\/produkt\/amunicja-ggg-308-win-sierra-180gr-11-66g-sbt-arsenal-sklep\/#breadcrumb\"},\"inLanguage\":\"uk\",\"potentialAction\":[{\"@type\":\"ReadAction\",\"target\":[\"https:\/\/arsenal24.pl\/produkt\/amunicja-ggg-308-win-sierra-180gr-11-66g-sbt-arsenal-sklep\/\"]}]},{\"@type\":\"ImageObject\",\"inLanguage\":\"uk\",\"@id\":\"https:\/\/arsenal24.pl\/produkt\/amunicja-ggg-308-win-sierra-180gr-11-66g-sbt-arsenal-sklep\/#primaryimage\",\"url\":\"https:\/\/arsenal24.pl\/wp-content\/uploads\/2025\/07\/da0d5030-b0db-45a5-97fd-4ecc3799d51a.jpg\",\"contentUrl\":\"https:\/\/arsenal24.pl\/wp-content\/uploads\/2025\/07\/da0d5030-b0db-45a5-97fd-4ecc3799d51a.jpg\",\"width\":2500,\"height\":2500},{\"@type\":\"BreadcrumbList\",\"@id\":\"https:\/\/arsenal24.pl\/produkt\/amunicja-ggg-308-win-sierra-180gr-11-66g-sbt-arsenal-sklep\/#breadcrumb\",\"itemListElement\":[{\"@type\":\"ListItem\",\"position\":1,\"name\":\"Strona g\u0142\u00f3wna\",\"item\":\"https:\/\/arsenal24.pl\/\"},{\"@type\":\"ListItem\",\"position\":2,\"name\":\"Sklep\",\"item\":\"https:\/\/arsenal24.pl\/sklep\/\"},{\"@type\":\"ListItem\",\"position\":3,\"name\":\"Amunicja GGG .308 Win Sierra 180gr 11,66g SBT\"}]},{\"@type\":\"WebSite\",\"@id\":\"https:\/\/arsenal24.pl\/#website\",\"url\":\"https:\/\/arsenal24.pl\/\",\"name\":\"Arsena\u0142 - Profesjonalny sklep z broni\u0105 i akcesoriami\",\"description\":\"\",\"publisher\":{\"@id\":\"https:\/\/arsenal24.pl\/#organization\"},\"potentialAction\":[{\"@type\":\"SearchAction\",\"target\":{\"@type\":\"EntryPoint\",\"urlTemplate\":\"https:\/\/arsenal24.pl\/?s={search_term_string}\"},\"query-input\":{\"@type\":\"PropertyValueSpecification\",\"valueRequired\":true,\"valueName\":\"search_term_string\"}}],\"inLanguage\":\"uk\"},{\"@type\":\"Organization\",\"@id\":\"https:\/\/arsenal24.pl\/#organization\",\"name\":\"Arsena\u0142 - Profesjonalny sklep z broni\u0105 i akcesoriami\",\"url\":\"https:\/\/arsenal24.pl\/\",\"logo\":{\"@type\":\"ImageObject\",\"inLanguage\":\"uk\",\"@id\":\"https:\/\/arsenal24.pl\/#\/schema\/logo\/image\/\",\"url\":\"https:\/\/server568771.nazwa.pl\/arse\/wp-content\/uploads\/2024\/03\/arsenal-24-logo.png\",\"contentUrl\":\"https:\/\/server568771.nazwa.pl\/arse\/wp-content\/uploads\/2024\/03\/arsenal-24-logo.png\",\"width\":140,\"height\":140,\"caption\":\"Arsena\u0142 - Profesjonalny sklep z broni\u0105 i akcesoriami\"},\"image\":{\"@id\":\"https:\/\/arsenal24.pl\/#\/schema\/logo\/image\/\"},\"sameAs\":[\"https:\/\/www.facebook.com\/people\/Arsena-Sklep\/100035187290806\/?locale=pl_PL&paipv=0&eav=AfaBd4HS6M2sZy5PxVGmBIZx9hgg_97kXvqKJ8pngB-S_qRYY5xCeE23HjB7T-5FY6o&_rdr\"]}]}<\/script>\n<!-- \/ Yoast SEO Premium plugin. -->","yoast_head_json":{"title":"Amunicja GGG .308 Win Sierra 180gr 11.66g SBT - Arsena\u0142 sklep","description":"Amunicja karabinowa GGG .308 Win 180gr Sierra SBT to wyspecjalizowany nab\u00f3j w kalibrze .308 Winchester, wyposa\u017cony w pocisk typu SBT.","robots":{"index":"index","follow":"follow","max-snippet":"max-snippet:-1","max-image-preview":"max-image-preview:large","max-video-preview":"max-video-preview:-1"},"canonical":"https:\/\/arsenal24.pl\/uk\/product\/amunicja-ggg-308-win-sierra-180gr-11-66g-sbt-arsenal-sklep\/","og_locale":"uk_UA","og_type":"article","og_title":"Amunicja GGG .308 Win Sierra 180gr 11,66g SBT","og_description":"Amunicja karabinowa GGG .308 Win 180gr Sierra SBT to wyspecjalizowany nab\u00f3j w kalibrze .308 Winchester, wyposa\u017cony w pocisk typu SBT.","og_url":"https:\/\/arsenal24.pl\/uk\/product\/amunicja-ggg-308-win-sierra-180gr-11-66g-sbt-arsenal-sklep\/","og_site_name":"Arsena\u0142 - Profesjonalny sklep z broni\u0105 i akcesoriami","article_publisher":"https:\/\/www.facebook.com\/people\/Arsena-Sklep\/100035187290806\/?locale=pl_PL&paipv=0&eav=AfaBd4HS6M2sZy5PxVGmBIZx9hgg_97kXvqKJ8pngB-S_qRYY5xCeE23HjB7T-5FY6o&_rdr","article_modified_time":"2025-11-13T16:24:34+00:00","og_image":[{"width":2500,"height":2500,"url":"https:\/\/arsenal24.pl\/wp-content\/uploads\/2025\/07\/da0d5030-b0db-45a5-97fd-4ecc3799d51a.jpg","type":"image\/jpeg"}],"twitter_card":"summary_large_image","twitter_misc":{"\u041f\u0440\u0438\u0431\u043b. \u0447\u0430\u0441 \u0447\u0438\u0442\u0430\u043d\u043d\u044f":"1 \u0445\u0432\u0438\u043b\u0438\u043d\u0430"},"schema":{"@context":"https:\/\/schema.org","@graph":[{"@type":"WebPage","@id":"https:\/\/arsenal24.pl\/produkt\/amunicja-ggg-308-win-sierra-180gr-11-66g-sbt-arsenal-sklep\/","url":"https:\/\/arsenal24.pl\/produkt\/amunicja-ggg-308-win-sierra-180gr-11-66g-sbt-arsenal-sklep\/","name":"Amunicja GGG .308 Win Sierra 180gr 11.66g SBT - Arsena\u0142 sklep","isPartOf":{"@id":"https:\/\/arsenal24.pl\/#website"},"primaryImageOfPage":{"@id":"https:\/\/arsenal24.pl\/produkt\/amunicja-ggg-308-win-sierra-180gr-11-66g-sbt-arsenal-sklep\/#primaryimage"},"image":{"@id":"https:\/\/arsenal24.pl\/produkt\/amunicja-ggg-308-win-sierra-180gr-11-66g-sbt-arsenal-sklep\/#primaryimage"},"thumbnailUrl":"https:\/\/arsenal24.pl\/wp-content\/uploads\/2025\/07\/da0d5030-b0db-45a5-97fd-4ecc3799d51a.jpg","datePublished":"2025-07-01T13:44:26+00:00","dateModified":"2025-11-13T16:24:34+00:00","description":"Amunicja karabinowa GGG .308 Win 180gr Sierra SBT to wyspecjalizowany nab\u00f3j w kalibrze .308 Winchester, wyposa\u017cony w pocisk typu SBT.","breadcrumb":{"@id":"https:\/\/arsenal24.pl\/produkt\/amunicja-ggg-308-win-sierra-180gr-11-66g-sbt-arsenal-sklep\/#breadcrumb"},"inLanguage":"uk","potentialAction":[{"@type":"ReadAction","target":["https:\/\/arsenal24.pl\/produkt\/amunicja-ggg-308-win-sierra-180gr-11-66g-sbt-arsenal-sklep\/"]}]},{"@type":"ImageObject","inLanguage":"uk","@id":"https:\/\/arsenal24.pl\/produkt\/amunicja-ggg-308-win-sierra-180gr-11-66g-sbt-arsenal-sklep\/#primaryimage","url":"https:\/\/arsenal24.pl\/wp-content\/uploads\/2025\/07\/da0d5030-b0db-45a5-97fd-4ecc3799d51a.jpg","contentUrl":"https:\/\/arsenal24.pl\/wp-content\/uploads\/2025\/07\/da0d5030-b0db-45a5-97fd-4ecc3799d51a.jpg","width":2500,"height":2500},{"@type":"BreadcrumbList","@id":"https:\/\/arsenal24.pl\/produkt\/amunicja-ggg-308-win-sierra-180gr-11-66g-sbt-arsenal-sklep\/#breadcrumb","itemListElement":[{"@type":"ListItem","position":1,"name":"Strona g\u0142\u00f3wna","item":"https:\/\/arsenal24.pl\/"},{"@type":"ListItem","position":2,"name":"Sklep","item":"https:\/\/arsenal24.pl\/sklep\/"},{"@type":"ListItem","position":3,"name":"Amunicja GGG .308 Win Sierra 180gr 11,66g SBT"}]},{"@type":"WebSite","@id":"https:\/\/arsenal24.pl\/#website","url":"https:\/\/arsenal24.pl\/","name":"\u0410\u0440\u0441\u0435\u043d\u0430\u043b - \u043c\u0430\u0433\u0430\u0437\u0438\u043d \u043f\u0440\u043e\u0444\u0435\u0441\u0456\u0439\u043d\u043e\u0457 \u0437\u0431\u0440\u043e\u0457 \u0442\u0430 \u0430\u043a\u0441\u0435\u0441\u0443\u0430\u0440\u0456\u0432","description":"","publisher":{"@id":"https:\/\/arsenal24.pl\/#organization"},"potentialAction":[{"@type":"SearchAction","target":{"@type":"EntryPoint","urlTemplate":"https:\/\/arsenal24.pl\/?s={search_term_string}"},"query-input":{"@type":"PropertyValueSpecification","valueRequired":true,"valueName":"search_term_string"}}],"inLanguage":"uk"},{"@type":"Organization","@id":"https:\/\/arsenal24.pl\/#organization","name":"\u0410\u0440\u0441\u0435\u043d\u0430\u043b - \u043c\u0430\u0433\u0430\u0437\u0438\u043d \u043f\u0440\u043e\u0444\u0435\u0441\u0456\u0439\u043d\u043e\u0457 \u0437\u0431\u0440\u043e\u0457 \u0442\u0430 \u0430\u043a\u0441\u0435\u0441\u0443\u0430\u0440\u0456\u0432","url":"https:\/\/arsenal24.pl\/","logo":{"@type":"ImageObject","inLanguage":"uk","@id":"https:\/\/arsenal24.pl\/#\/schema\/logo\/image\/","url":"https:\/\/server568771.nazwa.pl\/arse\/wp-content\/uploads\/2024\/03\/arsenal-24-logo.png","contentUrl":"https:\/\/server568771.nazwa.pl\/arse\/wp-content\/uploads\/2024\/03\/arsenal-24-logo.png","width":140,"height":140,"caption":"Arsena\u0142 - Profesjonalny sklep z broni\u0105 i akcesoriami"},"image":{"@id":"https:\/\/arsenal24.pl\/#\/schema\/logo\/image\/"},"sameAs":["https:\/\/www.facebook.com\/people\/Arsena-Sklep\/100035187290806\/?locale=pl_PL&paipv=0&eav=AfaBd4HS6M2sZy5PxVGmBIZx9hgg_97kXvqKJ8pngB-S_qRYY5xCeE23HjB7T-5FY6o&_rdr"]}]}},"_links":{"self":[{"href":"https:\/\/arsenal24.pl\/uk\/wp-json\/wp\/v2\/product\/7070","targetHints":{"allow":["GET"]}}],"collection":[{"href":"https:\/\/arsenal24.pl\/uk\/wp-json\/wp\/v2\/product"}],"about":[{"href":"https:\/\/arsenal24.pl\/uk\/wp-json\/wp\/v2\/types\/product"}],"version-history":[{"count":3,"href":"https:\/\/arsenal24.pl\/uk\/wp-json\/wp\/v2\/product\/7070\/revisions"}],"predecessor-version":[{"id":7077,"href":"https:\/\/arsenal24.pl\/uk\/wp-json\/wp\/v2\/product\/7070\/revisions\/7077"}],"wp:featuredmedia":[{"embeddable":true,"href":"https:\/\/arsenal24.pl\/uk\/wp-json\/wp\/v2\/media\/7071"}],"wp:attachment":[{"href":"https:\/\/arsenal24.pl\/uk\/wp-json\/wp\/v2\/media?parent=7070"}],"wp:term":[{"taxonomy":"brand","embeddable":true,"href":"https:\/\/arsenal24.pl\/uk\/wp-json\/wp\/v2\/etheme_brands?post=7070"},{"taxonomy":"product_brand","embeddable":true,"href":"https:\/\/arsenal24.pl\/uk\/wp-json\/wp\/v2\/product_brand?post=7070"},{"taxonomy":"product_cat","embeddable":true,"href":"https:\/\/arsenal24.pl\/uk\/wp-json\/wp\/v2\/product_cat?post=7070"},{"taxonomy":"product_tag","embeddable":true,"href":"https:\/\/arsenal24.pl\/uk\/wp-json\/wp\/v2\/product_tag?post=7070"}],"curies":[{"name":"wp","href":"https:\/\/api.w.org\/{rel}","templated":true}]}}