{"id":7064,"date":"2025-07-01T15:34:57","date_gmt":"2025-07-01T13:34:57","guid":{"rendered":"https:\/\/arsenal24.pl\/?post_type=product&#038;p=7064"},"modified":"2026-01-13T10:26:45","modified_gmt":"2026-01-13T09:26:45","slug":"amunicja-sellier-bellot-32-sw-long-wad-cut-100grs-6-5g","status":"publish","type":"product","link":"https:\/\/arsenal24.pl\/uk\/product\/amunicja-sellier-bellot-32-sw-long-wad-cut-100grs-6-5g\/","title":{"rendered":"Amunicja Sellier &#038; Bellot 32 S&#038;W LONG WAD CUT 100grs 6,5g"},"content":{"rendered":"<h2>Amunicja Sellier &amp; Bellot 32 S&amp;W LONG WAD CUT 100grs 6,5g w \u0142usce mosi\u0119\u017cnej. Pakowana po 50szt.<\/h2>\n<p><strong>\u0422\u0435\u0445\u043d\u0456\u0447\u043d\u0456 \u0434\u0430\u043d\u0456:<\/strong><\/p>\n<ul>\n<li>Kaliber: .32 S&amp;W<\/li>\n<li>Pocisk: wadcutter<\/li>\n<li>Waga: 6,5g<\/li>\n<li>Opakowanie: 50szt<\/li>\n<li>Producent: \u00a0Sellier &amp; Bellot<\/li>\n<\/ul>","protected":false},"excerpt":{"rendered":"<p>Amunicja Sellier &amp; Bellot 32 S&amp;W LONG WAD CUT 100grs 6,5g w \u0142usce mosi\u0119\u017cnej. Pakowana po 50szt. Dane techniczne: Kaliber: .32 S&amp;W Pocisk: wadcutter Waga:&#8230;<\/p>","protected":false},"featured_media":7065,"template":"","meta":[],"etheme_brands":[],"product_brand":[255],"product_cat":[230],"product_tag":[],"class_list":{"0":"post-7064","1":"product","2":"type-product","3":"status-publish","4":"has-post-thumbnail","6":"product_brand-sellier-bellot","7":"product_cat-amunicja-centralnego-zaplonu","9":"first","10":"instock","11":"shipping-taxable","12":"purchasable","13":"product-type-simple"},"yoast_head":"<!-- This site is optimized with the Yoast SEO Premium plugin v24.0 (Yoast SEO v26.0) - https:\/\/yoast.com\/wordpress\/plugins\/seo\/ -->\n<title>Amunicja Sellier &amp; Bellot 32 S&amp;W LONG WAD CUT 100grs 6.5g<\/title>\n<meta name=\"robots\" content=\"index, follow, max-snippet:-1, max-image-preview:large, max-video-preview:-1\" \/>\n<link rel=\"canonical\" href=\"https:\/\/arsenal24.pl\/uk\/product\/amunicja-sellier-bellot-32-sw-long-wad-cut-100grs-6-5g\/\" \/>\n<meta property=\"og:locale\" content=\"uk_UA\" \/>\n<meta property=\"og:type\" content=\"article\" \/>\n<meta property=\"og:title\" content=\"Amunicja Sellier &amp; Bellot 32 S&amp;W LONG WAD CUT 100grs 6,5g\" \/>\n<meta property=\"og:description\" content=\"Amunicja Sellier &amp; Bellot 32 S&amp;W LONG WAD CUT 100grs 6,5g w \u0142usce mosi\u0119\u017cnej. Pakowana po 50szt. Dane techniczne: Kaliber: .32 S&amp;W Pocisk: wadcutter Waga:...\" \/>\n<meta property=\"og:url\" content=\"https:\/\/arsenal24.pl\/uk\/product\/amunicja-sellier-bellot-32-sw-long-wad-cut-100grs-6-5g\/\" \/>\n<meta property=\"og:site_name\" content=\"Arsena\u0142 - Profesjonalny sklep z broni\u0105 i akcesoriami\" \/>\n<meta property=\"article:publisher\" content=\"https:\/\/www.facebook.com\/people\/Arsena-Sklep\/100035187290806\/?locale=pl_PL&amp;paipv=0&amp;eav=AfaBd4HS6M2sZy5PxVGmBIZx9hgg_97kXvqKJ8pngB-S_qRYY5xCeE23HjB7T-5FY6o&amp;_rdr\" \/>\n<meta property=\"article:modified_time\" content=\"2026-01-13T09:26:45+00:00\" \/>\n<meta property=\"og:image\" content=\"https:\/\/arsenal24.pl\/wp-content\/uploads\/2025\/07\/sellier-bellot-32-s-w-6-5g-wc.webp\" \/>\n\t<meta property=\"og:image:width\" content=\"1300\" \/>\n\t<meta property=\"og:image:height\" content=\"1300\" \/>\n\t<meta property=\"og:image:type\" content=\"image\/webp\" \/>\n<meta name=\"twitter:card\" content=\"summary_large_image\" \/>\n<meta name=\"twitter:label1\" content=\"\u041f\u0440\u0438\u0431\u043b. \u0447\u0430\u0441 \u0447\u0438\u0442\u0430\u043d\u043d\u044f\" \/>\n\t<meta name=\"twitter:data1\" content=\"1 \u0445\u0432\u0438\u043b\u0438\u043d\u0430\" \/>\n<script type=\"application\/ld+json\" class=\"yoast-schema-graph\">{\"@context\":\"https:\/\/schema.org\",\"@graph\":[{\"@type\":\"WebPage\",\"@id\":\"https:\/\/arsenal24.pl\/produkt\/amunicja-sellier-bellot-32-sw-long-wad-cut-100grs-6-5g\/\",\"url\":\"https:\/\/arsenal24.pl\/produkt\/amunicja-sellier-bellot-32-sw-long-wad-cut-100grs-6-5g\/\",\"name\":\"Amunicja Sellier & Bellot 32 S&W LONG WAD CUT 100grs 6.5g\",\"isPartOf\":{\"@id\":\"https:\/\/arsenal24.pl\/#website\"},\"primaryImageOfPage\":{\"@id\":\"https:\/\/arsenal24.pl\/produkt\/amunicja-sellier-bellot-32-sw-long-wad-cut-100grs-6-5g\/#primaryimage\"},\"image\":{\"@id\":\"https:\/\/arsenal24.pl\/produkt\/amunicja-sellier-bellot-32-sw-long-wad-cut-100grs-6-5g\/#primaryimage\"},\"thumbnailUrl\":\"https:\/\/arsenal24.pl\/wp-content\/uploads\/2025\/07\/sellier-bellot-32-s-w-6-5g-wc.webp\",\"datePublished\":\"2025-07-01T13:34:57+00:00\",\"dateModified\":\"2026-01-13T09:26:45+00:00\",\"breadcrumb\":{\"@id\":\"https:\/\/arsenal24.pl\/produkt\/amunicja-sellier-bellot-32-sw-long-wad-cut-100grs-6-5g\/#breadcrumb\"},\"inLanguage\":\"uk\",\"potentialAction\":[{\"@type\":\"ReadAction\",\"target\":[\"https:\/\/arsenal24.pl\/produkt\/amunicja-sellier-bellot-32-sw-long-wad-cut-100grs-6-5g\/\"]}]},{\"@type\":\"ImageObject\",\"inLanguage\":\"uk\",\"@id\":\"https:\/\/arsenal24.pl\/produkt\/amunicja-sellier-bellot-32-sw-long-wad-cut-100grs-6-5g\/#primaryimage\",\"url\":\"https:\/\/arsenal24.pl\/wp-content\/uploads\/2025\/07\/sellier-bellot-32-s-w-6-5g-wc.webp\",\"contentUrl\":\"https:\/\/arsenal24.pl\/wp-content\/uploads\/2025\/07\/sellier-bellot-32-s-w-6-5g-wc.webp\",\"width\":1300,\"height\":1300},{\"@type\":\"BreadcrumbList\",\"@id\":\"https:\/\/arsenal24.pl\/produkt\/amunicja-sellier-bellot-32-sw-long-wad-cut-100grs-6-5g\/#breadcrumb\",\"itemListElement\":[{\"@type\":\"ListItem\",\"position\":1,\"name\":\"Strona g\u0142\u00f3wna\",\"item\":\"https:\/\/arsenal24.pl\/\"},{\"@type\":\"ListItem\",\"position\":2,\"name\":\"Sklep\",\"item\":\"https:\/\/arsenal24.pl\/sklep\/\"},{\"@type\":\"ListItem\",\"position\":3,\"name\":\"Amunicja Sellier &#038; Bellot 32 S&#038;W LONG WAD CUT 100grs 6,5g\"}]},{\"@type\":\"WebSite\",\"@id\":\"https:\/\/arsenal24.pl\/#website\",\"url\":\"https:\/\/arsenal24.pl\/\",\"name\":\"Arsena\u0142 - Profesjonalny sklep z broni\u0105 i akcesoriami\",\"description\":\"\",\"publisher\":{\"@id\":\"https:\/\/arsenal24.pl\/#organization\"},\"potentialAction\":[{\"@type\":\"SearchAction\",\"target\":{\"@type\":\"EntryPoint\",\"urlTemplate\":\"https:\/\/arsenal24.pl\/?s={search_term_string}\"},\"query-input\":{\"@type\":\"PropertyValueSpecification\",\"valueRequired\":true,\"valueName\":\"search_term_string\"}}],\"inLanguage\":\"uk\"},{\"@type\":\"Organization\",\"@id\":\"https:\/\/arsenal24.pl\/#organization\",\"name\":\"Arsena\u0142 - Profesjonalny sklep z broni\u0105 i akcesoriami\",\"url\":\"https:\/\/arsenal24.pl\/\",\"logo\":{\"@type\":\"ImageObject\",\"inLanguage\":\"uk\",\"@id\":\"https:\/\/arsenal24.pl\/#\/schema\/logo\/image\/\",\"url\":\"https:\/\/server568771.nazwa.pl\/arse\/wp-content\/uploads\/2024\/03\/arsenal-24-logo.png\",\"contentUrl\":\"https:\/\/server568771.nazwa.pl\/arse\/wp-content\/uploads\/2024\/03\/arsenal-24-logo.png\",\"width\":140,\"height\":140,\"caption\":\"Arsena\u0142 - Profesjonalny sklep z broni\u0105 i akcesoriami\"},\"image\":{\"@id\":\"https:\/\/arsenal24.pl\/#\/schema\/logo\/image\/\"},\"sameAs\":[\"https:\/\/www.facebook.com\/people\/Arsena-Sklep\/100035187290806\/?locale=pl_PL&paipv=0&eav=AfaBd4HS6M2sZy5PxVGmBIZx9hgg_97kXvqKJ8pngB-S_qRYY5xCeE23HjB7T-5FY6o&_rdr\"]}]}<\/script>\n<!-- \/ Yoast SEO Premium plugin. -->","yoast_head_json":{"title":"Amunicja Sellier & Bellot 32 S&W LONG WAD CUT 100grs 6.5g","robots":{"index":"index","follow":"follow","max-snippet":"max-snippet:-1","max-image-preview":"max-image-preview:large","max-video-preview":"max-video-preview:-1"},"canonical":"https:\/\/arsenal24.pl\/uk\/product\/amunicja-sellier-bellot-32-sw-long-wad-cut-100grs-6-5g\/","og_locale":"uk_UA","og_type":"article","og_title":"Amunicja Sellier & Bellot 32 S&W LONG WAD CUT 100grs 6,5g","og_description":"Amunicja Sellier &amp; Bellot 32 S&amp;W LONG WAD CUT 100grs 6,5g w \u0142usce mosi\u0119\u017cnej. Pakowana po 50szt. Dane techniczne: Kaliber: .32 S&amp;W Pocisk: wadcutter Waga:...","og_url":"https:\/\/arsenal24.pl\/uk\/product\/amunicja-sellier-bellot-32-sw-long-wad-cut-100grs-6-5g\/","og_site_name":"Arsena\u0142 - Profesjonalny sklep z broni\u0105 i akcesoriami","article_publisher":"https:\/\/www.facebook.com\/people\/Arsena-Sklep\/100035187290806\/?locale=pl_PL&paipv=0&eav=AfaBd4HS6M2sZy5PxVGmBIZx9hgg_97kXvqKJ8pngB-S_qRYY5xCeE23HjB7T-5FY6o&_rdr","article_modified_time":"2026-01-13T09:26:45+00:00","og_image":[{"width":1300,"height":1300,"url":"https:\/\/arsenal24.pl\/wp-content\/uploads\/2025\/07\/sellier-bellot-32-s-w-6-5g-wc.webp","type":"image\/webp"}],"twitter_card":"summary_large_image","twitter_misc":{"\u041f\u0440\u0438\u0431\u043b. \u0447\u0430\u0441 \u0447\u0438\u0442\u0430\u043d\u043d\u044f":"1 \u0445\u0432\u0438\u043b\u0438\u043d\u0430"},"schema":{"@context":"https:\/\/schema.org","@graph":[{"@type":"WebPage","@id":"https:\/\/arsenal24.pl\/produkt\/amunicja-sellier-bellot-32-sw-long-wad-cut-100grs-6-5g\/","url":"https:\/\/arsenal24.pl\/produkt\/amunicja-sellier-bellot-32-sw-long-wad-cut-100grs-6-5g\/","name":"Amunicja Sellier & Bellot 32 S&W LONG WAD CUT 100grs 6.5g","isPartOf":{"@id":"https:\/\/arsenal24.pl\/#website"},"primaryImageOfPage":{"@id":"https:\/\/arsenal24.pl\/produkt\/amunicja-sellier-bellot-32-sw-long-wad-cut-100grs-6-5g\/#primaryimage"},"image":{"@id":"https:\/\/arsenal24.pl\/produkt\/amunicja-sellier-bellot-32-sw-long-wad-cut-100grs-6-5g\/#primaryimage"},"thumbnailUrl":"https:\/\/arsenal24.pl\/wp-content\/uploads\/2025\/07\/sellier-bellot-32-s-w-6-5g-wc.webp","datePublished":"2025-07-01T13:34:57+00:00","dateModified":"2026-01-13T09:26:45+00:00","breadcrumb":{"@id":"https:\/\/arsenal24.pl\/produkt\/amunicja-sellier-bellot-32-sw-long-wad-cut-100grs-6-5g\/#breadcrumb"},"inLanguage":"uk","potentialAction":[{"@type":"ReadAction","target":["https:\/\/arsenal24.pl\/produkt\/amunicja-sellier-bellot-32-sw-long-wad-cut-100grs-6-5g\/"]}]},{"@type":"ImageObject","inLanguage":"uk","@id":"https:\/\/arsenal24.pl\/produkt\/amunicja-sellier-bellot-32-sw-long-wad-cut-100grs-6-5g\/#primaryimage","url":"https:\/\/arsenal24.pl\/wp-content\/uploads\/2025\/07\/sellier-bellot-32-s-w-6-5g-wc.webp","contentUrl":"https:\/\/arsenal24.pl\/wp-content\/uploads\/2025\/07\/sellier-bellot-32-s-w-6-5g-wc.webp","width":1300,"height":1300},{"@type":"BreadcrumbList","@id":"https:\/\/arsenal24.pl\/produkt\/amunicja-sellier-bellot-32-sw-long-wad-cut-100grs-6-5g\/#breadcrumb","itemListElement":[{"@type":"ListItem","position":1,"name":"Strona g\u0142\u00f3wna","item":"https:\/\/arsenal24.pl\/"},{"@type":"ListItem","position":2,"name":"Sklep","item":"https:\/\/arsenal24.pl\/sklep\/"},{"@type":"ListItem","position":3,"name":"Amunicja Sellier &#038; Bellot 32 S&#038;W LONG WAD CUT 100grs 6,5g"}]},{"@type":"WebSite","@id":"https:\/\/arsenal24.pl\/#website","url":"https:\/\/arsenal24.pl\/","name":"\u0410\u0440\u0441\u0435\u043d\u0430\u043b - \u043c\u0430\u0433\u0430\u0437\u0438\u043d \u043f\u0440\u043e\u0444\u0435\u0441\u0456\u0439\u043d\u043e\u0457 \u0437\u0431\u0440\u043e\u0457 \u0442\u0430 \u0430\u043a\u0441\u0435\u0441\u0443\u0430\u0440\u0456\u0432","description":"","publisher":{"@id":"https:\/\/arsenal24.pl\/#organization"},"potentialAction":[{"@type":"SearchAction","target":{"@type":"EntryPoint","urlTemplate":"https:\/\/arsenal24.pl\/?s={search_term_string}"},"query-input":{"@type":"PropertyValueSpecification","valueRequired":true,"valueName":"search_term_string"}}],"inLanguage":"uk"},{"@type":"Organization","@id":"https:\/\/arsenal24.pl\/#organization","name":"\u0410\u0440\u0441\u0435\u043d\u0430\u043b - \u043c\u0430\u0433\u0430\u0437\u0438\u043d \u043f\u0440\u043e\u0444\u0435\u0441\u0456\u0439\u043d\u043e\u0457 \u0437\u0431\u0440\u043e\u0457 \u0442\u0430 \u0430\u043a\u0441\u0435\u0441\u0443\u0430\u0440\u0456\u0432","url":"https:\/\/arsenal24.pl\/","logo":{"@type":"ImageObject","inLanguage":"uk","@id":"https:\/\/arsenal24.pl\/#\/schema\/logo\/image\/","url":"https:\/\/server568771.nazwa.pl\/arse\/wp-content\/uploads\/2024\/03\/arsenal-24-logo.png","contentUrl":"https:\/\/server568771.nazwa.pl\/arse\/wp-content\/uploads\/2024\/03\/arsenal-24-logo.png","width":140,"height":140,"caption":"Arsena\u0142 - Profesjonalny sklep z broni\u0105 i akcesoriami"},"image":{"@id":"https:\/\/arsenal24.pl\/#\/schema\/logo\/image\/"},"sameAs":["https:\/\/www.facebook.com\/people\/Arsena-Sklep\/100035187290806\/?locale=pl_PL&paipv=0&eav=AfaBd4HS6M2sZy5PxVGmBIZx9hgg_97kXvqKJ8pngB-S_qRYY5xCeE23HjB7T-5FY6o&_rdr"]}]}},"_links":{"self":[{"href":"https:\/\/arsenal24.pl\/uk\/wp-json\/wp\/v2\/product\/7064","targetHints":{"allow":["GET"]}}],"collection":[{"href":"https:\/\/arsenal24.pl\/uk\/wp-json\/wp\/v2\/product"}],"about":[{"href":"https:\/\/arsenal24.pl\/uk\/wp-json\/wp\/v2\/types\/product"}],"version-history":[{"count":3,"href":"https:\/\/arsenal24.pl\/uk\/wp-json\/wp\/v2\/product\/7064\/revisions"}],"predecessor-version":[{"id":7069,"href":"https:\/\/arsenal24.pl\/uk\/wp-json\/wp\/v2\/product\/7064\/revisions\/7069"}],"wp:featuredmedia":[{"embeddable":true,"href":"https:\/\/arsenal24.pl\/uk\/wp-json\/wp\/v2\/media\/7065"}],"wp:attachment":[{"href":"https:\/\/arsenal24.pl\/uk\/wp-json\/wp\/v2\/media?parent=7064"}],"wp:term":[{"taxonomy":"brand","embeddable":true,"href":"https:\/\/arsenal24.pl\/uk\/wp-json\/wp\/v2\/etheme_brands?post=7064"},{"taxonomy":"product_brand","embeddable":true,"href":"https:\/\/arsenal24.pl\/uk\/wp-json\/wp\/v2\/product_brand?post=7064"},{"taxonomy":"product_cat","embeddable":true,"href":"https:\/\/arsenal24.pl\/uk\/wp-json\/wp\/v2\/product_cat?post=7064"},{"taxonomy":"product_tag","embeddable":true,"href":"https:\/\/arsenal24.pl\/uk\/wp-json\/wp\/v2\/product_tag?post=7064"}],"curies":[{"name":"wp","href":"https:\/\/api.w.org\/{rel}","templated":true}]}}