{"id":6977,"date":"2025-05-29T14:28:10","date_gmt":"2025-05-29T12:28:10","guid":{"rendered":"https:\/\/arsenal24.pl\/?post_type=product&#038;p=6977"},"modified":"2026-04-08T15:37:01","modified_gmt":"2026-04-08T13:37:01","slug":"karabinek-ruger-10-22-sporter-22lr-arsenal-sklep","status":"publish","type":"product","link":"https:\/\/arsenal24.pl\/uk\/product\/karabinek-ruger-10-22-sporter-22lr-arsenal-sklep\/","title":{"rendered":"Karabinek Ruger 10\/22 Sporter .22LR"},"content":{"rendered":"<h2>Najwa\u017cniejsze cechy:<\/h2>\n<ul>\n<li>Legendarna i sprawdzona konstrukcja Rugera zapewniaj\u0105ca wysok\u0105 precyzj\u0119 oraz jako\u015b\u0107<\/li>\n<li>Opatentowany, 10-nabojowy obrotowy magazynek<\/li>\n<li>Wyd\u0142u\u017cony zwalniacz magazynka zapewnia szybk\u0105 i p\u0142ynn\u0105 wymian\u0119<\/li>\n<li>Kuta na zimno lufa ze stali nierdzewnej, osadzona w komorze zamkowej dzi\u0119ki unikalnemu dwu\u015brubowemu systemu V-block<\/li>\n<li>Znajduj\u0105cy si\u0119 za kab\u0142\u0105kiem widoczny i \u0142atwy w obs\u0142udze bezpiecznik<\/li>\n<li>W zestawie szyna Weaver \/ Picatiny do monta\u017cu optyki<\/li>\n<li>Zesp\u00f3\u0142 obudowy spustu wykonany z polimeru i w\u0142\u00f3kna szklanego. Zapewnia to odporno\u015b\u0107 na uderzenia i \u015bcieranie oraz niezr\u00f3wnan\u0105 odporno\u015b\u0107 na warunki atmosferyczne<\/li>\n<li>Po\u0142\u0105czona kolba z osad\u0105 tworz\u0105 klasyczne linie dla atrakcyjnego wygl\u0105du<\/li>\n<li>Fabryczne przednie i tylne mocowanie pasa<\/li>\n<\/ul>\n<h2>\u0421\u043f\u0435\u0446\u0438\u0444\u0456\u043a\u0430\u0446\u0456\u044f:<\/h2>\n<ul>\n<li><strong>\u041a\u0430\u043b\u0456\u0431\u0440:<\/strong> .22LR<\/li>\n<li><strong>\u0414\u043e\u0432\u0436\u0438\u043d\u0430 \u0441\u0442\u0432\u043e\u043b\u0430:<\/strong> 20&#8243;<\/li>\n<li><strong>Ilo\u015b\u0107 bruzd:<\/strong> 6<\/li>\n<li><strong>\u0404\u043c\u043d\u0456\u0441\u0442\u044c \u043c\u0430\u0433\u0430\u0437\u0438\u043d\u0443:<\/strong> 10<\/li>\n<li><strong>Materia\u0142 zamka:<\/strong> \u00a0Stal stopowa<\/li>\n<li><strong>Materia\u0142 lufy:<\/strong> Stal stopowa<\/li>\n<li><strong>Skok gwintu lufy:<\/strong> 1:16 RH<\/li>\n<li><strong>Kolba:<\/strong> Drewno naturalne w kolorze orzech<\/li>\n<li><strong>Szyna monta\u017cowa:<\/strong> Picatinny \/ Weaver<\/li>\n<li><strong>\u0406\u043d\u0441\u0442\u0440\u0443\u043c\u0435\u043d\u0442\u0438 \u043d\u0430\u0446\u0456\u043b\u044e\u0432\u0430\u043d\u043d\u044f:<\/strong> Brak<\/li>\n<li><strong>Wyko\u0144czenie:<\/strong> Satyna \/ Oksyda<\/li>\n<li><strong>\u0412\u0430\u0433\u0430:<\/strong> 2818 g<\/li>\n<li><strong>\u0417\u0430\u0433\u0430\u043b\u044c\u043d\u0430 \u0434\u043e\u0432\u0436\u0438\u043d\u0430:<\/strong> 97,8 cm<\/li>\n<\/ul>","protected":false},"excerpt":{"rendered":"<p>Ruger to klasyczny karabinek kalibru .22 LR \u0142\u0105cz\u0105cy legendarn\u0105 precyzj\u0119 z eleganckim wyko\u0144czeniem. Posiada kut\u0105 na zimno 20&#8243; luf\u0119 montowan\u0105 w systemie V-block, co zapewnia doskona\u0142\u0105 celno\u015b\u0107 i trwa\u0142o\u015b\u0107. Wyposa\u017cony w opatentowany, 10-nabojowy magazynek oraz wyd\u0142u\u017cony zwalniacz, gwarantuje szybkie i p\u0142ynne prze\u0142adowanie. Bezpiecznik umieszczony za kab\u0142\u0105kiem jest \u0142atwy w obs\u0142udze. Obudowa spustu z polimeru i w\u0142\u00f3kna szklanego chroni przed uszkodzeniami i wp\u0142ywem warunk\u00f3w atmosferycznych. Kolba z drewna orzechowego i mocowania pasa nadaj\u0105 mu klasyczny wygl\u0105d. D\u0142ugo\u015b\u0107: 97,8 cm, waga: 2818 g.<\/p>","protected":false},"featured_media":6978,"template":"","meta":[],"etheme_brands":[],"product_brand":[251],"product_cat":[71],"product_tag":[],"class_list":{"0":"post-6977","1":"product","2":"type-product","3":"status-publish","4":"has-post-thumbnail","6":"product_brand-ruger","7":"product_cat-bron-bocznego-zaplonu","9":"first","10":"instock","11":"shipping-taxable","12":"purchasable","13":"product-type-simple"},"yoast_head":"<!-- This site is optimized with the Yoast SEO Premium plugin v24.0 (Yoast SEO v26.0) - https:\/\/yoast.com\/wordpress\/plugins\/seo\/ -->\n<title>Karabinek Ruger 10\/22 Sporter .22LR - Arsena\u0142 Sklep<\/title>\n<meta name=\"description\" content=\"Ruger to klasyczny karabinek kalibru .22 LR \u0142\u0105cz\u0105cy legendarn\u0105 precyzj\u0119 z eleganckim wyko\u0144czeniem. Posiada kut\u0105 na zimno 20-calow\u0105 luf\u0119.\" \/>\n<meta name=\"robots\" content=\"index, follow, max-snippet:-1, max-image-preview:large, max-video-preview:-1\" \/>\n<link rel=\"canonical\" href=\"https:\/\/arsenal24.pl\/uk\/product\/karabinek-ruger-10-22-sporter-22lr-arsenal-sklep\/\" \/>\n<meta property=\"og:locale\" content=\"uk_UA\" \/>\n<meta property=\"og:type\" content=\"article\" \/>\n<meta property=\"og:title\" content=\"Karabinek Ruger 10\/22 Sporter .22LR\" \/>\n<meta property=\"og:description\" content=\"Ruger to klasyczny karabinek kalibru .22 LR \u0142\u0105cz\u0105cy legendarn\u0105 precyzj\u0119 z eleganckim wyko\u0144czeniem. Posiada kut\u0105 na zimno 20-calow\u0105 luf\u0119.\" \/>\n<meta property=\"og:url\" content=\"https:\/\/arsenal24.pl\/uk\/product\/karabinek-ruger-10-22-sporter-22lr-arsenal-sklep\/\" \/>\n<meta property=\"og:site_name\" content=\"Arsena\u0142 - Profesjonalny sklep z broni\u0105 i akcesoriami\" \/>\n<meta property=\"article:publisher\" content=\"https:\/\/www.facebook.com\/people\/Arsena-Sklep\/100035187290806\/?locale=pl_PL&amp;paipv=0&amp;eav=AfaBd4HS6M2sZy5PxVGmBIZx9hgg_97kXvqKJ8pngB-S_qRYY5xCeE23HjB7T-5FY6o&amp;_rdr\" \/>\n<meta property=\"article:modified_time\" content=\"2026-04-08T13:37:01+00:00\" \/>\n<meta property=\"og:image\" content=\"https:\/\/arsenal24.pl\/wp-content\/uploads\/2025\/05\/ruger-10-22-sporter-31166-3.jpg\" \/>\n\t<meta property=\"og:image:width\" content=\"1200\" \/>\n\t<meta property=\"og:image:height\" content=\"1200\" \/>\n\t<meta property=\"og:image:type\" content=\"image\/jpeg\" \/>\n<meta name=\"twitter:card\" content=\"summary_large_image\" \/>\n<meta name=\"twitter:label1\" content=\"\u041f\u0440\u0438\u0431\u043b. \u0447\u0430\u0441 \u0447\u0438\u0442\u0430\u043d\u043d\u044f\" \/>\n\t<meta name=\"twitter:data1\" content=\"2 \u0445\u0432\u0438\u043b\u0438\u043d\u0438\" \/>\n<script type=\"application\/ld+json\" class=\"yoast-schema-graph\">{\"@context\":\"https:\/\/schema.org\",\"@graph\":[{\"@type\":\"WebPage\",\"@id\":\"https:\/\/arsenal24.pl\/produkt\/karabinek-ruger-10-22-sporter-22lr-arsenal-sklep\/\",\"url\":\"https:\/\/arsenal24.pl\/produkt\/karabinek-ruger-10-22-sporter-22lr-arsenal-sklep\/\",\"name\":\"Karabinek Ruger 10\/22 Sporter .22LR - Arsena\u0142 Sklep\",\"isPartOf\":{\"@id\":\"https:\/\/arsenal24.pl\/#website\"},\"primaryImageOfPage\":{\"@id\":\"https:\/\/arsenal24.pl\/produkt\/karabinek-ruger-10-22-sporter-22lr-arsenal-sklep\/#primaryimage\"},\"image\":{\"@id\":\"https:\/\/arsenal24.pl\/produkt\/karabinek-ruger-10-22-sporter-22lr-arsenal-sklep\/#primaryimage\"},\"thumbnailUrl\":\"https:\/\/arsenal24.pl\/wp-content\/uploads\/2025\/05\/ruger-10-22-sporter-31166-3.jpg\",\"datePublished\":\"2025-05-29T12:28:10+00:00\",\"dateModified\":\"2026-04-08T13:37:01+00:00\",\"description\":\"Ruger to klasyczny karabinek kalibru .22 LR \u0142\u0105cz\u0105cy legendarn\u0105 precyzj\u0119 z eleganckim wyko\u0144czeniem. Posiada kut\u0105 na zimno 20-calow\u0105 luf\u0119.\",\"breadcrumb\":{\"@id\":\"https:\/\/arsenal24.pl\/produkt\/karabinek-ruger-10-22-sporter-22lr-arsenal-sklep\/#breadcrumb\"},\"inLanguage\":\"uk\",\"potentialAction\":[{\"@type\":\"ReadAction\",\"target\":[\"https:\/\/arsenal24.pl\/produkt\/karabinek-ruger-10-22-sporter-22lr-arsenal-sklep\/\"]}]},{\"@type\":\"ImageObject\",\"inLanguage\":\"uk\",\"@id\":\"https:\/\/arsenal24.pl\/produkt\/karabinek-ruger-10-22-sporter-22lr-arsenal-sklep\/#primaryimage\",\"url\":\"https:\/\/arsenal24.pl\/wp-content\/uploads\/2025\/05\/ruger-10-22-sporter-31166-3.jpg\",\"contentUrl\":\"https:\/\/arsenal24.pl\/wp-content\/uploads\/2025\/05\/ruger-10-22-sporter-31166-3.jpg\",\"width\":1200,\"height\":1200},{\"@type\":\"BreadcrumbList\",\"@id\":\"https:\/\/arsenal24.pl\/produkt\/karabinek-ruger-10-22-sporter-22lr-arsenal-sklep\/#breadcrumb\",\"itemListElement\":[{\"@type\":\"ListItem\",\"position\":1,\"name\":\"Strona g\u0142\u00f3wna\",\"item\":\"https:\/\/arsenal24.pl\/\"},{\"@type\":\"ListItem\",\"position\":2,\"name\":\"Sklep\",\"item\":\"https:\/\/arsenal24.pl\/sklep\/\"},{\"@type\":\"ListItem\",\"position\":3,\"name\":\"Karabinek Ruger 10\/22 Sporter .22LR\"}]},{\"@type\":\"WebSite\",\"@id\":\"https:\/\/arsenal24.pl\/#website\",\"url\":\"https:\/\/arsenal24.pl\/\",\"name\":\"Arsena\u0142 - Profesjonalny sklep z broni\u0105 i akcesoriami\",\"description\":\"\",\"publisher\":{\"@id\":\"https:\/\/arsenal24.pl\/#organization\"},\"potentialAction\":[{\"@type\":\"SearchAction\",\"target\":{\"@type\":\"EntryPoint\",\"urlTemplate\":\"https:\/\/arsenal24.pl\/?s={search_term_string}\"},\"query-input\":{\"@type\":\"PropertyValueSpecification\",\"valueRequired\":true,\"valueName\":\"search_term_string\"}}],\"inLanguage\":\"uk\"},{\"@type\":\"Organization\",\"@id\":\"https:\/\/arsenal24.pl\/#organization\",\"name\":\"Arsena\u0142 - Profesjonalny sklep z broni\u0105 i akcesoriami\",\"url\":\"https:\/\/arsenal24.pl\/\",\"logo\":{\"@type\":\"ImageObject\",\"inLanguage\":\"uk\",\"@id\":\"https:\/\/arsenal24.pl\/#\/schema\/logo\/image\/\",\"url\":\"https:\/\/server568771.nazwa.pl\/arse\/wp-content\/uploads\/2024\/03\/arsenal-24-logo.png\",\"contentUrl\":\"https:\/\/server568771.nazwa.pl\/arse\/wp-content\/uploads\/2024\/03\/arsenal-24-logo.png\",\"width\":140,\"height\":140,\"caption\":\"Arsena\u0142 - Profesjonalny sklep z broni\u0105 i akcesoriami\"},\"image\":{\"@id\":\"https:\/\/arsenal24.pl\/#\/schema\/logo\/image\/\"},\"sameAs\":[\"https:\/\/www.facebook.com\/people\/Arsena-Sklep\/100035187290806\/?locale=pl_PL&paipv=0&eav=AfaBd4HS6M2sZy5PxVGmBIZx9hgg_97kXvqKJ8pngB-S_qRYY5xCeE23HjB7T-5FY6o&_rdr\"]}]}<\/script>\n<!-- \/ Yoast SEO Premium plugin. -->","yoast_head_json":{"title":"Karabinek Ruger 10\/22 Sporter .22LR - Arsena\u0142 Sklep","description":"Ruger to klasyczny karabinek kalibru .22 LR \u0142\u0105cz\u0105cy legendarn\u0105 precyzj\u0119 z eleganckim wyko\u0144czeniem. Posiada kut\u0105 na zimno 20-calow\u0105 luf\u0119.","robots":{"index":"index","follow":"follow","max-snippet":"max-snippet:-1","max-image-preview":"max-image-preview:large","max-video-preview":"max-video-preview:-1"},"canonical":"https:\/\/arsenal24.pl\/uk\/product\/karabinek-ruger-10-22-sporter-22lr-arsenal-sklep\/","og_locale":"uk_UA","og_type":"article","og_title":"Karabinek Ruger 10\/22 Sporter .22LR","og_description":"Ruger to klasyczny karabinek kalibru .22 LR \u0142\u0105cz\u0105cy legendarn\u0105 precyzj\u0119 z eleganckim wyko\u0144czeniem. Posiada kut\u0105 na zimno 20-calow\u0105 luf\u0119.","og_url":"https:\/\/arsenal24.pl\/uk\/product\/karabinek-ruger-10-22-sporter-22lr-arsenal-sklep\/","og_site_name":"Arsena\u0142 - Profesjonalny sklep z broni\u0105 i akcesoriami","article_publisher":"https:\/\/www.facebook.com\/people\/Arsena-Sklep\/100035187290806\/?locale=pl_PL&paipv=0&eav=AfaBd4HS6M2sZy5PxVGmBIZx9hgg_97kXvqKJ8pngB-S_qRYY5xCeE23HjB7T-5FY6o&_rdr","article_modified_time":"2026-04-08T13:37:01+00:00","og_image":[{"width":1200,"height":1200,"url":"https:\/\/arsenal24.pl\/wp-content\/uploads\/2025\/05\/ruger-10-22-sporter-31166-3.jpg","type":"image\/jpeg"}],"twitter_card":"summary_large_image","twitter_misc":{"\u041f\u0440\u0438\u0431\u043b. \u0447\u0430\u0441 \u0447\u0438\u0442\u0430\u043d\u043d\u044f":"2 \u0445\u0432\u0438\u043b\u0438\u043d\u0438"},"schema":{"@context":"https:\/\/schema.org","@graph":[{"@type":"WebPage","@id":"https:\/\/arsenal24.pl\/produkt\/karabinek-ruger-10-22-sporter-22lr-arsenal-sklep\/","url":"https:\/\/arsenal24.pl\/produkt\/karabinek-ruger-10-22-sporter-22lr-arsenal-sklep\/","name":"Karabinek Ruger 10\/22 Sporter .22LR - Arsena\u0142 Sklep","isPartOf":{"@id":"https:\/\/arsenal24.pl\/#website"},"primaryImageOfPage":{"@id":"https:\/\/arsenal24.pl\/produkt\/karabinek-ruger-10-22-sporter-22lr-arsenal-sklep\/#primaryimage"},"image":{"@id":"https:\/\/arsenal24.pl\/produkt\/karabinek-ruger-10-22-sporter-22lr-arsenal-sklep\/#primaryimage"},"thumbnailUrl":"https:\/\/arsenal24.pl\/wp-content\/uploads\/2025\/05\/ruger-10-22-sporter-31166-3.jpg","datePublished":"2025-05-29T12:28:10+00:00","dateModified":"2026-04-08T13:37:01+00:00","description":"Ruger to klasyczny karabinek kalibru .22 LR \u0142\u0105cz\u0105cy legendarn\u0105 precyzj\u0119 z eleganckim wyko\u0144czeniem. Posiada kut\u0105 na zimno 20-calow\u0105 luf\u0119.","breadcrumb":{"@id":"https:\/\/arsenal24.pl\/produkt\/karabinek-ruger-10-22-sporter-22lr-arsenal-sklep\/#breadcrumb"},"inLanguage":"uk","potentialAction":[{"@type":"ReadAction","target":["https:\/\/arsenal24.pl\/produkt\/karabinek-ruger-10-22-sporter-22lr-arsenal-sklep\/"]}]},{"@type":"ImageObject","inLanguage":"uk","@id":"https:\/\/arsenal24.pl\/produkt\/karabinek-ruger-10-22-sporter-22lr-arsenal-sklep\/#primaryimage","url":"https:\/\/arsenal24.pl\/wp-content\/uploads\/2025\/05\/ruger-10-22-sporter-31166-3.jpg","contentUrl":"https:\/\/arsenal24.pl\/wp-content\/uploads\/2025\/05\/ruger-10-22-sporter-31166-3.jpg","width":1200,"height":1200},{"@type":"BreadcrumbList","@id":"https:\/\/arsenal24.pl\/produkt\/karabinek-ruger-10-22-sporter-22lr-arsenal-sklep\/#breadcrumb","itemListElement":[{"@type":"ListItem","position":1,"name":"Strona g\u0142\u00f3wna","item":"https:\/\/arsenal24.pl\/"},{"@type":"ListItem","position":2,"name":"Sklep","item":"https:\/\/arsenal24.pl\/sklep\/"},{"@type":"ListItem","position":3,"name":"Karabinek Ruger 10\/22 Sporter .22LR"}]},{"@type":"WebSite","@id":"https:\/\/arsenal24.pl\/#website","url":"https:\/\/arsenal24.pl\/","name":"\u0410\u0440\u0441\u0435\u043d\u0430\u043b - \u043c\u0430\u0433\u0430\u0437\u0438\u043d \u043f\u0440\u043e\u0444\u0435\u0441\u0456\u0439\u043d\u043e\u0457 \u0437\u0431\u0440\u043e\u0457 \u0442\u0430 \u0430\u043a\u0441\u0435\u0441\u0443\u0430\u0440\u0456\u0432","description":"","publisher":{"@id":"https:\/\/arsenal24.pl\/#organization"},"potentialAction":[{"@type":"SearchAction","target":{"@type":"EntryPoint","urlTemplate":"https:\/\/arsenal24.pl\/?s={search_term_string}"},"query-input":{"@type":"PropertyValueSpecification","valueRequired":true,"valueName":"search_term_string"}}],"inLanguage":"uk"},{"@type":"Organization","@id":"https:\/\/arsenal24.pl\/#organization","name":"\u0410\u0440\u0441\u0435\u043d\u0430\u043b - \u043c\u0430\u0433\u0430\u0437\u0438\u043d \u043f\u0440\u043e\u0444\u0435\u0441\u0456\u0439\u043d\u043e\u0457 \u0437\u0431\u0440\u043e\u0457 \u0442\u0430 \u0430\u043a\u0441\u0435\u0441\u0443\u0430\u0440\u0456\u0432","url":"https:\/\/arsenal24.pl\/","logo":{"@type":"ImageObject","inLanguage":"uk","@id":"https:\/\/arsenal24.pl\/#\/schema\/logo\/image\/","url":"https:\/\/server568771.nazwa.pl\/arse\/wp-content\/uploads\/2024\/03\/arsenal-24-logo.png","contentUrl":"https:\/\/server568771.nazwa.pl\/arse\/wp-content\/uploads\/2024\/03\/arsenal-24-logo.png","width":140,"height":140,"caption":"Arsena\u0142 - Profesjonalny sklep z broni\u0105 i akcesoriami"},"image":{"@id":"https:\/\/arsenal24.pl\/#\/schema\/logo\/image\/"},"sameAs":["https:\/\/www.facebook.com\/people\/Arsena-Sklep\/100035187290806\/?locale=pl_PL&paipv=0&eav=AfaBd4HS6M2sZy5PxVGmBIZx9hgg_97kXvqKJ8pngB-S_qRYY5xCeE23HjB7T-5FY6o&_rdr"]}]}},"_links":{"self":[{"href":"https:\/\/arsenal24.pl\/uk\/wp-json\/wp\/v2\/product\/6977","targetHints":{"allow":["GET"]}}],"collection":[{"href":"https:\/\/arsenal24.pl\/uk\/wp-json\/wp\/v2\/product"}],"about":[{"href":"https:\/\/arsenal24.pl\/uk\/wp-json\/wp\/v2\/types\/product"}],"version-history":[{"count":3,"href":"https:\/\/arsenal24.pl\/uk\/wp-json\/wp\/v2\/product\/6977\/revisions"}],"predecessor-version":[{"id":6988,"href":"https:\/\/arsenal24.pl\/uk\/wp-json\/wp\/v2\/product\/6977\/revisions\/6988"}],"wp:featuredmedia":[{"embeddable":true,"href":"https:\/\/arsenal24.pl\/uk\/wp-json\/wp\/v2\/media\/6978"}],"wp:attachment":[{"href":"https:\/\/arsenal24.pl\/uk\/wp-json\/wp\/v2\/media?parent=6977"}],"wp:term":[{"taxonomy":"brand","embeddable":true,"href":"https:\/\/arsenal24.pl\/uk\/wp-json\/wp\/v2\/etheme_brands?post=6977"},{"taxonomy":"product_brand","embeddable":true,"href":"https:\/\/arsenal24.pl\/uk\/wp-json\/wp\/v2\/product_brand?post=6977"},{"taxonomy":"product_cat","embeddable":true,"href":"https:\/\/arsenal24.pl\/uk\/wp-json\/wp\/v2\/product_cat?post=6977"},{"taxonomy":"product_tag","embeddable":true,"href":"https:\/\/arsenal24.pl\/uk\/wp-json\/wp\/v2\/product_tag?post=6977"}],"curies":[{"name":"wp","href":"https:\/\/api.w.org\/{rel}","templated":true}]}}