{"id":6933,"date":"2025-05-29T12:59:45","date_gmt":"2025-05-29T10:59:45","guid":{"rendered":"https:\/\/arsenal24.pl\/?post_type=product&#038;p=6933"},"modified":"2026-01-13T16:43:34","modified_gmt":"2026-01-13T15:43:34","slug":"rewolwer-ruger-gp100-stainless-4-2-357magn-38spec-arsnal","status":"publish","type":"product","link":"https:\/\/arsenal24.pl\/uk\/product\/rewolwer-ruger-gp100-stainless-4-2-357magn-38spec-arsnal\/","title":{"rendered":"Rewolwer Ruger GP100 Stainless 4,2&#8221; .357magnum\/.38spec"},"content":{"rendered":"<h2>Najwa\u017cniejsze cechy:<\/h2>\n<ul>\n<li>B\u0119benek posiada potr\u00f3jn\u0105 blokad\u0119 &#8211; w ramie z przodu, z ty\u0142u i na dole. Zapewnia to lepsze wyr\u00f3wnanie prze\u0142o\u017cenia przeci\u0105\u017ce\u0144 oraz niezawodn\u0105 prac\u0119 strza\u0142 za strza\u0142em.<\/li>\n<li>Szkielet chwytu umo\u017cliwiaj\u0105cy zastosowanie niestandardowych ok\u0142adzin<\/li>\n<li>U\u0142atwione rozbieranie nie wymagaj\u0105ce specjalistycznych narz\u0119dzi<\/li>\n<li>Dodatkowy mechanizm zapewniaj\u0105cy niespotykane dot\u0105d zabezpieczenie przed przypadkowym roz\u0142adowaniem.<\/li>\n<\/ul>\n<h2>\u0421\u043f\u0435\u0446\u0438\u0444\u0456\u043a\u0430\u0446\u0456\u044f:<\/h2>\n<ul>\n<li>Chwyt: Gumowy &#8211; teksturowany<\/li>\n<li>Kaliber: .357magnum\/.38spec<\/li>\n<li>Pojemno\u015b\u0107 b\u0119benka: 6<\/li>\n<li>D\u0142ugo\u015b\u0107 lufy: 4,2&#8243;<\/li>\n<li>Skok gwintu: 1:18.75&#8243; prawy<\/li>\n<li>Ilo\u015b\u0107 bruzd: 5<\/li>\n<li>Przyrz\u0105dy: Regulowana szczerbinka, sta\u0142a muszka<\/li>\n<li>Materia\u0142 b\u0119benka: \u00a0Stal nierdzewna<\/li>\n<li>Materia\u0142 lufy: Stal nierdzewna<\/li>\n<li>Wyko\u0144czenie: Stal nierdzewna<\/li>\n<li>Waga: 1134 g<\/li>\n<li>D\u0142ugo\u015b\u0107 ca\u0142kowita: 241 mm<\/li>\n<\/ul>\n<p>&nbsp;<\/p>\n<p>Uwaga! Prezentowane zdj\u0119cia maj\u0105 charakter pogl\u0105dowy.<\/p>","protected":false},"excerpt":{"rendered":"<p>Konstrukcja kalibru .357 Magnum\/.38 Special, wyposa\u017cona w b\u0119benek z potr\u00f3jn\u0105 blokad\u0105 \u2013 z przodu, z ty\u0142u i od do\u0142u \u2013 co zapewnia wyj\u0105tkow\u0105 stabilno\u015b\u0107 i niezawodno\u015b\u0107 dzia\u0142ania. Szkielet chwytu umo\u017cliwia monta\u017c niestandardowych ok\u0142adzin, a intuicyjna konstrukcja pozwala na \u0142atwe rozk\u0142adanie bez u\u017cycia specjalistycznych narz\u0119dzi. Dodatkowy mechanizm zabezpieczaj\u0105cy chroni przed przypadkowym roz\u0142adowaniem. Rewolwer posiada 6-strza\u0142owy b\u0119benek, regulowan\u0105 szczerbink\u0119, luf\u0119 4,2&#8243; oraz stalowe wyko\u0144czenie. Waga: 1134 g, d\u0142ugo\u015b\u0107: 241 mm.<\/p>","protected":false},"featured_media":6936,"template":"","meta":[],"etheme_brands":[],"product_brand":[251],"product_cat":[49],"product_tag":[],"class_list":{"0":"post-6933","1":"product","2":"type-product","3":"status-publish","4":"has-post-thumbnail","6":"product_brand-ruger","7":"product_cat-bron-krotka","9":"first","10":"instock","11":"shipping-taxable","12":"purchasable","13":"product-type-simple"},"yoast_head":"<!-- This site is optimized with the Yoast SEO Premium plugin v24.0 (Yoast SEO v26.0) - https:\/\/yoast.com\/wordpress\/plugins\/seo\/ -->\n<title>Rewolwer Ruger GP100 Stainless 4.2&#039;&#039; .357magn\/.38spec - Arsna\u0142<\/title>\n<meta name=\"description\" content=\"Szkielet chwytu umo\u017cliwia monta\u017c niestandardowych ok\u0142adzin, a intuicyjna konstrukcja pozwala na \u0142atwe rozk\u0142adanie bez u\u017cycia specjalistycznych narz\u0119dzi.\" \/>\n<meta name=\"robots\" content=\"index, follow, max-snippet:-1, max-image-preview:large, max-video-preview:-1\" \/>\n<link rel=\"canonical\" href=\"https:\/\/arsenal24.pl\/uk\/product\/rewolwer-ruger-gp100-stainless-4-2-357magn-38spec-arsnal\/\" \/>\n<meta property=\"og:locale\" content=\"uk_UA\" \/>\n<meta property=\"og:type\" content=\"article\" \/>\n<meta property=\"og:title\" content=\"Rewolwer Ruger GP100 Stainless 4,2&#039;&#039; .357magnum\/.38spec\" \/>\n<meta property=\"og:description\" content=\"Szkielet chwytu umo\u017cliwia monta\u017c niestandardowych ok\u0142adzin, a intuicyjna konstrukcja pozwala na \u0142atwe rozk\u0142adanie bez u\u017cycia specjalistycznych narz\u0119dzi.\" \/>\n<meta property=\"og:url\" content=\"https:\/\/arsenal24.pl\/uk\/product\/rewolwer-ruger-gp100-stainless-4-2-357magn-38spec-arsnal\/\" \/>\n<meta property=\"og:site_name\" content=\"Arsena\u0142 - Profesjonalny sklep z broni\u0105 i akcesoriami\" \/>\n<meta property=\"article:publisher\" content=\"https:\/\/www.facebook.com\/people\/Arsena-Sklep\/100035187290806\/?locale=pl_PL&amp;paipv=0&amp;eav=AfaBd4HS6M2sZy5PxVGmBIZx9hgg_97kXvqKJ8pngB-S_qRYY5xCeE23HjB7T-5FY6o&amp;_rdr\" \/>\n<meta property=\"article:modified_time\" content=\"2026-01-13T15:43:34+00:00\" \/>\n<meta property=\"og:image\" content=\"https:\/\/arsenal24.pl\/wp-content\/uploads\/2025\/05\/ruger-gp100-stainless-4-2-357magnum-38spec-1705-4.jpg\" \/>\n\t<meta property=\"og:image:width\" content=\"1200\" \/>\n\t<meta property=\"og:image:height\" content=\"1200\" \/>\n\t<meta property=\"og:image:type\" content=\"image\/jpeg\" \/>\n<meta name=\"twitter:card\" content=\"summary_large_image\" \/>\n<meta name=\"twitter:label1\" content=\"\u041f\u0440\u0438\u0431\u043b. \u0447\u0430\u0441 \u0447\u0438\u0442\u0430\u043d\u043d\u044f\" \/>\n\t<meta name=\"twitter:data1\" content=\"1 \u0445\u0432\u0438\u043b\u0438\u043d\u0430\" \/>\n<script type=\"application\/ld+json\" class=\"yoast-schema-graph\">{\"@context\":\"https:\/\/schema.org\",\"@graph\":[{\"@type\":\"WebPage\",\"@id\":\"https:\/\/arsenal24.pl\/produkt\/rewolwer-ruger-gp100-stainless-4-2-357magn-38spec-arsnal\/\",\"url\":\"https:\/\/arsenal24.pl\/produkt\/rewolwer-ruger-gp100-stainless-4-2-357magn-38spec-arsnal\/\",\"name\":\"Rewolwer Ruger GP100 Stainless 4.2'' .357magn\/.38spec - Arsna\u0142\",\"isPartOf\":{\"@id\":\"https:\/\/arsenal24.pl\/#website\"},\"primaryImageOfPage\":{\"@id\":\"https:\/\/arsenal24.pl\/produkt\/rewolwer-ruger-gp100-stainless-4-2-357magn-38spec-arsnal\/#primaryimage\"},\"image\":{\"@id\":\"https:\/\/arsenal24.pl\/produkt\/rewolwer-ruger-gp100-stainless-4-2-357magn-38spec-arsnal\/#primaryimage\"},\"thumbnailUrl\":\"https:\/\/arsenal24.pl\/wp-content\/uploads\/2025\/05\/ruger-gp100-stainless-4-2-357magnum-38spec-1705-4.jpg\",\"datePublished\":\"2025-05-29T10:59:45+00:00\",\"dateModified\":\"2026-01-13T15:43:34+00:00\",\"description\":\"Szkielet chwytu umo\u017cliwia monta\u017c niestandardowych ok\u0142adzin, a intuicyjna konstrukcja pozwala na \u0142atwe rozk\u0142adanie bez u\u017cycia specjalistycznych narz\u0119dzi.\",\"breadcrumb\":{\"@id\":\"https:\/\/arsenal24.pl\/produkt\/rewolwer-ruger-gp100-stainless-4-2-357magn-38spec-arsnal\/#breadcrumb\"},\"inLanguage\":\"uk\",\"potentialAction\":[{\"@type\":\"ReadAction\",\"target\":[\"https:\/\/arsenal24.pl\/produkt\/rewolwer-ruger-gp100-stainless-4-2-357magn-38spec-arsnal\/\"]}]},{\"@type\":\"ImageObject\",\"inLanguage\":\"uk\",\"@id\":\"https:\/\/arsenal24.pl\/produkt\/rewolwer-ruger-gp100-stainless-4-2-357magn-38spec-arsnal\/#primaryimage\",\"url\":\"https:\/\/arsenal24.pl\/wp-content\/uploads\/2025\/05\/ruger-gp100-stainless-4-2-357magnum-38spec-1705-4.jpg\",\"contentUrl\":\"https:\/\/arsenal24.pl\/wp-content\/uploads\/2025\/05\/ruger-gp100-stainless-4-2-357magnum-38spec-1705-4.jpg\",\"width\":1200,\"height\":1200},{\"@type\":\"BreadcrumbList\",\"@id\":\"https:\/\/arsenal24.pl\/produkt\/rewolwer-ruger-gp100-stainless-4-2-357magn-38spec-arsnal\/#breadcrumb\",\"itemListElement\":[{\"@type\":\"ListItem\",\"position\":1,\"name\":\"Strona g\u0142\u00f3wna\",\"item\":\"https:\/\/arsenal24.pl\/\"},{\"@type\":\"ListItem\",\"position\":2,\"name\":\"Sklep\",\"item\":\"https:\/\/arsenal24.pl\/sklep\/\"},{\"@type\":\"ListItem\",\"position\":3,\"name\":\"Rewolwer Ruger GP100 Stainless 4,2&#8221; .357magnum\/.38spec\"}]},{\"@type\":\"WebSite\",\"@id\":\"https:\/\/arsenal24.pl\/#website\",\"url\":\"https:\/\/arsenal24.pl\/\",\"name\":\"Arsena\u0142 - Profesjonalny sklep z broni\u0105 i akcesoriami\",\"description\":\"\",\"publisher\":{\"@id\":\"https:\/\/arsenal24.pl\/#organization\"},\"potentialAction\":[{\"@type\":\"SearchAction\",\"target\":{\"@type\":\"EntryPoint\",\"urlTemplate\":\"https:\/\/arsenal24.pl\/?s={search_term_string}\"},\"query-input\":{\"@type\":\"PropertyValueSpecification\",\"valueRequired\":true,\"valueName\":\"search_term_string\"}}],\"inLanguage\":\"uk\"},{\"@type\":\"Organization\",\"@id\":\"https:\/\/arsenal24.pl\/#organization\",\"name\":\"Arsena\u0142 - Profesjonalny sklep z broni\u0105 i akcesoriami\",\"url\":\"https:\/\/arsenal24.pl\/\",\"logo\":{\"@type\":\"ImageObject\",\"inLanguage\":\"uk\",\"@id\":\"https:\/\/arsenal24.pl\/#\/schema\/logo\/image\/\",\"url\":\"https:\/\/server568771.nazwa.pl\/arse\/wp-content\/uploads\/2024\/03\/arsenal-24-logo.png\",\"contentUrl\":\"https:\/\/server568771.nazwa.pl\/arse\/wp-content\/uploads\/2024\/03\/arsenal-24-logo.png\",\"width\":140,\"height\":140,\"caption\":\"Arsena\u0142 - Profesjonalny sklep z broni\u0105 i akcesoriami\"},\"image\":{\"@id\":\"https:\/\/arsenal24.pl\/#\/schema\/logo\/image\/\"},\"sameAs\":[\"https:\/\/www.facebook.com\/people\/Arsena-Sklep\/100035187290806\/?locale=pl_PL&paipv=0&eav=AfaBd4HS6M2sZy5PxVGmBIZx9hgg_97kXvqKJ8pngB-S_qRYY5xCeE23HjB7T-5FY6o&_rdr\"]}]}<\/script>\n<!-- \/ Yoast SEO Premium plugin. -->","yoast_head_json":{"title":"Rewolwer Ruger GP100 Stainless 4.2'' .357magn\/.38spec - Arsna\u0142","description":"Szkielet chwytu umo\u017cliwia monta\u017c niestandardowych ok\u0142adzin, a intuicyjna konstrukcja pozwala na \u0142atwe rozk\u0142adanie bez u\u017cycia specjalistycznych narz\u0119dzi.","robots":{"index":"index","follow":"follow","max-snippet":"max-snippet:-1","max-image-preview":"max-image-preview:large","max-video-preview":"max-video-preview:-1"},"canonical":"https:\/\/arsenal24.pl\/uk\/product\/rewolwer-ruger-gp100-stainless-4-2-357magn-38spec-arsnal\/","og_locale":"uk_UA","og_type":"article","og_title":"Rewolwer Ruger GP100 Stainless 4,2'' .357magnum\/.38spec","og_description":"Szkielet chwytu umo\u017cliwia monta\u017c niestandardowych ok\u0142adzin, a intuicyjna konstrukcja pozwala na \u0142atwe rozk\u0142adanie bez u\u017cycia specjalistycznych narz\u0119dzi.","og_url":"https:\/\/arsenal24.pl\/uk\/product\/rewolwer-ruger-gp100-stainless-4-2-357magn-38spec-arsnal\/","og_site_name":"Arsena\u0142 - Profesjonalny sklep z broni\u0105 i akcesoriami","article_publisher":"https:\/\/www.facebook.com\/people\/Arsena-Sklep\/100035187290806\/?locale=pl_PL&paipv=0&eav=AfaBd4HS6M2sZy5PxVGmBIZx9hgg_97kXvqKJ8pngB-S_qRYY5xCeE23HjB7T-5FY6o&_rdr","article_modified_time":"2026-01-13T15:43:34+00:00","og_image":[{"width":1200,"height":1200,"url":"https:\/\/arsenal24.pl\/wp-content\/uploads\/2025\/05\/ruger-gp100-stainless-4-2-357magnum-38spec-1705-4.jpg","type":"image\/jpeg"}],"twitter_card":"summary_large_image","twitter_misc":{"\u041f\u0440\u0438\u0431\u043b. \u0447\u0430\u0441 \u0447\u0438\u0442\u0430\u043d\u043d\u044f":"1 \u0445\u0432\u0438\u043b\u0438\u043d\u0430"},"schema":{"@context":"https:\/\/schema.org","@graph":[{"@type":"WebPage","@id":"https:\/\/arsenal24.pl\/produkt\/rewolwer-ruger-gp100-stainless-4-2-357magn-38spec-arsnal\/","url":"https:\/\/arsenal24.pl\/produkt\/rewolwer-ruger-gp100-stainless-4-2-357magn-38spec-arsnal\/","name":"Rewolwer Ruger GP100 Stainless 4.2'' .357magn\/.38spec - Arsna\u0142","isPartOf":{"@id":"https:\/\/arsenal24.pl\/#website"},"primaryImageOfPage":{"@id":"https:\/\/arsenal24.pl\/produkt\/rewolwer-ruger-gp100-stainless-4-2-357magn-38spec-arsnal\/#primaryimage"},"image":{"@id":"https:\/\/arsenal24.pl\/produkt\/rewolwer-ruger-gp100-stainless-4-2-357magn-38spec-arsnal\/#primaryimage"},"thumbnailUrl":"https:\/\/arsenal24.pl\/wp-content\/uploads\/2025\/05\/ruger-gp100-stainless-4-2-357magnum-38spec-1705-4.jpg","datePublished":"2025-05-29T10:59:45+00:00","dateModified":"2026-01-13T15:43:34+00:00","description":"Szkielet chwytu umo\u017cliwia monta\u017c niestandardowych ok\u0142adzin, a intuicyjna konstrukcja pozwala na \u0142atwe rozk\u0142adanie bez u\u017cycia specjalistycznych narz\u0119dzi.","breadcrumb":{"@id":"https:\/\/arsenal24.pl\/produkt\/rewolwer-ruger-gp100-stainless-4-2-357magn-38spec-arsnal\/#breadcrumb"},"inLanguage":"uk","potentialAction":[{"@type":"ReadAction","target":["https:\/\/arsenal24.pl\/produkt\/rewolwer-ruger-gp100-stainless-4-2-357magn-38spec-arsnal\/"]}]},{"@type":"ImageObject","inLanguage":"uk","@id":"https:\/\/arsenal24.pl\/produkt\/rewolwer-ruger-gp100-stainless-4-2-357magn-38spec-arsnal\/#primaryimage","url":"https:\/\/arsenal24.pl\/wp-content\/uploads\/2025\/05\/ruger-gp100-stainless-4-2-357magnum-38spec-1705-4.jpg","contentUrl":"https:\/\/arsenal24.pl\/wp-content\/uploads\/2025\/05\/ruger-gp100-stainless-4-2-357magnum-38spec-1705-4.jpg","width":1200,"height":1200},{"@type":"BreadcrumbList","@id":"https:\/\/arsenal24.pl\/produkt\/rewolwer-ruger-gp100-stainless-4-2-357magn-38spec-arsnal\/#breadcrumb","itemListElement":[{"@type":"ListItem","position":1,"name":"Strona g\u0142\u00f3wna","item":"https:\/\/arsenal24.pl\/"},{"@type":"ListItem","position":2,"name":"Sklep","item":"https:\/\/arsenal24.pl\/sklep\/"},{"@type":"ListItem","position":3,"name":"Rewolwer Ruger GP100 Stainless 4,2&#8221; .357magnum\/.38spec"}]},{"@type":"WebSite","@id":"https:\/\/arsenal24.pl\/#website","url":"https:\/\/arsenal24.pl\/","name":"\u0410\u0440\u0441\u0435\u043d\u0430\u043b - \u043c\u0430\u0433\u0430\u0437\u0438\u043d \u043f\u0440\u043e\u0444\u0435\u0441\u0456\u0439\u043d\u043e\u0457 \u0437\u0431\u0440\u043e\u0457 \u0442\u0430 \u0430\u043a\u0441\u0435\u0441\u0443\u0430\u0440\u0456\u0432","description":"","publisher":{"@id":"https:\/\/arsenal24.pl\/#organization"},"potentialAction":[{"@type":"SearchAction","target":{"@type":"EntryPoint","urlTemplate":"https:\/\/arsenal24.pl\/?s={search_term_string}"},"query-input":{"@type":"PropertyValueSpecification","valueRequired":true,"valueName":"search_term_string"}}],"inLanguage":"uk"},{"@type":"Organization","@id":"https:\/\/arsenal24.pl\/#organization","name":"\u0410\u0440\u0441\u0435\u043d\u0430\u043b - \u043c\u0430\u0433\u0430\u0437\u0438\u043d \u043f\u0440\u043e\u0444\u0435\u0441\u0456\u0439\u043d\u043e\u0457 \u0437\u0431\u0440\u043e\u0457 \u0442\u0430 \u0430\u043a\u0441\u0435\u0441\u0443\u0430\u0440\u0456\u0432","url":"https:\/\/arsenal24.pl\/","logo":{"@type":"ImageObject","inLanguage":"uk","@id":"https:\/\/arsenal24.pl\/#\/schema\/logo\/image\/","url":"https:\/\/server568771.nazwa.pl\/arse\/wp-content\/uploads\/2024\/03\/arsenal-24-logo.png","contentUrl":"https:\/\/server568771.nazwa.pl\/arse\/wp-content\/uploads\/2024\/03\/arsenal-24-logo.png","width":140,"height":140,"caption":"Arsena\u0142 - Profesjonalny sklep z broni\u0105 i akcesoriami"},"image":{"@id":"https:\/\/arsenal24.pl\/#\/schema\/logo\/image\/"},"sameAs":["https:\/\/www.facebook.com\/people\/Arsena-Sklep\/100035187290806\/?locale=pl_PL&paipv=0&eav=AfaBd4HS6M2sZy5PxVGmBIZx9hgg_97kXvqKJ8pngB-S_qRYY5xCeE23HjB7T-5FY6o&_rdr"]}]}},"_links":{"self":[{"href":"https:\/\/arsenal24.pl\/uk\/wp-json\/wp\/v2\/product\/6933","targetHints":{"allow":["GET"]}}],"collection":[{"href":"https:\/\/arsenal24.pl\/uk\/wp-json\/wp\/v2\/product"}],"about":[{"href":"https:\/\/arsenal24.pl\/uk\/wp-json\/wp\/v2\/types\/product"}],"version-history":[{"count":4,"href":"https:\/\/arsenal24.pl\/uk\/wp-json\/wp\/v2\/product\/6933\/revisions"}],"predecessor-version":[{"id":6941,"href":"https:\/\/arsenal24.pl\/uk\/wp-json\/wp\/v2\/product\/6933\/revisions\/6941"}],"wp:featuredmedia":[{"embeddable":true,"href":"https:\/\/arsenal24.pl\/uk\/wp-json\/wp\/v2\/media\/6936"}],"wp:attachment":[{"href":"https:\/\/arsenal24.pl\/uk\/wp-json\/wp\/v2\/media?parent=6933"}],"wp:term":[{"taxonomy":"brand","embeddable":true,"href":"https:\/\/arsenal24.pl\/uk\/wp-json\/wp\/v2\/etheme_brands?post=6933"},{"taxonomy":"product_brand","embeddable":true,"href":"https:\/\/arsenal24.pl\/uk\/wp-json\/wp\/v2\/product_brand?post=6933"},{"taxonomy":"product_cat","embeddable":true,"href":"https:\/\/arsenal24.pl\/uk\/wp-json\/wp\/v2\/product_cat?post=6933"},{"taxonomy":"product_tag","embeddable":true,"href":"https:\/\/arsenal24.pl\/uk\/wp-json\/wp\/v2\/product_tag?post=6933"}],"curies":[{"name":"wp","href":"https:\/\/api.w.org\/{rel}","templated":true}]}}