{"id":6819,"date":"2025-04-29T17:35:20","date_gmt":"2025-04-29T15:35:20","guid":{"rendered":"https:\/\/arsenal24.pl\/?post_type=product&#038;p=6819"},"modified":"2026-04-08T15:36:16","modified_gmt":"2026-04-08T13:36:16","slug":"karabinek-ruger-10-22-carbine-magpul-ss-22lr-arsenal","status":"publish","type":"product","link":"https:\/\/arsenal24.pl\/uk\/product\/karabinek-ruger-10-22-carbine-magpul-ss-22lr-arsenal\/","title":{"rendered":"Karabinek Ruger 10\/22 Carbine &#8211; Magpul &#8211; SS .22LR"},"content":{"rendered":"<p>Karabin wyposa\u017cono w opatentowany, 10-nabojowy magazynek obrotowy, wyd\u0142u\u017cony zwalniacz magazynka i \u0142atwo dost\u0119pny bezpiecznik. Zesp\u00f3\u0142 spustu wykonany z polimeru wzmocnionego w\u0142\u00f3knem szklanym charakteryzuje si\u0119 wysok\u0105 odporno\u015bci\u0105 na warunki atmosferyczne. W zestawie znajduje si\u0119 szyna Weaver do monta\u017cu optyki oraz klasyczne przyrz\u0105dy celownicze. Ca\u0142o\u015b\u0107 wa\u017cy zaledwie 1905 g przy d\u0142ugo\u015bci 94 cm.<\/p>\n<h3>Najwa\u017cniejsze cechy:<\/h3>\n<ul>\n<li>Lekka osada Magpul MOE X-22 wyposa\u017cona w dolny port M-LOK. Chwyt posiada opracowan\u0105 przez Magpul tekstur\u0119 TSP (antypo\u015blizgowa) u\u0142atwiaj\u0105c kontrol\u0119 nad broni\u0105. Osada MOE-X-22 to idealna alternatywa dla standardowej konstrukcji Ruger.<\/li>\n<li>Legendarna i sprawdzona konstrukcja Rugera zapewniaj\u0105ca wysok\u0105 precyzj\u0119 oraz jako\u015b\u0107<\/li>\n<li>Opatentowany, 10-nabojowy obrotowy magazynek<\/li>\n<li>Lufa wykonana z kutej na zimno stali nierdzewnej oraz zako\u0144czona gwintem 1\/2&#8243;-28<\/li>\n<li>Wyd\u0142u\u017cony zwalniacz magazynka zapewnia szybk\u0105 i p\u0142ynn\u0105 wymian\u0119<\/li>\n<li>Znajduj\u0105cy si\u0119 za kab\u0142\u0105kiem widoczny i \u0142atwy w obs\u0142udze bezpiecznik<\/li>\n<li>W zestawie szyna Weaver do monta\u017cu optyki<\/li>\n<li>Zesp\u00f3\u0142 obudowy spustu wykonany z polimeru i w\u0142\u00f3kna szklanego. Zapewnia to odporno\u015b\u0107 na uderzenia i \u015bcieranie oraz niezr\u00f3wnan\u0105 odporno\u015b\u0107 na warunki atmosferyczne<\/li>\n<li>Po\u0142\u0105czona kolba z osad\u0105 tworz\u0105 klasyczne linie dla atrakcyjnego wygl\u0105du<\/li>\n<li>W zestawie: 1 magazynek 10 nabojowy<\/li>\n<\/ul>\n<p>&nbsp;<\/p>\n<h3>\u0421\u043f\u0435\u0446\u0438\u0444\u0456\u043a\u0430\u0446\u0456\u044f:<\/h3>\n<ul>\n<li>Model: 31217<\/li>\n<li>Kaliber: .22LR<\/li>\n<li>D\u0142ugo\u015b\u0107 lufy: 18,5&#8243;<\/li>\n<li>Pojemno\u015b\u0107 magazynka: 10<\/li>\n<li>Materia\u0142 zamka: \u00a0Stal stopowa<\/li>\n<li>Materia\u0142 lufy: Stal nierdzewna kuta na zimno<\/li>\n<li>Skok gwintu lufy: 1:16 RH z 6 bruzdami<\/li>\n<li>Kolba: Magpul MOE-X-22<\/li>\n<li>Szyna monta\u017cowa: Picatinny \/ Weaver<\/li>\n<li>Przyrz\u0105dy celownicze: Regulowana szczerbinka, sta\u0142a muszka<\/li>\n<li>Wyko\u0144czenie: Satyna<\/li>\n<li>Waga: 1905 g<\/li>\n<li>D\u0142ugo\u015b\u0107 ca\u0142kowita: 94 cm<\/li>\n<\/ul>","protected":false},"excerpt":{"rendered":"<p>Ruger .22LR to po\u0142\u0105czenie klasyki z nowoczesno\u015bci\u0105. Lekka osada Magpul MOE-X-22 z dolnym portem M-LOK i tekstur\u0105 TSP gwarantuje pewny chwyt oraz wygod\u0119 podczas strzelania. Lufa kuta na zimno ze stali nierdzewnej z gwintem 1\/2&#8243;-28 zapewnia wysok\u0105 precyzj\u0119 i kompatybilno\u015b\u0107 z urz\u0105dzeniami wylotowymi. Konstrukcja oparta na legendarnej platformie Ruger 10\/22 oferuje niezawodno\u015b\u0107 potwierdzon\u0105 latami u\u017cytkowania.<\/p>","protected":false},"featured_media":6820,"template":"","meta":[],"etheme_brands":[],"product_brand":[],"product_cat":[71],"product_tag":[],"class_list":{"0":"post-6819","1":"product","2":"type-product","3":"status-publish","4":"has-post-thumbnail","6":"product_cat-bron-bocznego-zaplonu","8":"first","9":"instock","10":"shipping-taxable","11":"purchasable","12":"product-type-simple"},"yoast_head":"<!-- This site is optimized with the Yoast SEO Premium plugin v24.0 (Yoast SEO v26.0) - https:\/\/yoast.com\/wordpress\/plugins\/seo\/ -->\n<title>Karabinek Ruger 10\/22 Carbine - Magpul - SS .22LR - Arsena\u0142<\/title>\n<meta name=\"description\" content=\"Ruger .22LR z lekk\u0105 osad\u0105 Magpul MOE-X-22, kut\u0105 luf\u0105 ze stali nierdzewnej i 10-nabojowym magazynkiem. Klasyczny wygl\u0105d, nowoczesna ergonomia i precyzja.\" \/>\n<meta name=\"robots\" content=\"index, follow, max-snippet:-1, max-image-preview:large, max-video-preview:-1\" \/>\n<link rel=\"canonical\" href=\"https:\/\/arsenal24.pl\/uk\/product\/karabinek-ruger-10-22-carbine-magpul-ss-22lr-arsenal\/\" \/>\n<meta property=\"og:locale\" content=\"uk_UA\" \/>\n<meta property=\"og:type\" content=\"article\" \/>\n<meta property=\"og:title\" content=\"Karabinek Ruger 10\/22 Carbine - Magpul - SS .22LR\" \/>\n<meta property=\"og:description\" content=\"Ruger .22LR z lekk\u0105 osad\u0105 Magpul MOE-X-22, kut\u0105 luf\u0105 ze stali nierdzewnej i 10-nabojowym magazynkiem. Klasyczny wygl\u0105d, nowoczesna ergonomia i precyzja.\" \/>\n<meta property=\"og:url\" content=\"https:\/\/arsenal24.pl\/uk\/product\/karabinek-ruger-10-22-carbine-magpul-ss-22lr-arsenal\/\" \/>\n<meta property=\"og:site_name\" content=\"Arsena\u0142 - Profesjonalny sklep z broni\u0105 i akcesoriami\" \/>\n<meta property=\"article:publisher\" content=\"https:\/\/www.facebook.com\/people\/Arsena-Sklep\/100035187290806\/?locale=pl_PL&amp;paipv=0&amp;eav=AfaBd4HS6M2sZy5PxVGmBIZx9hgg_97kXvqKJ8pngB-S_qRYY5xCeE23HjB7T-5FY6o&amp;_rdr\" \/>\n<meta property=\"article:modified_time\" content=\"2026-04-08T13:36:16+00:00\" \/>\n<meta property=\"og:image\" content=\"https:\/\/arsenal24.pl\/wp-content\/uploads\/2025\/04\/ruger-10-22-carbine-magpul-ss-31217.webp\" \/>\n\t<meta property=\"og:image:width\" content=\"1400\" \/>\n\t<meta property=\"og:image:height\" content=\"1400\" \/>\n\t<meta property=\"og:image:type\" content=\"image\/webp\" \/>\n<meta name=\"twitter:card\" content=\"summary_large_image\" \/>\n<meta name=\"twitter:label1\" content=\"\u041f\u0440\u0438\u0431\u043b. \u0447\u0430\u0441 \u0447\u0438\u0442\u0430\u043d\u043d\u044f\" \/>\n\t<meta name=\"twitter:data1\" content=\"2 \u0445\u0432\u0438\u043b\u0438\u043d\u0438\" \/>\n<script type=\"application\/ld+json\" class=\"yoast-schema-graph\">{\"@context\":\"https:\/\/schema.org\",\"@graph\":[{\"@type\":\"WebPage\",\"@id\":\"https:\/\/arsenal24.pl\/produkt\/karabinek-ruger-10-22-carbine-magpul-ss-22lr-arsenal\/\",\"url\":\"https:\/\/arsenal24.pl\/produkt\/karabinek-ruger-10-22-carbine-magpul-ss-22lr-arsenal\/\",\"name\":\"Karabinek Ruger 10\/22 Carbine - Magpul - SS .22LR - Arsena\u0142\",\"isPartOf\":{\"@id\":\"https:\/\/arsenal24.pl\/#website\"},\"primaryImageOfPage\":{\"@id\":\"https:\/\/arsenal24.pl\/produkt\/karabinek-ruger-10-22-carbine-magpul-ss-22lr-arsenal\/#primaryimage\"},\"image\":{\"@id\":\"https:\/\/arsenal24.pl\/produkt\/karabinek-ruger-10-22-carbine-magpul-ss-22lr-arsenal\/#primaryimage\"},\"thumbnailUrl\":\"https:\/\/arsenal24.pl\/wp-content\/uploads\/2025\/04\/ruger-10-22-carbine-magpul-ss-31217.webp\",\"datePublished\":\"2025-04-29T15:35:20+00:00\",\"dateModified\":\"2026-04-08T13:36:16+00:00\",\"description\":\"Ruger .22LR z lekk\u0105 osad\u0105 Magpul MOE-X-22, kut\u0105 luf\u0105 ze stali nierdzewnej i 10-nabojowym magazynkiem. Klasyczny wygl\u0105d, nowoczesna ergonomia i precyzja.\",\"breadcrumb\":{\"@id\":\"https:\/\/arsenal24.pl\/produkt\/karabinek-ruger-10-22-carbine-magpul-ss-22lr-arsenal\/#breadcrumb\"},\"inLanguage\":\"uk\",\"potentialAction\":[{\"@type\":\"ReadAction\",\"target\":[\"https:\/\/arsenal24.pl\/produkt\/karabinek-ruger-10-22-carbine-magpul-ss-22lr-arsenal\/\"]}]},{\"@type\":\"ImageObject\",\"inLanguage\":\"uk\",\"@id\":\"https:\/\/arsenal24.pl\/produkt\/karabinek-ruger-10-22-carbine-magpul-ss-22lr-arsenal\/#primaryimage\",\"url\":\"https:\/\/arsenal24.pl\/wp-content\/uploads\/2025\/04\/ruger-10-22-carbine-magpul-ss-31217.webp\",\"contentUrl\":\"https:\/\/arsenal24.pl\/wp-content\/uploads\/2025\/04\/ruger-10-22-carbine-magpul-ss-31217.webp\",\"width\":1400,\"height\":1400},{\"@type\":\"BreadcrumbList\",\"@id\":\"https:\/\/arsenal24.pl\/produkt\/karabinek-ruger-10-22-carbine-magpul-ss-22lr-arsenal\/#breadcrumb\",\"itemListElement\":[{\"@type\":\"ListItem\",\"position\":1,\"name\":\"Strona g\u0142\u00f3wna\",\"item\":\"https:\/\/arsenal24.pl\/\"},{\"@type\":\"ListItem\",\"position\":2,\"name\":\"Sklep\",\"item\":\"https:\/\/arsenal24.pl\/sklep\/\"},{\"@type\":\"ListItem\",\"position\":3,\"name\":\"Karabinek Ruger 10\/22 Carbine &#8211; Magpul &#8211; SS .22LR\"}]},{\"@type\":\"WebSite\",\"@id\":\"https:\/\/arsenal24.pl\/#website\",\"url\":\"https:\/\/arsenal24.pl\/\",\"name\":\"Arsena\u0142 - Profesjonalny sklep z broni\u0105 i akcesoriami\",\"description\":\"\",\"publisher\":{\"@id\":\"https:\/\/arsenal24.pl\/#organization\"},\"potentialAction\":[{\"@type\":\"SearchAction\",\"target\":{\"@type\":\"EntryPoint\",\"urlTemplate\":\"https:\/\/arsenal24.pl\/?s={search_term_string}\"},\"query-input\":{\"@type\":\"PropertyValueSpecification\",\"valueRequired\":true,\"valueName\":\"search_term_string\"}}],\"inLanguage\":\"uk\"},{\"@type\":\"Organization\",\"@id\":\"https:\/\/arsenal24.pl\/#organization\",\"name\":\"Arsena\u0142 - Profesjonalny sklep z broni\u0105 i akcesoriami\",\"url\":\"https:\/\/arsenal24.pl\/\",\"logo\":{\"@type\":\"ImageObject\",\"inLanguage\":\"uk\",\"@id\":\"https:\/\/arsenal24.pl\/#\/schema\/logo\/image\/\",\"url\":\"https:\/\/server568771.nazwa.pl\/arse\/wp-content\/uploads\/2024\/03\/arsenal-24-logo.png\",\"contentUrl\":\"https:\/\/server568771.nazwa.pl\/arse\/wp-content\/uploads\/2024\/03\/arsenal-24-logo.png\",\"width\":140,\"height\":140,\"caption\":\"Arsena\u0142 - Profesjonalny sklep z broni\u0105 i akcesoriami\"},\"image\":{\"@id\":\"https:\/\/arsenal24.pl\/#\/schema\/logo\/image\/\"},\"sameAs\":[\"https:\/\/www.facebook.com\/people\/Arsena-Sklep\/100035187290806\/?locale=pl_PL&paipv=0&eav=AfaBd4HS6M2sZy5PxVGmBIZx9hgg_97kXvqKJ8pngB-S_qRYY5xCeE23HjB7T-5FY6o&_rdr\"]}]}<\/script>\n<!-- \/ Yoast SEO Premium plugin. -->","yoast_head_json":{"title":"Karabinek Ruger 10\/22 Carbine - Magpul - SS .22LR - Arsena\u0142","description":"Ruger .22LR z lekk\u0105 osad\u0105 Magpul MOE-X-22, kut\u0105 luf\u0105 ze stali nierdzewnej i 10-nabojowym magazynkiem. Klasyczny wygl\u0105d, nowoczesna ergonomia i precyzja.","robots":{"index":"index","follow":"follow","max-snippet":"max-snippet:-1","max-image-preview":"max-image-preview:large","max-video-preview":"max-video-preview:-1"},"canonical":"https:\/\/arsenal24.pl\/uk\/product\/karabinek-ruger-10-22-carbine-magpul-ss-22lr-arsenal\/","og_locale":"uk_UA","og_type":"article","og_title":"Karabinek Ruger 10\/22 Carbine - Magpul - SS .22LR","og_description":"Ruger .22LR z lekk\u0105 osad\u0105 Magpul MOE-X-22, kut\u0105 luf\u0105 ze stali nierdzewnej i 10-nabojowym magazynkiem. Klasyczny wygl\u0105d, nowoczesna ergonomia i precyzja.","og_url":"https:\/\/arsenal24.pl\/uk\/product\/karabinek-ruger-10-22-carbine-magpul-ss-22lr-arsenal\/","og_site_name":"Arsena\u0142 - Profesjonalny sklep z broni\u0105 i akcesoriami","article_publisher":"https:\/\/www.facebook.com\/people\/Arsena-Sklep\/100035187290806\/?locale=pl_PL&paipv=0&eav=AfaBd4HS6M2sZy5PxVGmBIZx9hgg_97kXvqKJ8pngB-S_qRYY5xCeE23HjB7T-5FY6o&_rdr","article_modified_time":"2026-04-08T13:36:16+00:00","og_image":[{"width":1400,"height":1400,"url":"https:\/\/arsenal24.pl\/wp-content\/uploads\/2025\/04\/ruger-10-22-carbine-magpul-ss-31217.webp","type":"image\/webp"}],"twitter_card":"summary_large_image","twitter_misc":{"\u041f\u0440\u0438\u0431\u043b. \u0447\u0430\u0441 \u0447\u0438\u0442\u0430\u043d\u043d\u044f":"2 \u0445\u0432\u0438\u043b\u0438\u043d\u0438"},"schema":{"@context":"https:\/\/schema.org","@graph":[{"@type":"WebPage","@id":"https:\/\/arsenal24.pl\/produkt\/karabinek-ruger-10-22-carbine-magpul-ss-22lr-arsenal\/","url":"https:\/\/arsenal24.pl\/produkt\/karabinek-ruger-10-22-carbine-magpul-ss-22lr-arsenal\/","name":"Karabinek Ruger 10\/22 Carbine - Magpul - SS .22LR - Arsena\u0142","isPartOf":{"@id":"https:\/\/arsenal24.pl\/#website"},"primaryImageOfPage":{"@id":"https:\/\/arsenal24.pl\/produkt\/karabinek-ruger-10-22-carbine-magpul-ss-22lr-arsenal\/#primaryimage"},"image":{"@id":"https:\/\/arsenal24.pl\/produkt\/karabinek-ruger-10-22-carbine-magpul-ss-22lr-arsenal\/#primaryimage"},"thumbnailUrl":"https:\/\/arsenal24.pl\/wp-content\/uploads\/2025\/04\/ruger-10-22-carbine-magpul-ss-31217.webp","datePublished":"2025-04-29T15:35:20+00:00","dateModified":"2026-04-08T13:36:16+00:00","description":"Ruger .22LR z lekk\u0105 osad\u0105 Magpul MOE-X-22, kut\u0105 luf\u0105 ze stali nierdzewnej i 10-nabojowym magazynkiem. Klasyczny wygl\u0105d, nowoczesna ergonomia i precyzja.","breadcrumb":{"@id":"https:\/\/arsenal24.pl\/produkt\/karabinek-ruger-10-22-carbine-magpul-ss-22lr-arsenal\/#breadcrumb"},"inLanguage":"uk","potentialAction":[{"@type":"ReadAction","target":["https:\/\/arsenal24.pl\/produkt\/karabinek-ruger-10-22-carbine-magpul-ss-22lr-arsenal\/"]}]},{"@type":"ImageObject","inLanguage":"uk","@id":"https:\/\/arsenal24.pl\/produkt\/karabinek-ruger-10-22-carbine-magpul-ss-22lr-arsenal\/#primaryimage","url":"https:\/\/arsenal24.pl\/wp-content\/uploads\/2025\/04\/ruger-10-22-carbine-magpul-ss-31217.webp","contentUrl":"https:\/\/arsenal24.pl\/wp-content\/uploads\/2025\/04\/ruger-10-22-carbine-magpul-ss-31217.webp","width":1400,"height":1400},{"@type":"BreadcrumbList","@id":"https:\/\/arsenal24.pl\/produkt\/karabinek-ruger-10-22-carbine-magpul-ss-22lr-arsenal\/#breadcrumb","itemListElement":[{"@type":"ListItem","position":1,"name":"Strona g\u0142\u00f3wna","item":"https:\/\/arsenal24.pl\/"},{"@type":"ListItem","position":2,"name":"Sklep","item":"https:\/\/arsenal24.pl\/sklep\/"},{"@type":"ListItem","position":3,"name":"Karabinek Ruger 10\/22 Carbine &#8211; Magpul &#8211; SS .22LR"}]},{"@type":"WebSite","@id":"https:\/\/arsenal24.pl\/#website","url":"https:\/\/arsenal24.pl\/","name":"\u0410\u0440\u0441\u0435\u043d\u0430\u043b - \u043c\u0430\u0433\u0430\u0437\u0438\u043d \u043f\u0440\u043e\u0444\u0435\u0441\u0456\u0439\u043d\u043e\u0457 \u0437\u0431\u0440\u043e\u0457 \u0442\u0430 \u0430\u043a\u0441\u0435\u0441\u0443\u0430\u0440\u0456\u0432","description":"","publisher":{"@id":"https:\/\/arsenal24.pl\/#organization"},"potentialAction":[{"@type":"SearchAction","target":{"@type":"EntryPoint","urlTemplate":"https:\/\/arsenal24.pl\/?s={search_term_string}"},"query-input":{"@type":"PropertyValueSpecification","valueRequired":true,"valueName":"search_term_string"}}],"inLanguage":"uk"},{"@type":"Organization","@id":"https:\/\/arsenal24.pl\/#organization","name":"\u0410\u0440\u0441\u0435\u043d\u0430\u043b - \u043c\u0430\u0433\u0430\u0437\u0438\u043d \u043f\u0440\u043e\u0444\u0435\u0441\u0456\u0439\u043d\u043e\u0457 \u0437\u0431\u0440\u043e\u0457 \u0442\u0430 \u0430\u043a\u0441\u0435\u0441\u0443\u0430\u0440\u0456\u0432","url":"https:\/\/arsenal24.pl\/","logo":{"@type":"ImageObject","inLanguage":"uk","@id":"https:\/\/arsenal24.pl\/#\/schema\/logo\/image\/","url":"https:\/\/server568771.nazwa.pl\/arse\/wp-content\/uploads\/2024\/03\/arsenal-24-logo.png","contentUrl":"https:\/\/server568771.nazwa.pl\/arse\/wp-content\/uploads\/2024\/03\/arsenal-24-logo.png","width":140,"height":140,"caption":"Arsena\u0142 - Profesjonalny sklep z broni\u0105 i akcesoriami"},"image":{"@id":"https:\/\/arsenal24.pl\/#\/schema\/logo\/image\/"},"sameAs":["https:\/\/www.facebook.com\/people\/Arsena-Sklep\/100035187290806\/?locale=pl_PL&paipv=0&eav=AfaBd4HS6M2sZy5PxVGmBIZx9hgg_97kXvqKJ8pngB-S_qRYY5xCeE23HjB7T-5FY6o&_rdr"]}]}},"_links":{"self":[{"href":"https:\/\/arsenal24.pl\/uk\/wp-json\/wp\/v2\/product\/6819","targetHints":{"allow":["GET"]}}],"collection":[{"href":"https:\/\/arsenal24.pl\/uk\/wp-json\/wp\/v2\/product"}],"about":[{"href":"https:\/\/arsenal24.pl\/uk\/wp-json\/wp\/v2\/types\/product"}],"version-history":[{"count":2,"href":"https:\/\/arsenal24.pl\/uk\/wp-json\/wp\/v2\/product\/6819\/revisions"}],"predecessor-version":[{"id":6832,"href":"https:\/\/arsenal24.pl\/uk\/wp-json\/wp\/v2\/product\/6819\/revisions\/6832"}],"wp:featuredmedia":[{"embeddable":true,"href":"https:\/\/arsenal24.pl\/uk\/wp-json\/wp\/v2\/media\/6820"}],"wp:attachment":[{"href":"https:\/\/arsenal24.pl\/uk\/wp-json\/wp\/v2\/media?parent=6819"}],"wp:term":[{"taxonomy":"brand","embeddable":true,"href":"https:\/\/arsenal24.pl\/uk\/wp-json\/wp\/v2\/etheme_brands?post=6819"},{"taxonomy":"product_brand","embeddable":true,"href":"https:\/\/arsenal24.pl\/uk\/wp-json\/wp\/v2\/product_brand?post=6819"},{"taxonomy":"product_cat","embeddable":true,"href":"https:\/\/arsenal24.pl\/uk\/wp-json\/wp\/v2\/product_cat?post=6819"},{"taxonomy":"product_tag","embeddable":true,"href":"https:\/\/arsenal24.pl\/uk\/wp-json\/wp\/v2\/product_tag?post=6819"}],"curies":[{"name":"wp","href":"https:\/\/api.w.org\/{rel}","templated":true}]}}