{"id":6808,"date":"2025-04-29T17:07:15","date_gmt":"2025-04-29T15:07:15","guid":{"rendered":"https:\/\/arsenal24.pl\/?post_type=product&#038;p=6808"},"modified":"2026-04-08T15:36:50","modified_gmt":"2026-04-08T13:36:50","slug":"karabinek-ruger-american-rimfire-standard-arsenal-sklep","status":"publish","type":"product","link":"https:\/\/arsenal24.pl\/uk\/product\/karabinek-ruger-american-rimfire-standard-arsenal-sklep\/","title":{"rendered":"Karabinek Ruger American Rimfire Standard &#8211; .17HMR"},"content":{"rendered":"<p>Bro\u0144 wyposa\u017cono w widoczny bezpiecznik, zwalniacz magazynka u\u0142atwiaj\u0105cy wymian\u0119 oraz monta\u017cow\u0105 szyn\u0119 3\/8&#8243; z otworami pod Picatinny. W zestawie znajduje si\u0119 9-nabojowy magazynek JMX-1 i ko\u0142ki zawiesia. Dzi\u0119ki oksydowanemu wyko\u0144czeniu, d\u0142ugo\u015bci ca\u0142kowitej 94 cm i wadze 2,5 kg, Ruger American Rimfire to idealny wyb\u00f3r do precyzyjnego strzelania rekreacyjnego lub treningowego.<\/p>\n<h2>Najwa\u017cniejsze cechy:<\/h2>\n<ul>\n<li>Syntetyczna kolba zawiera dwa wymienne modu\u0142y baki zapewniaj\u0105c regulacj\u0119 wysoko\u015bci. Wymiana zajmuje kilka sekund.<\/li>\n<li>W zestawie 9 nabojowy magazynek JMX-1.<\/li>\n<li>Lekka syntetyczna osada zaprojektowana z my\u015bl\u0105 o szybkiej i \u0142atwej obs\u0142udze. Teksturowany chwyt.<\/li>\n<li>Wyd\u0142u\u017cony zwalniacz magazynka zapewnia szybk\u0105 i p\u0142ynn\u0105 wymian\u0119<\/li>\n<li>Regulowany w zakresie od 3 (1,36Kg) do 5 (2,27Kg) funt\u00f3w spust Ruger Marksman<\/li>\n<li>Widoczny i \u0142atwy w obs\u0142udze bezpiecznik zapewniaj\u0105cy szybkie zabezpieczenie broni<\/li>\n<li>Lufa kuta na zimno zapewnia wyj\u0105tkow\u0105 celno\u015b\u0107, precyzj\u0119 oraz d\u0142ugowieczno\u015b\u0107.<\/li>\n<li>Wbudowana w korpus szyna 3\/8 &#8222;. Otwory umo\u017cliwiaj\u0105ce monta\u017c szyny picatynny<\/li>\n<li>Zamek o k\u0105cie otwarcia 60\u00b0 umo\u017cliwiaj\u0105cy szybkie prze\u0142adowanie i powtarzalne ryglowanie.<\/li>\n<li>Zwalniacz zamka umo\u017cliwia jego wyci\u0105gni\u0119cie bez przymusu oddania strza\u0142u \u2018na sucho\u201d<\/li>\n<\/ul>\n<h2>\u0421\u043f\u0435\u0446\u0438\u0444\u0456\u043a\u0430\u0446\u0456\u044f:<\/h2>\n<ul>\n<li>Model: 8312<\/li>\n<li>Kaliber: .17 HMR<\/li>\n<li>Pojemno\u015b\u0107: 9 szt.<\/li>\n<li>Osada: Synthetic<\/li>\n<li>D\u0142ugo\u015b\u0107 lufy: 18&#8243;<\/li>\n<li>Materia\u0142 zamka: \u00a0Stal nierdzewna<\/li>\n<li>Materia\u0142 lufy: Stal stopowa<\/li>\n<li>Ilo\u015b\u0107 bruzd: 6<\/li>\n<li>Skok gwintu lufy: 1:9\u201d RH<\/li>\n<li>Gwint na ko\u0144cu lufy: 1\/2&#8243;-28<\/li>\n<li>Przyrz\u0105dy celownicze: Szczerbinka, \u015bwiat\u0142owodowa muszka<\/li>\n<li>Wyko\u0144czenie: Oksyda<\/li>\n<li>Waga: 2495 g<\/li>\n<li>D\u0142ugo\u015b\u0107 kolby: 34,9 cm<\/li>\n<li>D\u0142ugo\u015b\u0107 ca\u0142kowita: 94 cm<\/li>\n<\/ul>","protected":false},"excerpt":{"rendered":"<p><strong>Ruger American Rimfire Standard<\/strong> w kalibrze .17 HMR to wszechstronna wiatr\u00f3wka z lekk\u0105, teksturowan\u0105 osad\u0105 i wymiennymi modu\u0142ami baki, kt\u00f3re umo\u017cliwiaj\u0105 dostosowanie wysoko\u015bci w kilka sekund. Lufa kuta na zimno i regulowany spust Ruger Marksman (3\u20135 funt\u00f3w) zapewniaj\u0105 wysok\u0105 precyzj\u0119 i komfort pracy. Zamek z k\u0105tem otwarcia 60\u00b0 umo\u017cliwia szybkie prze\u0142adowanie bez konieczno\u015bci oddania strza\u0142u \u201ena sucho\u201d.<\/p>","protected":false},"featured_media":6809,"template":"","meta":[],"etheme_brands":[],"product_brand":[],"product_cat":[71],"product_tag":[],"class_list":{"0":"post-6808","1":"product","2":"type-product","3":"status-publish","4":"has-post-thumbnail","6":"product_cat-bron-bocznego-zaplonu","8":"first","9":"instock","10":"shipping-taxable","11":"purchasable","12":"product-type-simple"},"yoast_head":"<!-- This site is optimized with the Yoast SEO Premium plugin v24.0 (Yoast SEO v26.0) - https:\/\/yoast.com\/wordpress\/plugins\/seo\/ -->\n<title>Karabinek Ruger American Rimfire Standard - Arsena\u0142 Sklep<\/title>\n<meta name=\"description\" content=\"Ruger American Rimfire .17 HMR z kut\u0105 luf\u0105, regulowanym spustem i wymiennymi bakami kolby. Lekki, celny i gotowy do monta\u017cu optyki lub zawiesia.\" \/>\n<meta name=\"robots\" content=\"index, follow, max-snippet:-1, max-image-preview:large, max-video-preview:-1\" \/>\n<link rel=\"canonical\" href=\"https:\/\/arsenal24.pl\/uk\/product\/karabinek-ruger-american-rimfire-standard-arsenal-sklep\/\" \/>\n<meta property=\"og:locale\" content=\"uk_UA\" \/>\n<meta property=\"og:type\" content=\"article\" \/>\n<meta property=\"og:title\" content=\"Karabinek Ruger American Rimfire Standard - .17HMR\" \/>\n<meta property=\"og:description\" content=\"Ruger American Rimfire .17 HMR z kut\u0105 luf\u0105, regulowanym spustem i wymiennymi bakami kolby. Lekki, celny i gotowy do monta\u017cu optyki lub zawiesia.\" \/>\n<meta property=\"og:url\" content=\"https:\/\/arsenal24.pl\/uk\/product\/karabinek-ruger-american-rimfire-standard-arsenal-sklep\/\" \/>\n<meta property=\"og:site_name\" content=\"Arsena\u0142 - Profesjonalny sklep z broni\u0105 i akcesoriami\" \/>\n<meta property=\"article:publisher\" content=\"https:\/\/www.facebook.com\/people\/Arsena-Sklep\/100035187290806\/?locale=pl_PL&amp;paipv=0&amp;eav=AfaBd4HS6M2sZy5PxVGmBIZx9hgg_97kXvqKJ8pngB-S_qRYY5xCeE23HjB7T-5FY6o&amp;_rdr\" \/>\n<meta property=\"article:modified_time\" content=\"2026-04-08T13:36:50+00:00\" \/>\n<meta property=\"og:image\" content=\"https:\/\/arsenal24.pl\/wp-content\/uploads\/2025\/04\/ruger-american-rimfire-standard-17hmr-8312.webp\" \/>\n\t<meta property=\"og:image:width\" content=\"1400\" \/>\n\t<meta property=\"og:image:height\" content=\"1400\" \/>\n\t<meta property=\"og:image:type\" content=\"image\/webp\" \/>\n<meta name=\"twitter:card\" content=\"summary_large_image\" \/>\n<meta name=\"twitter:label1\" content=\"\u041f\u0440\u0438\u0431\u043b. \u0447\u0430\u0441 \u0447\u0438\u0442\u0430\u043d\u043d\u044f\" \/>\n\t<meta name=\"twitter:data1\" content=\"2 \u0445\u0432\u0438\u043b\u0438\u043d\u0438\" \/>\n<script type=\"application\/ld+json\" class=\"yoast-schema-graph\">{\"@context\":\"https:\/\/schema.org\",\"@graph\":[{\"@type\":\"WebPage\",\"@id\":\"https:\/\/arsenal24.pl\/produkt\/karabinek-ruger-american-rimfire-standard-arsenal-sklep\/\",\"url\":\"https:\/\/arsenal24.pl\/produkt\/karabinek-ruger-american-rimfire-standard-arsenal-sklep\/\",\"name\":\"Karabinek Ruger American Rimfire Standard - Arsena\u0142 Sklep\",\"isPartOf\":{\"@id\":\"https:\/\/arsenal24.pl\/#website\"},\"primaryImageOfPage\":{\"@id\":\"https:\/\/arsenal24.pl\/produkt\/karabinek-ruger-american-rimfire-standard-arsenal-sklep\/#primaryimage\"},\"image\":{\"@id\":\"https:\/\/arsenal24.pl\/produkt\/karabinek-ruger-american-rimfire-standard-arsenal-sklep\/#primaryimage\"},\"thumbnailUrl\":\"https:\/\/arsenal24.pl\/wp-content\/uploads\/2025\/04\/ruger-american-rimfire-standard-17hmr-8312.webp\",\"datePublished\":\"2025-04-29T15:07:15+00:00\",\"dateModified\":\"2026-04-08T13:36:50+00:00\",\"description\":\"Ruger American Rimfire .17 HMR z kut\u0105 luf\u0105, regulowanym spustem i wymiennymi bakami kolby. Lekki, celny i gotowy do monta\u017cu optyki lub zawiesia.\",\"breadcrumb\":{\"@id\":\"https:\/\/arsenal24.pl\/produkt\/karabinek-ruger-american-rimfire-standard-arsenal-sklep\/#breadcrumb\"},\"inLanguage\":\"uk\",\"potentialAction\":[{\"@type\":\"ReadAction\",\"target\":[\"https:\/\/arsenal24.pl\/produkt\/karabinek-ruger-american-rimfire-standard-arsenal-sklep\/\"]}]},{\"@type\":\"ImageObject\",\"inLanguage\":\"uk\",\"@id\":\"https:\/\/arsenal24.pl\/produkt\/karabinek-ruger-american-rimfire-standard-arsenal-sklep\/#primaryimage\",\"url\":\"https:\/\/arsenal24.pl\/wp-content\/uploads\/2025\/04\/ruger-american-rimfire-standard-17hmr-8312.webp\",\"contentUrl\":\"https:\/\/arsenal24.pl\/wp-content\/uploads\/2025\/04\/ruger-american-rimfire-standard-17hmr-8312.webp\",\"width\":1400,\"height\":1400},{\"@type\":\"BreadcrumbList\",\"@id\":\"https:\/\/arsenal24.pl\/produkt\/karabinek-ruger-american-rimfire-standard-arsenal-sklep\/#breadcrumb\",\"itemListElement\":[{\"@type\":\"ListItem\",\"position\":1,\"name\":\"Strona g\u0142\u00f3wna\",\"item\":\"https:\/\/arsenal24.pl\/\"},{\"@type\":\"ListItem\",\"position\":2,\"name\":\"Sklep\",\"item\":\"https:\/\/arsenal24.pl\/sklep\/\"},{\"@type\":\"ListItem\",\"position\":3,\"name\":\"Karabinek Ruger American Rimfire Standard &#8211; .17HMR\"}]},{\"@type\":\"WebSite\",\"@id\":\"https:\/\/arsenal24.pl\/#website\",\"url\":\"https:\/\/arsenal24.pl\/\",\"name\":\"Arsena\u0142 - Profesjonalny sklep z broni\u0105 i akcesoriami\",\"description\":\"\",\"publisher\":{\"@id\":\"https:\/\/arsenal24.pl\/#organization\"},\"potentialAction\":[{\"@type\":\"SearchAction\",\"target\":{\"@type\":\"EntryPoint\",\"urlTemplate\":\"https:\/\/arsenal24.pl\/?s={search_term_string}\"},\"query-input\":{\"@type\":\"PropertyValueSpecification\",\"valueRequired\":true,\"valueName\":\"search_term_string\"}}],\"inLanguage\":\"uk\"},{\"@type\":\"Organization\",\"@id\":\"https:\/\/arsenal24.pl\/#organization\",\"name\":\"Arsena\u0142 - Profesjonalny sklep z broni\u0105 i akcesoriami\",\"url\":\"https:\/\/arsenal24.pl\/\",\"logo\":{\"@type\":\"ImageObject\",\"inLanguage\":\"uk\",\"@id\":\"https:\/\/arsenal24.pl\/#\/schema\/logo\/image\/\",\"url\":\"https:\/\/server568771.nazwa.pl\/arse\/wp-content\/uploads\/2024\/03\/arsenal-24-logo.png\",\"contentUrl\":\"https:\/\/server568771.nazwa.pl\/arse\/wp-content\/uploads\/2024\/03\/arsenal-24-logo.png\",\"width\":140,\"height\":140,\"caption\":\"Arsena\u0142 - Profesjonalny sklep z broni\u0105 i akcesoriami\"},\"image\":{\"@id\":\"https:\/\/arsenal24.pl\/#\/schema\/logo\/image\/\"},\"sameAs\":[\"https:\/\/www.facebook.com\/people\/Arsena-Sklep\/100035187290806\/?locale=pl_PL&paipv=0&eav=AfaBd4HS6M2sZy5PxVGmBIZx9hgg_97kXvqKJ8pngB-S_qRYY5xCeE23HjB7T-5FY6o&_rdr\"]}]}<\/script>\n<!-- \/ Yoast SEO Premium plugin. -->","yoast_head_json":{"title":"Karabinek Ruger American Rimfire Standard - Arsena\u0142 Sklep","description":"Ruger American Rimfire .17 HMR z kut\u0105 luf\u0105, regulowanym spustem i wymiennymi bakami kolby. Lekki, celny i gotowy do monta\u017cu optyki lub zawiesia.","robots":{"index":"index","follow":"follow","max-snippet":"max-snippet:-1","max-image-preview":"max-image-preview:large","max-video-preview":"max-video-preview:-1"},"canonical":"https:\/\/arsenal24.pl\/uk\/product\/karabinek-ruger-american-rimfire-standard-arsenal-sklep\/","og_locale":"uk_UA","og_type":"article","og_title":"Karabinek Ruger American Rimfire Standard - .17HMR","og_description":"Ruger American Rimfire .17 HMR z kut\u0105 luf\u0105, regulowanym spustem i wymiennymi bakami kolby. Lekki, celny i gotowy do monta\u017cu optyki lub zawiesia.","og_url":"https:\/\/arsenal24.pl\/uk\/product\/karabinek-ruger-american-rimfire-standard-arsenal-sklep\/","og_site_name":"Arsena\u0142 - Profesjonalny sklep z broni\u0105 i akcesoriami","article_publisher":"https:\/\/www.facebook.com\/people\/Arsena-Sklep\/100035187290806\/?locale=pl_PL&paipv=0&eav=AfaBd4HS6M2sZy5PxVGmBIZx9hgg_97kXvqKJ8pngB-S_qRYY5xCeE23HjB7T-5FY6o&_rdr","article_modified_time":"2026-04-08T13:36:50+00:00","og_image":[{"width":1400,"height":1400,"url":"https:\/\/arsenal24.pl\/wp-content\/uploads\/2025\/04\/ruger-american-rimfire-standard-17hmr-8312.webp","type":"image\/webp"}],"twitter_card":"summary_large_image","twitter_misc":{"\u041f\u0440\u0438\u0431\u043b. \u0447\u0430\u0441 \u0447\u0438\u0442\u0430\u043d\u043d\u044f":"2 \u0445\u0432\u0438\u043b\u0438\u043d\u0438"},"schema":{"@context":"https:\/\/schema.org","@graph":[{"@type":"WebPage","@id":"https:\/\/arsenal24.pl\/produkt\/karabinek-ruger-american-rimfire-standard-arsenal-sklep\/","url":"https:\/\/arsenal24.pl\/produkt\/karabinek-ruger-american-rimfire-standard-arsenal-sklep\/","name":"Karabinek Ruger American Rimfire Standard - Arsena\u0142 Sklep","isPartOf":{"@id":"https:\/\/arsenal24.pl\/#website"},"primaryImageOfPage":{"@id":"https:\/\/arsenal24.pl\/produkt\/karabinek-ruger-american-rimfire-standard-arsenal-sklep\/#primaryimage"},"image":{"@id":"https:\/\/arsenal24.pl\/produkt\/karabinek-ruger-american-rimfire-standard-arsenal-sklep\/#primaryimage"},"thumbnailUrl":"https:\/\/arsenal24.pl\/wp-content\/uploads\/2025\/04\/ruger-american-rimfire-standard-17hmr-8312.webp","datePublished":"2025-04-29T15:07:15+00:00","dateModified":"2026-04-08T13:36:50+00:00","description":"Ruger American Rimfire .17 HMR z kut\u0105 luf\u0105, regulowanym spustem i wymiennymi bakami kolby. Lekki, celny i gotowy do monta\u017cu optyki lub zawiesia.","breadcrumb":{"@id":"https:\/\/arsenal24.pl\/produkt\/karabinek-ruger-american-rimfire-standard-arsenal-sklep\/#breadcrumb"},"inLanguage":"uk","potentialAction":[{"@type":"ReadAction","target":["https:\/\/arsenal24.pl\/produkt\/karabinek-ruger-american-rimfire-standard-arsenal-sklep\/"]}]},{"@type":"ImageObject","inLanguage":"uk","@id":"https:\/\/arsenal24.pl\/produkt\/karabinek-ruger-american-rimfire-standard-arsenal-sklep\/#primaryimage","url":"https:\/\/arsenal24.pl\/wp-content\/uploads\/2025\/04\/ruger-american-rimfire-standard-17hmr-8312.webp","contentUrl":"https:\/\/arsenal24.pl\/wp-content\/uploads\/2025\/04\/ruger-american-rimfire-standard-17hmr-8312.webp","width":1400,"height":1400},{"@type":"BreadcrumbList","@id":"https:\/\/arsenal24.pl\/produkt\/karabinek-ruger-american-rimfire-standard-arsenal-sklep\/#breadcrumb","itemListElement":[{"@type":"ListItem","position":1,"name":"Strona g\u0142\u00f3wna","item":"https:\/\/arsenal24.pl\/"},{"@type":"ListItem","position":2,"name":"Sklep","item":"https:\/\/arsenal24.pl\/sklep\/"},{"@type":"ListItem","position":3,"name":"Karabinek Ruger American Rimfire Standard &#8211; .17HMR"}]},{"@type":"WebSite","@id":"https:\/\/arsenal24.pl\/#website","url":"https:\/\/arsenal24.pl\/","name":"\u0410\u0440\u0441\u0435\u043d\u0430\u043b - \u043c\u0430\u0433\u0430\u0437\u0438\u043d \u043f\u0440\u043e\u0444\u0435\u0441\u0456\u0439\u043d\u043e\u0457 \u0437\u0431\u0440\u043e\u0457 \u0442\u0430 \u0430\u043a\u0441\u0435\u0441\u0443\u0430\u0440\u0456\u0432","description":"","publisher":{"@id":"https:\/\/arsenal24.pl\/#organization"},"potentialAction":[{"@type":"SearchAction","target":{"@type":"EntryPoint","urlTemplate":"https:\/\/arsenal24.pl\/?s={search_term_string}"},"query-input":{"@type":"PropertyValueSpecification","valueRequired":true,"valueName":"search_term_string"}}],"inLanguage":"uk"},{"@type":"Organization","@id":"https:\/\/arsenal24.pl\/#organization","name":"\u0410\u0440\u0441\u0435\u043d\u0430\u043b - \u043c\u0430\u0433\u0430\u0437\u0438\u043d \u043f\u0440\u043e\u0444\u0435\u0441\u0456\u0439\u043d\u043e\u0457 \u0437\u0431\u0440\u043e\u0457 \u0442\u0430 \u0430\u043a\u0441\u0435\u0441\u0443\u0430\u0440\u0456\u0432","url":"https:\/\/arsenal24.pl\/","logo":{"@type":"ImageObject","inLanguage":"uk","@id":"https:\/\/arsenal24.pl\/#\/schema\/logo\/image\/","url":"https:\/\/server568771.nazwa.pl\/arse\/wp-content\/uploads\/2024\/03\/arsenal-24-logo.png","contentUrl":"https:\/\/server568771.nazwa.pl\/arse\/wp-content\/uploads\/2024\/03\/arsenal-24-logo.png","width":140,"height":140,"caption":"Arsena\u0142 - Profesjonalny sklep z broni\u0105 i akcesoriami"},"image":{"@id":"https:\/\/arsenal24.pl\/#\/schema\/logo\/image\/"},"sameAs":["https:\/\/www.facebook.com\/people\/Arsena-Sklep\/100035187290806\/?locale=pl_PL&paipv=0&eav=AfaBd4HS6M2sZy5PxVGmBIZx9hgg_97kXvqKJ8pngB-S_qRYY5xCeE23HjB7T-5FY6o&_rdr"]}]}},"_links":{"self":[{"href":"https:\/\/arsenal24.pl\/uk\/wp-json\/wp\/v2\/product\/6808","targetHints":{"allow":["GET"]}}],"collection":[{"href":"https:\/\/arsenal24.pl\/uk\/wp-json\/wp\/v2\/product"}],"about":[{"href":"https:\/\/arsenal24.pl\/uk\/wp-json\/wp\/v2\/types\/product"}],"version-history":[{"count":2,"href":"https:\/\/arsenal24.pl\/uk\/wp-json\/wp\/v2\/product\/6808\/revisions"}],"predecessor-version":[{"id":6887,"href":"https:\/\/arsenal24.pl\/uk\/wp-json\/wp\/v2\/product\/6808\/revisions\/6887"}],"wp:featuredmedia":[{"embeddable":true,"href":"https:\/\/arsenal24.pl\/uk\/wp-json\/wp\/v2\/media\/6809"}],"wp:attachment":[{"href":"https:\/\/arsenal24.pl\/uk\/wp-json\/wp\/v2\/media?parent=6808"}],"wp:term":[{"taxonomy":"brand","embeddable":true,"href":"https:\/\/arsenal24.pl\/uk\/wp-json\/wp\/v2\/etheme_brands?post=6808"},{"taxonomy":"product_brand","embeddable":true,"href":"https:\/\/arsenal24.pl\/uk\/wp-json\/wp\/v2\/product_brand?post=6808"},{"taxonomy":"product_cat","embeddable":true,"href":"https:\/\/arsenal24.pl\/uk\/wp-json\/wp\/v2\/product_cat?post=6808"},{"taxonomy":"product_tag","embeddable":true,"href":"https:\/\/arsenal24.pl\/uk\/wp-json\/wp\/v2\/product_tag?post=6808"}],"curies":[{"name":"wp","href":"https:\/\/api.w.org\/{rel}","templated":true}]}}