{"id":6745,"date":"2025-04-15T15:14:52","date_gmt":"2025-04-15T13:14:52","guid":{"rendered":"https:\/\/arsenal24.pl\/?post_type=product&#038;p=6745"},"modified":"2025-04-15T15:38:15","modified_gmt":"2025-04-15T13:38:15","slug":"pistolet-hk-sfp9-9x19mm-arsenal-sklep","status":"publish","type":"product","link":"https:\/\/arsenal24.pl\/uk\/product\/pistolet-hk-sfp9-9x19mm-arsenal-sklep\/","title":{"rendered":"Pistolet HK SFP9 9x19mm"},"content":{"rendered":"<p><strong>Model SFP9<\/strong> to przyk\u0142ad nowoczesnej konstrukcji stworzonej przez renomowanego niemieckiego producenta <strong>Heckler &amp; Koc<\/strong>h. Producent ten, znany z niezawodnej i precyzyjnej broni, dostosowuje ofert\u0119 do r\u00f3\u017cnych potrzeb \u2013 od samoobrony, przez sport, a\u017c po dzia\u0142ania operacyjne. <strong>SFP<\/strong>9 to bezkurkowy pistolet bijnikowy, dost\u0119pny w wielu konfiguracjach \u2013 r\u00f3\u017cnice obejmuj\u0105 m.in. system zwalniania magazynka (skrzyde\u0142ka w kab\u0142\u0105ku lub przycisk PB), mo\u017cliwo\u015b\u0107 monta\u017cu kolimatora, t\u0142umika, a tak\u017ce wersje z l\u017cejszym spustem (SF \u2013 Special Forces). Bro\u0144 wyst\u0119puje r\u00f3wnie\u017c w r\u00f3\u017cnych wariantach kolorystycznych, jak klasyczna czer\u0144 czy RAL8000 (FDE).<\/p>\n<h3><strong>Ergonomia i Personalizacja Chwytu<\/strong><\/h3>\n<p>Charakterystyczn\u0105 cech\u0105 SFP9 jest wyj\u0105tkowo wygodny chwyt, kt\u00f3ry dzi\u0119ki wymiennym nak\u0142adkom po bokach i z ty\u0142u mo\u017cna dopasowa\u0107 do d\u0142oni u\u017cytkownika. A\u017c 27 konfiguracji pozwala uzyska\u0107 maksymaln\u0105 kontrol\u0119 i wygod\u0119, co przek\u0142ada si\u0119 na precyzyjniejsze strzelanie.<\/p>\n<h3 class=\"\" data-start=\"1599\" data-end=\"1645\"><strong data-start=\"1603\" data-end=\"1645\">Wysoka Funkcjonalno\u015b\u0107 i Bezpiecze\u0144stwo<\/strong><\/h3>\n<p class=\"\" data-start=\"1647\" data-end=\"1960\">HK SFP9 oferuje szereg nowoczesnych rozwi\u0105za\u0144: kr\u00f3tki reset spustu, wyczuwalny punkt oporu, energi\u0119 iglicy por\u00f3wnywaln\u0105 z pistoletami m\u0142otkowymi oraz wysokiej jako\u015bci przyrz\u0105dy celownicze. Wszystko to zapewnia szybkie, celne i bezpieczne oddawanie strza\u0142\u00f3w \u2013 zar\u00f3wno w warunkach bojowych, jak i podczas trening\u00f3w.<\/p>\n<h3 class=\"\" data-start=\"1967\" data-end=\"2012\"><strong data-start=\"1971\" data-end=\"2012\">Modularno\u015b\u0107 i Bogaty Wyb\u00f3r Akcesori\u00f3w<\/strong><\/h3>\n<p class=\"\" data-start=\"2014\" data-end=\"2247\">Bro\u0144 marki HK znana jest z ogromnej dost\u0119pno\u015bci akcesori\u00f3w oraz cz\u0119\u015bci zamiennych. Mo\u017cliwo\u015b\u0107 rozbudowy i modyfikacji czyni z SFP9 nie tylko \u015bwietny wyb\u00f3r na start, ale i d\u0142ugoterminow\u0105 inwestycj\u0119 dla profesjonalist\u00f3w oraz pasjonat\u00f3w.<\/p>\n<h3 class=\"\" data-start=\"3212\" data-end=\"3236\"><strong data-start=\"3216\" data-end=\"3236\">Dane Techniczne:<\/strong><\/h3>\n<ul data-start=\"3238\" data-end=\"3849\">\n<li class=\"\" data-start=\"3238\" data-end=\"3262\">\n<p class=\"\" data-start=\"3240\" data-end=\"3262\"><strong data-start=\"3240\" data-end=\"3252\">\u041a\u0430\u043b\u0456\u0431\u0440:<\/strong> 9&#215;19 mm<\/p>\n<\/li>\n<li class=\"\" data-start=\"3263\" data-end=\"3321\">\n<p class=\"\" data-start=\"3265\" data-end=\"3321\"><strong data-start=\"3265\" data-end=\"3279\">Magazynek:<\/strong> 15 naboj\u00f3w (mo\u017cliwo\u015b\u0107 u\u017cycia wi\u0119kszych)<\/p>\n<\/li>\n<li class=\"\" data-start=\"3322\" data-end=\"3368\">\n<p class=\"\" data-start=\"3324\" data-end=\"3368\"><strong data-start=\"3324\" data-end=\"3347\">Mechanizm spustowy:<\/strong> Single Action (SA)<\/p>\n<\/li>\n<li class=\"\" data-start=\"3369\" data-end=\"3443\">\n<p class=\"\" data-start=\"3371\" data-end=\"3443\"><strong data-start=\"3371\" data-end=\"3404\">Rodzaje zwalniania magazynka:<\/strong> skrzyde\u0142ka w kab\u0142\u0105ku lub przycisk PB<\/p>\n<\/li>\n<li class=\"\" data-start=\"3444\" data-end=\"3477\">\n<p class=\"\" data-start=\"3446\" data-end=\"3477\"><strong data-start=\"3446\" data-end=\"3468\">\u0417\u0430\u0433\u0430\u043b\u044c\u043d\u0430 \u0434\u043e\u0432\u0436\u0438\u043d\u0430:<\/strong> 186 \u043c\u043c<\/p>\n<\/li>\n<li class=\"\" data-start=\"3478\" data-end=\"3502\">\n<p class=\"\" data-start=\"3480\" data-end=\"3502\"><strong data-start=\"3480\" data-end=\"3494\">\u0428\u0438\u0440\u0438\u043d\u0430:<\/strong> 33 mm<\/p>\n<\/li>\n<li class=\"\" data-start=\"3503\" data-end=\"3527\">\n<p class=\"\" data-start=\"3505\" data-end=\"3527\"><strong data-start=\"3505\" data-end=\"3518\">\u0417\u0440\u043e\u0441\u0442\u0430\u043d\u043d\u044f:<\/strong> 137 mm<\/p>\n<\/li>\n<li class=\"\" data-start=\"3528\" data-end=\"3565\">\n<p class=\"\" data-start=\"3530\" data-end=\"3565\"><strong data-start=\"3530\" data-end=\"3547\">\u0414\u043e\u0432\u0436\u0438\u043d\u0430 \u0441\u0442\u0432\u043e\u043b\u0430:<\/strong> 104 mm (4 cale)<\/p>\n<\/li>\n<li class=\"\" data-start=\"3566\" data-end=\"3597\">\n<p class=\"\" data-start=\"3568\" data-end=\"3597\"><strong data-start=\"3568\" data-end=\"3588\">Linia celowania:<\/strong> 162 mm<\/p>\n<\/li>\n<li class=\"\" data-start=\"3598\" data-end=\"3663\">\n<p class=\"\" data-start=\"3600\" data-end=\"3663\"><strong data-start=\"3600\" data-end=\"3609\">Masa:<\/strong> 710 g (bez magazynka), 803 g (z pustym magazynkiem)<\/p>\n<\/li>\n<li class=\"\" data-start=\"3664\" data-end=\"3714\">\n<p class=\"\" data-start=\"3666\" data-end=\"3714\"><strong data-start=\"3666\" data-end=\"3704\">Si\u0142a nacisku na spust (wersja SF):<\/strong> 20\u201325 N<\/p>\n<\/li>\n<li class=\"\" data-start=\"3715\" data-end=\"3741\">\n<p class=\"\" data-start=\"3717\" data-end=\"3741\"><strong data-start=\"3717\" data-end=\"3734\">Droga spustu:<\/strong> 6 mm<\/p>\n<\/li>\n<li class=\"\" data-start=\"3742\" data-end=\"3768\">\n<p class=\"\" data-start=\"3744\" data-end=\"3768\"><strong data-start=\"3744\" data-end=\"3761\">Reset spustu:<\/strong> 3 mm<\/p>\n<\/li>\n<li class=\"\" data-start=\"3769\" data-end=\"3815\">\n<p class=\"\" data-start=\"3771\" data-end=\"3815\"><strong data-start=\"3771\" data-end=\"3801\">\u0428\u0432\u0438\u0434\u043a\u0456\u0441\u0442\u044c \u0432\u0438\u0445\u043e\u0434\u0443 \u043a\u0443\u043b\u0456:<\/strong> ok. 415 m\/s<\/p>\n<\/li>\n<li class=\"\" data-start=\"3816\" data-end=\"3849\">\n<p class=\"\" data-start=\"3818\" data-end=\"3849\"><strong data-start=\"3818\" data-end=\"3839\">Energia wylotowa:<\/strong> ok. 525 J<\/p>\n<\/li>\n<\/ul>","protected":false},"excerpt":{"rendered":"<p><strong data-start=\"277\" data-end=\"297\">Pistolet HK SFP9<\/strong> to zaawansowany technologicznie model stworzony z my\u015bl\u0105 zar\u00f3wno o strzelcach sportowych, jak i s\u0142u\u017cbach mundurowych. Dzi\u0119ki ergonomicznej konstrukcji, innowacyjnym funkcjom i szerokiemu wachlarzowi akcesori\u00f3w, bro\u0144 ta stanowi znakomite po\u0142\u0105czenie komfortu, efektywno\u015bci oraz niezawodno\u015bci.<\/p>","protected":false},"featured_media":6746,"template":"","meta":[],"etheme_brands":[],"product_brand":[],"product_cat":[49],"product_tag":[],"class_list":{"0":"post-6745","1":"product","2":"type-product","3":"status-publish","4":"has-post-thumbnail","6":"product_cat-bron-krotka","8":"first","9":"instock","10":"shipping-taxable","11":"purchasable","12":"product-type-simple"},"yoast_head":"<!-- This site is optimized with the Yoast SEO Premium plugin v24.0 (Yoast SEO v26.0) - https:\/\/yoast.com\/wordpress\/plugins\/seo\/ -->\n<title>Pistolet HK SFP9 9x19mm - Arsena\u0142 Sklep<\/title>\n<meta name=\"description\" content=\"Heckler &amp; Koch SFP9 to pistolet, kt\u00f3ry spe\u0142nia oczekiwania najbardziej wymagaj\u0105cych u\u017cytkownik\u00f3w, po\u0142\u0105czenie nowoczesnych technologii, \u015bwietnej ergonomii.\" \/>\n<meta name=\"robots\" content=\"index, follow, max-snippet:-1, max-image-preview:large, max-video-preview:-1\" \/>\n<link rel=\"canonical\" href=\"https:\/\/arsenal24.pl\/uk\/product\/pistolet-hk-sfp9-9x19mm-arsenal-sklep\/\" \/>\n<meta property=\"og:locale\" content=\"uk_UA\" \/>\n<meta property=\"og:type\" content=\"article\" \/>\n<meta property=\"og:title\" content=\"Pistolet HK SFP9 9x19mm\" \/>\n<meta property=\"og:description\" content=\"Heckler &amp; Koch SFP9 to pistolet, kt\u00f3ry spe\u0142nia oczekiwania najbardziej wymagaj\u0105cych u\u017cytkownik\u00f3w, po\u0142\u0105czenie nowoczesnych technologii, \u015bwietnej ergonomii.\" \/>\n<meta property=\"og:url\" content=\"https:\/\/arsenal24.pl\/uk\/product\/pistolet-hk-sfp9-9x19mm-arsenal-sklep\/\" \/>\n<meta property=\"og:site_name\" content=\"Arsena\u0142 - Profesjonalny sklep z broni\u0105 i akcesoriami\" \/>\n<meta property=\"article:publisher\" content=\"https:\/\/www.facebook.com\/people\/Arsena-Sklep\/100035187290806\/?locale=pl_PL&amp;paipv=0&amp;eav=AfaBd4HS6M2sZy5PxVGmBIZx9hgg_97kXvqKJ8pngB-S_qRYY5xCeE23HjB7T-5FY6o&amp;_rdr\" \/>\n<meta property=\"article:modified_time\" content=\"2025-04-15T13:38:15+00:00\" \/>\n<meta property=\"og:image\" content=\"https:\/\/arsenal24.pl\/wp-content\/uploads\/2025\/04\/pistolet-heckler-koch-sfp9-sf-9x19mm-czarny.webp\" \/>\n\t<meta property=\"og:image:width\" content=\"1200\" \/>\n\t<meta property=\"og:image:height\" content=\"1200\" \/>\n\t<meta property=\"og:image:type\" content=\"image\/webp\" \/>\n<meta name=\"twitter:card\" content=\"summary_large_image\" \/>\n<meta name=\"twitter:label1\" content=\"\u041f\u0440\u0438\u0431\u043b. \u0447\u0430\u0441 \u0447\u0438\u0442\u0430\u043d\u043d\u044f\" \/>\n\t<meta name=\"twitter:data1\" content=\"2 \u0445\u0432\u0438\u043b\u0438\u043d\u0438\" \/>\n<script type=\"application\/ld+json\" class=\"yoast-schema-graph\">{\"@context\":\"https:\/\/schema.org\",\"@graph\":[{\"@type\":\"WebPage\",\"@id\":\"https:\/\/arsenal24.pl\/produkt\/pistolet-hk-sfp9-9x19mm-arsenal-sklep\/\",\"url\":\"https:\/\/arsenal24.pl\/produkt\/pistolet-hk-sfp9-9x19mm-arsenal-sklep\/\",\"name\":\"Pistolet HK SFP9 9x19mm - Arsena\u0142 Sklep\",\"isPartOf\":{\"@id\":\"https:\/\/arsenal24.pl\/#website\"},\"primaryImageOfPage\":{\"@id\":\"https:\/\/arsenal24.pl\/produkt\/pistolet-hk-sfp9-9x19mm-arsenal-sklep\/#primaryimage\"},\"image\":{\"@id\":\"https:\/\/arsenal24.pl\/produkt\/pistolet-hk-sfp9-9x19mm-arsenal-sklep\/#primaryimage\"},\"thumbnailUrl\":\"https:\/\/arsenal24.pl\/wp-content\/uploads\/2025\/04\/pistolet-heckler-koch-sfp9-sf-9x19mm-czarny.webp\",\"datePublished\":\"2025-04-15T13:14:52+00:00\",\"dateModified\":\"2025-04-15T13:38:15+00:00\",\"description\":\"Heckler & Koch SFP9 to pistolet, kt\u00f3ry spe\u0142nia oczekiwania najbardziej wymagaj\u0105cych u\u017cytkownik\u00f3w, po\u0142\u0105czenie nowoczesnych technologii, \u015bwietnej ergonomii.\",\"breadcrumb\":{\"@id\":\"https:\/\/arsenal24.pl\/produkt\/pistolet-hk-sfp9-9x19mm-arsenal-sklep\/#breadcrumb\"},\"inLanguage\":\"uk\",\"potentialAction\":[{\"@type\":\"ReadAction\",\"target\":[\"https:\/\/arsenal24.pl\/produkt\/pistolet-hk-sfp9-9x19mm-arsenal-sklep\/\"]}]},{\"@type\":\"ImageObject\",\"inLanguage\":\"uk\",\"@id\":\"https:\/\/arsenal24.pl\/produkt\/pistolet-hk-sfp9-9x19mm-arsenal-sklep\/#primaryimage\",\"url\":\"https:\/\/arsenal24.pl\/wp-content\/uploads\/2025\/04\/pistolet-heckler-koch-sfp9-sf-9x19mm-czarny.webp\",\"contentUrl\":\"https:\/\/arsenal24.pl\/wp-content\/uploads\/2025\/04\/pistolet-heckler-koch-sfp9-sf-9x19mm-czarny.webp\",\"width\":1200,\"height\":1200},{\"@type\":\"BreadcrumbList\",\"@id\":\"https:\/\/arsenal24.pl\/produkt\/pistolet-hk-sfp9-9x19mm-arsenal-sklep\/#breadcrumb\",\"itemListElement\":[{\"@type\":\"ListItem\",\"position\":1,\"name\":\"Strona g\u0142\u00f3wna\",\"item\":\"https:\/\/arsenal24.pl\/\"},{\"@type\":\"ListItem\",\"position\":2,\"name\":\"Sklep\",\"item\":\"https:\/\/arsenal24.pl\/sklep\/\"},{\"@type\":\"ListItem\",\"position\":3,\"name\":\"Pistolet HK SFP9 9x19mm\"}]},{\"@type\":\"WebSite\",\"@id\":\"https:\/\/arsenal24.pl\/#website\",\"url\":\"https:\/\/arsenal24.pl\/\",\"name\":\"Arsena\u0142 - Profesjonalny sklep z broni\u0105 i akcesoriami\",\"description\":\"\",\"publisher\":{\"@id\":\"https:\/\/arsenal24.pl\/#organization\"},\"potentialAction\":[{\"@type\":\"SearchAction\",\"target\":{\"@type\":\"EntryPoint\",\"urlTemplate\":\"https:\/\/arsenal24.pl\/?s={search_term_string}\"},\"query-input\":{\"@type\":\"PropertyValueSpecification\",\"valueRequired\":true,\"valueName\":\"search_term_string\"}}],\"inLanguage\":\"uk\"},{\"@type\":\"Organization\",\"@id\":\"https:\/\/arsenal24.pl\/#organization\",\"name\":\"Arsena\u0142 - Profesjonalny sklep z broni\u0105 i akcesoriami\",\"url\":\"https:\/\/arsenal24.pl\/\",\"logo\":{\"@type\":\"ImageObject\",\"inLanguage\":\"uk\",\"@id\":\"https:\/\/arsenal24.pl\/#\/schema\/logo\/image\/\",\"url\":\"https:\/\/server568771.nazwa.pl\/arse\/wp-content\/uploads\/2024\/03\/arsenal-24-logo.png\",\"contentUrl\":\"https:\/\/server568771.nazwa.pl\/arse\/wp-content\/uploads\/2024\/03\/arsenal-24-logo.png\",\"width\":140,\"height\":140,\"caption\":\"Arsena\u0142 - Profesjonalny sklep z broni\u0105 i akcesoriami\"},\"image\":{\"@id\":\"https:\/\/arsenal24.pl\/#\/schema\/logo\/image\/\"},\"sameAs\":[\"https:\/\/www.facebook.com\/people\/Arsena-Sklep\/100035187290806\/?locale=pl_PL&paipv=0&eav=AfaBd4HS6M2sZy5PxVGmBIZx9hgg_97kXvqKJ8pngB-S_qRYY5xCeE23HjB7T-5FY6o&_rdr\"]}]}<\/script>\n<!-- \/ Yoast SEO Premium plugin. -->","yoast_head_json":{"title":"Pistolet HK SFP9 9x19mm - Arsena\u0142 Sklep","description":"Heckler & Koch SFP9 to pistolet, kt\u00f3ry spe\u0142nia oczekiwania najbardziej wymagaj\u0105cych u\u017cytkownik\u00f3w, po\u0142\u0105czenie nowoczesnych technologii, \u015bwietnej ergonomii.","robots":{"index":"index","follow":"follow","max-snippet":"max-snippet:-1","max-image-preview":"max-image-preview:large","max-video-preview":"max-video-preview:-1"},"canonical":"https:\/\/arsenal24.pl\/uk\/product\/pistolet-hk-sfp9-9x19mm-arsenal-sklep\/","og_locale":"uk_UA","og_type":"article","og_title":"Pistolet HK SFP9 9x19mm","og_description":"Heckler & Koch SFP9 to pistolet, kt\u00f3ry spe\u0142nia oczekiwania najbardziej wymagaj\u0105cych u\u017cytkownik\u00f3w, po\u0142\u0105czenie nowoczesnych technologii, \u015bwietnej ergonomii.","og_url":"https:\/\/arsenal24.pl\/uk\/product\/pistolet-hk-sfp9-9x19mm-arsenal-sklep\/","og_site_name":"Arsena\u0142 - Profesjonalny sklep z broni\u0105 i akcesoriami","article_publisher":"https:\/\/www.facebook.com\/people\/Arsena-Sklep\/100035187290806\/?locale=pl_PL&paipv=0&eav=AfaBd4HS6M2sZy5PxVGmBIZx9hgg_97kXvqKJ8pngB-S_qRYY5xCeE23HjB7T-5FY6o&_rdr","article_modified_time":"2025-04-15T13:38:15+00:00","og_image":[{"width":1200,"height":1200,"url":"https:\/\/arsenal24.pl\/wp-content\/uploads\/2025\/04\/pistolet-heckler-koch-sfp9-sf-9x19mm-czarny.webp","type":"image\/webp"}],"twitter_card":"summary_large_image","twitter_misc":{"\u041f\u0440\u0438\u0431\u043b. \u0447\u0430\u0441 \u0447\u0438\u0442\u0430\u043d\u043d\u044f":"2 \u0445\u0432\u0438\u043b\u0438\u043d\u0438"},"schema":{"@context":"https:\/\/schema.org","@graph":[{"@type":"WebPage","@id":"https:\/\/arsenal24.pl\/produkt\/pistolet-hk-sfp9-9x19mm-arsenal-sklep\/","url":"https:\/\/arsenal24.pl\/produkt\/pistolet-hk-sfp9-9x19mm-arsenal-sklep\/","name":"Pistolet HK SFP9 9x19mm - Arsena\u0142 Sklep","isPartOf":{"@id":"https:\/\/arsenal24.pl\/#website"},"primaryImageOfPage":{"@id":"https:\/\/arsenal24.pl\/produkt\/pistolet-hk-sfp9-9x19mm-arsenal-sklep\/#primaryimage"},"image":{"@id":"https:\/\/arsenal24.pl\/produkt\/pistolet-hk-sfp9-9x19mm-arsenal-sklep\/#primaryimage"},"thumbnailUrl":"https:\/\/arsenal24.pl\/wp-content\/uploads\/2025\/04\/pistolet-heckler-koch-sfp9-sf-9x19mm-czarny.webp","datePublished":"2025-04-15T13:14:52+00:00","dateModified":"2025-04-15T13:38:15+00:00","description":"Heckler & Koch SFP9 to pistolet, kt\u00f3ry spe\u0142nia oczekiwania najbardziej wymagaj\u0105cych u\u017cytkownik\u00f3w, po\u0142\u0105czenie nowoczesnych technologii, \u015bwietnej ergonomii.","breadcrumb":{"@id":"https:\/\/arsenal24.pl\/produkt\/pistolet-hk-sfp9-9x19mm-arsenal-sklep\/#breadcrumb"},"inLanguage":"uk","potentialAction":[{"@type":"ReadAction","target":["https:\/\/arsenal24.pl\/produkt\/pistolet-hk-sfp9-9x19mm-arsenal-sklep\/"]}]},{"@type":"ImageObject","inLanguage":"uk","@id":"https:\/\/arsenal24.pl\/produkt\/pistolet-hk-sfp9-9x19mm-arsenal-sklep\/#primaryimage","url":"https:\/\/arsenal24.pl\/wp-content\/uploads\/2025\/04\/pistolet-heckler-koch-sfp9-sf-9x19mm-czarny.webp","contentUrl":"https:\/\/arsenal24.pl\/wp-content\/uploads\/2025\/04\/pistolet-heckler-koch-sfp9-sf-9x19mm-czarny.webp","width":1200,"height":1200},{"@type":"BreadcrumbList","@id":"https:\/\/arsenal24.pl\/produkt\/pistolet-hk-sfp9-9x19mm-arsenal-sklep\/#breadcrumb","itemListElement":[{"@type":"ListItem","position":1,"name":"Strona g\u0142\u00f3wna","item":"https:\/\/arsenal24.pl\/"},{"@type":"ListItem","position":2,"name":"Sklep","item":"https:\/\/arsenal24.pl\/sklep\/"},{"@type":"ListItem","position":3,"name":"Pistolet HK SFP9 9x19mm"}]},{"@type":"WebSite","@id":"https:\/\/arsenal24.pl\/#website","url":"https:\/\/arsenal24.pl\/","name":"\u0410\u0440\u0441\u0435\u043d\u0430\u043b - \u043c\u0430\u0433\u0430\u0437\u0438\u043d \u043f\u0440\u043e\u0444\u0435\u0441\u0456\u0439\u043d\u043e\u0457 \u0437\u0431\u0440\u043e\u0457 \u0442\u0430 \u0430\u043a\u0441\u0435\u0441\u0443\u0430\u0440\u0456\u0432","description":"","publisher":{"@id":"https:\/\/arsenal24.pl\/#organization"},"potentialAction":[{"@type":"SearchAction","target":{"@type":"EntryPoint","urlTemplate":"https:\/\/arsenal24.pl\/?s={search_term_string}"},"query-input":{"@type":"PropertyValueSpecification","valueRequired":true,"valueName":"search_term_string"}}],"inLanguage":"uk"},{"@type":"Organization","@id":"https:\/\/arsenal24.pl\/#organization","name":"\u0410\u0440\u0441\u0435\u043d\u0430\u043b - \u043c\u0430\u0433\u0430\u0437\u0438\u043d \u043f\u0440\u043e\u0444\u0435\u0441\u0456\u0439\u043d\u043e\u0457 \u0437\u0431\u0440\u043e\u0457 \u0442\u0430 \u0430\u043a\u0441\u0435\u0441\u0443\u0430\u0440\u0456\u0432","url":"https:\/\/arsenal24.pl\/","logo":{"@type":"ImageObject","inLanguage":"uk","@id":"https:\/\/arsenal24.pl\/#\/schema\/logo\/image\/","url":"https:\/\/server568771.nazwa.pl\/arse\/wp-content\/uploads\/2024\/03\/arsenal-24-logo.png","contentUrl":"https:\/\/server568771.nazwa.pl\/arse\/wp-content\/uploads\/2024\/03\/arsenal-24-logo.png","width":140,"height":140,"caption":"Arsena\u0142 - Profesjonalny sklep z broni\u0105 i akcesoriami"},"image":{"@id":"https:\/\/arsenal24.pl\/#\/schema\/logo\/image\/"},"sameAs":["https:\/\/www.facebook.com\/people\/Arsena-Sklep\/100035187290806\/?locale=pl_PL&paipv=0&eav=AfaBd4HS6M2sZy5PxVGmBIZx9hgg_97kXvqKJ8pngB-S_qRYY5xCeE23HjB7T-5FY6o&_rdr"]}]}},"_links":{"self":[{"href":"https:\/\/arsenal24.pl\/uk\/wp-json\/wp\/v2\/product\/6745","targetHints":{"allow":["GET"]}}],"collection":[{"href":"https:\/\/arsenal24.pl\/uk\/wp-json\/wp\/v2\/product"}],"about":[{"href":"https:\/\/arsenal24.pl\/uk\/wp-json\/wp\/v2\/types\/product"}],"version-history":[{"count":3,"href":"https:\/\/arsenal24.pl\/uk\/wp-json\/wp\/v2\/product\/6745\/revisions"}],"predecessor-version":[{"id":6749,"href":"https:\/\/arsenal24.pl\/uk\/wp-json\/wp\/v2\/product\/6745\/revisions\/6749"}],"wp:featuredmedia":[{"embeddable":true,"href":"https:\/\/arsenal24.pl\/uk\/wp-json\/wp\/v2\/media\/6746"}],"wp:attachment":[{"href":"https:\/\/arsenal24.pl\/uk\/wp-json\/wp\/v2\/media?parent=6745"}],"wp:term":[{"taxonomy":"brand","embeddable":true,"href":"https:\/\/arsenal24.pl\/uk\/wp-json\/wp\/v2\/etheme_brands?post=6745"},{"taxonomy":"product_brand","embeddable":true,"href":"https:\/\/arsenal24.pl\/uk\/wp-json\/wp\/v2\/product_brand?post=6745"},{"taxonomy":"product_cat","embeddable":true,"href":"https:\/\/arsenal24.pl\/uk\/wp-json\/wp\/v2\/product_cat?post=6745"},{"taxonomy":"product_tag","embeddable":true,"href":"https:\/\/arsenal24.pl\/uk\/wp-json\/wp\/v2\/product_tag?post=6745"}],"curies":[{"name":"wp","href":"https:\/\/api.w.org\/{rel}","templated":true}]}}