{"id":6710,"date":"2025-04-04T17:38:48","date_gmt":"2025-04-04T15:38:48","guid":{"rendered":"https:\/\/arsenal24.pl\/?post_type=product&#038;p=6710"},"modified":"2025-11-20T15:01:36","modified_gmt":"2025-11-20T14:01:36","slug":"pistolet-glock-19-gen-4-9x19","status":"publish","type":"product","link":"https:\/\/arsenal24.pl\/uk\/product\/pistolet-glock-19-gen-4-9x19\/","title":{"rendered":"Pistolet Glock 19 Gen.4 9&#215;19"},"content":{"rendered":"<ul>\n<li class=\"\" data-start=\"464\" data-end=\"706\">\n<p class=\"\" data-start=\"466\" data-end=\"706\"><strong data-start=\"466\" data-end=\"501\">Zoptymalizowana tekstura chwytu<\/strong> \u2013 W czwartej generacji Glocka poprawiono tekstur\u0119 chwytu, wprowadzaj\u0105c bardziej agresywn\u0105 struktur\u0119, kt\u00f3ra zapewnia lepsz\u0105 przyczepno\u015b\u0107, zw\u0142aszcza w trudnych warunkach, takich jak wilgo\u0107 czy mokre d\u0142onie.<\/p>\n<\/li>\n<li class=\"\" data-start=\"707\" data-end=\"931\">\n<p class=\"\" data-start=\"709\" data-end=\"931\"><strong data-start=\"709\" data-end=\"754\">Wymienne nak\u0142adki tylnej cz\u0119\u015bci r\u0119koje\u015bci<\/strong> \u2013 Dzi\u0119ki tej funkcji u\u017cytkownicy mog\u0105 dostosowa\u0107 pistolet do w\u0142asnych potrzeb, wymieniaj\u0105c nak\u0142adki, co poprawia ergonomi\u0119 chwytu. Demonta\u017c wymaga jedynie wybicia jednego pinu.<\/p>\n<\/li>\n<li class=\"\" data-start=\"932\" data-end=\"1115\">\n<p class=\"\" data-start=\"934\" data-end=\"1115\"><strong data-start=\"934\" data-end=\"977\">Dostosowanie dla strzelc\u00f3w lewor\u0119cznych<\/strong> \u2013 Przycisk zwalniania zatrzasku magazynka mo\u017cna \u0142atwo przenie\u015b\u0107 na drug\u0105 stron\u0119, co zwi\u0119ksza komfort obs\u0142ugi broni dla os\u00f3b lewor\u0119cznych.<\/p>\n<\/li>\n<li class=\"\" data-start=\"1116\" data-end=\"1357\">\n<p class=\"\" data-start=\"1118\" data-end=\"1357\"><strong data-start=\"1118\" data-end=\"1160\">Zaawansowana spr\u0119\u017cyna oporu powrotnego<\/strong> \u2013 Zamiast tradycyjnej pojedynczej spr\u0119\u017cyny, wprowadzono bardziej zaawansowan\u0105 konstrukcj\u0119 sk\u0142adaj\u0105c\u0105 si\u0119 z trzech spr\u0119\u017cyn o r\u00f3\u017cnej sile, co znacz\u0105co poprawia kontrol\u0119 nad broni\u0105 i redukuje odrzut.<\/p>\n<\/li>\n<li class=\"\" data-start=\"1358\" data-end=\"1621\">\n<p class=\"\" data-start=\"1360\" data-end=\"1621\"><strong data-start=\"1360\" data-end=\"1383\">Dalsza niezawodno\u015b\u0107<\/strong> \u2013 Glock 19 Gen 4 zachowuje wszystkie cechy, kt\u00f3re uczyni\u0142y poprzednie generacje Glock\u00f3w tak popularnymi: wytrzyma\u0142y blok ryglowy, wyci\u0119cia na palce w chwycie, oraz inne udoskonalenia, kt\u00f3re poprawiaj\u0105 wygod\u0119 i bezpiecze\u0144stwo u\u017cytkowania.<\/p>\n<\/li>\n<\/ul>\n<h3 class=\"\" data-start=\"1623\" data-end=\"1646\">Kontynuacja sukcesu<\/h3>\n<p class=\"\" data-start=\"1648\" data-end=\"1984\">Pomimo wprowadzenia nowszej generacji (Glock 19 Gen 5), model Gen 4 nadal jest produkowany i dost\u0119pny na rynku. Dzi\u0119ki kompatybilno\u015bci z cz\u0119\u015bciami z wcze\u015bniejszych generacji, u\u017cytkownicy mog\u0105 cieszy\u0107 si\u0119 ta\u0144szymi akcesoriami i cz\u0119\u015bciami zamiennymi, co sprawia, \u017ce koszt eksploatacji broni jest ni\u017cszy ni\u017c w przypadku najnowszych modeli.<\/p>\n<article class=\"text-token-text-primary w-full\" dir=\"auto\" data-testid=\"conversation-turn-6\" data-scroll-anchor=\"true\">\n<div class=\"text-base my-auto mx-auto py-5 px-6\">\n<div class=\"mx-auto flex flex-1 text-base gap-4 md:gap-5 lg:gap-6 md:max-w-3xl group\/turn-messages focus-visible:outline-hidden\" tabindex=\"-1\">\n<div class=\"group\/conversation-turn relative flex w-full min-w-0 flex-col agent-turn @xs\/thread:px-0 @sm\/thread:px-1.5 @md\/thread:px-4\">\n<div class=\"relative flex-col gap-1 md:gap-3\">\n<div class=\"flex max-w-full flex-col grow\">\n<div class=\"min-h-8 text-message relative flex w-full flex-col items-end gap-2 text-start break-words whitespace-normal [.text-message+&amp;]:mt-5\" dir=\"auto\" data-message-author-role=\"assistant\" data-message-id=\"abf89bb9-ebe7-423f-951b-759c1a3fec28\" data-message-model-slug=\"gpt-4o-mini\">\n<div class=\"flex w-full flex-col gap-1 empty:hidden first:pt-[3px]\">\n<div class=\"markdown prose dark:prose-invert w-full break-words light\">\n<p class=\"\" data-start=\"1986\" data-end=\"2003\"><strong data-start=\"1986\" data-end=\"2003\">\u0421\u043f\u0435\u0446\u0438\u0444\u0456\u043a\u0430\u0446\u0456\u044f:<\/strong><\/p>\n<ul data-start=\"2004\" data-end=\"2141\">\n<li class=\"\" data-start=\"2004\" data-end=\"2026\">\n<p class=\"\" data-start=\"2006\" data-end=\"2026\"><strong data-start=\"2006\" data-end=\"2018\">\u041a\u0430\u043b\u0456\u0431\u0440:<\/strong> 9&#215;19 mm<\/p>\n<\/li>\n<li class=\"\" data-start=\"2027\" data-end=\"2044\">\n<p class=\"\" data-start=\"2029\" data-end=\"2044\"><strong data-start=\"2029\" data-end=\"2038\">Masa:<\/strong> 595 g<\/p>\n<\/li>\n<li class=\"\" data-start=\"2045\" data-end=\"2082\">\n<p class=\"\" data-start=\"2047\" data-end=\"2082\"><strong data-start=\"2047\" data-end=\"2071\">\u0404\u043c\u043d\u0456\u0441\u0442\u044c \u043c\u0430\u0433\u0430\u0437\u0438\u043d\u0443:<\/strong> 15 naboj\u00f3w<\/p>\n<\/li>\n<li class=\"\" data-start=\"2083\" data-end=\"2114\">\n<p class=\"\" data-start=\"2085\" data-end=\"2114\"><strong data-start=\"2085\" data-end=\"2107\">\u0417\u0430\u0433\u0430\u043b\u044c\u043d\u0430 \u0434\u043e\u0432\u0436\u0438\u043d\u0430:<\/strong> 174 mm<\/p>\n<\/li>\n<li class=\"\" data-start=\"2115\" data-end=\"2141\">\n<p class=\"\" data-start=\"2117\" data-end=\"2141\"><strong data-start=\"2117\" data-end=\"2134\">\u0414\u043e\u0432\u0436\u0438\u043d\u0430 \u0441\u0442\u0432\u043e\u043b\u0430:<\/strong> 102 mm<\/p>\n<\/li>\n<\/ul>\n<p class=\"\" data-start=\"2143\" data-end=\"2411\">Glock 19 Gen 4 to doskona\u0142y wyb\u00f3r dla tych, kt\u00f3rzy szukaj\u0105 niezawodnej, kompaktowej broni o du\u017cej mocy i prostocie obs\u0142ugi. Dzi\u0119ki swoim udoskonaleniom w zakresie ergonomii i redukcji odrzutu, sprawdzi si\u0119 zar\u00f3wno w r\u0119kach profesjonalist\u00f3w, jak i amator\u00f3w strzelectwa.<\/p>\n<\/div>\n<\/div>\n<\/div>\n<\/div>\n<div class=\"flex justify-start\">\n<div class=\"touch:-me-2 touch:-ms-3.5 -ms-2.5 -me-1 flex items-center p-1 select-none -mt-1 duration-[1.5s] focus-within:transition-none hover:transition-none pointer-events-none [mask-image:linear-gradient(to_right,black_33%,transparent_66%)] [mask-position:100%_0%] [mask-size:300%_100%] motion-safe:transition-[mask-position] group-hover\/turn-messages:pointer-events-auto group-hover\/turn-messages:[mask-position:0_0] group-focus-within\/turn-messages:pointer-events-auto group-focus-within\/turn-messages:[mask-position:0_0] has-data-[state=open]:pointer-events-auto has-data-[state=open]:[mask-position:0_0]\"><\/div>\n<\/div>\n<\/div>\n<div class=\"absolute\">\n<div class=\"flex items-center justify-center\"><\/div>\n<\/div>\n<\/div>\n<\/div>\n<\/div>\n<\/article>\n<div class=\"pointer-events-none h-px w-px\" aria-hidden=\"true\" data-edge=\"true\"><\/div>","protected":false},"excerpt":{"rendered":"<p class=\"\" data-start=\"0\" data-end=\"51\"><strong data-start=\"0\" data-end=\"51\">Glock 19 Gen 4 \u2013 Kompaktowa perfekcja od Glocka<\/strong><\/p>\n<p class=\"\" data-start=\"53\" data-end=\"429\">Glock 19 Gen 4 to kompaktowa odmiana legendarnego Glocka 17, kt\u00f3ra szybko zyska\u0142a popularno\u015b\u0107 zar\u00f3wno w\u015br\u00f3d s\u0142u\u017cb mundurowych, jak i strzelc\u00f3w cywilnych. Uwa\u017cany za jeden z najlepszych modeli w historii produkcji broni kr\u00f3tkiej, oferuje niezawodno\u015b\u0107, celno\u015b\u0107 oraz prostot\u0119 obs\u0142ugi, kt\u00f3re sprawiaj\u0105, \u017ce jest idealnym wyborem zar\u00f3wno do obrony, jak i do strzelectwa sportowego.<\/p>","protected":false},"featured_media":6721,"template":"","meta":[],"etheme_brands":[{"term_id":51,"name":"Glock","slug":"glock-gmbh","term_group":0,"term_taxonomy_id":51,"taxonomy":"brand","description":"","parent":0,"count":11,"filter":"raw"}],"product_brand":[],"product_cat":[49],"product_tag":[],"class_list":{"0":"post-6710","1":"product","2":"type-product","3":"status-publish","4":"has-post-thumbnail","6":"brand-glock-gmbh","7":"product_cat-bron-krotka","9":"first","10":"instock","11":"sale","12":"shipping-taxable","13":"purchasable","14":"product-type-simple"},"yoast_head":"<!-- This site is optimized with the Yoast SEO Premium plugin v24.0 (Yoast SEO v26.0) - https:\/\/yoast.com\/wordpress\/plugins\/seo\/ -->\n<title>Pistolet Glock 19 Gen.4 9x19<\/title>\n<meta name=\"description\" content=\"Glock 19 Gen 4 to doskona\u0142y wyb\u00f3r dla tych, kt\u00f3rzy szukaj\u0105 niezawodnej, kompaktowej broni o du\u017cej mocy i prostocie obs\u0142ugi.\" \/>\n<meta name=\"robots\" content=\"index, follow, max-snippet:-1, max-image-preview:large, max-video-preview:-1\" \/>\n<link rel=\"canonical\" href=\"https:\/\/arsenal24.pl\/uk\/product\/pistolet-glock-19-gen-4-9x19\/\" \/>\n<meta property=\"og:locale\" content=\"uk_UA\" \/>\n<meta property=\"og:type\" content=\"article\" \/>\n<meta property=\"og:title\" content=\"Pistolet Glock 19 Gen.4 9x19\" \/>\n<meta property=\"og:description\" content=\"Glock 19 Gen 4 to doskona\u0142y wyb\u00f3r dla tych, kt\u00f3rzy szukaj\u0105 niezawodnej, kompaktowej broni o du\u017cej mocy i prostocie obs\u0142ugi.\" \/>\n<meta property=\"og:url\" content=\"https:\/\/arsenal24.pl\/uk\/product\/pistolet-glock-19-gen-4-9x19\/\" \/>\n<meta property=\"og:site_name\" content=\"Arsena\u0142 - Profesjonalny sklep z broni\u0105 i akcesoriami\" \/>\n<meta property=\"article:publisher\" content=\"https:\/\/www.facebook.com\/people\/Arsena-Sklep\/100035187290806\/?locale=pl_PL&amp;paipv=0&amp;eav=AfaBd4HS6M2sZy5PxVGmBIZx9hgg_97kXvqKJ8pngB-S_qRYY5xCeE23HjB7T-5FY6o&amp;_rdr\" \/>\n<meta property=\"article:modified_time\" content=\"2025-11-20T14:01:36+00:00\" \/>\n<meta property=\"og:image\" content=\"https:\/\/arsenal24.pl\/wp-content\/uploads\/2025\/04\/big_Glock19-Gen4-10.jpg\" \/>\n\t<meta property=\"og:image:width\" content=\"1000\" \/>\n\t<meta property=\"og:image:height\" content=\"1000\" \/>\n\t<meta property=\"og:image:type\" content=\"image\/jpeg\" \/>\n<meta name=\"twitter:card\" content=\"summary_large_image\" \/>\n<meta name=\"twitter:label1\" content=\"\u041f\u0440\u0438\u0431\u043b. \u0447\u0430\u0441 \u0447\u0438\u0442\u0430\u043d\u043d\u044f\" \/>\n\t<meta name=\"twitter:data1\" content=\"2 \u0445\u0432\u0438\u043b\u0438\u043d\u0438\" \/>\n<script type=\"application\/ld+json\" class=\"yoast-schema-graph\">{\"@context\":\"https:\/\/schema.org\",\"@graph\":[{\"@type\":\"WebPage\",\"@id\":\"https:\/\/arsenal24.pl\/produkt\/pistolet-glock-19-gen-4-9x19\/\",\"url\":\"https:\/\/arsenal24.pl\/produkt\/pistolet-glock-19-gen-4-9x19\/\",\"name\":\"Pistolet Glock 19 Gen.4 9x19\",\"isPartOf\":{\"@id\":\"https:\/\/arsenal24.pl\/#website\"},\"primaryImageOfPage\":{\"@id\":\"https:\/\/arsenal24.pl\/produkt\/pistolet-glock-19-gen-4-9x19\/#primaryimage\"},\"image\":{\"@id\":\"https:\/\/arsenal24.pl\/produkt\/pistolet-glock-19-gen-4-9x19\/#primaryimage\"},\"thumbnailUrl\":\"https:\/\/arsenal24.pl\/wp-content\/uploads\/2025\/04\/big_Glock19-Gen4-10.jpg\",\"datePublished\":\"2025-04-04T15:38:48+00:00\",\"dateModified\":\"2025-11-20T14:01:36+00:00\",\"description\":\"Glock 19 Gen 4 to doskona\u0142y wyb\u00f3r dla tych, kt\u00f3rzy szukaj\u0105 niezawodnej, kompaktowej broni o du\u017cej mocy i prostocie obs\u0142ugi.\",\"breadcrumb\":{\"@id\":\"https:\/\/arsenal24.pl\/produkt\/pistolet-glock-19-gen-4-9x19\/#breadcrumb\"},\"inLanguage\":\"uk\",\"potentialAction\":[{\"@type\":\"ReadAction\",\"target\":[\"https:\/\/arsenal24.pl\/produkt\/pistolet-glock-19-gen-4-9x19\/\"]}]},{\"@type\":\"ImageObject\",\"inLanguage\":\"uk\",\"@id\":\"https:\/\/arsenal24.pl\/produkt\/pistolet-glock-19-gen-4-9x19\/#primaryimage\",\"url\":\"https:\/\/arsenal24.pl\/wp-content\/uploads\/2025\/04\/big_Glock19-Gen4-10.jpg\",\"contentUrl\":\"https:\/\/arsenal24.pl\/wp-content\/uploads\/2025\/04\/big_Glock19-Gen4-10.jpg\",\"width\":1000,\"height\":1000},{\"@type\":\"BreadcrumbList\",\"@id\":\"https:\/\/arsenal24.pl\/produkt\/pistolet-glock-19-gen-4-9x19\/#breadcrumb\",\"itemListElement\":[{\"@type\":\"ListItem\",\"position\":1,\"name\":\"Strona g\u0142\u00f3wna\",\"item\":\"https:\/\/arsenal24.pl\/\"},{\"@type\":\"ListItem\",\"position\":2,\"name\":\"Sklep\",\"item\":\"https:\/\/arsenal24.pl\/sklep\/\"},{\"@type\":\"ListItem\",\"position\":3,\"name\":\"Pistolet Glock 19 Gen.4 9&#215;19\"}]},{\"@type\":\"WebSite\",\"@id\":\"https:\/\/arsenal24.pl\/#website\",\"url\":\"https:\/\/arsenal24.pl\/\",\"name\":\"Arsena\u0142 - Profesjonalny sklep z broni\u0105 i akcesoriami\",\"description\":\"\",\"publisher\":{\"@id\":\"https:\/\/arsenal24.pl\/#organization\"},\"potentialAction\":[{\"@type\":\"SearchAction\",\"target\":{\"@type\":\"EntryPoint\",\"urlTemplate\":\"https:\/\/arsenal24.pl\/?s={search_term_string}\"},\"query-input\":{\"@type\":\"PropertyValueSpecification\",\"valueRequired\":true,\"valueName\":\"search_term_string\"}}],\"inLanguage\":\"uk\"},{\"@type\":\"Organization\",\"@id\":\"https:\/\/arsenal24.pl\/#organization\",\"name\":\"Arsena\u0142 - Profesjonalny sklep z broni\u0105 i akcesoriami\",\"url\":\"https:\/\/arsenal24.pl\/\",\"logo\":{\"@type\":\"ImageObject\",\"inLanguage\":\"uk\",\"@id\":\"https:\/\/arsenal24.pl\/#\/schema\/logo\/image\/\",\"url\":\"https:\/\/server568771.nazwa.pl\/arse\/wp-content\/uploads\/2024\/03\/arsenal-24-logo.png\",\"contentUrl\":\"https:\/\/server568771.nazwa.pl\/arse\/wp-content\/uploads\/2024\/03\/arsenal-24-logo.png\",\"width\":140,\"height\":140,\"caption\":\"Arsena\u0142 - Profesjonalny sklep z broni\u0105 i akcesoriami\"},\"image\":{\"@id\":\"https:\/\/arsenal24.pl\/#\/schema\/logo\/image\/\"},\"sameAs\":[\"https:\/\/www.facebook.com\/people\/Arsena-Sklep\/100035187290806\/?locale=pl_PL&paipv=0&eav=AfaBd4HS6M2sZy5PxVGmBIZx9hgg_97kXvqKJ8pngB-S_qRYY5xCeE23HjB7T-5FY6o&_rdr\"]}]}<\/script>\n<!-- \/ Yoast SEO Premium plugin. -->","yoast_head_json":{"title":"Pistolet Glock 19 Gen.4 9x19","description":"Glock 19 Gen 4 to doskona\u0142y wyb\u00f3r dla tych, kt\u00f3rzy szukaj\u0105 niezawodnej, kompaktowej broni o du\u017cej mocy i prostocie obs\u0142ugi.","robots":{"index":"index","follow":"follow","max-snippet":"max-snippet:-1","max-image-preview":"max-image-preview:large","max-video-preview":"max-video-preview:-1"},"canonical":"https:\/\/arsenal24.pl\/uk\/product\/pistolet-glock-19-gen-4-9x19\/","og_locale":"uk_UA","og_type":"article","og_title":"Pistolet Glock 19 Gen.4 9x19","og_description":"Glock 19 Gen 4 to doskona\u0142y wyb\u00f3r dla tych, kt\u00f3rzy szukaj\u0105 niezawodnej, kompaktowej broni o du\u017cej mocy i prostocie obs\u0142ugi.","og_url":"https:\/\/arsenal24.pl\/uk\/product\/pistolet-glock-19-gen-4-9x19\/","og_site_name":"Arsena\u0142 - Profesjonalny sklep z broni\u0105 i akcesoriami","article_publisher":"https:\/\/www.facebook.com\/people\/Arsena-Sklep\/100035187290806\/?locale=pl_PL&paipv=0&eav=AfaBd4HS6M2sZy5PxVGmBIZx9hgg_97kXvqKJ8pngB-S_qRYY5xCeE23HjB7T-5FY6o&_rdr","article_modified_time":"2025-11-20T14:01:36+00:00","og_image":[{"width":1000,"height":1000,"url":"https:\/\/arsenal24.pl\/wp-content\/uploads\/2025\/04\/big_Glock19-Gen4-10.jpg","type":"image\/jpeg"}],"twitter_card":"summary_large_image","twitter_misc":{"\u041f\u0440\u0438\u0431\u043b. \u0447\u0430\u0441 \u0447\u0438\u0442\u0430\u043d\u043d\u044f":"2 \u0445\u0432\u0438\u043b\u0438\u043d\u0438"},"schema":{"@context":"https:\/\/schema.org","@graph":[{"@type":"WebPage","@id":"https:\/\/arsenal24.pl\/produkt\/pistolet-glock-19-gen-4-9x19\/","url":"https:\/\/arsenal24.pl\/produkt\/pistolet-glock-19-gen-4-9x19\/","name":"Pistolet Glock 19 Gen.4 9x19","isPartOf":{"@id":"https:\/\/arsenal24.pl\/#website"},"primaryImageOfPage":{"@id":"https:\/\/arsenal24.pl\/produkt\/pistolet-glock-19-gen-4-9x19\/#primaryimage"},"image":{"@id":"https:\/\/arsenal24.pl\/produkt\/pistolet-glock-19-gen-4-9x19\/#primaryimage"},"thumbnailUrl":"https:\/\/arsenal24.pl\/wp-content\/uploads\/2025\/04\/big_Glock19-Gen4-10.jpg","datePublished":"2025-04-04T15:38:48+00:00","dateModified":"2025-11-20T14:01:36+00:00","description":"Glock 19 Gen 4 to doskona\u0142y wyb\u00f3r dla tych, kt\u00f3rzy szukaj\u0105 niezawodnej, kompaktowej broni o du\u017cej mocy i prostocie obs\u0142ugi.","breadcrumb":{"@id":"https:\/\/arsenal24.pl\/produkt\/pistolet-glock-19-gen-4-9x19\/#breadcrumb"},"inLanguage":"uk","potentialAction":[{"@type":"ReadAction","target":["https:\/\/arsenal24.pl\/produkt\/pistolet-glock-19-gen-4-9x19\/"]}]},{"@type":"ImageObject","inLanguage":"uk","@id":"https:\/\/arsenal24.pl\/produkt\/pistolet-glock-19-gen-4-9x19\/#primaryimage","url":"https:\/\/arsenal24.pl\/wp-content\/uploads\/2025\/04\/big_Glock19-Gen4-10.jpg","contentUrl":"https:\/\/arsenal24.pl\/wp-content\/uploads\/2025\/04\/big_Glock19-Gen4-10.jpg","width":1000,"height":1000},{"@type":"BreadcrumbList","@id":"https:\/\/arsenal24.pl\/produkt\/pistolet-glock-19-gen-4-9x19\/#breadcrumb","itemListElement":[{"@type":"ListItem","position":1,"name":"Strona g\u0142\u00f3wna","item":"https:\/\/arsenal24.pl\/"},{"@type":"ListItem","position":2,"name":"Sklep","item":"https:\/\/arsenal24.pl\/sklep\/"},{"@type":"ListItem","position":3,"name":"Pistolet Glock 19 Gen.4 9&#215;19"}]},{"@type":"WebSite","@id":"https:\/\/arsenal24.pl\/#website","url":"https:\/\/arsenal24.pl\/","name":"\u0410\u0440\u0441\u0435\u043d\u0430\u043b - \u043c\u0430\u0433\u0430\u0437\u0438\u043d \u043f\u0440\u043e\u0444\u0435\u0441\u0456\u0439\u043d\u043e\u0457 \u0437\u0431\u0440\u043e\u0457 \u0442\u0430 \u0430\u043a\u0441\u0435\u0441\u0443\u0430\u0440\u0456\u0432","description":"","publisher":{"@id":"https:\/\/arsenal24.pl\/#organization"},"potentialAction":[{"@type":"SearchAction","target":{"@type":"EntryPoint","urlTemplate":"https:\/\/arsenal24.pl\/?s={search_term_string}"},"query-input":{"@type":"PropertyValueSpecification","valueRequired":true,"valueName":"search_term_string"}}],"inLanguage":"uk"},{"@type":"Organization","@id":"https:\/\/arsenal24.pl\/#organization","name":"\u0410\u0440\u0441\u0435\u043d\u0430\u043b - \u043c\u0430\u0433\u0430\u0437\u0438\u043d \u043f\u0440\u043e\u0444\u0435\u0441\u0456\u0439\u043d\u043e\u0457 \u0437\u0431\u0440\u043e\u0457 \u0442\u0430 \u0430\u043a\u0441\u0435\u0441\u0443\u0430\u0440\u0456\u0432","url":"https:\/\/arsenal24.pl\/","logo":{"@type":"ImageObject","inLanguage":"uk","@id":"https:\/\/arsenal24.pl\/#\/schema\/logo\/image\/","url":"https:\/\/server568771.nazwa.pl\/arse\/wp-content\/uploads\/2024\/03\/arsenal-24-logo.png","contentUrl":"https:\/\/server568771.nazwa.pl\/arse\/wp-content\/uploads\/2024\/03\/arsenal-24-logo.png","width":140,"height":140,"caption":"Arsena\u0142 - Profesjonalny sklep z broni\u0105 i akcesoriami"},"image":{"@id":"https:\/\/arsenal24.pl\/#\/schema\/logo\/image\/"},"sameAs":["https:\/\/www.facebook.com\/people\/Arsena-Sklep\/100035187290806\/?locale=pl_PL&paipv=0&eav=AfaBd4HS6M2sZy5PxVGmBIZx9hgg_97kXvqKJ8pngB-S_qRYY5xCeE23HjB7T-5FY6o&_rdr"]}]}},"_links":{"self":[{"href":"https:\/\/arsenal24.pl\/uk\/wp-json\/wp\/v2\/product\/6710","targetHints":{"allow":["GET"]}}],"collection":[{"href":"https:\/\/arsenal24.pl\/uk\/wp-json\/wp\/v2\/product"}],"about":[{"href":"https:\/\/arsenal24.pl\/uk\/wp-json\/wp\/v2\/types\/product"}],"version-history":[{"count":2,"href":"https:\/\/arsenal24.pl\/uk\/wp-json\/wp\/v2\/product\/6710\/revisions"}],"predecessor-version":[{"id":6725,"href":"https:\/\/arsenal24.pl\/uk\/wp-json\/wp\/v2\/product\/6710\/revisions\/6725"}],"wp:featuredmedia":[{"embeddable":true,"href":"https:\/\/arsenal24.pl\/uk\/wp-json\/wp\/v2\/media\/6721"}],"wp:attachment":[{"href":"https:\/\/arsenal24.pl\/uk\/wp-json\/wp\/v2\/media?parent=6710"}],"wp:term":[{"taxonomy":"brand","embeddable":true,"href":"https:\/\/arsenal24.pl\/uk\/wp-json\/wp\/v2\/etheme_brands?post=6710"},{"taxonomy":"product_brand","embeddable":true,"href":"https:\/\/arsenal24.pl\/uk\/wp-json\/wp\/v2\/product_brand?post=6710"},{"taxonomy":"product_cat","embeddable":true,"href":"https:\/\/arsenal24.pl\/uk\/wp-json\/wp\/v2\/product_cat?post=6710"},{"taxonomy":"product_tag","embeddable":true,"href":"https:\/\/arsenal24.pl\/uk\/wp-json\/wp\/v2\/product_tag?post=6710"}],"curies":[{"name":"wp","href":"https:\/\/api.w.org\/{rel}","templated":true}]}}