{"id":6705,"date":"2025-04-04T18:56:05","date_gmt":"2025-04-04T16:56:05","guid":{"rendered":"https:\/\/arsenal24.pl\/?post_type=product&#038;p=6705"},"modified":"2025-11-20T14:26:15","modified_gmt":"2025-11-20T13:26:15","slug":"pistolet-glock-17-gen-4-9x19-arsenal-sklep","status":"publish","type":"product","link":"https:\/\/arsenal24.pl\/uk\/product\/pistolet-glock-17-gen-4-9x19-arsenal-sklep\/","title":{"rendered":"Pistolet Glock 17 Gen.4 9&#215;19"},"content":{"rendered":"<p class=\"\" data-start=\"0\" data-end=\"56\"><strong data-start=\"0\" data-end=\"56\">GLOCK 17 Gen 4 \u2013 Nowoczesna i niezawodna konstrukcja<\/strong><\/p>\n<p class=\"\" data-start=\"58\" data-end=\"473\">Glock 17 Gen 4 to jedna z najbardziej cenionych wersji klasycznego modelu Glock 17, kt\u00f3ra \u0142\u0105czy w sobie nowoczesne technologie, ergonomi\u0119 oraz niezawodno\u015b\u0107, kt\u00f3re sprawiaj\u0105, \u017ce jest to wyb\u00f3r zar\u00f3wno dla s\u0142u\u017cb mundurowych, jak i dla strzelc\u00f3w cywilnych. Dzi\u0119ki ulepszeniom wprowadzonej w czwartej generacji, Glock 17 Gen 4 sta\u0142 si\u0119 jeszcze bardziej funkcjonalny i dostosowany do indywidualnych potrzeb u\u017cytkownik\u00f3w.<\/p>\n<h3 class=\"\" data-start=\"475\" data-end=\"516\">Kluczowe cechy modelu Glock 17 Gen 4:<\/h3>\n<ul data-start=\"518\" data-end=\"1362\">\n<li class=\"\" data-start=\"518\" data-end=\"745\">\n<p class=\"\" data-start=\"520\" data-end=\"745\"><strong data-start=\"520\" data-end=\"554\">Modu\u0142owa konstrukcja r\u0119koje\u015bci<\/strong> \u2013 dzi\u0119ki wymiennym nak\u0142adkom tylnej cz\u0119\u015bci r\u0119koje\u015bci, u\u017cytkownik mo\u017ce dostosowa\u0107 uchwyt broni do rozmiaru swojej d\u0142oni (S, M, L), co zapewnia wygod\u0119 i pewno\u015b\u0107 chwytu niezale\u017cnie od warunk\u00f3w.<\/p>\n<\/li>\n<li class=\"\" data-start=\"746\" data-end=\"935\">\n<p class=\"\" data-start=\"748\" data-end=\"935\"><strong data-start=\"748\" data-end=\"782\">Nowy system spr\u0119\u017cyny powrotnej<\/strong> \u2013 zastosowanie podw\u00f3jnej spr\u0119\u017cyny odrzutu redukuje zu\u017cycie mechanizm\u00f3w, poprawiaj\u0105c trwa\u0142o\u015b\u0107 i kontrol\u0119 broni, szczeg\u00f3lnie przy szybkiej serii strza\u0142\u00f3w.<\/p>\n<\/li>\n<li class=\"\" data-start=\"936\" data-end=\"1201\">\n<p class=\"\" data-start=\"938\" data-end=\"1201\"><strong data-start=\"938\" data-end=\"979\">Wygodny i odwracalny chwyt magazynowy<\/strong> \u2013 powi\u0119kszony zwalniacz magazynka zapewnia wygodniejsz\u0105 i szybsz\u0105 wymian\u0119 magazynka, a mo\u017cliwo\u015b\u0107 przeniesienia go na drug\u0105 stron\u0119 sprawia, \u017ce model ten jest idealny zar\u00f3wno dla strzelc\u00f3w prawor\u0119cznych, jak i lewor\u0119cznych.<\/p>\n<\/li>\n<li class=\"\" data-start=\"1202\" data-end=\"1359\">\n<p class=\"\" data-start=\"1204\" data-end=\"1359\"><strong data-start=\"1204\" data-end=\"1244\">Zrewolucjonizowana faktura r\u0119koje\u015bci<\/strong> \u2013 szorstka tekstura zapewnia pewny chwyt, nawet przy wilgotnych d\u0142oniach, nie niszcz\u0105c przy tym odzie\u017cy czy kabur.<\/p>\n<\/li>\n<\/ul>\n<h3 class=\"\" data-start=\"1363\" data-end=\"1408\">System bezpiecze\u0144stwa GLOCK Safe Action\u00ae:<\/h3>\n<p class=\"\" data-start=\"1409\" data-end=\"1616\">Pistolet GLOCK 17 Gen 4 wykorzystuje rewolucyjny system Safe Action\u00ae, kt\u00f3ry gwarantuje p\u0142ynno\u015b\u0107 pracy spustu od pierwszego do ostatniego strza\u0142u. System ten obejmuje trzy niezale\u017cne mechaniczne bezpieczniki:<\/p>\n<ol data-start=\"1617\" data-end=\"1694\">\n<li class=\"\" data-start=\"1617\" data-end=\"1642\">\n<p class=\"\" data-start=\"1620\" data-end=\"1642\"><strong data-start=\"1620\" data-end=\"1642\">Bezpiecznik spustu<\/strong><\/p>\n<\/li>\n<li class=\"\" data-start=\"1643\" data-end=\"1668\">\n<p class=\"\" data-start=\"1646\" data-end=\"1668\"><strong data-start=\"1646\" data-end=\"1668\">Bezpiecznik iglicy<\/strong><\/p>\n<\/li>\n<li class=\"\" data-start=\"1669\" data-end=\"1694\">\n<p class=\"\" data-start=\"1672\" data-end=\"1694\"><strong data-start=\"1672\" data-end=\"1694\">Bezpiecznik upadku<\/strong><\/p>\n<\/li>\n<\/ol>\n<p class=\"\" data-start=\"1696\" data-end=\"1881\">Wszystkie trzy zabezpieczenia dzia\u0142aj\u0105 automatycznie \u2013 wy\u0142\u0105czaj\u0105 si\u0119 po naci\u015bni\u0119ciu spustu, a po jego zwolnieniu zn\u00f3w si\u0119 uruchamiaj\u0105, zapewniaj\u0105c maksymalne bezpiecze\u0144stwo u\u017cytkownika.<\/p>\n<h3 class=\"\" data-start=\"1883\" data-end=\"1903\">\u0422\u0415\u0425\u041d\u0406\u0427\u041d\u0406 \u0414\u0410\u041d\u0406:<\/h3>\n<ul data-start=\"1905\" data-end=\"2254\">\n<li class=\"\" data-start=\"1905\" data-end=\"1929\">\n<p class=\"\" data-start=\"1907\" data-end=\"1929\"><strong data-start=\"1907\" data-end=\"1918\">Kaliber<\/strong>: 9&#215;19 PARA<\/p>\n<\/li>\n<li class=\"\" data-start=\"1930\" data-end=\"1957\">\n<p class=\"\" data-start=\"1932\" data-end=\"1957\"><strong data-start=\"1932\" data-end=\"1949\">D\u0142ugo\u015b\u0107 broni<\/strong>: 202 mm<\/p>\n<\/li>\n<li class=\"\" data-start=\"1958\" data-end=\"1980\">\n<p class=\"\" data-start=\"1960\" data-end=\"1980\"><strong data-start=\"1960\" data-end=\"1972\">Wysoko\u015b\u0107<\/strong>: 139 mm<\/p>\n<\/li>\n<li class=\"\" data-start=\"1981\" data-end=\"2003\">\n<p class=\"\" data-start=\"1983\" data-end=\"2003\"><strong data-start=\"1983\" data-end=\"1996\">Szeroko\u015b\u0107<\/strong>: 32 mm<\/p>\n<\/li>\n<li class=\"\" data-start=\"2004\" data-end=\"2030\">\n<p class=\"\" data-start=\"2006\" data-end=\"2030\"><strong data-start=\"2006\" data-end=\"2022\">D\u0142ugo\u015b\u0107 lufy<\/strong>: 114 mm<\/p>\n<\/li>\n<li class=\"\" data-start=\"2031\" data-end=\"2070\">\n<p class=\"\" data-start=\"2033\" data-end=\"2070\"><strong data-start=\"2033\" data-end=\"2062\">D\u0142ugo\u015b\u0107 linii celowniczej<\/strong>: 165 mm<\/p>\n<\/li>\n<li class=\"\" data-start=\"2071\" data-end=\"2112\">\n<p class=\"\" data-start=\"2073\" data-end=\"2112\"><strong data-start=\"2073\" data-end=\"2096\">Pojemno\u015b\u0107 magazynka<\/strong>: 17\/19\/33 naboi<\/p>\n<\/li>\n<li class=\"\" data-start=\"2113\" data-end=\"2155\">\n<p class=\"\" data-start=\"2115\" data-end=\"2155\"><strong data-start=\"2115\" data-end=\"2148\">Waga (nieza\u0142adowany pistolet)<\/strong>: 710 g<\/p>\n<\/li>\n<li class=\"\" data-start=\"2156\" data-end=\"2188\">\n<p class=\"\" data-start=\"2158\" data-end=\"2188\"><strong data-start=\"2158\" data-end=\"2182\">Waga (z magazynkiem)<\/strong>: 78 g<\/p>\n<\/li>\n<li class=\"\" data-start=\"2189\" data-end=\"2214\">\n<p class=\"\" data-start=\"2191\" data-end=\"2214\"><strong data-start=\"2191\" data-end=\"2208\">Ci\u0119\u017car spustu<\/strong>: 28 N<\/p>\n<\/li>\n<li class=\"\" data-start=\"2215\" data-end=\"2254\">\n<p class=\"\" data-start=\"2217\" data-end=\"2254\"><strong data-start=\"2217\" data-end=\"2240\">System zabezpiecze\u0144<\/strong>: Safe Action\u00ae<\/p>\n<\/li>\n<\/ul>","protected":false},"excerpt":{"rendered":"<p>Glock 17 Gen 4 to pistolet, kt\u00f3ry zyska\u0142 ogromn\u0105 popularno\u015b\u0107 na ca\u0142ym \u015bwiecie, oferuj\u0105c niezawodno\u015b\u0107, \u0142atwo\u015b\u0107 obs\u0142ugi, oraz mo\u017cliwo\u015b\u0107 personalizacji w zale\u017cno\u015bci od potrzeb strzelca. Dzi\u0119ki nowoczesnym rozwi\u0105zaniom, takim jak wymienne nak\u0142adki r\u0119koje\u015bci, ulepszona spr\u0119\u017cyna powrotna i system bezpiecze\u0144stwa Safe Action, jest to bro\u0144, kt\u00f3ra sprawdzi si\u0119 w r\u00f3\u017cnych warunkach \u2013 od s\u0142u\u017cb mundurowych po strzelc\u00f3w sportowych.<\/p>\n<h3 class=\"\" data-start=\"2679\" data-end=\"2695\">Technologie:<\/h3>\n<ul data-start=\"2696\" data-end=\"2927\">\n<li class=\"\" data-start=\"2696\" data-end=\"2769\">\n<p class=\"\" data-start=\"2698\" data-end=\"2769\"><strong data-start=\"2698\" data-end=\"2721\">System Safe Action\u00ae<\/strong> \u2013 zapewnia pe\u0142ne bezpiecze\u0144stwo i niezawodno\u015b\u0107.<\/p>\n<\/li>\n<li class=\"\" data-start=\"2770\" data-end=\"2855\">\n<p class=\"\" data-start=\"2772\" data-end=\"2855\"><strong data-start=\"2772\" data-end=\"2801\">Modu\u0142owy system napinania<\/strong> \u2013 z mo\u017cliwo\u015bci\u0105 dostosowania do preferencji strzelca.<\/p>\n<\/li>\n<li class=\"\" data-start=\"2856\" data-end=\"2927\">\n<p class=\"\" data-start=\"2858\" data-end=\"2927\"><strong data-start=\"2858\" data-end=\"2885\">Chropowata faktura ramy<\/strong> \u2013 zapewnia pewny chwyt w ka\u017cdej sytuacji.<\/p>\n<\/li>\n<\/ul>\n<p class=\"\" data-start=\"2929\" data-end=\"3096\">Glock 17 Gen 4 to bro\u0144, kt\u00f3ra z pewno\u015bci\u0105 spe\u0142ni oczekiwania nawet najbardziej wymagaj\u0105cych u\u017cytkownik\u00f3w, oferuj\u0105c niezawodno\u015b\u0107, \u0142atwo\u015b\u0107 obs\u0142ugi i wyj\u0105tkow\u0105 ergonomi\u0119.<\/p>","protected":false},"featured_media":6732,"template":"","meta":[],"etheme_brands":[],"product_brand":[],"product_cat":[49],"product_tag":[],"class_list":{"0":"post-6705","1":"product","2":"type-product","3":"status-publish","4":"has-post-thumbnail","6":"product_cat-bron-krotka","8":"first","9":"instock","10":"sale","11":"shipping-taxable","12":"purchasable","13":"product-type-simple"},"yoast_head":"<!-- This site is optimized with the Yoast SEO Premium plugin v24.0 (Yoast SEO v26.0) - https:\/\/yoast.com\/wordpress\/plugins\/seo\/ -->\n<title>Pistolet Glock 17 Gen.4 9x19 - Arsena\u0142 Sklep<\/title>\n<meta name=\"description\" content=\"Glock 17 Gen 4 to jedna z najbardziej cenionych wersji klasycznego modelu Glock 17, kt\u00f3ra \u0142\u0105czy w sobie nowoczesne technologie, ergonomi\u0119 oraz niezawodno\u015b\u0107.\" \/>\n<meta name=\"robots\" content=\"index, follow, max-snippet:-1, max-image-preview:large, max-video-preview:-1\" \/>\n<link rel=\"canonical\" href=\"https:\/\/arsenal24.pl\/uk\/product\/pistolet-glock-17-gen-4-9x19-arsenal-sklep\/\" \/>\n<meta property=\"og:locale\" content=\"uk_UA\" \/>\n<meta property=\"og:type\" content=\"article\" \/>\n<meta property=\"og:title\" content=\"Pistolet Glock 17 Gen.4 9x19\" \/>\n<meta property=\"og:description\" content=\"Glock 17 Gen 4 to jedna z najbardziej cenionych wersji klasycznego modelu Glock 17, kt\u00f3ra \u0142\u0105czy w sobie nowoczesne technologie, ergonomi\u0119 oraz niezawodno\u015b\u0107.\" \/>\n<meta property=\"og:url\" content=\"https:\/\/arsenal24.pl\/uk\/product\/pistolet-glock-17-gen-4-9x19-arsenal-sklep\/\" \/>\n<meta property=\"og:site_name\" content=\"Arsena\u0142 - Profesjonalny sklep z broni\u0105 i akcesoriami\" \/>\n<meta property=\"article:publisher\" content=\"https:\/\/www.facebook.com\/people\/Arsena-Sklep\/100035187290806\/?locale=pl_PL&amp;paipv=0&amp;eav=AfaBd4HS6M2sZy5PxVGmBIZx9hgg_97kXvqKJ8pngB-S_qRYY5xCeE23HjB7T-5FY6o&amp;_rdr\" \/>\n<meta property=\"article:modified_time\" content=\"2025-11-20T13:26:15+00:00\" \/>\n<meta property=\"og:image\" content=\"https:\/\/arsenal24.pl\/wp-content\/uploads\/2025\/04\/photo01.jpg\" \/>\n\t<meta property=\"og:image:width\" content=\"2500\" \/>\n\t<meta property=\"og:image:height\" content=\"2500\" \/>\n\t<meta property=\"og:image:type\" content=\"image\/jpeg\" \/>\n<meta name=\"twitter:card\" content=\"summary_large_image\" \/>\n<meta name=\"twitter:label1\" content=\"\u041f\u0440\u0438\u0431\u043b. \u0447\u0430\u0441 \u0447\u0438\u0442\u0430\u043d\u043d\u044f\" \/>\n\t<meta name=\"twitter:data1\" content=\"2 \u0445\u0432\u0438\u043b\u0438\u043d\u0438\" \/>\n<script type=\"application\/ld+json\" class=\"yoast-schema-graph\">{\"@context\":\"https:\/\/schema.org\",\"@graph\":[{\"@type\":\"WebPage\",\"@id\":\"https:\/\/arsenal24.pl\/produkt\/pistolet-glock-17-gen-4-9x19-arsenal-sklep\/\",\"url\":\"https:\/\/arsenal24.pl\/produkt\/pistolet-glock-17-gen-4-9x19-arsenal-sklep\/\",\"name\":\"Pistolet Glock 17 Gen.4 9x19 - Arsena\u0142 Sklep\",\"isPartOf\":{\"@id\":\"https:\/\/arsenal24.pl\/#website\"},\"primaryImageOfPage\":{\"@id\":\"https:\/\/arsenal24.pl\/produkt\/pistolet-glock-17-gen-4-9x19-arsenal-sklep\/#primaryimage\"},\"image\":{\"@id\":\"https:\/\/arsenal24.pl\/produkt\/pistolet-glock-17-gen-4-9x19-arsenal-sklep\/#primaryimage\"},\"thumbnailUrl\":\"https:\/\/arsenal24.pl\/wp-content\/uploads\/2025\/04\/photo01.jpg\",\"datePublished\":\"2025-04-04T16:56:05+00:00\",\"dateModified\":\"2025-11-20T13:26:15+00:00\",\"description\":\"Glock 17 Gen 4 to jedna z najbardziej cenionych wersji klasycznego modelu Glock 17, kt\u00f3ra \u0142\u0105czy w sobie nowoczesne technologie, ergonomi\u0119 oraz niezawodno\u015b\u0107.\",\"breadcrumb\":{\"@id\":\"https:\/\/arsenal24.pl\/produkt\/pistolet-glock-17-gen-4-9x19-arsenal-sklep\/#breadcrumb\"},\"inLanguage\":\"uk\",\"potentialAction\":[{\"@type\":\"ReadAction\",\"target\":[\"https:\/\/arsenal24.pl\/produkt\/pistolet-glock-17-gen-4-9x19-arsenal-sklep\/\"]}]},{\"@type\":\"ImageObject\",\"inLanguage\":\"uk\",\"@id\":\"https:\/\/arsenal24.pl\/produkt\/pistolet-glock-17-gen-4-9x19-arsenal-sklep\/#primaryimage\",\"url\":\"https:\/\/arsenal24.pl\/wp-content\/uploads\/2025\/04\/photo01.jpg\",\"contentUrl\":\"https:\/\/arsenal24.pl\/wp-content\/uploads\/2025\/04\/photo01.jpg\",\"width\":2500,\"height\":2500},{\"@type\":\"BreadcrumbList\",\"@id\":\"https:\/\/arsenal24.pl\/produkt\/pistolet-glock-17-gen-4-9x19-arsenal-sklep\/#breadcrumb\",\"itemListElement\":[{\"@type\":\"ListItem\",\"position\":1,\"name\":\"Strona g\u0142\u00f3wna\",\"item\":\"https:\/\/arsenal24.pl\/\"},{\"@type\":\"ListItem\",\"position\":2,\"name\":\"Sklep\",\"item\":\"https:\/\/arsenal24.pl\/sklep\/\"},{\"@type\":\"ListItem\",\"position\":3,\"name\":\"Pistolet Glock 17 Gen.4 9&#215;19\"}]},{\"@type\":\"WebSite\",\"@id\":\"https:\/\/arsenal24.pl\/#website\",\"url\":\"https:\/\/arsenal24.pl\/\",\"name\":\"Arsena\u0142 - Profesjonalny sklep z broni\u0105 i akcesoriami\",\"description\":\"\",\"publisher\":{\"@id\":\"https:\/\/arsenal24.pl\/#organization\"},\"potentialAction\":[{\"@type\":\"SearchAction\",\"target\":{\"@type\":\"EntryPoint\",\"urlTemplate\":\"https:\/\/arsenal24.pl\/?s={search_term_string}\"},\"query-input\":{\"@type\":\"PropertyValueSpecification\",\"valueRequired\":true,\"valueName\":\"search_term_string\"}}],\"inLanguage\":\"uk\"},{\"@type\":\"Organization\",\"@id\":\"https:\/\/arsenal24.pl\/#organization\",\"name\":\"Arsena\u0142 - Profesjonalny sklep z broni\u0105 i akcesoriami\",\"url\":\"https:\/\/arsenal24.pl\/\",\"logo\":{\"@type\":\"ImageObject\",\"inLanguage\":\"uk\",\"@id\":\"https:\/\/arsenal24.pl\/#\/schema\/logo\/image\/\",\"url\":\"https:\/\/server568771.nazwa.pl\/arse\/wp-content\/uploads\/2024\/03\/arsenal-24-logo.png\",\"contentUrl\":\"https:\/\/server568771.nazwa.pl\/arse\/wp-content\/uploads\/2024\/03\/arsenal-24-logo.png\",\"width\":140,\"height\":140,\"caption\":\"Arsena\u0142 - Profesjonalny sklep z broni\u0105 i akcesoriami\"},\"image\":{\"@id\":\"https:\/\/arsenal24.pl\/#\/schema\/logo\/image\/\"},\"sameAs\":[\"https:\/\/www.facebook.com\/people\/Arsena-Sklep\/100035187290806\/?locale=pl_PL&paipv=0&eav=AfaBd4HS6M2sZy5PxVGmBIZx9hgg_97kXvqKJ8pngB-S_qRYY5xCeE23HjB7T-5FY6o&_rdr\"]}]}<\/script>\n<!-- \/ Yoast SEO Premium plugin. -->","yoast_head_json":{"title":"Pistolet Glock 17 Gen.4 9x19 - Arsena\u0142 Sklep","description":"Glock 17 Gen 4 to jedna z najbardziej cenionych wersji klasycznego modelu Glock 17, kt\u00f3ra \u0142\u0105czy w sobie nowoczesne technologie, ergonomi\u0119 oraz niezawodno\u015b\u0107.","robots":{"index":"index","follow":"follow","max-snippet":"max-snippet:-1","max-image-preview":"max-image-preview:large","max-video-preview":"max-video-preview:-1"},"canonical":"https:\/\/arsenal24.pl\/uk\/product\/pistolet-glock-17-gen-4-9x19-arsenal-sklep\/","og_locale":"uk_UA","og_type":"article","og_title":"Pistolet Glock 17 Gen.4 9x19","og_description":"Glock 17 Gen 4 to jedna z najbardziej cenionych wersji klasycznego modelu Glock 17, kt\u00f3ra \u0142\u0105czy w sobie nowoczesne technologie, ergonomi\u0119 oraz niezawodno\u015b\u0107.","og_url":"https:\/\/arsenal24.pl\/uk\/product\/pistolet-glock-17-gen-4-9x19-arsenal-sklep\/","og_site_name":"Arsena\u0142 - Profesjonalny sklep z broni\u0105 i akcesoriami","article_publisher":"https:\/\/www.facebook.com\/people\/Arsena-Sklep\/100035187290806\/?locale=pl_PL&paipv=0&eav=AfaBd4HS6M2sZy5PxVGmBIZx9hgg_97kXvqKJ8pngB-S_qRYY5xCeE23HjB7T-5FY6o&_rdr","article_modified_time":"2025-11-20T13:26:15+00:00","og_image":[{"width":2500,"height":2500,"url":"https:\/\/arsenal24.pl\/wp-content\/uploads\/2025\/04\/photo01.jpg","type":"image\/jpeg"}],"twitter_card":"summary_large_image","twitter_misc":{"\u041f\u0440\u0438\u0431\u043b. \u0447\u0430\u0441 \u0447\u0438\u0442\u0430\u043d\u043d\u044f":"2 \u0445\u0432\u0438\u043b\u0438\u043d\u0438"},"schema":{"@context":"https:\/\/schema.org","@graph":[{"@type":"WebPage","@id":"https:\/\/arsenal24.pl\/produkt\/pistolet-glock-17-gen-4-9x19-arsenal-sklep\/","url":"https:\/\/arsenal24.pl\/produkt\/pistolet-glock-17-gen-4-9x19-arsenal-sklep\/","name":"Pistolet Glock 17 Gen.4 9x19 - Arsena\u0142 Sklep","isPartOf":{"@id":"https:\/\/arsenal24.pl\/#website"},"primaryImageOfPage":{"@id":"https:\/\/arsenal24.pl\/produkt\/pistolet-glock-17-gen-4-9x19-arsenal-sklep\/#primaryimage"},"image":{"@id":"https:\/\/arsenal24.pl\/produkt\/pistolet-glock-17-gen-4-9x19-arsenal-sklep\/#primaryimage"},"thumbnailUrl":"https:\/\/arsenal24.pl\/wp-content\/uploads\/2025\/04\/photo01.jpg","datePublished":"2025-04-04T16:56:05+00:00","dateModified":"2025-11-20T13:26:15+00:00","description":"Glock 17 Gen 4 to jedna z najbardziej cenionych wersji klasycznego modelu Glock 17, kt\u00f3ra \u0142\u0105czy w sobie nowoczesne technologie, ergonomi\u0119 oraz niezawodno\u015b\u0107.","breadcrumb":{"@id":"https:\/\/arsenal24.pl\/produkt\/pistolet-glock-17-gen-4-9x19-arsenal-sklep\/#breadcrumb"},"inLanguage":"uk","potentialAction":[{"@type":"ReadAction","target":["https:\/\/arsenal24.pl\/produkt\/pistolet-glock-17-gen-4-9x19-arsenal-sklep\/"]}]},{"@type":"ImageObject","inLanguage":"uk","@id":"https:\/\/arsenal24.pl\/produkt\/pistolet-glock-17-gen-4-9x19-arsenal-sklep\/#primaryimage","url":"https:\/\/arsenal24.pl\/wp-content\/uploads\/2025\/04\/photo01.jpg","contentUrl":"https:\/\/arsenal24.pl\/wp-content\/uploads\/2025\/04\/photo01.jpg","width":2500,"height":2500},{"@type":"BreadcrumbList","@id":"https:\/\/arsenal24.pl\/produkt\/pistolet-glock-17-gen-4-9x19-arsenal-sklep\/#breadcrumb","itemListElement":[{"@type":"ListItem","position":1,"name":"Strona g\u0142\u00f3wna","item":"https:\/\/arsenal24.pl\/"},{"@type":"ListItem","position":2,"name":"Sklep","item":"https:\/\/arsenal24.pl\/sklep\/"},{"@type":"ListItem","position":3,"name":"Pistolet Glock 17 Gen.4 9&#215;19"}]},{"@type":"WebSite","@id":"https:\/\/arsenal24.pl\/#website","url":"https:\/\/arsenal24.pl\/","name":"\u0410\u0440\u0441\u0435\u043d\u0430\u043b - \u043c\u0430\u0433\u0430\u0437\u0438\u043d \u043f\u0440\u043e\u0444\u0435\u0441\u0456\u0439\u043d\u043e\u0457 \u0437\u0431\u0440\u043e\u0457 \u0442\u0430 \u0430\u043a\u0441\u0435\u0441\u0443\u0430\u0440\u0456\u0432","description":"","publisher":{"@id":"https:\/\/arsenal24.pl\/#organization"},"potentialAction":[{"@type":"SearchAction","target":{"@type":"EntryPoint","urlTemplate":"https:\/\/arsenal24.pl\/?s={search_term_string}"},"query-input":{"@type":"PropertyValueSpecification","valueRequired":true,"valueName":"search_term_string"}}],"inLanguage":"uk"},{"@type":"Organization","@id":"https:\/\/arsenal24.pl\/#organization","name":"\u0410\u0440\u0441\u0435\u043d\u0430\u043b - \u043c\u0430\u0433\u0430\u0437\u0438\u043d \u043f\u0440\u043e\u0444\u0435\u0441\u0456\u0439\u043d\u043e\u0457 \u0437\u0431\u0440\u043e\u0457 \u0442\u0430 \u0430\u043a\u0441\u0435\u0441\u0443\u0430\u0440\u0456\u0432","url":"https:\/\/arsenal24.pl\/","logo":{"@type":"ImageObject","inLanguage":"uk","@id":"https:\/\/arsenal24.pl\/#\/schema\/logo\/image\/","url":"https:\/\/server568771.nazwa.pl\/arse\/wp-content\/uploads\/2024\/03\/arsenal-24-logo.png","contentUrl":"https:\/\/server568771.nazwa.pl\/arse\/wp-content\/uploads\/2024\/03\/arsenal-24-logo.png","width":140,"height":140,"caption":"Arsena\u0142 - Profesjonalny sklep z broni\u0105 i akcesoriami"},"image":{"@id":"https:\/\/arsenal24.pl\/#\/schema\/logo\/image\/"},"sameAs":["https:\/\/www.facebook.com\/people\/Arsena-Sklep\/100035187290806\/?locale=pl_PL&paipv=0&eav=AfaBd4HS6M2sZy5PxVGmBIZx9hgg_97kXvqKJ8pngB-S_qRYY5xCeE23HjB7T-5FY6o&_rdr"]}]}},"_links":{"self":[{"href":"https:\/\/arsenal24.pl\/uk\/wp-json\/wp\/v2\/product\/6705","targetHints":{"allow":["GET"]}}],"collection":[{"href":"https:\/\/arsenal24.pl\/uk\/wp-json\/wp\/v2\/product"}],"about":[{"href":"https:\/\/arsenal24.pl\/uk\/wp-json\/wp\/v2\/types\/product"}],"version-history":[{"count":2,"href":"https:\/\/arsenal24.pl\/uk\/wp-json\/wp\/v2\/product\/6705\/revisions"}],"predecessor-version":[{"id":6731,"href":"https:\/\/arsenal24.pl\/uk\/wp-json\/wp\/v2\/product\/6705\/revisions\/6731"}],"wp:featuredmedia":[{"embeddable":true,"href":"https:\/\/arsenal24.pl\/uk\/wp-json\/wp\/v2\/media\/6732"}],"wp:attachment":[{"href":"https:\/\/arsenal24.pl\/uk\/wp-json\/wp\/v2\/media?parent=6705"}],"wp:term":[{"taxonomy":"brand","embeddable":true,"href":"https:\/\/arsenal24.pl\/uk\/wp-json\/wp\/v2\/etheme_brands?post=6705"},{"taxonomy":"product_brand","embeddable":true,"href":"https:\/\/arsenal24.pl\/uk\/wp-json\/wp\/v2\/product_brand?post=6705"},{"taxonomy":"product_cat","embeddable":true,"href":"https:\/\/arsenal24.pl\/uk\/wp-json\/wp\/v2\/product_cat?post=6705"},{"taxonomy":"product_tag","embeddable":true,"href":"https:\/\/arsenal24.pl\/uk\/wp-json\/wp\/v2\/product_tag?post=6705"}],"curies":[{"name":"wp","href":"https:\/\/api.w.org\/{rel}","templated":true}]}}