{"id":6691,"date":"2025-04-04T17:10:31","date_gmt":"2025-04-04T15:10:31","guid":{"rendered":"https:\/\/arsenal24.pl\/?post_type=product&#038;p=6691"},"modified":"2025-04-04T17:10:32","modified_gmt":"2025-04-04T15:10:32","slug":"karabinek-radical-firearms-rf-15-rpr10-15%e2%80%b3-5-56x45mm","status":"publish","type":"product","link":"https:\/\/arsenal24.pl\/uk\/product\/karabinek-radical-firearms-rf-15-rpr10-15%e2%80%b3-5-56x45mm\/","title":{"rendered":"Karabinek Radical Firearms RF-15 RPR10 16\u2033 5.56x45mm"},"content":{"rendered":"<p class=\"\" data-start=\"519\" data-end=\"1282\"><strong data-start=\"519\" data-end=\"545\">Radical Firearms RF-15<\/strong> to klasyczny przedstawiciel rodziny <strong data-start=\"582\" data-end=\"595\">AR-15\/M16<\/strong>, zaprojektowany w systemie <strong data-start=\"623\" data-end=\"654\">Direct Gas Impingement (DI)<\/strong>, kt\u00f3ry odprowadza gazy prochowe bez u\u017cycia t\u0142oka gazowego, dzia\u0142aj\u0105c bezpo\u015brednio na suwad\u0142o. Uk\u0142ad gazowy wykonany jest z wysokiej jako\u015bci stali nierdzewnej. Zesp\u00f3\u0142 ruchomy spe\u0142nia ameryka\u0144skie normy <strong data-start=\"856\" data-end=\"868\">MIL-SPEC<\/strong>, a jego niezawodno\u015b\u0107 zosta\u0142a sprawdzona za pomoc\u0105 test\u00f3w ci\u015bnieniowych (HPT) oraz kontrolowania magnetycznego (MPI). Dodatkowo, dla zwi\u0119kszenia trwa\u0142o\u015bci, pokryto go odporn\u0105 na korozj\u0119 pow\u0142ok\u0105 <strong data-start=\"1062\" data-end=\"1074\">Melonite<\/strong>. Komora zamkowa i komora spustowa s\u0105 frezowane z stopu aluminium <strong data-start=\"1140\" data-end=\"1151\">7075-T6<\/strong>. Karabinek wyposa\u017cony jest w ergonomiczny chwyt pistoletowy oraz ulepszony mechanizm zrzutu zamka i przycisk zwalniania magazynka.<\/p>\n<p class=\"\" data-start=\"1284\" data-end=\"1804\"><strong data-start=\"1284\" data-end=\"1328\">Karabinek Radical Firearms RF-15 16\u201d RPR<\/strong> wyposa\u017cono w 16-calow\u0105 luf\u0119 wykonan\u0105 z wysokiej jako\u015bci stali <strong data-start=\"1391\" data-end=\"1420\">4140 Chrome Moly Vanadium<\/strong>, zako\u0144czon\u0105 gwintem <strong data-start=\"1441\" data-end=\"1451\">1\/2&#215;28<\/strong> i standardowym urz\u0105dzeniem wylotowym <strong data-start=\"1489\" data-end=\"1495\">A2<\/strong>. Posiada hybrydowe, samono\u015bne \u0142o\u017ce <strong data-start=\"1531\" data-end=\"1538\">RPR<\/strong>, kt\u00f3re umo\u017cliwia monta\u017c akcesori\u00f3w w standardzie <strong data-start=\"1588\" data-end=\"1601\">Picatinny<\/strong> (MIL-STD-1913\/NATO Accessory Rail) oraz systemie <strong data-start=\"1651\" data-end=\"1660\">M-LOK<\/strong>. Pe\u0142nowymiarowa szyna Picatinny znajduje si\u0119 na godzinie 12, a z\u0142\u0105cza <strong data-start=\"1731\" data-end=\"1740\">M-LOK<\/strong> rozmieszczone s\u0105 na ca\u0142ej d\u0142ugo\u015bci \u0142o\u017ca, na godzinach 3, 6 i 9.<\/p>\n<p class=\"\" data-start=\"1806\" data-end=\"1921\">Karabinki <strong data-start=\"1816\" data-end=\"1842\">Radical Firearms RF-15<\/strong> to jedna z najbardziej interesuj\u0105cych propozycji na rynku pe\u0142nym klon\u00f3w AR-15.<\/p>","protected":false},"excerpt":{"rendered":"<p>Karabinek <strong data-start=\"124\" data-end=\"150\">Radical Firearms RF-15<\/strong> kal. 5,56 mm x 45 NATO z luf\u0105 o d\u0142ugo\u015bci 16 cali i 10-calowym \u0142o\u017cem <strong data-start=\"219\" data-end=\"226\">RPR<\/strong> to cywilna wersja karabinka stworzonego z my\u015bl\u0105 o ameryka\u0144skich s\u0142u\u017cbach porz\u0105dkowych. Produkowany w Teksasie, ten model zaskakuje swoj\u0105 solidno\u015bci\u0105, lekko\u015bci\u0105 oraz wysok\u0105 jako\u015bci\u0105 wykonania. Je\u015bli szukasz dobrze wykonanego, przyst\u0119pnego cenowo karabinka AR, trafi\u0142e\u015b w odpowiednie miejsce.<\/p>","protected":false},"featured_media":6703,"template":"","meta":[],"etheme_brands":[{"term_id":249,"name":"Radical Firearms","slug":"radical-firearms","term_group":0,"term_taxonomy_id":249,"taxonomy":"brand","description":"","parent":0,"count":2,"filter":"raw"}],"product_brand":[],"product_cat":[100],"product_tag":[],"class_list":{"0":"post-6691","1":"product","2":"type-product","3":"status-publish","4":"has-post-thumbnail","6":"brand-radical-firearms","7":"product_cat-bron-sportowa","9":"first","10":"instock","11":"shipping-taxable","12":"purchasable","13":"product-type-simple"},"yoast_head":"<!-- This site is optimized with the Yoast SEO Premium plugin v24.0 (Yoast SEO v26.0) - https:\/\/yoast.com\/wordpress\/plugins\/seo\/ -->\n<title>Karabinek Radical Firearms RF-15 RPR10 15\u2033 5.56x45mm<\/title>\n<meta name=\"robots\" content=\"index, follow, max-snippet:-1, max-image-preview:large, max-video-preview:-1\" \/>\n<link rel=\"canonical\" href=\"https:\/\/arsenal24.pl\/uk\/product\/karabinek-radical-firearms-rf-15-rpr10-15\u2033-5-56x45mm\/\" \/>\n<meta property=\"og:locale\" content=\"uk_UA\" \/>\n<meta property=\"og:type\" content=\"article\" \/>\n<meta property=\"og:title\" content=\"Karabinek Radical Firearms RF-15 RPR10 16\u2033 5.56x45mm\" \/>\n<meta property=\"og:description\" content=\"Karabinek Radical Firearms RF-15 kal. 5,56 mm x 45 NATO z luf\u0105 o d\u0142ugo\u015bci 16 cali i 10-calowym \u0142o\u017cem RPR to cywilna wersja karabinka stworzonego z my\u015bl\u0105 o ameryka\u0144skich s\u0142u\u017cbach porz\u0105dkowych. Produkowany w Teksasie, ten model zaskakuje swoj\u0105 solidno\u015bci\u0105, lekko\u015bci\u0105 oraz wysok\u0105 jako\u015bci\u0105 wykonania. Je\u015bli szukasz dobrze wykonanego, przyst\u0119pnego cenowo karabinka AR, trafi\u0142e\u015b w odpowiednie miejsce.\" \/>\n<meta property=\"og:url\" content=\"https:\/\/arsenal24.pl\/uk\/product\/karabinek-radical-firearms-rf-15-rpr10-15\u2033-5-56x45mm\/\" \/>\n<meta property=\"og:site_name\" content=\"Arsena\u0142 - Profesjonalny sklep z broni\u0105 i akcesoriami\" \/>\n<meta property=\"article:publisher\" content=\"https:\/\/www.facebook.com\/people\/Arsena-Sklep\/100035187290806\/?locale=pl_PL&amp;paipv=0&amp;eav=AfaBd4HS6M2sZy5PxVGmBIZx9hgg_97kXvqKJ8pngB-S_qRYY5xCeE23HjB7T-5FY6o&amp;_rdr\" \/>\n<meta property=\"article:modified_time\" content=\"2025-04-04T15:10:32+00:00\" \/>\n<meta property=\"og:image\" content=\"https:\/\/arsenal24.pl\/wp-content\/uploads\/2025\/03\/photo_01.png\" \/>\n\t<meta property=\"og:image:width\" content=\"4200\" \/>\n\t<meta property=\"og:image:height\" content=\"4200\" \/>\n\t<meta property=\"og:image:type\" content=\"image\/png\" \/>\n<meta name=\"twitter:card\" content=\"summary_large_image\" \/>\n<meta name=\"twitter:label1\" content=\"\u041f\u0440\u0438\u0431\u043b. \u0447\u0430\u0441 \u0447\u0438\u0442\u0430\u043d\u043d\u044f\" \/>\n\t<meta name=\"twitter:data1\" content=\"2 \u0445\u0432\u0438\u043b\u0438\u043d\u0438\" \/>\n<script type=\"application\/ld+json\" class=\"yoast-schema-graph\">{\"@context\":\"https:\/\/schema.org\",\"@graph\":[{\"@type\":\"WebPage\",\"@id\":\"https:\/\/arsenal24.pl\/produkt\/karabinek-radical-firearms-rf-15-rpr10-15%e2%80%b3-5-56x45mm\/\",\"url\":\"https:\/\/arsenal24.pl\/produkt\/karabinek-radical-firearms-rf-15-rpr10-15%e2%80%b3-5-56x45mm\/\",\"name\":\"Karabinek Radical Firearms RF-15 RPR10 15\u2033 5.56x45mm\",\"isPartOf\":{\"@id\":\"https:\/\/arsenal24.pl\/#website\"},\"primaryImageOfPage\":{\"@id\":\"https:\/\/arsenal24.pl\/produkt\/karabinek-radical-firearms-rf-15-rpr10-15%e2%80%b3-5-56x45mm\/#primaryimage\"},\"image\":{\"@id\":\"https:\/\/arsenal24.pl\/produkt\/karabinek-radical-firearms-rf-15-rpr10-15%e2%80%b3-5-56x45mm\/#primaryimage\"},\"thumbnailUrl\":\"https:\/\/arsenal24.pl\/wp-content\/uploads\/2025\/03\/photo_01.png\",\"datePublished\":\"2025-04-04T15:10:31+00:00\",\"dateModified\":\"2025-04-04T15:10:32+00:00\",\"breadcrumb\":{\"@id\":\"https:\/\/arsenal24.pl\/produkt\/karabinek-radical-firearms-rf-15-rpr10-15%e2%80%b3-5-56x45mm\/#breadcrumb\"},\"inLanguage\":\"uk\",\"potentialAction\":[{\"@type\":\"ReadAction\",\"target\":[\"https:\/\/arsenal24.pl\/produkt\/karabinek-radical-firearms-rf-15-rpr10-15%e2%80%b3-5-56x45mm\/\"]}]},{\"@type\":\"ImageObject\",\"inLanguage\":\"uk\",\"@id\":\"https:\/\/arsenal24.pl\/produkt\/karabinek-radical-firearms-rf-15-rpr10-15%e2%80%b3-5-56x45mm\/#primaryimage\",\"url\":\"https:\/\/arsenal24.pl\/wp-content\/uploads\/2025\/03\/photo_01.png\",\"contentUrl\":\"https:\/\/arsenal24.pl\/wp-content\/uploads\/2025\/03\/photo_01.png\",\"width\":4200,\"height\":4200},{\"@type\":\"BreadcrumbList\",\"@id\":\"https:\/\/arsenal24.pl\/produkt\/karabinek-radical-firearms-rf-15-rpr10-15%e2%80%b3-5-56x45mm\/#breadcrumb\",\"itemListElement\":[{\"@type\":\"ListItem\",\"position\":1,\"name\":\"Strona g\u0142\u00f3wna\",\"item\":\"https:\/\/arsenal24.pl\/\"},{\"@type\":\"ListItem\",\"position\":2,\"name\":\"Sklep\",\"item\":\"https:\/\/arsenal24.pl\/sklep\/\"},{\"@type\":\"ListItem\",\"position\":3,\"name\":\"Karabinek Radical Firearms RF-15 RPR10 16\u2033 5.56x45mm\"}]},{\"@type\":\"WebSite\",\"@id\":\"https:\/\/arsenal24.pl\/#website\",\"url\":\"https:\/\/arsenal24.pl\/\",\"name\":\"Arsena\u0142 - Profesjonalny sklep z broni\u0105 i akcesoriami\",\"description\":\"\",\"publisher\":{\"@id\":\"https:\/\/arsenal24.pl\/#organization\"},\"potentialAction\":[{\"@type\":\"SearchAction\",\"target\":{\"@type\":\"EntryPoint\",\"urlTemplate\":\"https:\/\/arsenal24.pl\/?s={search_term_string}\"},\"query-input\":{\"@type\":\"PropertyValueSpecification\",\"valueRequired\":true,\"valueName\":\"search_term_string\"}}],\"inLanguage\":\"uk\"},{\"@type\":\"Organization\",\"@id\":\"https:\/\/arsenal24.pl\/#organization\",\"name\":\"Arsena\u0142 - Profesjonalny sklep z broni\u0105 i akcesoriami\",\"url\":\"https:\/\/arsenal24.pl\/\",\"logo\":{\"@type\":\"ImageObject\",\"inLanguage\":\"uk\",\"@id\":\"https:\/\/arsenal24.pl\/#\/schema\/logo\/image\/\",\"url\":\"https:\/\/server568771.nazwa.pl\/arse\/wp-content\/uploads\/2024\/03\/arsenal-24-logo.png\",\"contentUrl\":\"https:\/\/server568771.nazwa.pl\/arse\/wp-content\/uploads\/2024\/03\/arsenal-24-logo.png\",\"width\":140,\"height\":140,\"caption\":\"Arsena\u0142 - Profesjonalny sklep z broni\u0105 i akcesoriami\"},\"image\":{\"@id\":\"https:\/\/arsenal24.pl\/#\/schema\/logo\/image\/\"},\"sameAs\":[\"https:\/\/www.facebook.com\/people\/Arsena-Sklep\/100035187290806\/?locale=pl_PL&paipv=0&eav=AfaBd4HS6M2sZy5PxVGmBIZx9hgg_97kXvqKJ8pngB-S_qRYY5xCeE23HjB7T-5FY6o&_rdr\"]}]}<\/script>\n<!-- \/ Yoast SEO Premium plugin. -->","yoast_head_json":{"title":"Karabinek Radical Firearms RF-15 RPR10 15\u2033 5.56x45mm","robots":{"index":"index","follow":"follow","max-snippet":"max-snippet:-1","max-image-preview":"max-image-preview:large","max-video-preview":"max-video-preview:-1"},"canonical":"https:\/\/arsenal24.pl\/uk\/product\/karabinek-radical-firearms-rf-15-rpr10-15\u2033-5-56x45mm\/","og_locale":"uk_UA","og_type":"article","og_title":"Karabinek Radical Firearms RF-15 RPR10 16\u2033 5.56x45mm","og_description":"Karabinek Radical Firearms RF-15 kal. 5,56 mm x 45 NATO z luf\u0105 o d\u0142ugo\u015bci 16 cali i 10-calowym \u0142o\u017cem RPR to cywilna wersja karabinka stworzonego z my\u015bl\u0105 o ameryka\u0144skich s\u0142u\u017cbach porz\u0105dkowych. Produkowany w Teksasie, ten model zaskakuje swoj\u0105 solidno\u015bci\u0105, lekko\u015bci\u0105 oraz wysok\u0105 jako\u015bci\u0105 wykonania. Je\u015bli szukasz dobrze wykonanego, przyst\u0119pnego cenowo karabinka AR, trafi\u0142e\u015b w odpowiednie miejsce.","og_url":"https:\/\/arsenal24.pl\/uk\/product\/karabinek-radical-firearms-rf-15-rpr10-15\u2033-5-56x45mm\/","og_site_name":"Arsena\u0142 - Profesjonalny sklep z broni\u0105 i akcesoriami","article_publisher":"https:\/\/www.facebook.com\/people\/Arsena-Sklep\/100035187290806\/?locale=pl_PL&paipv=0&eav=AfaBd4HS6M2sZy5PxVGmBIZx9hgg_97kXvqKJ8pngB-S_qRYY5xCeE23HjB7T-5FY6o&_rdr","article_modified_time":"2025-04-04T15:10:32+00:00","og_image":[{"width":4200,"height":4200,"url":"https:\/\/arsenal24.pl\/wp-content\/uploads\/2025\/03\/photo_01.png","type":"image\/png"}],"twitter_card":"summary_large_image","twitter_misc":{"\u041f\u0440\u0438\u0431\u043b. \u0447\u0430\u0441 \u0447\u0438\u0442\u0430\u043d\u043d\u044f":"2 \u0445\u0432\u0438\u043b\u0438\u043d\u0438"},"schema":{"@context":"https:\/\/schema.org","@graph":[{"@type":"WebPage","@id":"https:\/\/arsenal24.pl\/produkt\/karabinek-radical-firearms-rf-15-rpr10-15%e2%80%b3-5-56x45mm\/","url":"https:\/\/arsenal24.pl\/produkt\/karabinek-radical-firearms-rf-15-rpr10-15%e2%80%b3-5-56x45mm\/","name":"Karabinek Radical Firearms RF-15 RPR10 15\u2033 5.56x45mm","isPartOf":{"@id":"https:\/\/arsenal24.pl\/#website"},"primaryImageOfPage":{"@id":"https:\/\/arsenal24.pl\/produkt\/karabinek-radical-firearms-rf-15-rpr10-15%e2%80%b3-5-56x45mm\/#primaryimage"},"image":{"@id":"https:\/\/arsenal24.pl\/produkt\/karabinek-radical-firearms-rf-15-rpr10-15%e2%80%b3-5-56x45mm\/#primaryimage"},"thumbnailUrl":"https:\/\/arsenal24.pl\/wp-content\/uploads\/2025\/03\/photo_01.png","datePublished":"2025-04-04T15:10:31+00:00","dateModified":"2025-04-04T15:10:32+00:00","breadcrumb":{"@id":"https:\/\/arsenal24.pl\/produkt\/karabinek-radical-firearms-rf-15-rpr10-15%e2%80%b3-5-56x45mm\/#breadcrumb"},"inLanguage":"uk","potentialAction":[{"@type":"ReadAction","target":["https:\/\/arsenal24.pl\/produkt\/karabinek-radical-firearms-rf-15-rpr10-15%e2%80%b3-5-56x45mm\/"]}]},{"@type":"ImageObject","inLanguage":"uk","@id":"https:\/\/arsenal24.pl\/produkt\/karabinek-radical-firearms-rf-15-rpr10-15%e2%80%b3-5-56x45mm\/#primaryimage","url":"https:\/\/arsenal24.pl\/wp-content\/uploads\/2025\/03\/photo_01.png","contentUrl":"https:\/\/arsenal24.pl\/wp-content\/uploads\/2025\/03\/photo_01.png","width":4200,"height":4200},{"@type":"BreadcrumbList","@id":"https:\/\/arsenal24.pl\/produkt\/karabinek-radical-firearms-rf-15-rpr10-15%e2%80%b3-5-56x45mm\/#breadcrumb","itemListElement":[{"@type":"ListItem","position":1,"name":"Strona g\u0142\u00f3wna","item":"https:\/\/arsenal24.pl\/"},{"@type":"ListItem","position":2,"name":"Sklep","item":"https:\/\/arsenal24.pl\/sklep\/"},{"@type":"ListItem","position":3,"name":"Karabinek Radical Firearms RF-15 RPR10 16\u2033 5.56x45mm"}]},{"@type":"WebSite","@id":"https:\/\/arsenal24.pl\/#website","url":"https:\/\/arsenal24.pl\/","name":"\u0410\u0440\u0441\u0435\u043d\u0430\u043b - \u043c\u0430\u0433\u0430\u0437\u0438\u043d \u043f\u0440\u043e\u0444\u0435\u0441\u0456\u0439\u043d\u043e\u0457 \u0437\u0431\u0440\u043e\u0457 \u0442\u0430 \u0430\u043a\u0441\u0435\u0441\u0443\u0430\u0440\u0456\u0432","description":"","publisher":{"@id":"https:\/\/arsenal24.pl\/#organization"},"potentialAction":[{"@type":"SearchAction","target":{"@type":"EntryPoint","urlTemplate":"https:\/\/arsenal24.pl\/?s={search_term_string}"},"query-input":{"@type":"PropertyValueSpecification","valueRequired":true,"valueName":"search_term_string"}}],"inLanguage":"uk"},{"@type":"Organization","@id":"https:\/\/arsenal24.pl\/#organization","name":"\u0410\u0440\u0441\u0435\u043d\u0430\u043b - \u043c\u0430\u0433\u0430\u0437\u0438\u043d \u043f\u0440\u043e\u0444\u0435\u0441\u0456\u0439\u043d\u043e\u0457 \u0437\u0431\u0440\u043e\u0457 \u0442\u0430 \u0430\u043a\u0441\u0435\u0441\u0443\u0430\u0440\u0456\u0432","url":"https:\/\/arsenal24.pl\/","logo":{"@type":"ImageObject","inLanguage":"uk","@id":"https:\/\/arsenal24.pl\/#\/schema\/logo\/image\/","url":"https:\/\/server568771.nazwa.pl\/arse\/wp-content\/uploads\/2024\/03\/arsenal-24-logo.png","contentUrl":"https:\/\/server568771.nazwa.pl\/arse\/wp-content\/uploads\/2024\/03\/arsenal-24-logo.png","width":140,"height":140,"caption":"Arsena\u0142 - Profesjonalny sklep z broni\u0105 i akcesoriami"},"image":{"@id":"https:\/\/arsenal24.pl\/#\/schema\/logo\/image\/"},"sameAs":["https:\/\/www.facebook.com\/people\/Arsena-Sklep\/100035187290806\/?locale=pl_PL&paipv=0&eav=AfaBd4HS6M2sZy5PxVGmBIZx9hgg_97kXvqKJ8pngB-S_qRYY5xCeE23HjB7T-5FY6o&_rdr"]}]}},"_links":{"self":[{"href":"https:\/\/arsenal24.pl\/uk\/wp-json\/wp\/v2\/product\/6691","targetHints":{"allow":["GET"]}}],"collection":[{"href":"https:\/\/arsenal24.pl\/uk\/wp-json\/wp\/v2\/product"}],"about":[{"href":"https:\/\/arsenal24.pl\/uk\/wp-json\/wp\/v2\/types\/product"}],"version-history":[{"count":3,"href":"https:\/\/arsenal24.pl\/uk\/wp-json\/wp\/v2\/product\/6691\/revisions"}],"predecessor-version":[{"id":6704,"href":"https:\/\/arsenal24.pl\/uk\/wp-json\/wp\/v2\/product\/6691\/revisions\/6704"}],"wp:featuredmedia":[{"embeddable":true,"href":"https:\/\/arsenal24.pl\/uk\/wp-json\/wp\/v2\/media\/6703"}],"wp:attachment":[{"href":"https:\/\/arsenal24.pl\/uk\/wp-json\/wp\/v2\/media?parent=6691"}],"wp:term":[{"taxonomy":"brand","embeddable":true,"href":"https:\/\/arsenal24.pl\/uk\/wp-json\/wp\/v2\/etheme_brands?post=6691"},{"taxonomy":"product_brand","embeddable":true,"href":"https:\/\/arsenal24.pl\/uk\/wp-json\/wp\/v2\/product_brand?post=6691"},{"taxonomy":"product_cat","embeddable":true,"href":"https:\/\/arsenal24.pl\/uk\/wp-json\/wp\/v2\/product_cat?post=6691"},{"taxonomy":"product_tag","embeddable":true,"href":"https:\/\/arsenal24.pl\/uk\/wp-json\/wp\/v2\/product_tag?post=6691"}],"curies":[{"name":"wp","href":"https:\/\/api.w.org\/{rel}","templated":true}]}}