{"id":6683,"date":"2025-03-19T17:28:43","date_gmt":"2025-03-19T16:28:43","guid":{"rendered":"https:\/\/arsenal24.pl\/?post_type=product&#038;p=6683"},"modified":"2025-03-19T17:29:13","modified_gmt":"2025-03-19T16:29:13","slug":"karabinek-radical-firearms-rf-15-rpr10-105-5-56x45mm","status":"publish","type":"product","link":"https:\/\/arsenal24.pl\/uk\/product\/karabinek-radical-firearms-rf-15-rpr10-105-5-56x45mm\/","title":{"rendered":"Karabinek Radical Firearms RF-15 RPR10 10,5&#8243; 5.56x45mm"},"content":{"rendered":"<p data-start=\"951\" data-end=\"1283\">Model RF-15 10,5\u201d RPR posiada 10,5-calow\u0105 luf\u0119 ze stali 4140 Chrome Moly Vanadium, zako\u0144czon\u0105 gwintem 1\/2&#215;28 i urz\u0105dzeniem wylotowym A2. Hybrydowe \u0142o\u017ce RPR umo\u017cliwia monta\u017c akcesori\u00f3w zar\u00f3wno w systemie Picatinny, jak i M-LOK. D\u0142uga szyna Picatinny znajduje si\u0119 na godzinie 12, a z\u0142\u0105cza M-LOK s\u0105 rozmieszczone na godzinach 3, 6 i 9.<\/p>\n<p data-start=\"1285\" data-end=\"1371\" data-is-last-node=\"\" data-is-only-node=\"\">Radical Firearms RF-15 to jeden z najciekawszych modeli na rynku, pe\u0142nym klon\u00f3w AR-15.<\/p>\n<h3>\u0422\u0435\u0445\u043d\u0456\u0447\u043d\u0456 \u0434\u0430\u043d\u0456:<\/h3>\n<ul>\n<li data-start=\"69\" data-end=\"94\"><strong data-start=\"71\" data-end=\"87\">D\u0142ugo\u015b\u0107 lufy<\/strong>: 10,5&#8243;<\/li>\n<li data-start=\"95\" data-end=\"140\"><strong data-start=\"97\" data-end=\"114\">Materia\u0142 lufy<\/strong>: 4140 Chrom Moly Vanadium<\/li>\n<li data-start=\"141\" data-end=\"172\"><strong data-start=\"143\" data-end=\"163\">Wyko\u0144czenie lufy<\/strong>: Melonit<\/li>\n<li data-start=\"173\" data-end=\"194\"><strong data-start=\"175\" data-end=\"190\">Profil lufy<\/strong>: M4<\/li>\n<li data-start=\"195\" data-end=\"225\"><strong data-start=\"197\" data-end=\"217\">Skok gwintu lufy<\/strong>: 1\/2X28<\/li>\n<li data-start=\"226\" data-end=\"247\"><strong data-start=\"228\" data-end=\"238\">Komora<\/strong>: 5,56 mm<\/li>\n<li data-start=\"248\" data-end=\"264\"><strong data-start=\"250\" data-end=\"259\">Gwint<\/strong>: 1:7<\/li>\n<li data-start=\"265\" data-end=\"307\"><strong data-start=\"267\" data-end=\"288\">Przed\u0142u\u017cenie lufy<\/strong>: Rampy podaj\u0105ce M4<\/li>\n<li data-start=\"308\" data-end=\"346\"><strong data-start=\"310\" data-end=\"327\">System gazowy<\/strong>: d\u0142ugo\u015b\u0107 karabinka<\/li>\n<li data-start=\"347\" data-end=\"404\"><strong data-start=\"349\" data-end=\"371\">Typ bloku gazowego<\/strong>: .750 Niskoprofilowy blok gazowy<\/li>\n<li data-start=\"405\" data-end=\"451\"><strong data-start=\"407\" data-end=\"430\">Urz\u0105dzenie wylotowe<\/strong>: T\u0142umik p\u0142omienia A2<\/li>\n<li data-start=\"452\" data-end=\"496\"><strong data-start=\"454\" data-end=\"482\">Materia\u0142 g\u00f3rnego korpusu<\/strong>: kuty 7075 T6<\/li>\n<li data-start=\"497\" data-end=\"520\"><strong data-start=\"499\" data-end=\"508\">\u0412\u0435\u0440\u0445\u043d\u0456\u0439<\/strong>: M4 MIL-STD<\/li>\n<li data-start=\"521\" data-end=\"565\"><strong data-start=\"523\" data-end=\"544\">Wyko\u0144czenie upper<\/strong>: anodowanie typu III<\/li>\n<li data-start=\"566\" data-end=\"601\"><strong data-start=\"568\" data-end=\"592\">Os\u0142ona przeciwpy\u0142owa<\/strong>: MIL-STD<\/li>\n<li data-start=\"602\" data-end=\"628\"><strong data-start=\"604\" data-end=\"616\">Typ \u0142o\u017ca<\/strong>: Free Float<\/li>\n<li data-start=\"629\" data-end=\"664\"><strong data-start=\"631\" data-end=\"644\">Styl \u0142o\u017ca<\/strong>: Cienka szyna M-Lok<\/li>\n<li data-start=\"665\" data-end=\"688\"><strong data-start=\"667\" data-end=\"683\">D\u0142ugo\u015b\u0107 \u0142o\u017ca<\/strong>: 10&#8243;<\/li>\n<li data-start=\"689\" data-end=\"723\"><strong data-start=\"691\" data-end=\"714\">Uchwyt do \u0142adowania<\/strong>: MIL-STD<\/li>\n<li data-start=\"724\" data-end=\"749\"><strong data-start=\"726\" data-end=\"735\">\u041d\u0438\u0436\u043d\u0456\u0439<\/strong>: kuty 7075 T6<\/li>\n<li data-start=\"750\" data-end=\"794\" data-is-last-node=\"\"><strong data-start=\"752\" data-end=\"773\">Wyko\u0144czenie lower<\/strong>: anodowanie typu III<\/li>\n<\/ul>","protected":false},"excerpt":{"rendered":"<p data-start=\"0\" data-end=\"309\">Karabinek Radical Firearms RF-15 kal. 5,56 mm x 45 NATO, wyprodukowany w Teksasie, to cywilna wersja broni stosowanej przez ameryka\u0144skie s\u0142u\u017cby porz\u0105dkowe. Model ten zaskakuje solidno\u015bci\u0105, lekko\u015bci\u0105 i wysok\u0105 jako\u015bci\u0105 wykonania. Je\u015bli szukasz przyst\u0119pnego cenowo i dobrego AR-a, ten karabinek to \u015bwietny wyb\u00f3r.<\/p>\n<p data-start=\"311\" data-end=\"949\">RF-15 to klasyczny przedstawiciel rodziny AR-15\/M16, zbudowany w systemie Direct Gas Impingement (DI), w kt\u00f3rym gazy prochowe oddzia\u0142uj\u0105 bezpo\u015brednio na suwad\u0142o, bez t\u0142oka gazowego. Uk\u0142ad gazowy wykonano z wysokiej jako\u015bci stali nierdzewnej. Zesp\u00f3\u0142 ruchomy jest zgodny z ameryka\u0144skimi normami MIL-SPEC, przeszed\u0142 testy wysokoci\u015bnieniowe (HPT), sprawdzenie magnetyczne (MPI) i pokryty jest pow\u0142ok\u0105 Melonite, kt\u00f3ra zapewnia odporno\u015b\u0107 na korozj\u0119. Komora zamkowa oraz komora spustowa zosta\u0142y frezowane z aluminium 7075-T6. Karabinek wyposa\u017cono w ergonomiczny chwyt pistoletowy, ulepszon\u0105 d\u017awigni\u0119 zrzutu zamka i przycisk zwalniania magazynka.<\/p>","protected":false},"featured_media":6684,"template":"","meta":[],"etheme_brands":[{"term_id":249,"name":"Radical Firearms","slug":"radical-firearms","term_group":0,"term_taxonomy_id":249,"taxonomy":"brand","description":"","parent":0,"count":2,"filter":"raw"}],"product_brand":[],"product_cat":[100],"product_tag":[],"class_list":{"0":"post-6683","1":"product","2":"type-product","3":"status-publish","4":"has-post-thumbnail","6":"brand-radical-firearms","7":"product_cat-bron-sportowa","9":"first","10":"instock","11":"shipping-taxable","12":"purchasable","13":"product-type-simple"},"yoast_head":"<!-- This site is optimized with the Yoast SEO Premium plugin v24.0 (Yoast SEO v26.0) - https:\/\/yoast.com\/wordpress\/plugins\/seo\/ -->\n<title>Karabinek Radical Firearms RF-15 RPR10 10,5&quot; 5.56x45mm - Arsena\u0142 - Profesjonalny sklep z broni\u0105 i akcesoriami<\/title>\n<meta name=\"robots\" content=\"index, follow, max-snippet:-1, max-image-preview:large, max-video-preview:-1\" \/>\n<link rel=\"canonical\" href=\"https:\/\/arsenal24.pl\/uk\/product\/karabinek-radical-firearms-rf-15-rpr10-105-5-56x45mm\/\" \/>\n<meta property=\"og:locale\" content=\"uk_UA\" \/>\n<meta property=\"og:type\" content=\"article\" \/>\n<meta property=\"og:title\" content=\"Karabinek Radical Firearms RF-15 RPR10 10,5&quot; 5.56x45mm\" \/>\n<meta property=\"og:description\" content=\"Karabinek Radical Firearms RF-15 kal. 5,56 mm x 45 NATO, wyprodukowany w Teksasie, to cywilna wersja broni stosowanej przez ameryka\u0144skie s\u0142u\u017cby porz\u0105dkowe. Model ten zaskakuje solidno\u015bci\u0105, lekko\u015bci\u0105 i wysok\u0105 jako\u015bci\u0105 wykonania. Je\u015bli szukasz przyst\u0119pnego cenowo i dobrego AR-a, ten karabinek to \u015bwietny wyb\u00f3r. RF-15 to klasyczny przedstawiciel rodziny AR-15\/M16, zbudowany w systemie Direct Gas Impingement (DI), w kt\u00f3rym gazy prochowe oddzia\u0142uj\u0105 bezpo\u015brednio na suwad\u0142o, bez t\u0142oka gazowego. Uk\u0142ad gazowy wykonano z wysokiej jako\u015bci stali nierdzewnej. Zesp\u00f3\u0142 ruchomy jest zgodny z ameryka\u0144skimi normami MIL-SPEC, przeszed\u0142 testy wysokoci\u015bnieniowe (HPT), sprawdzenie magnetyczne (MPI) i pokryty jest pow\u0142ok\u0105 Melonite, kt\u00f3ra zapewnia odporno\u015b\u0107 na korozj\u0119. Komora zamkowa oraz komora spustowa zosta\u0142y frezowane z aluminium 7075-T6. Karabinek wyposa\u017cono w ergonomiczny chwyt pistoletowy, ulepszon\u0105 d\u017awigni\u0119 zrzutu zamka i przycisk zwalniania magazynka.\" \/>\n<meta property=\"og:url\" content=\"https:\/\/arsenal24.pl\/uk\/product\/karabinek-radical-firearms-rf-15-rpr10-105-5-56x45mm\/\" \/>\n<meta property=\"og:site_name\" content=\"Arsena\u0142 - Profesjonalny sklep z broni\u0105 i akcesoriami\" \/>\n<meta property=\"article:publisher\" content=\"https:\/\/www.facebook.com\/people\/Arsena-Sklep\/100035187290806\/?locale=pl_PL&amp;paipv=0&amp;eav=AfaBd4HS6M2sZy5PxVGmBIZx9hgg_97kXvqKJ8pngB-S_qRYY5xCeE23HjB7T-5FY6o&amp;_rdr\" \/>\n<meta property=\"article:modified_time\" content=\"2025-03-19T16:29:13+00:00\" \/>\n<meta property=\"og:image\" content=\"https:\/\/arsenal24.pl\/wp-content\/uploads\/2025\/03\/photo_1-7.webp\" \/>\n\t<meta property=\"og:image:width\" content=\"900\" \/>\n\t<meta property=\"og:image:height\" content=\"900\" \/>\n\t<meta property=\"og:image:type\" content=\"image\/webp\" \/>\n<meta name=\"twitter:card\" content=\"summary_large_image\" \/>\n<meta name=\"twitter:label1\" content=\"\u041f\u0440\u0438\u0431\u043b. \u0447\u0430\u0441 \u0447\u0438\u0442\u0430\u043d\u043d\u044f\" \/>\n\t<meta name=\"twitter:data1\" content=\"2 \u0445\u0432\u0438\u043b\u0438\u043d\u0438\" \/>\n<script type=\"application\/ld+json\" class=\"yoast-schema-graph\">{\"@context\":\"https:\/\/schema.org\",\"@graph\":[{\"@type\":\"WebPage\",\"@id\":\"https:\/\/arsenal24.pl\/produkt\/karabinek-radical-firearms-rf-15-rpr10-105-5-56x45mm\/\",\"url\":\"https:\/\/arsenal24.pl\/produkt\/karabinek-radical-firearms-rf-15-rpr10-105-5-56x45mm\/\",\"name\":\"Karabinek Radical Firearms RF-15 RPR10 10,5\\\" 5.56x45mm - Arsena\u0142 - Profesjonalny sklep z broni\u0105 i akcesoriami\",\"isPartOf\":{\"@id\":\"https:\/\/arsenal24.pl\/#website\"},\"primaryImageOfPage\":{\"@id\":\"https:\/\/arsenal24.pl\/produkt\/karabinek-radical-firearms-rf-15-rpr10-105-5-56x45mm\/#primaryimage\"},\"image\":{\"@id\":\"https:\/\/arsenal24.pl\/produkt\/karabinek-radical-firearms-rf-15-rpr10-105-5-56x45mm\/#primaryimage\"},\"thumbnailUrl\":\"https:\/\/arsenal24.pl\/wp-content\/uploads\/2025\/03\/photo_1-7.webp\",\"datePublished\":\"2025-03-19T16:28:43+00:00\",\"dateModified\":\"2025-03-19T16:29:13+00:00\",\"breadcrumb\":{\"@id\":\"https:\/\/arsenal24.pl\/produkt\/karabinek-radical-firearms-rf-15-rpr10-105-5-56x45mm\/#breadcrumb\"},\"inLanguage\":\"uk\",\"potentialAction\":[{\"@type\":\"ReadAction\",\"target\":[\"https:\/\/arsenal24.pl\/produkt\/karabinek-radical-firearms-rf-15-rpr10-105-5-56x45mm\/\"]}]},{\"@type\":\"ImageObject\",\"inLanguage\":\"uk\",\"@id\":\"https:\/\/arsenal24.pl\/produkt\/karabinek-radical-firearms-rf-15-rpr10-105-5-56x45mm\/#primaryimage\",\"url\":\"https:\/\/arsenal24.pl\/wp-content\/uploads\/2025\/03\/photo_1-7.webp\",\"contentUrl\":\"https:\/\/arsenal24.pl\/wp-content\/uploads\/2025\/03\/photo_1-7.webp\",\"width\":900,\"height\":900},{\"@type\":\"BreadcrumbList\",\"@id\":\"https:\/\/arsenal24.pl\/produkt\/karabinek-radical-firearms-rf-15-rpr10-105-5-56x45mm\/#breadcrumb\",\"itemListElement\":[{\"@type\":\"ListItem\",\"position\":1,\"name\":\"Strona g\u0142\u00f3wna\",\"item\":\"https:\/\/arsenal24.pl\/\"},{\"@type\":\"ListItem\",\"position\":2,\"name\":\"Sklep\",\"item\":\"https:\/\/arsenal24.pl\/sklep\/\"},{\"@type\":\"ListItem\",\"position\":3,\"name\":\"Karabinek Radical Firearms RF-15 RPR10 10,5&#8243; 5.56x45mm\"}]},{\"@type\":\"WebSite\",\"@id\":\"https:\/\/arsenal24.pl\/#website\",\"url\":\"https:\/\/arsenal24.pl\/\",\"name\":\"Arsena\u0142 - Profesjonalny sklep z broni\u0105 i akcesoriami\",\"description\":\"\",\"publisher\":{\"@id\":\"https:\/\/arsenal24.pl\/#organization\"},\"potentialAction\":[{\"@type\":\"SearchAction\",\"target\":{\"@type\":\"EntryPoint\",\"urlTemplate\":\"https:\/\/arsenal24.pl\/?s={search_term_string}\"},\"query-input\":{\"@type\":\"PropertyValueSpecification\",\"valueRequired\":true,\"valueName\":\"search_term_string\"}}],\"inLanguage\":\"uk\"},{\"@type\":\"Organization\",\"@id\":\"https:\/\/arsenal24.pl\/#organization\",\"name\":\"Arsena\u0142 - Profesjonalny sklep z broni\u0105 i akcesoriami\",\"url\":\"https:\/\/arsenal24.pl\/\",\"logo\":{\"@type\":\"ImageObject\",\"inLanguage\":\"uk\",\"@id\":\"https:\/\/arsenal24.pl\/#\/schema\/logo\/image\/\",\"url\":\"https:\/\/server568771.nazwa.pl\/arse\/wp-content\/uploads\/2024\/03\/arsenal-24-logo.png\",\"contentUrl\":\"https:\/\/server568771.nazwa.pl\/arse\/wp-content\/uploads\/2024\/03\/arsenal-24-logo.png\",\"width\":140,\"height\":140,\"caption\":\"Arsena\u0142 - Profesjonalny sklep z broni\u0105 i akcesoriami\"},\"image\":{\"@id\":\"https:\/\/arsenal24.pl\/#\/schema\/logo\/image\/\"},\"sameAs\":[\"https:\/\/www.facebook.com\/people\/Arsena-Sklep\/100035187290806\/?locale=pl_PL&paipv=0&eav=AfaBd4HS6M2sZy5PxVGmBIZx9hgg_97kXvqKJ8pngB-S_qRYY5xCeE23HjB7T-5FY6o&_rdr\"]}]}<\/script>\n<!-- \/ Yoast SEO Premium plugin. -->","yoast_head_json":{"title":"Karabinek Radical Firearms RF-15 RPR10 10,5\" 5.56x45mm - Arsena\u0142 - Profesjonalny sklep z broni\u0105 i akcesoriami","robots":{"index":"index","follow":"follow","max-snippet":"max-snippet:-1","max-image-preview":"max-image-preview:large","max-video-preview":"max-video-preview:-1"},"canonical":"https:\/\/arsenal24.pl\/uk\/product\/karabinek-radical-firearms-rf-15-rpr10-105-5-56x45mm\/","og_locale":"uk_UA","og_type":"article","og_title":"Karabinek Radical Firearms RF-15 RPR10 10,5\" 5.56x45mm","og_description":"Karabinek Radical Firearms RF-15 kal. 5,56 mm x 45 NATO, wyprodukowany w Teksasie, to cywilna wersja broni stosowanej przez ameryka\u0144skie s\u0142u\u017cby porz\u0105dkowe. Model ten zaskakuje solidno\u015bci\u0105, lekko\u015bci\u0105 i wysok\u0105 jako\u015bci\u0105 wykonania. Je\u015bli szukasz przyst\u0119pnego cenowo i dobrego AR-a, ten karabinek to \u015bwietny wyb\u00f3r. RF-15 to klasyczny przedstawiciel rodziny AR-15\/M16, zbudowany w systemie Direct Gas Impingement (DI), w kt\u00f3rym gazy prochowe oddzia\u0142uj\u0105 bezpo\u015brednio na suwad\u0142o, bez t\u0142oka gazowego. Uk\u0142ad gazowy wykonano z wysokiej jako\u015bci stali nierdzewnej. Zesp\u00f3\u0142 ruchomy jest zgodny z ameryka\u0144skimi normami MIL-SPEC, przeszed\u0142 testy wysokoci\u015bnieniowe (HPT), sprawdzenie magnetyczne (MPI) i pokryty jest pow\u0142ok\u0105 Melonite, kt\u00f3ra zapewnia odporno\u015b\u0107 na korozj\u0119. Komora zamkowa oraz komora spustowa zosta\u0142y frezowane z aluminium 7075-T6. Karabinek wyposa\u017cono w ergonomiczny chwyt pistoletowy, ulepszon\u0105 d\u017awigni\u0119 zrzutu zamka i przycisk zwalniania magazynka.","og_url":"https:\/\/arsenal24.pl\/uk\/product\/karabinek-radical-firearms-rf-15-rpr10-105-5-56x45mm\/","og_site_name":"Arsena\u0142 - Profesjonalny sklep z broni\u0105 i akcesoriami","article_publisher":"https:\/\/www.facebook.com\/people\/Arsena-Sklep\/100035187290806\/?locale=pl_PL&paipv=0&eav=AfaBd4HS6M2sZy5PxVGmBIZx9hgg_97kXvqKJ8pngB-S_qRYY5xCeE23HjB7T-5FY6o&_rdr","article_modified_time":"2025-03-19T16:29:13+00:00","og_image":[{"width":900,"height":900,"url":"https:\/\/arsenal24.pl\/wp-content\/uploads\/2025\/03\/photo_1-7.webp","type":"image\/webp"}],"twitter_card":"summary_large_image","twitter_misc":{"\u041f\u0440\u0438\u0431\u043b. \u0447\u0430\u0441 \u0447\u0438\u0442\u0430\u043d\u043d\u044f":"2 \u0445\u0432\u0438\u043b\u0438\u043d\u0438"},"schema":{"@context":"https:\/\/schema.org","@graph":[{"@type":"WebPage","@id":"https:\/\/arsenal24.pl\/produkt\/karabinek-radical-firearms-rf-15-rpr10-105-5-56x45mm\/","url":"https:\/\/arsenal24.pl\/produkt\/karabinek-radical-firearms-rf-15-rpr10-105-5-56x45mm\/","name":"Karabinek Radical Firearms RF-15 RPR10 10,5\" 5.56x45mm - Arsena\u0142 - Profesjonalny sklep z broni\u0105 i akcesoriami","isPartOf":{"@id":"https:\/\/arsenal24.pl\/#website"},"primaryImageOfPage":{"@id":"https:\/\/arsenal24.pl\/produkt\/karabinek-radical-firearms-rf-15-rpr10-105-5-56x45mm\/#primaryimage"},"image":{"@id":"https:\/\/arsenal24.pl\/produkt\/karabinek-radical-firearms-rf-15-rpr10-105-5-56x45mm\/#primaryimage"},"thumbnailUrl":"https:\/\/arsenal24.pl\/wp-content\/uploads\/2025\/03\/photo_1-7.webp","datePublished":"2025-03-19T16:28:43+00:00","dateModified":"2025-03-19T16:29:13+00:00","breadcrumb":{"@id":"https:\/\/arsenal24.pl\/produkt\/karabinek-radical-firearms-rf-15-rpr10-105-5-56x45mm\/#breadcrumb"},"inLanguage":"uk","potentialAction":[{"@type":"ReadAction","target":["https:\/\/arsenal24.pl\/produkt\/karabinek-radical-firearms-rf-15-rpr10-105-5-56x45mm\/"]}]},{"@type":"ImageObject","inLanguage":"uk","@id":"https:\/\/arsenal24.pl\/produkt\/karabinek-radical-firearms-rf-15-rpr10-105-5-56x45mm\/#primaryimage","url":"https:\/\/arsenal24.pl\/wp-content\/uploads\/2025\/03\/photo_1-7.webp","contentUrl":"https:\/\/arsenal24.pl\/wp-content\/uploads\/2025\/03\/photo_1-7.webp","width":900,"height":900},{"@type":"BreadcrumbList","@id":"https:\/\/arsenal24.pl\/produkt\/karabinek-radical-firearms-rf-15-rpr10-105-5-56x45mm\/#breadcrumb","itemListElement":[{"@type":"ListItem","position":1,"name":"Strona g\u0142\u00f3wna","item":"https:\/\/arsenal24.pl\/"},{"@type":"ListItem","position":2,"name":"Sklep","item":"https:\/\/arsenal24.pl\/sklep\/"},{"@type":"ListItem","position":3,"name":"Karabinek Radical Firearms RF-15 RPR10 10,5&#8243; 5.56x45mm"}]},{"@type":"WebSite","@id":"https:\/\/arsenal24.pl\/#website","url":"https:\/\/arsenal24.pl\/","name":"\u0410\u0440\u0441\u0435\u043d\u0430\u043b - \u043c\u0430\u0433\u0430\u0437\u0438\u043d \u043f\u0440\u043e\u0444\u0435\u0441\u0456\u0439\u043d\u043e\u0457 \u0437\u0431\u0440\u043e\u0457 \u0442\u0430 \u0430\u043a\u0441\u0435\u0441\u0443\u0430\u0440\u0456\u0432","description":"","publisher":{"@id":"https:\/\/arsenal24.pl\/#organization"},"potentialAction":[{"@type":"SearchAction","target":{"@type":"EntryPoint","urlTemplate":"https:\/\/arsenal24.pl\/?s={search_term_string}"},"query-input":{"@type":"PropertyValueSpecification","valueRequired":true,"valueName":"search_term_string"}}],"inLanguage":"uk"},{"@type":"Organization","@id":"https:\/\/arsenal24.pl\/#organization","name":"\u0410\u0440\u0441\u0435\u043d\u0430\u043b - \u043c\u0430\u0433\u0430\u0437\u0438\u043d \u043f\u0440\u043e\u0444\u0435\u0441\u0456\u0439\u043d\u043e\u0457 \u0437\u0431\u0440\u043e\u0457 \u0442\u0430 \u0430\u043a\u0441\u0435\u0441\u0443\u0430\u0440\u0456\u0432","url":"https:\/\/arsenal24.pl\/","logo":{"@type":"ImageObject","inLanguage":"uk","@id":"https:\/\/arsenal24.pl\/#\/schema\/logo\/image\/","url":"https:\/\/server568771.nazwa.pl\/arse\/wp-content\/uploads\/2024\/03\/arsenal-24-logo.png","contentUrl":"https:\/\/server568771.nazwa.pl\/arse\/wp-content\/uploads\/2024\/03\/arsenal-24-logo.png","width":140,"height":140,"caption":"Arsena\u0142 - Profesjonalny sklep z broni\u0105 i akcesoriami"},"image":{"@id":"https:\/\/arsenal24.pl\/#\/schema\/logo\/image\/"},"sameAs":["https:\/\/www.facebook.com\/people\/Arsena-Sklep\/100035187290806\/?locale=pl_PL&paipv=0&eav=AfaBd4HS6M2sZy5PxVGmBIZx9hgg_97kXvqKJ8pngB-S_qRYY5xCeE23HjB7T-5FY6o&_rdr"]}]}},"_links":{"self":[{"href":"https:\/\/arsenal24.pl\/uk\/wp-json\/wp\/v2\/product\/6683","targetHints":{"allow":["GET"]}}],"collection":[{"href":"https:\/\/arsenal24.pl\/uk\/wp-json\/wp\/v2\/product"}],"about":[{"href":"https:\/\/arsenal24.pl\/uk\/wp-json\/wp\/v2\/types\/product"}],"version-history":[{"count":3,"href":"https:\/\/arsenal24.pl\/uk\/wp-json\/wp\/v2\/product\/6683\/revisions"}],"predecessor-version":[{"id":6690,"href":"https:\/\/arsenal24.pl\/uk\/wp-json\/wp\/v2\/product\/6683\/revisions\/6690"}],"wp:featuredmedia":[{"embeddable":true,"href":"https:\/\/arsenal24.pl\/uk\/wp-json\/wp\/v2\/media\/6684"}],"wp:attachment":[{"href":"https:\/\/arsenal24.pl\/uk\/wp-json\/wp\/v2\/media?parent=6683"}],"wp:term":[{"taxonomy":"brand","embeddable":true,"href":"https:\/\/arsenal24.pl\/uk\/wp-json\/wp\/v2\/etheme_brands?post=6683"},{"taxonomy":"product_brand","embeddable":true,"href":"https:\/\/arsenal24.pl\/uk\/wp-json\/wp\/v2\/product_brand?post=6683"},{"taxonomy":"product_cat","embeddable":true,"href":"https:\/\/arsenal24.pl\/uk\/wp-json\/wp\/v2\/product_cat?post=6683"},{"taxonomy":"product_tag","embeddable":true,"href":"https:\/\/arsenal24.pl\/uk\/wp-json\/wp\/v2\/product_tag?post=6683"}],"curies":[{"name":"wp","href":"https:\/\/api.w.org\/{rel}","templated":true}]}}