{"id":6603,"date":"2025-03-12T13:06:16","date_gmt":"2025-03-12T12:06:16","guid":{"rendered":"https:\/\/arsenal24.pl\/?post_type=product&#038;p=6603"},"modified":"2025-03-12T13:06:17","modified_gmt":"2025-03-12T12:06:17","slug":"amunicja-ggg-308-win-147gr-9-55g-fmj","status":"publish","type":"product","link":"https:\/\/arsenal24.pl\/uk\/product\/amunicja-ggg-308-win-147gr-9-55g-fmj\/","title":{"rendered":"Amunicja GGG .308 Win 147gr 9.55g FMJ"},"content":{"rendered":"<h3>\u0422\u0435\u0445\u043d\u0456\u0447\u043d\u0456 \u0434\u0430\u043d\u0456:<\/h3>\n<ul>\n<li><strong>Energia kinetyczna naboju [J]:<\/strong> 3375<\/li>\n<li><strong>Ilo\u015b\u0107 [szt.]: 20<\/strong><\/li>\n<li><strong>\u041a\u0430\u043b\u0456\u0431\u0440:\u00a0<\/strong>.308 Win<\/li>\n<li><strong>Spos\u00f3b zap\u0142onu:<\/strong>\u00a0nab\u00f3j centralnego zap\u0142onu<\/li>\n<li><strong>Typ pocisku:\u00a0<\/strong>Full Metal Jacket<\/li>\n<li><strong>Masa [gr]: <\/strong>147<\/li>\n<li><strong>Masa [g]: <\/strong>9,55<\/li>\n<li><strong>Producent:<\/strong>\u00a0GGG \u2013 Girait\u0117s Ginkluot\u0117s Gamykla, Litwa<\/li>\n<\/ul>","protected":false},"excerpt":{"rendered":"<p>\u0411\u043e\u0454\u043f\u0440\u0438\u043f\u0430\u0441\u0438\u00a0<strong>GGG kal. .308 Win 147 gr\/9.55 g FMJ<\/strong>\u00a0to karabinowa amunicja z pociskiem\u00a0<strong>pe\u0142nop\u0142aszczowym (Full Metal Jacket)<\/strong>\u00a0o wadze<strong> 147 gr (9.55 g)<\/strong>. Dzi\u0119ki swojej konstrukcji, doskonale nadaje si\u0119 do strzelania na \u015brednich oraz d\u0142ugich dystansach, w tym do cel\u00f3w treningowych i tarczowych.<\/p>\n<p>Opakowanie zawiera<strong> 20 sztuk amunicji<\/strong>.<\/p>\n<p>Idealna do wykorzystania w celach treningowych.<\/p>","protected":false},"featured_media":6604,"template":"","meta":[],"etheme_brands":[{"term_id":240,"name":"GGG","slug":"ggg","term_group":0,"term_taxonomy_id":240,"taxonomy":"brand","description":"","parent":0,"count":10,"filter":"raw"}],"product_brand":[],"product_cat":[230],"product_tag":[],"class_list":{"0":"post-6603","1":"product","2":"type-product","3":"status-publish","4":"has-post-thumbnail","6":"brand-ggg","7":"product_cat-amunicja-centralnego-zaplonu","9":"first","10":"instock","11":"shipping-taxable","12":"purchasable","13":"product-type-simple"},"yoast_head":"<!-- This site is optimized with the Yoast SEO Premium plugin v24.0 (Yoast SEO v26.0) - https:\/\/yoast.com\/wordpress\/plugins\/seo\/ -->\n<title>Amunicja GGG .308 Win 147gr 9.55g FMJ - Arsena\u0142 - Profesjonalny sklep z broni\u0105 i akcesoriami<\/title>\n<meta name=\"description\" content=\"Amunicja\u00a0GGG kal. .308 Win 147 gr\/9.55 g FMJ\u00a0to karabinowa amunicja z pociskiem\u00a0pe\u0142nop\u0142aszczowym (Full Metal Jacket)\u00a0o wadze 147 gr (9.55 g).\" \/>\n<meta name=\"robots\" content=\"index, follow, max-snippet:-1, max-image-preview:large, max-video-preview:-1\" \/>\n<link rel=\"canonical\" href=\"https:\/\/arsenal24.pl\/uk\/product\/amunicja-ggg-308-win-147gr-9-55g-fmj\/\" \/>\n<meta property=\"og:locale\" content=\"uk_UA\" \/>\n<meta property=\"og:type\" content=\"article\" \/>\n<meta property=\"og:title\" content=\"Amunicja GGG .308 Win 147gr 9.55g FMJ\" \/>\n<meta property=\"og:description\" content=\"Amunicja\u00a0GGG kal. .308 Win 147 gr\/9.55 g FMJ\u00a0to karabinowa amunicja z pociskiem\u00a0pe\u0142nop\u0142aszczowym (Full Metal Jacket)\u00a0o wadze 147 gr (9.55 g).\" \/>\n<meta property=\"og:url\" content=\"https:\/\/arsenal24.pl\/uk\/product\/amunicja-ggg-308-win-147gr-9-55g-fmj\/\" \/>\n<meta property=\"og:site_name\" content=\"Arsena\u0142 - Profesjonalny sklep z broni\u0105 i akcesoriami\" \/>\n<meta property=\"article:publisher\" content=\"https:\/\/www.facebook.com\/people\/Arsena-Sklep\/100035187290806\/?locale=pl_PL&amp;paipv=0&amp;eav=AfaBd4HS6M2sZy5PxVGmBIZx9hgg_97kXvqKJ8pngB-S_qRYY5xCeE23HjB7T-5FY6o&amp;_rdr\" \/>\n<meta property=\"article:modified_time\" content=\"2025-03-12T12:06:17+00:00\" \/>\n<meta property=\"og:image\" content=\"https:\/\/arsenal24.pl\/wp-content\/uploads\/2025\/03\/photo_1.webp\" \/>\n\t<meta property=\"og:image:width\" content=\"2500\" \/>\n\t<meta property=\"og:image:height\" content=\"2500\" \/>\n\t<meta property=\"og:image:type\" content=\"image\/webp\" \/>\n<meta name=\"twitter:card\" content=\"summary_large_image\" \/>\n<meta name=\"twitter:label1\" content=\"\u041f\u0440\u0438\u0431\u043b. \u0447\u0430\u0441 \u0447\u0438\u0442\u0430\u043d\u043d\u044f\" \/>\n\t<meta name=\"twitter:data1\" content=\"1 \u0445\u0432\u0438\u043b\u0438\u043d\u0430\" \/>\n<script type=\"application\/ld+json\" class=\"yoast-schema-graph\">{\"@context\":\"https:\/\/schema.org\",\"@graph\":[{\"@type\":\"WebPage\",\"@id\":\"https:\/\/arsenal24.pl\/produkt\/amunicja-ggg-308-win-147gr-9-55g-fmj\/\",\"url\":\"https:\/\/arsenal24.pl\/produkt\/amunicja-ggg-308-win-147gr-9-55g-fmj\/\",\"name\":\"Amunicja GGG .308 Win 147gr 9.55g FMJ - Arsena\u0142 - Profesjonalny sklep z broni\u0105 i akcesoriami\",\"isPartOf\":{\"@id\":\"https:\/\/arsenal24.pl\/#website\"},\"primaryImageOfPage\":{\"@id\":\"https:\/\/arsenal24.pl\/produkt\/amunicja-ggg-308-win-147gr-9-55g-fmj\/#primaryimage\"},\"image\":{\"@id\":\"https:\/\/arsenal24.pl\/produkt\/amunicja-ggg-308-win-147gr-9-55g-fmj\/#primaryimage\"},\"thumbnailUrl\":\"https:\/\/arsenal24.pl\/wp-content\/uploads\/2025\/03\/photo_1.webp\",\"datePublished\":\"2025-03-12T12:06:16+00:00\",\"dateModified\":\"2025-03-12T12:06:17+00:00\",\"description\":\"Amunicja\u00a0GGG kal. .308 Win 147 gr\/9.55 g FMJ\u00a0to karabinowa amunicja z pociskiem\u00a0pe\u0142nop\u0142aszczowym (Full Metal Jacket)\u00a0o wadze 147 gr (9.55 g).\",\"breadcrumb\":{\"@id\":\"https:\/\/arsenal24.pl\/produkt\/amunicja-ggg-308-win-147gr-9-55g-fmj\/#breadcrumb\"},\"inLanguage\":\"uk\",\"potentialAction\":[{\"@type\":\"ReadAction\",\"target\":[\"https:\/\/arsenal24.pl\/produkt\/amunicja-ggg-308-win-147gr-9-55g-fmj\/\"]}]},{\"@type\":\"ImageObject\",\"inLanguage\":\"uk\",\"@id\":\"https:\/\/arsenal24.pl\/produkt\/amunicja-ggg-308-win-147gr-9-55g-fmj\/#primaryimage\",\"url\":\"https:\/\/arsenal24.pl\/wp-content\/uploads\/2025\/03\/photo_1.webp\",\"contentUrl\":\"https:\/\/arsenal24.pl\/wp-content\/uploads\/2025\/03\/photo_1.webp\",\"width\":2500,\"height\":2500},{\"@type\":\"BreadcrumbList\",\"@id\":\"https:\/\/arsenal24.pl\/produkt\/amunicja-ggg-308-win-147gr-9-55g-fmj\/#breadcrumb\",\"itemListElement\":[{\"@type\":\"ListItem\",\"position\":1,\"name\":\"Strona g\u0142\u00f3wna\",\"item\":\"https:\/\/arsenal24.pl\/\"},{\"@type\":\"ListItem\",\"position\":2,\"name\":\"Sklep\",\"item\":\"https:\/\/arsenal24.pl\/sklep\/\"},{\"@type\":\"ListItem\",\"position\":3,\"name\":\"Amunicja GGG .308 Win 147gr 9.55g FMJ\"}]},{\"@type\":\"WebSite\",\"@id\":\"https:\/\/arsenal24.pl\/#website\",\"url\":\"https:\/\/arsenal24.pl\/\",\"name\":\"Arsena\u0142 - Profesjonalny sklep z broni\u0105 i akcesoriami\",\"description\":\"\",\"publisher\":{\"@id\":\"https:\/\/arsenal24.pl\/#organization\"},\"potentialAction\":[{\"@type\":\"SearchAction\",\"target\":{\"@type\":\"EntryPoint\",\"urlTemplate\":\"https:\/\/arsenal24.pl\/?s={search_term_string}\"},\"query-input\":{\"@type\":\"PropertyValueSpecification\",\"valueRequired\":true,\"valueName\":\"search_term_string\"}}],\"inLanguage\":\"uk\"},{\"@type\":\"Organization\",\"@id\":\"https:\/\/arsenal24.pl\/#organization\",\"name\":\"Arsena\u0142 - Profesjonalny sklep z broni\u0105 i akcesoriami\",\"url\":\"https:\/\/arsenal24.pl\/\",\"logo\":{\"@type\":\"ImageObject\",\"inLanguage\":\"uk\",\"@id\":\"https:\/\/arsenal24.pl\/#\/schema\/logo\/image\/\",\"url\":\"https:\/\/server568771.nazwa.pl\/arse\/wp-content\/uploads\/2024\/03\/arsenal-24-logo.png\",\"contentUrl\":\"https:\/\/server568771.nazwa.pl\/arse\/wp-content\/uploads\/2024\/03\/arsenal-24-logo.png\",\"width\":140,\"height\":140,\"caption\":\"Arsena\u0142 - Profesjonalny sklep z broni\u0105 i akcesoriami\"},\"image\":{\"@id\":\"https:\/\/arsenal24.pl\/#\/schema\/logo\/image\/\"},\"sameAs\":[\"https:\/\/www.facebook.com\/people\/Arsena-Sklep\/100035187290806\/?locale=pl_PL&paipv=0&eav=AfaBd4HS6M2sZy5PxVGmBIZx9hgg_97kXvqKJ8pngB-S_qRYY5xCeE23HjB7T-5FY6o&_rdr\"]}]}<\/script>\n<!-- \/ Yoast SEO Premium plugin. -->","yoast_head_json":{"title":"Amunicja GGG .308 Win 147gr 9.55g FMJ - Arsena\u0142 - Profesjonalny sklep z broni\u0105 i akcesoriami","description":"Amunicja\u00a0GGG kal. .308 Win 147 gr\/9.55 g FMJ\u00a0to karabinowa amunicja z pociskiem\u00a0pe\u0142nop\u0142aszczowym (Full Metal Jacket)\u00a0o wadze 147 gr (9.55 g).","robots":{"index":"index","follow":"follow","max-snippet":"max-snippet:-1","max-image-preview":"max-image-preview:large","max-video-preview":"max-video-preview:-1"},"canonical":"https:\/\/arsenal24.pl\/uk\/product\/amunicja-ggg-308-win-147gr-9-55g-fmj\/","og_locale":"uk_UA","og_type":"article","og_title":"Amunicja GGG .308 Win 147gr 9.55g FMJ","og_description":"Amunicja\u00a0GGG kal. .308 Win 147 gr\/9.55 g FMJ\u00a0to karabinowa amunicja z pociskiem\u00a0pe\u0142nop\u0142aszczowym (Full Metal Jacket)\u00a0o wadze 147 gr (9.55 g).","og_url":"https:\/\/arsenal24.pl\/uk\/product\/amunicja-ggg-308-win-147gr-9-55g-fmj\/","og_site_name":"Arsena\u0142 - Profesjonalny sklep z broni\u0105 i akcesoriami","article_publisher":"https:\/\/www.facebook.com\/people\/Arsena-Sklep\/100035187290806\/?locale=pl_PL&paipv=0&eav=AfaBd4HS6M2sZy5PxVGmBIZx9hgg_97kXvqKJ8pngB-S_qRYY5xCeE23HjB7T-5FY6o&_rdr","article_modified_time":"2025-03-12T12:06:17+00:00","og_image":[{"width":2500,"height":2500,"url":"https:\/\/arsenal24.pl\/wp-content\/uploads\/2025\/03\/photo_1.webp","type":"image\/webp"}],"twitter_card":"summary_large_image","twitter_misc":{"\u041f\u0440\u0438\u0431\u043b. \u0447\u0430\u0441 \u0447\u0438\u0442\u0430\u043d\u043d\u044f":"1 \u0445\u0432\u0438\u043b\u0438\u043d\u0430"},"schema":{"@context":"https:\/\/schema.org","@graph":[{"@type":"WebPage","@id":"https:\/\/arsenal24.pl\/produkt\/amunicja-ggg-308-win-147gr-9-55g-fmj\/","url":"https:\/\/arsenal24.pl\/produkt\/amunicja-ggg-308-win-147gr-9-55g-fmj\/","name":"Amunicja GGG .308 Win 147gr 9.55g FMJ - Arsena\u0142 - Profesjonalny sklep z broni\u0105 i akcesoriami","isPartOf":{"@id":"https:\/\/arsenal24.pl\/#website"},"primaryImageOfPage":{"@id":"https:\/\/arsenal24.pl\/produkt\/amunicja-ggg-308-win-147gr-9-55g-fmj\/#primaryimage"},"image":{"@id":"https:\/\/arsenal24.pl\/produkt\/amunicja-ggg-308-win-147gr-9-55g-fmj\/#primaryimage"},"thumbnailUrl":"https:\/\/arsenal24.pl\/wp-content\/uploads\/2025\/03\/photo_1.webp","datePublished":"2025-03-12T12:06:16+00:00","dateModified":"2025-03-12T12:06:17+00:00","description":"Amunicja\u00a0GGG kal. .308 Win 147 gr\/9.55 g FMJ\u00a0to karabinowa amunicja z pociskiem\u00a0pe\u0142nop\u0142aszczowym (Full Metal Jacket)\u00a0o wadze 147 gr (9.55 g).","breadcrumb":{"@id":"https:\/\/arsenal24.pl\/produkt\/amunicja-ggg-308-win-147gr-9-55g-fmj\/#breadcrumb"},"inLanguage":"uk","potentialAction":[{"@type":"ReadAction","target":["https:\/\/arsenal24.pl\/produkt\/amunicja-ggg-308-win-147gr-9-55g-fmj\/"]}]},{"@type":"ImageObject","inLanguage":"uk","@id":"https:\/\/arsenal24.pl\/produkt\/amunicja-ggg-308-win-147gr-9-55g-fmj\/#primaryimage","url":"https:\/\/arsenal24.pl\/wp-content\/uploads\/2025\/03\/photo_1.webp","contentUrl":"https:\/\/arsenal24.pl\/wp-content\/uploads\/2025\/03\/photo_1.webp","width":2500,"height":2500},{"@type":"BreadcrumbList","@id":"https:\/\/arsenal24.pl\/produkt\/amunicja-ggg-308-win-147gr-9-55g-fmj\/#breadcrumb","itemListElement":[{"@type":"ListItem","position":1,"name":"Strona g\u0142\u00f3wna","item":"https:\/\/arsenal24.pl\/"},{"@type":"ListItem","position":2,"name":"Sklep","item":"https:\/\/arsenal24.pl\/sklep\/"},{"@type":"ListItem","position":3,"name":"Amunicja GGG .308 Win 147gr 9.55g FMJ"}]},{"@type":"WebSite","@id":"https:\/\/arsenal24.pl\/#website","url":"https:\/\/arsenal24.pl\/","name":"\u0410\u0440\u0441\u0435\u043d\u0430\u043b - \u043c\u0430\u0433\u0430\u0437\u0438\u043d \u043f\u0440\u043e\u0444\u0435\u0441\u0456\u0439\u043d\u043e\u0457 \u0437\u0431\u0440\u043e\u0457 \u0442\u0430 \u0430\u043a\u0441\u0435\u0441\u0443\u0430\u0440\u0456\u0432","description":"","publisher":{"@id":"https:\/\/arsenal24.pl\/#organization"},"potentialAction":[{"@type":"SearchAction","target":{"@type":"EntryPoint","urlTemplate":"https:\/\/arsenal24.pl\/?s={search_term_string}"},"query-input":{"@type":"PropertyValueSpecification","valueRequired":true,"valueName":"search_term_string"}}],"inLanguage":"uk"},{"@type":"Organization","@id":"https:\/\/arsenal24.pl\/#organization","name":"\u0410\u0440\u0441\u0435\u043d\u0430\u043b - \u043c\u0430\u0433\u0430\u0437\u0438\u043d \u043f\u0440\u043e\u0444\u0435\u0441\u0456\u0439\u043d\u043e\u0457 \u0437\u0431\u0440\u043e\u0457 \u0442\u0430 \u0430\u043a\u0441\u0435\u0441\u0443\u0430\u0440\u0456\u0432","url":"https:\/\/arsenal24.pl\/","logo":{"@type":"ImageObject","inLanguage":"uk","@id":"https:\/\/arsenal24.pl\/#\/schema\/logo\/image\/","url":"https:\/\/server568771.nazwa.pl\/arse\/wp-content\/uploads\/2024\/03\/arsenal-24-logo.png","contentUrl":"https:\/\/server568771.nazwa.pl\/arse\/wp-content\/uploads\/2024\/03\/arsenal-24-logo.png","width":140,"height":140,"caption":"Arsena\u0142 - Profesjonalny sklep z broni\u0105 i akcesoriami"},"image":{"@id":"https:\/\/arsenal24.pl\/#\/schema\/logo\/image\/"},"sameAs":["https:\/\/www.facebook.com\/people\/Arsena-Sklep\/100035187290806\/?locale=pl_PL&paipv=0&eav=AfaBd4HS6M2sZy5PxVGmBIZx9hgg_97kXvqKJ8pngB-S_qRYY5xCeE23HjB7T-5FY6o&_rdr"]}]}},"_links":{"self":[{"href":"https:\/\/arsenal24.pl\/uk\/wp-json\/wp\/v2\/product\/6603","targetHints":{"allow":["GET"]}}],"collection":[{"href":"https:\/\/arsenal24.pl\/uk\/wp-json\/wp\/v2\/product"}],"about":[{"href":"https:\/\/arsenal24.pl\/uk\/wp-json\/wp\/v2\/types\/product"}],"version-history":[{"count":3,"href":"https:\/\/arsenal24.pl\/uk\/wp-json\/wp\/v2\/product\/6603\/revisions"}],"predecessor-version":[{"id":6609,"href":"https:\/\/arsenal24.pl\/uk\/wp-json\/wp\/v2\/product\/6603\/revisions\/6609"}],"wp:featuredmedia":[{"embeddable":true,"href":"https:\/\/arsenal24.pl\/uk\/wp-json\/wp\/v2\/media\/6604"}],"wp:attachment":[{"href":"https:\/\/arsenal24.pl\/uk\/wp-json\/wp\/v2\/media?parent=6603"}],"wp:term":[{"taxonomy":"brand","embeddable":true,"href":"https:\/\/arsenal24.pl\/uk\/wp-json\/wp\/v2\/etheme_brands?post=6603"},{"taxonomy":"product_brand","embeddable":true,"href":"https:\/\/arsenal24.pl\/uk\/wp-json\/wp\/v2\/product_brand?post=6603"},{"taxonomy":"product_cat","embeddable":true,"href":"https:\/\/arsenal24.pl\/uk\/wp-json\/wp\/v2\/product_cat?post=6603"},{"taxonomy":"product_tag","embeddable":true,"href":"https:\/\/arsenal24.pl\/uk\/wp-json\/wp\/v2\/product_tag?post=6603"}],"curies":[{"name":"wp","href":"https:\/\/api.w.org\/{rel}","templated":true}]}}