{"id":6425,"date":"2024-12-23T14:01:20","date_gmt":"2024-12-23T13:01:20","guid":{"rendered":"https:\/\/arsenal24.pl\/?post_type=product&#038;p=6425"},"modified":"2026-04-08T16:43:56","modified_gmt":"2026-04-08T14:43:56","slug":"karabinek-samopowtarzalny-pac103d-sporter-s-7-62x39","status":"publish","type":"product","link":"https:\/\/arsenal24.pl\/uk\/product\/karabinek-samopowtarzalny-pac103d-sporter-s-7-62x39\/","title":{"rendered":"Karabinek samopowtarzalny Pioneer Arms Corp PAC103D SPORTER S 7,62&#215;39"},"content":{"rendered":"<p><strong>Karabinek AKM Pioneer Arms Corp<\/strong> <strong>PAC103D SPORTER S<\/strong> to bro\u0144 typu AK o klasycznej konstrukcji, wzbogacona drewnianymi elementami. Bro\u0144 dzia\u0142a na zasadzie d\u0142ugiego skoku t\u0142oka, co umo\u017cliwia separacj\u0119 zanieczyszcze\u0144 powstaj\u0105cych podczas spalania prochu na t\u0142oku, a nie na zespole ruchomym. Dzi\u0119ki temu, <strong>PAC103D SPORTER S<\/strong> zapewnia niezawodn\u0105 prac\u0119, b\u0119d\u0105c wiernym przedstawicielem s\u0142ynnych konstrukcji AK.<\/p>\n<p><strong>\u0422\u0435\u0445\u043d\u0456\u0447\u043d\u0456 \u0434\u0430\u043d\u0456:<\/strong><\/p>\n<ul>\n<li><strong>\u041a\u0430\u043b\u0456\u0431\u0440:<\/strong> 7,62 x 39 mm<\/li>\n<li><strong>\u0414\u043e\u0432\u0436\u0438\u043d\u0430 \u0441\u0442\u0432\u043e\u043b\u0430:<\/strong> 415 mm<\/li>\n<li><strong>D\u0142ugo\u015b\u0107 broni:<\/strong> 880 mm<\/li>\n<li><strong>\u0417\u0440\u043e\u0441\u0442\u0430\u043d\u043d\u044f:<\/strong> ~180 mm<\/li>\n<li><strong>\u0412\u0430\u0433\u0430:<\/strong> 3400 g (nieza\u0142adowany)<\/li>\n<li><strong>Urz\u0105dzenie wylotowe:<\/strong> standardowy os\u0142abiacz podrzutu<\/li>\n<li><strong>Kolba:<\/strong> Sk\u0142adana<\/li>\n<li><strong>Chwyt:<\/strong> Polimerowy (zamiennik bakelitu)<\/li>\n<li><strong>\u0141o\u017ce:<\/strong> Drewniane<\/li>\n<li><strong>Produkcja:<\/strong> Pioneer Arms Corp, Polska<\/li>\n<\/ul>\n<p><strong>PAC103D<\/strong> to klasyczny przedstawiciel linii Sporter, opartej na konstrukcji AK47, z systemem gazowym d\u0142ugiego skoku t\u0142oka, kt\u00f3ry skutecznie oddziela gazy i zanieczyszczenia od komory zamkowej oraz zespo\u0142u ruchomego, co zwi\u0119ksza niezawodno\u015b\u0107 i trwa\u0142o\u015b\u0107 broni. Pierwotne karabinki Ka\u0142asznikowa zawiera\u0142y elementy zapo\u017cyczone z ameryka\u0144skich konstrukcji, dostosowanych do radzieckich warunk\u00f3w produkcyjnych. Dzi\u0119ki swojej solidnej konstrukcji, AK47 sta\u0142 si\u0119 broni\u0105 u\u017cywan\u0105 na ca\u0142ym \u015bwiecie, mimo pewnych niedoci\u0105gni\u0119\u0107 ergonomicznych.<\/p>\n<p>Model <strong>PAC103D<\/strong> wyposa\u017cono w luf\u0119 wykonan\u0105 w technologii przeci\u0105gania, co zapewnia wy\u017csz\u0105 precyzj\u0119 i d\u0142u\u017csz\u0105 \u017cywotno\u015b\u0107. Suwad\u0142o jest odlewane i obrabiane CNC, co zwi\u0119ksza jego wytrzyma\u0142o\u015b\u0107, a dodatkowo wzmocniono ogon suwad\u0142a oraz azotowano t\u0142ok, co wp\u0142ywa na jego trwa\u0142o\u015b\u0107.<\/p>\n<p>Bro\u0144 jest produkowana zgodnie ze standardami wojskowymi, co zapewnia dost\u0119pno\u015b\u0107 szerokiej gamy akcesori\u00f3w, cz\u0119\u015bci zamiennych i innych element\u00f3w. Model PAC103D jest bardzo zbli\u017cony do oryginalnego AKM, z drewnian\u0105 kolb\u0105 z zaczepem do pasa, drewnianym \u0142o\u017cem i os\u0142on\u0105 rury gazowej. Zmodyfikowano jedynie chwyt, kt\u00f3ry jest wykonany z polimeru zamiast bakelitu. Drewniane elementy karabinka wykonane s\u0105 z wytrzyma\u0142ego laminatu, olejowanego dla dodatkowej ochrony, co nadaje broni klasyczny wygl\u0105d.<\/p>\n<p>PAC103D to nowoczesna adaptacja klasycznego AK47, \u0142\u0105cz\u0105ca niezawodno\u015b\u0107 i wytrzyma\u0142o\u015b\u0107 z mo\u017cliwo\u015bci\u0105 szerokiej personalizacji. Dzi\u0119ki zastosowaniu nowoczesnych materia\u0142\u00f3w i technologii, karabinek jest odpowiedni zar\u00f3wno dla entuzjast\u00f3w strzelectwa, jak i profesjonalist\u00f3w.<\/p>\n<p>Nazwa \u201ePAC\u201d pochodzi od Pioneer Arms Corp, producenta, kt\u00f3ry wykorzysta\u0142 swoj\u0105 lini\u0119 produkcyjn\u0105 do produkcji karabin\u00f3w AK oraz stworzenia marki AK from Radom. Firma dostrzeg\u0142a rosn\u0105ce zainteresowanie klonami AK47 oraz popularno\u015bci\u0105 platformy AR w Polsce, co sk\u0142oni\u0142o j\u0105 do stworzenia modeli karabink\u00f3w AR-15 (PAC15), pocz\u0105tkowo bazuj\u0105cych na specyfikacji MIL-SPEC i skierowanych do segmentu bud\u017cetowego. W miar\u0119 up\u0142ywu czasu firma rozwija\u0142a swoje produkty, czego przyk\u0142adem jest trzecia generacja tych karabink\u00f3w.<\/p>\n<p><strong>W sk\u0142ad zestawu wchodzi:<\/strong><\/p>\n<ul>\n<li>Karabinek AKM Pioneer Arms Corp PAC103D SPORTER S 7,62&#215;39 mm &#8211; drewno<\/li>\n<\/ul>","protected":false},"excerpt":{"rendered":"<p><strong>Karabinek AKM Pioneer Arms Corp PAC103D SPORTER S w kalibrze 7,62&#215;39 mm<\/strong> to wysokiej jako\u015bci bro\u0144 typu AK, oparta na klasycznej konstrukcji, wzbogacona o drewniane akcenty. System gazowy oparty na d\u0142ugim skoku t\u0142oka zapewnia efektywne oddzielanie zanieczyszcze\u0144 powstaj\u0105cych podczas spalania prochu, kt\u00f3re osadzaj\u0105 si\u0119 na t\u0142oku, a nie na zespole ruchomym. Dzi\u0119ki temu, karabinek charakteryzuje si\u0119 niezawodno\u015bci\u0105, typow\u0105 dla konstrukcji AK.<\/p>","protected":false},"featured_media":7517,"template":"","meta":[],"etheme_brands":[{"term_id":261,"name":"Pioneer Arms Corp","slug":"pioneer-arms-corp","term_group":0,"term_taxonomy_id":261,"taxonomy":"brand","description":"","parent":0,"count":10,"filter":"raw"}],"product_brand":[262,250],"product_cat":[100],"product_tag":[],"class_list":{"0":"post-6425","1":"product","2":"type-product","3":"status-publish","4":"has-post-thumbnail","6":"brand-pioneer-arms-corp","7":"product_brand-pioneer-arms-corp","8":"product_brand-svrn","9":"product_cat-bron-sportowa","11":"first","12":"instock","13":"shipping-taxable","14":"purchasable","15":"product-type-simple"},"yoast_head":"<!-- This site is optimized with the Yoast SEO Premium plugin v24.0 (Yoast SEO v26.0) - https:\/\/yoast.com\/wordpress\/plugins\/seo\/ -->\n<title>Karabinek samopowtarzalny PAC103D SPORTER S 7.62x39<\/title>\n<meta name=\"description\" content=\"Karabinek AKM PAC103D SPORTER S w kalibrze 7,62x39 mm to wysokiej jako\u015bci bro\u0144 typu AK, oparta na klasycznej konstrukcji, wzbogacona o drewniane akcenty.\" \/>\n<meta name=\"robots\" content=\"index, follow, max-snippet:-1, max-image-preview:large, max-video-preview:-1\" \/>\n<link rel=\"canonical\" href=\"https:\/\/arsenal24.pl\/uk\/product\/karabinek-samopowtarzalny-pac103d-sporter-s-7-62x39\/\" \/>\n<meta property=\"og:locale\" content=\"uk_UA\" \/>\n<meta property=\"og:type\" content=\"article\" \/>\n<meta property=\"og:title\" content=\"Karabinek samopowtarzalny Pioneer Arms Corp PAC103D SPORTER S 7,62x39\" \/>\n<meta property=\"og:description\" content=\"Karabinek AKM PAC103D SPORTER S w kalibrze 7,62x39 mm to wysokiej jako\u015bci bro\u0144 typu AK, oparta na klasycznej konstrukcji, wzbogacona o drewniane akcenty.\" \/>\n<meta property=\"og:url\" content=\"https:\/\/arsenal24.pl\/uk\/product\/karabinek-samopowtarzalny-pac103d-sporter-s-7-62x39\/\" \/>\n<meta property=\"og:site_name\" content=\"Arsena\u0142 - Profesjonalny sklep z broni\u0105 i akcesoriami\" \/>\n<meta property=\"article:publisher\" content=\"https:\/\/www.facebook.com\/people\/Arsena-Sklep\/100035187290806\/?locale=pl_PL&amp;paipv=0&amp;eav=AfaBd4HS6M2sZy5PxVGmBIZx9hgg_97kXvqKJ8pngB-S_qRYY5xCeE23HjB7T-5FY6o&amp;_rdr\" \/>\n<meta property=\"article:modified_time\" content=\"2026-04-08T14:43:56+00:00\" \/>\n<meta property=\"og:image\" content=\"https:\/\/arsenal24.pl\/wp-content\/uploads\/2024\/12\/karabinek-akms-pioneer-arms-corp-pac-103d-sporter-s-kal-762x39-mm.webp\" \/>\n\t<meta property=\"og:image:width\" content=\"1100\" \/>\n\t<meta property=\"og:image:height\" content=\"1100\" \/>\n\t<meta property=\"og:image:type\" content=\"image\/webp\" \/>\n<meta name=\"twitter:card\" content=\"summary_large_image\" \/>\n<meta name=\"twitter:label1\" content=\"\u041f\u0440\u0438\u0431\u043b. \u0447\u0430\u0441 \u0447\u0438\u0442\u0430\u043d\u043d\u044f\" \/>\n\t<meta name=\"twitter:data1\" content=\"3 \u0445\u0432\u0438\u043b\u0438\u043d\u0438\" \/>\n<script type=\"application\/ld+json\" class=\"yoast-schema-graph\">{\"@context\":\"https:\/\/schema.org\",\"@graph\":[{\"@type\":\"WebPage\",\"@id\":\"https:\/\/arsenal24.pl\/produkt\/karabinek-samopowtarzalny-pac103d-sporter-s-7-62x39\/\",\"url\":\"https:\/\/arsenal24.pl\/produkt\/karabinek-samopowtarzalny-pac103d-sporter-s-7-62x39\/\",\"name\":\"Karabinek samopowtarzalny PAC103D SPORTER S 7.62x39\",\"isPartOf\":{\"@id\":\"https:\/\/arsenal24.pl\/#website\"},\"primaryImageOfPage\":{\"@id\":\"https:\/\/arsenal24.pl\/produkt\/karabinek-samopowtarzalny-pac103d-sporter-s-7-62x39\/#primaryimage\"},\"image\":{\"@id\":\"https:\/\/arsenal24.pl\/produkt\/karabinek-samopowtarzalny-pac103d-sporter-s-7-62x39\/#primaryimage\"},\"thumbnailUrl\":\"https:\/\/arsenal24.pl\/wp-content\/uploads\/2024\/12\/karabinek-akms-pioneer-arms-corp-pac-103d-sporter-s-kal-762x39-mm.webp\",\"datePublished\":\"2024-12-23T13:01:20+00:00\",\"dateModified\":\"2026-04-08T14:43:56+00:00\",\"description\":\"Karabinek AKM PAC103D SPORTER S w kalibrze 7,62x39 mm to wysokiej jako\u015bci bro\u0144 typu AK, oparta na klasycznej konstrukcji, wzbogacona o drewniane akcenty.\",\"breadcrumb\":{\"@id\":\"https:\/\/arsenal24.pl\/produkt\/karabinek-samopowtarzalny-pac103d-sporter-s-7-62x39\/#breadcrumb\"},\"inLanguage\":\"uk\",\"potentialAction\":[{\"@type\":\"ReadAction\",\"target\":[\"https:\/\/arsenal24.pl\/produkt\/karabinek-samopowtarzalny-pac103d-sporter-s-7-62x39\/\"]}]},{\"@type\":\"ImageObject\",\"inLanguage\":\"uk\",\"@id\":\"https:\/\/arsenal24.pl\/produkt\/karabinek-samopowtarzalny-pac103d-sporter-s-7-62x39\/#primaryimage\",\"url\":\"https:\/\/arsenal24.pl\/wp-content\/uploads\/2024\/12\/karabinek-akms-pioneer-arms-corp-pac-103d-sporter-s-kal-762x39-mm.webp\",\"contentUrl\":\"https:\/\/arsenal24.pl\/wp-content\/uploads\/2024\/12\/karabinek-akms-pioneer-arms-corp-pac-103d-sporter-s-kal-762x39-mm.webp\",\"width\":1100,\"height\":1100},{\"@type\":\"BreadcrumbList\",\"@id\":\"https:\/\/arsenal24.pl\/produkt\/karabinek-samopowtarzalny-pac103d-sporter-s-7-62x39\/#breadcrumb\",\"itemListElement\":[{\"@type\":\"ListItem\",\"position\":1,\"name\":\"Strona g\u0142\u00f3wna\",\"item\":\"https:\/\/arsenal24.pl\/\"},{\"@type\":\"ListItem\",\"position\":2,\"name\":\"Sklep\",\"item\":\"https:\/\/arsenal24.pl\/sklep\/\"},{\"@type\":\"ListItem\",\"position\":3,\"name\":\"Karabinek samopowtarzalny Pioneer Arms Corp PAC103D SPORTER S 7,62&#215;39\"}]},{\"@type\":\"WebSite\",\"@id\":\"https:\/\/arsenal24.pl\/#website\",\"url\":\"https:\/\/arsenal24.pl\/\",\"name\":\"Arsena\u0142 - Profesjonalny sklep z broni\u0105 i akcesoriami\",\"description\":\"\",\"publisher\":{\"@id\":\"https:\/\/arsenal24.pl\/#organization\"},\"potentialAction\":[{\"@type\":\"SearchAction\",\"target\":{\"@type\":\"EntryPoint\",\"urlTemplate\":\"https:\/\/arsenal24.pl\/?s={search_term_string}\"},\"query-input\":{\"@type\":\"PropertyValueSpecification\",\"valueRequired\":true,\"valueName\":\"search_term_string\"}}],\"inLanguage\":\"uk\"},{\"@type\":\"Organization\",\"@id\":\"https:\/\/arsenal24.pl\/#organization\",\"name\":\"Arsena\u0142 - Profesjonalny sklep z broni\u0105 i akcesoriami\",\"url\":\"https:\/\/arsenal24.pl\/\",\"logo\":{\"@type\":\"ImageObject\",\"inLanguage\":\"uk\",\"@id\":\"https:\/\/arsenal24.pl\/#\/schema\/logo\/image\/\",\"url\":\"https:\/\/server568771.nazwa.pl\/arse\/wp-content\/uploads\/2024\/03\/arsenal-24-logo.png\",\"contentUrl\":\"https:\/\/server568771.nazwa.pl\/arse\/wp-content\/uploads\/2024\/03\/arsenal-24-logo.png\",\"width\":140,\"height\":140,\"caption\":\"Arsena\u0142 - Profesjonalny sklep z broni\u0105 i akcesoriami\"},\"image\":{\"@id\":\"https:\/\/arsenal24.pl\/#\/schema\/logo\/image\/\"},\"sameAs\":[\"https:\/\/www.facebook.com\/people\/Arsena-Sklep\/100035187290806\/?locale=pl_PL&paipv=0&eav=AfaBd4HS6M2sZy5PxVGmBIZx9hgg_97kXvqKJ8pngB-S_qRYY5xCeE23HjB7T-5FY6o&_rdr\"]}]}<\/script>\n<!-- \/ Yoast SEO Premium plugin. -->","yoast_head_json":{"title":"Karabinek samopowtarzalny PAC103D SPORTER S 7.62x39","description":"Karabinek AKM PAC103D SPORTER S w kalibrze 7,62x39 mm to wysokiej jako\u015bci bro\u0144 typu AK, oparta na klasycznej konstrukcji, wzbogacona o drewniane akcenty.","robots":{"index":"index","follow":"follow","max-snippet":"max-snippet:-1","max-image-preview":"max-image-preview:large","max-video-preview":"max-video-preview:-1"},"canonical":"https:\/\/arsenal24.pl\/uk\/product\/karabinek-samopowtarzalny-pac103d-sporter-s-7-62x39\/","og_locale":"uk_UA","og_type":"article","og_title":"Karabinek samopowtarzalny Pioneer Arms Corp PAC103D SPORTER S 7,62x39","og_description":"Karabinek AKM PAC103D SPORTER S w kalibrze 7,62x39 mm to wysokiej jako\u015bci bro\u0144 typu AK, oparta na klasycznej konstrukcji, wzbogacona o drewniane akcenty.","og_url":"https:\/\/arsenal24.pl\/uk\/product\/karabinek-samopowtarzalny-pac103d-sporter-s-7-62x39\/","og_site_name":"Arsena\u0142 - Profesjonalny sklep z broni\u0105 i akcesoriami","article_publisher":"https:\/\/www.facebook.com\/people\/Arsena-Sklep\/100035187290806\/?locale=pl_PL&paipv=0&eav=AfaBd4HS6M2sZy5PxVGmBIZx9hgg_97kXvqKJ8pngB-S_qRYY5xCeE23HjB7T-5FY6o&_rdr","article_modified_time":"2026-04-08T14:43:56+00:00","og_image":[{"width":1100,"height":1100,"url":"https:\/\/arsenal24.pl\/wp-content\/uploads\/2024\/12\/karabinek-akms-pioneer-arms-corp-pac-103d-sporter-s-kal-762x39-mm.webp","type":"image\/webp"}],"twitter_card":"summary_large_image","twitter_misc":{"\u041f\u0440\u0438\u0431\u043b. \u0447\u0430\u0441 \u0447\u0438\u0442\u0430\u043d\u043d\u044f":"3 \u0445\u0432\u0438\u043b\u0438\u043d\u0438"},"schema":{"@context":"https:\/\/schema.org","@graph":[{"@type":"WebPage","@id":"https:\/\/arsenal24.pl\/produkt\/karabinek-samopowtarzalny-pac103d-sporter-s-7-62x39\/","url":"https:\/\/arsenal24.pl\/produkt\/karabinek-samopowtarzalny-pac103d-sporter-s-7-62x39\/","name":"Karabinek samopowtarzalny PAC103D SPORTER S 7.62x39","isPartOf":{"@id":"https:\/\/arsenal24.pl\/#website"},"primaryImageOfPage":{"@id":"https:\/\/arsenal24.pl\/produkt\/karabinek-samopowtarzalny-pac103d-sporter-s-7-62x39\/#primaryimage"},"image":{"@id":"https:\/\/arsenal24.pl\/produkt\/karabinek-samopowtarzalny-pac103d-sporter-s-7-62x39\/#primaryimage"},"thumbnailUrl":"https:\/\/arsenal24.pl\/wp-content\/uploads\/2024\/12\/karabinek-akms-pioneer-arms-corp-pac-103d-sporter-s-kal-762x39-mm.webp","datePublished":"2024-12-23T13:01:20+00:00","dateModified":"2026-04-08T14:43:56+00:00","description":"Karabinek AKM PAC103D SPORTER S w kalibrze 7,62x39 mm to wysokiej jako\u015bci bro\u0144 typu AK, oparta na klasycznej konstrukcji, wzbogacona o drewniane akcenty.","breadcrumb":{"@id":"https:\/\/arsenal24.pl\/produkt\/karabinek-samopowtarzalny-pac103d-sporter-s-7-62x39\/#breadcrumb"},"inLanguage":"uk","potentialAction":[{"@type":"ReadAction","target":["https:\/\/arsenal24.pl\/produkt\/karabinek-samopowtarzalny-pac103d-sporter-s-7-62x39\/"]}]},{"@type":"ImageObject","inLanguage":"uk","@id":"https:\/\/arsenal24.pl\/produkt\/karabinek-samopowtarzalny-pac103d-sporter-s-7-62x39\/#primaryimage","url":"https:\/\/arsenal24.pl\/wp-content\/uploads\/2024\/12\/karabinek-akms-pioneer-arms-corp-pac-103d-sporter-s-kal-762x39-mm.webp","contentUrl":"https:\/\/arsenal24.pl\/wp-content\/uploads\/2024\/12\/karabinek-akms-pioneer-arms-corp-pac-103d-sporter-s-kal-762x39-mm.webp","width":1100,"height":1100},{"@type":"BreadcrumbList","@id":"https:\/\/arsenal24.pl\/produkt\/karabinek-samopowtarzalny-pac103d-sporter-s-7-62x39\/#breadcrumb","itemListElement":[{"@type":"ListItem","position":1,"name":"Strona g\u0142\u00f3wna","item":"https:\/\/arsenal24.pl\/"},{"@type":"ListItem","position":2,"name":"Sklep","item":"https:\/\/arsenal24.pl\/sklep\/"},{"@type":"ListItem","position":3,"name":"Karabinek samopowtarzalny Pioneer Arms Corp PAC103D SPORTER S 7,62&#215;39"}]},{"@type":"WebSite","@id":"https:\/\/arsenal24.pl\/#website","url":"https:\/\/arsenal24.pl\/","name":"\u0410\u0440\u0441\u0435\u043d\u0430\u043b - \u043c\u0430\u0433\u0430\u0437\u0438\u043d \u043f\u0440\u043e\u0444\u0435\u0441\u0456\u0439\u043d\u043e\u0457 \u0437\u0431\u0440\u043e\u0457 \u0442\u0430 \u0430\u043a\u0441\u0435\u0441\u0443\u0430\u0440\u0456\u0432","description":"","publisher":{"@id":"https:\/\/arsenal24.pl\/#organization"},"potentialAction":[{"@type":"SearchAction","target":{"@type":"EntryPoint","urlTemplate":"https:\/\/arsenal24.pl\/?s={search_term_string}"},"query-input":{"@type":"PropertyValueSpecification","valueRequired":true,"valueName":"search_term_string"}}],"inLanguage":"uk"},{"@type":"Organization","@id":"https:\/\/arsenal24.pl\/#organization","name":"\u0410\u0440\u0441\u0435\u043d\u0430\u043b - \u043c\u0430\u0433\u0430\u0437\u0438\u043d \u043f\u0440\u043e\u0444\u0435\u0441\u0456\u0439\u043d\u043e\u0457 \u0437\u0431\u0440\u043e\u0457 \u0442\u0430 \u0430\u043a\u0441\u0435\u0441\u0443\u0430\u0440\u0456\u0432","url":"https:\/\/arsenal24.pl\/","logo":{"@type":"ImageObject","inLanguage":"uk","@id":"https:\/\/arsenal24.pl\/#\/schema\/logo\/image\/","url":"https:\/\/server568771.nazwa.pl\/arse\/wp-content\/uploads\/2024\/03\/arsenal-24-logo.png","contentUrl":"https:\/\/server568771.nazwa.pl\/arse\/wp-content\/uploads\/2024\/03\/arsenal-24-logo.png","width":140,"height":140,"caption":"Arsena\u0142 - Profesjonalny sklep z broni\u0105 i akcesoriami"},"image":{"@id":"https:\/\/arsenal24.pl\/#\/schema\/logo\/image\/"},"sameAs":["https:\/\/www.facebook.com\/people\/Arsena-Sklep\/100035187290806\/?locale=pl_PL&paipv=0&eav=AfaBd4HS6M2sZy5PxVGmBIZx9hgg_97kXvqKJ8pngB-S_qRYY5xCeE23HjB7T-5FY6o&_rdr"]}]}},"_links":{"self":[{"href":"https:\/\/arsenal24.pl\/uk\/wp-json\/wp\/v2\/product\/6425","targetHints":{"allow":["GET"]}}],"collection":[{"href":"https:\/\/arsenal24.pl\/uk\/wp-json\/wp\/v2\/product"}],"about":[{"href":"https:\/\/arsenal24.pl\/uk\/wp-json\/wp\/v2\/types\/product"}],"version-history":[{"count":4,"href":"https:\/\/arsenal24.pl\/uk\/wp-json\/wp\/v2\/product\/6425\/revisions"}],"predecessor-version":[{"id":7519,"href":"https:\/\/arsenal24.pl\/uk\/wp-json\/wp\/v2\/product\/6425\/revisions\/7519"}],"wp:featuredmedia":[{"embeddable":true,"href":"https:\/\/arsenal24.pl\/uk\/wp-json\/wp\/v2\/media\/7517"}],"wp:attachment":[{"href":"https:\/\/arsenal24.pl\/uk\/wp-json\/wp\/v2\/media?parent=6425"}],"wp:term":[{"taxonomy":"brand","embeddable":true,"href":"https:\/\/arsenal24.pl\/uk\/wp-json\/wp\/v2\/etheme_brands?post=6425"},{"taxonomy":"product_brand","embeddable":true,"href":"https:\/\/arsenal24.pl\/uk\/wp-json\/wp\/v2\/product_brand?post=6425"},{"taxonomy":"product_cat","embeddable":true,"href":"https:\/\/arsenal24.pl\/uk\/wp-json\/wp\/v2\/product_cat?post=6425"},{"taxonomy":"product_tag","embeddable":true,"href":"https:\/\/arsenal24.pl\/uk\/wp-json\/wp\/v2\/product_tag?post=6425"}],"curies":[{"name":"wp","href":"https:\/\/api.w.org\/{rel}","templated":true}]}}