{"id":6355,"date":"2024-12-19T15:34:44","date_gmt":"2024-12-19T14:34:44","guid":{"rendered":"https:\/\/arsenal24.pl\/?post_type=product&#038;p=6355"},"modified":"2024-12-19T16:30:46","modified_gmt":"2024-12-19T15:30:46","slug":"pistolet-cz-p-09-c-nocturne-sr-9x19-arsenal-sklep","status":"publish","type":"product","link":"https:\/\/arsenal24.pl\/uk\/product\/pistolet-cz-p-09-c-nocturne-sr-9x19-arsenal-sklep\/","title":{"rendered":"Pistolet CZ P-09 C Nocturne SR 9x19mm"},"content":{"rendered":"<p>Wersja <strong>CZ P-09 F\/C SR NOCTURNE<\/strong>, przystosowana do monta\u017cu t\u0142umika, posiada wyd\u0142u\u017con\u0105 luf\u0119 z <strong>gwintem 1\/2\u201d \u00d7 28 UNEF \u2013 3A<\/strong>, co u\u0142atwia szybki monta\u017c r\u00f3\u017cnych t\u0142umik\u00f3w.<\/p>\n<p>&nbsp;<\/p>\n<p><strong>Nowo\u015bci:<\/strong><\/p>\n<ul>\n<li>Zaktualizowany wz\u00f3r tekstury dla lepszej przyczepno\u015bci<\/li>\n<li>Dodatkowe teksturowane strefy na uchwycie, zapewniaj\u0105ce pewniejszy chwyt<\/li>\n<li>Nowe wci\u0119cie pod <strong>Optics-Ready<\/strong>, kompatybilne z monta\u017cem kolimator\u00f3w<strong> Shield RMS<\/strong> oraz <strong>Holosun K<\/strong><\/li>\n<li>Tr\u00f3jpunktowe przyrz\u0105dy mechaniczne z luminescencyjnymi kropkami<\/li>\n<li>Ulepszone naci\u0119cia na przedzie zamka u\u0142atwiaj\u0105ce prze\u0142adowanie<\/li>\n<li>Zmodernizowany obustronny decocker oraz nastawny bezpiecznik<\/li>\n<\/ul>\n<p><strong>Elementy przej\u0119te z CZ P-07 i P-09:<\/strong><\/p>\n<ul>\n<li>Lufa kuta na zimno<\/li>\n<li>Mechanizm spustowy Omega SA\/DA<\/li>\n<li>Wymienne, obur\u0119czne d\u017awignie decockera oraz nastawnego bezpiecznika<\/li>\n<li>Niezawodno\u015b\u0107 z r\u00f3\u017cnymi rodzajami amunicji<\/li>\n<li>Stabilna rama polimerowa wzmocniona w\u0142\u00f3knem szklanym<\/li>\n<li>Szyna MIL-STD-1913 do monta\u017cu akcesori\u00f3w<\/li>\n<li>Trzy wymienne nak\u0142adki chwytu<\/li>\n<\/ul>\n<p><strong>Dane techniczne CZ P-09 C NOCTURNE SR:<\/strong><\/p>\n<ul>\n<li><strong>\u0420\u043e\u0437\u043c\u0456\u0440\u0438:<\/strong> 137 \u00d7 37 \u00d7 207 mm<\/li>\n<li><strong>\u0414\u043e\u0432\u0436\u0438\u043d\u0430 \u0441\u0442\u0432\u043e\u043b\u0430:<\/strong> 115 mm<\/li>\n<li><strong>Waga z pustym magazynkiem:<\/strong> 807 g<\/li>\n<li><strong>\u041d\u0438\u0442\u043a\u0438:<\/strong> 1\/2&#215;28 UNEF -3A<\/li>\n<li><strong>\u041a\u0430\u043b\u0456\u0431\u0440:<\/strong> 9&#215;19<\/li>\n<li><strong>\u0404\u043c\u043d\u0456\u0441\u0442\u044c \u043c\u0430\u0433\u0430\u0437\u0438\u043d\u0443:<\/strong> 15<\/li>\n<li><strong>Przyrz\u0105dy:<\/strong> luminescencyjne | Trytowe<\/li>\n<li><strong>Spust:<\/strong> SA\/DA<\/li>\n<li><strong>\u0425\u0440\u0435\u0431\u0435\u0442:<\/strong> Polimer wzmocniony w\u0142\u00f3knem szklanym<\/li>\n<li><strong>Rozmiar:<\/strong> COMPACT<\/li>\n<li><strong>Ci\u0119\u017car spustu:<\/strong> SA: 21 N, DA: 44\u00b12 N<\/li>\n<li><strong>Droga spustu [mm]:<\/strong> SA: 10\u00b11, DA: 13\u00b12<\/li>\n<li><strong>Reset spustu [mm]:<\/strong> 7\u00b11<\/li>\n<\/ul>","protected":false},"excerpt":{"rendered":"<p><strong>Trzecia generacja<\/strong> popularnej serii pistolet\u00f3w polimerowych z mechanizmem spustowym <strong>OMEGA SA\/DA<\/strong>, obejmuj\u0105ca modele <strong>CZ P-09 NOCTURNE F (pe\u0142nowymiarowy) oraz C (kompaktowy)<\/strong>, \u0142\u0105czy cechy poprzednich wersji <strong>CZ P-07\/09<\/strong>, wprowadzaj\u0105c jednocze\u015bnie nowe rozwi\u0105zania. Nowe modele oferuj\u0105 <strong>poprawion\u0105 ergonomi\u0119<\/strong> i mo\u017cliwo\u015b\u0107 <strong>monta\u017cu kolimatora<\/strong> bez konieczno\u015bci u\u017cywania dodatkowej p\u0142ytki.<\/p>","protected":false},"featured_media":6364,"template":"","meta":[],"etheme_brands":[{"term_id":50,"name":"\u010cesk\u00e1 zbrojovka","slug":"ceska-zbrojovka","term_group":0,"term_taxonomy_id":50,"taxonomy":"brand","description":"","parent":0,"count":8,"filter":"raw"}],"product_brand":[],"product_cat":[49],"product_tag":[],"class_list":{"0":"post-6355","1":"product","2":"type-product","3":"status-publish","4":"has-post-thumbnail","6":"brand-ceska-zbrojovka","7":"product_cat-bron-krotka","9":"first","10":"instock","11":"shipping-taxable","12":"purchasable","13":"product-type-simple"},"yoast_head":"<!-- This site is optimized with the Yoast SEO Premium plugin v24.0 (Yoast SEO v26.0) - https:\/\/yoast.com\/wordpress\/plugins\/seo\/ -->\n<title>Pistolet CZ P-09 C Nocturne SR 9x19 - Arsena\u0142 Sklep<\/title>\n<meta name=\"description\" content=\"Wersja CZ P-09 F\/C SR NOCTURNE, przystosowana do monta\u017cu t\u0142umika, posiada wyd\u0142u\u017con\u0105 luf\u0119 z gwintem 1\/2\u201d \u00d7 28 UNEF \u2013 3A, co u\u0142atwia szybki monta\u017c t\u0142umik\u00f3w.\" \/>\n<meta name=\"robots\" content=\"index, follow, max-snippet:-1, max-image-preview:large, max-video-preview:-1\" \/>\n<link rel=\"canonical\" href=\"https:\/\/arsenal24.pl\/uk\/product\/pistolet-cz-p-09-c-nocturne-sr-9x19-arsenal-sklep\/\" \/>\n<meta property=\"og:locale\" content=\"uk_UA\" \/>\n<meta property=\"og:type\" content=\"article\" \/>\n<meta property=\"og:title\" content=\"Pistolet CZ P-09 C Nocturne SR 9x19mm\" \/>\n<meta property=\"og:description\" content=\"Wersja CZ P-09 F\/C SR NOCTURNE, przystosowana do monta\u017cu t\u0142umika, posiada wyd\u0142u\u017con\u0105 luf\u0119 z gwintem 1\/2\u201d \u00d7 28 UNEF \u2013 3A, co u\u0142atwia szybki monta\u017c t\u0142umik\u00f3w.\" \/>\n<meta property=\"og:url\" content=\"https:\/\/arsenal24.pl\/uk\/product\/pistolet-cz-p-09-c-nocturne-sr-9x19-arsenal-sklep\/\" \/>\n<meta property=\"og:site_name\" content=\"Arsena\u0142 - Profesjonalny sklep z broni\u0105 i akcesoriami\" \/>\n<meta property=\"article:publisher\" content=\"https:\/\/www.facebook.com\/people\/Arsena-Sklep\/100035187290806\/?locale=pl_PL&amp;paipv=0&amp;eav=AfaBd4HS6M2sZy5PxVGmBIZx9hgg_97kXvqKJ8pngB-S_qRYY5xCeE23HjB7T-5FY6o&amp;_rdr\" \/>\n<meta property=\"article:modified_time\" content=\"2024-12-19T15:30:46+00:00\" \/>\n<meta property=\"og:image\" content=\"https:\/\/arsenal24.pl\/wp-content\/uploads\/2024\/12\/cz_p-09_c_nocturne_l.webp\" \/>\n\t<meta property=\"og:image:width\" content=\"1065\" \/>\n\t<meta property=\"og:image:height\" content=\"1065\" \/>\n\t<meta property=\"og:image:type\" content=\"image\/webp\" \/>\n<meta name=\"twitter:card\" content=\"summary_large_image\" \/>\n<meta name=\"twitter:label1\" content=\"\u041f\u0440\u0438\u0431\u043b. \u0447\u0430\u0441 \u0447\u0438\u0442\u0430\u043d\u043d\u044f\" \/>\n\t<meta name=\"twitter:data1\" content=\"2 \u0445\u0432\u0438\u043b\u0438\u043d\u0438\" \/>\n<script type=\"application\/ld+json\" class=\"yoast-schema-graph\">{\"@context\":\"https:\/\/schema.org\",\"@graph\":[{\"@type\":\"WebPage\",\"@id\":\"https:\/\/arsenal24.pl\/produkt\/pistolet-cz-p-09-c-nocturne-sr-9x19-arsenal-sklep\/\",\"url\":\"https:\/\/arsenal24.pl\/produkt\/pistolet-cz-p-09-c-nocturne-sr-9x19-arsenal-sklep\/\",\"name\":\"Pistolet CZ P-09 C Nocturne SR 9x19 - Arsena\u0142 Sklep\",\"isPartOf\":{\"@id\":\"https:\/\/arsenal24.pl\/#website\"},\"primaryImageOfPage\":{\"@id\":\"https:\/\/arsenal24.pl\/produkt\/pistolet-cz-p-09-c-nocturne-sr-9x19-arsenal-sklep\/#primaryimage\"},\"image\":{\"@id\":\"https:\/\/arsenal24.pl\/produkt\/pistolet-cz-p-09-c-nocturne-sr-9x19-arsenal-sklep\/#primaryimage\"},\"thumbnailUrl\":\"https:\/\/arsenal24.pl\/wp-content\/uploads\/2024\/12\/cz_p-09_c_nocturne_l.webp\",\"datePublished\":\"2024-12-19T14:34:44+00:00\",\"dateModified\":\"2024-12-19T15:30:46+00:00\",\"description\":\"Wersja CZ P-09 F\/C SR NOCTURNE, przystosowana do monta\u017cu t\u0142umika, posiada wyd\u0142u\u017con\u0105 luf\u0119 z gwintem 1\/2\u201d \u00d7 28 UNEF \u2013 3A, co u\u0142atwia szybki monta\u017c t\u0142umik\u00f3w.\",\"breadcrumb\":{\"@id\":\"https:\/\/arsenal24.pl\/produkt\/pistolet-cz-p-09-c-nocturne-sr-9x19-arsenal-sklep\/#breadcrumb\"},\"inLanguage\":\"uk\",\"potentialAction\":[{\"@type\":\"ReadAction\",\"target\":[\"https:\/\/arsenal24.pl\/produkt\/pistolet-cz-p-09-c-nocturne-sr-9x19-arsenal-sklep\/\"]}]},{\"@type\":\"ImageObject\",\"inLanguage\":\"uk\",\"@id\":\"https:\/\/arsenal24.pl\/produkt\/pistolet-cz-p-09-c-nocturne-sr-9x19-arsenal-sklep\/#primaryimage\",\"url\":\"https:\/\/arsenal24.pl\/wp-content\/uploads\/2024\/12\/cz_p-09_c_nocturne_l.webp\",\"contentUrl\":\"https:\/\/arsenal24.pl\/wp-content\/uploads\/2024\/12\/cz_p-09_c_nocturne_l.webp\",\"width\":1065,\"height\":1065},{\"@type\":\"BreadcrumbList\",\"@id\":\"https:\/\/arsenal24.pl\/produkt\/pistolet-cz-p-09-c-nocturne-sr-9x19-arsenal-sklep\/#breadcrumb\",\"itemListElement\":[{\"@type\":\"ListItem\",\"position\":1,\"name\":\"Strona g\u0142\u00f3wna\",\"item\":\"https:\/\/arsenal24.pl\/\"},{\"@type\":\"ListItem\",\"position\":2,\"name\":\"Sklep\",\"item\":\"https:\/\/arsenal24.pl\/sklep\/\"},{\"@type\":\"ListItem\",\"position\":3,\"name\":\"Pistolet CZ P-09 C Nocturne SR 9x19mm\"}]},{\"@type\":\"WebSite\",\"@id\":\"https:\/\/arsenal24.pl\/#website\",\"url\":\"https:\/\/arsenal24.pl\/\",\"name\":\"Arsena\u0142 - Profesjonalny sklep z broni\u0105 i akcesoriami\",\"description\":\"\",\"publisher\":{\"@id\":\"https:\/\/arsenal24.pl\/#organization\"},\"potentialAction\":[{\"@type\":\"SearchAction\",\"target\":{\"@type\":\"EntryPoint\",\"urlTemplate\":\"https:\/\/arsenal24.pl\/?s={search_term_string}\"},\"query-input\":{\"@type\":\"PropertyValueSpecification\",\"valueRequired\":true,\"valueName\":\"search_term_string\"}}],\"inLanguage\":\"uk\"},{\"@type\":\"Organization\",\"@id\":\"https:\/\/arsenal24.pl\/#organization\",\"name\":\"Arsena\u0142 - Profesjonalny sklep z broni\u0105 i akcesoriami\",\"url\":\"https:\/\/arsenal24.pl\/\",\"logo\":{\"@type\":\"ImageObject\",\"inLanguage\":\"uk\",\"@id\":\"https:\/\/arsenal24.pl\/#\/schema\/logo\/image\/\",\"url\":\"https:\/\/server568771.nazwa.pl\/arse\/wp-content\/uploads\/2024\/03\/arsenal-24-logo.png\",\"contentUrl\":\"https:\/\/server568771.nazwa.pl\/arse\/wp-content\/uploads\/2024\/03\/arsenal-24-logo.png\",\"width\":140,\"height\":140,\"caption\":\"Arsena\u0142 - Profesjonalny sklep z broni\u0105 i akcesoriami\"},\"image\":{\"@id\":\"https:\/\/arsenal24.pl\/#\/schema\/logo\/image\/\"},\"sameAs\":[\"https:\/\/www.facebook.com\/people\/Arsena-Sklep\/100035187290806\/?locale=pl_PL&paipv=0&eav=AfaBd4HS6M2sZy5PxVGmBIZx9hgg_97kXvqKJ8pngB-S_qRYY5xCeE23HjB7T-5FY6o&_rdr\"]}]}<\/script>\n<!-- \/ Yoast SEO Premium plugin. -->","yoast_head_json":{"title":"Pistolet CZ P-09 C Nocturne SR 9x19 - Arsena\u0142 Sklep","description":"Wersja CZ P-09 F\/C SR NOCTURNE, przystosowana do monta\u017cu t\u0142umika, posiada wyd\u0142u\u017con\u0105 luf\u0119 z gwintem 1\/2\u201d \u00d7 28 UNEF \u2013 3A, co u\u0142atwia szybki monta\u017c t\u0142umik\u00f3w.","robots":{"index":"index","follow":"follow","max-snippet":"max-snippet:-1","max-image-preview":"max-image-preview:large","max-video-preview":"max-video-preview:-1"},"canonical":"https:\/\/arsenal24.pl\/uk\/product\/pistolet-cz-p-09-c-nocturne-sr-9x19-arsenal-sklep\/","og_locale":"uk_UA","og_type":"article","og_title":"Pistolet CZ P-09 C Nocturne SR 9x19mm","og_description":"Wersja CZ P-09 F\/C SR NOCTURNE, przystosowana do monta\u017cu t\u0142umika, posiada wyd\u0142u\u017con\u0105 luf\u0119 z gwintem 1\/2\u201d \u00d7 28 UNEF \u2013 3A, co u\u0142atwia szybki monta\u017c t\u0142umik\u00f3w.","og_url":"https:\/\/arsenal24.pl\/uk\/product\/pistolet-cz-p-09-c-nocturne-sr-9x19-arsenal-sklep\/","og_site_name":"Arsena\u0142 - Profesjonalny sklep z broni\u0105 i akcesoriami","article_publisher":"https:\/\/www.facebook.com\/people\/Arsena-Sklep\/100035187290806\/?locale=pl_PL&paipv=0&eav=AfaBd4HS6M2sZy5PxVGmBIZx9hgg_97kXvqKJ8pngB-S_qRYY5xCeE23HjB7T-5FY6o&_rdr","article_modified_time":"2024-12-19T15:30:46+00:00","og_image":[{"width":1065,"height":1065,"url":"https:\/\/arsenal24.pl\/wp-content\/uploads\/2024\/12\/cz_p-09_c_nocturne_l.webp","type":"image\/webp"}],"twitter_card":"summary_large_image","twitter_misc":{"\u041f\u0440\u0438\u0431\u043b. \u0447\u0430\u0441 \u0447\u0438\u0442\u0430\u043d\u043d\u044f":"2 \u0445\u0432\u0438\u043b\u0438\u043d\u0438"},"schema":{"@context":"https:\/\/schema.org","@graph":[{"@type":"WebPage","@id":"https:\/\/arsenal24.pl\/produkt\/pistolet-cz-p-09-c-nocturne-sr-9x19-arsenal-sklep\/","url":"https:\/\/arsenal24.pl\/produkt\/pistolet-cz-p-09-c-nocturne-sr-9x19-arsenal-sklep\/","name":"Pistolet CZ P-09 C Nocturne SR 9x19 - Arsena\u0142 Sklep","isPartOf":{"@id":"https:\/\/arsenal24.pl\/#website"},"primaryImageOfPage":{"@id":"https:\/\/arsenal24.pl\/produkt\/pistolet-cz-p-09-c-nocturne-sr-9x19-arsenal-sklep\/#primaryimage"},"image":{"@id":"https:\/\/arsenal24.pl\/produkt\/pistolet-cz-p-09-c-nocturne-sr-9x19-arsenal-sklep\/#primaryimage"},"thumbnailUrl":"https:\/\/arsenal24.pl\/wp-content\/uploads\/2024\/12\/cz_p-09_c_nocturne_l.webp","datePublished":"2024-12-19T14:34:44+00:00","dateModified":"2024-12-19T15:30:46+00:00","description":"Wersja CZ P-09 F\/C SR NOCTURNE, przystosowana do monta\u017cu t\u0142umika, posiada wyd\u0142u\u017con\u0105 luf\u0119 z gwintem 1\/2\u201d \u00d7 28 UNEF \u2013 3A, co u\u0142atwia szybki monta\u017c t\u0142umik\u00f3w.","breadcrumb":{"@id":"https:\/\/arsenal24.pl\/produkt\/pistolet-cz-p-09-c-nocturne-sr-9x19-arsenal-sklep\/#breadcrumb"},"inLanguage":"uk","potentialAction":[{"@type":"ReadAction","target":["https:\/\/arsenal24.pl\/produkt\/pistolet-cz-p-09-c-nocturne-sr-9x19-arsenal-sklep\/"]}]},{"@type":"ImageObject","inLanguage":"uk","@id":"https:\/\/arsenal24.pl\/produkt\/pistolet-cz-p-09-c-nocturne-sr-9x19-arsenal-sklep\/#primaryimage","url":"https:\/\/arsenal24.pl\/wp-content\/uploads\/2024\/12\/cz_p-09_c_nocturne_l.webp","contentUrl":"https:\/\/arsenal24.pl\/wp-content\/uploads\/2024\/12\/cz_p-09_c_nocturne_l.webp","width":1065,"height":1065},{"@type":"BreadcrumbList","@id":"https:\/\/arsenal24.pl\/produkt\/pistolet-cz-p-09-c-nocturne-sr-9x19-arsenal-sklep\/#breadcrumb","itemListElement":[{"@type":"ListItem","position":1,"name":"Strona g\u0142\u00f3wna","item":"https:\/\/arsenal24.pl\/"},{"@type":"ListItem","position":2,"name":"Sklep","item":"https:\/\/arsenal24.pl\/sklep\/"},{"@type":"ListItem","position":3,"name":"Pistolet CZ P-09 C Nocturne SR 9x19mm"}]},{"@type":"WebSite","@id":"https:\/\/arsenal24.pl\/#website","url":"https:\/\/arsenal24.pl\/","name":"\u0410\u0440\u0441\u0435\u043d\u0430\u043b - \u043c\u0430\u0433\u0430\u0437\u0438\u043d \u043f\u0440\u043e\u0444\u0435\u0441\u0456\u0439\u043d\u043e\u0457 \u0437\u0431\u0440\u043e\u0457 \u0442\u0430 \u0430\u043a\u0441\u0435\u0441\u0443\u0430\u0440\u0456\u0432","description":"","publisher":{"@id":"https:\/\/arsenal24.pl\/#organization"},"potentialAction":[{"@type":"SearchAction","target":{"@type":"EntryPoint","urlTemplate":"https:\/\/arsenal24.pl\/?s={search_term_string}"},"query-input":{"@type":"PropertyValueSpecification","valueRequired":true,"valueName":"search_term_string"}}],"inLanguage":"uk"},{"@type":"Organization","@id":"https:\/\/arsenal24.pl\/#organization","name":"\u0410\u0440\u0441\u0435\u043d\u0430\u043b - \u043c\u0430\u0433\u0430\u0437\u0438\u043d \u043f\u0440\u043e\u0444\u0435\u0441\u0456\u0439\u043d\u043e\u0457 \u0437\u0431\u0440\u043e\u0457 \u0442\u0430 \u0430\u043a\u0441\u0435\u0441\u0443\u0430\u0440\u0456\u0432","url":"https:\/\/arsenal24.pl\/","logo":{"@type":"ImageObject","inLanguage":"uk","@id":"https:\/\/arsenal24.pl\/#\/schema\/logo\/image\/","url":"https:\/\/server568771.nazwa.pl\/arse\/wp-content\/uploads\/2024\/03\/arsenal-24-logo.png","contentUrl":"https:\/\/server568771.nazwa.pl\/arse\/wp-content\/uploads\/2024\/03\/arsenal-24-logo.png","width":140,"height":140,"caption":"Arsena\u0142 - Profesjonalny sklep z broni\u0105 i akcesoriami"},"image":{"@id":"https:\/\/arsenal24.pl\/#\/schema\/logo\/image\/"},"sameAs":["https:\/\/www.facebook.com\/people\/Arsena-Sklep\/100035187290806\/?locale=pl_PL&paipv=0&eav=AfaBd4HS6M2sZy5PxVGmBIZx9hgg_97kXvqKJ8pngB-S_qRYY5xCeE23HjB7T-5FY6o&_rdr"]}]}},"_links":{"self":[{"href":"https:\/\/arsenal24.pl\/uk\/wp-json\/wp\/v2\/product\/6355","targetHints":{"allow":["GET"]}}],"collection":[{"href":"https:\/\/arsenal24.pl\/uk\/wp-json\/wp\/v2\/product"}],"about":[{"href":"https:\/\/arsenal24.pl\/uk\/wp-json\/wp\/v2\/types\/product"}],"version-history":[{"count":2,"href":"https:\/\/arsenal24.pl\/uk\/wp-json\/wp\/v2\/product\/6355\/revisions"}],"predecessor-version":[{"id":6363,"href":"https:\/\/arsenal24.pl\/uk\/wp-json\/wp\/v2\/product\/6355\/revisions\/6363"}],"wp:featuredmedia":[{"embeddable":true,"href":"https:\/\/arsenal24.pl\/uk\/wp-json\/wp\/v2\/media\/6364"}],"wp:attachment":[{"href":"https:\/\/arsenal24.pl\/uk\/wp-json\/wp\/v2\/media?parent=6355"}],"wp:term":[{"taxonomy":"brand","embeddable":true,"href":"https:\/\/arsenal24.pl\/uk\/wp-json\/wp\/v2\/etheme_brands?post=6355"},{"taxonomy":"product_brand","embeddable":true,"href":"https:\/\/arsenal24.pl\/uk\/wp-json\/wp\/v2\/product_brand?post=6355"},{"taxonomy":"product_cat","embeddable":true,"href":"https:\/\/arsenal24.pl\/uk\/wp-json\/wp\/v2\/product_cat?post=6355"},{"taxonomy":"product_tag","embeddable":true,"href":"https:\/\/arsenal24.pl\/uk\/wp-json\/wp\/v2\/product_tag?post=6355"}],"curies":[{"name":"wp","href":"https:\/\/api.w.org\/{rel}","templated":true}]}}