{"id":6233,"date":"2024-11-20T12:02:36","date_gmt":"2024-11-20T11:02:36","guid":{"rendered":"https:\/\/arsenal24.pl\/?post_type=product&#038;p=6233"},"modified":"2024-11-20T12:13:04","modified_gmt":"2024-11-20T11:13:04","slug":"karabinek-faxon-ascent-14-5%e2%80%b3-ar15-556x45mm-223rem","status":"publish","type":"product","link":"https:\/\/arsenal24.pl\/uk\/product\/karabinek-faxon-ascent-14-5%e2%80%b3-ar15-556x45mm-223rem\/","title":{"rendered":"Karabinek FAXON Ascent 14.5\u2033 AR15 5,56x45mm\/.223Rem"},"content":{"rendered":"<h3>Karabinek Faxon AR-15 Ascent 14,5&#8221;<\/h3>\n<p>Dzi\u0119ki zastosowaniu starannie dobranych komponent\u00f3w i technologii produkcji, Faxon Firearms stworzy\u0142o\u00a0<strong>bro\u0144 charakteryzuj\u0105c\u0105 si\u0119 niezawodno\u015bci\u0105, doskona\u0142\u0105 jako\u015bci\u0105 oraz konkurencyjn\u0105 cen\u0105<\/strong>. Karabinek Ascent 14,5&#8243; wyposa\u017cono w wiele innowacyjnych rozwi\u0105za\u0144, kt\u00f3re zaspokoj\u0105 potrzeby zar\u00f3wno pocz\u0105tkuj\u0105cych, jak i zaawansowanych strzelc\u00f3w.<\/p>\n<h4>Dane techniczne &#8211; <strong>Faxon Ascent 14.5\u2033:<\/strong><\/h4>\n<ul>\n<li>azotowana 14.5\u2033 lufa o profilu\u00a0<em>Socom<\/em><\/li>\n<li>po\u015bredni uk\u0142ad gazowy (Mid-Length)<\/li>\n<li>skok gwintu: 1:8<\/li>\n<li>gwint 1\/2\u00d728<\/li>\n<li>materia\u0142 lufy: stal 4150 CMV<\/li>\n<li>enhanced upper receiver<\/li>\n<li>13-calowe (330mm) aluminiowe \u0142o\u017ce w standardzie G4 M-LOK<\/li>\n<li>Enchanced BCG, azotowany zamek i suwad\u0142o M16 z wyko\u0144czeniem Superfinish wykonane z stali narz\u0119dziowej 9310<\/li>\n<li>standardowy mechanizm spustowy mil-spec<\/li>\n<li>dobrze spasowany upper z lowerem<\/li>\n<li>lower z\u00a0<em>tension screw<\/em><\/li>\n<li>standardowa r\u0105czka prze\u0142adowana mil-spec<\/li>\n<li>standardowa kolba M4<\/li>\n<li>chwyt pistoletowy A2<\/li>\n<li>urz\u0105dzenie wylotowe A2 Birdcage<\/li>\n<li>waga: 2,78 kg<\/li>\n<\/ul>\n<h3>Cechy karabinka Faxon AR-15 Ascent 14,5&#8221; kal. .223 Rem:<\/h3>\n<ul>\n<li><strong>Azotowana lufa 14,5 cala o profilu Socom<\/strong>: Faxon Firearms, s\u0142yn\u0105cy z produkcji wysokiej jako\u015bci luf, wyposa\u017cy\u0142 ten model w azotowan\u0105 luf\u0119 o profilu Socom, wykonan\u0105 ze stali 4150 CMV, co zapewnia jej wytrzyma\u0142o\u015b\u0107 oraz odporno\u015b\u0107 na korozj\u0119. D\u0142ugo\u015b\u0107 lufy wynosz\u0105ca 12,5 cala i\u00a0<strong>skok gwintu 1:8<\/strong>\u00a0pozwalaj\u0105 na precyzyjne prowadzenie ognia na \u015brednich dystansach. Skok gwintu 1:8 przystosowany jest do korzystania z ci\u0119\u017cszej amunicji.<\/li>\n<li><strong>Po\u015bredni uk\u0142ad gazowy (mid-length)<\/strong>: Po\u015bredni uk\u0142ad gazowy zapewnia lepsz\u0105 kontrol\u0119 nad odrzutem, poprawiaj\u0105c komfort strzelania i zwi\u0119kszaj\u0105c \u017cywotno\u015b\u0107 broni.<\/li>\n<li><strong>Enhanced Upper Receiver<\/strong>: Faxon Ascent 14,5&#8243; ma komor\u0119 zamkow\u0105 wyko\u0144czon\u0105 we w\u0142asnym zakresie, co pozwala na uzyskanie wy\u017cszych tolerancji ni\u017c standard Mil-spec. Dzi\u0119ki honowanej powierzchni wewn\u0119trznej oraz cia\u015bniejszemu otworowi na luf\u0119 upper zapewnia precyzyjny monta\u017c i p\u0142ynne dzia\u0142anie suwad\u0142a.<\/li>\n<li><strong>Enhanced Bolt Carrier Group (BCG)<\/strong>: Zesp\u00f3\u0142 suwad\u0142a wykonany z wytrzyma\u0142ej stali narz\u0119dziowej 9310, cechuj\u0105cy si\u0119 wyko\u0144czeniem Superfinish, odpornym na korozj\u0119 i u\u0142atwiaj\u0105cym czyszczenie. Rygle zamka s\u0105 fazowane pod k\u0105tem 45\u00b0 dla niezawodnej pracy przy wysokich ci\u015bnieniach.<\/li>\n<li><strong>Wysokiej jako\u015bci komponenty<\/strong>: Karabinek ma starannie dobrane komponenty, takie jak r\u0105czka i selektory Radian, kolba typu M4 A2 oraz chwyt pistoletowy A2, kt\u00f3re spe\u0142niaj\u0105 standardy jako\u015bci Faxon Firearms.<\/li>\n<li><strong>13 calowe aluminiowe \u0142o\u017ce G4 w standardzie M-LOK<\/strong>: Solidne, aluminiowe \u0142o\u017ce z systemem M-LOK pozwala na monta\u017c dodatkowych akcesori\u00f3w, takich jak chwyty, latarki taktyczne czy laserowe wska\u017aniki celu, zwi\u0119kszaj\u0105c funkcjonalno\u015b\u0107 karabinka.<\/li>\n<li><strong>Urz\u0105dzenie wylotowe A2 Birdcage<\/strong>: Model Ascent 14,5&#8243; jest wyposa\u017cony w urz\u0105dzenie wylotowe A2 Birdcage, kt\u00f3re skutecznie redukuje b\u0142ysk i minimalizuje odrzut, co wp\u0142ywa na lepsz\u0105 kontrol\u0119 nad broni\u0105 podczas strzelania.<\/li>\n<li><strong>Lower Receiver z Tension Screw<\/strong>: Konstrukcja komory spustowej wyposa\u017cona jest w tension screw, co zapewnia doskona\u0142e dopasowanie mi\u0119dzy upperem a lowerem, eliminuj\u0105c luz i poprawiaj\u0105c stabilno\u015b\u0107 karabinka.<\/li>\n<li><strong>Waga<\/strong>: Lekka konstrukcja karabinka &#8211; 2,78 kg czyni go wygodnym w trakcie d\u0142ugotrwa\u0142ego u\u017cytkowania.<\/li>\n<li><strong>W zestawie<\/strong>: karabinek, magazynek Lancer Tactical, k\u0142\u00f3dka do zabezpieczenia broni, instrukcja obs\u0142ugi.<\/li>\n<\/ul>\n<p><strong>Faxon<\/strong> to marka z wieloletni\u0105 tradycj\u0105 precyzyjnej obr\u00f3bki metalu, tworz\u0105ca produkty o doskona\u0142ej jako\u015bci dzi\u0119ki zaawansowanym technologiom i pasji do strzelectwa.<strong>\u00a0<\/strong><\/p>","protected":false},"excerpt":{"rendered":"<p><strong>Faxon\u00a0Ascent 14.5\u2033\u00a0<\/strong>to karabinek AR15 z serii\u00a0<strong>First Line<\/strong>. Jest to dobry wyb\u00f3r dla strzelc\u00f3w poszukuj\u0105cych pierwszego karabinka AR15.<\/p>\n<p>Idealny wyb\u00f3r dla strzelc\u00f3w poszukuj\u0105cych karabinka AR-15 z wysokiej jako\u015bci komponentami, kt\u00f3ry b\u0119d\u0105 mogli rozbudowa\u0107 wedle w\u0142asnych potrzeb.<\/p>","protected":false},"featured_media":6235,"template":"","meta":[],"etheme_brands":[{"term_id":248,"name":"Faxon Firearms","slug":"faxon-firearms","term_group":0,"term_taxonomy_id":248,"taxonomy":"brand","description":"","parent":0,"count":1,"filter":"raw"}],"product_brand":[],"product_cat":[100],"product_tag":[],"class_list":{"0":"post-6233","1":"product","2":"type-product","3":"status-publish","4":"has-post-thumbnail","6":"brand-faxon-firearms","7":"product_cat-bron-sportowa","9":"first","10":"instock","11":"shipping-taxable","12":"purchasable","13":"product-type-simple"},"yoast_head":"<!-- This site is optimized with the Yoast SEO Premium plugin v24.0 (Yoast SEO v26.0) - https:\/\/yoast.com\/wordpress\/plugins\/seo\/ -->\n<title>Karabinek FAXON Ascent 14.5\u2033 AR15 5,56x45mm\/.223Rem<\/title>\n<meta name=\"description\" content=\"Faxon Ascent 14.5\u2033 to karabinek AR15 z serii First Line. Jest to dobry wyb\u00f3r dla strzelc\u00f3w poszukuj\u0105cych pierwszego karabinka AR15.\" \/>\n<meta name=\"robots\" content=\"index, follow, max-snippet:-1, max-image-preview:large, max-video-preview:-1\" \/>\n<link rel=\"canonical\" href=\"https:\/\/arsenal24.pl\/uk\/product\/karabinek-faxon-ascent-14-5\u2033-ar15-556x45mm-223rem\/\" \/>\n<meta property=\"og:locale\" content=\"uk_UA\" \/>\n<meta property=\"og:type\" content=\"article\" \/>\n<meta property=\"og:title\" content=\"Karabinek FAXON Ascent 14.5\u2033 AR15 5,56x45mm\/.223Rem\" \/>\n<meta property=\"og:description\" content=\"Faxon Ascent 14.5\u2033 to karabinek AR15 z serii First Line. Jest to dobry wyb\u00f3r dla strzelc\u00f3w poszukuj\u0105cych pierwszego karabinka AR15.\" \/>\n<meta property=\"og:url\" content=\"https:\/\/arsenal24.pl\/uk\/product\/karabinek-faxon-ascent-14-5\u2033-ar15-556x45mm-223rem\/\" \/>\n<meta property=\"og:site_name\" content=\"Arsena\u0142 - Profesjonalny sklep z broni\u0105 i akcesoriami\" \/>\n<meta property=\"article:publisher\" content=\"https:\/\/www.facebook.com\/people\/Arsena-Sklep\/100035187290806\/?locale=pl_PL&amp;paipv=0&amp;eav=AfaBd4HS6M2sZy5PxVGmBIZx9hgg_97kXvqKJ8pngB-S_qRYY5xCeE23HjB7T-5FY6o&amp;_rdr\" \/>\n<meta property=\"article:modified_time\" content=\"2024-11-20T11:13:04+00:00\" \/>\n<meta property=\"og:image\" content=\"https:\/\/arsenal24.pl\/wp-content\/uploads\/2024\/11\/photo1-19.webp\" \/>\n\t<meta property=\"og:image:width\" content=\"2500\" \/>\n\t<meta property=\"og:image:height\" content=\"2500\" \/>\n\t<meta property=\"og:image:type\" content=\"image\/webp\" \/>\n<meta name=\"twitter:card\" content=\"summary_large_image\" \/>\n<meta name=\"twitter:label1\" content=\"\u041f\u0440\u0438\u0431\u043b. \u0447\u0430\u0441 \u0447\u0438\u0442\u0430\u043d\u043d\u044f\" \/>\n\t<meta name=\"twitter:data1\" content=\"3 \u0445\u0432\u0438\u043b\u0438\u043d\u0438\" \/>\n<script type=\"application\/ld+json\" class=\"yoast-schema-graph\">{\"@context\":\"https:\/\/schema.org\",\"@graph\":[{\"@type\":\"WebPage\",\"@id\":\"https:\/\/arsenal24.pl\/produkt\/karabinek-faxon-ascent-14-5%e2%80%b3-ar15-556x45mm-223rem\/\",\"url\":\"https:\/\/arsenal24.pl\/produkt\/karabinek-faxon-ascent-14-5%e2%80%b3-ar15-556x45mm-223rem\/\",\"name\":\"Karabinek FAXON Ascent 14.5\u2033 AR15 5,56x45mm\/.223Rem\",\"isPartOf\":{\"@id\":\"https:\/\/arsenal24.pl\/#website\"},\"primaryImageOfPage\":{\"@id\":\"https:\/\/arsenal24.pl\/produkt\/karabinek-faxon-ascent-14-5%e2%80%b3-ar15-556x45mm-223rem\/#primaryimage\"},\"image\":{\"@id\":\"https:\/\/arsenal24.pl\/produkt\/karabinek-faxon-ascent-14-5%e2%80%b3-ar15-556x45mm-223rem\/#primaryimage\"},\"thumbnailUrl\":\"https:\/\/arsenal24.pl\/wp-content\/uploads\/2024\/11\/photo1-19.webp\",\"datePublished\":\"2024-11-20T11:02:36+00:00\",\"dateModified\":\"2024-11-20T11:13:04+00:00\",\"description\":\"Faxon Ascent 14.5\u2033 to karabinek AR15 z serii First Line. Jest to dobry wyb\u00f3r dla strzelc\u00f3w poszukuj\u0105cych pierwszego karabinka AR15.\",\"breadcrumb\":{\"@id\":\"https:\/\/arsenal24.pl\/produkt\/karabinek-faxon-ascent-14-5%e2%80%b3-ar15-556x45mm-223rem\/#breadcrumb\"},\"inLanguage\":\"uk\",\"potentialAction\":[{\"@type\":\"ReadAction\",\"target\":[\"https:\/\/arsenal24.pl\/produkt\/karabinek-faxon-ascent-14-5%e2%80%b3-ar15-556x45mm-223rem\/\"]}]},{\"@type\":\"ImageObject\",\"inLanguage\":\"uk\",\"@id\":\"https:\/\/arsenal24.pl\/produkt\/karabinek-faxon-ascent-14-5%e2%80%b3-ar15-556x45mm-223rem\/#primaryimage\",\"url\":\"https:\/\/arsenal24.pl\/wp-content\/uploads\/2024\/11\/photo1-19.webp\",\"contentUrl\":\"https:\/\/arsenal24.pl\/wp-content\/uploads\/2024\/11\/photo1-19.webp\",\"width\":2500,\"height\":2500},{\"@type\":\"BreadcrumbList\",\"@id\":\"https:\/\/arsenal24.pl\/produkt\/karabinek-faxon-ascent-14-5%e2%80%b3-ar15-556x45mm-223rem\/#breadcrumb\",\"itemListElement\":[{\"@type\":\"ListItem\",\"position\":1,\"name\":\"Strona g\u0142\u00f3wna\",\"item\":\"https:\/\/arsenal24.pl\/\"},{\"@type\":\"ListItem\",\"position\":2,\"name\":\"Sklep\",\"item\":\"https:\/\/arsenal24.pl\/sklep\/\"},{\"@type\":\"ListItem\",\"position\":3,\"name\":\"Karabinek FAXON Ascent 14.5\u2033 AR15 5,56x45mm\/.223Rem\"}]},{\"@type\":\"WebSite\",\"@id\":\"https:\/\/arsenal24.pl\/#website\",\"url\":\"https:\/\/arsenal24.pl\/\",\"name\":\"Arsena\u0142 - Profesjonalny sklep z broni\u0105 i akcesoriami\",\"description\":\"\",\"publisher\":{\"@id\":\"https:\/\/arsenal24.pl\/#organization\"},\"potentialAction\":[{\"@type\":\"SearchAction\",\"target\":{\"@type\":\"EntryPoint\",\"urlTemplate\":\"https:\/\/arsenal24.pl\/?s={search_term_string}\"},\"query-input\":{\"@type\":\"PropertyValueSpecification\",\"valueRequired\":true,\"valueName\":\"search_term_string\"}}],\"inLanguage\":\"uk\"},{\"@type\":\"Organization\",\"@id\":\"https:\/\/arsenal24.pl\/#organization\",\"name\":\"Arsena\u0142 - Profesjonalny sklep z broni\u0105 i akcesoriami\",\"url\":\"https:\/\/arsenal24.pl\/\",\"logo\":{\"@type\":\"ImageObject\",\"inLanguage\":\"uk\",\"@id\":\"https:\/\/arsenal24.pl\/#\/schema\/logo\/image\/\",\"url\":\"https:\/\/server568771.nazwa.pl\/arse\/wp-content\/uploads\/2024\/03\/arsenal-24-logo.png\",\"contentUrl\":\"https:\/\/server568771.nazwa.pl\/arse\/wp-content\/uploads\/2024\/03\/arsenal-24-logo.png\",\"width\":140,\"height\":140,\"caption\":\"Arsena\u0142 - Profesjonalny sklep z broni\u0105 i akcesoriami\"},\"image\":{\"@id\":\"https:\/\/arsenal24.pl\/#\/schema\/logo\/image\/\"},\"sameAs\":[\"https:\/\/www.facebook.com\/people\/Arsena-Sklep\/100035187290806\/?locale=pl_PL&paipv=0&eav=AfaBd4HS6M2sZy5PxVGmBIZx9hgg_97kXvqKJ8pngB-S_qRYY5xCeE23HjB7T-5FY6o&_rdr\"]}]}<\/script>\n<!-- \/ Yoast SEO Premium plugin. -->","yoast_head_json":{"title":"Karabinek FAXON Ascent 14.5\u2033 AR15 5,56x45mm\/.223Rem","description":"Faxon Ascent 14.5\u2033 to karabinek AR15 z serii First Line. Jest to dobry wyb\u00f3r dla strzelc\u00f3w poszukuj\u0105cych pierwszego karabinka AR15.","robots":{"index":"index","follow":"follow","max-snippet":"max-snippet:-1","max-image-preview":"max-image-preview:large","max-video-preview":"max-video-preview:-1"},"canonical":"https:\/\/arsenal24.pl\/uk\/product\/karabinek-faxon-ascent-14-5\u2033-ar15-556x45mm-223rem\/","og_locale":"uk_UA","og_type":"article","og_title":"Karabinek FAXON Ascent 14.5\u2033 AR15 5,56x45mm\/.223Rem","og_description":"Faxon Ascent 14.5\u2033 to karabinek AR15 z serii First Line. Jest to dobry wyb\u00f3r dla strzelc\u00f3w poszukuj\u0105cych pierwszego karabinka AR15.","og_url":"https:\/\/arsenal24.pl\/uk\/product\/karabinek-faxon-ascent-14-5\u2033-ar15-556x45mm-223rem\/","og_site_name":"Arsena\u0142 - Profesjonalny sklep z broni\u0105 i akcesoriami","article_publisher":"https:\/\/www.facebook.com\/people\/Arsena-Sklep\/100035187290806\/?locale=pl_PL&paipv=0&eav=AfaBd4HS6M2sZy5PxVGmBIZx9hgg_97kXvqKJ8pngB-S_qRYY5xCeE23HjB7T-5FY6o&_rdr","article_modified_time":"2024-11-20T11:13:04+00:00","og_image":[{"width":2500,"height":2500,"url":"https:\/\/arsenal24.pl\/wp-content\/uploads\/2024\/11\/photo1-19.webp","type":"image\/webp"}],"twitter_card":"summary_large_image","twitter_misc":{"\u041f\u0440\u0438\u0431\u043b. \u0447\u0430\u0441 \u0447\u0438\u0442\u0430\u043d\u043d\u044f":"3 \u0445\u0432\u0438\u043b\u0438\u043d\u0438"},"schema":{"@context":"https:\/\/schema.org","@graph":[{"@type":"WebPage","@id":"https:\/\/arsenal24.pl\/produkt\/karabinek-faxon-ascent-14-5%e2%80%b3-ar15-556x45mm-223rem\/","url":"https:\/\/arsenal24.pl\/produkt\/karabinek-faxon-ascent-14-5%e2%80%b3-ar15-556x45mm-223rem\/","name":"Karabinek FAXON Ascent 14.5\u2033 AR15 5,56x45mm\/.223Rem","isPartOf":{"@id":"https:\/\/arsenal24.pl\/#website"},"primaryImageOfPage":{"@id":"https:\/\/arsenal24.pl\/produkt\/karabinek-faxon-ascent-14-5%e2%80%b3-ar15-556x45mm-223rem\/#primaryimage"},"image":{"@id":"https:\/\/arsenal24.pl\/produkt\/karabinek-faxon-ascent-14-5%e2%80%b3-ar15-556x45mm-223rem\/#primaryimage"},"thumbnailUrl":"https:\/\/arsenal24.pl\/wp-content\/uploads\/2024\/11\/photo1-19.webp","datePublished":"2024-11-20T11:02:36+00:00","dateModified":"2024-11-20T11:13:04+00:00","description":"Faxon Ascent 14.5\u2033 to karabinek AR15 z serii First Line. Jest to dobry wyb\u00f3r dla strzelc\u00f3w poszukuj\u0105cych pierwszego karabinka AR15.","breadcrumb":{"@id":"https:\/\/arsenal24.pl\/produkt\/karabinek-faxon-ascent-14-5%e2%80%b3-ar15-556x45mm-223rem\/#breadcrumb"},"inLanguage":"uk","potentialAction":[{"@type":"ReadAction","target":["https:\/\/arsenal24.pl\/produkt\/karabinek-faxon-ascent-14-5%e2%80%b3-ar15-556x45mm-223rem\/"]}]},{"@type":"ImageObject","inLanguage":"uk","@id":"https:\/\/arsenal24.pl\/produkt\/karabinek-faxon-ascent-14-5%e2%80%b3-ar15-556x45mm-223rem\/#primaryimage","url":"https:\/\/arsenal24.pl\/wp-content\/uploads\/2024\/11\/photo1-19.webp","contentUrl":"https:\/\/arsenal24.pl\/wp-content\/uploads\/2024\/11\/photo1-19.webp","width":2500,"height":2500},{"@type":"BreadcrumbList","@id":"https:\/\/arsenal24.pl\/produkt\/karabinek-faxon-ascent-14-5%e2%80%b3-ar15-556x45mm-223rem\/#breadcrumb","itemListElement":[{"@type":"ListItem","position":1,"name":"Strona g\u0142\u00f3wna","item":"https:\/\/arsenal24.pl\/"},{"@type":"ListItem","position":2,"name":"Sklep","item":"https:\/\/arsenal24.pl\/sklep\/"},{"@type":"ListItem","position":3,"name":"Karabinek FAXON Ascent 14.5\u2033 AR15 5,56x45mm\/.223Rem"}]},{"@type":"WebSite","@id":"https:\/\/arsenal24.pl\/#website","url":"https:\/\/arsenal24.pl\/","name":"\u0410\u0440\u0441\u0435\u043d\u0430\u043b - \u043c\u0430\u0433\u0430\u0437\u0438\u043d \u043f\u0440\u043e\u0444\u0435\u0441\u0456\u0439\u043d\u043e\u0457 \u0437\u0431\u0440\u043e\u0457 \u0442\u0430 \u0430\u043a\u0441\u0435\u0441\u0443\u0430\u0440\u0456\u0432","description":"","publisher":{"@id":"https:\/\/arsenal24.pl\/#organization"},"potentialAction":[{"@type":"SearchAction","target":{"@type":"EntryPoint","urlTemplate":"https:\/\/arsenal24.pl\/?s={search_term_string}"},"query-input":{"@type":"PropertyValueSpecification","valueRequired":true,"valueName":"search_term_string"}}],"inLanguage":"uk"},{"@type":"Organization","@id":"https:\/\/arsenal24.pl\/#organization","name":"\u0410\u0440\u0441\u0435\u043d\u0430\u043b - \u043c\u0430\u0433\u0430\u0437\u0438\u043d \u043f\u0440\u043e\u0444\u0435\u0441\u0456\u0439\u043d\u043e\u0457 \u0437\u0431\u0440\u043e\u0457 \u0442\u0430 \u0430\u043a\u0441\u0435\u0441\u0443\u0430\u0440\u0456\u0432","url":"https:\/\/arsenal24.pl\/","logo":{"@type":"ImageObject","inLanguage":"uk","@id":"https:\/\/arsenal24.pl\/#\/schema\/logo\/image\/","url":"https:\/\/server568771.nazwa.pl\/arse\/wp-content\/uploads\/2024\/03\/arsenal-24-logo.png","contentUrl":"https:\/\/server568771.nazwa.pl\/arse\/wp-content\/uploads\/2024\/03\/arsenal-24-logo.png","width":140,"height":140,"caption":"Arsena\u0142 - Profesjonalny sklep z broni\u0105 i akcesoriami"},"image":{"@id":"https:\/\/arsenal24.pl\/#\/schema\/logo\/image\/"},"sameAs":["https:\/\/www.facebook.com\/people\/Arsena-Sklep\/100035187290806\/?locale=pl_PL&paipv=0&eav=AfaBd4HS6M2sZy5PxVGmBIZx9hgg_97kXvqKJ8pngB-S_qRYY5xCeE23HjB7T-5FY6o&_rdr"]}]}},"_links":{"self":[{"href":"https:\/\/arsenal24.pl\/uk\/wp-json\/wp\/v2\/product\/6233","targetHints":{"allow":["GET"]}}],"collection":[{"href":"https:\/\/arsenal24.pl\/uk\/wp-json\/wp\/v2\/product"}],"about":[{"href":"https:\/\/arsenal24.pl\/uk\/wp-json\/wp\/v2\/types\/product"}],"version-history":[{"count":0,"href":"https:\/\/arsenal24.pl\/uk\/wp-json\/wp\/v2\/product\/6233\/revisions"}],"wp:featuredmedia":[{"embeddable":true,"href":"https:\/\/arsenal24.pl\/uk\/wp-json\/wp\/v2\/media\/6235"}],"wp:attachment":[{"href":"https:\/\/arsenal24.pl\/uk\/wp-json\/wp\/v2\/media?parent=6233"}],"wp:term":[{"taxonomy":"brand","embeddable":true,"href":"https:\/\/arsenal24.pl\/uk\/wp-json\/wp\/v2\/etheme_brands?post=6233"},{"taxonomy":"product_brand","embeddable":true,"href":"https:\/\/arsenal24.pl\/uk\/wp-json\/wp\/v2\/product_brand?post=6233"},{"taxonomy":"product_cat","embeddable":true,"href":"https:\/\/arsenal24.pl\/uk\/wp-json\/wp\/v2\/product_cat?post=6233"},{"taxonomy":"product_tag","embeddable":true,"href":"https:\/\/arsenal24.pl\/uk\/wp-json\/wp\/v2\/product_tag?post=6233"}],"curies":[{"name":"wp","href":"https:\/\/api.w.org\/{rel}","templated":true}]}}