{"id":6134,"date":"2024-11-06T14:51:03","date_gmt":"2024-11-06T13:51:03","guid":{"rendered":"https:\/\/arsenal24.pl\/?post_type=product&#038;p=6134"},"modified":"2024-11-06T14:51:04","modified_gmt":"2024-11-06T13:51:04","slug":"amunicja-ggg-223-rem-62gr-4-00g-fmj-arsenal-sklep","status":"publish","type":"product","link":"https:\/\/arsenal24.pl\/uk\/product\/amunicja-ggg-223-rem-62gr-4-00g-fmj-arsenal-sklep\/","title":{"rendered":"Amunicja GGG .223 Rem 62gr 4,00g FMJ"},"content":{"rendered":"<h3>\u0422\u0435\u0445\u043d\u0456\u0447\u043d\u0456 \u0434\u0430\u043d\u0456:<\/h3>\n<ul>\n<li><strong>Energia kinetyczna naboju [J]:<\/strong> 1800<\/li>\n<li><strong>Ilo\u015b\u0107 [szt.]: <\/strong>50<\/li>\n<li><strong>\u041a\u0430\u043b\u0456\u0431\u0440: <\/strong>.223 Remington<\/li>\n<li><strong>Pr\u0119dko\u015b\u0107 pocz\u0105tkowa [m\/s]: <\/strong>950<\/li>\n<li><strong>Spos\u00f3b zap\u0142onu:<\/strong> nab\u00f3j centralnego zap\u0142onu<\/li>\n<li><strong><strong>Typ pocisku: <\/strong><\/strong>Full Metal Jacket<\/li>\n<li><strong>Masa [gr]: <\/strong>62<\/li>\n<li><strong>Masa [g]: <\/strong>4<\/li>\n<li><strong>Producent:<\/strong> GGG &#8211; Girait\u0117s Ginkluot\u0117s Gamykla, Litwa<\/li>\n<\/ul>","protected":false},"excerpt":{"rendered":"<p>\u0411\u043e\u0454\u043f\u0440\u0438\u043f\u0430\u0441\u0438 <strong>GGG kal. .223 Rem 62 gr\/4 g FMJ<\/strong> to karabinowa amunicja z pociskiem <strong>pe\u0142nop\u0142aszczowym (Full Metal Jacket)<\/strong> o wadze<strong> 62 gr (4 g)<\/strong>. Dzi\u0119ki swojej konstrukcji, doskonale nadaje si\u0119 do strzelania na \u015brednich dystansach, w tym do cel\u00f3w treningowych i tarczowych.<\/p>\n<p>Opakowanie zawiera <strong>50 sztuk amunicji<\/strong>, kt\u00f3rej pr\u0119dko\u015b\u0107 pocz\u0105tkowa wynosi <strong>950 m\/s<\/strong>, a energia kinetyczna to <strong>1800 J<\/strong>. Amunicja posiada mosi\u0119\u017cny p\u0142aszcz i mosi\u0119\u017cn\u0105 \u0142usk\u0119, a jej pocisk charakteryzuje si\u0119 rdzeniem o\u0142owianym pokrytym metalem.<\/p>\n<p>Idealna do wykorzystania w celach treningowych.<\/p>","protected":false},"featured_media":6137,"template":"","meta":[],"etheme_brands":[{"term_id":240,"name":"GGG","slug":"ggg","term_group":0,"term_taxonomy_id":240,"taxonomy":"brand","description":"","parent":0,"count":10,"filter":"raw"}],"product_brand":[],"product_cat":[230],"product_tag":[],"class_list":{"0":"post-6134","1":"product","2":"type-product","3":"status-publish","4":"has-post-thumbnail","6":"brand-ggg","7":"product_cat-amunicja-centralnego-zaplonu","9":"first","10":"instock","11":"shipping-taxable","12":"purchasable","13":"product-type-simple"},"yoast_head":"<!-- This site is optimized with the Yoast SEO Premium plugin v24.0 (Yoast SEO v26.0) - https:\/\/yoast.com\/wordpress\/plugins\/seo\/ -->\n<title>Amunicja GGG .223 Rem 62gr 4.00g FMJ - Arsena\u0142 Sklep<\/title>\n<meta name=\"description\" content=\"Amunicja GGG kal. .223 Rem 62 gr\/4 g FMJ to karabinowa amunicja z pociskiem pe\u0142nop\u0142aszczowym (Full Metal Jacket) o wadze 62 gr (4 g).\" \/>\n<meta name=\"robots\" content=\"index, follow, max-snippet:-1, max-image-preview:large, max-video-preview:-1\" \/>\n<link rel=\"canonical\" href=\"https:\/\/arsenal24.pl\/uk\/product\/amunicja-ggg-223-rem-62gr-4-00g-fmj-arsenal-sklep\/\" \/>\n<meta property=\"og:locale\" content=\"uk_UA\" \/>\n<meta property=\"og:type\" content=\"article\" \/>\n<meta property=\"og:title\" content=\"Amunicja GGG .223 Rem 62gr 4,00g FMJ\" \/>\n<meta property=\"og:description\" content=\"Amunicja GGG kal. .223 Rem 62 gr\/4 g FMJ to karabinowa amunicja z pociskiem pe\u0142nop\u0142aszczowym (Full Metal Jacket) o wadze 62 gr (4 g).\" \/>\n<meta property=\"og:url\" content=\"https:\/\/arsenal24.pl\/uk\/product\/amunicja-ggg-223-rem-62gr-4-00g-fmj-arsenal-sklep\/\" \/>\n<meta property=\"og:site_name\" content=\"Arsena\u0142 - Profesjonalny sklep z broni\u0105 i akcesoriami\" \/>\n<meta property=\"article:publisher\" content=\"https:\/\/www.facebook.com\/people\/Arsena-Sklep\/100035187290806\/?locale=pl_PL&amp;paipv=0&amp;eav=AfaBd4HS6M2sZy5PxVGmBIZx9hgg_97kXvqKJ8pngB-S_qRYY5xCeE23HjB7T-5FY6o&amp;_rdr\" \/>\n<meta property=\"article:modified_time\" content=\"2024-11-06T13:51:04+00:00\" \/>\n<meta property=\"og:image\" content=\"https:\/\/arsenal24.pl\/wp-content\/uploads\/2024\/11\/photo1-12.webp\" \/>\n\t<meta property=\"og:image:width\" content=\"500\" \/>\n\t<meta property=\"og:image:height\" content=\"500\" \/>\n\t<meta property=\"og:image:type\" content=\"image\/webp\" \/>\n<meta name=\"twitter:card\" content=\"summary_large_image\" \/>\n<meta name=\"twitter:label1\" content=\"\u041f\u0440\u0438\u0431\u043b. \u0447\u0430\u0441 \u0447\u0438\u0442\u0430\u043d\u043d\u044f\" \/>\n\t<meta name=\"twitter:data1\" content=\"1 \u0445\u0432\u0438\u043b\u0438\u043d\u0430\" \/>\n<script type=\"application\/ld+json\" class=\"yoast-schema-graph\">{\"@context\":\"https:\/\/schema.org\",\"@graph\":[{\"@type\":\"WebPage\",\"@id\":\"https:\/\/arsenal24.pl\/produkt\/amunicja-ggg-223-rem-62gr-4-00g-fmj-arsenal-sklep\/\",\"url\":\"https:\/\/arsenal24.pl\/produkt\/amunicja-ggg-223-rem-62gr-4-00g-fmj-arsenal-sklep\/\",\"name\":\"Amunicja GGG .223 Rem 62gr 4.00g FMJ - Arsena\u0142 Sklep\",\"isPartOf\":{\"@id\":\"https:\/\/arsenal24.pl\/#website\"},\"primaryImageOfPage\":{\"@id\":\"https:\/\/arsenal24.pl\/produkt\/amunicja-ggg-223-rem-62gr-4-00g-fmj-arsenal-sklep\/#primaryimage\"},\"image\":{\"@id\":\"https:\/\/arsenal24.pl\/produkt\/amunicja-ggg-223-rem-62gr-4-00g-fmj-arsenal-sklep\/#primaryimage\"},\"thumbnailUrl\":\"https:\/\/arsenal24.pl\/wp-content\/uploads\/2024\/11\/photo1-12.webp\",\"datePublished\":\"2024-11-06T13:51:03+00:00\",\"dateModified\":\"2024-11-06T13:51:04+00:00\",\"description\":\"Amunicja GGG kal. .223 Rem 62 gr\/4 g FMJ to karabinowa amunicja z pociskiem pe\u0142nop\u0142aszczowym (Full Metal Jacket) o wadze 62 gr (4 g).\",\"breadcrumb\":{\"@id\":\"https:\/\/arsenal24.pl\/produkt\/amunicja-ggg-223-rem-62gr-4-00g-fmj-arsenal-sklep\/#breadcrumb\"},\"inLanguage\":\"uk\",\"potentialAction\":[{\"@type\":\"ReadAction\",\"target\":[\"https:\/\/arsenal24.pl\/produkt\/amunicja-ggg-223-rem-62gr-4-00g-fmj-arsenal-sklep\/\"]}]},{\"@type\":\"ImageObject\",\"inLanguage\":\"uk\",\"@id\":\"https:\/\/arsenal24.pl\/produkt\/amunicja-ggg-223-rem-62gr-4-00g-fmj-arsenal-sklep\/#primaryimage\",\"url\":\"https:\/\/arsenal24.pl\/wp-content\/uploads\/2024\/11\/photo1-12.webp\",\"contentUrl\":\"https:\/\/arsenal24.pl\/wp-content\/uploads\/2024\/11\/photo1-12.webp\",\"width\":500,\"height\":500},{\"@type\":\"BreadcrumbList\",\"@id\":\"https:\/\/arsenal24.pl\/produkt\/amunicja-ggg-223-rem-62gr-4-00g-fmj-arsenal-sklep\/#breadcrumb\",\"itemListElement\":[{\"@type\":\"ListItem\",\"position\":1,\"name\":\"Strona g\u0142\u00f3wna\",\"item\":\"https:\/\/arsenal24.pl\/\"},{\"@type\":\"ListItem\",\"position\":2,\"name\":\"Sklep\",\"item\":\"https:\/\/arsenal24.pl\/sklep\/\"},{\"@type\":\"ListItem\",\"position\":3,\"name\":\"Amunicja GGG .223 Rem 62gr 4,00g FMJ\"}]},{\"@type\":\"WebSite\",\"@id\":\"https:\/\/arsenal24.pl\/#website\",\"url\":\"https:\/\/arsenal24.pl\/\",\"name\":\"Arsena\u0142 - Profesjonalny sklep z broni\u0105 i akcesoriami\",\"description\":\"\",\"publisher\":{\"@id\":\"https:\/\/arsenal24.pl\/#organization\"},\"potentialAction\":[{\"@type\":\"SearchAction\",\"target\":{\"@type\":\"EntryPoint\",\"urlTemplate\":\"https:\/\/arsenal24.pl\/?s={search_term_string}\"},\"query-input\":{\"@type\":\"PropertyValueSpecification\",\"valueRequired\":true,\"valueName\":\"search_term_string\"}}],\"inLanguage\":\"uk\"},{\"@type\":\"Organization\",\"@id\":\"https:\/\/arsenal24.pl\/#organization\",\"name\":\"Arsena\u0142 - Profesjonalny sklep z broni\u0105 i akcesoriami\",\"url\":\"https:\/\/arsenal24.pl\/\",\"logo\":{\"@type\":\"ImageObject\",\"inLanguage\":\"uk\",\"@id\":\"https:\/\/arsenal24.pl\/#\/schema\/logo\/image\/\",\"url\":\"https:\/\/server568771.nazwa.pl\/arse\/wp-content\/uploads\/2024\/03\/arsenal-24-logo.png\",\"contentUrl\":\"https:\/\/server568771.nazwa.pl\/arse\/wp-content\/uploads\/2024\/03\/arsenal-24-logo.png\",\"width\":140,\"height\":140,\"caption\":\"Arsena\u0142 - Profesjonalny sklep z broni\u0105 i akcesoriami\"},\"image\":{\"@id\":\"https:\/\/arsenal24.pl\/#\/schema\/logo\/image\/\"},\"sameAs\":[\"https:\/\/www.facebook.com\/people\/Arsena-Sklep\/100035187290806\/?locale=pl_PL&paipv=0&eav=AfaBd4HS6M2sZy5PxVGmBIZx9hgg_97kXvqKJ8pngB-S_qRYY5xCeE23HjB7T-5FY6o&_rdr\"]}]}<\/script>\n<!-- \/ Yoast SEO Premium plugin. -->","yoast_head_json":{"title":"Amunicja GGG .223 Rem 62gr 4.00g FMJ - Arsena\u0142 Sklep","description":"Amunicja GGG kal. .223 Rem 62 gr\/4 g FMJ to karabinowa amunicja z pociskiem pe\u0142nop\u0142aszczowym (Full Metal Jacket) o wadze 62 gr (4 g).","robots":{"index":"index","follow":"follow","max-snippet":"max-snippet:-1","max-image-preview":"max-image-preview:large","max-video-preview":"max-video-preview:-1"},"canonical":"https:\/\/arsenal24.pl\/uk\/product\/amunicja-ggg-223-rem-62gr-4-00g-fmj-arsenal-sklep\/","og_locale":"uk_UA","og_type":"article","og_title":"Amunicja GGG .223 Rem 62gr 4,00g FMJ","og_description":"Amunicja GGG kal. .223 Rem 62 gr\/4 g FMJ to karabinowa amunicja z pociskiem pe\u0142nop\u0142aszczowym (Full Metal Jacket) o wadze 62 gr (4 g).","og_url":"https:\/\/arsenal24.pl\/uk\/product\/amunicja-ggg-223-rem-62gr-4-00g-fmj-arsenal-sklep\/","og_site_name":"Arsena\u0142 - Profesjonalny sklep z broni\u0105 i akcesoriami","article_publisher":"https:\/\/www.facebook.com\/people\/Arsena-Sklep\/100035187290806\/?locale=pl_PL&paipv=0&eav=AfaBd4HS6M2sZy5PxVGmBIZx9hgg_97kXvqKJ8pngB-S_qRYY5xCeE23HjB7T-5FY6o&_rdr","article_modified_time":"2024-11-06T13:51:04+00:00","og_image":[{"width":500,"height":500,"url":"https:\/\/arsenal24.pl\/wp-content\/uploads\/2024\/11\/photo1-12.webp","type":"image\/webp"}],"twitter_card":"summary_large_image","twitter_misc":{"\u041f\u0440\u0438\u0431\u043b. \u0447\u0430\u0441 \u0447\u0438\u0442\u0430\u043d\u043d\u044f":"1 \u0445\u0432\u0438\u043b\u0438\u043d\u0430"},"schema":{"@context":"https:\/\/schema.org","@graph":[{"@type":"WebPage","@id":"https:\/\/arsenal24.pl\/produkt\/amunicja-ggg-223-rem-62gr-4-00g-fmj-arsenal-sklep\/","url":"https:\/\/arsenal24.pl\/produkt\/amunicja-ggg-223-rem-62gr-4-00g-fmj-arsenal-sklep\/","name":"Amunicja GGG .223 Rem 62gr 4.00g FMJ - Arsena\u0142 Sklep","isPartOf":{"@id":"https:\/\/arsenal24.pl\/#website"},"primaryImageOfPage":{"@id":"https:\/\/arsenal24.pl\/produkt\/amunicja-ggg-223-rem-62gr-4-00g-fmj-arsenal-sklep\/#primaryimage"},"image":{"@id":"https:\/\/arsenal24.pl\/produkt\/amunicja-ggg-223-rem-62gr-4-00g-fmj-arsenal-sklep\/#primaryimage"},"thumbnailUrl":"https:\/\/arsenal24.pl\/wp-content\/uploads\/2024\/11\/photo1-12.webp","datePublished":"2024-11-06T13:51:03+00:00","dateModified":"2024-11-06T13:51:04+00:00","description":"Amunicja GGG kal. .223 Rem 62 gr\/4 g FMJ to karabinowa amunicja z pociskiem pe\u0142nop\u0142aszczowym (Full Metal Jacket) o wadze 62 gr (4 g).","breadcrumb":{"@id":"https:\/\/arsenal24.pl\/produkt\/amunicja-ggg-223-rem-62gr-4-00g-fmj-arsenal-sklep\/#breadcrumb"},"inLanguage":"uk","potentialAction":[{"@type":"ReadAction","target":["https:\/\/arsenal24.pl\/produkt\/amunicja-ggg-223-rem-62gr-4-00g-fmj-arsenal-sklep\/"]}]},{"@type":"ImageObject","inLanguage":"uk","@id":"https:\/\/arsenal24.pl\/produkt\/amunicja-ggg-223-rem-62gr-4-00g-fmj-arsenal-sklep\/#primaryimage","url":"https:\/\/arsenal24.pl\/wp-content\/uploads\/2024\/11\/photo1-12.webp","contentUrl":"https:\/\/arsenal24.pl\/wp-content\/uploads\/2024\/11\/photo1-12.webp","width":500,"height":500},{"@type":"BreadcrumbList","@id":"https:\/\/arsenal24.pl\/produkt\/amunicja-ggg-223-rem-62gr-4-00g-fmj-arsenal-sklep\/#breadcrumb","itemListElement":[{"@type":"ListItem","position":1,"name":"Strona g\u0142\u00f3wna","item":"https:\/\/arsenal24.pl\/"},{"@type":"ListItem","position":2,"name":"Sklep","item":"https:\/\/arsenal24.pl\/sklep\/"},{"@type":"ListItem","position":3,"name":"Amunicja GGG .223 Rem 62gr 4,00g FMJ"}]},{"@type":"WebSite","@id":"https:\/\/arsenal24.pl\/#website","url":"https:\/\/arsenal24.pl\/","name":"\u0410\u0440\u0441\u0435\u043d\u0430\u043b - \u043c\u0430\u0433\u0430\u0437\u0438\u043d \u043f\u0440\u043e\u0444\u0435\u0441\u0456\u0439\u043d\u043e\u0457 \u0437\u0431\u0440\u043e\u0457 \u0442\u0430 \u0430\u043a\u0441\u0435\u0441\u0443\u0430\u0440\u0456\u0432","description":"","publisher":{"@id":"https:\/\/arsenal24.pl\/#organization"},"potentialAction":[{"@type":"SearchAction","target":{"@type":"EntryPoint","urlTemplate":"https:\/\/arsenal24.pl\/?s={search_term_string}"},"query-input":{"@type":"PropertyValueSpecification","valueRequired":true,"valueName":"search_term_string"}}],"inLanguage":"uk"},{"@type":"Organization","@id":"https:\/\/arsenal24.pl\/#organization","name":"\u0410\u0440\u0441\u0435\u043d\u0430\u043b - \u043c\u0430\u0433\u0430\u0437\u0438\u043d \u043f\u0440\u043e\u0444\u0435\u0441\u0456\u0439\u043d\u043e\u0457 \u0437\u0431\u0440\u043e\u0457 \u0442\u0430 \u0430\u043a\u0441\u0435\u0441\u0443\u0430\u0440\u0456\u0432","url":"https:\/\/arsenal24.pl\/","logo":{"@type":"ImageObject","inLanguage":"uk","@id":"https:\/\/arsenal24.pl\/#\/schema\/logo\/image\/","url":"https:\/\/server568771.nazwa.pl\/arse\/wp-content\/uploads\/2024\/03\/arsenal-24-logo.png","contentUrl":"https:\/\/server568771.nazwa.pl\/arse\/wp-content\/uploads\/2024\/03\/arsenal-24-logo.png","width":140,"height":140,"caption":"Arsena\u0142 - Profesjonalny sklep z broni\u0105 i akcesoriami"},"image":{"@id":"https:\/\/arsenal24.pl\/#\/schema\/logo\/image\/"},"sameAs":["https:\/\/www.facebook.com\/people\/Arsena-Sklep\/100035187290806\/?locale=pl_PL&paipv=0&eav=AfaBd4HS6M2sZy5PxVGmBIZx9hgg_97kXvqKJ8pngB-S_qRYY5xCeE23HjB7T-5FY6o&_rdr"]}]}},"_links":{"self":[{"href":"https:\/\/arsenal24.pl\/uk\/wp-json\/wp\/v2\/product\/6134","targetHints":{"allow":["GET"]}}],"collection":[{"href":"https:\/\/arsenal24.pl\/uk\/wp-json\/wp\/v2\/product"}],"about":[{"href":"https:\/\/arsenal24.pl\/uk\/wp-json\/wp\/v2\/types\/product"}],"version-history":[{"count":0,"href":"https:\/\/arsenal24.pl\/uk\/wp-json\/wp\/v2\/product\/6134\/revisions"}],"wp:featuredmedia":[{"embeddable":true,"href":"https:\/\/arsenal24.pl\/uk\/wp-json\/wp\/v2\/media\/6137"}],"wp:attachment":[{"href":"https:\/\/arsenal24.pl\/uk\/wp-json\/wp\/v2\/media?parent=6134"}],"wp:term":[{"taxonomy":"brand","embeddable":true,"href":"https:\/\/arsenal24.pl\/uk\/wp-json\/wp\/v2\/etheme_brands?post=6134"},{"taxonomy":"product_brand","embeddable":true,"href":"https:\/\/arsenal24.pl\/uk\/wp-json\/wp\/v2\/product_brand?post=6134"},{"taxonomy":"product_cat","embeddable":true,"href":"https:\/\/arsenal24.pl\/uk\/wp-json\/wp\/v2\/product_cat?post=6134"},{"taxonomy":"product_tag","embeddable":true,"href":"https:\/\/arsenal24.pl\/uk\/wp-json\/wp\/v2\/product_tag?post=6134"}],"curies":[{"name":"wp","href":"https:\/\/api.w.org\/{rel}","templated":true}]}}