{"id":5976,"date":"2024-10-03T10:42:26","date_gmt":"2024-10-03T08:42:26","guid":{"rendered":"https:\/\/server568771.nazwa.pl\/arse\/?post_type=product&#038;p=5976"},"modified":"2025-11-20T14:59:56","modified_gmt":"2025-11-20T13:59:56","slug":"pistolet-glock-43-9x19mm-arsenal","status":"publish","type":"product","link":"https:\/\/arsenal24.pl\/uk\/product\/pistolet-glock-43-9x19mm-arsenal\/","title":{"rendered":"Pistolet Glock 43 9x19mm"},"content":{"rendered":"<p><strong>Glock 43<\/strong> to pistolet z jednorz\u0119dowym magazynkiem, kt\u00f3ry sprawdzi si\u0119 doskonale dla ka\u017cdego strzelca. R\u0119koje\u015b\u0107 w kszta\u0142cie &#8222;Beavertail&#8221; oraz unikalna faktura zapewniaj\u0105 pewny chwyt w r\u00f3\u017cnych warunkach. Powi\u0119kszony zaczep magazynka u\u0142atwia jego wymian\u0119. Mimo kompaktowych rozmiar\u00f3w, Glock 43 charakteryzuje si\u0119 tak\u0105 sam\u0105 wytrzyma\u0142o\u015bci\u0105 i niezawodno\u015bci\u0105 jak pozosta\u0142e modele GLOCK.<\/p>","protected":false},"excerpt":{"rendered":"<p class=\"western\" align=\"justify\">Dane:<\/p>\n<ul>\n<li>D\u0142ugo\u015b\u0107 broni:\u00a0159\u00a0mm<\/li>\n<li>Wysoko\u015b\u0107: 108\u00a0mm<\/li>\n<li>Szeroko\u015b\u0107:\u00a027\u00a0mm<\/li>\n<li>D\u0142ugo\u015b\u0107 lufy:\u00a086.5\u00a0mm<\/li>\n<li>Waga pistoletu bez magazynka:\u00a0460\u00a0g<\/li>\n<li>Waga pistoletu z magazynkiem:\u00a0510\u00a0g<\/li>\n<li>Waga pistoletu z na\u0142adowanym magazynkiem:\u00a0585\u00a0g<\/li>\n<li>Op\u00f3r spustu: 24\u00a0N<\/li>\n<li>System zabezpiecze\u0144: Safe Action<\/li>\n<\/ul>","protected":false},"featured_media":6001,"template":"","meta":[],"etheme_brands":[{"term_id":51,"name":"Glock","slug":"glock-gmbh","term_group":0,"term_taxonomy_id":51,"taxonomy":"brand","description":"","parent":0,"count":11,"filter":"raw"}],"product_brand":[],"product_cat":[49],"product_tag":[],"class_list":{"0":"post-5976","1":"product","2":"type-product","3":"status-publish","4":"has-post-thumbnail","6":"brand-glock-gmbh","7":"product_cat-bron-krotka","9":"first","10":"instock","11":"sale","12":"shipping-taxable","13":"purchasable","14":"product-type-simple"},"yoast_head":"<!-- This site is optimized with the Yoast SEO Premium plugin v24.0 (Yoast SEO v26.0) - https:\/\/yoast.com\/wordpress\/plugins\/seo\/ -->\n<title>Pistolet Glock 43 9x19mm - Arsena\u0142<\/title>\n<meta name=\"description\" content=\"Pistolet GLOCK 43 9x19mm jest uniwersalnym rozwi\u0105zaniem dla os\u00f3b kt\u00f3re szukaj\u0105 prostej i kompaktowej konstrukcji. Zestaw kompletny.\" \/>\n<meta name=\"robots\" content=\"index, follow, max-snippet:-1, max-image-preview:large, max-video-preview:-1\" \/>\n<link rel=\"canonical\" href=\"https:\/\/arsenal24.pl\/uk\/product\/pistolet-glock-43-9x19mm-arsenal\/\" \/>\n<meta property=\"og:locale\" content=\"uk_UA\" \/>\n<meta property=\"og:type\" content=\"article\" \/>\n<meta property=\"og:title\" content=\"Pistolet Glock 43 9x19mm\" \/>\n<meta property=\"og:description\" content=\"Pistolet GLOCK 43 9x19mm jest uniwersalnym rozwi\u0105zaniem dla os\u00f3b kt\u00f3re szukaj\u0105 prostej i kompaktowej konstrukcji. Zestaw kompletny.\" \/>\n<meta property=\"og:url\" content=\"https:\/\/arsenal24.pl\/uk\/product\/pistolet-glock-43-9x19mm-arsenal\/\" \/>\n<meta property=\"og:site_name\" content=\"Arsena\u0142 - Profesjonalny sklep z broni\u0105 i akcesoriami\" \/>\n<meta property=\"article:publisher\" content=\"https:\/\/www.facebook.com\/people\/Arsena-Sklep\/100035187290806\/?locale=pl_PL&amp;paipv=0&amp;eav=AfaBd4HS6M2sZy5PxVGmBIZx9hgg_97kXvqKJ8pngB-S_qRYY5xCeE23HjB7T-5FY6o&amp;_rdr\" \/>\n<meta property=\"article:modified_time\" content=\"2025-11-20T13:59:56+00:00\" \/>\n<meta property=\"og:image\" content=\"https:\/\/arsenal24.pl\/wp-content\/uploads\/2024\/09\/photo1-16.webp\" \/>\n\t<meta property=\"og:image:width\" content=\"900\" \/>\n\t<meta property=\"og:image:height\" content=\"900\" \/>\n\t<meta property=\"og:image:type\" content=\"image\/webp\" \/>\n<meta name=\"twitter:card\" content=\"summary_large_image\" \/>\n<meta name=\"twitter:label1\" content=\"\u041f\u0440\u0438\u0431\u043b. \u0447\u0430\u0441 \u0447\u0438\u0442\u0430\u043d\u043d\u044f\" \/>\n\t<meta name=\"twitter:data1\" content=\"1 \u0445\u0432\u0438\u043b\u0438\u043d\u0430\" \/>\n<script type=\"application\/ld+json\" class=\"yoast-schema-graph\">{\"@context\":\"https:\/\/schema.org\",\"@graph\":[{\"@type\":\"WebPage\",\"@id\":\"https:\/\/arsenal24.pl\/produkt\/pistolet-glock-43-9x19mm-arsenal\/\",\"url\":\"https:\/\/arsenal24.pl\/produkt\/pistolet-glock-43-9x19mm-arsenal\/\",\"name\":\"Pistolet Glock 43 9x19mm - Arsena\u0142\",\"isPartOf\":{\"@id\":\"https:\/\/arsenal24.pl\/#website\"},\"primaryImageOfPage\":{\"@id\":\"https:\/\/arsenal24.pl\/produkt\/pistolet-glock-43-9x19mm-arsenal\/#primaryimage\"},\"image\":{\"@id\":\"https:\/\/arsenal24.pl\/produkt\/pistolet-glock-43-9x19mm-arsenal\/#primaryimage\"},\"thumbnailUrl\":\"https:\/\/arsenal24.pl\/wp-content\/uploads\/2024\/09\/photo1-16.webp\",\"datePublished\":\"2024-10-03T08:42:26+00:00\",\"dateModified\":\"2025-11-20T13:59:56+00:00\",\"description\":\"Pistolet GLOCK 43 9x19mm jest uniwersalnym rozwi\u0105zaniem dla os\u00f3b kt\u00f3re szukaj\u0105 prostej i kompaktowej konstrukcji. Zestaw kompletny.\",\"breadcrumb\":{\"@id\":\"https:\/\/arsenal24.pl\/produkt\/pistolet-glock-43-9x19mm-arsenal\/#breadcrumb\"},\"inLanguage\":\"uk\",\"potentialAction\":[{\"@type\":\"ReadAction\",\"target\":[\"https:\/\/arsenal24.pl\/produkt\/pistolet-glock-43-9x19mm-arsenal\/\"]}]},{\"@type\":\"ImageObject\",\"inLanguage\":\"uk\",\"@id\":\"https:\/\/arsenal24.pl\/produkt\/pistolet-glock-43-9x19mm-arsenal\/#primaryimage\",\"url\":\"https:\/\/arsenal24.pl\/wp-content\/uploads\/2024\/09\/photo1-16.webp\",\"contentUrl\":\"https:\/\/arsenal24.pl\/wp-content\/uploads\/2024\/09\/photo1-16.webp\",\"width\":900,\"height\":900},{\"@type\":\"BreadcrumbList\",\"@id\":\"https:\/\/arsenal24.pl\/produkt\/pistolet-glock-43-9x19mm-arsenal\/#breadcrumb\",\"itemListElement\":[{\"@type\":\"ListItem\",\"position\":1,\"name\":\"Strona g\u0142\u00f3wna\",\"item\":\"https:\/\/arsenal24.pl\/\"},{\"@type\":\"ListItem\",\"position\":2,\"name\":\"Sklep\",\"item\":\"https:\/\/arsenal24.pl\/sklep\/\"},{\"@type\":\"ListItem\",\"position\":3,\"name\":\"Pistolet Glock 43 9x19mm\"}]},{\"@type\":\"WebSite\",\"@id\":\"https:\/\/arsenal24.pl\/#website\",\"url\":\"https:\/\/arsenal24.pl\/\",\"name\":\"Arsena\u0142 - Profesjonalny sklep z broni\u0105 i akcesoriami\",\"description\":\"\",\"publisher\":{\"@id\":\"https:\/\/arsenal24.pl\/#organization\"},\"potentialAction\":[{\"@type\":\"SearchAction\",\"target\":{\"@type\":\"EntryPoint\",\"urlTemplate\":\"https:\/\/arsenal24.pl\/?s={search_term_string}\"},\"query-input\":{\"@type\":\"PropertyValueSpecification\",\"valueRequired\":true,\"valueName\":\"search_term_string\"}}],\"inLanguage\":\"uk\"},{\"@type\":\"Organization\",\"@id\":\"https:\/\/arsenal24.pl\/#organization\",\"name\":\"Arsena\u0142 - Profesjonalny sklep z broni\u0105 i akcesoriami\",\"url\":\"https:\/\/arsenal24.pl\/\",\"logo\":{\"@type\":\"ImageObject\",\"inLanguage\":\"uk\",\"@id\":\"https:\/\/arsenal24.pl\/#\/schema\/logo\/image\/\",\"url\":\"https:\/\/server568771.nazwa.pl\/arse\/wp-content\/uploads\/2024\/03\/arsenal-24-logo.png\",\"contentUrl\":\"https:\/\/server568771.nazwa.pl\/arse\/wp-content\/uploads\/2024\/03\/arsenal-24-logo.png\",\"width\":140,\"height\":140,\"caption\":\"Arsena\u0142 - Profesjonalny sklep z broni\u0105 i akcesoriami\"},\"image\":{\"@id\":\"https:\/\/arsenal24.pl\/#\/schema\/logo\/image\/\"},\"sameAs\":[\"https:\/\/www.facebook.com\/people\/Arsena-Sklep\/100035187290806\/?locale=pl_PL&paipv=0&eav=AfaBd4HS6M2sZy5PxVGmBIZx9hgg_97kXvqKJ8pngB-S_qRYY5xCeE23HjB7T-5FY6o&_rdr\"]}]}<\/script>\n<!-- \/ Yoast SEO Premium plugin. -->","yoast_head_json":{"title":"Pistolet Glock 43 9x19mm - Arsena\u0142","description":"Pistolet GLOCK 43 9x19mm jest uniwersalnym rozwi\u0105zaniem dla os\u00f3b kt\u00f3re szukaj\u0105 prostej i kompaktowej konstrukcji. Zestaw kompletny.","robots":{"index":"index","follow":"follow","max-snippet":"max-snippet:-1","max-image-preview":"max-image-preview:large","max-video-preview":"max-video-preview:-1"},"canonical":"https:\/\/arsenal24.pl\/uk\/product\/pistolet-glock-43-9x19mm-arsenal\/","og_locale":"uk_UA","og_type":"article","og_title":"Pistolet Glock 43 9x19mm","og_description":"Pistolet GLOCK 43 9x19mm jest uniwersalnym rozwi\u0105zaniem dla os\u00f3b kt\u00f3re szukaj\u0105 prostej i kompaktowej konstrukcji. Zestaw kompletny.","og_url":"https:\/\/arsenal24.pl\/uk\/product\/pistolet-glock-43-9x19mm-arsenal\/","og_site_name":"Arsena\u0142 - Profesjonalny sklep z broni\u0105 i akcesoriami","article_publisher":"https:\/\/www.facebook.com\/people\/Arsena-Sklep\/100035187290806\/?locale=pl_PL&paipv=0&eav=AfaBd4HS6M2sZy5PxVGmBIZx9hgg_97kXvqKJ8pngB-S_qRYY5xCeE23HjB7T-5FY6o&_rdr","article_modified_time":"2025-11-20T13:59:56+00:00","og_image":[{"width":900,"height":900,"url":"https:\/\/arsenal24.pl\/wp-content\/uploads\/2024\/09\/photo1-16.webp","type":"image\/webp"}],"twitter_card":"summary_large_image","twitter_misc":{"\u041f\u0440\u0438\u0431\u043b. \u0447\u0430\u0441 \u0447\u0438\u0442\u0430\u043d\u043d\u044f":"1 \u0445\u0432\u0438\u043b\u0438\u043d\u0430"},"schema":{"@context":"https:\/\/schema.org","@graph":[{"@type":"WebPage","@id":"https:\/\/arsenal24.pl\/produkt\/pistolet-glock-43-9x19mm-arsenal\/","url":"https:\/\/arsenal24.pl\/produkt\/pistolet-glock-43-9x19mm-arsenal\/","name":"Pistolet Glock 43 9x19mm - Arsena\u0142","isPartOf":{"@id":"https:\/\/arsenal24.pl\/#website"},"primaryImageOfPage":{"@id":"https:\/\/arsenal24.pl\/produkt\/pistolet-glock-43-9x19mm-arsenal\/#primaryimage"},"image":{"@id":"https:\/\/arsenal24.pl\/produkt\/pistolet-glock-43-9x19mm-arsenal\/#primaryimage"},"thumbnailUrl":"https:\/\/arsenal24.pl\/wp-content\/uploads\/2024\/09\/photo1-16.webp","datePublished":"2024-10-03T08:42:26+00:00","dateModified":"2025-11-20T13:59:56+00:00","description":"Pistolet GLOCK 43 9x19mm jest uniwersalnym rozwi\u0105zaniem dla os\u00f3b kt\u00f3re szukaj\u0105 prostej i kompaktowej konstrukcji. Zestaw kompletny.","breadcrumb":{"@id":"https:\/\/arsenal24.pl\/produkt\/pistolet-glock-43-9x19mm-arsenal\/#breadcrumb"},"inLanguage":"uk","potentialAction":[{"@type":"ReadAction","target":["https:\/\/arsenal24.pl\/produkt\/pistolet-glock-43-9x19mm-arsenal\/"]}]},{"@type":"ImageObject","inLanguage":"uk","@id":"https:\/\/arsenal24.pl\/produkt\/pistolet-glock-43-9x19mm-arsenal\/#primaryimage","url":"https:\/\/arsenal24.pl\/wp-content\/uploads\/2024\/09\/photo1-16.webp","contentUrl":"https:\/\/arsenal24.pl\/wp-content\/uploads\/2024\/09\/photo1-16.webp","width":900,"height":900},{"@type":"BreadcrumbList","@id":"https:\/\/arsenal24.pl\/produkt\/pistolet-glock-43-9x19mm-arsenal\/#breadcrumb","itemListElement":[{"@type":"ListItem","position":1,"name":"Strona g\u0142\u00f3wna","item":"https:\/\/arsenal24.pl\/"},{"@type":"ListItem","position":2,"name":"Sklep","item":"https:\/\/arsenal24.pl\/sklep\/"},{"@type":"ListItem","position":3,"name":"Pistolet Glock 43 9x19mm"}]},{"@type":"WebSite","@id":"https:\/\/arsenal24.pl\/#website","url":"https:\/\/arsenal24.pl\/","name":"\u0410\u0440\u0441\u0435\u043d\u0430\u043b - \u043c\u0430\u0433\u0430\u0437\u0438\u043d \u043f\u0440\u043e\u0444\u0435\u0441\u0456\u0439\u043d\u043e\u0457 \u0437\u0431\u0440\u043e\u0457 \u0442\u0430 \u0430\u043a\u0441\u0435\u0441\u0443\u0430\u0440\u0456\u0432","description":"","publisher":{"@id":"https:\/\/arsenal24.pl\/#organization"},"potentialAction":[{"@type":"SearchAction","target":{"@type":"EntryPoint","urlTemplate":"https:\/\/arsenal24.pl\/?s={search_term_string}"},"query-input":{"@type":"PropertyValueSpecification","valueRequired":true,"valueName":"search_term_string"}}],"inLanguage":"uk"},{"@type":"Organization","@id":"https:\/\/arsenal24.pl\/#organization","name":"\u0410\u0440\u0441\u0435\u043d\u0430\u043b - \u043c\u0430\u0433\u0430\u0437\u0438\u043d \u043f\u0440\u043e\u0444\u0435\u0441\u0456\u0439\u043d\u043e\u0457 \u0437\u0431\u0440\u043e\u0457 \u0442\u0430 \u0430\u043a\u0441\u0435\u0441\u0443\u0430\u0440\u0456\u0432","url":"https:\/\/arsenal24.pl\/","logo":{"@type":"ImageObject","inLanguage":"uk","@id":"https:\/\/arsenal24.pl\/#\/schema\/logo\/image\/","url":"https:\/\/server568771.nazwa.pl\/arse\/wp-content\/uploads\/2024\/03\/arsenal-24-logo.png","contentUrl":"https:\/\/server568771.nazwa.pl\/arse\/wp-content\/uploads\/2024\/03\/arsenal-24-logo.png","width":140,"height":140,"caption":"Arsena\u0142 - Profesjonalny sklep z broni\u0105 i akcesoriami"},"image":{"@id":"https:\/\/arsenal24.pl\/#\/schema\/logo\/image\/"},"sameAs":["https:\/\/www.facebook.com\/people\/Arsena-Sklep\/100035187290806\/?locale=pl_PL&paipv=0&eav=AfaBd4HS6M2sZy5PxVGmBIZx9hgg_97kXvqKJ8pngB-S_qRYY5xCeE23HjB7T-5FY6o&_rdr"]}]}},"_links":{"self":[{"href":"https:\/\/arsenal24.pl\/uk\/wp-json\/wp\/v2\/product\/5976","targetHints":{"allow":["GET"]}}],"collection":[{"href":"https:\/\/arsenal24.pl\/uk\/wp-json\/wp\/v2\/product"}],"about":[{"href":"https:\/\/arsenal24.pl\/uk\/wp-json\/wp\/v2\/types\/product"}],"version-history":[{"count":1,"href":"https:\/\/arsenal24.pl\/uk\/wp-json\/wp\/v2\/product\/5976\/revisions"}],"predecessor-version":[{"id":7283,"href":"https:\/\/arsenal24.pl\/uk\/wp-json\/wp\/v2\/product\/5976\/revisions\/7283"}],"wp:featuredmedia":[{"embeddable":true,"href":"https:\/\/arsenal24.pl\/uk\/wp-json\/wp\/v2\/media\/6001"}],"wp:attachment":[{"href":"https:\/\/arsenal24.pl\/uk\/wp-json\/wp\/v2\/media?parent=5976"}],"wp:term":[{"taxonomy":"brand","embeddable":true,"href":"https:\/\/arsenal24.pl\/uk\/wp-json\/wp\/v2\/etheme_brands?post=5976"},{"taxonomy":"product_brand","embeddable":true,"href":"https:\/\/arsenal24.pl\/uk\/wp-json\/wp\/v2\/product_brand?post=5976"},{"taxonomy":"product_cat","embeddable":true,"href":"https:\/\/arsenal24.pl\/uk\/wp-json\/wp\/v2\/product_cat?post=5976"},{"taxonomy":"product_tag","embeddable":true,"href":"https:\/\/arsenal24.pl\/uk\/wp-json\/wp\/v2\/product_tag?post=5976"}],"curies":[{"name":"wp","href":"https:\/\/api.w.org\/{rel}","templated":true}]}}