{"id":5680,"date":"2024-08-08T10:56:00","date_gmt":"2024-08-08T08:56:00","guid":{"rendered":"https:\/\/server568771.nazwa.pl\/arse\/?post_type=product&#038;p=5680"},"modified":"2024-11-06T15:57:33","modified_gmt":"2024-11-06T14:57:33","slug":"amunicja-ggg-223-rem-55gr-3-56g-fmj-arsenal","status":"publish","type":"product","link":"https:\/\/arsenal24.pl\/uk\/product\/amunicja-ggg-223-rem-55gr-3-56g-fmj-arsenal\/","title":{"rendered":"GGG .223 Rem 55gr 3.56g FMJ \u043f\u0430\u0442\u0440\u043e\u043d\u0438"},"content":{"rendered":"<h3>\u0422\u0435\u0445\u043d\u0456\u0447\u043d\u0456 \u0434\u0430\u043d\u0456:<\/h3>\n<ul>\n<li><strong>Energia kinetyczna naboju [J]:<\/strong> 1835<\/li>\n<li><strong>Ilo\u015b\u0107 [szt.]: <\/strong>50<\/li>\n<li><strong>\u041a\u0430\u043b\u0456\u0431\u0440: <\/strong>.223 Remington<\/li>\n<li><strong>Pr\u0119dko\u015b\u0107 pocz\u0105tkowa [m\/s]:<\/strong> 1015<\/li>\n<li><strong>Spos\u00f3b zap\u0142onu:<\/strong> nab\u00f3j centralnego zap\u0142onu<\/li>\n<li><strong>Typ pocisku: <\/strong>Full Metal Jacket<\/li>\n<li><strong>Masa [gr]: <\/strong>55<\/li>\n<li><strong>Masa [g]:<\/strong> 3,56<\/li>\n<li><strong>Producent:<\/strong> GGG &#8211; Girait\u0117s Ginkluot\u0117s Gamykla, Litwa<\/li>\n<\/ul>","protected":false},"excerpt":{"rendered":"<p>Dane techniczne: Energia kinetyczna naboju [J]: 1835 Ilo\u015b\u0107 [szt.]: 50 Kaliber: .223 Remington Pr\u0119dko\u015b\u0107 pocz\u0105tkowa [m\/s]: 1015 Spos\u00f3b zap\u0142onu: nab\u00f3j centralnego zap\u0142onu Typ pocisku: Full&#8230;<\/p>","protected":false},"featured_media":6170,"template":"","meta":[],"etheme_brands":[{"term_id":240,"name":"GGG","slug":"ggg","term_group":0,"term_taxonomy_id":240,"taxonomy":"brand","description":"","parent":0,"count":10,"filter":"raw"}],"product_brand":[],"product_cat":[230],"product_tag":[],"class_list":{"0":"post-5680","1":"product","2":"type-product","3":"status-publish","4":"has-post-thumbnail","6":"brand-ggg","7":"product_cat-amunicja-centralnego-zaplonu","9":"first","10":"instock","11":"shipping-taxable","12":"purchasable","13":"product-type-simple"},"yoast_head":"<!-- This site is optimized with the Yoast SEO Premium plugin v24.0 (Yoast SEO v26.0) - https:\/\/yoast.com\/wordpress\/plugins\/seo\/ -->\n<title>Amunicja GGG .223 Rem 55gr 3.56g FMJ - Arsena\u0142<\/title>\n<meta name=\"description\" content=\"Amunicja karabinowa Litewskiej produkcji GGG .223 Remington 55gr FMJ z mosi\u0119\u017cn\u0105 \u0142usk\u0105, pocisk 3.56g. Opakowanie: 50 sztuk. Kaliber 5.56x45mm NATO.\" \/>\n<meta name=\"robots\" content=\"index, follow, max-snippet:-1, max-image-preview:large, max-video-preview:-1\" \/>\n<link rel=\"canonical\" href=\"https:\/\/arsenal24.pl\/uk\/product\/amunicja-ggg-223-rem-55gr-3-56g-fmj-arsenal\/\" \/>\n<meta property=\"og:locale\" content=\"uk_UA\" \/>\n<meta property=\"og:type\" content=\"article\" \/>\n<meta property=\"og:title\" content=\"Amunicja GGG .223 Rem 55gr 3.56g FMJ\" \/>\n<meta property=\"og:description\" content=\"Amunicja karabinowa Litewskiej produkcji GGG .223 Remington 55gr FMJ z mosi\u0119\u017cn\u0105 \u0142usk\u0105, pocisk 3.56g. Opakowanie: 50 sztuk. Kaliber 5.56x45mm NATO.\" \/>\n<meta property=\"og:url\" content=\"https:\/\/arsenal24.pl\/uk\/product\/amunicja-ggg-223-rem-55gr-3-56g-fmj-arsenal\/\" \/>\n<meta property=\"og:site_name\" content=\"Arsena\u0142 - Profesjonalny sklep z broni\u0105 i akcesoriami\" \/>\n<meta property=\"article:publisher\" content=\"https:\/\/www.facebook.com\/people\/Arsena-Sklep\/100035187290806\/?locale=pl_PL&amp;paipv=0&amp;eav=AfaBd4HS6M2sZy5PxVGmBIZx9hgg_97kXvqKJ8pngB-S_qRYY5xCeE23HjB7T-5FY6o&amp;_rdr\" \/>\n<meta property=\"article:modified_time\" content=\"2024-11-06T14:57:33+00:00\" \/>\n<meta property=\"og:image\" content=\"https:\/\/arsenal24.pl\/wp-content\/uploads\/2024\/08\/photo3.webp\" \/>\n\t<meta property=\"og:image:width\" content=\"2500\" \/>\n\t<meta property=\"og:image:height\" content=\"2500\" \/>\n\t<meta property=\"og:image:type\" content=\"image\/webp\" \/>\n<meta name=\"twitter:card\" content=\"summary_large_image\" \/>\n<meta name=\"twitter:label1\" content=\"\u041f\u0440\u0438\u0431\u043b. \u0447\u0430\u0441 \u0447\u0438\u0442\u0430\u043d\u043d\u044f\" \/>\n\t<meta name=\"twitter:data1\" content=\"1 \u0445\u0432\u0438\u043b\u0438\u043d\u0430\" \/>\n<script type=\"application\/ld+json\" class=\"yoast-schema-graph\">{\"@context\":\"https:\/\/schema.org\",\"@graph\":[{\"@type\":\"WebPage\",\"@id\":\"https:\/\/arsenal24.pl\/en\/product\/amunicja-ggg-223-rem-55gr-3-56g-fmj-arsenal\/\",\"url\":\"https:\/\/arsenal24.pl\/en\/product\/amunicja-ggg-223-rem-55gr-3-56g-fmj-arsenal\/\",\"name\":\"Amunicja GGG .223 Rem 55gr 3.56g FMJ - Arsena\u0142\",\"isPartOf\":{\"@id\":\"https:\/\/arsenal24.pl\/#website\"},\"primaryImageOfPage\":{\"@id\":\"https:\/\/arsenal24.pl\/en\/product\/amunicja-ggg-223-rem-55gr-3-56g-fmj-arsenal\/#primaryimage\"},\"image\":{\"@id\":\"https:\/\/arsenal24.pl\/en\/product\/amunicja-ggg-223-rem-55gr-3-56g-fmj-arsenal\/#primaryimage\"},\"thumbnailUrl\":\"https:\/\/arsenal24.pl\/wp-content\/uploads\/2024\/08\/photo3.webp\",\"datePublished\":\"2024-08-08T08:56:00+00:00\",\"dateModified\":\"2024-11-06T14:57:33+00:00\",\"description\":\"Amunicja karabinowa Litewskiej produkcji GGG .223 Remington 55gr FMJ z mosi\u0119\u017cn\u0105 \u0142usk\u0105, pocisk 3.56g. Opakowanie: 50 sztuk. Kaliber 5.56x45mm NATO.\",\"breadcrumb\":{\"@id\":\"https:\/\/arsenal24.pl\/en\/product\/amunicja-ggg-223-rem-55gr-3-56g-fmj-arsenal\/#breadcrumb\"},\"inLanguage\":\"uk\",\"potentialAction\":[{\"@type\":\"ReadAction\",\"target\":[\"https:\/\/arsenal24.pl\/en\/product\/amunicja-ggg-223-rem-55gr-3-56g-fmj-arsenal\/\"]}]},{\"@type\":\"ImageObject\",\"inLanguage\":\"uk\",\"@id\":\"https:\/\/arsenal24.pl\/en\/product\/amunicja-ggg-223-rem-55gr-3-56g-fmj-arsenal\/#primaryimage\",\"url\":\"https:\/\/arsenal24.pl\/wp-content\/uploads\/2024\/08\/photo3.webp\",\"contentUrl\":\"https:\/\/arsenal24.pl\/wp-content\/uploads\/2024\/08\/photo3.webp\",\"width\":2500,\"height\":2500},{\"@type\":\"BreadcrumbList\",\"@id\":\"https:\/\/arsenal24.pl\/en\/product\/amunicja-ggg-223-rem-55gr-3-56g-fmj-arsenal\/#breadcrumb\",\"itemListElement\":[{\"@type\":\"ListItem\",\"position\":1,\"name\":\"Strona g\u0142\u00f3wna\",\"item\":\"https:\/\/arsenal24.pl\/\"},{\"@type\":\"ListItem\",\"position\":2,\"name\":\"Sklep\",\"item\":\"https:\/\/arsenal24.pl\/sklep\/\"},{\"@type\":\"ListItem\",\"position\":3,\"name\":\"Amunicja GGG .223 Rem 55gr 3.56g FMJ\"}]},{\"@type\":\"WebSite\",\"@id\":\"https:\/\/arsenal24.pl\/#website\",\"url\":\"https:\/\/arsenal24.pl\/\",\"name\":\"Arsena\u0142 - Profesjonalny sklep z broni\u0105 i akcesoriami\",\"description\":\"\",\"publisher\":{\"@id\":\"https:\/\/arsenal24.pl\/#organization\"},\"potentialAction\":[{\"@type\":\"SearchAction\",\"target\":{\"@type\":\"EntryPoint\",\"urlTemplate\":\"https:\/\/arsenal24.pl\/?s={search_term_string}\"},\"query-input\":{\"@type\":\"PropertyValueSpecification\",\"valueRequired\":true,\"valueName\":\"search_term_string\"}}],\"inLanguage\":\"uk\"},{\"@type\":\"Organization\",\"@id\":\"https:\/\/arsenal24.pl\/#organization\",\"name\":\"Arsena\u0142 - Profesjonalny sklep z broni\u0105 i akcesoriami\",\"url\":\"https:\/\/arsenal24.pl\/\",\"logo\":{\"@type\":\"ImageObject\",\"inLanguage\":\"uk\",\"@id\":\"https:\/\/arsenal24.pl\/#\/schema\/logo\/image\/\",\"url\":\"https:\/\/server568771.nazwa.pl\/arse\/wp-content\/uploads\/2024\/03\/arsenal-24-logo.png\",\"contentUrl\":\"https:\/\/server568771.nazwa.pl\/arse\/wp-content\/uploads\/2024\/03\/arsenal-24-logo.png\",\"width\":140,\"height\":140,\"caption\":\"Arsena\u0142 - Profesjonalny sklep z broni\u0105 i akcesoriami\"},\"image\":{\"@id\":\"https:\/\/arsenal24.pl\/#\/schema\/logo\/image\/\"},\"sameAs\":[\"https:\/\/www.facebook.com\/people\/Arsena-Sklep\/100035187290806\/?locale=pl_PL&paipv=0&eav=AfaBd4HS6M2sZy5PxVGmBIZx9hgg_97kXvqKJ8pngB-S_qRYY5xCeE23HjB7T-5FY6o&_rdr\"]}]}<\/script>\n<!-- \/ Yoast SEO Premium plugin. -->","yoast_head_json":{"title":"Amunicja GGG .223 Rem 55gr 3.56g FMJ - Arsena\u0142","description":"Amunicja karabinowa Litewskiej produkcji GGG .223 Remington 55gr FMJ z mosi\u0119\u017cn\u0105 \u0142usk\u0105, pocisk 3.56g. Opakowanie: 50 sztuk. Kaliber 5.56x45mm NATO.","robots":{"index":"index","follow":"follow","max-snippet":"max-snippet:-1","max-image-preview":"max-image-preview:large","max-video-preview":"max-video-preview:-1"},"canonical":"https:\/\/arsenal24.pl\/uk\/product\/amunicja-ggg-223-rem-55gr-3-56g-fmj-arsenal\/","og_locale":"uk_UA","og_type":"article","og_title":"Amunicja GGG .223 Rem 55gr 3.56g FMJ","og_description":"Amunicja karabinowa Litewskiej produkcji GGG .223 Remington 55gr FMJ z mosi\u0119\u017cn\u0105 \u0142usk\u0105, pocisk 3.56g. Opakowanie: 50 sztuk. Kaliber 5.56x45mm NATO.","og_url":"https:\/\/arsenal24.pl\/uk\/product\/amunicja-ggg-223-rem-55gr-3-56g-fmj-arsenal\/","og_site_name":"Arsena\u0142 - Profesjonalny sklep z broni\u0105 i akcesoriami","article_publisher":"https:\/\/www.facebook.com\/people\/Arsena-Sklep\/100035187290806\/?locale=pl_PL&paipv=0&eav=AfaBd4HS6M2sZy5PxVGmBIZx9hgg_97kXvqKJ8pngB-S_qRYY5xCeE23HjB7T-5FY6o&_rdr","article_modified_time":"2024-11-06T14:57:33+00:00","og_image":[{"width":2500,"height":2500,"url":"https:\/\/arsenal24.pl\/wp-content\/uploads\/2024\/08\/photo3.webp","type":"image\/webp"}],"twitter_card":"summary_large_image","twitter_misc":{"\u041f\u0440\u0438\u0431\u043b. \u0447\u0430\u0441 \u0447\u0438\u0442\u0430\u043d\u043d\u044f":"1 \u0445\u0432\u0438\u043b\u0438\u043d\u0430"},"schema":{"@context":"https:\/\/schema.org","@graph":[{"@type":"WebPage","@id":"https:\/\/arsenal24.pl\/en\/product\/amunicja-ggg-223-rem-55gr-3-56g-fmj-arsenal\/","url":"https:\/\/arsenal24.pl\/en\/product\/amunicja-ggg-223-rem-55gr-3-56g-fmj-arsenal\/","name":"Amunicja GGG .223 Rem 55gr 3.56g FMJ - Arsena\u0142","isPartOf":{"@id":"https:\/\/arsenal24.pl\/#website"},"primaryImageOfPage":{"@id":"https:\/\/arsenal24.pl\/en\/product\/amunicja-ggg-223-rem-55gr-3-56g-fmj-arsenal\/#primaryimage"},"image":{"@id":"https:\/\/arsenal24.pl\/en\/product\/amunicja-ggg-223-rem-55gr-3-56g-fmj-arsenal\/#primaryimage"},"thumbnailUrl":"https:\/\/arsenal24.pl\/wp-content\/uploads\/2024\/08\/photo3.webp","datePublished":"2024-08-08T08:56:00+00:00","dateModified":"2024-11-06T14:57:33+00:00","description":"Amunicja karabinowa Litewskiej produkcji GGG .223 Remington 55gr FMJ z mosi\u0119\u017cn\u0105 \u0142usk\u0105, pocisk 3.56g. Opakowanie: 50 sztuk. Kaliber 5.56x45mm NATO.","breadcrumb":{"@id":"https:\/\/arsenal24.pl\/en\/product\/amunicja-ggg-223-rem-55gr-3-56g-fmj-arsenal\/#breadcrumb"},"inLanguage":"uk","potentialAction":[{"@type":"ReadAction","target":["https:\/\/arsenal24.pl\/en\/product\/amunicja-ggg-223-rem-55gr-3-56g-fmj-arsenal\/"]}]},{"@type":"ImageObject","inLanguage":"uk","@id":"https:\/\/arsenal24.pl\/en\/product\/amunicja-ggg-223-rem-55gr-3-56g-fmj-arsenal\/#primaryimage","url":"https:\/\/arsenal24.pl\/wp-content\/uploads\/2024\/08\/photo3.webp","contentUrl":"https:\/\/arsenal24.pl\/wp-content\/uploads\/2024\/08\/photo3.webp","width":2500,"height":2500},{"@type":"BreadcrumbList","@id":"https:\/\/arsenal24.pl\/en\/product\/amunicja-ggg-223-rem-55gr-3-56g-fmj-arsenal\/#breadcrumb","itemListElement":[{"@type":"ListItem","position":1,"name":"Strona g\u0142\u00f3wna","item":"https:\/\/arsenal24.pl\/"},{"@type":"ListItem","position":2,"name":"Sklep","item":"https:\/\/arsenal24.pl\/sklep\/"},{"@type":"ListItem","position":3,"name":"Amunicja GGG .223 Rem 55gr 3.56g FMJ"}]},{"@type":"WebSite","@id":"https:\/\/arsenal24.pl\/#website","url":"https:\/\/arsenal24.pl\/","name":"\u0410\u0440\u0441\u0435\u043d\u0430\u043b - \u043c\u0430\u0433\u0430\u0437\u0438\u043d \u043f\u0440\u043e\u0444\u0435\u0441\u0456\u0439\u043d\u043e\u0457 \u0437\u0431\u0440\u043e\u0457 \u0442\u0430 \u0430\u043a\u0441\u0435\u0441\u0443\u0430\u0440\u0456\u0432","description":"","publisher":{"@id":"https:\/\/arsenal24.pl\/#organization"},"potentialAction":[{"@type":"SearchAction","target":{"@type":"EntryPoint","urlTemplate":"https:\/\/arsenal24.pl\/?s={search_term_string}"},"query-input":{"@type":"PropertyValueSpecification","valueRequired":true,"valueName":"search_term_string"}}],"inLanguage":"uk"},{"@type":"Organization","@id":"https:\/\/arsenal24.pl\/#organization","name":"\u0410\u0440\u0441\u0435\u043d\u0430\u043b - \u043c\u0430\u0433\u0430\u0437\u0438\u043d \u043f\u0440\u043e\u0444\u0435\u0441\u0456\u0439\u043d\u043e\u0457 \u0437\u0431\u0440\u043e\u0457 \u0442\u0430 \u0430\u043a\u0441\u0435\u0441\u0443\u0430\u0440\u0456\u0432","url":"https:\/\/arsenal24.pl\/","logo":{"@type":"ImageObject","inLanguage":"uk","@id":"https:\/\/arsenal24.pl\/#\/schema\/logo\/image\/","url":"https:\/\/server568771.nazwa.pl\/arse\/wp-content\/uploads\/2024\/03\/arsenal-24-logo.png","contentUrl":"https:\/\/server568771.nazwa.pl\/arse\/wp-content\/uploads\/2024\/03\/arsenal-24-logo.png","width":140,"height":140,"caption":"Arsena\u0142 - Profesjonalny sklep z broni\u0105 i akcesoriami"},"image":{"@id":"https:\/\/arsenal24.pl\/#\/schema\/logo\/image\/"},"sameAs":["https:\/\/www.facebook.com\/people\/Arsena-Sklep\/100035187290806\/?locale=pl_PL&paipv=0&eav=AfaBd4HS6M2sZy5PxVGmBIZx9hgg_97kXvqKJ8pngB-S_qRYY5xCeE23HjB7T-5FY6o&_rdr"]}]}},"_links":{"self":[{"href":"https:\/\/arsenal24.pl\/uk\/wp-json\/wp\/v2\/product\/5680","targetHints":{"allow":["GET"]}}],"collection":[{"href":"https:\/\/arsenal24.pl\/uk\/wp-json\/wp\/v2\/product"}],"about":[{"href":"https:\/\/arsenal24.pl\/uk\/wp-json\/wp\/v2\/types\/product"}],"version-history":[{"count":0,"href":"https:\/\/arsenal24.pl\/uk\/wp-json\/wp\/v2\/product\/5680\/revisions"}],"wp:featuredmedia":[{"embeddable":true,"href":"https:\/\/arsenal24.pl\/uk\/wp-json\/wp\/v2\/media\/6170"}],"wp:attachment":[{"href":"https:\/\/arsenal24.pl\/uk\/wp-json\/wp\/v2\/media?parent=5680"}],"wp:term":[{"taxonomy":"brand","embeddable":true,"href":"https:\/\/arsenal24.pl\/uk\/wp-json\/wp\/v2\/etheme_brands?post=5680"},{"taxonomy":"product_brand","embeddable":true,"href":"https:\/\/arsenal24.pl\/uk\/wp-json\/wp\/v2\/product_brand?post=5680"},{"taxonomy":"product_cat","embeddable":true,"href":"https:\/\/arsenal24.pl\/uk\/wp-json\/wp\/v2\/product_cat?post=5680"},{"taxonomy":"product_tag","embeddable":true,"href":"https:\/\/arsenal24.pl\/uk\/wp-json\/wp\/v2\/product_tag?post=5680"}],"curies":[{"name":"wp","href":"https:\/\/api.w.org\/{rel}","templated":true}]}}