{"id":5575,"date":"2024-07-31T13:13:24","date_gmt":"2024-07-31T11:13:24","guid":{"rendered":"https:\/\/server568771.nazwa.pl\/arse\/?post_type=product&#038;p=5575"},"modified":"2024-08-28T13:00:23","modified_gmt":"2024-08-28T11:00:23","slug":"karabinek-pac15-gen-3-black","status":"publish","type":"product","link":"https:\/\/arsenal24.pl\/uk\/product\/karabinek-pac15-gen-3-black\/","title":{"rendered":"\u041a\u0430\u0440\u0430\u0431\u0456\u043d PAC15 GEN 3 \u0427\u043e\u0440\u043d\u0438\u0439"},"content":{"rendered":"<p>Karabinki bazuj\u0105 na klasycznej, sprawdzonej platformie AR-15 z systemem gazowym bezpo\u015brednim (Direct Inpigment) odprowadzeni gaz\u00f3w na suwad\u0142o bezpo\u015brednim. Zastosowano \u0142o\u017ca samono\u015bne oraz nowoczesne kolby z powi\u0119kszon\u0105 bak\u0105 i stopk\u0105 amortyzuj\u0105c\u0105. W karabinkach z lufami 14 i 16 cali zastosowano system gazowy o d\u0142ugo\u015bci po\u015bredniej co przek\u0142ada si\u0119 na bardziej kulturaln\u0105 i niezawodn\u0105 prac\u0119 karabinka.<\/p>\n<p>&nbsp;<\/p>\n<p><strong>\u0421\u043f\u0435\u0446\u0438\u0444\u0456\u043a\u0430\u0446\u0456\u044f:<\/strong><\/p>\n<ul>\n<li>Komora spustowa ze stopu aluminium, Mil-Spec, z powi\u0119kszonym gniazdem magazynka , anodowana na czarno<\/li>\n<li>Komora zamkowa ze stopu aluminium, Mil-Spec z rampami nabojowymi M-4, anodowana na czarno<\/li>\n<li>Lufa o skoku 1:7 cali, przeci\u0105gana, zako\u0144czona gwintem 1\/2&#215;28&#8243;<\/li>\n<li>Blok gazowy niskoprofilowy<\/li>\n<li>T\u0142umik p\u0142omienia typu A2 &#8222;bird cage&#8221;<\/li>\n<li>Zamek i suwad\u0142o pe\u0142ne M16, Mil-Spec, zabezpieczone gniazdo wlotowe gaz\u00f3w<\/li>\n<li>Spr\u0119\u017cyna i buffer typu H<\/li>\n<li>\u0141o\u017ce samono\u015bne z aluminium obrabianego CNC z szyn\u0105 na g\u00f3rze i gniazdami M-lok, anodowane czarno<\/li>\n<li>Prowadnica kolby 6 pozycyjna Mil-Spec z aluminium<\/li>\n<li>Kolba ergonomiczna Pioneer Arms ze stopk\u0105 amortyzuj\u0105c\u0105, p\u0119tlami i gniazdami zawieszenia QD<\/li>\n<li>Chwyt pistoletowy standardowy A2<\/li>\n<li>Wysokiej jako\u015bci stalowe, sk\u0142adane przyrz\u0105dy celownicze typu muszka i przeziernik, w komplecie<\/li>\n<li>D\u0142ugo\u015b\u0107 lufy: 10,5 \/12,6 \/ 14,5 \/ 16 \/ 18 cali<\/li>\n<li>Waga: 2,7 \/ 2,9 \/ 3 \/ 3,1 kg<\/li>\n<li>karabinki dost\u0119pne s\u0105 w kolorach: Czarny, Sniper gray, Bronze<\/li>\n<\/ul>","protected":false},"excerpt":{"rendered":"<p>Broni PAC-15 to karabinki w uk\u0142adzie <strong>AR-15<\/strong> o r\u00f3\u017cnych d\u0142ugo\u015bciach lufy polskiego producenta <strong>Pioneer Arms Corporation<\/strong>.<\/p>","protected":false},"featured_media":5577,"template":"","meta":[],"etheme_brands":[{"term_id":212,"name":"SVRN","slug":"svrn","term_group":0,"term_taxonomy_id":212,"taxonomy":"brand","description":"","parent":0,"count":6,"filter":"raw"}],"product_brand":[],"product_cat":[100],"product_tag":[],"class_list":{"0":"post-5575","1":"product","2":"type-product","3":"status-publish","4":"has-post-thumbnail","6":"brand-svrn","7":"product_cat-bron-sportowa","9":"first","10":"instock","11":"shipping-taxable","12":"purchasable","13":"product-type-simple"},"yoast_head":"<!-- This site is optimized with the Yoast SEO Premium plugin v24.0 (Yoast SEO v26.0) - https:\/\/yoast.com\/wordpress\/plugins\/seo\/ -->\n<title>Karabinek PAC15 GEN 3 Black - Arsena\u0142<\/title>\n<meta name=\"description\" content=\"Karabinki PAC-15 AR-15 z lufami 10,5-18 cali, system gazowy Direct Impingement, \u0142o\u017ce M-Lok, kolba amortyzuj\u0105ca Pioneer Arms.\" \/>\n<meta name=\"robots\" content=\"index, follow, max-snippet:-1, max-image-preview:large, max-video-preview:-1\" \/>\n<link rel=\"canonical\" href=\"https:\/\/arsenal24.pl\/uk\/product\/karabinek-pac15-gen-3-black\/\" \/>\n<meta property=\"og:locale\" content=\"uk_UA\" \/>\n<meta property=\"og:type\" content=\"article\" \/>\n<meta property=\"og:title\" content=\"Karabinek PAC15 GEN 3 Black\" \/>\n<meta property=\"og:description\" content=\"Karabinki PAC-15 AR-15 z lufami 10,5-18 cali, system gazowy Direct Impingement, \u0142o\u017ce M-Lok, kolba amortyzuj\u0105ca Pioneer Arms.\" \/>\n<meta property=\"og:url\" content=\"https:\/\/arsenal24.pl\/uk\/product\/karabinek-pac15-gen-3-black\/\" \/>\n<meta property=\"og:site_name\" content=\"Arsena\u0142 - Profesjonalny sklep z broni\u0105 i akcesoriami\" \/>\n<meta property=\"article:publisher\" content=\"https:\/\/www.facebook.com\/people\/Arsena-Sklep\/100035187290806\/?locale=pl_PL&amp;paipv=0&amp;eav=AfaBd4HS6M2sZy5PxVGmBIZx9hgg_97kXvqKJ8pngB-S_qRYY5xCeE23HjB7T-5FY6o&amp;_rdr\" \/>\n<meta property=\"article:modified_time\" content=\"2024-08-28T11:00:23+00:00\" \/>\n<meta property=\"og:image\" content=\"https:\/\/arsenal24.pl\/wp-content\/uploads\/2024\/07\/photo1full-5.webp\" \/>\n\t<meta property=\"og:image:width\" content=\"1100\" \/>\n\t<meta property=\"og:image:height\" content=\"1100\" \/>\n\t<meta property=\"og:image:type\" content=\"image\/webp\" \/>\n<meta name=\"twitter:card\" content=\"summary_large_image\" \/>\n<meta name=\"twitter:label1\" content=\"\u041f\u0440\u0438\u0431\u043b. \u0447\u0430\u0441 \u0447\u0438\u0442\u0430\u043d\u043d\u044f\" \/>\n\t<meta name=\"twitter:data1\" content=\"2 \u0445\u0432\u0438\u043b\u0438\u043d\u0438\" \/>\n<script type=\"application\/ld+json\" class=\"yoast-schema-graph\">{\"@context\":\"https:\/\/schema.org\",\"@graph\":[{\"@type\":\"WebPage\",\"@id\":\"https:\/\/arsenal24.pl\/produkt\/karabinek-pac15-gen-3-black\/\",\"url\":\"https:\/\/arsenal24.pl\/produkt\/karabinek-pac15-gen-3-black\/\",\"name\":\"Karabinek PAC15 GEN 3 Black - Arsena\u0142\",\"isPartOf\":{\"@id\":\"https:\/\/arsenal24.pl\/#website\"},\"primaryImageOfPage\":{\"@id\":\"https:\/\/arsenal24.pl\/produkt\/karabinek-pac15-gen-3-black\/#primaryimage\"},\"image\":{\"@id\":\"https:\/\/arsenal24.pl\/produkt\/karabinek-pac15-gen-3-black\/#primaryimage\"},\"thumbnailUrl\":\"https:\/\/arsenal24.pl\/wp-content\/uploads\/2024\/07\/photo1full-5.webp\",\"datePublished\":\"2024-07-31T11:13:24+00:00\",\"dateModified\":\"2024-08-28T11:00:23+00:00\",\"description\":\"Karabinki PAC-15 AR-15 z lufami 10,5-18 cali, system gazowy Direct Impingement, \u0142o\u017ce M-Lok, kolba amortyzuj\u0105ca Pioneer Arms.\",\"breadcrumb\":{\"@id\":\"https:\/\/arsenal24.pl\/produkt\/karabinek-pac15-gen-3-black\/#breadcrumb\"},\"inLanguage\":\"uk\",\"potentialAction\":[{\"@type\":\"ReadAction\",\"target\":[\"https:\/\/arsenal24.pl\/produkt\/karabinek-pac15-gen-3-black\/\"]}]},{\"@type\":\"ImageObject\",\"inLanguage\":\"uk\",\"@id\":\"https:\/\/arsenal24.pl\/produkt\/karabinek-pac15-gen-3-black\/#primaryimage\",\"url\":\"https:\/\/arsenal24.pl\/wp-content\/uploads\/2024\/07\/photo1full-5.webp\",\"contentUrl\":\"https:\/\/arsenal24.pl\/wp-content\/uploads\/2024\/07\/photo1full-5.webp\",\"width\":1100,\"height\":1100},{\"@type\":\"BreadcrumbList\",\"@id\":\"https:\/\/arsenal24.pl\/produkt\/karabinek-pac15-gen-3-black\/#breadcrumb\",\"itemListElement\":[{\"@type\":\"ListItem\",\"position\":1,\"name\":\"Strona g\u0142\u00f3wna\",\"item\":\"https:\/\/arsenal24.pl\/\"},{\"@type\":\"ListItem\",\"position\":2,\"name\":\"Sklep\",\"item\":\"https:\/\/arsenal24.pl\/sklep\/\"},{\"@type\":\"ListItem\",\"position\":3,\"name\":\"Karabinek PAC15 GEN 3 Black\"}]},{\"@type\":\"WebSite\",\"@id\":\"https:\/\/arsenal24.pl\/#website\",\"url\":\"https:\/\/arsenal24.pl\/\",\"name\":\"Arsena\u0142 - Profesjonalny sklep z broni\u0105 i akcesoriami\",\"description\":\"\",\"publisher\":{\"@id\":\"https:\/\/arsenal24.pl\/#organization\"},\"potentialAction\":[{\"@type\":\"SearchAction\",\"target\":{\"@type\":\"EntryPoint\",\"urlTemplate\":\"https:\/\/arsenal24.pl\/?s={search_term_string}\"},\"query-input\":{\"@type\":\"PropertyValueSpecification\",\"valueRequired\":true,\"valueName\":\"search_term_string\"}}],\"inLanguage\":\"uk\"},{\"@type\":\"Organization\",\"@id\":\"https:\/\/arsenal24.pl\/#organization\",\"name\":\"Arsena\u0142 - Profesjonalny sklep z broni\u0105 i akcesoriami\",\"url\":\"https:\/\/arsenal24.pl\/\",\"logo\":{\"@type\":\"ImageObject\",\"inLanguage\":\"uk\",\"@id\":\"https:\/\/arsenal24.pl\/#\/schema\/logo\/image\/\",\"url\":\"https:\/\/server568771.nazwa.pl\/arse\/wp-content\/uploads\/2024\/03\/arsenal-24-logo.png\",\"contentUrl\":\"https:\/\/server568771.nazwa.pl\/arse\/wp-content\/uploads\/2024\/03\/arsenal-24-logo.png\",\"width\":140,\"height\":140,\"caption\":\"Arsena\u0142 - Profesjonalny sklep z broni\u0105 i akcesoriami\"},\"image\":{\"@id\":\"https:\/\/arsenal24.pl\/#\/schema\/logo\/image\/\"},\"sameAs\":[\"https:\/\/www.facebook.com\/people\/Arsena-Sklep\/100035187290806\/?locale=pl_PL&paipv=0&eav=AfaBd4HS6M2sZy5PxVGmBIZx9hgg_97kXvqKJ8pngB-S_qRYY5xCeE23HjB7T-5FY6o&_rdr\"]}]}<\/script>\n<!-- \/ Yoast SEO Premium plugin. -->","yoast_head_json":{"title":"Karabinek PAC15 GEN 3 Black - Arsena\u0142","description":"Karabinki PAC-15 AR-15 z lufami 10,5-18 cali, system gazowy Direct Impingement, \u0142o\u017ce M-Lok, kolba amortyzuj\u0105ca Pioneer Arms.","robots":{"index":"index","follow":"follow","max-snippet":"max-snippet:-1","max-image-preview":"max-image-preview:large","max-video-preview":"max-video-preview:-1"},"canonical":"https:\/\/arsenal24.pl\/uk\/product\/karabinek-pac15-gen-3-black\/","og_locale":"uk_UA","og_type":"article","og_title":"Karabinek PAC15 GEN 3 Black","og_description":"Karabinki PAC-15 AR-15 z lufami 10,5-18 cali, system gazowy Direct Impingement, \u0142o\u017ce M-Lok, kolba amortyzuj\u0105ca Pioneer Arms.","og_url":"https:\/\/arsenal24.pl\/uk\/product\/karabinek-pac15-gen-3-black\/","og_site_name":"Arsena\u0142 - Profesjonalny sklep z broni\u0105 i akcesoriami","article_publisher":"https:\/\/www.facebook.com\/people\/Arsena-Sklep\/100035187290806\/?locale=pl_PL&paipv=0&eav=AfaBd4HS6M2sZy5PxVGmBIZx9hgg_97kXvqKJ8pngB-S_qRYY5xCeE23HjB7T-5FY6o&_rdr","article_modified_time":"2024-08-28T11:00:23+00:00","og_image":[{"width":1100,"height":1100,"url":"https:\/\/arsenal24.pl\/wp-content\/uploads\/2024\/07\/photo1full-5.webp","type":"image\/webp"}],"twitter_card":"summary_large_image","twitter_misc":{"\u041f\u0440\u0438\u0431\u043b. \u0447\u0430\u0441 \u0447\u0438\u0442\u0430\u043d\u043d\u044f":"2 \u0445\u0432\u0438\u043b\u0438\u043d\u0438"},"schema":{"@context":"https:\/\/schema.org","@graph":[{"@type":"WebPage","@id":"https:\/\/arsenal24.pl\/produkt\/karabinek-pac15-gen-3-black\/","url":"https:\/\/arsenal24.pl\/produkt\/karabinek-pac15-gen-3-black\/","name":"Karabinek PAC15 GEN 3 Black - Arsena\u0142","isPartOf":{"@id":"https:\/\/arsenal24.pl\/#website"},"primaryImageOfPage":{"@id":"https:\/\/arsenal24.pl\/produkt\/karabinek-pac15-gen-3-black\/#primaryimage"},"image":{"@id":"https:\/\/arsenal24.pl\/produkt\/karabinek-pac15-gen-3-black\/#primaryimage"},"thumbnailUrl":"https:\/\/arsenal24.pl\/wp-content\/uploads\/2024\/07\/photo1full-5.webp","datePublished":"2024-07-31T11:13:24+00:00","dateModified":"2024-08-28T11:00:23+00:00","description":"Karabinki PAC-15 AR-15 z lufami 10,5-18 cali, system gazowy Direct Impingement, \u0142o\u017ce M-Lok, kolba amortyzuj\u0105ca Pioneer Arms.","breadcrumb":{"@id":"https:\/\/arsenal24.pl\/produkt\/karabinek-pac15-gen-3-black\/#breadcrumb"},"inLanguage":"uk","potentialAction":[{"@type":"ReadAction","target":["https:\/\/arsenal24.pl\/produkt\/karabinek-pac15-gen-3-black\/"]}]},{"@type":"ImageObject","inLanguage":"uk","@id":"https:\/\/arsenal24.pl\/produkt\/karabinek-pac15-gen-3-black\/#primaryimage","url":"https:\/\/arsenal24.pl\/wp-content\/uploads\/2024\/07\/photo1full-5.webp","contentUrl":"https:\/\/arsenal24.pl\/wp-content\/uploads\/2024\/07\/photo1full-5.webp","width":1100,"height":1100},{"@type":"BreadcrumbList","@id":"https:\/\/arsenal24.pl\/produkt\/karabinek-pac15-gen-3-black\/#breadcrumb","itemListElement":[{"@type":"ListItem","position":1,"name":"Strona g\u0142\u00f3wna","item":"https:\/\/arsenal24.pl\/"},{"@type":"ListItem","position":2,"name":"Sklep","item":"https:\/\/arsenal24.pl\/sklep\/"},{"@type":"ListItem","position":3,"name":"Karabinek PAC15 GEN 3 Black"}]},{"@type":"WebSite","@id":"https:\/\/arsenal24.pl\/#website","url":"https:\/\/arsenal24.pl\/","name":"\u0410\u0440\u0441\u0435\u043d\u0430\u043b - \u043c\u0430\u0433\u0430\u0437\u0438\u043d \u043f\u0440\u043e\u0444\u0435\u0441\u0456\u0439\u043d\u043e\u0457 \u0437\u0431\u0440\u043e\u0457 \u0442\u0430 \u0430\u043a\u0441\u0435\u0441\u0443\u0430\u0440\u0456\u0432","description":"","publisher":{"@id":"https:\/\/arsenal24.pl\/#organization"},"potentialAction":[{"@type":"SearchAction","target":{"@type":"EntryPoint","urlTemplate":"https:\/\/arsenal24.pl\/?s={search_term_string}"},"query-input":{"@type":"PropertyValueSpecification","valueRequired":true,"valueName":"search_term_string"}}],"inLanguage":"uk"},{"@type":"Organization","@id":"https:\/\/arsenal24.pl\/#organization","name":"\u0410\u0440\u0441\u0435\u043d\u0430\u043b - \u043c\u0430\u0433\u0430\u0437\u0438\u043d \u043f\u0440\u043e\u0444\u0435\u0441\u0456\u0439\u043d\u043e\u0457 \u0437\u0431\u0440\u043e\u0457 \u0442\u0430 \u0430\u043a\u0441\u0435\u0441\u0443\u0430\u0440\u0456\u0432","url":"https:\/\/arsenal24.pl\/","logo":{"@type":"ImageObject","inLanguage":"uk","@id":"https:\/\/arsenal24.pl\/#\/schema\/logo\/image\/","url":"https:\/\/server568771.nazwa.pl\/arse\/wp-content\/uploads\/2024\/03\/arsenal-24-logo.png","contentUrl":"https:\/\/server568771.nazwa.pl\/arse\/wp-content\/uploads\/2024\/03\/arsenal-24-logo.png","width":140,"height":140,"caption":"Arsena\u0142 - Profesjonalny sklep z broni\u0105 i akcesoriami"},"image":{"@id":"https:\/\/arsenal24.pl\/#\/schema\/logo\/image\/"},"sameAs":["https:\/\/www.facebook.com\/people\/Arsena-Sklep\/100035187290806\/?locale=pl_PL&paipv=0&eav=AfaBd4HS6M2sZy5PxVGmBIZx9hgg_97kXvqKJ8pngB-S_qRYY5xCeE23HjB7T-5FY6o&_rdr"]}]}},"_links":{"self":[{"href":"https:\/\/arsenal24.pl\/uk\/wp-json\/wp\/v2\/product\/5575","targetHints":{"allow":["GET"]}}],"collection":[{"href":"https:\/\/arsenal24.pl\/uk\/wp-json\/wp\/v2\/product"}],"about":[{"href":"https:\/\/arsenal24.pl\/uk\/wp-json\/wp\/v2\/types\/product"}],"version-history":[{"count":1,"href":"https:\/\/arsenal24.pl\/uk\/wp-json\/wp\/v2\/product\/5575\/revisions"}],"predecessor-version":[{"id":6889,"href":"https:\/\/arsenal24.pl\/uk\/wp-json\/wp\/v2\/product\/5575\/revisions\/6889"}],"wp:featuredmedia":[{"embeddable":true,"href":"https:\/\/arsenal24.pl\/uk\/wp-json\/wp\/v2\/media\/5577"}],"wp:attachment":[{"href":"https:\/\/arsenal24.pl\/uk\/wp-json\/wp\/v2\/media?parent=5575"}],"wp:term":[{"taxonomy":"brand","embeddable":true,"href":"https:\/\/arsenal24.pl\/uk\/wp-json\/wp\/v2\/etheme_brands?post=5575"},{"taxonomy":"product_brand","embeddable":true,"href":"https:\/\/arsenal24.pl\/uk\/wp-json\/wp\/v2\/product_brand?post=5575"},{"taxonomy":"product_cat","embeddable":true,"href":"https:\/\/arsenal24.pl\/uk\/wp-json\/wp\/v2\/product_cat?post=5575"},{"taxonomy":"product_tag","embeddable":true,"href":"https:\/\/arsenal24.pl\/uk\/wp-json\/wp\/v2\/product_tag?post=5575"}],"curies":[{"name":"wp","href":"https:\/\/api.w.org\/{rel}","templated":true}]}}