{"id":5460,"date":"2024-07-12T11:27:52","date_gmt":"2024-07-12T09:27:52","guid":{"rendered":"https:\/\/server568771.nazwa.pl\/arse\/?post_type=product&#038;p=5460"},"modified":"2026-04-09T12:14:12","modified_gmt":"2026-04-09T10:14:12","slug":"amunicja-fam-pionki-12-70-trap-75-240mm-24g-arsenal","status":"publish","type":"product","link":"https:\/\/arsenal24.pl\/uk\/product\/amunicja-fam-pionki-12-70-trap-75-240mm-24g-arsenal\/","title":{"rendered":"FAM Pionki 12\/70 TRAP 7,5-2,40 \u043c\u043c 24 \u0433"},"content":{"rendered":"","protected":false},"excerpt":{"rendered":"","protected":false},"featured_media":5465,"template":"","meta":[],"etheme_brands":[{"term_id":237,"name":"FAM Pionki","slug":"fam-pionki","term_group":0,"term_taxonomy_id":237,"taxonomy":"brand","description":"","parent":0,"count":5,"filter":"raw"}],"product_brand":[],"product_cat":[232],"product_tag":[],"class_list":{"0":"post-5460","1":"product","2":"type-product","3":"status-publish","4":"has-post-thumbnail","6":"brand-fam-pionki","7":"product_cat-amunicja-srutowa","9":"first","10":"instock","11":"shipping-taxable","12":"purchasable","13":"product-type-simple"},"yoast_head":"<!-- This site is optimized with the Yoast SEO Premium plugin v24.0 (Yoast SEO v26.0) - https:\/\/yoast.com\/wordpress\/plugins\/seo\/ -->\n<title>Amunicja FAM Pionki 12\/70 TRAP 7,5-2,40mm 24g - Arsena\u0142<\/title>\n<meta name=\"description\" content=\"Amunicja FAM Pionki 12\/70 Trap 24g, \u015brut 2,4mm, idealna do konkurencji &quot;Trap&quot;. Wysoka jako\u015b\u0107, opakowanie 25 sztuk. Waga \u015brutu 24 g, kaliber 12\/70.\" \/>\n<meta name=\"robots\" content=\"index, follow, max-snippet:-1, max-image-preview:large, max-video-preview:-1\" \/>\n<link rel=\"canonical\" href=\"https:\/\/arsenal24.pl\/uk\/product\/amunicja-fam-pionki-12-70-trap-75-240mm-24g-arsenal\/\" \/>\n<meta property=\"og:locale\" content=\"uk_UA\" \/>\n<meta property=\"og:type\" content=\"article\" \/>\n<meta property=\"og:title\" content=\"Amunicja FAM Pionki 12\/70 TRAP 7,5-2,40mm 24g\" \/>\n<meta property=\"og:description\" content=\"Amunicja FAM Pionki 12\/70 Trap 24g, \u015brut 2,4mm, idealna do konkurencji &quot;Trap&quot;. Wysoka jako\u015b\u0107, opakowanie 25 sztuk. Waga \u015brutu 24 g, kaliber 12\/70.\" \/>\n<meta property=\"og:url\" content=\"https:\/\/arsenal24.pl\/uk\/product\/amunicja-fam-pionki-12-70-trap-75-240mm-24g-arsenal\/\" \/>\n<meta property=\"og:site_name\" content=\"Arsena\u0142 - Profesjonalny sklep z broni\u0105 i akcesoriami\" \/>\n<meta property=\"article:publisher\" content=\"https:\/\/www.facebook.com\/people\/Arsena-Sklep\/100035187290806\/?locale=pl_PL&amp;paipv=0&amp;eav=AfaBd4HS6M2sZy5PxVGmBIZx9hgg_97kXvqKJ8pngB-S_qRYY5xCeE23HjB7T-5FY6o&amp;_rdr\" \/>\n<meta property=\"article:modified_time\" content=\"2026-04-09T10:14:12+00:00\" \/>\n<meta property=\"og:image\" content=\"https:\/\/arsenal24.pl\/wp-content\/uploads\/2024\/07\/photo1-7.webp\" \/>\n\t<meta property=\"og:image:width\" content=\"2300\" \/>\n\t<meta property=\"og:image:height\" content=\"2300\" \/>\n\t<meta property=\"og:image:type\" content=\"image\/webp\" \/>\n<meta name=\"twitter:card\" content=\"summary_large_image\" \/>\n<meta name=\"twitter:label1\" content=\"\u041f\u0440\u0438\u0431\u043b. \u0447\u0430\u0441 \u0447\u0438\u0442\u0430\u043d\u043d\u044f\" \/>\n\t<meta name=\"twitter:data1\" content=\"1 \u0445\u0432\u0438\u043b\u0438\u043d\u0430\" \/>\n<script type=\"application\/ld+json\" class=\"yoast-schema-graph\">{\"@context\":\"https:\/\/schema.org\",\"@graph\":[{\"@type\":\"WebPage\",\"@id\":\"https:\/\/arsenal24.pl\/produkt\/amunicja-fam-pionki-12-70-trap-75-240mm-24g-arsenal\/\",\"url\":\"https:\/\/arsenal24.pl\/produkt\/amunicja-fam-pionki-12-70-trap-75-240mm-24g-arsenal\/\",\"name\":\"Amunicja FAM Pionki 12\/70 TRAP 7,5-2,40mm 24g - Arsena\u0142\",\"isPartOf\":{\"@id\":\"https:\/\/arsenal24.pl\/#website\"},\"primaryImageOfPage\":{\"@id\":\"https:\/\/arsenal24.pl\/produkt\/amunicja-fam-pionki-12-70-trap-75-240mm-24g-arsenal\/#primaryimage\"},\"image\":{\"@id\":\"https:\/\/arsenal24.pl\/produkt\/amunicja-fam-pionki-12-70-trap-75-240mm-24g-arsenal\/#primaryimage\"},\"thumbnailUrl\":\"https:\/\/arsenal24.pl\/wp-content\/uploads\/2024\/07\/photo1-7.webp\",\"datePublished\":\"2024-07-12T09:27:52+00:00\",\"dateModified\":\"2026-04-09T10:14:12+00:00\",\"description\":\"Amunicja FAM Pionki 12\/70 Trap 24g, \u015brut 2,4mm, idealna do konkurencji \\\"Trap\\\". Wysoka jako\u015b\u0107, opakowanie 25 sztuk. Waga \u015brutu 24 g, kaliber 12\/70.\",\"breadcrumb\":{\"@id\":\"https:\/\/arsenal24.pl\/produkt\/amunicja-fam-pionki-12-70-trap-75-240mm-24g-arsenal\/#breadcrumb\"},\"inLanguage\":\"uk\",\"potentialAction\":[{\"@type\":\"ReadAction\",\"target\":[\"https:\/\/arsenal24.pl\/produkt\/amunicja-fam-pionki-12-70-trap-75-240mm-24g-arsenal\/\"]}]},{\"@type\":\"ImageObject\",\"inLanguage\":\"uk\",\"@id\":\"https:\/\/arsenal24.pl\/produkt\/amunicja-fam-pionki-12-70-trap-75-240mm-24g-arsenal\/#primaryimage\",\"url\":\"https:\/\/arsenal24.pl\/wp-content\/uploads\/2024\/07\/photo1-7.webp\",\"contentUrl\":\"https:\/\/arsenal24.pl\/wp-content\/uploads\/2024\/07\/photo1-7.webp\",\"width\":2300,\"height\":2300},{\"@type\":\"BreadcrumbList\",\"@id\":\"https:\/\/arsenal24.pl\/produkt\/amunicja-fam-pionki-12-70-trap-75-240mm-24g-arsenal\/#breadcrumb\",\"itemListElement\":[{\"@type\":\"ListItem\",\"position\":1,\"name\":\"Strona g\u0142\u00f3wna\",\"item\":\"https:\/\/arsenal24.pl\/\"},{\"@type\":\"ListItem\",\"position\":2,\"name\":\"Sklep\",\"item\":\"https:\/\/arsenal24.pl\/sklep\/\"},{\"@type\":\"ListItem\",\"position\":3,\"name\":\"Amunicja FAM Pionki 12\/70 TRAP 7,5-2,40mm 24g\"}]},{\"@type\":\"WebSite\",\"@id\":\"https:\/\/arsenal24.pl\/#website\",\"url\":\"https:\/\/arsenal24.pl\/\",\"name\":\"Arsena\u0142 - Profesjonalny sklep z broni\u0105 i akcesoriami\",\"description\":\"\",\"publisher\":{\"@id\":\"https:\/\/arsenal24.pl\/#organization\"},\"potentialAction\":[{\"@type\":\"SearchAction\",\"target\":{\"@type\":\"EntryPoint\",\"urlTemplate\":\"https:\/\/arsenal24.pl\/?s={search_term_string}\"},\"query-input\":{\"@type\":\"PropertyValueSpecification\",\"valueRequired\":true,\"valueName\":\"search_term_string\"}}],\"inLanguage\":\"uk\"},{\"@type\":\"Organization\",\"@id\":\"https:\/\/arsenal24.pl\/#organization\",\"name\":\"Arsena\u0142 - Profesjonalny sklep z broni\u0105 i akcesoriami\",\"url\":\"https:\/\/arsenal24.pl\/\",\"logo\":{\"@type\":\"ImageObject\",\"inLanguage\":\"uk\",\"@id\":\"https:\/\/arsenal24.pl\/#\/schema\/logo\/image\/\",\"url\":\"https:\/\/server568771.nazwa.pl\/arse\/wp-content\/uploads\/2024\/03\/arsenal-24-logo.png\",\"contentUrl\":\"https:\/\/server568771.nazwa.pl\/arse\/wp-content\/uploads\/2024\/03\/arsenal-24-logo.png\",\"width\":140,\"height\":140,\"caption\":\"Arsena\u0142 - Profesjonalny sklep z broni\u0105 i akcesoriami\"},\"image\":{\"@id\":\"https:\/\/arsenal24.pl\/#\/schema\/logo\/image\/\"},\"sameAs\":[\"https:\/\/www.facebook.com\/people\/Arsena-Sklep\/100035187290806\/?locale=pl_PL&paipv=0&eav=AfaBd4HS6M2sZy5PxVGmBIZx9hgg_97kXvqKJ8pngB-S_qRYY5xCeE23HjB7T-5FY6o&_rdr\"]}]}<\/script>\n<!-- \/ Yoast SEO Premium plugin. -->","yoast_head_json":{"title":"Amunicja FAM Pionki 12\/70 TRAP 7,5-2,40mm 24g - Arsena\u0142","description":"Amunicja FAM Pionki 12\/70 Trap 24g, \u015brut 2,4mm, idealna do konkurencji \"Trap\". Wysoka jako\u015b\u0107, opakowanie 25 sztuk. Waga \u015brutu 24 g, kaliber 12\/70.","robots":{"index":"index","follow":"follow","max-snippet":"max-snippet:-1","max-image-preview":"max-image-preview:large","max-video-preview":"max-video-preview:-1"},"canonical":"https:\/\/arsenal24.pl\/uk\/product\/amunicja-fam-pionki-12-70-trap-75-240mm-24g-arsenal\/","og_locale":"uk_UA","og_type":"article","og_title":"Amunicja FAM Pionki 12\/70 TRAP 7,5-2,40mm 24g","og_description":"Amunicja FAM Pionki 12\/70 Trap 24g, \u015brut 2,4mm, idealna do konkurencji \"Trap\". Wysoka jako\u015b\u0107, opakowanie 25 sztuk. Waga \u015brutu 24 g, kaliber 12\/70.","og_url":"https:\/\/arsenal24.pl\/uk\/product\/amunicja-fam-pionki-12-70-trap-75-240mm-24g-arsenal\/","og_site_name":"Arsena\u0142 - Profesjonalny sklep z broni\u0105 i akcesoriami","article_publisher":"https:\/\/www.facebook.com\/people\/Arsena-Sklep\/100035187290806\/?locale=pl_PL&paipv=0&eav=AfaBd4HS6M2sZy5PxVGmBIZx9hgg_97kXvqKJ8pngB-S_qRYY5xCeE23HjB7T-5FY6o&_rdr","article_modified_time":"2026-04-09T10:14:12+00:00","og_image":[{"width":2300,"height":2300,"url":"https:\/\/arsenal24.pl\/wp-content\/uploads\/2024\/07\/photo1-7.webp","type":"image\/webp"}],"twitter_card":"summary_large_image","twitter_misc":{"\u041f\u0440\u0438\u0431\u043b. \u0447\u0430\u0441 \u0447\u0438\u0442\u0430\u043d\u043d\u044f":"1 \u0445\u0432\u0438\u043b\u0438\u043d\u0430"},"schema":{"@context":"https:\/\/schema.org","@graph":[{"@type":"WebPage","@id":"https:\/\/arsenal24.pl\/produkt\/amunicja-fam-pionki-12-70-trap-75-240mm-24g-arsenal\/","url":"https:\/\/arsenal24.pl\/produkt\/amunicja-fam-pionki-12-70-trap-75-240mm-24g-arsenal\/","name":"Amunicja FAM Pionki 12\/70 TRAP 7,5-2,40mm 24g - Arsena\u0142","isPartOf":{"@id":"https:\/\/arsenal24.pl\/#website"},"primaryImageOfPage":{"@id":"https:\/\/arsenal24.pl\/produkt\/amunicja-fam-pionki-12-70-trap-75-240mm-24g-arsenal\/#primaryimage"},"image":{"@id":"https:\/\/arsenal24.pl\/produkt\/amunicja-fam-pionki-12-70-trap-75-240mm-24g-arsenal\/#primaryimage"},"thumbnailUrl":"https:\/\/arsenal24.pl\/wp-content\/uploads\/2024\/07\/photo1-7.webp","datePublished":"2024-07-12T09:27:52+00:00","dateModified":"2026-04-09T10:14:12+00:00","description":"Amunicja FAM Pionki 12\/70 Trap 24g, \u015brut 2,4mm, idealna do konkurencji \"Trap\". Wysoka jako\u015b\u0107, opakowanie 25 sztuk. Waga \u015brutu 24 g, kaliber 12\/70.","breadcrumb":{"@id":"https:\/\/arsenal24.pl\/produkt\/amunicja-fam-pionki-12-70-trap-75-240mm-24g-arsenal\/#breadcrumb"},"inLanguage":"uk","potentialAction":[{"@type":"ReadAction","target":["https:\/\/arsenal24.pl\/produkt\/amunicja-fam-pionki-12-70-trap-75-240mm-24g-arsenal\/"]}]},{"@type":"ImageObject","inLanguage":"uk","@id":"https:\/\/arsenal24.pl\/produkt\/amunicja-fam-pionki-12-70-trap-75-240mm-24g-arsenal\/#primaryimage","url":"https:\/\/arsenal24.pl\/wp-content\/uploads\/2024\/07\/photo1-7.webp","contentUrl":"https:\/\/arsenal24.pl\/wp-content\/uploads\/2024\/07\/photo1-7.webp","width":2300,"height":2300},{"@type":"BreadcrumbList","@id":"https:\/\/arsenal24.pl\/produkt\/amunicja-fam-pionki-12-70-trap-75-240mm-24g-arsenal\/#breadcrumb","itemListElement":[{"@type":"ListItem","position":1,"name":"Strona g\u0142\u00f3wna","item":"https:\/\/arsenal24.pl\/"},{"@type":"ListItem","position":2,"name":"Sklep","item":"https:\/\/arsenal24.pl\/sklep\/"},{"@type":"ListItem","position":3,"name":"Amunicja FAM Pionki 12\/70 TRAP 7,5-2,40mm 24g"}]},{"@type":"WebSite","@id":"https:\/\/arsenal24.pl\/#website","url":"https:\/\/arsenal24.pl\/","name":"\u0410\u0440\u0441\u0435\u043d\u0430\u043b - \u043c\u0430\u0433\u0430\u0437\u0438\u043d \u043f\u0440\u043e\u0444\u0435\u0441\u0456\u0439\u043d\u043e\u0457 \u0437\u0431\u0440\u043e\u0457 \u0442\u0430 \u0430\u043a\u0441\u0435\u0441\u0443\u0430\u0440\u0456\u0432","description":"","publisher":{"@id":"https:\/\/arsenal24.pl\/#organization"},"potentialAction":[{"@type":"SearchAction","target":{"@type":"EntryPoint","urlTemplate":"https:\/\/arsenal24.pl\/?s={search_term_string}"},"query-input":{"@type":"PropertyValueSpecification","valueRequired":true,"valueName":"search_term_string"}}],"inLanguage":"uk"},{"@type":"Organization","@id":"https:\/\/arsenal24.pl\/#organization","name":"\u0410\u0440\u0441\u0435\u043d\u0430\u043b - \u043c\u0430\u0433\u0430\u0437\u0438\u043d \u043f\u0440\u043e\u0444\u0435\u0441\u0456\u0439\u043d\u043e\u0457 \u0437\u0431\u0440\u043e\u0457 \u0442\u0430 \u0430\u043a\u0441\u0435\u0441\u0443\u0430\u0440\u0456\u0432","url":"https:\/\/arsenal24.pl\/","logo":{"@type":"ImageObject","inLanguage":"uk","@id":"https:\/\/arsenal24.pl\/#\/schema\/logo\/image\/","url":"https:\/\/server568771.nazwa.pl\/arse\/wp-content\/uploads\/2024\/03\/arsenal-24-logo.png","contentUrl":"https:\/\/server568771.nazwa.pl\/arse\/wp-content\/uploads\/2024\/03\/arsenal-24-logo.png","width":140,"height":140,"caption":"Arsena\u0142 - Profesjonalny sklep z broni\u0105 i akcesoriami"},"image":{"@id":"https:\/\/arsenal24.pl\/#\/schema\/logo\/image\/"},"sameAs":["https:\/\/www.facebook.com\/people\/Arsena-Sklep\/100035187290806\/?locale=pl_PL&paipv=0&eav=AfaBd4HS6M2sZy5PxVGmBIZx9hgg_97kXvqKJ8pngB-S_qRYY5xCeE23HjB7T-5FY6o&_rdr"]}]}},"_links":{"self":[{"href":"https:\/\/arsenal24.pl\/uk\/wp-json\/wp\/v2\/product\/5460","targetHints":{"allow":["GET"]}}],"collection":[{"href":"https:\/\/arsenal24.pl\/uk\/wp-json\/wp\/v2\/product"}],"about":[{"href":"https:\/\/arsenal24.pl\/uk\/wp-json\/wp\/v2\/types\/product"}],"version-history":[{"count":1,"href":"https:\/\/arsenal24.pl\/uk\/wp-json\/wp\/v2\/product\/5460\/revisions"}],"predecessor-version":[{"id":6510,"href":"https:\/\/arsenal24.pl\/uk\/wp-json\/wp\/v2\/product\/5460\/revisions\/6510"}],"wp:featuredmedia":[{"embeddable":true,"href":"https:\/\/arsenal24.pl\/uk\/wp-json\/wp\/v2\/media\/5465"}],"wp:attachment":[{"href":"https:\/\/arsenal24.pl\/uk\/wp-json\/wp\/v2\/media?parent=5460"}],"wp:term":[{"taxonomy":"brand","embeddable":true,"href":"https:\/\/arsenal24.pl\/uk\/wp-json\/wp\/v2\/etheme_brands?post=5460"},{"taxonomy":"product_brand","embeddable":true,"href":"https:\/\/arsenal24.pl\/uk\/wp-json\/wp\/v2\/product_brand?post=5460"},{"taxonomy":"product_cat","embeddable":true,"href":"https:\/\/arsenal24.pl\/uk\/wp-json\/wp\/v2\/product_cat?post=5460"},{"taxonomy":"product_tag","embeddable":true,"href":"https:\/\/arsenal24.pl\/uk\/wp-json\/wp\/v2\/product_tag?post=5460"}],"curies":[{"name":"wp","href":"https:\/\/api.w.org\/{rel}","templated":true}]}}