{"id":5087,"date":"2024-06-21T13:27:10","date_gmt":"2024-06-21T11:27:10","guid":{"rendered":"https:\/\/server568771.nazwa.pl\/arse\/?post_type=product&#038;p=5087"},"modified":"2025-05-20T17:48:49","modified_gmt":"2025-05-20T15:48:49","slug":"karabinek-msbs-grot-s10-fb-m1-arsenal","status":"publish","type":"product","link":"https:\/\/arsenal24.pl\/uk\/product\/karabinek-msbs-grot-s10-fb-m1-arsenal\/","title":{"rendered":"Karabinek MSBS GROT FB-M1"},"content":{"rendered":"<p><strong>GROT<\/strong> wyposa\u017cony jest w szyn\u0119 monta\u017cow\u0105 zintegrowan\u0105 z komor\u0105 zamkow\u0105 karabinu, wykonan\u0105 w standardzie STANAG 4694 (Picatinny), na kt\u00f3rej mo\u017cna zamontowa\u0107 r\u00f3\u017cne warianty przyrz\u0105d\u00f3w celowniczych (mechaniczne i optoelektroniczne). Karabinek posiada \u0142o\u017ce umo\u017cliwiaj\u0105ce monta\u017c r\u00f3\u017cnych akcesori\u00f3w za pomoc\u0105 systemu M-Lock. Karabinek zasilany jest z magazynk\u00f3w kompatybilnych z systemem AR, z wy\u0142\u0105czeniem magazynk\u00f3w P-Mag 3 Gen.<\/p>\n<p>\u041a\u0430\u0440\u0430\u0431\u0456\u043d \u043e\u0441\u043d\u0430\u0449\u0435\u043d\u0438\u0439:<\/p>\n<ul>\n<li>\u041c\u043e\u0434\u0443\u043b\u044c\u043d\u0435 \u043b\u043e\u0436\u0435 \u0432 \u0441\u0438\u0441\u0442\u0435\u043c\u0456 M-LOK \u0437\u0456 \u0437\u043d\u0456\u043c\u043d\u0438\u043c\u0438 \u043f\u043b\u0430\u043d\u043a\u0430\u043c\u0438 \u0442\u0438\u043f\u0443 Picatinny \u0434\u043b\u044f \u043a\u0440\u0456\u043f\u043b\u0435\u043d\u043d\u044f \u0434\u043e\u0434\u0430\u0442\u043a\u043e\u0432\u0438\u0445 \u0430\u043a\u0441\u0435\u0441\u0443\u0430\u0440\u0456\u0432,<\/li>\n<li>\u0441\u043a\u043b\u0430\u0434\u0430\u043d\u0430 \u0442\u0435\u043b\u0435\u0441\u043a\u043e\u043f\u0456\u0447\u043d\u0430 \u043a\u043e\u043b\u0431\u0430 \u0437 4 \u0441\u0442\u0443\u043f\u0435\u043d\u044f\u043c\u0438 \u0434\u043e\u0432\u0436\u0438\u043d\u0438 \u0456 \u0440\u0435\u0433\u0443\u043b\u044c\u043e\u0432\u0430\u043d\u0438\u043c \u043f\u0456\u0434\u0444\u043b\u0430\u043d\u0446\u0435\u043c \u043f\u043e \u0432\u0438\u0441\u043e\u0442\u0456 \u0456 \u043a\u0443\u0442\u0443 \u043d\u0430\u0445\u0438\u043b\u0443,<\/li>\n<li>\u0433\u043b\u0443\u0448\u043d\u0438\u043a \u043f\u043e\u043b\u0443\u043c'\u044f \u0437 \u043a\u043e\u043d\u0442\u0440\u0433\u0432\u0438\u043d\u0442\u043e\u043c, \u0432\u0441\u0442\u0430\u043d\u043e\u0432\u043b\u0435\u043d\u0438\u0439 \u043d\u0430 \u0440\u0456\u0437\u044c\u0431\u0456 \u00bd-28 (\u043c\u043e\u0436\u0435 \u0431\u0443\u0442\u0438 \u0437\u0430\u043c\u0456\u043d\u0435\u043d\u0438\u0439 \u043d\u0430 \u0440\u0456\u0448\u0435\u043d\u043d\u044f, \u0441\u0443\u043c\u0456\u0441\u043d\u0456 \u0437 AR)<\/li>\n<\/ul>\n<p>\u041a\u0430\u0440\u0430\u0431\u0456\u043d \u0432\u0438\u0440\u0456\u0437\u043d\u044f\u0454\u0442\u044c\u0441\u044f \u0432\u0438\u0441\u043e\u043a\u043e\u044e \u0435\u0440\u0433\u043e\u043d\u043e\u043c\u0456\u0447\u043d\u0456\u0441\u0442\u044e. \u0412\u0456\u043d \u043f\u043e\u0432\u043d\u0456\u0441\u0442\u044e \u0430\u0434\u0430\u043f\u0442\u043e\u0432\u0430\u043d\u0438\u0439 \u0434\u043b\u044f \u0441\u0442\u0440\u0456\u043b\u044c\u0446\u0456\u0432-\u043f\u0440\u0430\u0432\u0448\u0456\u0432 \u0456 \u043b\u0456\u0432\u0448\u0456\u0432, \u043e\u0441\u043a\u0456\u043b\u044c\u043a\u0438 \u0432\u0441\u0456 \u043c\u0430\u043d\u0456\u043f\u0443\u043b\u044f\u0442\u043e\u0440\u0438, \u0449\u043e \u0432\u0456\u0434\u043f\u043e\u0432\u0456\u0434\u0430\u044e\u0442\u044c \u0437\u0430 \u0440\u043e\u0431\u043e\u0442\u0443, \u0441\u0438\u043c\u0435\u0442\u0440\u0438\u0447\u043d\u043e \u0440\u043e\u0437\u0442\u0430\u0448\u043e\u0432\u0430\u043d\u0456 \u0437 \u043e\u0431\u043e\u0445 \u0431\u043e\u043a\u0456\u0432 \u0437\u0431\u0440\u043e\u0457 (\u0437\u0430\u0442\u0432\u043e\u0440\u043d\u0430 \u0437\u0430\u0442\u0440\u0438\u043c\u043a\u0430, \u0437\u0430\u0442\u0438\u0441\u043a\u0430\u0447 \u043c\u0430\u0433\u0430\u0437\u0438\u043d\u0443, \u0432\u0430\u0436\u0456\u043b\u044c \u043f\u0435\u0440\u0435\u0437\u0430\u0440\u044f\u0434\u0436\u0430\u043d\u043d\u044f). \u041a\u043e\u0440\u0438\u0441\u0442\u0443\u0432\u0430\u0447 \u043c\u043e\u0436\u0435 \u0448\u0432\u0438\u0434\u043a\u043e \u0437\u043c\u0456\u043d\u0438\u0442\u0438, \u0437\u0430 \u0434\u043e\u043f\u043e\u043c\u043e\u0433\u043e\u044e \u0456\u043d\u0441\u0442\u0440\u0443\u043c\u0435\u043d\u0442\u0456\u0432, \u0434\u043e\u0441\u0442\u0443\u043f\u043d\u0438\u0445 \u0432 \u0456\u043d\u0441\u0442\u0440\u0443\u043c\u0435\u043d\u0442\u0430\u0440\u0456\u0457, \u043d\u0430\u043f\u0440\u044f\u043c\u043e\u043a \u0432\u0438\u043a\u0438\u0434\u0430\u043d\u043d\u044f \u0433\u0456\u043b\u044c\u0437\u0438 \u043d\u0430 \u043b\u0456\u0432\u0438\u0439 \u0430\u0431\u043e \u043f\u0440\u0430\u0432\u0438\u0439 \u0431\u0456\u043a.<\/p>\n<p>&nbsp;<\/p>\n<div class=\"item\"><span class=\"name big\">\u0422\u0415\u0425\u041d\u0406\u0427\u041d\u0406 \u0414\u0410\u041d\u0406:<\/span><\/div>\n<ul>\n<li class=\"item\"><span class=\"name\">\u041a\u0430\u043b\u0456\u0431\u0440: <\/span><span class=\"value\">.223 Remington<\/span><\/li>\n<li class=\"item\"><span class=\"name\">\u0428\u0432\u0438\u0434\u043a\u0456\u0441\u0442\u044c \u0432\u0438\u0445\u043e\u0434\u0443 \u043a\u0443\u043b\u0456: <\/span><span class=\"value\">V0 = 780 \u043c\/\u0441<\/span><\/li>\n<li class=\"item\"><span class=\"name\">\u0415\u043d\u0435\u0440\u0433\u0456\u044f \u0440\u043e\u0437\u0440\u044f\u0434\u0443 \u0441\u043d\u0430\u0440\u044f\u0434\u0430: <\/span><span class=\"value\">E0 = 1210 \u0414\u0416<\/span><\/li>\n<li class=\"item\"><span class=\"name\">\u0422\u0438\u043f \u043f\u043e\u0436\u0435\u0436\u0456: <\/span><span class=\"value\">\u043d\u0435\u043e\u0434\u0440\u0443\u0436\u0435\u043d\u0438\u0439<\/span><\/li>\n<li class=\"item\"><span class=\"name\">\u041f\u0440\u0438\u043d\u0446\u0438\u043f \u0434\u0456\u0457: <\/span><span class=\"value\">\u0432\u0456\u0434\u0431\u0456\u0440 \u0433\u0430\u0437\u0443 \u0447\u0435\u0440\u0435\u0437 \u0431\u0456\u0447\u043d\u0438\u0439 \u043e\u0442\u0432\u0456\u0440 \u0443 \u0431\u043e\u0447\u0446\u0456<\/span><\/li>\n<li class=\"item\"><span class=\"name\">\u041a\u0456\u043b\u044c\u043a\u0456\u0441\u0442\u044c \u0431\u043e\u0440\u043e\u0437\u0435\u043d \u0443 \u0441\u0442\u043e\u0432\u0431\u0443\u0440\u0456: <\/span><span class=\"value\">6<\/span><\/li>\n<\/ul>\n<p>&nbsp;<\/p>","protected":false},"excerpt":{"rendered":"<p>\u041f\u041e\u041b\u042c\u0421\u042c\u041a\u0418\u0419 \u0414\u0418\u0417\u0410\u0419\u041d - \u041c\u041e\u0414\u0423\u041b\u042c\u041d\u0410 \u0421\u0418\u0421\u0422\u0415\u041c\u0410 \u0421\u0422\u0420\u0406\u041b\u0415\u0426\u042c\u041a\u041e\u0407 \u0417\u0411\u0420\u041e\u0407 GROT - MSBS GROT.<\/p>\n<p>\u0421\u0443\u0447\u0430\u0441\u043d\u0438\u0439 \u043a\u0430\u0440\u0430\u0431\u0456\u043d \u0434\u043b\u044f \u0446\u0438\u0432\u0456\u043b\u044c\u043d\u043e\u0433\u043e \u043a\u043e\u0440\u0438\u0441\u0442\u0443\u0432\u0430\u0447\u0430, \u0432\u0438\u0433\u043e\u0442\u043e\u0432\u043b\u0435\u043d\u0438\u0439 \u0437\u0430 \u0441\u0442\u0430\u043d\u0434\u0430\u0440\u0442\u0430\u043c\u0438 \u044f\u043a\u043e\u0441\u0442\u0456, \u0449\u043e \u0437\u0430\u0441\u0442\u043e\u0441\u043e\u0432\u0443\u044e\u0442\u044c\u0441\u044f \u0434\u043b\u044f \u0432\u0456\u0439\u0441\u044c\u043a\u043e\u0432\u043e\u0457 \u043f\u0440\u043e\u0434\u0443\u043a\u0446\u0456\u0457. \u0413\u0420\u041e\u0422 - \u0441\u0430\u043c\u043e\u0437\u0430\u0440\u044f\u0434\u043d\u0438\u0439 \u043a\u0430\u0440\u0430\u0431\u0456\u043d \u0437 \u0446\u0435\u043d\u0442\u0440\u0430\u043b\u044c\u043d\u043e-\u0441\u043f\u0443\u0441\u043a\u043e\u0432\u0438\u043c \u043c\u0435\u0445\u0430\u043d\u0456\u0437\u043c\u043e\u043c, \u0449\u043e \u043f\u0440\u0430\u0446\u044e\u0454 \u0437\u0430 \u0441\u0438\u0441\u0442\u0435\u043c\u043e\u044e \u0430\u0432\u0442\u043e\u043c\u0430\u0442\u0438\u043a\u0438 SA \u0456 \u0434\u043e\u0437\u0432\u043e\u043b\u044f\u0454 \u0432\u0435\u0441\u0442\u0438 \u0442\u0456\u043b\u044c\u043a\u0438 \u043e\u0434\u0438\u043d\u043e\u0447\u043d\u0438\u0439 \u0432\u043e\u0433\u043e\u043d\u044c.<\/p>","protected":false},"featured_media":5526,"template":"","meta":[],"etheme_brands":[{"term_id":215,"name":"Fabryka Broni \u201e\u0141ucznik\u201d Radom","slug":"fabryka-broni-lucznik","term_group":0,"term_taxonomy_id":215,"taxonomy":"brand","description":"","parent":0,"count":6,"filter":"raw"}],"product_brand":[],"product_cat":[100],"product_tag":[],"class_list":{"0":"post-5087","1":"product","2":"type-product","3":"status-publish","4":"has-post-thumbnail","6":"brand-fabryka-broni-lucznik","7":"product_cat-bron-sportowa","9":"first","10":"instock","11":"shipping-taxable","12":"purchasable","13":"product-type-simple"},"yoast_head":"<!-- This site is optimized with the Yoast SEO Premium plugin v24.0 (Yoast SEO v26.0) - https:\/\/yoast.com\/wordpress\/plugins\/seo\/ -->\n<title>Karabinek MSBS GROT S10 FB-M1 - Arsena\u0142<\/title>\n<meta name=\"description\" content=\"Karabinek MSBS GROT S10 FB-M1 z luf\u0105 10&quot;, szyn\u0105 Picatinny i systemem M-LOK. Przystosowany dla prawo, jak i lewor\u0119cznych. Posiada regulowan\u0105 kolb\u0119.\" \/>\n<meta name=\"robots\" content=\"index, follow, max-snippet:-1, max-image-preview:large, max-video-preview:-1\" \/>\n<link rel=\"canonical\" href=\"https:\/\/arsenal24.pl\/uk\/product\/karabinek-msbs-grot-s10-fb-m1-arsenal\/\" \/>\n<meta property=\"og:locale\" content=\"uk_UA\" \/>\n<meta property=\"og:type\" content=\"article\" \/>\n<meta property=\"og:title\" content=\"Karabinek MSBS GROT FB-M1\" \/>\n<meta property=\"og:description\" content=\"Karabinek MSBS GROT S10 FB-M1 z luf\u0105 10&quot;, szyn\u0105 Picatinny i systemem M-LOK. Przystosowany dla prawo, jak i lewor\u0119cznych. Posiada regulowan\u0105 kolb\u0119.\" \/>\n<meta property=\"og:url\" content=\"https:\/\/arsenal24.pl\/uk\/product\/karabinek-msbs-grot-s10-fb-m1-arsenal\/\" \/>\n<meta property=\"og:site_name\" content=\"Arsena\u0142 - Profesjonalny sklep z broni\u0105 i akcesoriami\" \/>\n<meta property=\"article:publisher\" content=\"https:\/\/www.facebook.com\/people\/Arsena-Sklep\/100035187290806\/?locale=pl_PL&amp;paipv=0&amp;eav=AfaBd4HS6M2sZy5PxVGmBIZx9hgg_97kXvqKJ8pngB-S_qRYY5xCeE23HjB7T-5FY6o&amp;_rdr\" \/>\n<meta property=\"article:modified_time\" content=\"2025-05-20T15:48:49+00:00\" \/>\n<meta property=\"og:image\" content=\"https:\/\/arsenal24.pl\/wp-content\/uploads\/2024\/06\/photo1-3.webp\" \/>\n\t<meta property=\"og:image:width\" content=\"1500\" \/>\n\t<meta property=\"og:image:height\" content=\"1500\" \/>\n\t<meta property=\"og:image:type\" content=\"image\/webp\" \/>\n<meta name=\"twitter:card\" content=\"summary_large_image\" \/>\n<meta name=\"twitter:label1\" content=\"\u041f\u0440\u0438\u0431\u043b. \u0447\u0430\u0441 \u0447\u0438\u0442\u0430\u043d\u043d\u044f\" \/>\n\t<meta name=\"twitter:data1\" content=\"2 \u0445\u0432\u0438\u043b\u0438\u043d\u0438\" \/>\n<script type=\"application\/ld+json\" class=\"yoast-schema-graph\">{\"@context\":\"https:\/\/schema.org\",\"@graph\":[{\"@type\":\"WebPage\",\"@id\":\"https:\/\/arsenal24.pl\/uk\/product\/karabinek-msbs-grot-s10-fb-m1-arsenal\/\",\"url\":\"https:\/\/arsenal24.pl\/uk\/product\/karabinek-msbs-grot-s10-fb-m1-arsenal\/\",\"name\":\"Karabinek MSBS GROT S10 FB-M1 - Arsena\u0142\",\"isPartOf\":{\"@id\":\"https:\/\/arsenal24.pl\/#website\"},\"primaryImageOfPage\":{\"@id\":\"https:\/\/arsenal24.pl\/uk\/product\/karabinek-msbs-grot-s10-fb-m1-arsenal\/#primaryimage\"},\"image\":{\"@id\":\"https:\/\/arsenal24.pl\/uk\/product\/karabinek-msbs-grot-s10-fb-m1-arsenal\/#primaryimage\"},\"thumbnailUrl\":\"https:\/\/arsenal24.pl\/wp-content\/uploads\/2024\/06\/photo1-3.webp\",\"datePublished\":\"2024-06-21T11:27:10+00:00\",\"dateModified\":\"2025-05-20T15:48:49+00:00\",\"description\":\"Karabinek MSBS GROT S10 FB-M1 z luf\u0105 10\\\", szyn\u0105 Picatinny i systemem M-LOK. Przystosowany dla prawo, jak i lewor\u0119cznych. Posiada regulowan\u0105 kolb\u0119.\",\"breadcrumb\":{\"@id\":\"https:\/\/arsenal24.pl\/uk\/product\/karabinek-msbs-grot-s10-fb-m1-arsenal\/#breadcrumb\"},\"inLanguage\":\"uk\",\"potentialAction\":[{\"@type\":\"ReadAction\",\"target\":[\"https:\/\/arsenal24.pl\/uk\/product\/karabinek-msbs-grot-s10-fb-m1-arsenal\/\"]}]},{\"@type\":\"ImageObject\",\"inLanguage\":\"uk\",\"@id\":\"https:\/\/arsenal24.pl\/uk\/product\/karabinek-msbs-grot-s10-fb-m1-arsenal\/#primaryimage\",\"url\":\"https:\/\/arsenal24.pl\/wp-content\/uploads\/2024\/06\/photo1-3.webp\",\"contentUrl\":\"https:\/\/arsenal24.pl\/wp-content\/uploads\/2024\/06\/photo1-3.webp\",\"width\":1500,\"height\":1500},{\"@type\":\"BreadcrumbList\",\"@id\":\"https:\/\/arsenal24.pl\/uk\/product\/karabinek-msbs-grot-s10-fb-m1-arsenal\/#breadcrumb\",\"itemListElement\":[{\"@type\":\"ListItem\",\"position\":1,\"name\":\"Strona g\u0142\u00f3wna\",\"item\":\"https:\/\/arsenal24.pl\/\"},{\"@type\":\"ListItem\",\"position\":2,\"name\":\"Sklep\",\"item\":\"https:\/\/arsenal24.pl\/sklep\/\"},{\"@type\":\"ListItem\",\"position\":3,\"name\":\"Karabinek MSBS GROT FB-M1\"}]},{\"@type\":\"WebSite\",\"@id\":\"https:\/\/arsenal24.pl\/#website\",\"url\":\"https:\/\/arsenal24.pl\/\",\"name\":\"Arsena\u0142 - Profesjonalny sklep z broni\u0105 i akcesoriami\",\"description\":\"\",\"publisher\":{\"@id\":\"https:\/\/arsenal24.pl\/#organization\"},\"potentialAction\":[{\"@type\":\"SearchAction\",\"target\":{\"@type\":\"EntryPoint\",\"urlTemplate\":\"https:\/\/arsenal24.pl\/?s={search_term_string}\"},\"query-input\":{\"@type\":\"PropertyValueSpecification\",\"valueRequired\":true,\"valueName\":\"search_term_string\"}}],\"inLanguage\":\"uk\"},{\"@type\":\"Organization\",\"@id\":\"https:\/\/arsenal24.pl\/#organization\",\"name\":\"Arsena\u0142 - Profesjonalny sklep z broni\u0105 i akcesoriami\",\"url\":\"https:\/\/arsenal24.pl\/\",\"logo\":{\"@type\":\"ImageObject\",\"inLanguage\":\"uk\",\"@id\":\"https:\/\/arsenal24.pl\/#\/schema\/logo\/image\/\",\"url\":\"https:\/\/server568771.nazwa.pl\/arse\/wp-content\/uploads\/2024\/03\/arsenal-24-logo.png\",\"contentUrl\":\"https:\/\/server568771.nazwa.pl\/arse\/wp-content\/uploads\/2024\/03\/arsenal-24-logo.png\",\"width\":140,\"height\":140,\"caption\":\"Arsena\u0142 - Profesjonalny sklep z broni\u0105 i akcesoriami\"},\"image\":{\"@id\":\"https:\/\/arsenal24.pl\/#\/schema\/logo\/image\/\"},\"sameAs\":[\"https:\/\/www.facebook.com\/people\/Arsena-Sklep\/100035187290806\/?locale=pl_PL&paipv=0&eav=AfaBd4HS6M2sZy5PxVGmBIZx9hgg_97kXvqKJ8pngB-S_qRYY5xCeE23HjB7T-5FY6o&_rdr\"]}]}<\/script>\n<!-- \/ Yoast SEO Premium plugin. -->","yoast_head_json":{"title":"Karabinek MSBS GROT S10 FB-M1 - Arsena\u0142","description":"Karabinek MSBS GROT S10 FB-M1 z luf\u0105 10\", szyn\u0105 Picatinny i systemem M-LOK. Przystosowany dla prawo, jak i lewor\u0119cznych. Posiada regulowan\u0105 kolb\u0119.","robots":{"index":"index","follow":"follow","max-snippet":"max-snippet:-1","max-image-preview":"max-image-preview:large","max-video-preview":"max-video-preview:-1"},"canonical":"https:\/\/arsenal24.pl\/uk\/product\/karabinek-msbs-grot-s10-fb-m1-arsenal\/","og_locale":"uk_UA","og_type":"article","og_title":"Karabinek MSBS GROT FB-M1","og_description":"Karabinek MSBS GROT S10 FB-M1 z luf\u0105 10\", szyn\u0105 Picatinny i systemem M-LOK. Przystosowany dla prawo, jak i lewor\u0119cznych. Posiada regulowan\u0105 kolb\u0119.","og_url":"https:\/\/arsenal24.pl\/uk\/product\/karabinek-msbs-grot-s10-fb-m1-arsenal\/","og_site_name":"Arsena\u0142 - Profesjonalny sklep z broni\u0105 i akcesoriami","article_publisher":"https:\/\/www.facebook.com\/people\/Arsena-Sklep\/100035187290806\/?locale=pl_PL&paipv=0&eav=AfaBd4HS6M2sZy5PxVGmBIZx9hgg_97kXvqKJ8pngB-S_qRYY5xCeE23HjB7T-5FY6o&_rdr","article_modified_time":"2025-05-20T15:48:49+00:00","og_image":[{"width":1500,"height":1500,"url":"https:\/\/arsenal24.pl\/wp-content\/uploads\/2024\/06\/photo1-3.webp","type":"image\/webp"}],"twitter_card":"summary_large_image","twitter_misc":{"\u041f\u0440\u0438\u0431\u043b. \u0447\u0430\u0441 \u0447\u0438\u0442\u0430\u043d\u043d\u044f":"2 \u0445\u0432\u0438\u043b\u0438\u043d\u0438"},"schema":{"@context":"https:\/\/schema.org","@graph":[{"@type":"WebPage","@id":"https:\/\/arsenal24.pl\/uk\/product\/karabinek-msbs-grot-s10-fb-m1-arsenal\/","url":"https:\/\/arsenal24.pl\/uk\/product\/karabinek-msbs-grot-s10-fb-m1-arsenal\/","name":"Karabinek MSBS GROT S10 FB-M1 - Arsena\u0142","isPartOf":{"@id":"https:\/\/arsenal24.pl\/#website"},"primaryImageOfPage":{"@id":"https:\/\/arsenal24.pl\/uk\/product\/karabinek-msbs-grot-s10-fb-m1-arsenal\/#primaryimage"},"image":{"@id":"https:\/\/arsenal24.pl\/uk\/product\/karabinek-msbs-grot-s10-fb-m1-arsenal\/#primaryimage"},"thumbnailUrl":"https:\/\/arsenal24.pl\/wp-content\/uploads\/2024\/06\/photo1-3.webp","datePublished":"2024-06-21T11:27:10+00:00","dateModified":"2025-05-20T15:48:49+00:00","description":"Karabinek MSBS GROT S10 FB-M1 z luf\u0105 10\", szyn\u0105 Picatinny i systemem M-LOK. Przystosowany dla prawo, jak i lewor\u0119cznych. Posiada regulowan\u0105 kolb\u0119.","breadcrumb":{"@id":"https:\/\/arsenal24.pl\/uk\/product\/karabinek-msbs-grot-s10-fb-m1-arsenal\/#breadcrumb"},"inLanguage":"uk","potentialAction":[{"@type":"ReadAction","target":["https:\/\/arsenal24.pl\/uk\/product\/karabinek-msbs-grot-s10-fb-m1-arsenal\/"]}]},{"@type":"ImageObject","inLanguage":"uk","@id":"https:\/\/arsenal24.pl\/uk\/product\/karabinek-msbs-grot-s10-fb-m1-arsenal\/#primaryimage","url":"https:\/\/arsenal24.pl\/wp-content\/uploads\/2024\/06\/photo1-3.webp","contentUrl":"https:\/\/arsenal24.pl\/wp-content\/uploads\/2024\/06\/photo1-3.webp","width":1500,"height":1500},{"@type":"BreadcrumbList","@id":"https:\/\/arsenal24.pl\/uk\/product\/karabinek-msbs-grot-s10-fb-m1-arsenal\/#breadcrumb","itemListElement":[{"@type":"ListItem","position":1,"name":"Strona g\u0142\u00f3wna","item":"https:\/\/arsenal24.pl\/"},{"@type":"ListItem","position":2,"name":"Sklep","item":"https:\/\/arsenal24.pl\/sklep\/"},{"@type":"ListItem","position":3,"name":"Karabinek MSBS GROT FB-M1"}]},{"@type":"WebSite","@id":"https:\/\/arsenal24.pl\/#website","url":"https:\/\/arsenal24.pl\/","name":"\u0410\u0440\u0441\u0435\u043d\u0430\u043b - \u043c\u0430\u0433\u0430\u0437\u0438\u043d \u043f\u0440\u043e\u0444\u0435\u0441\u0456\u0439\u043d\u043e\u0457 \u0437\u0431\u0440\u043e\u0457 \u0442\u0430 \u0430\u043a\u0441\u0435\u0441\u0443\u0430\u0440\u0456\u0432","description":"","publisher":{"@id":"https:\/\/arsenal24.pl\/#organization"},"potentialAction":[{"@type":"SearchAction","target":{"@type":"EntryPoint","urlTemplate":"https:\/\/arsenal24.pl\/?s={search_term_string}"},"query-input":{"@type":"PropertyValueSpecification","valueRequired":true,"valueName":"search_term_string"}}],"inLanguage":"uk"},{"@type":"Organization","@id":"https:\/\/arsenal24.pl\/#organization","name":"\u0410\u0440\u0441\u0435\u043d\u0430\u043b - \u043c\u0430\u0433\u0430\u0437\u0438\u043d \u043f\u0440\u043e\u0444\u0435\u0441\u0456\u0439\u043d\u043e\u0457 \u0437\u0431\u0440\u043e\u0457 \u0442\u0430 \u0430\u043a\u0441\u0435\u0441\u0443\u0430\u0440\u0456\u0432","url":"https:\/\/arsenal24.pl\/","logo":{"@type":"ImageObject","inLanguage":"uk","@id":"https:\/\/arsenal24.pl\/#\/schema\/logo\/image\/","url":"https:\/\/server568771.nazwa.pl\/arse\/wp-content\/uploads\/2024\/03\/arsenal-24-logo.png","contentUrl":"https:\/\/server568771.nazwa.pl\/arse\/wp-content\/uploads\/2024\/03\/arsenal-24-logo.png","width":140,"height":140,"caption":"Arsena\u0142 - Profesjonalny sklep z broni\u0105 i akcesoriami"},"image":{"@id":"https:\/\/arsenal24.pl\/#\/schema\/logo\/image\/"},"sameAs":["https:\/\/www.facebook.com\/people\/Arsena-Sklep\/100035187290806\/?locale=pl_PL&paipv=0&eav=AfaBd4HS6M2sZy5PxVGmBIZx9hgg_97kXvqKJ8pngB-S_qRYY5xCeE23HjB7T-5FY6o&_rdr"]}]}},"_links":{"self":[{"href":"https:\/\/arsenal24.pl\/uk\/wp-json\/wp\/v2\/product\/5087","targetHints":{"allow":["GET"]}}],"collection":[{"href":"https:\/\/arsenal24.pl\/uk\/wp-json\/wp\/v2\/product"}],"about":[{"href":"https:\/\/arsenal24.pl\/uk\/wp-json\/wp\/v2\/types\/product"}],"version-history":[{"count":1,"href":"https:\/\/arsenal24.pl\/uk\/wp-json\/wp\/v2\/product\/5087\/revisions"}],"predecessor-version":[{"id":6895,"href":"https:\/\/arsenal24.pl\/uk\/wp-json\/wp\/v2\/product\/5087\/revisions\/6895"}],"wp:featuredmedia":[{"embeddable":true,"href":"https:\/\/arsenal24.pl\/uk\/wp-json\/wp\/v2\/media\/5526"}],"wp:attachment":[{"href":"https:\/\/arsenal24.pl\/uk\/wp-json\/wp\/v2\/media?parent=5087"}],"wp:term":[{"taxonomy":"brand","embeddable":true,"href":"https:\/\/arsenal24.pl\/uk\/wp-json\/wp\/v2\/etheme_brands?post=5087"},{"taxonomy":"product_brand","embeddable":true,"href":"https:\/\/arsenal24.pl\/uk\/wp-json\/wp\/v2\/product_brand?post=5087"},{"taxonomy":"product_cat","embeddable":true,"href":"https:\/\/arsenal24.pl\/uk\/wp-json\/wp\/v2\/product_cat?post=5087"},{"taxonomy":"product_tag","embeddable":true,"href":"https:\/\/arsenal24.pl\/uk\/wp-json\/wp\/v2\/product_tag?post=5087"}],"curies":[{"name":"wp","href":"https:\/\/api.w.org\/{rel}","templated":true}]}}