{"id":4902,"date":"2024-06-19T11:16:26","date_gmt":"2024-06-19T09:16:26","guid":{"rendered":"https:\/\/server568771.nazwa.pl\/arse\/?post_type=product&#038;p=4902"},"modified":"2025-01-29T14:44:34","modified_gmt":"2025-01-29T13:44:34","slug":"karabin-powtarzalny-mosin-1891-762-x-54-mm-r-arsenal","status":"publish","type":"product","link":"https:\/\/arsenal24.pl\/uk\/product\/karabin-powtarzalny-mosin-1891-762-x-54-mm-r-arsenal\/","title":{"rendered":"Karabin powtarzalny Mosin 1891 7,62 \u00d7 54 mm R"},"content":{"rendered":"<p><strong>\u0422\u0435\u0445\u043d\u0456\u0447\u043d\u0456 \u0445\u0430\u0440\u0430\u043a\u0442\u0435\u0440\u0438\u0441\u0442\u0438\u043a\u0438<\/strong><\/p>\n<ul>\n<li>\u041a\u0430\u043b\u0456\u0431\u0440: 7.62 \u00d7 54 \u043c\u043c R<\/li>\n<li>\u0420\u0456\u043a: 1900<\/li>\n<li>\u041a\u0430\u043c\u0435\u0440\u0442\u043e\u043d: \u0433\u0440\u0430\u043d\u0430\u0442\u043e\u0432\u0438\u0439<\/li>\n<li>\u0421\u0442\u0430\u043d \u0442\u0440\u0443\u0431\u0438 \u0441\u0442\u0432\u043e\u043b\u0430: \u0414\u0443\u0436\u0435 \u0434\u043e\u0431\u0440\u0438\u0439<\/li>\n<\/ul>\n<p>\u0417\u0430\u0445\u043e\u043f\u043b\u0435\u043d\u043d\u044f \u0444\u0456\u043d\u0430\u043c\u0438 - \u043f\u0435\u0440\u0435\u043c\u043e\u0433\u0430 \u043d\u0430\u0434 \"SA\"<\/p>","protected":false},"excerpt":{"rendered":"<p>\u0422\u0435\u0445\u043d\u0456\u0447\u043d\u0456 \u0445\u0430\u0440\u0430\u043a\u0442\u0435\u0440\u0438\u0441\u0442\u0438\u043a\u0438 \u041a\u0430\u043b\u0456\u0431\u0440: 7.62\u00d754 \u043c\u043c \u0420\u0456\u043a \u0432\u0438\u043f\u0443\u0441\u043a\u0443: 1900\u0440 \u041f\u0430\u0442\u0440\u043e\u043d\u043d\u0438\u043a: \u0413\u0440\u0430\u043d\u0456\u0442 \u0421\u0442\u0430\u043d \u0441\u0442\u0432\u043e\u043b\u044c\u043d\u043e\u0457 \u043a\u043e\u0440\u043e\u0431\u043a\u0438: \u0414\u0443\u0436\u0435 \u0434\u043e\u0431\u0440\u0438\u0439 \u041f\u0435\u0440\u0435\u0439\u043d\u044f\u0442\u0438\u0439 \u0444\u0456\u043d\u0430\u043c\u0438 - \u043a\u043b\u0435\u0439\u043c\u043e \"SA\"<\/p>","protected":false},"featured_media":5163,"template":"","meta":[],"etheme_brands":[],"product_brand":[],"product_cat":[224],"product_tag":[],"class_list":{"0":"post-4902","1":"product","2":"type-product","3":"status-publish","4":"has-post-thumbnail","6":"product_cat-bron-kolekcjonerska","8":"first","9":"instock","10":"shipping-taxable","11":"purchasable","12":"product-type-simple"},"yoast_head":"<!-- This site is optimized with the Yoast SEO Premium plugin v24.0 (Yoast SEO v26.0) - https:\/\/yoast.com\/wordpress\/plugins\/seo\/ -->\n<title>Karabin powtarzalny Mosin 1891 7,62 \u00d7 54 mm R - Arsena\u0142<\/title>\n<meta name=\"description\" content=\"Karabin Mosin 1891, kal. 7,62 \u00d7 54 mm R, rocznik 1900, komora graniasta, stan przewodu lufy bardzo dobry, z biciem &quot;SA&quot; przez Fin\u00f3w.\" \/>\n<meta name=\"robots\" content=\"index, follow, max-snippet:-1, max-image-preview:large, max-video-preview:-1\" \/>\n<link rel=\"canonical\" href=\"https:\/\/arsenal24.pl\/uk\/product\/karabin-powtarzalny-mosin-1891-762-x-54-mm-r-arsenal\/\" \/>\n<meta property=\"og:locale\" content=\"uk_UA\" \/>\n<meta property=\"og:type\" content=\"article\" \/>\n<meta property=\"og:title\" content=\"Karabin powtarzalny Mosin 1891 7,62 \u00d7 54 mm R\" \/>\n<meta property=\"og:description\" content=\"Karabin Mosin 1891, kal. 7,62 \u00d7 54 mm R, rocznik 1900, komora graniasta, stan przewodu lufy bardzo dobry, z biciem &quot;SA&quot; przez Fin\u00f3w.\" \/>\n<meta property=\"og:url\" content=\"https:\/\/arsenal24.pl\/uk\/product\/karabin-powtarzalny-mosin-1891-762-x-54-mm-r-arsenal\/\" \/>\n<meta property=\"og:site_name\" content=\"Arsena\u0142 - Profesjonalny sklep z broni\u0105 i akcesoriami\" \/>\n<meta property=\"article:publisher\" content=\"https:\/\/www.facebook.com\/people\/Arsena-Sklep\/100035187290806\/?locale=pl_PL&amp;paipv=0&amp;eav=AfaBd4HS6M2sZy5PxVGmBIZx9hgg_97kXvqKJ8pngB-S_qRYY5xCeE23HjB7T-5FY6o&amp;_rdr\" \/>\n<meta property=\"article:modified_time\" content=\"2025-01-29T13:44:34+00:00\" \/>\n<meta property=\"og:image\" content=\"https:\/\/arsenal24.pl\/wp-content\/uploads\/2024\/06\/photo01-scaled.webp\" \/>\n\t<meta property=\"og:image:width\" content=\"2560\" \/>\n\t<meta property=\"og:image:height\" content=\"2560\" \/>\n\t<meta property=\"og:image:type\" content=\"image\/webp\" \/>\n<meta name=\"twitter:card\" content=\"summary_large_image\" \/>\n<meta name=\"twitter:label1\" content=\"\u041f\u0440\u0438\u0431\u043b. \u0447\u0430\u0441 \u0447\u0438\u0442\u0430\u043d\u043d\u044f\" \/>\n\t<meta name=\"twitter:data1\" content=\"1 \u0445\u0432\u0438\u043b\u0438\u043d\u0430\" \/>\n<script type=\"application\/ld+json\" class=\"yoast-schema-graph\">{\"@context\":\"https:\/\/schema.org\",\"@graph\":[{\"@type\":\"WebPage\",\"@id\":\"https:\/\/arsenal24.pl\/en\/product\/karabin-powtarzalny-mosin-1891-762-x-54-mm-r-arsenal\/\",\"url\":\"https:\/\/arsenal24.pl\/en\/product\/karabin-powtarzalny-mosin-1891-762-x-54-mm-r-arsenal\/\",\"name\":\"Karabin powtarzalny Mosin 1891 7,62 \u00d7 54 mm R - Arsena\u0142\",\"isPartOf\":{\"@id\":\"https:\/\/arsenal24.pl\/#website\"},\"primaryImageOfPage\":{\"@id\":\"https:\/\/arsenal24.pl\/en\/product\/karabin-powtarzalny-mosin-1891-762-x-54-mm-r-arsenal\/#primaryimage\"},\"image\":{\"@id\":\"https:\/\/arsenal24.pl\/en\/product\/karabin-powtarzalny-mosin-1891-762-x-54-mm-r-arsenal\/#primaryimage\"},\"thumbnailUrl\":\"https:\/\/arsenal24.pl\/wp-content\/uploads\/2024\/06\/photo01-scaled.webp\",\"datePublished\":\"2024-06-19T09:16:26+00:00\",\"dateModified\":\"2025-01-29T13:44:34+00:00\",\"description\":\"Karabin Mosin 1891, kal. 7,62 \u00d7 54 mm R, rocznik 1900, komora graniasta, stan przewodu lufy bardzo dobry, z biciem \\\"SA\\\" przez Fin\u00f3w.\",\"breadcrumb\":{\"@id\":\"https:\/\/arsenal24.pl\/en\/product\/karabin-powtarzalny-mosin-1891-762-x-54-mm-r-arsenal\/#breadcrumb\"},\"inLanguage\":\"uk\",\"potentialAction\":[{\"@type\":\"ReadAction\",\"target\":[\"https:\/\/arsenal24.pl\/en\/product\/karabin-powtarzalny-mosin-1891-762-x-54-mm-r-arsenal\/\"]}]},{\"@type\":\"ImageObject\",\"inLanguage\":\"uk\",\"@id\":\"https:\/\/arsenal24.pl\/en\/product\/karabin-powtarzalny-mosin-1891-762-x-54-mm-r-arsenal\/#primaryimage\",\"url\":\"https:\/\/arsenal24.pl\/wp-content\/uploads\/2024\/06\/photo01-scaled.webp\",\"contentUrl\":\"https:\/\/arsenal24.pl\/wp-content\/uploads\/2024\/06\/photo01-scaled.webp\",\"width\":2560,\"height\":2560},{\"@type\":\"BreadcrumbList\",\"@id\":\"https:\/\/arsenal24.pl\/en\/product\/karabin-powtarzalny-mosin-1891-762-x-54-mm-r-arsenal\/#breadcrumb\",\"itemListElement\":[{\"@type\":\"ListItem\",\"position\":1,\"name\":\"Strona g\u0142\u00f3wna\",\"item\":\"https:\/\/arsenal24.pl\/\"},{\"@type\":\"ListItem\",\"position\":2,\"name\":\"Sklep\",\"item\":\"https:\/\/arsenal24.pl\/sklep\/\"},{\"@type\":\"ListItem\",\"position\":3,\"name\":\"Karabin powtarzalny Mosin 1891 7,62 \u00d7 54 mm R\"}]},{\"@type\":\"WebSite\",\"@id\":\"https:\/\/arsenal24.pl\/#website\",\"url\":\"https:\/\/arsenal24.pl\/\",\"name\":\"Arsena\u0142 - Profesjonalny sklep z broni\u0105 i akcesoriami\",\"description\":\"\",\"publisher\":{\"@id\":\"https:\/\/arsenal24.pl\/#organization\"},\"potentialAction\":[{\"@type\":\"SearchAction\",\"target\":{\"@type\":\"EntryPoint\",\"urlTemplate\":\"https:\/\/arsenal24.pl\/?s={search_term_string}\"},\"query-input\":{\"@type\":\"PropertyValueSpecification\",\"valueRequired\":true,\"valueName\":\"search_term_string\"}}],\"inLanguage\":\"uk\"},{\"@type\":\"Organization\",\"@id\":\"https:\/\/arsenal24.pl\/#organization\",\"name\":\"Arsena\u0142 - Profesjonalny sklep z broni\u0105 i akcesoriami\",\"url\":\"https:\/\/arsenal24.pl\/\",\"logo\":{\"@type\":\"ImageObject\",\"inLanguage\":\"uk\",\"@id\":\"https:\/\/arsenal24.pl\/#\/schema\/logo\/image\/\",\"url\":\"https:\/\/server568771.nazwa.pl\/arse\/wp-content\/uploads\/2024\/03\/arsenal-24-logo.png\",\"contentUrl\":\"https:\/\/server568771.nazwa.pl\/arse\/wp-content\/uploads\/2024\/03\/arsenal-24-logo.png\",\"width\":140,\"height\":140,\"caption\":\"Arsena\u0142 - Profesjonalny sklep z broni\u0105 i akcesoriami\"},\"image\":{\"@id\":\"https:\/\/arsenal24.pl\/#\/schema\/logo\/image\/\"},\"sameAs\":[\"https:\/\/www.facebook.com\/people\/Arsena-Sklep\/100035187290806\/?locale=pl_PL&paipv=0&eav=AfaBd4HS6M2sZy5PxVGmBIZx9hgg_97kXvqKJ8pngB-S_qRYY5xCeE23HjB7T-5FY6o&_rdr\"]}]}<\/script>\n<!-- \/ Yoast SEO Premium plugin. -->","yoast_head_json":{"title":"Karabin powtarzalny Mosin 1891 7,62 \u00d7 54 mm R - Arsena\u0142","description":"Karabin Mosin 1891, kal. 7,62 \u00d7 54 mm R, rocznik 1900, komora graniasta, stan przewodu lufy bardzo dobry, z biciem \"SA\" przez Fin\u00f3w.","robots":{"index":"index","follow":"follow","max-snippet":"max-snippet:-1","max-image-preview":"max-image-preview:large","max-video-preview":"max-video-preview:-1"},"canonical":"https:\/\/arsenal24.pl\/uk\/product\/karabin-powtarzalny-mosin-1891-762-x-54-mm-r-arsenal\/","og_locale":"uk_UA","og_type":"article","og_title":"Karabin powtarzalny Mosin 1891 7,62 \u00d7 54 mm R","og_description":"Karabin Mosin 1891, kal. 7,62 \u00d7 54 mm R, rocznik 1900, komora graniasta, stan przewodu lufy bardzo dobry, z biciem \"SA\" przez Fin\u00f3w.","og_url":"https:\/\/arsenal24.pl\/uk\/product\/karabin-powtarzalny-mosin-1891-762-x-54-mm-r-arsenal\/","og_site_name":"Arsena\u0142 - Profesjonalny sklep z broni\u0105 i akcesoriami","article_publisher":"https:\/\/www.facebook.com\/people\/Arsena-Sklep\/100035187290806\/?locale=pl_PL&paipv=0&eav=AfaBd4HS6M2sZy5PxVGmBIZx9hgg_97kXvqKJ8pngB-S_qRYY5xCeE23HjB7T-5FY6o&_rdr","article_modified_time":"2025-01-29T13:44:34+00:00","og_image":[{"width":2560,"height":2560,"url":"https:\/\/arsenal24.pl\/wp-content\/uploads\/2024\/06\/photo01-scaled.webp","type":"image\/webp"}],"twitter_card":"summary_large_image","twitter_misc":{"\u041f\u0440\u0438\u0431\u043b. \u0447\u0430\u0441 \u0447\u0438\u0442\u0430\u043d\u043d\u044f":"1 \u0445\u0432\u0438\u043b\u0438\u043d\u0430"},"schema":{"@context":"https:\/\/schema.org","@graph":[{"@type":"WebPage","@id":"https:\/\/arsenal24.pl\/en\/product\/karabin-powtarzalny-mosin-1891-762-x-54-mm-r-arsenal\/","url":"https:\/\/arsenal24.pl\/en\/product\/karabin-powtarzalny-mosin-1891-762-x-54-mm-r-arsenal\/","name":"Karabin powtarzalny Mosin 1891 7,62 \u00d7 54 mm R - Arsena\u0142","isPartOf":{"@id":"https:\/\/arsenal24.pl\/#website"},"primaryImageOfPage":{"@id":"https:\/\/arsenal24.pl\/en\/product\/karabin-powtarzalny-mosin-1891-762-x-54-mm-r-arsenal\/#primaryimage"},"image":{"@id":"https:\/\/arsenal24.pl\/en\/product\/karabin-powtarzalny-mosin-1891-762-x-54-mm-r-arsenal\/#primaryimage"},"thumbnailUrl":"https:\/\/arsenal24.pl\/wp-content\/uploads\/2024\/06\/photo01-scaled.webp","datePublished":"2024-06-19T09:16:26+00:00","dateModified":"2025-01-29T13:44:34+00:00","description":"Karabin Mosin 1891, kal. 7,62 \u00d7 54 mm R, rocznik 1900, komora graniasta, stan przewodu lufy bardzo dobry, z biciem \"SA\" przez Fin\u00f3w.","breadcrumb":{"@id":"https:\/\/arsenal24.pl\/en\/product\/karabin-powtarzalny-mosin-1891-762-x-54-mm-r-arsenal\/#breadcrumb"},"inLanguage":"uk","potentialAction":[{"@type":"ReadAction","target":["https:\/\/arsenal24.pl\/en\/product\/karabin-powtarzalny-mosin-1891-762-x-54-mm-r-arsenal\/"]}]},{"@type":"ImageObject","inLanguage":"uk","@id":"https:\/\/arsenal24.pl\/en\/product\/karabin-powtarzalny-mosin-1891-762-x-54-mm-r-arsenal\/#primaryimage","url":"https:\/\/arsenal24.pl\/wp-content\/uploads\/2024\/06\/photo01-scaled.webp","contentUrl":"https:\/\/arsenal24.pl\/wp-content\/uploads\/2024\/06\/photo01-scaled.webp","width":2560,"height":2560},{"@type":"BreadcrumbList","@id":"https:\/\/arsenal24.pl\/en\/product\/karabin-powtarzalny-mosin-1891-762-x-54-mm-r-arsenal\/#breadcrumb","itemListElement":[{"@type":"ListItem","position":1,"name":"Strona g\u0142\u00f3wna","item":"https:\/\/arsenal24.pl\/"},{"@type":"ListItem","position":2,"name":"Sklep","item":"https:\/\/arsenal24.pl\/sklep\/"},{"@type":"ListItem","position":3,"name":"Karabin powtarzalny Mosin 1891 7,62 \u00d7 54 mm R"}]},{"@type":"WebSite","@id":"https:\/\/arsenal24.pl\/#website","url":"https:\/\/arsenal24.pl\/","name":"\u0410\u0440\u0441\u0435\u043d\u0430\u043b - \u043c\u0430\u0433\u0430\u0437\u0438\u043d \u043f\u0440\u043e\u0444\u0435\u0441\u0456\u0439\u043d\u043e\u0457 \u0437\u0431\u0440\u043e\u0457 \u0442\u0430 \u0430\u043a\u0441\u0435\u0441\u0443\u0430\u0440\u0456\u0432","description":"","publisher":{"@id":"https:\/\/arsenal24.pl\/#organization"},"potentialAction":[{"@type":"SearchAction","target":{"@type":"EntryPoint","urlTemplate":"https:\/\/arsenal24.pl\/?s={search_term_string}"},"query-input":{"@type":"PropertyValueSpecification","valueRequired":true,"valueName":"search_term_string"}}],"inLanguage":"uk"},{"@type":"Organization","@id":"https:\/\/arsenal24.pl\/#organization","name":"\u0410\u0440\u0441\u0435\u043d\u0430\u043b - \u043c\u0430\u0433\u0430\u0437\u0438\u043d \u043f\u0440\u043e\u0444\u0435\u0441\u0456\u0439\u043d\u043e\u0457 \u0437\u0431\u0440\u043e\u0457 \u0442\u0430 \u0430\u043a\u0441\u0435\u0441\u0443\u0430\u0440\u0456\u0432","url":"https:\/\/arsenal24.pl\/","logo":{"@type":"ImageObject","inLanguage":"uk","@id":"https:\/\/arsenal24.pl\/#\/schema\/logo\/image\/","url":"https:\/\/server568771.nazwa.pl\/arse\/wp-content\/uploads\/2024\/03\/arsenal-24-logo.png","contentUrl":"https:\/\/server568771.nazwa.pl\/arse\/wp-content\/uploads\/2024\/03\/arsenal-24-logo.png","width":140,"height":140,"caption":"Arsena\u0142 - Profesjonalny sklep z broni\u0105 i akcesoriami"},"image":{"@id":"https:\/\/arsenal24.pl\/#\/schema\/logo\/image\/"},"sameAs":["https:\/\/www.facebook.com\/people\/Arsena-Sklep\/100035187290806\/?locale=pl_PL&paipv=0&eav=AfaBd4HS6M2sZy5PxVGmBIZx9hgg_97kXvqKJ8pngB-S_qRYY5xCeE23HjB7T-5FY6o&_rdr"]}]}},"_links":{"self":[{"href":"https:\/\/arsenal24.pl\/uk\/wp-json\/wp\/v2\/product\/4902","targetHints":{"allow":["GET"]}}],"collection":[{"href":"https:\/\/arsenal24.pl\/uk\/wp-json\/wp\/v2\/product"}],"about":[{"href":"https:\/\/arsenal24.pl\/uk\/wp-json\/wp\/v2\/types\/product"}],"version-history":[{"count":1,"href":"https:\/\/arsenal24.pl\/uk\/wp-json\/wp\/v2\/product\/4902\/revisions"}],"predecessor-version":[{"id":6353,"href":"https:\/\/arsenal24.pl\/uk\/wp-json\/wp\/v2\/product\/4902\/revisions\/6353"}],"wp:featuredmedia":[{"embeddable":true,"href":"https:\/\/arsenal24.pl\/uk\/wp-json\/wp\/v2\/media\/5163"}],"wp:attachment":[{"href":"https:\/\/arsenal24.pl\/uk\/wp-json\/wp\/v2\/media?parent=4902"}],"wp:term":[{"taxonomy":"brand","embeddable":true,"href":"https:\/\/arsenal24.pl\/uk\/wp-json\/wp\/v2\/etheme_brands?post=4902"},{"taxonomy":"product_brand","embeddable":true,"href":"https:\/\/arsenal24.pl\/uk\/wp-json\/wp\/v2\/product_brand?post=4902"},{"taxonomy":"product_cat","embeddable":true,"href":"https:\/\/arsenal24.pl\/uk\/wp-json\/wp\/v2\/product_cat?post=4902"},{"taxonomy":"product_tag","embeddable":true,"href":"https:\/\/arsenal24.pl\/uk\/wp-json\/wp\/v2\/product_tag?post=4902"}],"curies":[{"name":"wp","href":"https:\/\/api.w.org\/{rel}","templated":true}]}}