{"id":2649,"date":"2024-04-08T17:41:31","date_gmt":"2024-04-08T15:41:31","guid":{"rendered":"https:\/\/rjzvhoo.cluster031.hosting.ovh.net\/arsenalnew\/?post_type=product&#038;p=2649"},"modified":"2025-05-20T16:43:45","modified_gmt":"2025-05-20T14:43:45","slug":"karabinek-pac15-geniia-arsenal","status":"publish","type":"product","link":"https:\/\/arsenal24.pl\/uk\/product\/karabinek-pac15-geniia-arsenal\/","title":{"rendered":"\u041a\u0430\u0440\u0430\u0431\u0456\u043d PAC15 GenIIA"},"content":{"rendered":"<p>\u041f\u0440\u0438\u043d\u0446\u0438\u043f \u0434\u0456\u0457 \u0437\u0430\u0441\u043d\u043e\u0432\u0430\u043d\u0438\u0439 \u043d\u0430 \u043f\u0440\u044f\u043c\u043e\u043c\u0443 \u043d\u0430\u0433\u043d\u0456\u0442\u0430\u043d\u043d\u0456 \u0433\u0430\u0437\u0456\u0432 \u043d\u0430 \u0437\u0430\u0442\u0432\u043e\u0440 (Direct Impingement), \u0434\u0435 \u0432\u043e\u043d\u0438 \u0440\u043e\u0437\u0448\u0438\u0440\u044e\u044e\u0442\u044c\u0441\u044f \u0443 \u0432\u043d\u0443\u0442\u0440\u0456\u0448\u043d\u044c\u043e\u043c\u0443 \u043f\u043e\u0440\u0448\u043d\u0456, \u0437\u043c\u0443\u0448\u0443\u044e\u0447\u0438 \u0437\u0430\u0442\u0432\u043e\u0440 \u0440\u0443\u0445\u0430\u0442\u0438\u0441\u044f \u043d\u0430\u0437\u0430\u0434, \u0430 \u043a\u0430\u0437\u0435\u043d\u043d\u0438\u043a \u0449\u0456\u043b\u044c\u043d\u043e \u0437\u0430\u043c\u0438\u043a\u0430\u0442\u0438\u0441\u044f. \u0417\u0430\u0432\u0434\u044f\u043a\u0438 \u043b\u0456\u043d\u0456\u0439\u043d\u0456\u0439 \u043f\u0435\u0440\u0435\u0434\u0430\u0447\u0456 \u0433\u0430\u0437\u0456\u0432, \u043a\u0430\u0440\u0430\u0431\u0456\u043d\u0438 D.I. \u043c\u0430\u044e\u0442\u044c \u043d\u0438\u0437\u044c\u043a\u0443 \u0432\u0456\u0434\u0434\u0430\u0447\u0443 \u0456 \u0432\u0456\u0434\u0431\u0456\u0439.<\/p>\n<p>\u041a\u0430\u0440\u0430\u0431\u0456\u043d\u0438 PAC15 \u0432\u0456\u0434\u0440\u0456\u0437\u043d\u044f\u044e\u0442\u044c\u0441\u044f \u0443\u043d\u0456\u043a\u0430\u043b\u044c\u043d\u0438\u043c \u0434\u0456\u0430\u043c\u0435\u0442\u0440\u043e\u043c \u0431\u0456\u0447\u043d\u043e\u0433\u043e \u043e\u0442\u0432\u043e\u0440\u0443 \u0432 \u0441\u0442\u0432\u043e\u043b\u0456, \u0442\u043e\u0447\u043d\u043e \u043f\u0456\u0434\u0456\u0431\u0440\u0430\u043d\u0438\u043c \u0434\u043e \u0432\u0430\u0433\u0438 \u0440\u0443\u0445\u043e\u043c\u043e\u0433\u043e \u0432\u0443\u0437\u043b\u0430. \u0426\u0435 \u043f\u0440\u0438\u0437\u0432\u043e\u0434\u0438\u0442\u044c \u0434\u043e \u0437\u043c\u0435\u043d\u0448\u0435\u043d\u043d\u044f \u0432\u0456\u0434\u0434\u0430\u0447\u0456 \u0442\u0430 \u043f\u0456\u0434\u043a\u0438\u0434\u0430\u043d\u043d\u044f \u043f\u0440\u0438 \u0437\u0431\u0435\u0440\u0435\u0436\u0435\u043d\u043d\u0456 \u0432\u0438\u0441\u043e\u043a\u043e\u0457 \u043d\u0430\u0434\u0456\u0439\u043d\u043e\u0441\u0442\u0456 \u043a\u0430\u0440\u0430\u0431\u0456\u043d\u0430 PAC15.<\/p>\n<p>\u041a\u0430\u0440\u0430\u0431\u0456\u043d \u043c\u0430\u0454 \u043b\u0435\u0433\u043a\u0443 \u043f\u043b\u0430\u0432\u0430\u044e\u0447\u0443 \u043b\u043e\u0436\u0443, \u0432\u0438\u0433\u043e\u0442\u043e\u0432\u043b\u0435\u043d\u0443 \u0437 \u0430\u043b\u044e\u043c\u0456\u043d\u0456\u044e \u043c\u0430\u0440\u043a\u0438 6061, \u0437 \u043d\u0430\u043f\u0440\u0430\u0432\u043b\u044f\u044e\u0447\u043e\u044e \u0442\u0438\u043f\u0443 Picatinny rail \u0443 \u0432\u0435\u0440\u0445\u043d\u0456\u0439 \u0447\u0430\u0441\u0442\u0438\u043d\u0456 \u043b\u043e\u0436\u0456 (MILSTD1913). \u041a\u0440\u0456\u043c \u0442\u043e\u0433\u043e, \u043b\u043e\u0436\u0430 \u043c\u0430\u0454 7 \u043f\u043b\u043e\u0449\u0438\u043d \u0437 \u043f\u0440\u043e\u0440\u0456\u0437\u0430\u043c\u0438 \u0432 \u0441\u0438\u0441\u0442\u0435\u043c\u0456 M-LOK - \u0456\u043d\u0442\u0435\u0440\u0444\u0435\u0439\u0441\u0456, \u0449\u043e \u043d\u0430\u0431\u0443\u0432\u0430\u0454 \u0432\u0441\u0435 \u0431\u0456\u043b\u044c\u0448\u043e\u0457 \u043f\u043e\u043f\u0443\u043b\u044f\u0440\u043d\u043e\u0441\u0442\u0456. \u041c\u043e\u043d\u0442\u0430\u0436\u043d\u0438\u0439 \u0441\u0442\u0430\u043d\u0434\u0430\u0440\u0442 \u0434\u043e\u0437\u0432\u043e\u043b\u044f\u0454 \u0432\u0441\u0442\u0430\u043d\u043e\u0432\u043b\u044e\u0432\u0430\u0442\u0438 \u0432\u0441\u0456 \u0432\u0438\u0434\u0438 \u0434\u043e\u0434\u0430\u0442\u043a\u043e\u0432\u0438\u0445 \u0430\u043a\u0441\u0435\u0441\u0443\u0430\u0440\u0456\u0432, \u0442\u0430\u043a\u0438\u0445 \u044f\u043a \u043f\u0435\u0440\u0435\u0434\u043d\u0456 \u0440\u0443\u043a\u043e\u044f\u0442\u043a\u0438, \u043e\u0441\u0432\u0456\u0442\u043b\u0435\u043d\u043d\u044f \u0442\u043e\u0449\u043e.<\/p>\n<p>\u041a\u0430\u0440\u0430\u0431\u0456\u043d \u043e\u0441\u043d\u0430\u0449\u0435\u043d\u0438\u0439 \u043b\u0435\u0433\u043a\u043e\u044e \u043f\u043e\u043b\u0456\u043c\u0435\u0440\u043d\u043e\u044e \u0444\u043b\u044f\u0433\u043e\u044e, \u044f\u043a\u0430 \u043c\u043e\u0436\u0435 \u0444\u0456\u043a\u0441\u0443\u0432\u0430\u0442\u0438\u0441\u044f \u0432 6 \u043f\u043e\u043b\u043e\u0436\u0435\u043d\u043d\u044f\u0445, \u0449\u043e\u0431 \u0430\u0434\u0430\u043f\u0442\u0443\u0432\u0430\u0442\u0438 \u0457\u0457 \u0434\u043e\u0432\u0436\u0438\u043d\u0443 \u0434\u043e \u0441\u0442\u0430\u0442\u0443\u0440\u0438 \u0441\u0442\u0440\u0456\u043b\u044c\u0446\u044f, \u043e\u0434\u044f\u0433\u0443 \u0442\u0430 \u0441\u043f\u043e\u0440\u044f\u0434\u0436\u0435\u043d\u043d\u044f, \u0430 \u0442\u0430\u043a\u043e\u0436 \u0434\u043e \u043f\u043e\u0441\u0442\u0430\u0432\u043b\u0435\u043d\u043e\u0433\u043e \u0437\u0430\u0432\u0434\u0430\u043d\u043d\u044f. \u041d\u0430 \u043f\u0440\u0438\u043a\u043b\u0430\u0434\u0456 \u0454 \u043e\u0442\u0432\u043e\u0440\u0438 \u0434\u043b\u044f \u043a\u0440\u0456\u043f\u043b\u0435\u043d\u043d\u044f \u043f\u0456\u0434\u0432\u0456\u0441\u043d\u043e\u0457 \u0441\u0438\u0441\u0442\u0435\u043c\u0438 QD. PAC15 \u043f\u043e\u0441\u0442\u0430\u0432\u043b\u044f\u0454\u0442\u044c\u0441\u044f \u0437\u0456 \u0441\u043a\u043b\u0430\u0434\u043d\u0438\u043c\u0438 \u043f\u0440\u0438\u0446\u0456\u043b\u044c\u043d\u0438\u043c\u0438 \u043f\u0440\u0438\u0441\u0442\u043e\u0441\u0443\u0432\u0430\u043d\u043d\u044f\u043c\u0438.<\/p>\n<p>&nbsp;<\/p>\n<p><strong>\u0413\u0415\u041d\u0406\u0407<\/strong><\/p>\n<p>\u041f\u043e\u043a\u043e\u043b\u0456\u043d\u043d\u044f II \u043a\u0430\u0440\u0430\u0431\u0456\u043d\u0456\u0432 PAC15, \u0432\u0456\u0434\u0440\u0456\u0437\u043d\u044f\u044e\u0442\u044c\u0441\u044f \u0442\u0438\u043c, \u0449\u043e:<br \/>\n- \u0434\u0432\u043e\u0441\u0442\u043e\u0440\u043e\u043d\u043d\u0456\u0439 \u0432\u0430\u0436\u0456\u043b\u044c \u043f\u0435\u0440\u0435\u0437\u0430\u0440\u044f\u0434\u0436\u0430\u043d\u043d\u044f;<br \/>\n- \u0434\u0432\u043e\u0441\u0442\u043e\u0440\u043e\u043d\u043d\u0456\u0439 \u043f\u0435\u0440\u0435\u043c\u0438\u043a\u0430\u0447 \u0432\u043e\u0433\u043d\u044e, \u0449\u043e \u043f\u043e\u043b\u0435\u0433\u0448\u0443\u0454 \u043a\u043e\u0440\u0438\u0441\u0442\u0443\u0432\u0430\u043d\u043d\u044f \u043a\u0430\u0440\u0430\u0431\u0456\u043d\u043e\u043c \u0434\u043b\u044f \u043f\u0440\u0430\u0432\u0448\u0456\u0432 \u0442\u0430 \u043b\u0456\u0432\u0448\u0456\u0432;<br \/>\n- \u043f\u043e\u043a\u0440\u0430\u0449\u0438\u043b\u0438 \u043a\u0443\u043b\u044c\u0442\u0443\u0440\u0443 \u0437\u0430\u043f\u0443\u0441\u043a\u0443;<br \/>\n-\u00a0<strong>IIA<\/strong>\u00a0- \u043f\u043e\u0441\u0438\u043b\u0435\u043d\u0430 \u043a\u043e\u043b\u0431\u0430;<br \/>\n-\u00a0<strong>IIA<\/strong>\u00a0- \u043f\u0440\u043e\u0433\u0443\u043c\u043e\u0432\u0430\u043d\u0430 \u043f\u0456\u0441\u0442\u043e\u043b\u0435\u0442\u043d\u0430 \u0440\u0443\u043a\u043e\u044f\u0442\u043a\u0430;<br \/>\n-\u00a0<strong>IIA<\/strong>\u00a0- \u0437\u0430\u0434\u043d\u044f \u043f\u0430\u043d\u0435\u043b\u044c \u0437 \u043a\u0440\u0456\u043f\u043b\u0435\u043d\u043d\u044f\u043c \u0434\u043b\u044f \u043f\u0456\u0434\u0432\u0456\u0441\u0443;<br \/>\n-\u00a0<strong>IIA<\/strong>\u00a0- \u043d\u043e\u0432\u0456 \u0441\u043a\u043b\u0430\u0434\u043d\u0456 \u0456\u043d\u0441\u0442\u0440\u0443\u043c\u0435\u043d\u0442\u0438 \u043f\u0440\u0438\u0446\u0456\u043b\u044e\u0432\u0430\u043d\u043d\u044f.<\/p>\n<p>\u0421\u0442\u0432\u043e\u043b \u043a\u0430\u0440\u0430\u0431\u0456\u043d\u0430 \u0432\u0438\u0433\u043e\u0442\u043e\u0432\u043b\u0435\u043d\u0438\u0439 \u043c\u0435\u0442\u043e\u0434\u043e\u043c \u0432\u0438\u0442\u044f\u0433\u0443\u0432\u0430\u043d\u043d\u044f. \u0426\u0435\u0439 \u043c\u0435\u0442\u043e\u0434 \u0454 \u0442\u043e\u0447\u043d\u0438\u043c \u0456 \u043d\u0430\u0434\u0430\u0454 \u0441\u0442\u0432\u043e\u043b\u0443 \u0432\u0438\u0441\u043e\u043a\u0443 \u0436\u043e\u0440\u0441\u0442\u043a\u0456\u0441\u0442\u044c \u0442\u0430 \u043c\u0456\u0446\u043d\u0456\u0441\u0442\u044c. \u0421\u0442\u0432\u043e\u043b\u0438 \u0437\u0431\u0435\u0440\u0456\u0433\u0430\u044e\u0442\u044c \u0441\u0432\u043e\u0457 \u0432\u0456\u0434\u043c\u0456\u043d\u043d\u0456 \u043f\u0430\u0440\u0430\u043c\u0435\u0442\u0440\u0438 \u043d\u0430\u0432\u0456\u0442\u044c \u043f\u0456\u0441\u043b\u044f \u0431\u0430\u0433\u0430\u0442\u044c\u043e\u0445 \u0442\u0438\u0441\u044f\u0447 \u043f\u043e\u0441\u0442\u0440\u0456\u043b\u0456\u0432. \u041e\u0447\u0456\u043a\u0443\u0432\u0430\u043d\u0438\u0439 \u0440\u0435\u0441\u0443\u0440\u0441 \u0441\u0442\u0432\u043e\u043b\u0430 \u0441\u0442\u0430\u043d\u043e\u0432\u0438\u0442\u044c 10-12 000 \u043f\u043e\u0441\u0442\u0440\u0456\u043b\u0456\u0432, \u0437\u0430\u043b\u0435\u0436\u043d\u043e \u0432\u0456\u0434 \u044f\u043a\u043e\u0441\u0442\u0456 \u0431\u043e\u0454\u043f\u0440\u0438\u043f\u0430\u0441\u0456\u0432, \u0449\u043e \u0432\u0438\u043a\u043e\u0440\u0438\u0441\u0442\u043e\u0432\u0443\u044e\u0442\u044c\u0441\u044f, \u0430 \u0442\u0430\u043a\u043e\u0436 \u0447\u0430\u0441\u0442\u043e\u0442\u0438 \u0456 \u0441\u043f\u043e\u0441\u043e\u0431\u0456\u0432 \u0447\u0438\u0449\u0435\u043d\u043d\u044f \u0442\u0430 \u043e\u0431\u0441\u043b\u0443\u0433\u043e\u0432\u0443\u0432\u0430\u043d\u043d\u044f.<\/p>\n<p>PAC15 \u0432\u0438\u0433\u043e\u0442\u043e\u0432\u043b\u044f\u044e\u0442\u044c\u0441\u044f \u0437\u0430 \u0441\u0442\u0430\u043d\u0434\u0430\u0440\u0442\u043e\u043c MilSpec, \u0430 \u0446\u0435 \u043e\u0437\u043d\u0430\u0447\u0430\u0454, \u0449\u043e \u0432\u043e\u043d\u0438 \u0441\u0443\u043c\u0456\u0441\u043d\u0456 \u0456\u0437 \u0437\u0430\u043f\u0430\u0441\u043d\u0438\u043c\u0438 \u0447\u0430\u0441\u0442\u0438\u043d\u0430\u043c\u0438, \u0432\u0438\u0433\u043e\u0442\u043e\u0432\u043b\u0435\u043d\u0438\u043c\u0438 \u0437\u0430 \u0441\u0442\u0430\u043d\u0434\u0430\u0440\u0442\u043e\u043c AR15. PAC15 \u0454 \u0447\u0443\u0434\u043e\u0432\u043e\u044e \u043f\u043b\u0430\u0442\u0444\u043e\u0440\u043c\u043e\u044e \u0434\u043b\u044f \u0440\u043e\u0437\u0448\u0438\u0440\u0435\u043d\u043d\u044f \u0442\u0430 \u043a\u0430\u0441\u0442\u043e\u043c\u0456\u0437\u0430\u0446\u0456\u0457.<\/p>\n<p><i>\u041a\u0430\u0440\u0430\u0431\u0456\u043d\u0438 Suveren Arms \u0432\u0438\u0433\u043e\u0442\u043e\u0432\u043b\u044f\u044e\u0442\u044c\u0441\u044f \u0437\u0430 \u0442\u0438\u043c\u0438 \u0436 \u0441\u0442\u0430\u043d\u0434\u0430\u0440\u0442\u0430\u043c\u0438 \u0456 \u043d\u043e\u0440\u043c\u0430\u043c\u0438, \u0449\u043e \u0456 \u0432\u0456\u0439\u0441\u044c\u043a\u043e\u0432\u0430 \u0437\u0431\u0440\u043e\u044f. \u041a\u0430\u0440\u0430\u0431\u0456\u043d\u0438 \u0430\u0434\u0430\u043f\u0442\u043e\u0432\u0430\u043d\u0456 \u0434\u043b\u044f \u0446\u0438\u0432\u0456\u043b\u044c\u043d\u043e\u0433\u043e \u0440\u0438\u043d\u043a\u0443 \u0456 \u0441\u0442\u0440\u0456\u043b\u044f\u044e\u0442\u044c \u0442\u0456\u043b\u044c\u043a\u0438 \u043e\u0434\u0438\u043d\u043e\u0447\u043d\u0438\u043c\u0438 \u043f\u043e\u0441\u0442\u0440\u0456\u043b\u0430\u043c\u0438, \u0442\u043e\u043c\u0443 \u043d\u0430 \u043d\u0438\u0445 \u043d\u0435 \u043f\u043e\u0448\u0438\u0440\u044e\u044e\u0442\u044c\u0441\u044f \u043e\u0431\u043c\u0435\u0436\u0435\u043d\u043d\u044f \u0414\u0438\u0440\u0435\u043a\u0442\u0438\u0432\u0438 \u0404\u0421.<\/i><\/p>\n<p>\u0414\u043e\u0441\u0442\u0443\u043f\u043d\u0456 \u0431\u043e\u0447\u043a\u0438:<\/p>\n<ul>\n<li>10.5&#8243;<\/li>\n<li>12.6&#8243;<\/li>\n<li>14.5&#8243;<\/li>\n<li>16&#8243;<\/li>\n<li>18&#8243;<\/li>\n<\/ul>","protected":false},"excerpt":{"rendered":"<p>\u0414\u043e\u0441\u0442\u0443\u043f\u043d\u0456 \u0431\u043e\u0447\u043a\u0438:<\/p>\n<ul>\n<li>10.5&#8243;<\/li>\n<li>12.6&#8243;<\/li>\n<li>14.5&#8243;<\/li>\n<li>16&#8243;<\/li>\n<\/ul>","protected":false},"featured_media":5556,"template":"","meta":[],"etheme_brands":[{"term_id":212,"name":"SVRN","slug":"svrn","term_group":0,"term_taxonomy_id":212,"taxonomy":"brand","description":"","parent":0,"count":6,"filter":"raw"}],"product_brand":[],"product_cat":[100],"product_tag":[],"class_list":{"0":"post-2649","1":"product","2":"type-product","3":"status-publish","4":"has-post-thumbnail","6":"brand-svrn","7":"product_cat-bron-sportowa","9":"first","10":"instock","11":"shipping-taxable","12":"purchasable","13":"product-type-simple"},"yoast_head":"<!-- This site is optimized with the Yoast SEO Premium plugin v24.0 (Yoast SEO v26.0) - https:\/\/yoast.com\/wordpress\/plugins\/seo\/ -->\n<title>Karabinek PAC15 GenIIA - Arsena\u0142<\/title>\n<meta name=\"description\" content=\"Karabinki PAC15 wyr\u00f3\u017cnia unikalna \u015brednica otworu bocznego w lufie, dok\u0142adnie dopasowana do masy zespo\u0142u ruchomego. G\u00f3rna cz\u0119\u015b\u0107 \u0142o\u017ca to szyna Picatinny.\" \/>\n<meta name=\"robots\" content=\"index, follow, max-snippet:-1, max-image-preview:large, max-video-preview:-1\" \/>\n<link rel=\"canonical\" href=\"https:\/\/arsenal24.pl\/uk\/product\/karabinek-pac15-geniia-arsenal\/\" \/>\n<meta property=\"og:locale\" content=\"uk_UA\" \/>\n<meta property=\"og:type\" content=\"article\" \/>\n<meta property=\"og:title\" content=\"Karabinek PAC15 GenIIA\" \/>\n<meta property=\"og:description\" content=\"Karabinki PAC15 wyr\u00f3\u017cnia unikalna \u015brednica otworu bocznego w lufie, dok\u0142adnie dopasowana do masy zespo\u0142u ruchomego. G\u00f3rna cz\u0119\u015b\u0107 \u0142o\u017ca to szyna Picatinny.\" \/>\n<meta property=\"og:url\" content=\"https:\/\/arsenal24.pl\/uk\/product\/karabinek-pac15-geniia-arsenal\/\" \/>\n<meta property=\"og:site_name\" content=\"Arsena\u0142 - Profesjonalny sklep z broni\u0105 i akcesoriami\" \/>\n<meta property=\"article:publisher\" content=\"https:\/\/www.facebook.com\/people\/Arsena-Sklep\/100035187290806\/?locale=pl_PL&amp;paipv=0&amp;eav=AfaBd4HS6M2sZy5PxVGmBIZx9hgg_97kXvqKJ8pngB-S_qRYY5xCeE23HjB7T-5FY6o&amp;_rdr\" \/>\n<meta property=\"article:modified_time\" content=\"2025-05-20T14:43:45+00:00\" \/>\n<meta property=\"og:image\" content=\"https:\/\/arsenal24.pl\/wp-content\/uploads\/2024\/04\/Bez-nazwy145B.webp\" \/>\n\t<meta property=\"og:image:width\" content=\"1500\" \/>\n\t<meta property=\"og:image:height\" content=\"1500\" \/>\n\t<meta property=\"og:image:type\" content=\"image\/webp\" \/>\n<meta name=\"twitter:card\" content=\"summary_large_image\" \/>\n<meta name=\"twitter:label1\" content=\"\u041f\u0440\u0438\u0431\u043b. \u0447\u0430\u0441 \u0447\u0438\u0442\u0430\u043d\u043d\u044f\" \/>\n\t<meta name=\"twitter:data1\" content=\"3 \u0445\u0432\u0438\u043b\u0438\u043d\u0438\" \/>\n<script type=\"application\/ld+json\" class=\"yoast-schema-graph\">{\"@context\":\"https:\/\/schema.org\",\"@graph\":[{\"@type\":\"WebPage\",\"@id\":\"https:\/\/arsenal24.pl\/uk\/product\/karabinek-pac15-geniia-arsenal\/\",\"url\":\"https:\/\/arsenal24.pl\/uk\/product\/karabinek-pac15-geniia-arsenal\/\",\"name\":\"Karabinek PAC15 GenIIA - Arsena\u0142\",\"isPartOf\":{\"@id\":\"https:\/\/arsenal24.pl\/#website\"},\"primaryImageOfPage\":{\"@id\":\"https:\/\/arsenal24.pl\/uk\/product\/karabinek-pac15-geniia-arsenal\/#primaryimage\"},\"image\":{\"@id\":\"https:\/\/arsenal24.pl\/uk\/product\/karabinek-pac15-geniia-arsenal\/#primaryimage\"},\"thumbnailUrl\":\"https:\/\/arsenal24.pl\/wp-content\/uploads\/2024\/04\/Bez-nazwy145B.webp\",\"datePublished\":\"2024-04-08T15:41:31+00:00\",\"dateModified\":\"2025-05-20T14:43:45+00:00\",\"description\":\"Karabinki PAC15 wyr\u00f3\u017cnia unikalna \u015brednica otworu bocznego w lufie, dok\u0142adnie dopasowana do masy zespo\u0142u ruchomego. G\u00f3rna cz\u0119\u015b\u0107 \u0142o\u017ca to szyna Picatinny.\",\"breadcrumb\":{\"@id\":\"https:\/\/arsenal24.pl\/uk\/product\/karabinek-pac15-geniia-arsenal\/#breadcrumb\"},\"inLanguage\":\"uk\",\"potentialAction\":[{\"@type\":\"ReadAction\",\"target\":[\"https:\/\/arsenal24.pl\/uk\/product\/karabinek-pac15-geniia-arsenal\/\"]}]},{\"@type\":\"ImageObject\",\"inLanguage\":\"uk\",\"@id\":\"https:\/\/arsenal24.pl\/uk\/product\/karabinek-pac15-geniia-arsenal\/#primaryimage\",\"url\":\"https:\/\/arsenal24.pl\/wp-content\/uploads\/2024\/04\/Bez-nazwy145B.webp\",\"contentUrl\":\"https:\/\/arsenal24.pl\/wp-content\/uploads\/2024\/04\/Bez-nazwy145B.webp\",\"width\":1500,\"height\":1500},{\"@type\":\"BreadcrumbList\",\"@id\":\"https:\/\/arsenal24.pl\/uk\/product\/karabinek-pac15-geniia-arsenal\/#breadcrumb\",\"itemListElement\":[{\"@type\":\"ListItem\",\"position\":1,\"name\":\"Strona g\u0142\u00f3wna\",\"item\":\"https:\/\/arsenal24.pl\/\"},{\"@type\":\"ListItem\",\"position\":2,\"name\":\"Sklep\",\"item\":\"https:\/\/arsenal24.pl\/sklep\/\"},{\"@type\":\"ListItem\",\"position\":3,\"name\":\"Karabinek PAC15 GenIIA\"}]},{\"@type\":\"WebSite\",\"@id\":\"https:\/\/arsenal24.pl\/#website\",\"url\":\"https:\/\/arsenal24.pl\/\",\"name\":\"Arsena\u0142 - Profesjonalny sklep z broni\u0105 i akcesoriami\",\"description\":\"\",\"publisher\":{\"@id\":\"https:\/\/arsenal24.pl\/#organization\"},\"potentialAction\":[{\"@type\":\"SearchAction\",\"target\":{\"@type\":\"EntryPoint\",\"urlTemplate\":\"https:\/\/arsenal24.pl\/?s={search_term_string}\"},\"query-input\":{\"@type\":\"PropertyValueSpecification\",\"valueRequired\":true,\"valueName\":\"search_term_string\"}}],\"inLanguage\":\"uk\"},{\"@type\":\"Organization\",\"@id\":\"https:\/\/arsenal24.pl\/#organization\",\"name\":\"Arsena\u0142 - Profesjonalny sklep z broni\u0105 i akcesoriami\",\"url\":\"https:\/\/arsenal24.pl\/\",\"logo\":{\"@type\":\"ImageObject\",\"inLanguage\":\"uk\",\"@id\":\"https:\/\/arsenal24.pl\/#\/schema\/logo\/image\/\",\"url\":\"https:\/\/server568771.nazwa.pl\/arse\/wp-content\/uploads\/2024\/03\/arsenal-24-logo.png\",\"contentUrl\":\"https:\/\/server568771.nazwa.pl\/arse\/wp-content\/uploads\/2024\/03\/arsenal-24-logo.png\",\"width\":140,\"height\":140,\"caption\":\"Arsena\u0142 - Profesjonalny sklep z broni\u0105 i akcesoriami\"},\"image\":{\"@id\":\"https:\/\/arsenal24.pl\/#\/schema\/logo\/image\/\"},\"sameAs\":[\"https:\/\/www.facebook.com\/people\/Arsena-Sklep\/100035187290806\/?locale=pl_PL&paipv=0&eav=AfaBd4HS6M2sZy5PxVGmBIZx9hgg_97kXvqKJ8pngB-S_qRYY5xCeE23HjB7T-5FY6o&_rdr\"]}]}<\/script>\n<!-- \/ Yoast SEO Premium plugin. -->","yoast_head_json":{"title":"Karabinek PAC15 GenIIA - Arsena\u0142","description":"Karabinki PAC15 wyr\u00f3\u017cnia unikalna \u015brednica otworu bocznego w lufie, dok\u0142adnie dopasowana do masy zespo\u0142u ruchomego. G\u00f3rna cz\u0119\u015b\u0107 \u0142o\u017ca to szyna Picatinny.","robots":{"index":"index","follow":"follow","max-snippet":"max-snippet:-1","max-image-preview":"max-image-preview:large","max-video-preview":"max-video-preview:-1"},"canonical":"https:\/\/arsenal24.pl\/uk\/product\/karabinek-pac15-geniia-arsenal\/","og_locale":"uk_UA","og_type":"article","og_title":"Karabinek PAC15 GenIIA","og_description":"Karabinki PAC15 wyr\u00f3\u017cnia unikalna \u015brednica otworu bocznego w lufie, dok\u0142adnie dopasowana do masy zespo\u0142u ruchomego. G\u00f3rna cz\u0119\u015b\u0107 \u0142o\u017ca to szyna Picatinny.","og_url":"https:\/\/arsenal24.pl\/uk\/product\/karabinek-pac15-geniia-arsenal\/","og_site_name":"Arsena\u0142 - Profesjonalny sklep z broni\u0105 i akcesoriami","article_publisher":"https:\/\/www.facebook.com\/people\/Arsena-Sklep\/100035187290806\/?locale=pl_PL&paipv=0&eav=AfaBd4HS6M2sZy5PxVGmBIZx9hgg_97kXvqKJ8pngB-S_qRYY5xCeE23HjB7T-5FY6o&_rdr","article_modified_time":"2025-05-20T14:43:45+00:00","og_image":[{"width":1500,"height":1500,"url":"https:\/\/arsenal24.pl\/wp-content\/uploads\/2024\/04\/Bez-nazwy145B.webp","type":"image\/webp"}],"twitter_card":"summary_large_image","twitter_misc":{"\u041f\u0440\u0438\u0431\u043b. \u0447\u0430\u0441 \u0447\u0438\u0442\u0430\u043d\u043d\u044f":"3 \u0445\u0432\u0438\u043b\u0438\u043d\u0438"},"schema":{"@context":"https:\/\/schema.org","@graph":[{"@type":"WebPage","@id":"https:\/\/arsenal24.pl\/uk\/product\/karabinek-pac15-geniia-arsenal\/","url":"https:\/\/arsenal24.pl\/uk\/product\/karabinek-pac15-geniia-arsenal\/","name":"Karabinek PAC15 GenIIA - Arsena\u0142","isPartOf":{"@id":"https:\/\/arsenal24.pl\/#website"},"primaryImageOfPage":{"@id":"https:\/\/arsenal24.pl\/uk\/product\/karabinek-pac15-geniia-arsenal\/#primaryimage"},"image":{"@id":"https:\/\/arsenal24.pl\/uk\/product\/karabinek-pac15-geniia-arsenal\/#primaryimage"},"thumbnailUrl":"https:\/\/arsenal24.pl\/wp-content\/uploads\/2024\/04\/Bez-nazwy145B.webp","datePublished":"2024-04-08T15:41:31+00:00","dateModified":"2025-05-20T14:43:45+00:00","description":"Karabinki PAC15 wyr\u00f3\u017cnia unikalna \u015brednica otworu bocznego w lufie, dok\u0142adnie dopasowana do masy zespo\u0142u ruchomego. G\u00f3rna cz\u0119\u015b\u0107 \u0142o\u017ca to szyna Picatinny.","breadcrumb":{"@id":"https:\/\/arsenal24.pl\/uk\/product\/karabinek-pac15-geniia-arsenal\/#breadcrumb"},"inLanguage":"uk","potentialAction":[{"@type":"ReadAction","target":["https:\/\/arsenal24.pl\/uk\/product\/karabinek-pac15-geniia-arsenal\/"]}]},{"@type":"ImageObject","inLanguage":"uk","@id":"https:\/\/arsenal24.pl\/uk\/product\/karabinek-pac15-geniia-arsenal\/#primaryimage","url":"https:\/\/arsenal24.pl\/wp-content\/uploads\/2024\/04\/Bez-nazwy145B.webp","contentUrl":"https:\/\/arsenal24.pl\/wp-content\/uploads\/2024\/04\/Bez-nazwy145B.webp","width":1500,"height":1500},{"@type":"BreadcrumbList","@id":"https:\/\/arsenal24.pl\/uk\/product\/karabinek-pac15-geniia-arsenal\/#breadcrumb","itemListElement":[{"@type":"ListItem","position":1,"name":"Strona g\u0142\u00f3wna","item":"https:\/\/arsenal24.pl\/"},{"@type":"ListItem","position":2,"name":"Sklep","item":"https:\/\/arsenal24.pl\/sklep\/"},{"@type":"ListItem","position":3,"name":"Karabinek PAC15 GenIIA"}]},{"@type":"WebSite","@id":"https:\/\/arsenal24.pl\/#website","url":"https:\/\/arsenal24.pl\/","name":"\u0410\u0440\u0441\u0435\u043d\u0430\u043b - \u043c\u0430\u0433\u0430\u0437\u0438\u043d \u043f\u0440\u043e\u0444\u0435\u0441\u0456\u0439\u043d\u043e\u0457 \u0437\u0431\u0440\u043e\u0457 \u0442\u0430 \u0430\u043a\u0441\u0435\u0441\u0443\u0430\u0440\u0456\u0432","description":"","publisher":{"@id":"https:\/\/arsenal24.pl\/#organization"},"potentialAction":[{"@type":"SearchAction","target":{"@type":"EntryPoint","urlTemplate":"https:\/\/arsenal24.pl\/?s={search_term_string}"},"query-input":{"@type":"PropertyValueSpecification","valueRequired":true,"valueName":"search_term_string"}}],"inLanguage":"uk"},{"@type":"Organization","@id":"https:\/\/arsenal24.pl\/#organization","name":"\u0410\u0440\u0441\u0435\u043d\u0430\u043b - \u043c\u0430\u0433\u0430\u0437\u0438\u043d \u043f\u0440\u043e\u0444\u0435\u0441\u0456\u0439\u043d\u043e\u0457 \u0437\u0431\u0440\u043e\u0457 \u0442\u0430 \u0430\u043a\u0441\u0435\u0441\u0443\u0430\u0440\u0456\u0432","url":"https:\/\/arsenal24.pl\/","logo":{"@type":"ImageObject","inLanguage":"uk","@id":"https:\/\/arsenal24.pl\/#\/schema\/logo\/image\/","url":"https:\/\/server568771.nazwa.pl\/arse\/wp-content\/uploads\/2024\/03\/arsenal-24-logo.png","contentUrl":"https:\/\/server568771.nazwa.pl\/arse\/wp-content\/uploads\/2024\/03\/arsenal-24-logo.png","width":140,"height":140,"caption":"Arsena\u0142 - Profesjonalny sklep z broni\u0105 i akcesoriami"},"image":{"@id":"https:\/\/arsenal24.pl\/#\/schema\/logo\/image\/"},"sameAs":["https:\/\/www.facebook.com\/people\/Arsena-Sklep\/100035187290806\/?locale=pl_PL&paipv=0&eav=AfaBd4HS6M2sZy5PxVGmBIZx9hgg_97kXvqKJ8pngB-S_qRYY5xCeE23HjB7T-5FY6o&_rdr"]}]}},"_links":{"self":[{"href":"https:\/\/arsenal24.pl\/uk\/wp-json\/wp\/v2\/product\/2649","targetHints":{"allow":["GET"]}}],"collection":[{"href":"https:\/\/arsenal24.pl\/uk\/wp-json\/wp\/v2\/product"}],"about":[{"href":"https:\/\/arsenal24.pl\/uk\/wp-json\/wp\/v2\/types\/product"}],"version-history":[{"count":4,"href":"https:\/\/arsenal24.pl\/uk\/wp-json\/wp\/v2\/product\/2649\/revisions"}],"predecessor-version":[{"id":6890,"href":"https:\/\/arsenal24.pl\/uk\/wp-json\/wp\/v2\/product\/2649\/revisions\/6890"}],"wp:featuredmedia":[{"embeddable":true,"href":"https:\/\/arsenal24.pl\/uk\/wp-json\/wp\/v2\/media\/5556"}],"wp:attachment":[{"href":"https:\/\/arsenal24.pl\/uk\/wp-json\/wp\/v2\/media?parent=2649"}],"wp:term":[{"taxonomy":"brand","embeddable":true,"href":"https:\/\/arsenal24.pl\/uk\/wp-json\/wp\/v2\/etheme_brands?post=2649"},{"taxonomy":"product_brand","embeddable":true,"href":"https:\/\/arsenal24.pl\/uk\/wp-json\/wp\/v2\/product_brand?post=2649"},{"taxonomy":"product_cat","embeddable":true,"href":"https:\/\/arsenal24.pl\/uk\/wp-json\/wp\/v2\/product_cat?post=2649"},{"taxonomy":"product_tag","embeddable":true,"href":"https:\/\/arsenal24.pl\/uk\/wp-json\/wp\/v2\/product_tag?post=2649"}],"curies":[{"name":"wp","href":"https:\/\/api.w.org\/{rel}","templated":true}]}}