{"id":46,"date":"2023-02-06T15:51:11","date_gmt":"2023-02-06T15:51:11","guid":{"rendered":"https:\/\/xstore.8theme.com\/elementor2\/industrial-power-tools\/?page_id=46"},"modified":"2024-06-11T17:45:09","modified_gmt":"2024-06-11T15:45:09","slug":"szkolenia","status":"publish","type":"page","link":"https:\/\/arsenal24.pl\/uk\/szkolenia\/","title":{"rendered":"\u041d\u0430\u0432\u0447\u0430\u043d\u043d\u044f"},"content":{"rendered":"<div data-elementor-type=\"wp-page\" data-elementor-id=\"46\" class=\"elementor elementor-46\" data-elementor-post-type=\"page\">\n\t\t\t\t\t\t<section class=\"elementor-section elementor-top-section elementor-element elementor-element-ffe6e3a elementor-section-boxed elementor-section-height-default elementor-section-height-default\" data-id=\"ffe6e3a\" data-element_type=\"section\">\n\t\t\t\t\t\t<div class=\"elementor-container elementor-column-gap-no\">\n\t\t\t\t\t<div class=\"elementor-column elementor-col-100 elementor-top-column elementor-element elementor-element-37f11f2\" data-id=\"37f11f2\" data-element_type=\"column\">\n\t\t\t<div class=\"elementor-widget-wrap elementor-element-populated\">\n\t\t\t\t\t\t<div class=\"elementor-element elementor-element-3ba7723 elementor-widget elementor-widget-etheme_posts\" data-id=\"3ba7723\" data-element_type=\"widget\" data-settings=\"{&quot;navigation&quot;:&quot;pagination&quot;,&quot;posts_per_page&quot;:9,&quot;cols_tablet&quot;:&quot;3&quot;,&quot;cols_mobile&quot;:&quot;1&quot;,&quot;query_type&quot;:&quot;categories&quot;,&quot;cols&quot;:&quot;3&quot;,&quot;navigation_pagination_ajax&quot;:&quot;yes&quot;,&quot;cols_gap&quot;:{&quot;unit&quot;:&quot;px&quot;,&quot;size&quot;:&quot;&quot;,&quot;sizes&quot;:[]},&quot;cols_gap_tablet&quot;:{&quot;unit&quot;:&quot;px&quot;,&quot;size&quot;:&quot;&quot;,&quot;sizes&quot;:[]},&quot;cols_gap_mobile&quot;:{&quot;unit&quot;:&quot;px&quot;,&quot;size&quot;:&quot;&quot;,&quot;sizes&quot;:[]},&quot;rows_gap&quot;:{&quot;unit&quot;:&quot;px&quot;,&quot;size&quot;:&quot;&quot;,&quot;sizes&quot;:[]},&quot;rows_gap_tablet&quot;:{&quot;unit&quot;:&quot;px&quot;,&quot;size&quot;:&quot;&quot;,&quot;sizes&quot;:[]},&quot;rows_gap_mobile&quot;:{&quot;unit&quot;:&quot;px&quot;,&quot;size&quot;:&quot;&quot;,&quot;sizes&quot;:[]}}\" data-widget_type=\"etheme_posts.default\">\n\t\t\t\t<div class=\"elementor-widget-container\">\n\t\t\t\t\t            <div class=\"etheme-posts-wrapper etheme-grid\">\n                        <article class=\"etheme-post post-175 post type-post status-publish format-standard has-post-thumbnail hentry category-szkolenia\">\n                <div class=\"etheme-post-image-wrapper etheme-image-hover etheme-image-hover-scaleIn\">\n            <a class=\"etheme-post-image-inner\" href=\"https:\/\/arsenal24.pl\/uk\/all-electrics-commercial-mowingtech-solutions\/\">\n            <img decoding=\"async\" src=\"https:\/\/arsenal24.pl\/wp-content\/uploads\/elementor\/thumbs\/50338228_2292557667698524_5192868863934464_n-ql5auo6swlkyroonklrfvdqzydh98jped6q3jjcvrw.jpg\" title=\"50338228_2292557667698524_5192868863934464_n\" alt=\"50338228_2292557667698524_5192868863934464_n\" loading=\"lazy\" \/>            <\/a>\n                            <span class=\"etheme-post-date-label inside\">\n                            <span class=\"etheme-post-day\">03<\/span><span class=\"etheme-post-month\">\u041b\u044e\u0442<\/span>                        <\/span>\n                        <\/div>\n                        <div class=\"etheme-post-content\">\n                <span class=\"etheme-post-terms etheme-post-categories\"><a href=\"https:\/\/arsenal24.pl\/uk\/category\/szkolenia\/\">\u041d\u0430\u0432\u0447\u0430\u043d\u043d\u044f<\/a><\/span><h3 class=\"etheme-post-title\"><a href=\"https:\/\/arsenal24.pl\/uk\/all-electrics-commercial-mowingtech-solutions\/\">\u0422\u0430\u043a\u0442\u0438\u0447\u043d\u0456 \u0440\u044f\u0442\u0443\u0432\u0430\u043b\u044c\u043d\u0456 \u043e\u043f\u0435\u0440\u0430\u0446\u0456\u0457<\/a><\/h3><div class=\"etheme-post-excerpt\">Czynno\u015bci ratunkowe w warunkach taktycznych Wsp\u00f3\u0142czesne zagro\u017cenia wymagaj\u0105 nie tylko wiedzy, ale przede wszystkim umiej\u0119tno\u015bci dzia\u0142ania pod presj\u0105, w warunkach chaosu, stresu i realnego zagro\u017cenia...<\/div>            <\/div>\n                <\/article>\n                <article class=\"etheme-post post-1977 post type-post status-publish format-standard has-post-thumbnail hentry category-szkolenia\">\n                <div class=\"etheme-post-image-wrapper etheme-image-hover etheme-image-hover-scaleIn\">\n            <a class=\"etheme-post-image-inner\" href=\"https:\/\/arsenal24.pl\/uk\/zachowanie-i-wspoldzialanie-w-przypadku-podejrzenia-podlozenia-ladunku\/\">\n            <img decoding=\"async\" src=\"https:\/\/arsenal24.pl\/wp-content\/uploads\/elementor\/thumbs\/c4-ql5bwl0gk1hb1hm66zpqftcahum7p27nktz4db58t8.jpg\" title=\"c4\" alt=\"c4\" loading=\"lazy\" \/>            <\/a>\n                            <span class=\"etheme-post-date-label inside\">\n                            <span class=\"etheme-post-day\">13<\/span><span class=\"etheme-post-month\">\u0411\u0435\u0440.<\/span>                        <\/span>\n                        <\/div>\n                        <div class=\"etheme-post-content\">\n                <span class=\"etheme-post-terms etheme-post-categories\"><a href=\"https:\/\/arsenal24.pl\/uk\/category\/szkolenia\/\">\u041d\u0430\u0432\u0447\u0430\u043d\u043d\u044f<\/a><\/span><h3 class=\"etheme-post-title\"><a href=\"https:\/\/arsenal24.pl\/uk\/zachowanie-i-wspoldzialanie-w-przypadku-podejrzenia-podlozenia-ladunku\/\">\u041f\u043e\u0432\u0435\u0434\u0456\u043d\u043a\u0430 \u0442\u0430 \u0432\u0437\u0430\u0454\u043c\u043e\u0434\u0456\u044f \u0443 \u0432\u0438\u043f\u0430\u0434\u043a\u0443 \u043f\u0456\u0434\u043e\u0437\u0440\u0438 \u0443 \u0441\u043a\u043e\u0454\u043d\u043d\u0456 \u0437\u043b\u043e\u0447\u0438\u043d\u0443<\/a><\/h3><div class=\"etheme-post-excerpt\">\u0412\u0438 \u043a\u043e\u043b\u0438-\u043d\u0435\u0431\u0443\u0434\u044c \u043e\u0442\u0440\u0438\u043c\u0443\u0432\u0430\u043b\u0438 \u043f\u0456\u0434\u043e\u0437\u0440\u0456\u043b\u0438\u0439 \u0442\u0435\u043b\u0435\u0444\u043e\u043d\u043d\u0438\u0439 \u0434\u0437\u0432\u0456\u043d\u043e\u043a \u0430\u0431\u043e \u0435\u043b\u0435\u043a\u0442\u0440\u043e\u043d\u043d\u0438\u0439 \u043b\u0438\u0441\u0442 \u043f\u0440\u043e \u043c\u043e\u0436\u043b\u0438\u0432\u0438\u0439 \u0432\u0438\u0431\u0443\u0445\u043e\u0432\u0438\u0439 \u043f\u0440\u0438\u0441\u0442\u0440\u0456\u0439? \u0412\u0438 \u0437\u043d\u0430\u0439\u0448\u043b\u0438 \u043d\u0435\u0432\u0456\u0434\u043e\u043c\u0438\u0439 \u043f\u0430\u043a\u0443\u043d\u043e\u043a \u0443 \u0433\u0440\u043e\u043c\u0430\u0434\u0441\u044c\u043a\u043e\u043c\u0443 \u043c\u0456\u0441\u0446\u0456? \u042f\u043a\u0449\u043e \u0442\u0430\u043a, \u0442\u043e \u0441\u0430\u043c\u0435 \u0434\u043b\u044f \u0432\u0430\u0441 \u043c\u0438 \u043e\u0440\u0433\u0430\u043d\u0456\u0437\u043e\u0432\u0443\u0454\u043c\u043e \u043d\u0430\u0432\u0447\u0430\u043b\u044c\u043d\u0438\u0439 \u043a\u0443\u0440\u0441, \u044f\u043a\u0438\u0439 \u0434\u043e\u043f\u043e\u043c\u043e\u0436\u0435 \u0432\u0430\u043c \u0434\u0456\u044f\u0442\u0438 \u0432 \u043f\u043e\u0434\u0456\u0431\u043d\u0438\u0445 \u0441\u0438\u0442\u0443\u0430\u0446\u0456\u044f\u0445.<\/div>            <\/div>\n                <\/article>\n                <article class=\"etheme-post post-4741 post type-post status-publish format-standard has-post-thumbnail hentry category-szkolenia\">\n                <div class=\"etheme-post-image-wrapper etheme-image-hover etheme-image-hover-scaleIn\">\n            <a class=\"etheme-post-image-inner\" href=\"https:\/\/arsenal24.pl\/uk\/kurs-prowadzacego-strzelanie-wszystkie-kategorie\/\">\n            <img decoding=\"async\" src=\"https:\/\/arsenal24.pl\/wp-content\/uploads\/elementor\/thumbs\/trwh-rlplycq8xgx9cfxcd6s46ydgp7n6gz3zquxeadin6k.png\" title=\"trwh\" alt=\"trwh\" loading=\"lazy\" \/>            <\/a>\n                            <span class=\"etheme-post-date-label inside\">\n                            <span class=\"etheme-post-day\">11<\/span><span class=\"etheme-post-month\">\u0427\u0435\u0440<\/span>                        <\/span>\n                        <\/div>\n                        <div class=\"etheme-post-content\">\n                <span class=\"etheme-post-terms etheme-post-categories\"><a href=\"https:\/\/arsenal24.pl\/uk\/category\/szkolenia\/\">\u041d\u0430\u0432\u0447\u0430\u043d\u043d\u044f<\/a><\/span><h3 class=\"etheme-post-title\"><a href=\"https:\/\/arsenal24.pl\/uk\/kurs-prowadzacego-strzelanie-wszystkie-kategorie\/\">\u041a\u0443\u0440\u0441 \u0434\u043b\u044f \u043a\u0435\u0440\u0456\u0432\u043d\u0438\u043a\u0456\u0432 \u0441\u0442\u0440\u0456\u043b\u044c\u0431\u0438 \u0432\u0441\u0456\u0445 \u043a\u0430\u0442\u0435\u0433\u043e\u0440\u0456\u0439.<\/a><\/h3><div class=\"etheme-post-excerpt\">\u0414\u043e\u0431\u0440\u043e\u0433\u043e \u0434\u043d\u044f,\n\u0417\u0430\u043f\u0440\u043e\u0448\u0443\u0454\u043c\u043e \u0432\u0430\u0441 \u0432\u0437\u044f\u0442\u0438 \u0443\u0447\u0430\u0441\u0442\u044c \u0443 \"\u041a\u0443\u0440\u0441\u0456 \u0441\u0442\u0440\u0456\u043b\u0435\u0446\u044c\u043a\u0438\u0445 \u043b\u0456\u0434\u0435\u0440\u0456\u0432\", \u043e\u0440\u0433\u0430\u043d\u0456\u0437\u043e\u0432\u0430\u043d\u043e\u043c\u0443 \u0441\u043f\u0456\u043b\u044c\u043d\u043e \u0437 \u043d\u0435\u0434\u0435\u0440\u0436\u0430\u0432\u043d\u0438\u043c \u0437\u0430\u043a\u043b\u0430\u0434\u043e\u043c \u043f\u0456\u0434\u0432\u0438\u0449\u0435\u043d\u043d\u044f \u043a\u0432\u0430\u043b\u0456\u0444\u0456\u043a\u0430\u0446\u0456\u0457 \"\u0410\u0440\u0441\u0435\u043d\u0430\u043b \u0422\u0440\u0435\u043d\u0456\u043d\u0433\". <\/div>            <\/div>\n                <\/article>\n                    <\/div>\n            \t\t\t\t<\/div>\n\t\t\t\t<\/div>\n\t\t\t\t\t<\/div>\n\t\t<\/div>\n\t\t\t\t\t<\/div>\n\t\t<\/section>\n\t\t\t\t<\/div>","protected":false},"excerpt":{"rendered":"<p>03lut Szkolenia Czynno\u015bci ratunkowe w warunkach taktycznych Ratownictwo bojowe poprzez specjalnie dobrany system szkolenia daje mo\u017cliwo\u015b\u0107 sprawdzenia swoich umiej\u0119tno\u015bci w warunkach ekstremalnych. Szkolenie odbywa si\u0119&#8230;<\/p>","protected":false},"author":1,"featured_media":0,"parent":0,"menu_order":0,"comment_status":"closed","ping_status":"closed","template":"","meta":{"footnotes":""},"class_list":["post-46","page","type-page","status-publish","hentry"],"yoast_head":"<!-- This site is optimized with the Yoast SEO Premium plugin v24.0 (Yoast SEO v26.0) - https:\/\/yoast.com\/wordpress\/plugins\/seo\/ -->\n<title>Szkolenia - Arsena\u0142 - Profesjonalny sklep z broni\u0105 i akcesoriami<\/title>\n<meta name=\"robots\" content=\"index, follow, max-snippet:-1, max-image-preview:large, max-video-preview:-1\" \/>\n<link rel=\"canonical\" href=\"https:\/\/arsenal24.pl\/uk\/szkolenia\/\" \/>\n<meta property=\"og:locale\" content=\"uk_UA\" \/>\n<meta property=\"og:type\" content=\"article\" \/>\n<meta property=\"og:title\" content=\"Szkolenia\" \/>\n<meta property=\"og:description\" content=\"03lut Szkolenia Czynno\u015bci ratunkowe w warunkach taktycznych Ratownictwo bojowe poprzez specjalnie dobrany system szkolenia daje mo\u017cliwo\u015b\u0107 sprawdzenia swoich umiej\u0119tno\u015bci w warunkach ekstremalnych. Szkolenie odbywa si\u0119...\" \/>\n<meta property=\"og:url\" content=\"https:\/\/arsenal24.pl\/uk\/szkolenia\/\" \/>\n<meta property=\"og:site_name\" content=\"Arsena\u0142 - Profesjonalny sklep z broni\u0105 i akcesoriami\" \/>\n<meta property=\"article:publisher\" content=\"https:\/\/www.facebook.com\/people\/Arsena-Sklep\/100035187290806\/?locale=pl_PL&amp;paipv=0&amp;eav=AfaBd4HS6M2sZy5PxVGmBIZx9hgg_97kXvqKJ8pngB-S_qRYY5xCeE23HjB7T-5FY6o&amp;_rdr\" \/>\n<meta property=\"article:modified_time\" content=\"2024-06-11T15:45:09+00:00\" \/>\n<meta property=\"og:image\" content=\"https:\/\/server568771.nazwa.pl\/arse\/wp-content\/uploads\/elementor\/thumbs\/50338228_2292557667698524_5192868863934464_n-ql5auo6swlkyroonklrfvdqzydh98jped6q3jjcvrw.jpg\" \/>\n<meta name=\"twitter:card\" content=\"summary_large_image\" \/>\n<meta name=\"twitter:label1\" content=\"\u041f\u0440\u0438\u0431\u043b. \u0447\u0430\u0441 \u0447\u0438\u0442\u0430\u043d\u043d\u044f\" \/>\n\t<meta name=\"twitter:data1\" content=\"1 \u0445\u0432\u0438\u043b\u0438\u043d\u0430\" \/>\n<script type=\"application\/ld+json\" class=\"yoast-schema-graph\">{\"@context\":\"https:\/\/schema.org\",\"@graph\":[{\"@type\":\"WebPage\",\"@id\":\"https:\/\/arsenal24.pl\/szkolenia\/\",\"url\":\"https:\/\/arsenal24.pl\/szkolenia\/\",\"name\":\"Szkolenia - Arsena\u0142 - Profesjonalny sklep z broni\u0105 i akcesoriami\",\"isPartOf\":{\"@id\":\"https:\/\/arsenal24.pl\/#website\"},\"primaryImageOfPage\":{\"@id\":\"https:\/\/arsenal24.pl\/szkolenia\/#primaryimage\"},\"image\":{\"@id\":\"https:\/\/arsenal24.pl\/szkolenia\/#primaryimage\"},\"thumbnailUrl\":\"https:\/\/server568771.nazwa.pl\/arse\/wp-content\/uploads\/elementor\/thumbs\/50338228_2292557667698524_5192868863934464_n-ql5auo6swlkyroonklrfvdqzydh98jped6q3jjcvrw.jpg\",\"datePublished\":\"2023-02-06T15:51:11+00:00\",\"dateModified\":\"2024-06-11T15:45:09+00:00\",\"breadcrumb\":{\"@id\":\"https:\/\/arsenal24.pl\/szkolenia\/#breadcrumb\"},\"inLanguage\":\"uk\",\"potentialAction\":[{\"@type\":\"ReadAction\",\"target\":[\"https:\/\/arsenal24.pl\/szkolenia\/\"]}]},{\"@type\":\"ImageObject\",\"inLanguage\":\"uk\",\"@id\":\"https:\/\/arsenal24.pl\/szkolenia\/#primaryimage\",\"url\":\"https:\/\/server568771.nazwa.pl\/arse\/wp-content\/uploads\/elementor\/thumbs\/50338228_2292557667698524_5192868863934464_n-ql5auo6swlkyroonklrfvdqzydh98jped6q3jjcvrw.jpg\",\"contentUrl\":\"https:\/\/server568771.nazwa.pl\/arse\/wp-content\/uploads\/elementor\/thumbs\/50338228_2292557667698524_5192868863934464_n-ql5auo6swlkyroonklrfvdqzydh98jped6q3jjcvrw.jpg\"},{\"@type\":\"BreadcrumbList\",\"@id\":\"https:\/\/arsenal24.pl\/szkolenia\/#breadcrumb\",\"itemListElement\":[{\"@type\":\"ListItem\",\"position\":1,\"name\":\"Strona g\u0142\u00f3wna\",\"item\":\"https:\/\/arsenal24.pl\/\"},{\"@type\":\"ListItem\",\"position\":2,\"name\":\"Szkolenia\"}]},{\"@type\":\"WebSite\",\"@id\":\"https:\/\/arsenal24.pl\/#website\",\"url\":\"https:\/\/arsenal24.pl\/\",\"name\":\"Arsena\u0142 - Profesjonalny sklep z broni\u0105 i akcesoriami\",\"description\":\"\",\"publisher\":{\"@id\":\"https:\/\/arsenal24.pl\/#organization\"},\"potentialAction\":[{\"@type\":\"SearchAction\",\"target\":{\"@type\":\"EntryPoint\",\"urlTemplate\":\"https:\/\/arsenal24.pl\/?s={search_term_string}\"},\"query-input\":{\"@type\":\"PropertyValueSpecification\",\"valueRequired\":true,\"valueName\":\"search_term_string\"}}],\"inLanguage\":\"uk\"},{\"@type\":\"Organization\",\"@id\":\"https:\/\/arsenal24.pl\/#organization\",\"name\":\"Arsena\u0142 - Profesjonalny sklep z broni\u0105 i akcesoriami\",\"url\":\"https:\/\/arsenal24.pl\/\",\"logo\":{\"@type\":\"ImageObject\",\"inLanguage\":\"uk\",\"@id\":\"https:\/\/arsenal24.pl\/#\/schema\/logo\/image\/\",\"url\":\"https:\/\/server568771.nazwa.pl\/arse\/wp-content\/uploads\/2024\/03\/arsenal-24-logo.png\",\"contentUrl\":\"https:\/\/server568771.nazwa.pl\/arse\/wp-content\/uploads\/2024\/03\/arsenal-24-logo.png\",\"width\":140,\"height\":140,\"caption\":\"Arsena\u0142 - Profesjonalny sklep z broni\u0105 i akcesoriami\"},\"image\":{\"@id\":\"https:\/\/arsenal24.pl\/#\/schema\/logo\/image\/\"},\"sameAs\":[\"https:\/\/www.facebook.com\/people\/Arsena-Sklep\/100035187290806\/?locale=pl_PL&paipv=0&eav=AfaBd4HS6M2sZy5PxVGmBIZx9hgg_97kXvqKJ8pngB-S_qRYY5xCeE23HjB7T-5FY6o&_rdr\"]}]}<\/script>\n<!-- \/ Yoast SEO Premium plugin. -->","yoast_head_json":{"title":"Szkolenia - Arsena\u0142 - Profesjonalny sklep z broni\u0105 i akcesoriami","robots":{"index":"index","follow":"follow","max-snippet":"max-snippet:-1","max-image-preview":"max-image-preview:large","max-video-preview":"max-video-preview:-1"},"canonical":"https:\/\/arsenal24.pl\/uk\/szkolenia\/","og_locale":"uk_UA","og_type":"article","og_title":"Szkolenia","og_description":"03lut Szkolenia Czynno\u015bci ratunkowe w warunkach taktycznych Ratownictwo bojowe poprzez specjalnie dobrany system szkolenia daje mo\u017cliwo\u015b\u0107 sprawdzenia swoich umiej\u0119tno\u015bci w warunkach ekstremalnych. Szkolenie odbywa si\u0119...","og_url":"https:\/\/arsenal24.pl\/uk\/szkolenia\/","og_site_name":"Arsena\u0142 - Profesjonalny sklep z broni\u0105 i akcesoriami","article_publisher":"https:\/\/www.facebook.com\/people\/Arsena-Sklep\/100035187290806\/?locale=pl_PL&paipv=0&eav=AfaBd4HS6M2sZy5PxVGmBIZx9hgg_97kXvqKJ8pngB-S_qRYY5xCeE23HjB7T-5FY6o&_rdr","article_modified_time":"2024-06-11T15:45:09+00:00","og_image":[{"url":"https:\/\/server568771.nazwa.pl\/arse\/wp-content\/uploads\/elementor\/thumbs\/50338228_2292557667698524_5192868863934464_n-ql5auo6swlkyroonklrfvdqzydh98jped6q3jjcvrw.jpg","type":"","width":"","height":""}],"twitter_card":"summary_large_image","twitter_misc":{"\u041f\u0440\u0438\u0431\u043b. \u0447\u0430\u0441 \u0447\u0438\u0442\u0430\u043d\u043d\u044f":"1 \u0445\u0432\u0438\u043b\u0438\u043d\u0430"},"schema":{"@context":"https:\/\/schema.org","@graph":[{"@type":"WebPage","@id":"https:\/\/arsenal24.pl\/szkolenia\/","url":"https:\/\/arsenal24.pl\/szkolenia\/","name":"Szkolenia - Arsena\u0142 - Profesjonalny sklep z broni\u0105 i akcesoriami","isPartOf":{"@id":"https:\/\/arsenal24.pl\/#website"},"primaryImageOfPage":{"@id":"https:\/\/arsenal24.pl\/szkolenia\/#primaryimage"},"image":{"@id":"https:\/\/arsenal24.pl\/szkolenia\/#primaryimage"},"thumbnailUrl":"https:\/\/server568771.nazwa.pl\/arse\/wp-content\/uploads\/elementor\/thumbs\/50338228_2292557667698524_5192868863934464_n-ql5auo6swlkyroonklrfvdqzydh98jped6q3jjcvrw.jpg","datePublished":"2023-02-06T15:51:11+00:00","dateModified":"2024-06-11T15:45:09+00:00","breadcrumb":{"@id":"https:\/\/arsenal24.pl\/szkolenia\/#breadcrumb"},"inLanguage":"uk","potentialAction":[{"@type":"ReadAction","target":["https:\/\/arsenal24.pl\/szkolenia\/"]}]},{"@type":"ImageObject","inLanguage":"uk","@id":"https:\/\/arsenal24.pl\/szkolenia\/#primaryimage","url":"https:\/\/server568771.nazwa.pl\/arse\/wp-content\/uploads\/elementor\/thumbs\/50338228_2292557667698524_5192868863934464_n-ql5auo6swlkyroonklrfvdqzydh98jped6q3jjcvrw.jpg","contentUrl":"https:\/\/server568771.nazwa.pl\/arse\/wp-content\/uploads\/elementor\/thumbs\/50338228_2292557667698524_5192868863934464_n-ql5auo6swlkyroonklrfvdqzydh98jped6q3jjcvrw.jpg"},{"@type":"BreadcrumbList","@id":"https:\/\/arsenal24.pl\/szkolenia\/#breadcrumb","itemListElement":[{"@type":"ListItem","position":1,"name":"Strona g\u0142\u00f3wna","item":"https:\/\/arsenal24.pl\/"},{"@type":"ListItem","position":2,"name":"Szkolenia"}]},{"@type":"WebSite","@id":"https:\/\/arsenal24.pl\/#website","url":"https:\/\/arsenal24.pl\/","name":"\u0410\u0440\u0441\u0435\u043d\u0430\u043b - \u043c\u0430\u0433\u0430\u0437\u0438\u043d \u043f\u0440\u043e\u0444\u0435\u0441\u0456\u0439\u043d\u043e\u0457 \u0437\u0431\u0440\u043e\u0457 \u0442\u0430 \u0430\u043a\u0441\u0435\u0441\u0443\u0430\u0440\u0456\u0432","description":"","publisher":{"@id":"https:\/\/arsenal24.pl\/#organization"},"potentialAction":[{"@type":"SearchAction","target":{"@type":"EntryPoint","urlTemplate":"https:\/\/arsenal24.pl\/?s={search_term_string}"},"query-input":{"@type":"PropertyValueSpecification","valueRequired":true,"valueName":"search_term_string"}}],"inLanguage":"uk"},{"@type":"Organization","@id":"https:\/\/arsenal24.pl\/#organization","name":"\u0410\u0440\u0441\u0435\u043d\u0430\u043b - \u043c\u0430\u0433\u0430\u0437\u0438\u043d \u043f\u0440\u043e\u0444\u0435\u0441\u0456\u0439\u043d\u043e\u0457 \u0437\u0431\u0440\u043e\u0457 \u0442\u0430 \u0430\u043a\u0441\u0435\u0441\u0443\u0430\u0440\u0456\u0432","url":"https:\/\/arsenal24.pl\/","logo":{"@type":"ImageObject","inLanguage":"uk","@id":"https:\/\/arsenal24.pl\/#\/schema\/logo\/image\/","url":"https:\/\/server568771.nazwa.pl\/arse\/wp-content\/uploads\/2024\/03\/arsenal-24-logo.png","contentUrl":"https:\/\/server568771.nazwa.pl\/arse\/wp-content\/uploads\/2024\/03\/arsenal-24-logo.png","width":140,"height":140,"caption":"Arsena\u0142 - Profesjonalny sklep z broni\u0105 i akcesoriami"},"image":{"@id":"https:\/\/arsenal24.pl\/#\/schema\/logo\/image\/"},"sameAs":["https:\/\/www.facebook.com\/people\/Arsena-Sklep\/100035187290806\/?locale=pl_PL&paipv=0&eav=AfaBd4HS6M2sZy5PxVGmBIZx9hgg_97kXvqKJ8pngB-S_qRYY5xCeE23HjB7T-5FY6o&_rdr"]}]}},"_links":{"self":[{"href":"https:\/\/arsenal24.pl\/uk\/wp-json\/wp\/v2\/pages\/46","targetHints":{"allow":["GET"]}}],"collection":[{"href":"https:\/\/arsenal24.pl\/uk\/wp-json\/wp\/v2\/pages"}],"about":[{"href":"https:\/\/arsenal24.pl\/uk\/wp-json\/wp\/v2\/types\/page"}],"author":[{"embeddable":true,"href":"https:\/\/arsenal24.pl\/uk\/wp-json\/wp\/v2\/users\/1"}],"replies":[{"embeddable":true,"href":"https:\/\/arsenal24.pl\/uk\/wp-json\/wp\/v2\/comments?post=46"}],"version-history":[{"count":0,"href":"https:\/\/arsenal24.pl\/uk\/wp-json\/wp\/v2\/pages\/46\/revisions"}],"wp:attachment":[{"href":"https:\/\/arsenal24.pl\/uk\/wp-json\/wp\/v2\/media?parent=46"}],"curies":[{"name":"wp","href":"https:\/\/api.w.org\/{rel}","templated":true}]}}