{"id":38,"date":"2023-02-06T15:49:17","date_gmt":"2023-02-06T15:49:17","guid":{"rendered":"https:\/\/xstore.8theme.com\/elementor2\/industrial-power-tools\/?page_id=38"},"modified":"2024-11-05T16:46:04","modified_gmt":"2024-11-05T15:46:04","slug":"kontakt","status":"publish","type":"page","link":"https:\/\/arsenal24.pl\/uk\/kontakt\/","title":{"rendered":"\u0417\u0432'\u044f\u0436\u0456\u0442\u044c\u0441\u044f \u0437 \u043d\u0430\u043c\u0438"},"content":{"rendered":"<div data-elementor-type=\"wp-page\" data-elementor-id=\"38\" class=\"elementor elementor-38\" data-elementor-post-type=\"page\">\n\t\t\t\t\t\t<section class=\"elementor-section elementor-top-section elementor-element elementor-element-dde17a4 elementor-section-stretched elementor-section-boxed elementor-section-height-default elementor-section-height-default\" data-id=\"dde17a4\" data-element_type=\"section\" data-settings=\"{&quot;stretch_section&quot;:&quot;section-stretched&quot;}\">\n\t\t\t\t\t\t<div class=\"elementor-container elementor-column-gap-custom\">\n\t\t\t\t\t<div class=\"elementor-column elementor-col-50 elementor-top-column elementor-element elementor-element-4bd9184\" data-id=\"4bd9184\" data-element_type=\"column\">\n\t\t\t<div class=\"elementor-widget-wrap elementor-element-populated\">\n\t\t\t\t\t\t<div class=\"elementor-element elementor-element-aa4d46d elementor-widget elementor-widget-text-editor\" data-id=\"aa4d46d\" data-element_type=\"widget\" data-widget_type=\"text-editor.default\">\n\t\t\t\t<div class=\"elementor-widget-container\">\n\t\t\t\t\t\t\t\t\t<iframe src=\"https:\/\/www.google.com\/maps\/embed?pb=!1m18!1m12!1m3!1d2498.922864718175!2d22.6854719!3d51.2204966!2m3!1f0!2f0!3f0!3m2!1i1024!2i768!4f13.1!3m3!1m2!1s0x4722543ee0946cf7%3A0xb7f107d4d6758d53!2sArsena%C5%82%20Sklep!5e0!3m2!1spl!2spl!4v1710351014766!5m2!1spl!2spl\" width=\"600\" height=\"450\" style=\"border:0;\" allowfullscreen=\"\" loading=\"lazy\" referrerpolicy=\"no-referrer-when-downgrade\"><\/iframe>\t\t\t\t\t\t\t\t<\/div>\n\t\t\t\t<\/div>\n\t\t\t\t<div class=\"elementor-element elementor-element-72df442 elementor-widget elementor-widget-heading\" data-id=\"72df442\" data-element_type=\"widget\" data-widget_type=\"heading.default\">\n\t\t\t\t<div class=\"elementor-widget-container\">\n\t\t\t\t\t<h2 class=\"elementor-heading-title elementor-size-default\">\u0410\u0440\u0441\u0435\u043d\u0430\u043b - \u043c\u0430\u0433\u0430\u0437\u0438\u043d \u0437\u0431\u0440\u043e\u0457<\/h2>\t\t\t\t<\/div>\n\t\t\t\t<\/div>\n\t\t\t\t<div class=\"elementor-element elementor-element-5beb469 elementor-widget elementor-widget-text-editor\" data-id=\"5beb469\" data-element_type=\"widget\" data-widget_type=\"text-editor.default\">\n\t\t\t\t<div class=\"elementor-widget-container\">\n\t\t\t\t\t\t\t\t\t<p>\u0412\u0443\u043b\u0438\u0446\u044f \u0422\u0440\u0430\u0443\u0433\u0443\u0442\u0442\u0430, 29<br>21-040 Swidnik<\/p>\n<p><strong>\u041a\u043e\u043d\u0446\u0435\u0441\u0456\u044f <\/strong>\u2116 B-057\/2018<\/p>\n<p><strong>\u041d\u0435\u0434\u0435\u0440\u0436\u0430\u0432\u043d\u0438\u0439 \u0437\u0430\u043a\u043b\u0430\u0434 \u0431\u0435\u0437\u043f\u0435\u0440\u0435\u0440\u0432\u043d\u043e\u0457 \u043e\u0441\u0432\u0456\u0442\u0438<\/strong> - \u0421\u0435\u0440\u0442\u0438\u0444\u0456\u043a\u0430\u0442 \u2116 EK.4330.1.2018<\/p>\t\t\t\t\t\t\t\t<\/div>\n\t\t\t\t<\/div>\n\t\t\t\t\t<\/div>\n\t\t<\/div>\n\t\t\t\t<div class=\"elementor-column elementor-col-50 elementor-top-column elementor-element elementor-element-a604cbe\" data-id=\"a604cbe\" data-element_type=\"column\">\n\t\t\t<div class=\"elementor-widget-wrap elementor-element-populated\">\n\t\t\t\t\t\t<section class=\"elementor-section elementor-inner-section elementor-element elementor-element-fb52f3e elementor-section-boxed elementor-section-height-default elementor-section-height-default\" data-id=\"fb52f3e\" data-element_type=\"section\" data-settings=\"{&quot;background_background&quot;:&quot;classic&quot;}\">\n\t\t\t\t\t\t<div class=\"elementor-container elementor-column-gap-no\">\n\t\t\t\t\t<div class=\"elementor-column elementor-col-100 elementor-inner-column elementor-element elementor-element-5c81fb8\" data-id=\"5c81fb8\" data-element_type=\"column\">\n\t\t\t<div class=\"elementor-widget-wrap elementor-element-populated\">\n\t\t\t\t\t\t<div class=\"elementor-element elementor-element-31fac92 elementor-widget elementor-widget-heading\" data-id=\"31fac92\" data-element_type=\"widget\" data-widget_type=\"heading.default\">\n\t\t\t\t<div class=\"elementor-widget-container\">\n\t\t\t\t\t<h2 class=\"elementor-heading-title elementor-size-default\">\u041a\u043e\u043d\u0442\u0430\u043a\u0442\u0438<\/h2>\t\t\t\t<\/div>\n\t\t\t\t<\/div>\n\t\t\t\t<div class=\"elementor-element elementor-element-16867d3 elementor-align-center elementor-icon-list--layout-traditional elementor-list-item-link-full_width elementor-widget elementor-widget-icon-list\" data-id=\"16867d3\" data-element_type=\"widget\" data-widget_type=\"icon-list.default\">\n\t\t\t\t<div class=\"elementor-widget-container\">\n\t\t\t\t\t\t\t<ul class=\"elementor-icon-list-items\">\n\t\t\t\t\t\t\t<li class=\"elementor-icon-list-item\">\n\t\t\t\t\t\t\t\t\t\t\t<a href=\"#\">\n\n\t\t\t\t\t\t\t\t\t\t\t\t<span class=\"elementor-icon-list-icon\">\n\t\t\t\t\t\t\t<svg xmlns=\"http:\/\/www.w3.org\/2000\/svg\" width=\"16\" height=\"16\" viewbox=\"0 0 16 16\" fill=\"none\"><path d=\"M14.4236 10.8936L12.1669 10.6359C11.9016 10.6048 11.6326 10.6341 11.3802 10.7219C11.1279 10.8096 10.8987 10.9533 10.7098 11.1424L9.07508 12.7771C6.55292 11.4944 4.50289 9.44435 3.22016 6.92219L4.8638 5.27855C5.24584 4.89651 5.43241 4.36344 5.37022 3.82148L5.11257 1.58258C5.0622 1.14917 4.8542 0.749415 4.52818 0.459434C4.20215 0.169452 3.78087 0.00949246 3.34454 0.010011H1.80752C0.803564 0.010011 -0.0315844 0.845159 0.0306075 1.84911C0.501489 9.43652 6.56964 15.4958 14.1482 15.9667C15.1521 16.0289 15.9873 15.1937 15.9873 14.1898V12.6527C15.9961 11.7554 15.3209 11.0002 14.4236 10.8936Z\" fill=\"#0B3954\"><\/path><\/svg>\t\t\t\t\t\t<\/span>\n\t\t\t\t\t\t\t\t\t\t<span class=\"elementor-icon-list-text\">\u0442\u0435\u043b. 506 572 516<\/span>\n\t\t\t\t\t\t\t\t\t\t\t<\/a>\n\t\t\t\t\t\t\t\t\t<\/li>\n\t\t\t\t\t\t\t\t<li class=\"elementor-icon-list-item\">\n\t\t\t\t\t\t\t\t\t\t\t<a href=\"#\">\n\n\t\t\t\t\t\t\t\t\t\t\t\t<span class=\"elementor-icon-list-icon\">\n\t\t\t\t\t\t\t<svg xmlns=\"http:\/\/www.w3.org\/2000\/svg\" width=\"16\" height=\"16\" viewbox=\"0 0 16 16\" fill=\"none\"><path d=\"M14.4236 10.8936L12.1669 10.6359C11.9016 10.6048 11.6326 10.6341 11.3802 10.7219C11.1279 10.8096 10.8987 10.9533 10.7098 11.1424L9.07508 12.7771C6.55292 11.4944 4.50289 9.44435 3.22016 6.92219L4.8638 5.27855C5.24584 4.89651 5.43241 4.36344 5.37022 3.82148L5.11257 1.58258C5.0622 1.14917 4.8542 0.749415 4.52818 0.459434C4.20215 0.169452 3.78087 0.00949246 3.34454 0.010011H1.80752C0.803564 0.010011 -0.0315844 0.845159 0.0306075 1.84911C0.501489 9.43652 6.56964 15.4958 14.1482 15.9667C15.1521 16.0289 15.9873 15.1937 15.9873 14.1898V12.6527C15.9961 11.7554 15.3209 11.0002 14.4236 10.8936Z\" fill=\"#0B3954\"><\/path><\/svg>\t\t\t\t\t\t<\/span>\n\t\t\t\t\t\t\t\t\t\t<span class=\"elementor-icon-list-text\">\u0442\u0435\u043b. 500 769 043<\/span>\n\t\t\t\t\t\t\t\t\t\t\t<\/a>\n\t\t\t\t\t\t\t\t\t<\/li>\n\t\t\t\t\t\t\t\t<li class=\"elementor-icon-list-item\">\n\t\t\t\t\t\t\t\t\t\t\t<a href=\"#\">\n\n\t\t\t\t\t\t\t\t\t\t\t\t<span class=\"elementor-icon-list-icon\">\n\t\t\t\t\t\t\t<svg xmlns=\"http:\/\/www.w3.org\/2000\/svg\" width=\"16\" height=\"16\" viewbox=\"0 0 16 16\" fill=\"none\"><path d=\"M14.4236 10.8936L12.1669 10.6359C11.9016 10.6048 11.6326 10.6341 11.3802 10.7219C11.1279 10.8096 10.8987 10.9533 10.7098 11.1424L9.07508 12.7771C6.55292 11.4944 4.50289 9.44435 3.22016 6.92219L4.8638 5.27855C5.24584 4.89651 5.43241 4.36344 5.37022 3.82148L5.11257 1.58258C5.0622 1.14917 4.8542 0.749415 4.52818 0.459434C4.20215 0.169452 3.78087 0.00949246 3.34454 0.010011H1.80752C0.803564 0.010011 -0.0315844 0.845159 0.0306075 1.84911C0.501489 9.43652 6.56964 15.4958 14.1482 15.9667C15.1521 16.0289 15.9873 15.1937 15.9873 14.1898V12.6527C15.9961 11.7554 15.3209 11.0002 14.4236 10.8936Z\" fill=\"#0B3954\"><\/path><\/svg>\t\t\t\t\t\t<\/span>\n\t\t\t\t\t\t\t\t\t\t<span class=\"elementor-icon-list-text\">\u0442\u0435\u043b. 507 099 426<\/span>\n\t\t\t\t\t\t\t\t\t\t\t<\/a>\n\t\t\t\t\t\t\t\t\t<\/li>\n\t\t\t\t\t\t<\/ul>\n\t\t\t\t\t\t<\/div>\n\t\t\t\t<\/div>\n\t\t\t\t<div class=\"elementor-element elementor-element-165c381 elementor-widget elementor-widget-heading\" data-id=\"165c381\" data-element_type=\"widget\" data-widget_type=\"heading.default\">\n\t\t\t\t<div class=\"elementor-widget-container\">\n\t\t\t\t\t<h2 class=\"elementor-heading-title elementor-size-default\">\u041a\u043e\u043d\u0442\u0430\u043a\u0442\u0438 - \u041c\u0430\u0433\u0430\u0437\u0438\u043d<\/h2>\t\t\t\t<\/div>\n\t\t\t\t<\/div>\n\t\t\t\t<div class=\"elementor-element elementor-element-ff7ce44 elementor-align-center elementor-icon-list--layout-traditional elementor-list-item-link-full_width elementor-widget elementor-widget-icon-list\" data-id=\"ff7ce44\" data-element_type=\"widget\" data-widget_type=\"icon-list.default\">\n\t\t\t\t<div class=\"elementor-widget-container\">\n\t\t\t\t\t\t\t<ul class=\"elementor-icon-list-items\">\n\t\t\t\t\t\t\t<li class=\"elementor-icon-list-item\">\n\t\t\t\t\t\t\t\t\t\t\t<a href=\"#\">\n\n\t\t\t\t\t\t\t\t\t\t\t\t<span class=\"elementor-icon-list-icon\">\n\t\t\t\t\t\t\t<svg xmlns=\"http:\/\/www.w3.org\/2000\/svg\" width=\"16\" height=\"13\" viewbox=\"0 0 16 13\" fill=\"none\"><path d=\"M14.4 0H1.6C0.72 0 0 0.72 0 1.6V11.2C0 12.08 0.72 12.8 1.6 12.8H14.4C15.28 12.8 16 12.08 16 11.2V1.6C16 0.72 15.28 0 14.4 0ZM14.08 3.4L8.848 6.672C8.328 7 7.672 7 7.152 6.672L1.92 3.4C1.83978 3.35497 1.76954 3.29413 1.71351 3.22116C1.65749 3.1482 1.61685 3.06462 1.59406 2.9755C1.57127 2.88637 1.5668 2.79355 1.58093 2.70265C1.59505 2.61174 1.62747 2.52465 1.67623 2.44664C1.72498 2.36863 1.78906 2.30132 1.86458 2.2488C1.9401 2.19627 2.0255 2.15961 2.1156 2.14104C2.2057 2.12247 2.29863 2.12237 2.38876 2.14076C2.4789 2.15914 2.56437 2.19563 2.64 2.248L8 5.6L13.36 2.248C13.4356 2.19563 13.5211 2.15914 13.6112 2.14076C13.7014 2.12237 13.7943 2.12247 13.8844 2.14104C13.9745 2.15961 14.0599 2.19627 14.1354 2.2488C14.2109 2.30132 14.275 2.36863 14.3238 2.44664C14.3725 2.52465 14.405 2.61174 14.4191 2.70265C14.4332 2.79355 14.4287 2.88637 14.4059 2.9755C14.3832 3.06462 14.3425 3.1482 14.2865 3.22116C14.2305 3.29413 14.1602 3.35497 14.08 3.4Z\" fill=\"#0B3954\"><\/path><\/svg>\t\t\t\t\t\t<\/span>\n\t\t\t\t\t\t\t\t\t\t<span class=\"elementor-icon-list-text\">arsenalsklep@gmail.com<\/span>\n\t\t\t\t\t\t\t\t\t\t\t<\/a>\n\t\t\t\t\t\t\t\t\t<\/li>\n\t\t\t\t\t\t<\/ul>\n\t\t\t\t\t\t<\/div>\n\t\t\t\t<\/div>\n\t\t\t\t<div class=\"elementor-element elementor-element-7e73101 elementor-widget elementor-widget-heading\" data-id=\"7e73101\" data-element_type=\"widget\" data-widget_type=\"heading.default\">\n\t\t\t\t<div class=\"elementor-widget-container\">\n\t\t\t\t\t<h2 class=\"elementor-heading-title elementor-size-default\">\u041a\u043e\u043d\u0442\u0430\u043a\u0442\u0438 - \u041d\u0430\u0432\u0447\u0430\u043d\u043d\u044f<\/h2>\t\t\t\t<\/div>\n\t\t\t\t<\/div>\n\t\t\t\t<div class=\"elementor-element elementor-element-8076b53 elementor-align-center elementor-icon-list--layout-traditional elementor-list-item-link-full_width elementor-widget elementor-widget-icon-list\" data-id=\"8076b53\" data-element_type=\"widget\" data-widget_type=\"icon-list.default\">\n\t\t\t\t<div class=\"elementor-widget-container\">\n\t\t\t\t\t\t\t<ul class=\"elementor-icon-list-items\">\n\t\t\t\t\t\t\t<li class=\"elementor-icon-list-item\">\n\t\t\t\t\t\t\t\t\t\t\t<a href=\"#\">\n\n\t\t\t\t\t\t\t\t\t\t\t\t<span class=\"elementor-icon-list-icon\">\n\t\t\t\t\t\t\t<svg xmlns=\"http:\/\/www.w3.org\/2000\/svg\" width=\"16\" height=\"13\" viewbox=\"0 0 16 13\" fill=\"none\"><path d=\"M14.4 0H1.6C0.72 0 0 0.72 0 1.6V11.2C0 12.08 0.72 12.8 1.6 12.8H14.4C15.28 12.8 16 12.08 16 11.2V1.6C16 0.72 15.28 0 14.4 0ZM14.08 3.4L8.848 6.672C8.328 7 7.672 7 7.152 6.672L1.92 3.4C1.83978 3.35497 1.76954 3.29413 1.71351 3.22116C1.65749 3.1482 1.61685 3.06462 1.59406 2.9755C1.57127 2.88637 1.5668 2.79355 1.58093 2.70265C1.59505 2.61174 1.62747 2.52465 1.67623 2.44664C1.72498 2.36863 1.78906 2.30132 1.86458 2.2488C1.9401 2.19627 2.0255 2.15961 2.1156 2.14104C2.2057 2.12247 2.29863 2.12237 2.38876 2.14076C2.4789 2.15914 2.56437 2.19563 2.64 2.248L8 5.6L13.36 2.248C13.4356 2.19563 13.5211 2.15914 13.6112 2.14076C13.7014 2.12237 13.7943 2.12247 13.8844 2.14104C13.9745 2.15961 14.0599 2.19627 14.1354 2.2488C14.2109 2.30132 14.275 2.36863 14.3238 2.44664C14.3725 2.52465 14.405 2.61174 14.4191 2.70265C14.4332 2.79355 14.4287 2.88637 14.4059 2.9755C14.3832 3.06462 14.3425 3.1482 14.2865 3.22116C14.2305 3.29413 14.1602 3.35497 14.08 3.4Z\" fill=\"#0B3954\"><\/path><\/svg>\t\t\t\t\t\t<\/span>\n\t\t\t\t\t\t\t\t\t\t<span class=\"elementor-icon-list-text\">arsenalszkolenia@gmail.com<\/span>\n\t\t\t\t\t\t\t\t\t\t\t<\/a>\n\t\t\t\t\t\t\t\t\t<\/li>\n\t\t\t\t\t\t<\/ul>\n\t\t\t\t\t\t<\/div>\n\t\t\t\t<\/div>\n\t\t\t\t\t<\/div>\n\t\t<\/div>\n\t\t\t\t\t<\/div>\n\t\t<\/section>\n\t\t\t\t\t<\/div>\n\t\t<\/div>\n\t\t\t\t\t<\/div>\n\t\t<\/section>\n\t\t\t\t<\/div>","protected":false},"excerpt":{"rendered":"<p>Arsena\u0142 &#8211; Sklep z broni\u0105 ul. Traugutta 2921-040 \u015awidnik Koncesja nr. B-057\/2018 Niepubliczna Plac\u00f3wka Kszta\u0142cenia Ustawicznego \u2013 Za\u015bwiadczenie nr. EK.4330.1.2018 Kontakt tel. 506 572 516&#8230;<\/p>","protected":false},"author":1,"featured_media":0,"parent":0,"menu_order":0,"comment_status":"closed","ping_status":"closed","template":"","meta":{"footnotes":""},"class_list":["post-38","page","type-page","status-publish","hentry"],"yoast_head":"<!-- This site is optimized with the Yoast SEO Premium plugin v24.0 (Yoast SEO v26.0) - https:\/\/yoast.com\/wordpress\/plugins\/seo\/ -->\n<title>Contact us - Arsena\u0142 - Profesjonalny sklep z broni\u0105 i akcesoriami<\/title>\n<meta name=\"robots\" content=\"index, follow, max-snippet:-1, max-image-preview:large, max-video-preview:-1\" \/>\n<link rel=\"canonical\" href=\"https:\/\/arsenal24.pl\/uk\/kontakt\/\" \/>\n<meta property=\"og:locale\" content=\"uk_UA\" \/>\n<meta property=\"og:type\" content=\"article\" \/>\n<meta property=\"og:title\" content=\"Contact us\" \/>\n<meta property=\"og:description\" content=\"Arsena\u0142 &#8211; Sklep z broni\u0105 ul. Traugutta 2921-040 \u015awidnik Koncesja nr. B-057\/2018 Niepubliczna Plac\u00f3wka Kszta\u0142cenia Ustawicznego \u2013 Za\u015bwiadczenie nr. EK.4330.1.2018 Kontakt tel. 506 572 516...\" \/>\n<meta property=\"og:url\" content=\"https:\/\/arsenal24.pl\/uk\/kontakt\/\" \/>\n<meta property=\"og:site_name\" content=\"Arsena\u0142 - Profesjonalny sklep z broni\u0105 i akcesoriami\" \/>\n<meta property=\"article:publisher\" content=\"https:\/\/www.facebook.com\/people\/Arsena-Sklep\/100035187290806\/?locale=pl_PL&amp;paipv=0&amp;eav=AfaBd4HS6M2sZy5PxVGmBIZx9hgg_97kXvqKJ8pngB-S_qRYY5xCeE23HjB7T-5FY6o&amp;_rdr\" \/>\n<meta property=\"article:modified_time\" content=\"2024-11-05T15:46:04+00:00\" \/>\n<meta name=\"twitter:card\" content=\"summary_large_image\" \/>\n<meta name=\"twitter:label1\" content=\"\u041f\u0440\u0438\u0431\u043b. \u0447\u0430\u0441 \u0447\u0438\u0442\u0430\u043d\u043d\u044f\" \/>\n\t<meta name=\"twitter:data1\" content=\"1 \u0445\u0432\u0438\u043b\u0438\u043d\u0430\" \/>\n<script type=\"application\/ld+json\" class=\"yoast-schema-graph\">{\"@context\":\"https:\/\/schema.org\",\"@graph\":[{\"@type\":\"WebPage\",\"@id\":\"https:\/\/arsenal24.pl\/kontakt\/\",\"url\":\"https:\/\/arsenal24.pl\/kontakt\/\",\"name\":\"Contact us - Arsena\u0142 - Profesjonalny sklep z broni\u0105 i akcesoriami\",\"isPartOf\":{\"@id\":\"https:\/\/arsenal24.pl\/#website\"},\"datePublished\":\"2023-02-06T15:49:17+00:00\",\"dateModified\":\"2024-11-05T15:46:04+00:00\",\"breadcrumb\":{\"@id\":\"https:\/\/arsenal24.pl\/kontakt\/#breadcrumb\"},\"inLanguage\":\"uk\",\"potentialAction\":[{\"@type\":\"ReadAction\",\"target\":[\"https:\/\/arsenal24.pl\/kontakt\/\"]}]},{\"@type\":\"BreadcrumbList\",\"@id\":\"https:\/\/arsenal24.pl\/kontakt\/#breadcrumb\",\"itemListElement\":[{\"@type\":\"ListItem\",\"position\":1,\"name\":\"Strona g\u0142\u00f3wna\",\"item\":\"https:\/\/arsenal24.pl\/\"},{\"@type\":\"ListItem\",\"position\":2,\"name\":\"Contact us\"}]},{\"@type\":\"WebSite\",\"@id\":\"https:\/\/arsenal24.pl\/#website\",\"url\":\"https:\/\/arsenal24.pl\/\",\"name\":\"Arsena\u0142 - Profesjonalny sklep z broni\u0105 i akcesoriami\",\"description\":\"\",\"publisher\":{\"@id\":\"https:\/\/arsenal24.pl\/#organization\"},\"potentialAction\":[{\"@type\":\"SearchAction\",\"target\":{\"@type\":\"EntryPoint\",\"urlTemplate\":\"https:\/\/arsenal24.pl\/?s={search_term_string}\"},\"query-input\":{\"@type\":\"PropertyValueSpecification\",\"valueRequired\":true,\"valueName\":\"search_term_string\"}}],\"inLanguage\":\"uk\"},{\"@type\":\"Organization\",\"@id\":\"https:\/\/arsenal24.pl\/#organization\",\"name\":\"Arsena\u0142 - Profesjonalny sklep z broni\u0105 i akcesoriami\",\"url\":\"https:\/\/arsenal24.pl\/\",\"logo\":{\"@type\":\"ImageObject\",\"inLanguage\":\"uk\",\"@id\":\"https:\/\/arsenal24.pl\/#\/schema\/logo\/image\/\",\"url\":\"https:\/\/server568771.nazwa.pl\/arse\/wp-content\/uploads\/2024\/03\/arsenal-24-logo.png\",\"contentUrl\":\"https:\/\/server568771.nazwa.pl\/arse\/wp-content\/uploads\/2024\/03\/arsenal-24-logo.png\",\"width\":140,\"height\":140,\"caption\":\"Arsena\u0142 - Profesjonalny sklep z broni\u0105 i akcesoriami\"},\"image\":{\"@id\":\"https:\/\/arsenal24.pl\/#\/schema\/logo\/image\/\"},\"sameAs\":[\"https:\/\/www.facebook.com\/people\/Arsena-Sklep\/100035187290806\/?locale=pl_PL&paipv=0&eav=AfaBd4HS6M2sZy5PxVGmBIZx9hgg_97kXvqKJ8pngB-S_qRYY5xCeE23HjB7T-5FY6o&_rdr\"]}]}<\/script>\n<!-- \/ Yoast SEO Premium plugin. -->","yoast_head_json":{"title":"Contact us - Arsena\u0142 - Profesjonalny sklep z broni\u0105 i akcesoriami","robots":{"index":"index","follow":"follow","max-snippet":"max-snippet:-1","max-image-preview":"max-image-preview:large","max-video-preview":"max-video-preview:-1"},"canonical":"https:\/\/arsenal24.pl\/uk\/kontakt\/","og_locale":"uk_UA","og_type":"article","og_title":"Contact us","og_description":"Arsena\u0142 &#8211; Sklep z broni\u0105 ul. Traugutta 2921-040 \u015awidnik Koncesja nr. B-057\/2018 Niepubliczna Plac\u00f3wka Kszta\u0142cenia Ustawicznego \u2013 Za\u015bwiadczenie nr. EK.4330.1.2018 Kontakt tel. 506 572 516...","og_url":"https:\/\/arsenal24.pl\/uk\/kontakt\/","og_site_name":"Arsena\u0142 - Profesjonalny sklep z broni\u0105 i akcesoriami","article_publisher":"https:\/\/www.facebook.com\/people\/Arsena-Sklep\/100035187290806\/?locale=pl_PL&paipv=0&eav=AfaBd4HS6M2sZy5PxVGmBIZx9hgg_97kXvqKJ8pngB-S_qRYY5xCeE23HjB7T-5FY6o&_rdr","article_modified_time":"2024-11-05T15:46:04+00:00","twitter_card":"summary_large_image","twitter_misc":{"\u041f\u0440\u0438\u0431\u043b. \u0447\u0430\u0441 \u0447\u0438\u0442\u0430\u043d\u043d\u044f":"1 \u0445\u0432\u0438\u043b\u0438\u043d\u0430"},"schema":{"@context":"https:\/\/schema.org","@graph":[{"@type":"WebPage","@id":"https:\/\/arsenal24.pl\/kontakt\/","url":"https:\/\/arsenal24.pl\/kontakt\/","name":"Contact us - Arsena\u0142 - Profesjonalny sklep z broni\u0105 i akcesoriami","isPartOf":{"@id":"https:\/\/arsenal24.pl\/#website"},"datePublished":"2023-02-06T15:49:17+00:00","dateModified":"2024-11-05T15:46:04+00:00","breadcrumb":{"@id":"https:\/\/arsenal24.pl\/kontakt\/#breadcrumb"},"inLanguage":"uk","potentialAction":[{"@type":"ReadAction","target":["https:\/\/arsenal24.pl\/kontakt\/"]}]},{"@type":"BreadcrumbList","@id":"https:\/\/arsenal24.pl\/kontakt\/#breadcrumb","itemListElement":[{"@type":"ListItem","position":1,"name":"Strona g\u0142\u00f3wna","item":"https:\/\/arsenal24.pl\/"},{"@type":"ListItem","position":2,"name":"Contact us"}]},{"@type":"WebSite","@id":"https:\/\/arsenal24.pl\/#website","url":"https:\/\/arsenal24.pl\/","name":"\u0410\u0440\u0441\u0435\u043d\u0430\u043b - \u043c\u0430\u0433\u0430\u0437\u0438\u043d \u043f\u0440\u043e\u0444\u0435\u0441\u0456\u0439\u043d\u043e\u0457 \u0437\u0431\u0440\u043e\u0457 \u0442\u0430 \u0430\u043a\u0441\u0435\u0441\u0443\u0430\u0440\u0456\u0432","description":"","publisher":{"@id":"https:\/\/arsenal24.pl\/#organization"},"potentialAction":[{"@type":"SearchAction","target":{"@type":"EntryPoint","urlTemplate":"https:\/\/arsenal24.pl\/?s={search_term_string}"},"query-input":{"@type":"PropertyValueSpecification","valueRequired":true,"valueName":"search_term_string"}}],"inLanguage":"uk"},{"@type":"Organization","@id":"https:\/\/arsenal24.pl\/#organization","name":"\u0410\u0440\u0441\u0435\u043d\u0430\u043b - \u043c\u0430\u0433\u0430\u0437\u0438\u043d \u043f\u0440\u043e\u0444\u0435\u0441\u0456\u0439\u043d\u043e\u0457 \u0437\u0431\u0440\u043e\u0457 \u0442\u0430 \u0430\u043a\u0441\u0435\u0441\u0443\u0430\u0440\u0456\u0432","url":"https:\/\/arsenal24.pl\/","logo":{"@type":"ImageObject","inLanguage":"uk","@id":"https:\/\/arsenal24.pl\/#\/schema\/logo\/image\/","url":"https:\/\/server568771.nazwa.pl\/arse\/wp-content\/uploads\/2024\/03\/arsenal-24-logo.png","contentUrl":"https:\/\/server568771.nazwa.pl\/arse\/wp-content\/uploads\/2024\/03\/arsenal-24-logo.png","width":140,"height":140,"caption":"Arsena\u0142 - Profesjonalny sklep z broni\u0105 i akcesoriami"},"image":{"@id":"https:\/\/arsenal24.pl\/#\/schema\/logo\/image\/"},"sameAs":["https:\/\/www.facebook.com\/people\/Arsena-Sklep\/100035187290806\/?locale=pl_PL&paipv=0&eav=AfaBd4HS6M2sZy5PxVGmBIZx9hgg_97kXvqKJ8pngB-S_qRYY5xCeE23HjB7T-5FY6o&_rdr"]}]}},"_links":{"self":[{"href":"https:\/\/arsenal24.pl\/uk\/wp-json\/wp\/v2\/pages\/38","targetHints":{"allow":["GET"]}}],"collection":[{"href":"https:\/\/arsenal24.pl\/uk\/wp-json\/wp\/v2\/pages"}],"about":[{"href":"https:\/\/arsenal24.pl\/uk\/wp-json\/wp\/v2\/types\/page"}],"author":[{"embeddable":true,"href":"https:\/\/arsenal24.pl\/uk\/wp-json\/wp\/v2\/users\/1"}],"replies":[{"embeddable":true,"href":"https:\/\/arsenal24.pl\/uk\/wp-json\/wp\/v2\/comments?post=38"}],"version-history":[{"count":0,"href":"https:\/\/arsenal24.pl\/uk\/wp-json\/wp\/v2\/pages\/38\/revisions"}],"wp:attachment":[{"href":"https:\/\/arsenal24.pl\/uk\/wp-json\/wp\/v2\/media?parent=38"}],"curies":[{"name":"wp","href":"https:\/\/api.w.org\/{rel}","templated":true}]}}