{"id":3265,"date":"2024-04-23T21:13:41","date_gmt":"2024-04-23T19:13:41","guid":{"rendered":"https:\/\/rjzvhoo.cluster031.hosting.ovh.net\/arsenalnew\/?page_id=3265"},"modified":"2024-07-08T13:38:17","modified_gmt":"2024-07-08T11:38:17","slug":"aktualnosci","status":"publish","type":"page","link":"https:\/\/arsenal24.pl\/uk\/aktualnosci\/","title":{"rendered":"\u041d\u043e\u0432\u0438\u043d\u0438"},"content":{"rendered":"<div data-elementor-type=\"wp-page\" data-elementor-id=\"3265\" class=\"elementor elementor-3265\" data-elementor-post-type=\"page\">\n\t\t\t\t\t\t<section class=\"elementor-section elementor-top-section elementor-element elementor-element-1fbec2c elementor-section-boxed elementor-section-height-default elementor-section-height-default\" data-id=\"1fbec2c\" data-element_type=\"section\">\n\t\t\t\t\t\t<div class=\"elementor-container elementor-column-gap-no\">\n\t\t\t\t\t<div class=\"elementor-column elementor-col-100 elementor-top-column elementor-element elementor-element-cbe9801\" data-id=\"cbe9801\" data-element_type=\"column\">\n\t\t\t<div class=\"elementor-widget-wrap elementor-element-populated\">\n\t\t\t\t\t\t<div class=\"elementor-element elementor-element-8157e2a elementor-widget elementor-widget-etheme_posts\" data-id=\"8157e2a\" data-element_type=\"widget\" data-settings=\"{&quot;navigation&quot;:&quot;pagination&quot;,&quot;posts_per_page&quot;:9,&quot;cols_tablet&quot;:&quot;3&quot;,&quot;cols_mobile&quot;:&quot;1&quot;,&quot;query_type&quot;:&quot;categories&quot;,&quot;cols&quot;:&quot;3&quot;,&quot;navigation_pagination_ajax&quot;:&quot;yes&quot;,&quot;cols_gap&quot;:{&quot;unit&quot;:&quot;px&quot;,&quot;size&quot;:&quot;&quot;,&quot;sizes&quot;:[]},&quot;cols_gap_tablet&quot;:{&quot;unit&quot;:&quot;px&quot;,&quot;size&quot;:&quot;&quot;,&quot;sizes&quot;:[]},&quot;cols_gap_mobile&quot;:{&quot;unit&quot;:&quot;px&quot;,&quot;size&quot;:&quot;&quot;,&quot;sizes&quot;:[]},&quot;rows_gap&quot;:{&quot;unit&quot;:&quot;px&quot;,&quot;size&quot;:&quot;&quot;,&quot;sizes&quot;:[]},&quot;rows_gap_tablet&quot;:{&quot;unit&quot;:&quot;px&quot;,&quot;size&quot;:&quot;&quot;,&quot;sizes&quot;:[]},&quot;rows_gap_mobile&quot;:{&quot;unit&quot;:&quot;px&quot;,&quot;size&quot;:&quot;&quot;,&quot;sizes&quot;:[]}}\" data-widget_type=\"etheme_posts.default\">\n\t\t\t\t<div class=\"elementor-widget-container\">\n\t\t\t\t\t            <div class=\"etheme-posts-wrapper etheme-grid\">\n                        <article class=\"etheme-post post-4712 post type-post status-publish format-standard has-post-thumbnail hentry category-aktualnosci\">\n                <div class=\"etheme-post-image-wrapper etheme-image-hover etheme-image-hover-scaleIn\">\n            <a class=\"etheme-post-image-inner\" href=\"https:\/\/arsenal24.pl\/uk\/ogolnopolski-zlot-milosnikow-broni-palnej-pro-arma-2024\/\">\n            <img decoding=\"async\" src=\"https:\/\/arsenal24.pl\/wp-content\/uploads\/elementor\/thumbs\/ProARMA_plakat_2024-1-1-scaled-qphx1vzj41coa9uvv9b4isjs30h0448uj8e16fzba4.jpg\" title=\"ProARMA_\u043f\u043e\u0441\u0442\u0435\u0440_2024 (1)\" alt=\"ProARMA_plakat_2024 (1)\" loading=\"lazy\" \/>            <\/a>\n                            <span class=\"etheme-post-date-label inside\">\n                            <span class=\"etheme-post-day\">11<\/span><span class=\"etheme-post-month\">\u0427\u0435\u0440<\/span>                        <\/span>\n                        <\/div>\n                        <div class=\"etheme-post-content\">\n                <span class=\"etheme-post-terms etheme-post-categories\"><a href=\"https:\/\/arsenal24.pl\/uk\/category\/aktualnosci\/\">\u041d\u043e\u0432\u0438\u043d\u0438<\/a><\/span><h3 class=\"etheme-post-title\"><a href=\"https:\/\/arsenal24.pl\/uk\/ogolnopolski-zlot-milosnikow-broni-palnej-pro-arma-2024\/\">\u0412\u0441\u0435\u043f\u043e\u043b\u044c\u0441\u044c\u043a\u0435 \u0440\u0430\u043b\u0456 \u043b\u044e\u0431\u0438\u0442\u0435\u043b\u0456\u0432 \u0441\u0442\u0440\u0456\u043b\u0435\u0446\u044c\u043a\u043e\u0457 \u0437\u0431\u0440\u043e\u0457 ARMA 2024<\/a><\/h3><div class=\"etheme-post-excerpt\">5-6 \u0436\u043e\u0432\u0442\u043d\u044f 2024 \u0440\u043e\u043a\u0443 \u043d\u0430 \u0410\u0440\u0435\u043d\u0456 \u041f\u0443\u043b\u0430\u0432\u0438 \u0432\u0456\u0434\u0431\u0443\u0434\u0435\u0442\u044c\u0441\u044f \u043d\u0430\u0439\u0431\u0456\u043b\u044c\u0448\u0430 \u0432 \u041f\u043e\u043b\u044c\u0449\u0456 \u0432\u0438\u0441\u0442\u0430\u0432\u043a\u0430 \u0437\u0431\u0440\u043e\u0457 GUN SHOW.\n\u0422\u0438\u0441\u044f\u0447\u0456 \u043e\u0434\u0438\u043d\u0438\u0446\u044c \u0432\u043e\u0433\u043d\u0435\u043f\u0430\u043b\u044c\u043d\u043e\u0457 \u0437\u0431\u0440\u043e\u0457. \u0412\u0441\u0435 \u043c\u043e\u0436\u043d\u0430 \u0431\u0443\u0434\u0435 \u043f\u043e\u043c\u0430\u0446\u0430\u0442\u0438, \u043f\u043e\u0434\u0438\u0432\u0438\u0442\u0438\u0441\u044f, \u043f\u043e\u0441\u043f\u0456\u043b\u043a\u0443\u0432\u0430\u0442\u0438\u0441\u044f \u0437 \u0432\u043b\u0430\u0441\u043d\u0438\u043a\u0430\u043c\u0438 - \u0435\u043d\u0442\u0443\u0437\u0456\u0430\u0441\u0442\u0430\u043c\u0438. \u0412\u0438 \u0442\u0430\u043a\u043e\u0436 \u043c\u043e\u0436\u0435\u0442\u0435 \u0434\u043e\u043c\u043e\u0432\u0438\u0442\u0438\u0441\u044f \u043f\u0440\u043e \u0437\u0443\u0441\u0442\u0440\u0456\u0447, \u0449\u043e\u0431 \u043a\u0443\u043f\u0438\u0442\u0438<\/div><a class=\"etheme-post-button\" href=\"https:\/\/arsenal24.pl\/uk\/ogolnopolski-zlot-milosnikow-broni-palnej-pro-arma-2024\/\"><span class=\"button-text\">\u0427\u0438\u0442\u0430\u0442\u0438 \u0434\u0430\u043b\u0456<\/span><svg xmlns=\"http:\/\/www.w3.org\/2000\/svg\" width=\"1em\" height=\"1em\" viewbox=\"0 0 24 24\" fill=\"currentColor\"><path d=\"M23.928 11.832c-0.048-0.12-0.12-0.216-0.168-0.264l-7.776-8.16c-0.12-0.144-0.288-0.216-0.48-0.24-0.168 0-0.36 0.048-0.48 0.168-0.288 0.24-0.312 0.672-0.048 0.984l6.648 6.984h-20.904c-0.384 0-0.696 0.312-0.696 0.696s0.312 0.672 0.696 0.672h20.904l-6.624 7.008c-0.12 0.144-0.192 0.312-0.168 0.48 0 0.192 0.096 0.36 0.216 0.48 0.12 0.144 0.312 0.216 0.48 0.216 0.144 0 0.312-0.048 0.48-0.192l7.776-8.16c0 0 0.168-0.264 0.168-0.336 0.024-0.12 0.024-0.216-0.024-0.336z\"><\/path><\/svg><\/a>            <\/div>\n                <\/article>\n                    <\/div>\n            \t\t\t\t<\/div>\n\t\t\t\t<\/div>\n\t\t\t\t\t<\/div>\n\t\t<\/div>\n\t\t\t\t\t<\/div>\n\t\t<\/section>\n\t\t\t\t<\/div>","protected":false},"excerpt":{"rendered":"<p>08lip Aktualno\u015bci Sobota 13 lipca na strzelnicy Wrzos\u00f3w ko\u0142o Radzynia Podlaskiego. W sobot\u0119 13 lipca zapraszamy na strzelnic\u0119 WRZOS\u00d3W ko\u0142o Radzynia Podlaskiego ,na otwart\u0105 imprez\u0119&#8230;<\/p>","protected":false},"author":1,"featured_media":0,"parent":0,"menu_order":0,"comment_status":"closed","ping_status":"closed","template":"","meta":{"footnotes":""},"class_list":["post-3265","page","type-page","status-publish","hentry"],"yoast_head":"<!-- This site is optimized with the Yoast SEO Premium plugin v24.0 (Yoast SEO v26.0) - https:\/\/yoast.com\/wordpress\/plugins\/seo\/ -->\n<title>Aktualno\u015bci - Arsena\u0142 - Profesjonalny sklep z broni\u0105 i akcesoriami<\/title>\n<meta name=\"robots\" content=\"index, follow, max-snippet:-1, max-image-preview:large, max-video-preview:-1\" \/>\n<link rel=\"canonical\" href=\"https:\/\/arsenal24.pl\/uk\/aktualnosci\/\" \/>\n<meta property=\"og:locale\" content=\"uk_UA\" \/>\n<meta property=\"og:type\" content=\"article\" \/>\n<meta property=\"og:title\" content=\"Aktualno\u015bci\" \/>\n<meta property=\"og:description\" content=\"08lip Aktualno\u015bci Sobota 13 lipca na strzelnicy Wrzos\u00f3w ko\u0142o Radzynia Podlaskiego. W sobot\u0119 13 lipca zapraszamy na strzelnic\u0119 WRZOS\u00d3W ko\u0142o Radzynia Podlaskiego ,na otwart\u0105 imprez\u0119...\" \/>\n<meta property=\"og:url\" content=\"https:\/\/arsenal24.pl\/uk\/aktualnosci\/\" \/>\n<meta property=\"og:site_name\" content=\"Arsena\u0142 - Profesjonalny sklep z broni\u0105 i akcesoriami\" \/>\n<meta property=\"article:publisher\" content=\"https:\/\/www.facebook.com\/people\/Arsena-Sklep\/100035187290806\/?locale=pl_PL&amp;paipv=0&amp;eav=AfaBd4HS6M2sZy5PxVGmBIZx9hgg_97kXvqKJ8pngB-S_qRYY5xCeE23HjB7T-5FY6o&amp;_rdr\" \/>\n<meta property=\"article:modified_time\" content=\"2024-07-08T11:38:17+00:00\" \/>\n<meta property=\"og:image\" content=\"https:\/\/server568771.nazwa.pl\/arse\/wp-content\/uploads\/elementor\/thumbs\/wrzosow-qpgk081l7kaffql241g0scosyj7l4aoeg02zupy7do.jpg\" \/>\n<meta name=\"twitter:card\" content=\"summary_large_image\" \/>\n<meta name=\"twitter:label1\" content=\"\u041f\u0440\u0438\u0431\u043b. \u0447\u0430\u0441 \u0447\u0438\u0442\u0430\u043d\u043d\u044f\" \/>\n\t<meta name=\"twitter:data1\" content=\"1 \u0445\u0432\u0438\u043b\u0438\u043d\u0430\" \/>\n<script type=\"application\/ld+json\" class=\"yoast-schema-graph\">{\"@context\":\"https:\/\/schema.org\",\"@graph\":[{\"@type\":\"WebPage\",\"@id\":\"https:\/\/arsenal24.pl\/en\/aktualnosci\/\",\"url\":\"https:\/\/arsenal24.pl\/en\/aktualnosci\/\",\"name\":\"Aktualno\u015bci - Arsena\u0142 - Profesjonalny sklep z broni\u0105 i akcesoriami\",\"isPartOf\":{\"@id\":\"https:\/\/arsenal24.pl\/#website\"},\"primaryImageOfPage\":{\"@id\":\"https:\/\/arsenal24.pl\/en\/aktualnosci\/#primaryimage\"},\"image\":{\"@id\":\"https:\/\/arsenal24.pl\/en\/aktualnosci\/#primaryimage\"},\"thumbnailUrl\":\"https:\/\/server568771.nazwa.pl\/arse\/wp-content\/uploads\/elementor\/thumbs\/wrzosow-qpgk081l7kaffql241g0scosyj7l4aoeg02zupy7do.jpg\",\"datePublished\":\"2024-04-23T19:13:41+00:00\",\"dateModified\":\"2024-07-08T11:38:17+00:00\",\"breadcrumb\":{\"@id\":\"https:\/\/arsenal24.pl\/en\/aktualnosci\/#breadcrumb\"},\"inLanguage\":\"uk\",\"potentialAction\":[{\"@type\":\"ReadAction\",\"target\":[\"https:\/\/arsenal24.pl\/en\/aktualnosci\/\"]}]},{\"@type\":\"ImageObject\",\"inLanguage\":\"uk\",\"@id\":\"https:\/\/arsenal24.pl\/en\/aktualnosci\/#primaryimage\",\"url\":\"https:\/\/server568771.nazwa.pl\/arse\/wp-content\/uploads\/elementor\/thumbs\/wrzosow-qpgk081l7kaffql241g0scosyj7l4aoeg02zupy7do.jpg\",\"contentUrl\":\"https:\/\/server568771.nazwa.pl\/arse\/wp-content\/uploads\/elementor\/thumbs\/wrzosow-qpgk081l7kaffql241g0scosyj7l4aoeg02zupy7do.jpg\"},{\"@type\":\"BreadcrumbList\",\"@id\":\"https:\/\/arsenal24.pl\/en\/aktualnosci\/#breadcrumb\",\"itemListElement\":[{\"@type\":\"ListItem\",\"position\":1,\"name\":\"Strona g\u0142\u00f3wna\",\"item\":\"https:\/\/arsenal24.pl\/\"},{\"@type\":\"ListItem\",\"position\":2,\"name\":\"Aktualno\u015bci\"}]},{\"@type\":\"WebSite\",\"@id\":\"https:\/\/arsenal24.pl\/#website\",\"url\":\"https:\/\/arsenal24.pl\/\",\"name\":\"Arsena\u0142 - Profesjonalny sklep z broni\u0105 i akcesoriami\",\"description\":\"\",\"publisher\":{\"@id\":\"https:\/\/arsenal24.pl\/#organization\"},\"potentialAction\":[{\"@type\":\"SearchAction\",\"target\":{\"@type\":\"EntryPoint\",\"urlTemplate\":\"https:\/\/arsenal24.pl\/?s={search_term_string}\"},\"query-input\":{\"@type\":\"PropertyValueSpecification\",\"valueRequired\":true,\"valueName\":\"search_term_string\"}}],\"inLanguage\":\"uk\"},{\"@type\":\"Organization\",\"@id\":\"https:\/\/arsenal24.pl\/#organization\",\"name\":\"Arsena\u0142 - Profesjonalny sklep z broni\u0105 i akcesoriami\",\"url\":\"https:\/\/arsenal24.pl\/\",\"logo\":{\"@type\":\"ImageObject\",\"inLanguage\":\"uk\",\"@id\":\"https:\/\/arsenal24.pl\/#\/schema\/logo\/image\/\",\"url\":\"https:\/\/server568771.nazwa.pl\/arse\/wp-content\/uploads\/2024\/03\/arsenal-24-logo.png\",\"contentUrl\":\"https:\/\/server568771.nazwa.pl\/arse\/wp-content\/uploads\/2024\/03\/arsenal-24-logo.png\",\"width\":140,\"height\":140,\"caption\":\"Arsena\u0142 - Profesjonalny sklep z broni\u0105 i akcesoriami\"},\"image\":{\"@id\":\"https:\/\/arsenal24.pl\/#\/schema\/logo\/image\/\"},\"sameAs\":[\"https:\/\/www.facebook.com\/people\/Arsena-Sklep\/100035187290806\/?locale=pl_PL&paipv=0&eav=AfaBd4HS6M2sZy5PxVGmBIZx9hgg_97kXvqKJ8pngB-S_qRYY5xCeE23HjB7T-5FY6o&_rdr\"]}]}<\/script>\n<!-- \/ Yoast SEO Premium plugin. -->","yoast_head_json":{"title":"Aktualno\u015bci - Arsena\u0142 - Profesjonalny sklep z broni\u0105 i akcesoriami","robots":{"index":"index","follow":"follow","max-snippet":"max-snippet:-1","max-image-preview":"max-image-preview:large","max-video-preview":"max-video-preview:-1"},"canonical":"https:\/\/arsenal24.pl\/uk\/aktualnosci\/","og_locale":"uk_UA","og_type":"article","og_title":"Aktualno\u015bci","og_description":"08lip Aktualno\u015bci Sobota 13 lipca na strzelnicy Wrzos\u00f3w ko\u0142o Radzynia Podlaskiego. W sobot\u0119 13 lipca zapraszamy na strzelnic\u0119 WRZOS\u00d3W ko\u0142o Radzynia Podlaskiego ,na otwart\u0105 imprez\u0119...","og_url":"https:\/\/arsenal24.pl\/uk\/aktualnosci\/","og_site_name":"Arsena\u0142 - Profesjonalny sklep z broni\u0105 i akcesoriami","article_publisher":"https:\/\/www.facebook.com\/people\/Arsena-Sklep\/100035187290806\/?locale=pl_PL&paipv=0&eav=AfaBd4HS6M2sZy5PxVGmBIZx9hgg_97kXvqKJ8pngB-S_qRYY5xCeE23HjB7T-5FY6o&_rdr","article_modified_time":"2024-07-08T11:38:17+00:00","og_image":[{"url":"https:\/\/server568771.nazwa.pl\/arse\/wp-content\/uploads\/elementor\/thumbs\/wrzosow-qpgk081l7kaffql241g0scosyj7l4aoeg02zupy7do.jpg","type":"","width":"","height":""}],"twitter_card":"summary_large_image","twitter_misc":{"\u041f\u0440\u0438\u0431\u043b. \u0447\u0430\u0441 \u0447\u0438\u0442\u0430\u043d\u043d\u044f":"1 \u0445\u0432\u0438\u043b\u0438\u043d\u0430"},"schema":{"@context":"https:\/\/schema.org","@graph":[{"@type":"WebPage","@id":"https:\/\/arsenal24.pl\/en\/aktualnosci\/","url":"https:\/\/arsenal24.pl\/en\/aktualnosci\/","name":"Aktualno\u015bci - Arsena\u0142 - Profesjonalny sklep z broni\u0105 i akcesoriami","isPartOf":{"@id":"https:\/\/arsenal24.pl\/#website"},"primaryImageOfPage":{"@id":"https:\/\/arsenal24.pl\/en\/aktualnosci\/#primaryimage"},"image":{"@id":"https:\/\/arsenal24.pl\/en\/aktualnosci\/#primaryimage"},"thumbnailUrl":"https:\/\/server568771.nazwa.pl\/arse\/wp-content\/uploads\/elementor\/thumbs\/wrzosow-qpgk081l7kaffql241g0scosyj7l4aoeg02zupy7do.jpg","datePublished":"2024-04-23T19:13:41+00:00","dateModified":"2024-07-08T11:38:17+00:00","breadcrumb":{"@id":"https:\/\/arsenal24.pl\/en\/aktualnosci\/#breadcrumb"},"inLanguage":"uk","potentialAction":[{"@type":"ReadAction","target":["https:\/\/arsenal24.pl\/en\/aktualnosci\/"]}]},{"@type":"ImageObject","inLanguage":"uk","@id":"https:\/\/arsenal24.pl\/en\/aktualnosci\/#primaryimage","url":"https:\/\/server568771.nazwa.pl\/arse\/wp-content\/uploads\/elementor\/thumbs\/wrzosow-qpgk081l7kaffql241g0scosyj7l4aoeg02zupy7do.jpg","contentUrl":"https:\/\/server568771.nazwa.pl\/arse\/wp-content\/uploads\/elementor\/thumbs\/wrzosow-qpgk081l7kaffql241g0scosyj7l4aoeg02zupy7do.jpg"},{"@type":"BreadcrumbList","@id":"https:\/\/arsenal24.pl\/en\/aktualnosci\/#breadcrumb","itemListElement":[{"@type":"ListItem","position":1,"name":"Strona g\u0142\u00f3wna","item":"https:\/\/arsenal24.pl\/"},{"@type":"ListItem","position":2,"name":"Aktualno\u015bci"}]},{"@type":"WebSite","@id":"https:\/\/arsenal24.pl\/#website","url":"https:\/\/arsenal24.pl\/","name":"\u0410\u0440\u0441\u0435\u043d\u0430\u043b - \u043c\u0430\u0433\u0430\u0437\u0438\u043d \u043f\u0440\u043e\u0444\u0435\u0441\u0456\u0439\u043d\u043e\u0457 \u0437\u0431\u0440\u043e\u0457 \u0442\u0430 \u0430\u043a\u0441\u0435\u0441\u0443\u0430\u0440\u0456\u0432","description":"","publisher":{"@id":"https:\/\/arsenal24.pl\/#organization"},"potentialAction":[{"@type":"SearchAction","target":{"@type":"EntryPoint","urlTemplate":"https:\/\/arsenal24.pl\/?s={search_term_string}"},"query-input":{"@type":"PropertyValueSpecification","valueRequired":true,"valueName":"search_term_string"}}],"inLanguage":"uk"},{"@type":"Organization","@id":"https:\/\/arsenal24.pl\/#organization","name":"\u0410\u0440\u0441\u0435\u043d\u0430\u043b - \u043c\u0430\u0433\u0430\u0437\u0438\u043d \u043f\u0440\u043e\u0444\u0435\u0441\u0456\u0439\u043d\u043e\u0457 \u0437\u0431\u0440\u043e\u0457 \u0442\u0430 \u0430\u043a\u0441\u0435\u0441\u0443\u0430\u0440\u0456\u0432","url":"https:\/\/arsenal24.pl\/","logo":{"@type":"ImageObject","inLanguage":"uk","@id":"https:\/\/arsenal24.pl\/#\/schema\/logo\/image\/","url":"https:\/\/server568771.nazwa.pl\/arse\/wp-content\/uploads\/2024\/03\/arsenal-24-logo.png","contentUrl":"https:\/\/server568771.nazwa.pl\/arse\/wp-content\/uploads\/2024\/03\/arsenal-24-logo.png","width":140,"height":140,"caption":"Arsena\u0142 - Profesjonalny sklep z broni\u0105 i akcesoriami"},"image":{"@id":"https:\/\/arsenal24.pl\/#\/schema\/logo\/image\/"},"sameAs":["https:\/\/www.facebook.com\/people\/Arsena-Sklep\/100035187290806\/?locale=pl_PL&paipv=0&eav=AfaBd4HS6M2sZy5PxVGmBIZx9hgg_97kXvqKJ8pngB-S_qRYY5xCeE23HjB7T-5FY6o&_rdr"]}]}},"_links":{"self":[{"href":"https:\/\/arsenal24.pl\/uk\/wp-json\/wp\/v2\/pages\/3265","targetHints":{"allow":["GET"]}}],"collection":[{"href":"https:\/\/arsenal24.pl\/uk\/wp-json\/wp\/v2\/pages"}],"about":[{"href":"https:\/\/arsenal24.pl\/uk\/wp-json\/wp\/v2\/types\/page"}],"author":[{"embeddable":true,"href":"https:\/\/arsenal24.pl\/uk\/wp-json\/wp\/v2\/users\/1"}],"replies":[{"embeddable":true,"href":"https:\/\/arsenal24.pl\/uk\/wp-json\/wp\/v2\/comments?post=3265"}],"version-history":[{"count":0,"href":"https:\/\/arsenal24.pl\/uk\/wp-json\/wp\/v2\/pages\/3265\/revisions"}],"wp:attachment":[{"href":"https:\/\/arsenal24.pl\/uk\/wp-json\/wp\/v2\/media?parent=3265"}],"curies":[{"name":"wp","href":"https:\/\/api.w.org\/{rel}","templated":true}]}}