{"id":7534,"date":"2026-04-08T17:00:37","date_gmt":"2026-04-08T15:00:37","guid":{"rendered":"https:\/\/arsenal24.pl\/?post_type=product&#038;p=7534"},"modified":"2026-04-08T17:00:38","modified_gmt":"2026-04-08T15:00:38","slug":"karabinek-akm-pioneer-arms-corp-pac103c-sporter-tactical-kal-7-62x39-mm-polimer","status":"publish","type":"product","link":"https:\/\/arsenal24.pl\/en\/product\/karabinek-akm-pioneer-arms-corp-pac103c-sporter-tactical-kal-7-62x39-mm-polimer\/","title":{"rendered":"Karabinek AKM Pioneer Arms Corp PAC103C SPORTER TACTICAL &#8211; kal. 7.62&#215;39 mm &#8211; Polimer"},"content":{"rendered":"<p><strong>Technical data:<\/strong><\/p>\n<ul>\n<li>Kaliber: 7,62 x 39 mm<\/li>\n<li>D\u0142ugo\u015b\u0107 lufy: 415 mm<\/li>\n<li>D\u0142ugo\u015b\u0107 broni: 880 mm<\/li>\n<li>Wysoko\u015b\u0107: ~180 mm<\/li>\n<li>Waga: 3700 g (nieza\u0142adowany)<\/li>\n<li>Urz\u0105dzenie wylotowe: standardowy os\u0142abiacz podrzutu<\/li>\n<li>Kolba: Rozsuwana w standardzie MIL-SPEC AR-15<\/li>\n<li>Chwyt: Polimerowy<\/li>\n<li>\u0141o\u017ce: Aluminiowe z szynami Picatinny<\/li>\n<li>Produkcja: Pioneer Arms Corp, Polska<\/li>\n<\/ul>","protected":false},"excerpt":{"rendered":"<p>Dane techniczne: Kaliber: 7,62 x 39 mm D\u0142ugo\u015b\u0107 lufy: 415 mm D\u0142ugo\u015b\u0107 broni: 880 mm Wysoko\u015b\u0107: ~180 mm Waga: 3700 g (nieza\u0142adowany) Urz\u0105dzenie wylotowe: standardowy&#8230;<\/p>","protected":false},"featured_media":7532,"template":"","meta":[],"etheme_brands":[{"term_id":261,"name":"Pioneer Arms Corp","slug":"pioneer-arms-corp","term_group":0,"term_taxonomy_id":261,"taxonomy":"brand","description":"","parent":0,"count":10,"filter":"raw"}],"product_brand":[262],"product_cat":[100],"product_tag":[],"class_list":{"0":"post-7534","1":"product","2":"type-product","3":"status-publish","4":"has-post-thumbnail","6":"brand-pioneer-arms-corp","7":"product_brand-pioneer-arms-corp","8":"product_cat-bron-sportowa","10":"first","11":"instock","12":"shipping-taxable","13":"purchasable","14":"product-type-simple"},"yoast_head":"<!-- This site is optimized with the Yoast SEO Premium plugin v24.0 (Yoast SEO v26.0) - https:\/\/yoast.com\/wordpress\/plugins\/seo\/ -->\n<title>Karabinek AKM Pioneer Arms Corp PAC103C SPORTER TACTICAL - kal. 7.62x39 mm - Polimer - Arsena\u0142 - Profesjonalny sklep z broni\u0105 i akcesoriami<\/title>\n<meta name=\"robots\" content=\"index, follow, max-snippet:-1, max-image-preview:large, max-video-preview:-1\" \/>\n<link rel=\"canonical\" href=\"https:\/\/arsenal24.pl\/en\/product\/karabinek-akm-pioneer-arms-corp-pac103c-sporter-tactical-kal-7-62x39-mm-polimer\/\" \/>\n<meta property=\"og:locale\" content=\"en_US\" \/>\n<meta property=\"og:type\" content=\"article\" \/>\n<meta property=\"og:title\" content=\"Karabinek AKM Pioneer Arms Corp PAC103C SPORTER TACTICAL - kal. 7.62x39 mm - Polimer\" \/>\n<meta property=\"og:description\" content=\"Dane techniczne: Kaliber: 7,62 x 39 mm D\u0142ugo\u015b\u0107 lufy: 415 mm D\u0142ugo\u015b\u0107 broni: 880 mm Wysoko\u015b\u0107: ~180 mm Waga: 3700 g (nieza\u0142adowany) Urz\u0105dzenie wylotowe: standardowy...\" \/>\n<meta property=\"og:url\" content=\"https:\/\/arsenal24.pl\/en\/product\/karabinek-akm-pioneer-arms-corp-pac103c-sporter-tactical-kal-7-62x39-mm-polimer\/\" \/>\n<meta property=\"og:site_name\" content=\"Arsena\u0142 - Profesjonalny sklep z broni\u0105 i akcesoriami\" \/>\n<meta property=\"article:publisher\" content=\"https:\/\/www.facebook.com\/people\/Arsena-Sklep\/100035187290806\/?locale=pl_PL&amp;paipv=0&amp;eav=AfaBd4HS6M2sZy5PxVGmBIZx9hgg_97kXvqKJ8pngB-S_qRYY5xCeE23HjB7T-5FY6o&amp;_rdr\" \/>\n<meta property=\"article:modified_time\" content=\"2026-04-08T15:00:38+00:00\" \/>\n<meta property=\"og:image\" content=\"https:\/\/arsenal24.pl\/wp-content\/uploads\/2026\/04\/karabinek-akm-pioneer-arms-corp-pac103c-sporter-tactical-kal-556x45mm-223rem-polimer.webp\" \/>\n\t<meta property=\"og:image:width\" content=\"1100\" \/>\n\t<meta property=\"og:image:height\" content=\"1100\" \/>\n\t<meta property=\"og:image:type\" content=\"image\/webp\" \/>\n<meta name=\"twitter:card\" content=\"summary_large_image\" \/>\n<meta name=\"twitter:label1\" content=\"Est. reading time\" \/>\n\t<meta name=\"twitter:data1\" content=\"1 minute\" \/>\n<script type=\"application\/ld+json\" class=\"yoast-schema-graph\">{\"@context\":\"https:\/\/schema.org\",\"@graph\":[{\"@type\":\"WebPage\",\"@id\":\"https:\/\/arsenal24.pl\/produkt\/karabinek-akm-pioneer-arms-corp-pac103c-sporter-tactical-kal-7-62x39-mm-polimer\/\",\"url\":\"https:\/\/arsenal24.pl\/produkt\/karabinek-akm-pioneer-arms-corp-pac103c-sporter-tactical-kal-7-62x39-mm-polimer\/\",\"name\":\"Karabinek AKM Pioneer Arms Corp PAC103C SPORTER TACTICAL - kal. 7.62x39 mm - Polimer - Arsena\u0142 - Profesjonalny sklep z broni\u0105 i akcesoriami\",\"isPartOf\":{\"@id\":\"https:\/\/arsenal24.pl\/#website\"},\"primaryImageOfPage\":{\"@id\":\"https:\/\/arsenal24.pl\/produkt\/karabinek-akm-pioneer-arms-corp-pac103c-sporter-tactical-kal-7-62x39-mm-polimer\/#primaryimage\"},\"image\":{\"@id\":\"https:\/\/arsenal24.pl\/produkt\/karabinek-akm-pioneer-arms-corp-pac103c-sporter-tactical-kal-7-62x39-mm-polimer\/#primaryimage\"},\"thumbnailUrl\":\"https:\/\/arsenal24.pl\/wp-content\/uploads\/2026\/04\/karabinek-akm-pioneer-arms-corp-pac103c-sporter-tactical-kal-556x45mm-223rem-polimer.webp\",\"datePublished\":\"2026-04-08T15:00:37+00:00\",\"dateModified\":\"2026-04-08T15:00:38+00:00\",\"breadcrumb\":{\"@id\":\"https:\/\/arsenal24.pl\/produkt\/karabinek-akm-pioneer-arms-corp-pac103c-sporter-tactical-kal-7-62x39-mm-polimer\/#breadcrumb\"},\"inLanguage\":\"en-US\",\"potentialAction\":[{\"@type\":\"ReadAction\",\"target\":[\"https:\/\/arsenal24.pl\/produkt\/karabinek-akm-pioneer-arms-corp-pac103c-sporter-tactical-kal-7-62x39-mm-polimer\/\"]}]},{\"@type\":\"ImageObject\",\"inLanguage\":\"en-US\",\"@id\":\"https:\/\/arsenal24.pl\/produkt\/karabinek-akm-pioneer-arms-corp-pac103c-sporter-tactical-kal-7-62x39-mm-polimer\/#primaryimage\",\"url\":\"https:\/\/arsenal24.pl\/wp-content\/uploads\/2026\/04\/karabinek-akm-pioneer-arms-corp-pac103c-sporter-tactical-kal-556x45mm-223rem-polimer.webp\",\"contentUrl\":\"https:\/\/arsenal24.pl\/wp-content\/uploads\/2026\/04\/karabinek-akm-pioneer-arms-corp-pac103c-sporter-tactical-kal-556x45mm-223rem-polimer.webp\",\"width\":1100,\"height\":1100},{\"@type\":\"BreadcrumbList\",\"@id\":\"https:\/\/arsenal24.pl\/produkt\/karabinek-akm-pioneer-arms-corp-pac103c-sporter-tactical-kal-7-62x39-mm-polimer\/#breadcrumb\",\"itemListElement\":[{\"@type\":\"ListItem\",\"position\":1,\"name\":\"Strona g\u0142\u00f3wna\",\"item\":\"https:\/\/arsenal24.pl\/\"},{\"@type\":\"ListItem\",\"position\":2,\"name\":\"Sklep\",\"item\":\"https:\/\/arsenal24.pl\/sklep\/\"},{\"@type\":\"ListItem\",\"position\":3,\"name\":\"Karabinek AKM Pioneer Arms Corp PAC103C SPORTER TACTICAL &#8211; kal. 7.62&#215;39 mm &#8211; Polimer\"}]},{\"@type\":\"WebSite\",\"@id\":\"https:\/\/arsenal24.pl\/#website\",\"url\":\"https:\/\/arsenal24.pl\/\",\"name\":\"Arsena\u0142 - Profesjonalny sklep z broni\u0105 i akcesoriami\",\"description\":\"\",\"publisher\":{\"@id\":\"https:\/\/arsenal24.pl\/#organization\"},\"potentialAction\":[{\"@type\":\"SearchAction\",\"target\":{\"@type\":\"EntryPoint\",\"urlTemplate\":\"https:\/\/arsenal24.pl\/?s={search_term_string}\"},\"query-input\":{\"@type\":\"PropertyValueSpecification\",\"valueRequired\":true,\"valueName\":\"search_term_string\"}}],\"inLanguage\":\"en-US\"},{\"@type\":\"Organization\",\"@id\":\"https:\/\/arsenal24.pl\/#organization\",\"name\":\"Arsena\u0142 - Profesjonalny sklep z broni\u0105 i akcesoriami\",\"url\":\"https:\/\/arsenal24.pl\/\",\"logo\":{\"@type\":\"ImageObject\",\"inLanguage\":\"en-US\",\"@id\":\"https:\/\/arsenal24.pl\/#\/schema\/logo\/image\/\",\"url\":\"https:\/\/server568771.nazwa.pl\/arse\/wp-content\/uploads\/2024\/03\/arsenal-24-logo.png\",\"contentUrl\":\"https:\/\/server568771.nazwa.pl\/arse\/wp-content\/uploads\/2024\/03\/arsenal-24-logo.png\",\"width\":140,\"height\":140,\"caption\":\"Arsena\u0142 - Profesjonalny sklep z broni\u0105 i akcesoriami\"},\"image\":{\"@id\":\"https:\/\/arsenal24.pl\/#\/schema\/logo\/image\/\"},\"sameAs\":[\"https:\/\/www.facebook.com\/people\/Arsena-Sklep\/100035187290806\/?locale=pl_PL&paipv=0&eav=AfaBd4HS6M2sZy5PxVGmBIZx9hgg_97kXvqKJ8pngB-S_qRYY5xCeE23HjB7T-5FY6o&_rdr\"]}]}<\/script>\n<!-- \/ Yoast SEO Premium plugin. -->","yoast_head_json":{"title":"Karabinek AKM Pioneer Arms Corp PAC103C SPORTER TACTICAL - kal. 7.62x39 mm - Polimer - Arsena\u0142 - Profesjonalny sklep z broni\u0105 i akcesoriami","robots":{"index":"index","follow":"follow","max-snippet":"max-snippet:-1","max-image-preview":"max-image-preview:large","max-video-preview":"max-video-preview:-1"},"canonical":"https:\/\/arsenal24.pl\/en\/product\/karabinek-akm-pioneer-arms-corp-pac103c-sporter-tactical-kal-7-62x39-mm-polimer\/","og_locale":"en_US","og_type":"article","og_title":"Karabinek AKM Pioneer Arms Corp PAC103C SPORTER TACTICAL - kal. 7.62x39 mm - Polimer","og_description":"Dane techniczne: Kaliber: 7,62 x 39 mm D\u0142ugo\u015b\u0107 lufy: 415 mm D\u0142ugo\u015b\u0107 broni: 880 mm Wysoko\u015b\u0107: ~180 mm Waga: 3700 g (nieza\u0142adowany) Urz\u0105dzenie wylotowe: standardowy...","og_url":"https:\/\/arsenal24.pl\/en\/product\/karabinek-akm-pioneer-arms-corp-pac103c-sporter-tactical-kal-7-62x39-mm-polimer\/","og_site_name":"Arsena\u0142 - Profesjonalny sklep z broni\u0105 i akcesoriami","article_publisher":"https:\/\/www.facebook.com\/people\/Arsena-Sklep\/100035187290806\/?locale=pl_PL&paipv=0&eav=AfaBd4HS6M2sZy5PxVGmBIZx9hgg_97kXvqKJ8pngB-S_qRYY5xCeE23HjB7T-5FY6o&_rdr","article_modified_time":"2026-04-08T15:00:38+00:00","og_image":[{"width":1100,"height":1100,"url":"https:\/\/arsenal24.pl\/wp-content\/uploads\/2026\/04\/karabinek-akm-pioneer-arms-corp-pac103c-sporter-tactical-kal-556x45mm-223rem-polimer.webp","type":"image\/webp"}],"twitter_card":"summary_large_image","twitter_misc":{"Est. reading time":"1 minute"},"schema":{"@context":"https:\/\/schema.org","@graph":[{"@type":"WebPage","@id":"https:\/\/arsenal24.pl\/produkt\/karabinek-akm-pioneer-arms-corp-pac103c-sporter-tactical-kal-7-62x39-mm-polimer\/","url":"https:\/\/arsenal24.pl\/produkt\/karabinek-akm-pioneer-arms-corp-pac103c-sporter-tactical-kal-7-62x39-mm-polimer\/","name":"Karabinek AKM Pioneer Arms Corp PAC103C SPORTER TACTICAL - kal. 7.62x39 mm - Polimer - Arsena\u0142 - Profesjonalny sklep z broni\u0105 i akcesoriami","isPartOf":{"@id":"https:\/\/arsenal24.pl\/#website"},"primaryImageOfPage":{"@id":"https:\/\/arsenal24.pl\/produkt\/karabinek-akm-pioneer-arms-corp-pac103c-sporter-tactical-kal-7-62x39-mm-polimer\/#primaryimage"},"image":{"@id":"https:\/\/arsenal24.pl\/produkt\/karabinek-akm-pioneer-arms-corp-pac103c-sporter-tactical-kal-7-62x39-mm-polimer\/#primaryimage"},"thumbnailUrl":"https:\/\/arsenal24.pl\/wp-content\/uploads\/2026\/04\/karabinek-akm-pioneer-arms-corp-pac103c-sporter-tactical-kal-556x45mm-223rem-polimer.webp","datePublished":"2026-04-08T15:00:37+00:00","dateModified":"2026-04-08T15:00:38+00:00","breadcrumb":{"@id":"https:\/\/arsenal24.pl\/produkt\/karabinek-akm-pioneer-arms-corp-pac103c-sporter-tactical-kal-7-62x39-mm-polimer\/#breadcrumb"},"inLanguage":"en-US","potentialAction":[{"@type":"ReadAction","target":["https:\/\/arsenal24.pl\/produkt\/karabinek-akm-pioneer-arms-corp-pac103c-sporter-tactical-kal-7-62x39-mm-polimer\/"]}]},{"@type":"ImageObject","inLanguage":"en-US","@id":"https:\/\/arsenal24.pl\/produkt\/karabinek-akm-pioneer-arms-corp-pac103c-sporter-tactical-kal-7-62x39-mm-polimer\/#primaryimage","url":"https:\/\/arsenal24.pl\/wp-content\/uploads\/2026\/04\/karabinek-akm-pioneer-arms-corp-pac103c-sporter-tactical-kal-556x45mm-223rem-polimer.webp","contentUrl":"https:\/\/arsenal24.pl\/wp-content\/uploads\/2026\/04\/karabinek-akm-pioneer-arms-corp-pac103c-sporter-tactical-kal-556x45mm-223rem-polimer.webp","width":1100,"height":1100},{"@type":"BreadcrumbList","@id":"https:\/\/arsenal24.pl\/produkt\/karabinek-akm-pioneer-arms-corp-pac103c-sporter-tactical-kal-7-62x39-mm-polimer\/#breadcrumb","itemListElement":[{"@type":"ListItem","position":1,"name":"Strona g\u0142\u00f3wna","item":"https:\/\/arsenal24.pl\/"},{"@type":"ListItem","position":2,"name":"Sklep","item":"https:\/\/arsenal24.pl\/sklep\/"},{"@type":"ListItem","position":3,"name":"Karabinek AKM Pioneer Arms Corp PAC103C SPORTER TACTICAL &#8211; kal. 7.62&#215;39 mm &#8211; Polimer"}]},{"@type":"WebSite","@id":"https:\/\/arsenal24.pl\/#website","url":"https:\/\/arsenal24.pl\/","name":"Arsenal - Professional store with weapons and accessories","description":"","publisher":{"@id":"https:\/\/arsenal24.pl\/#organization"},"potentialAction":[{"@type":"SearchAction","target":{"@type":"EntryPoint","urlTemplate":"https:\/\/arsenal24.pl\/?s={search_term_string}"},"query-input":{"@type":"PropertyValueSpecification","valueRequired":true,"valueName":"search_term_string"}}],"inLanguage":"en-US"},{"@type":"Organization","@id":"https:\/\/arsenal24.pl\/#organization","name":"Arsenal - Professional store with weapons and accessories","url":"https:\/\/arsenal24.pl\/","logo":{"@type":"ImageObject","inLanguage":"en-US","@id":"https:\/\/arsenal24.pl\/#\/schema\/logo\/image\/","url":"https:\/\/server568771.nazwa.pl\/arse\/wp-content\/uploads\/2024\/03\/arsenal-24-logo.png","contentUrl":"https:\/\/server568771.nazwa.pl\/arse\/wp-content\/uploads\/2024\/03\/arsenal-24-logo.png","width":140,"height":140,"caption":"Arsena\u0142 - Profesjonalny sklep z broni\u0105 i akcesoriami"},"image":{"@id":"https:\/\/arsenal24.pl\/#\/schema\/logo\/image\/"},"sameAs":["https:\/\/www.facebook.com\/people\/Arsena-Sklep\/100035187290806\/?locale=pl_PL&paipv=0&eav=AfaBd4HS6M2sZy5PxVGmBIZx9hgg_97kXvqKJ8pngB-S_qRYY5xCeE23HjB7T-5FY6o&_rdr"]}]}},"_links":{"self":[{"href":"https:\/\/arsenal24.pl\/en\/wp-json\/wp\/v2\/product\/7534","targetHints":{"allow":["GET"]}}],"collection":[{"href":"https:\/\/arsenal24.pl\/en\/wp-json\/wp\/v2\/product"}],"about":[{"href":"https:\/\/arsenal24.pl\/en\/wp-json\/wp\/v2\/types\/product"}],"version-history":[{"count":1,"href":"https:\/\/arsenal24.pl\/en\/wp-json\/wp\/v2\/product\/7534\/revisions"}],"predecessor-version":[{"id":7535,"href":"https:\/\/arsenal24.pl\/en\/wp-json\/wp\/v2\/product\/7534\/revisions\/7535"}],"wp:featuredmedia":[{"embeddable":true,"href":"https:\/\/arsenal24.pl\/en\/wp-json\/wp\/v2\/media\/7532"}],"wp:attachment":[{"href":"https:\/\/arsenal24.pl\/en\/wp-json\/wp\/v2\/media?parent=7534"}],"wp:term":[{"taxonomy":"brand","embeddable":true,"href":"https:\/\/arsenal24.pl\/en\/wp-json\/wp\/v2\/etheme_brands?post=7534"},{"taxonomy":"product_brand","embeddable":true,"href":"https:\/\/arsenal24.pl\/en\/wp-json\/wp\/v2\/product_brand?post=7534"},{"taxonomy":"product_cat","embeddable":true,"href":"https:\/\/arsenal24.pl\/en\/wp-json\/wp\/v2\/product_cat?post=7534"},{"taxonomy":"product_tag","embeddable":true,"href":"https:\/\/arsenal24.pl\/en\/wp-json\/wp\/v2\/product_tag?post=7534"}],"curies":[{"name":"wp","href":"https:\/\/api.w.org\/{rel}","templated":true}]}}