{"id":7511,"date":"2026-04-08T16:16:27","date_gmt":"2026-04-08T14:16:27","guid":{"rendered":"https:\/\/arsenal24.pl\/?post_type=product&#038;p=7511"},"modified":"2026-04-08T16:16:28","modified_gmt":"2026-04-08T14:16:28","slug":"mossberg-maverick-88-slug-24-kal-12ga","status":"publish","type":"product","link":"https:\/\/arsenal24.pl\/en\/product\/mossberg-maverick-88-slug-24-kal-12ga\/","title":{"rendered":"Mossberg Maverick 88 Slug 24&#8243; &#8211; kal. 12GA"},"content":{"rendered":"<p>Dzi\u0119ki ponad stuletniemu do\u015bwiadczeniu,\u00a0<strong>Mossberg<\/strong>\u00a0pozostaje liderem w innowacjach w dziedzinie broni palnej, oferuj\u0105c produkty cenione przez my\u015bliwych, strzelc\u00f3w sportowych oraz s\u0142u\u017cby mundurowe na ca\u0142ym \u015bwiecie. Firma zosta\u0142a za\u0142o\u017cona w 1919 roku przez Oscara Fredericka Mossberga i jego syn\u00f3w. Obecnie jest najstarszym w USA producentem broni palnej pozostaj\u0105cym w r\u0119kach jednej rodziny.<\/p>\n<p><strong>Maverick 88\u00a0<\/strong>to popularna strzelba powtarzalna typu pump-action, produkowana przez Maverick Arms, sp\u00f3\u0142k\u0119 zale\u017cn\u0105 Mossberg. Uznawana za bud\u017cetow\u0105 alternatyw\u0119 dla legendarnej\u00a0<strong>Mossberg 500<\/strong>, charakteryzuje si\u0119 solidn\u0105 konstrukcj\u0105 i wysok\u0105 niezawodno\u015bci\u0105. Strzelba wykorzystuje\u00a0<strong>komor\u0119 nabojow\u0105 12 GA<\/strong>, co zapewnia kompatybilno\u015b\u0107 z szerok\u0105 gam\u0105 amunicji.<\/p>\n<p><strong>Maverick 88 Slug<\/strong>\u00a0wyr\u00f3\u017cnia si\u0119 prost\u0105 obs\u0142ug\u0105, intuicyjnym prze\u0142adowaniem oraz trwa\u0142o\u015bci\u0105, co czyni j\u0105 \u015bwietnym wyborem zar\u00f3wno do\u00a0zastosowa\u0144 my\u015bliwskich oraz sportowych. Standardowo\u00a0<strong>Maverick 88<\/strong>\u00a0wyposa\u017cona jest w cz\u00f3\u0142enko oraz kolb\u0119 z czarnego tworzywa z drobnym kratkowaniem oraz wentylowan\u0105 stopk\u0119 redukuj\u0105c\u0105 odrzut, oraz bezpiecznik poprzeczny.\u00a0<strong>Lufa strzelby posiada gwintowanie na ca\u0142ej d\u0142ugo\u015bci<\/strong>, czyli nie jest g\u0142adka (jak w typowych strzelbach), lecz ma rowki spiralne \u2014 podobnie jak lufy karabinowe. Na lufie umieszczono klasyczn\u0105 muszk\u0119 i szczerbink\u0119. Wi\u0119kszo\u015b\u0107 akcesori\u00f3w, z wyj\u0105tkiem element\u00f3w spustowych, jest kompatybilna z modelem Mossberg 500. Je\u015bli wi\u0119c szukasz strzelby dla siebie, koniecznie zwr\u00f3\u0107 uwag\u0119 na t\u0119 propozycj\u0119 od Mossberg dost\u0119pn\u0105 w\u00a0<strong>sklepie z broni\u0105 e-militaria.pl<\/strong>\u00a0Maveric 88 Slug mo\u017ce by\u0107 prawdziwym strza\u0142em w dziesi\u0105tk\u0119.<\/p>\n<p>&nbsp;<\/p>\n<p><strong>Cechy produktu:<\/strong><\/p>\n<ul>\n<li>Kaliber: 12ga<\/li>\n<li>komora: 3&#8243;<\/li>\n<li>D\u0142ugo\u015b\u0107 ca\u0142kowita: 10875 mm<\/li>\n<li>D\u0142ugo\u015b\u0107 lufy: 24&#8243; \/ 6000 mm<\/li>\n<li>Lufa gwintowana<\/li>\n<li>Color: Black<\/li>\n<li>Masa: 2,8 kg<\/li>\n<li>Pojemno\u015b\u0107 magazynka: 5+1<\/li>\n<li>SKU: 31044<\/li>\n<li>Producent: Mossberg, USA<\/li>\n<\/ul>","protected":false},"excerpt":{"rendered":"<p>Dzi\u0119ki ponad stuletniemu do\u015bwiadczeniu,\u00a0Mossberg\u00a0pozostaje liderem w innowacjach w dziedzinie broni palnej, oferuj\u0105c produkty cenione przez my\u015bliwych, strzelc\u00f3w sportowych oraz s\u0142u\u017cby mundurowe na ca\u0142ym \u015bwiecie. Firma&#8230;<\/p>","protected":false},"featured_media":7512,"template":"","meta":[],"etheme_brands":[{"term_id":247,"name":"Mossberg","slug":"mossberg","term_group":0,"term_taxonomy_id":247,"taxonomy":"brand","description":"","parent":0,"count":2,"filter":"raw"}],"product_brand":[],"product_cat":[101],"product_tag":[],"class_list":{"0":"post-7511","1":"product","2":"type-product","3":"status-publish","4":"has-post-thumbnail","6":"brand-mossberg","7":"product_cat-bron-gladkolufowa","9":"first","10":"instock","11":"shipping-taxable","12":"purchasable","13":"product-type-simple"},"yoast_head":"<!-- This site is optimized with the Yoast SEO Premium plugin v24.0 (Yoast SEO v26.0) - https:\/\/yoast.com\/wordpress\/plugins\/seo\/ -->\n<title>Mossberg Maverick 88 Slug 24&quot; - kal. 12GA - Arsena\u0142 - Profesjonalny sklep z broni\u0105 i akcesoriami<\/title>\n<meta name=\"robots\" content=\"index, follow, max-snippet:-1, max-image-preview:large, max-video-preview:-1\" \/>\n<link rel=\"canonical\" href=\"https:\/\/arsenal24.pl\/en\/product\/mossberg-maverick-88-slug-24-kal-12ga\/\" \/>\n<meta property=\"og:locale\" content=\"en_US\" \/>\n<meta property=\"og:type\" content=\"article\" \/>\n<meta property=\"og:title\" content=\"Mossberg Maverick 88 Slug 24&quot; - kal. 12GA\" \/>\n<meta property=\"og:description\" content=\"Dzi\u0119ki ponad stuletniemu do\u015bwiadczeniu,\u00a0Mossberg\u00a0pozostaje liderem w innowacjach w dziedzinie broni palnej, oferuj\u0105c produkty cenione przez my\u015bliwych, strzelc\u00f3w sportowych oraz s\u0142u\u017cby mundurowe na ca\u0142ym \u015bwiecie. Firma...\" \/>\n<meta property=\"og:url\" content=\"https:\/\/arsenal24.pl\/en\/product\/mossberg-maverick-88-slug-24-kal-12ga\/\" \/>\n<meta property=\"og:site_name\" content=\"Arsena\u0142 - Profesjonalny sklep z broni\u0105 i akcesoriami\" \/>\n<meta property=\"article:publisher\" content=\"https:\/\/www.facebook.com\/people\/Arsena-Sklep\/100035187290806\/?locale=pl_PL&amp;paipv=0&amp;eav=AfaBd4HS6M2sZy5PxVGmBIZx9hgg_97kXvqKJ8pngB-S_qRYY5xCeE23HjB7T-5FY6o&amp;_rdr\" \/>\n<meta property=\"article:modified_time\" content=\"2026-04-08T14:16:28+00:00\" \/>\n<meta property=\"og:image\" content=\"https:\/\/arsenal24.pl\/wp-content\/uploads\/2026\/04\/strzelba-mossberg-maverick-88-slug-24-kal-12ga-.webp\" \/>\n\t<meta property=\"og:image:width\" content=\"1100\" \/>\n\t<meta property=\"og:image:height\" content=\"1100\" \/>\n\t<meta property=\"og:image:type\" content=\"image\/webp\" \/>\n<meta name=\"twitter:card\" content=\"summary_large_image\" \/>\n<meta name=\"twitter:label1\" content=\"Est. reading time\" \/>\n\t<meta name=\"twitter:data1\" content=\"2 minutes\" \/>\n<script type=\"application\/ld+json\" class=\"yoast-schema-graph\">{\"@context\":\"https:\/\/schema.org\",\"@graph\":[{\"@type\":\"WebPage\",\"@id\":\"https:\/\/arsenal24.pl\/produkt\/mossberg-maverick-88-slug-24-kal-12ga\/\",\"url\":\"https:\/\/arsenal24.pl\/produkt\/mossberg-maverick-88-slug-24-kal-12ga\/\",\"name\":\"Mossberg Maverick 88 Slug 24\\\" - kal. 12GA - Arsena\u0142 - Profesjonalny sklep z broni\u0105 i akcesoriami\",\"isPartOf\":{\"@id\":\"https:\/\/arsenal24.pl\/#website\"},\"primaryImageOfPage\":{\"@id\":\"https:\/\/arsenal24.pl\/produkt\/mossberg-maverick-88-slug-24-kal-12ga\/#primaryimage\"},\"image\":{\"@id\":\"https:\/\/arsenal24.pl\/produkt\/mossberg-maverick-88-slug-24-kal-12ga\/#primaryimage\"},\"thumbnailUrl\":\"https:\/\/arsenal24.pl\/wp-content\/uploads\/2026\/04\/strzelba-mossberg-maverick-88-slug-24-kal-12ga-.webp\",\"datePublished\":\"2026-04-08T14:16:27+00:00\",\"dateModified\":\"2026-04-08T14:16:28+00:00\",\"breadcrumb\":{\"@id\":\"https:\/\/arsenal24.pl\/produkt\/mossberg-maverick-88-slug-24-kal-12ga\/#breadcrumb\"},\"inLanguage\":\"en-US\",\"potentialAction\":[{\"@type\":\"ReadAction\",\"target\":[\"https:\/\/arsenal24.pl\/produkt\/mossberg-maverick-88-slug-24-kal-12ga\/\"]}]},{\"@type\":\"ImageObject\",\"inLanguage\":\"en-US\",\"@id\":\"https:\/\/arsenal24.pl\/produkt\/mossberg-maverick-88-slug-24-kal-12ga\/#primaryimage\",\"url\":\"https:\/\/arsenal24.pl\/wp-content\/uploads\/2026\/04\/strzelba-mossberg-maverick-88-slug-24-kal-12ga-.webp\",\"contentUrl\":\"https:\/\/arsenal24.pl\/wp-content\/uploads\/2026\/04\/strzelba-mossberg-maverick-88-slug-24-kal-12ga-.webp\",\"width\":1100,\"height\":1100},{\"@type\":\"BreadcrumbList\",\"@id\":\"https:\/\/arsenal24.pl\/produkt\/mossberg-maverick-88-slug-24-kal-12ga\/#breadcrumb\",\"itemListElement\":[{\"@type\":\"ListItem\",\"position\":1,\"name\":\"Strona g\u0142\u00f3wna\",\"item\":\"https:\/\/arsenal24.pl\/\"},{\"@type\":\"ListItem\",\"position\":2,\"name\":\"Sklep\",\"item\":\"https:\/\/arsenal24.pl\/sklep\/\"},{\"@type\":\"ListItem\",\"position\":3,\"name\":\"Mossberg Maverick 88 Slug 24&#8243; &#8211; kal. 12GA\"}]},{\"@type\":\"WebSite\",\"@id\":\"https:\/\/arsenal24.pl\/#website\",\"url\":\"https:\/\/arsenal24.pl\/\",\"name\":\"Arsena\u0142 - Profesjonalny sklep z broni\u0105 i akcesoriami\",\"description\":\"\",\"publisher\":{\"@id\":\"https:\/\/arsenal24.pl\/#organization\"},\"potentialAction\":[{\"@type\":\"SearchAction\",\"target\":{\"@type\":\"EntryPoint\",\"urlTemplate\":\"https:\/\/arsenal24.pl\/?s={search_term_string}\"},\"query-input\":{\"@type\":\"PropertyValueSpecification\",\"valueRequired\":true,\"valueName\":\"search_term_string\"}}],\"inLanguage\":\"en-US\"},{\"@type\":\"Organization\",\"@id\":\"https:\/\/arsenal24.pl\/#organization\",\"name\":\"Arsena\u0142 - Profesjonalny sklep z broni\u0105 i akcesoriami\",\"url\":\"https:\/\/arsenal24.pl\/\",\"logo\":{\"@type\":\"ImageObject\",\"inLanguage\":\"en-US\",\"@id\":\"https:\/\/arsenal24.pl\/#\/schema\/logo\/image\/\",\"url\":\"https:\/\/server568771.nazwa.pl\/arse\/wp-content\/uploads\/2024\/03\/arsenal-24-logo.png\",\"contentUrl\":\"https:\/\/server568771.nazwa.pl\/arse\/wp-content\/uploads\/2024\/03\/arsenal-24-logo.png\",\"width\":140,\"height\":140,\"caption\":\"Arsena\u0142 - Profesjonalny sklep z broni\u0105 i akcesoriami\"},\"image\":{\"@id\":\"https:\/\/arsenal24.pl\/#\/schema\/logo\/image\/\"},\"sameAs\":[\"https:\/\/www.facebook.com\/people\/Arsena-Sklep\/100035187290806\/?locale=pl_PL&paipv=0&eav=AfaBd4HS6M2sZy5PxVGmBIZx9hgg_97kXvqKJ8pngB-S_qRYY5xCeE23HjB7T-5FY6o&_rdr\"]}]}<\/script>\n<!-- \/ Yoast SEO Premium plugin. -->","yoast_head_json":{"title":"Mossberg Maverick 88 Slug 24\" - kal. 12GA - Arsena\u0142 - Profesjonalny sklep z broni\u0105 i akcesoriami","robots":{"index":"index","follow":"follow","max-snippet":"max-snippet:-1","max-image-preview":"max-image-preview:large","max-video-preview":"max-video-preview:-1"},"canonical":"https:\/\/arsenal24.pl\/en\/product\/mossberg-maverick-88-slug-24-kal-12ga\/","og_locale":"en_US","og_type":"article","og_title":"Mossberg Maverick 88 Slug 24\" - kal. 12GA","og_description":"Dzi\u0119ki ponad stuletniemu do\u015bwiadczeniu,\u00a0Mossberg\u00a0pozostaje liderem w innowacjach w dziedzinie broni palnej, oferuj\u0105c produkty cenione przez my\u015bliwych, strzelc\u00f3w sportowych oraz s\u0142u\u017cby mundurowe na ca\u0142ym \u015bwiecie. Firma...","og_url":"https:\/\/arsenal24.pl\/en\/product\/mossberg-maverick-88-slug-24-kal-12ga\/","og_site_name":"Arsena\u0142 - Profesjonalny sklep z broni\u0105 i akcesoriami","article_publisher":"https:\/\/www.facebook.com\/people\/Arsena-Sklep\/100035187290806\/?locale=pl_PL&paipv=0&eav=AfaBd4HS6M2sZy5PxVGmBIZx9hgg_97kXvqKJ8pngB-S_qRYY5xCeE23HjB7T-5FY6o&_rdr","article_modified_time":"2026-04-08T14:16:28+00:00","og_image":[{"width":1100,"height":1100,"url":"https:\/\/arsenal24.pl\/wp-content\/uploads\/2026\/04\/strzelba-mossberg-maverick-88-slug-24-kal-12ga-.webp","type":"image\/webp"}],"twitter_card":"summary_large_image","twitter_misc":{"Est. reading time":"2 minutes"},"schema":{"@context":"https:\/\/schema.org","@graph":[{"@type":"WebPage","@id":"https:\/\/arsenal24.pl\/produkt\/mossberg-maverick-88-slug-24-kal-12ga\/","url":"https:\/\/arsenal24.pl\/produkt\/mossberg-maverick-88-slug-24-kal-12ga\/","name":"Mossberg Maverick 88 Slug 24\" - kal. 12GA - Arsena\u0142 - Profesjonalny sklep z broni\u0105 i akcesoriami","isPartOf":{"@id":"https:\/\/arsenal24.pl\/#website"},"primaryImageOfPage":{"@id":"https:\/\/arsenal24.pl\/produkt\/mossberg-maverick-88-slug-24-kal-12ga\/#primaryimage"},"image":{"@id":"https:\/\/arsenal24.pl\/produkt\/mossberg-maverick-88-slug-24-kal-12ga\/#primaryimage"},"thumbnailUrl":"https:\/\/arsenal24.pl\/wp-content\/uploads\/2026\/04\/strzelba-mossberg-maverick-88-slug-24-kal-12ga-.webp","datePublished":"2026-04-08T14:16:27+00:00","dateModified":"2026-04-08T14:16:28+00:00","breadcrumb":{"@id":"https:\/\/arsenal24.pl\/produkt\/mossberg-maverick-88-slug-24-kal-12ga\/#breadcrumb"},"inLanguage":"en-US","potentialAction":[{"@type":"ReadAction","target":["https:\/\/arsenal24.pl\/produkt\/mossberg-maverick-88-slug-24-kal-12ga\/"]}]},{"@type":"ImageObject","inLanguage":"en-US","@id":"https:\/\/arsenal24.pl\/produkt\/mossberg-maverick-88-slug-24-kal-12ga\/#primaryimage","url":"https:\/\/arsenal24.pl\/wp-content\/uploads\/2026\/04\/strzelba-mossberg-maverick-88-slug-24-kal-12ga-.webp","contentUrl":"https:\/\/arsenal24.pl\/wp-content\/uploads\/2026\/04\/strzelba-mossberg-maverick-88-slug-24-kal-12ga-.webp","width":1100,"height":1100},{"@type":"BreadcrumbList","@id":"https:\/\/arsenal24.pl\/produkt\/mossberg-maverick-88-slug-24-kal-12ga\/#breadcrumb","itemListElement":[{"@type":"ListItem","position":1,"name":"Strona g\u0142\u00f3wna","item":"https:\/\/arsenal24.pl\/"},{"@type":"ListItem","position":2,"name":"Sklep","item":"https:\/\/arsenal24.pl\/sklep\/"},{"@type":"ListItem","position":3,"name":"Mossberg Maverick 88 Slug 24&#8243; &#8211; kal. 12GA"}]},{"@type":"WebSite","@id":"https:\/\/arsenal24.pl\/#website","url":"https:\/\/arsenal24.pl\/","name":"Arsenal - Professional store with weapons and accessories","description":"","publisher":{"@id":"https:\/\/arsenal24.pl\/#organization"},"potentialAction":[{"@type":"SearchAction","target":{"@type":"EntryPoint","urlTemplate":"https:\/\/arsenal24.pl\/?s={search_term_string}"},"query-input":{"@type":"PropertyValueSpecification","valueRequired":true,"valueName":"search_term_string"}}],"inLanguage":"en-US"},{"@type":"Organization","@id":"https:\/\/arsenal24.pl\/#organization","name":"Arsenal - Professional store with weapons and accessories","url":"https:\/\/arsenal24.pl\/","logo":{"@type":"ImageObject","inLanguage":"en-US","@id":"https:\/\/arsenal24.pl\/#\/schema\/logo\/image\/","url":"https:\/\/server568771.nazwa.pl\/arse\/wp-content\/uploads\/2024\/03\/arsenal-24-logo.png","contentUrl":"https:\/\/server568771.nazwa.pl\/arse\/wp-content\/uploads\/2024\/03\/arsenal-24-logo.png","width":140,"height":140,"caption":"Arsena\u0142 - Profesjonalny sklep z broni\u0105 i akcesoriami"},"image":{"@id":"https:\/\/arsenal24.pl\/#\/schema\/logo\/image\/"},"sameAs":["https:\/\/www.facebook.com\/people\/Arsena-Sklep\/100035187290806\/?locale=pl_PL&paipv=0&eav=AfaBd4HS6M2sZy5PxVGmBIZx9hgg_97kXvqKJ8pngB-S_qRYY5xCeE23HjB7T-5FY6o&_rdr"]}]}},"_links":{"self":[{"href":"https:\/\/arsenal24.pl\/en\/wp-json\/wp\/v2\/product\/7511","targetHints":{"allow":["GET"]}}],"collection":[{"href":"https:\/\/arsenal24.pl\/en\/wp-json\/wp\/v2\/product"}],"about":[{"href":"https:\/\/arsenal24.pl\/en\/wp-json\/wp\/v2\/types\/product"}],"version-history":[{"count":1,"href":"https:\/\/arsenal24.pl\/en\/wp-json\/wp\/v2\/product\/7511\/revisions"}],"predecessor-version":[{"id":7513,"href":"https:\/\/arsenal24.pl\/en\/wp-json\/wp\/v2\/product\/7511\/revisions\/7513"}],"wp:featuredmedia":[{"embeddable":true,"href":"https:\/\/arsenal24.pl\/en\/wp-json\/wp\/v2\/media\/7512"}],"wp:attachment":[{"href":"https:\/\/arsenal24.pl\/en\/wp-json\/wp\/v2\/media?parent=7511"}],"wp:term":[{"taxonomy":"brand","embeddable":true,"href":"https:\/\/arsenal24.pl\/en\/wp-json\/wp\/v2\/etheme_brands?post=7511"},{"taxonomy":"product_brand","embeddable":true,"href":"https:\/\/arsenal24.pl\/en\/wp-json\/wp\/v2\/product_brand?post=7511"},{"taxonomy":"product_cat","embeddable":true,"href":"https:\/\/arsenal24.pl\/en\/wp-json\/wp\/v2\/product_cat?post=7511"},{"taxonomy":"product_tag","embeddable":true,"href":"https:\/\/arsenal24.pl\/en\/wp-json\/wp\/v2\/product_tag?post=7511"}],"curies":[{"name":"wp","href":"https:\/\/api.w.org\/{rel}","templated":true}]}}