{"id":7502,"date":"2026-04-08T16:06:23","date_gmt":"2026-04-08T14:06:23","guid":{"rendered":"https:\/\/arsenal24.pl\/?post_type=product&#038;p=7502"},"modified":"2026-04-08T16:06:24","modified_gmt":"2026-04-08T14:06:24","slug":"cheytac-ct15f-mil-std-139-kal-5-56x45mm-223-rem-od-green","status":"publish","type":"product","link":"https:\/\/arsenal24.pl\/en\/product\/cheytac-ct15f-mil-std-139-kal-5-56x45mm-223-rem-od-green\/","title":{"rendered":"CheyTac CT15F MIL STD 13,9&#8243; &#8211; kal. 5.56x45mm \/ .223 Rem. &#8211; OD Green"},"content":{"rendered":"<p>Model\u00a0<strong>CT-15F<\/strong>\u00a0to podstawowy wariant karabinka w ofercie renomowanej marki\u00a0<strong>CheyTac<\/strong>, znanej z bezkompromisowego podej\u015bcia do jako\u015bci wykonania i niezawodno\u015bci dzia\u0142ania. Ten model to idealny wyb\u00f3r dla os\u00f3b poszukuj\u0105cych klasycznego karabinu AR-15 w wersji gotowej do modyfikacji i personalizacji \u2013 zar\u00f3wno przez pocz\u0105tkuj\u0105cych strzelc\u00f3w, jak i do\u015bwiadczonych u\u017cytkownik\u00f3w ceni\u0105cych sprawdzone rozwi\u0105zania. CT-15F to nie tylko bro\u0144, ale tak\u017ce solidny fundament do dalszego rozwoju i rozbudowy \u2013 bez konieczno\u015bci wymiany kluczowych komponent\u00f3w.<\/p>\n<p>Rdzeniem CT-15F jest zestaw kutych kom\u00f3r \u2013 upper i lower receiver \u2013 wykonanych zgodnie ze standardami MILSPEC. Tego typu obr\u00f3bka gwarantuje doskona\u0142\u0105 sztywno\u015b\u0107, trwa\u0142o\u015b\u0107 i precyzj\u0119 spasowania, co jest kluczowe dla niezawodnej pracy ca\u0142ej konstrukcji. Na tym solidnym fundamencie osadzono\u00a0<strong>13,9-calow\u0105 luf\u0119 wykonan\u0105 z odpornej na przeci\u0105\u017cenia stali 4150 Chrome Moly Vanadium<\/strong>, kt\u00f3ra doskonale sprawdza si\u0119 w broni d\u0142ugiej przeznaczonej do intensywnego u\u017cytkowania. Aby zwi\u0119kszy\u0107 odporno\u015b\u0107 na czynniki zewn\u0119trzne, zastosowano obr\u00f3bk\u0119 powierzchni\u00a0<strong>QPQ (Quench-Polish-Quench)<\/strong>, kt\u00f3ra nadaje lufie wyj\u0105tkow\u0105 odporno\u015b\u0107 na korozj\u0119 oraz wyd\u0142u\u017ca jej \u017cywotno\u015b\u0107.\u00a0<strong>Skok gwintu 1:7<\/strong>\u00a0umo\u017cliwia optymaln\u0105 stabilizacj\u0119 pocisk\u00f3w o r\u00f3\u017cnej masie, co czyni ten model wszechstronnym zar\u00f3wno pod k\u0105tem treningu, jak i zastosowa\u0144 bojowych. Na ko\u0144cu lufy znajduje si\u0119\u00a0<strong>standardowy gwint 1\/2 x 28 TPI<\/strong>, umo\u017cliwiaj\u0105cy monta\u017c t\u0142umik\u00f3w, kompensator\u00f3w i innych urz\u0105dze\u0144 wylotowych \u2013 fabrycznie zamontowano klasyczny t\u0142umik p\u0142omienia\u00a0<strong>A2 Flash Hider<\/strong>, kt\u00f3ry ogranicza rozb\u0142ysk i poprawia widoczno\u015b\u0107 podczas strzelania w s\u0142abych warunkach o\u015bwietleniowych.<\/p>\n<p>Karabin dzia\u0142a w oparciu o niezawodny system gazowy\u00a0<strong>Direct Impingement (DI)<\/strong>\u00a0\u2013 rozwi\u0105zanie, kt\u00f3re przekazuje energi\u0119 gaz\u00f3w bezpo\u015brednio na suwad\u0142o. To klasyka w\u015br\u00f3d rozwi\u0105za\u0144 stosowanych w broni samopowtarzalnej opartej na<strong>\u00a0konstrukcji AR-15<\/strong>, ceniona za prostot\u0119 dzia\u0142ania, nisk\u0105 mas\u0119 oraz niewielk\u0105 liczb\u0119 ruchomych cz\u0119\u015bci. Uk\u0142ad DI cechuje si\u0119 tak\u017ce mniejsz\u0105 podatno\u015bci\u0105 na zaci\u0119cia, a jego konserwacja jest stosunkowo prosta i szybka. W CT-15F zastosowano rur\u0119 gazow\u0105 w konfiguracji\u00a0<strong>Mid-Length<\/strong>, kt\u00f3ra w po\u0142\u0105czeniu z\u00a0<strong>niskoprofilowym blokiem gazowym<\/strong>\u00a0zapewnia p\u0142ynniejszy cykl pracy, ni\u017cszy odrzut i wi\u0119kszy komfort podczas strzelania w por\u00f3wnaniu do system\u00f3w z kr\u00f3tsz\u0105 rur\u0105. Taka konfiguracja idealnie r\u00f3wnowa\u017cy celno\u015b\u0107 i ergonomi\u0119 u\u017cytkowania \u2013 bez nadmiernego obci\u0105\u017cania strzelca.<\/p>\n<p>W modelu CT-15F producent zastosowa\u0142 klasyczny mechanizm spustowy\u00a0<strong>Mil-STD Fire Control Group<\/strong>, znany ze swojej prostoty i niezawodno\u015bci. To doskona\u0142e rozwi\u0105zanie dla strzelc\u00f3w, kt\u00f3rzy dopiero zaczynaj\u0105 przygod\u0119 z platform\u0105 AR-15, ale r\u00f3wnie\u017c dla tych, kt\u00f3rzy chc\u0105 w przysz\u0142o\u015bci\u00a0<strong>rozbudowa\u0107 karabin o bardziej zaawansowany spust<\/strong>\u00a0bez ponoszenia dodatkowych koszt\u00f3w na starcie. Dodatkowo, odpowiednio zestrojony buffer i spr\u0119\u017cyna powrotna wspieraj\u0105 p\u0142ynne dzia\u0142anie zespo\u0142u suwad\u0142a, minimalizuj\u0105c wibracje i podbijanie lufy. Zesp\u00f3\u0142\u00a0<strong>Bolt Carrier Group (BCG)<\/strong>\u00a0zastosowany w karabinie to wersja\u00a0<strong>Full Auto Cut &amp; Rated<\/strong>, z odpowiednio zabezpieczonym kluczem gazowym (properly staked), co przek\u0142ada si\u0119 na wysok\u0105 trwa\u0142o\u015b\u0107 i odporno\u015b\u0107 na intensywne u\u017cytkowanie.<\/p>\n<p>Karabin zosta\u0142 wyposa\u017cony w\u00a0<strong>handguard w systemie M-LOK<\/strong>, wykonany z lekkiego, ale\u00a0<strong>wytrzyma\u0142ego aluminium 6061-T6<\/strong>, obrabianego precyzyjnie metod\u0105 CNC. System ten umo\u017cliwia szybki i beznarz\u0119dziowy monta\u017c akcesori\u00f3w, co sprawia, \u017ce CT-15F mo\u017cna \u0142atwo dostosowa\u0107 do r\u00f3\u017cnych r\u00f3l \u2013 od strzelania sportowego, przez taktyczne zastosowanie, po rekreacyjne u\u017cytkowanie. Dodatkowo, w \u0142o\u017cu zintegrowano\u00a0<strong>uchwyty QD<\/strong>\u00a0(Quick Detach) do mocowania zawieszenia, co zwi\u0119ksza wygod\u0119 i funkcjonalno\u015b\u0107 broni podczas przenoszenia i operowania w r\u00f3\u017cnych pozycjach.<\/p>\n<p>Z my\u015bl\u0105 o wygodzie obs\u0142ugi, CheyTac CT-15F otrzyma\u0142\u00a0<strong>standardow\u0105 r\u0105czk\u0119 prze\u0142adowania (Mil-STD Charging Handle)<\/strong>\u00a0oraz regulowan\u0105,\u00a0<strong>6-pozycyjn\u0105 kolb\u0119 B5 Systems Enhanced SOPMOD<\/strong>. Kolba ta oferuje wygodne dopasowanie d\u0142ugo\u015bci do indywidualnych preferencji oraz posiada gniazdo QD do mocowania zawieszenia. Jej profil zapewnia stabilne oparcie i u\u0142atwia celowanie nawet przy zastosowaniu celownik\u00f3w optycznych. Dope\u0142nieniem ergonomii karabinka jest\u00a0<strong>chropowaty chwyt pistoletowy B5 Systems<\/strong>, zapewniaj\u0105cy pewne trzymanie broni nawet w r\u0119kawicach lub w trudnych warunkach pogodowych. Bro\u0144 zasilana jest standardowymi magazynkami platformy AR-15, a dostarczana jest z jedn\u0105 sztuk\u0105\u00a0<strong>o pojemno\u015bci 30 naboj\u00f3w<\/strong>.<\/p>\n<p><strong>CheyTac CT-15F<\/strong>\u00a0to nie tylko bro\u0144 \u2013 to platforma, kt\u00f3ra rozwija si\u0119 razem z u\u017cytkownikiem. Dzi\u0119ki zgodno\u015bci z komponentami MILSPEC i systemem M-LOK, strzelec ma niemal nieograniczone mo\u017cliwo\u015bci rozbudowy: od monta\u017cu optyki, przez wymian\u0119 spustu, a\u017c po instalacj\u0119 zaawansowanych akcesori\u00f3w taktycznych. To bro\u0144 idealna zar\u00f3wno dla os\u00f3b zaczynaj\u0105cych swoj\u0105 przygod\u0119 z karabinami typu AR, jak i dla tych, kt\u00f3rzy szukaj\u0105 sprawdzonej, niezawodnej bazy do stworzenia konfiguracji idealnie dopasowanej do w\u0142asnych potrzeb. Je\u015bli wi\u0119c szukasz uniwersalnego AR-15 dla siebie, ten model od ameryka\u0144skiego producenta, dost\u0119pny w sklepie e-militaria.pl z pewno\u015bci\u0105 przypadnie Ci do gustu.<\/p>\n<p>&nbsp;<\/p>\n<p>&nbsp;<\/p>\n<p><strong>Cechy produktu:<\/strong><\/p>\n<ul>\n<li>Kaliber: 5.56x45mm \/ .223REM<\/li>\n<li>Overall length:<\/li>\n<li>D\u0142ugo\u015b\u0107 lufy: 13,9 cali<\/li>\n<li>Weight:<\/li>\n<li>Typ lufy: 1:7 Twist, Government Profile, stal 4150 Chrome Moly Vanadium z pow\u0142ok\u0105 QPQ Corrosion<\/li>\n<li>System gazowy: niskoprofilowy Direct Impingement (DI) z rurk\u0105 gazow\u0105 Mid Length<\/li>\n<li>Mechanizm spustowy: Mil-STD Fire Control Group<\/li>\n<li>Bezpiecznik \/ selektor ognia: Mil-STD<\/li>\n<li>Bolt Carrier Group: Full Auto Cut &amp; Rated z zakuwanym kluczem gazowym<\/li>\n<li>D\u017awignia prze\u0142adowania: Mil-STD<\/li>\n<li>\u0141o\u017ce: CNC Machined Custom Cheytac MLok ze zintegrowanymi gniazdami QD, 6061-T6 Aluminum<\/li>\n<li>Chwyt: B5 Systems Textured<\/li>\n<li>Kolba: Polimerowa, regulowana B5 Systems Enhanced SOPMOD, 6 pozycji, ze zintegrowanymi gniazdami QD<\/li>\n<li>Przyrz\u0105dy celownicze: Brak w zestawie<\/li>\n<li>Wyrzutnik \u0142usek: Sta\u0142y, po prawej stronie<\/li>\n<li>Przystosowany do urz\u0105dze\u0144 wylotowych: Tak, gwint 1\/2 x 28 TPI<\/li>\n<li>Urz\u0105dzenie wylotowe: A2 flash hider<\/li>\n<li>Szyna monta\u017cowa: Tak<\/li>\n<li>Tryby dzia\u0142ania: Ogie\u0144 pojedynczy<\/li>\n<li>Kolor: O.D. Green<\/li>\n<li>Producent: CheyTac, USA<\/li>\n<\/ul>\n<p>&nbsp;<\/p>\n<p><strong>W sk\u0142ad zestawu wchodzi:<\/strong><\/p>\n<ul>\n<li>Karabinek CheyTac CT15F MIL STD 13,9&#8243; &#8211; kal. 5.56x45mm \/ .223 Rem.<\/li>\n<li>Magazynek MFT na 30 naboj\u00f3w<\/li>\n<li>Blokada<\/li>\n<li>Certyfikat zgodno\u015bci<\/li>\n<\/ul>","protected":false},"excerpt":{"rendered":"<p>Model\u00a0CT-15F\u00a0to podstawowy wariant karabinka w ofercie renomowanej marki\u00a0CheyTac, znanej z bezkompromisowego podej\u015bcia do jako\u015bci wykonania i niezawodno\u015bci dzia\u0142ania. Ten model to idealny wyb\u00f3r dla os\u00f3b&#8230;<\/p>","protected":false},"featured_media":7503,"template":"","meta":[],"etheme_brands":[{"term_id":258,"name":"CheyTac","slug":"cheytac","term_group":0,"term_taxonomy_id":258,"taxonomy":"brand","description":"","parent":0,"count":3,"filter":"raw"}],"product_brand":[259],"product_cat":[100],"product_tag":[],"class_list":{"0":"post-7502","1":"product","2":"type-product","3":"status-publish","4":"has-post-thumbnail","6":"brand-cheytac","7":"product_brand-cheytac","8":"product_cat-bron-sportowa","10":"first","11":"instock","12":"shipping-taxable","13":"purchasable","14":"product-type-simple"},"yoast_head":"<!-- This site is optimized with the Yoast SEO Premium plugin v24.0 (Yoast SEO v26.0) - https:\/\/yoast.com\/wordpress\/plugins\/seo\/ -->\n<title>CheyTac CT15F MIL STD 13,9&quot; - kal. 5.56x45mm \/ .223 Rem. - OD Green - Arsena\u0142 - Profesjonalny sklep z broni\u0105 i akcesoriami<\/title>\n<meta name=\"robots\" content=\"index, follow, max-snippet:-1, max-image-preview:large, max-video-preview:-1\" \/>\n<link rel=\"canonical\" href=\"https:\/\/arsenal24.pl\/en\/product\/cheytac-ct15f-mil-std-139-kal-5-56x45mm-223-rem-od-green\/\" \/>\n<meta property=\"og:locale\" content=\"en_US\" \/>\n<meta property=\"og:type\" content=\"article\" \/>\n<meta property=\"og:title\" content=\"CheyTac CT15F MIL STD 13,9&quot; - kal. 5.56x45mm \/ .223 Rem. - OD Green\" \/>\n<meta property=\"og:description\" content=\"Model\u00a0CT-15F\u00a0to podstawowy wariant karabinka w ofercie renomowanej marki\u00a0CheyTac, znanej z bezkompromisowego podej\u015bcia do jako\u015bci wykonania i niezawodno\u015bci dzia\u0142ania. Ten model to idealny wyb\u00f3r dla os\u00f3b...\" \/>\n<meta property=\"og:url\" content=\"https:\/\/arsenal24.pl\/en\/product\/cheytac-ct15f-mil-std-139-kal-5-56x45mm-223-rem-od-green\/\" \/>\n<meta property=\"og:site_name\" content=\"Arsena\u0142 - Profesjonalny sklep z broni\u0105 i akcesoriami\" \/>\n<meta property=\"article:publisher\" content=\"https:\/\/www.facebook.com\/people\/Arsena-Sklep\/100035187290806\/?locale=pl_PL&amp;paipv=0&amp;eav=AfaBd4HS6M2sZy5PxVGmBIZx9hgg_97kXvqKJ8pngB-S_qRYY5xCeE23HjB7T-5FY6o&amp;_rdr\" \/>\n<meta property=\"article:modified_time\" content=\"2026-04-08T14:06:24+00:00\" \/>\n<meta property=\"og:image\" content=\"https:\/\/arsenal24.pl\/wp-content\/uploads\/2026\/04\/karabinek-cheytac-ct15f-mil-std-139-kal-556x45mm-223-rem-od-green.webp\" \/>\n\t<meta property=\"og:image:width\" content=\"1100\" \/>\n\t<meta property=\"og:image:height\" content=\"1100\" \/>\n\t<meta property=\"og:image:type\" content=\"image\/webp\" \/>\n<meta name=\"twitter:card\" content=\"summary_large_image\" \/>\n<meta name=\"twitter:label1\" content=\"Est. reading time\" \/>\n\t<meta name=\"twitter:data1\" content=\"6 minutes\" \/>\n<script type=\"application\/ld+json\" class=\"yoast-schema-graph\">{\"@context\":\"https:\/\/schema.org\",\"@graph\":[{\"@type\":\"WebPage\",\"@id\":\"https:\/\/arsenal24.pl\/produkt\/cheytac-ct15f-mil-std-139-kal-5-56x45mm-223-rem-od-green\/\",\"url\":\"https:\/\/arsenal24.pl\/produkt\/cheytac-ct15f-mil-std-139-kal-5-56x45mm-223-rem-od-green\/\",\"name\":\"CheyTac CT15F MIL STD 13,9\\\" - kal. 5.56x45mm \/ .223 Rem. - OD Green - Arsena\u0142 - Profesjonalny sklep z broni\u0105 i akcesoriami\",\"isPartOf\":{\"@id\":\"https:\/\/arsenal24.pl\/#website\"},\"primaryImageOfPage\":{\"@id\":\"https:\/\/arsenal24.pl\/produkt\/cheytac-ct15f-mil-std-139-kal-5-56x45mm-223-rem-od-green\/#primaryimage\"},\"image\":{\"@id\":\"https:\/\/arsenal24.pl\/produkt\/cheytac-ct15f-mil-std-139-kal-5-56x45mm-223-rem-od-green\/#primaryimage\"},\"thumbnailUrl\":\"https:\/\/arsenal24.pl\/wp-content\/uploads\/2026\/04\/karabinek-cheytac-ct15f-mil-std-139-kal-556x45mm-223-rem-od-green.webp\",\"datePublished\":\"2026-04-08T14:06:23+00:00\",\"dateModified\":\"2026-04-08T14:06:24+00:00\",\"breadcrumb\":{\"@id\":\"https:\/\/arsenal24.pl\/produkt\/cheytac-ct15f-mil-std-139-kal-5-56x45mm-223-rem-od-green\/#breadcrumb\"},\"inLanguage\":\"en-US\",\"potentialAction\":[{\"@type\":\"ReadAction\",\"target\":[\"https:\/\/arsenal24.pl\/produkt\/cheytac-ct15f-mil-std-139-kal-5-56x45mm-223-rem-od-green\/\"]}]},{\"@type\":\"ImageObject\",\"inLanguage\":\"en-US\",\"@id\":\"https:\/\/arsenal24.pl\/produkt\/cheytac-ct15f-mil-std-139-kal-5-56x45mm-223-rem-od-green\/#primaryimage\",\"url\":\"https:\/\/arsenal24.pl\/wp-content\/uploads\/2026\/04\/karabinek-cheytac-ct15f-mil-std-139-kal-556x45mm-223-rem-od-green.webp\",\"contentUrl\":\"https:\/\/arsenal24.pl\/wp-content\/uploads\/2026\/04\/karabinek-cheytac-ct15f-mil-std-139-kal-556x45mm-223-rem-od-green.webp\",\"width\":1100,\"height\":1100},{\"@type\":\"BreadcrumbList\",\"@id\":\"https:\/\/arsenal24.pl\/produkt\/cheytac-ct15f-mil-std-139-kal-5-56x45mm-223-rem-od-green\/#breadcrumb\",\"itemListElement\":[{\"@type\":\"ListItem\",\"position\":1,\"name\":\"Strona g\u0142\u00f3wna\",\"item\":\"https:\/\/arsenal24.pl\/\"},{\"@type\":\"ListItem\",\"position\":2,\"name\":\"Sklep\",\"item\":\"https:\/\/arsenal24.pl\/sklep\/\"},{\"@type\":\"ListItem\",\"position\":3,\"name\":\"CheyTac CT15F MIL STD 13,9&#8243; &#8211; kal. 5.56x45mm \/ .223 Rem. &#8211; OD Green\"}]},{\"@type\":\"WebSite\",\"@id\":\"https:\/\/arsenal24.pl\/#website\",\"url\":\"https:\/\/arsenal24.pl\/\",\"name\":\"Arsena\u0142 - Profesjonalny sklep z broni\u0105 i akcesoriami\",\"description\":\"\",\"publisher\":{\"@id\":\"https:\/\/arsenal24.pl\/#organization\"},\"potentialAction\":[{\"@type\":\"SearchAction\",\"target\":{\"@type\":\"EntryPoint\",\"urlTemplate\":\"https:\/\/arsenal24.pl\/?s={search_term_string}\"},\"query-input\":{\"@type\":\"PropertyValueSpecification\",\"valueRequired\":true,\"valueName\":\"search_term_string\"}}],\"inLanguage\":\"en-US\"},{\"@type\":\"Organization\",\"@id\":\"https:\/\/arsenal24.pl\/#organization\",\"name\":\"Arsena\u0142 - Profesjonalny sklep z broni\u0105 i akcesoriami\",\"url\":\"https:\/\/arsenal24.pl\/\",\"logo\":{\"@type\":\"ImageObject\",\"inLanguage\":\"en-US\",\"@id\":\"https:\/\/arsenal24.pl\/#\/schema\/logo\/image\/\",\"url\":\"https:\/\/server568771.nazwa.pl\/arse\/wp-content\/uploads\/2024\/03\/arsenal-24-logo.png\",\"contentUrl\":\"https:\/\/server568771.nazwa.pl\/arse\/wp-content\/uploads\/2024\/03\/arsenal-24-logo.png\",\"width\":140,\"height\":140,\"caption\":\"Arsena\u0142 - Profesjonalny sklep z broni\u0105 i akcesoriami\"},\"image\":{\"@id\":\"https:\/\/arsenal24.pl\/#\/schema\/logo\/image\/\"},\"sameAs\":[\"https:\/\/www.facebook.com\/people\/Arsena-Sklep\/100035187290806\/?locale=pl_PL&paipv=0&eav=AfaBd4HS6M2sZy5PxVGmBIZx9hgg_97kXvqKJ8pngB-S_qRYY5xCeE23HjB7T-5FY6o&_rdr\"]}]}<\/script>\n<!-- \/ Yoast SEO Premium plugin. -->","yoast_head_json":{"title":"CheyTac CT15F MIL STD 13,9\" - kal. 5.56x45mm \/ .223 Rem. - OD Green - Arsena\u0142 - Profesjonalny sklep z broni\u0105 i akcesoriami","robots":{"index":"index","follow":"follow","max-snippet":"max-snippet:-1","max-image-preview":"max-image-preview:large","max-video-preview":"max-video-preview:-1"},"canonical":"https:\/\/arsenal24.pl\/en\/product\/cheytac-ct15f-mil-std-139-kal-5-56x45mm-223-rem-od-green\/","og_locale":"en_US","og_type":"article","og_title":"CheyTac CT15F MIL STD 13,9\" - kal. 5.56x45mm \/ .223 Rem. - OD Green","og_description":"Model\u00a0CT-15F\u00a0to podstawowy wariant karabinka w ofercie renomowanej marki\u00a0CheyTac, znanej z bezkompromisowego podej\u015bcia do jako\u015bci wykonania i niezawodno\u015bci dzia\u0142ania. Ten model to idealny wyb\u00f3r dla os\u00f3b...","og_url":"https:\/\/arsenal24.pl\/en\/product\/cheytac-ct15f-mil-std-139-kal-5-56x45mm-223-rem-od-green\/","og_site_name":"Arsena\u0142 - Profesjonalny sklep z broni\u0105 i akcesoriami","article_publisher":"https:\/\/www.facebook.com\/people\/Arsena-Sklep\/100035187290806\/?locale=pl_PL&paipv=0&eav=AfaBd4HS6M2sZy5PxVGmBIZx9hgg_97kXvqKJ8pngB-S_qRYY5xCeE23HjB7T-5FY6o&_rdr","article_modified_time":"2026-04-08T14:06:24+00:00","og_image":[{"width":1100,"height":1100,"url":"https:\/\/arsenal24.pl\/wp-content\/uploads\/2026\/04\/karabinek-cheytac-ct15f-mil-std-139-kal-556x45mm-223-rem-od-green.webp","type":"image\/webp"}],"twitter_card":"summary_large_image","twitter_misc":{"Est. reading time":"6 minutes"},"schema":{"@context":"https:\/\/schema.org","@graph":[{"@type":"WebPage","@id":"https:\/\/arsenal24.pl\/produkt\/cheytac-ct15f-mil-std-139-kal-5-56x45mm-223-rem-od-green\/","url":"https:\/\/arsenal24.pl\/produkt\/cheytac-ct15f-mil-std-139-kal-5-56x45mm-223-rem-od-green\/","name":"CheyTac CT15F MIL STD 13,9\" - kal. 5.56x45mm \/ .223 Rem. - OD Green - Arsena\u0142 - Profesjonalny sklep z broni\u0105 i akcesoriami","isPartOf":{"@id":"https:\/\/arsenal24.pl\/#website"},"primaryImageOfPage":{"@id":"https:\/\/arsenal24.pl\/produkt\/cheytac-ct15f-mil-std-139-kal-5-56x45mm-223-rem-od-green\/#primaryimage"},"image":{"@id":"https:\/\/arsenal24.pl\/produkt\/cheytac-ct15f-mil-std-139-kal-5-56x45mm-223-rem-od-green\/#primaryimage"},"thumbnailUrl":"https:\/\/arsenal24.pl\/wp-content\/uploads\/2026\/04\/karabinek-cheytac-ct15f-mil-std-139-kal-556x45mm-223-rem-od-green.webp","datePublished":"2026-04-08T14:06:23+00:00","dateModified":"2026-04-08T14:06:24+00:00","breadcrumb":{"@id":"https:\/\/arsenal24.pl\/produkt\/cheytac-ct15f-mil-std-139-kal-5-56x45mm-223-rem-od-green\/#breadcrumb"},"inLanguage":"en-US","potentialAction":[{"@type":"ReadAction","target":["https:\/\/arsenal24.pl\/produkt\/cheytac-ct15f-mil-std-139-kal-5-56x45mm-223-rem-od-green\/"]}]},{"@type":"ImageObject","inLanguage":"en-US","@id":"https:\/\/arsenal24.pl\/produkt\/cheytac-ct15f-mil-std-139-kal-5-56x45mm-223-rem-od-green\/#primaryimage","url":"https:\/\/arsenal24.pl\/wp-content\/uploads\/2026\/04\/karabinek-cheytac-ct15f-mil-std-139-kal-556x45mm-223-rem-od-green.webp","contentUrl":"https:\/\/arsenal24.pl\/wp-content\/uploads\/2026\/04\/karabinek-cheytac-ct15f-mil-std-139-kal-556x45mm-223-rem-od-green.webp","width":1100,"height":1100},{"@type":"BreadcrumbList","@id":"https:\/\/arsenal24.pl\/produkt\/cheytac-ct15f-mil-std-139-kal-5-56x45mm-223-rem-od-green\/#breadcrumb","itemListElement":[{"@type":"ListItem","position":1,"name":"Strona g\u0142\u00f3wna","item":"https:\/\/arsenal24.pl\/"},{"@type":"ListItem","position":2,"name":"Sklep","item":"https:\/\/arsenal24.pl\/sklep\/"},{"@type":"ListItem","position":3,"name":"CheyTac CT15F MIL STD 13,9&#8243; &#8211; kal. 5.56x45mm \/ .223 Rem. &#8211; OD Green"}]},{"@type":"WebSite","@id":"https:\/\/arsenal24.pl\/#website","url":"https:\/\/arsenal24.pl\/","name":"Arsenal - Professional store with weapons and accessories","description":"","publisher":{"@id":"https:\/\/arsenal24.pl\/#organization"},"potentialAction":[{"@type":"SearchAction","target":{"@type":"EntryPoint","urlTemplate":"https:\/\/arsenal24.pl\/?s={search_term_string}"},"query-input":{"@type":"PropertyValueSpecification","valueRequired":true,"valueName":"search_term_string"}}],"inLanguage":"en-US"},{"@type":"Organization","@id":"https:\/\/arsenal24.pl\/#organization","name":"Arsenal - Professional store with weapons and accessories","url":"https:\/\/arsenal24.pl\/","logo":{"@type":"ImageObject","inLanguage":"en-US","@id":"https:\/\/arsenal24.pl\/#\/schema\/logo\/image\/","url":"https:\/\/server568771.nazwa.pl\/arse\/wp-content\/uploads\/2024\/03\/arsenal-24-logo.png","contentUrl":"https:\/\/server568771.nazwa.pl\/arse\/wp-content\/uploads\/2024\/03\/arsenal-24-logo.png","width":140,"height":140,"caption":"Arsena\u0142 - Profesjonalny sklep z broni\u0105 i akcesoriami"},"image":{"@id":"https:\/\/arsenal24.pl\/#\/schema\/logo\/image\/"},"sameAs":["https:\/\/www.facebook.com\/people\/Arsena-Sklep\/100035187290806\/?locale=pl_PL&paipv=0&eav=AfaBd4HS6M2sZy5PxVGmBIZx9hgg_97kXvqKJ8pngB-S_qRYY5xCeE23HjB7T-5FY6o&_rdr"]}]}},"_links":{"self":[{"href":"https:\/\/arsenal24.pl\/en\/wp-json\/wp\/v2\/product\/7502","targetHints":{"allow":["GET"]}}],"collection":[{"href":"https:\/\/arsenal24.pl\/en\/wp-json\/wp\/v2\/product"}],"about":[{"href":"https:\/\/arsenal24.pl\/en\/wp-json\/wp\/v2\/types\/product"}],"version-history":[{"count":1,"href":"https:\/\/arsenal24.pl\/en\/wp-json\/wp\/v2\/product\/7502\/revisions"}],"predecessor-version":[{"id":7504,"href":"https:\/\/arsenal24.pl\/en\/wp-json\/wp\/v2\/product\/7502\/revisions\/7504"}],"wp:featuredmedia":[{"embeddable":true,"href":"https:\/\/arsenal24.pl\/en\/wp-json\/wp\/v2\/media\/7503"}],"wp:attachment":[{"href":"https:\/\/arsenal24.pl\/en\/wp-json\/wp\/v2\/media?parent=7502"}],"wp:term":[{"taxonomy":"brand","embeddable":true,"href":"https:\/\/arsenal24.pl\/en\/wp-json\/wp\/v2\/etheme_brands?post=7502"},{"taxonomy":"product_brand","embeddable":true,"href":"https:\/\/arsenal24.pl\/en\/wp-json\/wp\/v2\/product_brand?post=7502"},{"taxonomy":"product_cat","embeddable":true,"href":"https:\/\/arsenal24.pl\/en\/wp-json\/wp\/v2\/product_cat?post=7502"},{"taxonomy":"product_tag","embeddable":true,"href":"https:\/\/arsenal24.pl\/en\/wp-json\/wp\/v2\/product_tag?post=7502"}],"curies":[{"name":"wp","href":"https:\/\/api.w.org\/{rel}","templated":true}]}}