{"id":7379,"date":"2026-01-21T15:26:25","date_gmt":"2026-01-21T14:26:25","guid":{"rendered":"https:\/\/arsenal24.pl\/?post_type=product&#038;p=7379"},"modified":"2026-01-21T15:35:09","modified_gmt":"2026-01-21T14:35:09","slug":"ruger-ar-556-300blk","status":"publish","type":"product","link":"https:\/\/arsenal24.pl\/en\/product\/ruger-ar-556-300blk\/","title":{"rendered":"Ruger AR-556 .300BLK"},"content":{"rendered":"<p>Opis:<\/p>\n<p>&#8211; Lower wykonany z anodowanych na twardo odkuwek aluminiowych 7075-T6, suwad\u0142o ze stali 9310 oraz zamek ze stali 8620.<\/p>\n<p>&#8211; Chromowane wn\u0119trze bloku gazowego<\/p>\n<p>&#8211; \u0141o\u017ce 11\u201d w standardzie M-Lok<\/p>\n<p>&#8211; Spust jednostopniowy (Single Stage)<\/p>\n<p>&#8211; Powi\u0119kszona os\u0142ona spustu umo\u017cliwiaj\u0105ca strzelanie w r\u0119kawicach.<\/p>\n<p>&#8211; Sze\u015bciostopniowa, teleskopowa kolba oraz Buffer Tube w standardzie Mil-Spec pozwalaj\u0105 na odpowiednie dopasowanie karabinu pod preferencje strzelca.<\/p>\n<p>&#8211; Lufa kuta na zimno typu \u201eHeavy Contour\u201d ze skokiem gwintu 1:8&#8243;, zako\u0144czona gwintem 1\/2&#8243;-28.<\/p>\n<p>&#8211; Ergonomiczny chwyt pistoletowy o wyd\u0142u\u017conej odleg\u0142o\u015bci od spustu zapewniaj\u0105cy dok\u0142adniejsz\u0105 kontrol\u0119.<\/p>\n<p>&#8211; Upper wyposa\u017cony w dosy\u0142acz.<\/p>\n<p>&#8211; Jeden 30-nabojowy magazynek Magpul\u00ae PMAG\u00ae.<\/p>\n<p>&nbsp;<\/p>\n<p>Specification:<\/p>\n<p>Model: 8530<\/p>\n<p>Kaliber: .300BLK<\/p>\n<p>D\u0142ugo\u015b\u0107 lufy: 16,1&#8243;<\/p>\n<p>Materia\u0142 zamka: \u00a0Stal 8620<\/p>\n<p>Materia\u0142 lufy: Stal kuta na zimno<\/p>\n<p>Skok gwintu lufy:\u00a01:7\u201d z 5 bruzdami<\/p>\n<p>Gwint na ko\u0144cu lufy: 5\/8&#8243;-24<\/p>\n<p>kolba: regulowana Mil-Spec<\/p>\n<p>Spust:\u00a0Spust jednostopniowy (Single Stage)<\/p>\n<p>Wyko\u0144czenie: Anodowana twarda pow\u0142oka typu III<\/p>\n<p>Waga: 2903 g<\/p>\n<p>D\u0142ugo\u015b\u0107 ca\u0142kowita: 83,8 cm \u2013 92,1 cm<\/p>\n<p>Wysoko\u015b\u0107: 183 mm<\/p>","protected":false},"excerpt":{"rendered":"<p><strong>CZ<\/strong> prezentuje now\u0105 generacj\u0119 pistoletu P09, oznaczon\u0105 jako &#8222;<strong>Nocturne<\/strong>&#8222;. Jej zamek gotowy jest do bezpo\u015bredniego monta\u017cu celownik\u00f3w kolimatorowych (bez u\u017cycia p\u0142ytek).<\/p>","protected":false},"featured_media":7380,"template":"","meta":[],"etheme_brands":[],"product_brand":[],"product_cat":[100],"product_tag":[],"class_list":{"0":"post-7379","1":"product","2":"type-product","3":"status-publish","4":"has-post-thumbnail","6":"product_cat-bron-sportowa","8":"first","9":"instock","10":"shipping-taxable","11":"purchasable","12":"product-type-simple"},"yoast_head":"<!-- This site is optimized with the Yoast SEO Premium plugin v24.0 (Yoast SEO v26.0) - https:\/\/yoast.com\/wordpress\/plugins\/seo\/ -->\n<title>Pistolet CZ P-09 F Nocturne 9x19 - Arsena\u0142<\/title>\n<meta name=\"robots\" content=\"index, follow, max-snippet:-1, max-image-preview:large, max-video-preview:-1\" \/>\n<link rel=\"canonical\" href=\"https:\/\/arsenal24.pl\/en\/product\/ruger-ar-556-300blk\/\" \/>\n<meta property=\"og:locale\" content=\"en_US\" \/>\n<meta property=\"og:type\" content=\"article\" \/>\n<meta property=\"og:title\" content=\"Ruger AR-556 .300BLK\" \/>\n<meta property=\"og:description\" content=\"CZ prezentuje now\u0105 generacj\u0119 pistoletu P09, oznaczon\u0105 jako &quot;Nocturne&quot;. Jej zamek gotowy jest do bezpo\u015bredniego monta\u017cu celownik\u00f3w kolimatorowych (bez u\u017cycia p\u0142ytek).\" \/>\n<meta property=\"og:url\" content=\"https:\/\/arsenal24.pl\/en\/product\/ruger-ar-556-300blk\/\" \/>\n<meta property=\"og:site_name\" content=\"Arsena\u0142 - Profesjonalny sklep z broni\u0105 i akcesoriami\" \/>\n<meta property=\"article:publisher\" content=\"https:\/\/www.facebook.com\/people\/Arsena-Sklep\/100035187290806\/?locale=pl_PL&amp;paipv=0&amp;eav=AfaBd4HS6M2sZy5PxVGmBIZx9hgg_97kXvqKJ8pngB-S_qRYY5xCeE23HjB7T-5FY6o&amp;_rdr\" \/>\n<meta property=\"article:modified_time\" content=\"2026-01-21T14:35:09+00:00\" \/>\n<meta property=\"og:image\" content=\"https:\/\/arsenal24.pl\/wp-content\/uploads\/2026\/01\/ruger-ar-556-300blk-8530-.jpg\" \/>\n\t<meta property=\"og:image:width\" content=\"1200\" \/>\n\t<meta property=\"og:image:height\" content=\"1200\" \/>\n\t<meta property=\"og:image:type\" content=\"image\/jpeg\" \/>\n<meta name=\"twitter:card\" content=\"summary_large_image\" \/>\n<meta name=\"twitter:label1\" content=\"Est. reading time\" \/>\n\t<meta name=\"twitter:data1\" content=\"2 minutes\" \/>\n<script type=\"application\/ld+json\" class=\"yoast-schema-graph\">{\"@context\":\"https:\/\/schema.org\",\"@graph\":[{\"@type\":\"WebPage\",\"@id\":\"https:\/\/arsenal24.pl\/produkt\/ruger-ar-556-300blk\/\",\"url\":\"https:\/\/arsenal24.pl\/produkt\/ruger-ar-556-300blk\/\",\"name\":\"Pistolet CZ P-09 F Nocturne 9x19 - Arsena\u0142\",\"isPartOf\":{\"@id\":\"https:\/\/arsenal24.pl\/#website\"},\"primaryImageOfPage\":{\"@id\":\"https:\/\/arsenal24.pl\/produkt\/ruger-ar-556-300blk\/#primaryimage\"},\"image\":{\"@id\":\"https:\/\/arsenal24.pl\/produkt\/ruger-ar-556-300blk\/#primaryimage\"},\"thumbnailUrl\":\"https:\/\/arsenal24.pl\/wp-content\/uploads\/2026\/01\/ruger-ar-556-300blk-8530-.jpg\",\"datePublished\":\"2026-01-21T14:26:25+00:00\",\"dateModified\":\"2026-01-21T14:35:09+00:00\",\"breadcrumb\":{\"@id\":\"https:\/\/arsenal24.pl\/produkt\/ruger-ar-556-300blk\/#breadcrumb\"},\"inLanguage\":\"en-US\",\"potentialAction\":[{\"@type\":\"ReadAction\",\"target\":[\"https:\/\/arsenal24.pl\/produkt\/ruger-ar-556-300blk\/\"]}]},{\"@type\":\"ImageObject\",\"inLanguage\":\"en-US\",\"@id\":\"https:\/\/arsenal24.pl\/produkt\/ruger-ar-556-300blk\/#primaryimage\",\"url\":\"https:\/\/arsenal24.pl\/wp-content\/uploads\/2026\/01\/ruger-ar-556-300blk-8530-.jpg\",\"contentUrl\":\"https:\/\/arsenal24.pl\/wp-content\/uploads\/2026\/01\/ruger-ar-556-300blk-8530-.jpg\",\"width\":1200,\"height\":1200},{\"@type\":\"BreadcrumbList\",\"@id\":\"https:\/\/arsenal24.pl\/produkt\/ruger-ar-556-300blk\/#breadcrumb\",\"itemListElement\":[{\"@type\":\"ListItem\",\"position\":1,\"name\":\"Strona g\u0142\u00f3wna\",\"item\":\"https:\/\/arsenal24.pl\/\"},{\"@type\":\"ListItem\",\"position\":2,\"name\":\"Sklep\",\"item\":\"https:\/\/arsenal24.pl\/sklep\/\"},{\"@type\":\"ListItem\",\"position\":3,\"name\":\"Ruger AR-556 .300BLK\"}]},{\"@type\":\"WebSite\",\"@id\":\"https:\/\/arsenal24.pl\/#website\",\"url\":\"https:\/\/arsenal24.pl\/\",\"name\":\"Arsena\u0142 - Profesjonalny sklep z broni\u0105 i akcesoriami\",\"description\":\"\",\"publisher\":{\"@id\":\"https:\/\/arsenal24.pl\/#organization\"},\"potentialAction\":[{\"@type\":\"SearchAction\",\"target\":{\"@type\":\"EntryPoint\",\"urlTemplate\":\"https:\/\/arsenal24.pl\/?s={search_term_string}\"},\"query-input\":{\"@type\":\"PropertyValueSpecification\",\"valueRequired\":true,\"valueName\":\"search_term_string\"}}],\"inLanguage\":\"en-US\"},{\"@type\":\"Organization\",\"@id\":\"https:\/\/arsenal24.pl\/#organization\",\"name\":\"Arsena\u0142 - Profesjonalny sklep z broni\u0105 i akcesoriami\",\"url\":\"https:\/\/arsenal24.pl\/\",\"logo\":{\"@type\":\"ImageObject\",\"inLanguage\":\"en-US\",\"@id\":\"https:\/\/arsenal24.pl\/#\/schema\/logo\/image\/\",\"url\":\"https:\/\/server568771.nazwa.pl\/arse\/wp-content\/uploads\/2024\/03\/arsenal-24-logo.png\",\"contentUrl\":\"https:\/\/server568771.nazwa.pl\/arse\/wp-content\/uploads\/2024\/03\/arsenal-24-logo.png\",\"width\":140,\"height\":140,\"caption\":\"Arsena\u0142 - Profesjonalny sklep z broni\u0105 i akcesoriami\"},\"image\":{\"@id\":\"https:\/\/arsenal24.pl\/#\/schema\/logo\/image\/\"},\"sameAs\":[\"https:\/\/www.facebook.com\/people\/Arsena-Sklep\/100035187290806\/?locale=pl_PL&paipv=0&eav=AfaBd4HS6M2sZy5PxVGmBIZx9hgg_97kXvqKJ8pngB-S_qRYY5xCeE23HjB7T-5FY6o&_rdr\"]}]}<\/script>\n<!-- \/ Yoast SEO Premium plugin. -->","yoast_head_json":{"title":"Pistolet CZ P-09 F Nocturne 9x19 - Arsena\u0142","robots":{"index":"index","follow":"follow","max-snippet":"max-snippet:-1","max-image-preview":"max-image-preview:large","max-video-preview":"max-video-preview:-1"},"canonical":"https:\/\/arsenal24.pl\/en\/product\/ruger-ar-556-300blk\/","og_locale":"en_US","og_type":"article","og_title":"Ruger AR-556 .300BLK","og_description":"CZ prezentuje now\u0105 generacj\u0119 pistoletu P09, oznaczon\u0105 jako \"Nocturne\". Jej zamek gotowy jest do bezpo\u015bredniego monta\u017cu celownik\u00f3w kolimatorowych (bez u\u017cycia p\u0142ytek).","og_url":"https:\/\/arsenal24.pl\/en\/product\/ruger-ar-556-300blk\/","og_site_name":"Arsena\u0142 - Profesjonalny sklep z broni\u0105 i akcesoriami","article_publisher":"https:\/\/www.facebook.com\/people\/Arsena-Sklep\/100035187290806\/?locale=pl_PL&paipv=0&eav=AfaBd4HS6M2sZy5PxVGmBIZx9hgg_97kXvqKJ8pngB-S_qRYY5xCeE23HjB7T-5FY6o&_rdr","article_modified_time":"2026-01-21T14:35:09+00:00","og_image":[{"width":1200,"height":1200,"url":"https:\/\/arsenal24.pl\/wp-content\/uploads\/2026\/01\/ruger-ar-556-300blk-8530-.jpg","type":"image\/jpeg"}],"twitter_card":"summary_large_image","twitter_misc":{"Est. reading time":"2 minutes"},"schema":{"@context":"https:\/\/schema.org","@graph":[{"@type":"WebPage","@id":"https:\/\/arsenal24.pl\/produkt\/ruger-ar-556-300blk\/","url":"https:\/\/arsenal24.pl\/produkt\/ruger-ar-556-300blk\/","name":"Pistolet CZ P-09 F Nocturne 9x19 - Arsena\u0142","isPartOf":{"@id":"https:\/\/arsenal24.pl\/#website"},"primaryImageOfPage":{"@id":"https:\/\/arsenal24.pl\/produkt\/ruger-ar-556-300blk\/#primaryimage"},"image":{"@id":"https:\/\/arsenal24.pl\/produkt\/ruger-ar-556-300blk\/#primaryimage"},"thumbnailUrl":"https:\/\/arsenal24.pl\/wp-content\/uploads\/2026\/01\/ruger-ar-556-300blk-8530-.jpg","datePublished":"2026-01-21T14:26:25+00:00","dateModified":"2026-01-21T14:35:09+00:00","breadcrumb":{"@id":"https:\/\/arsenal24.pl\/produkt\/ruger-ar-556-300blk\/#breadcrumb"},"inLanguage":"en-US","potentialAction":[{"@type":"ReadAction","target":["https:\/\/arsenal24.pl\/produkt\/ruger-ar-556-300blk\/"]}]},{"@type":"ImageObject","inLanguage":"en-US","@id":"https:\/\/arsenal24.pl\/produkt\/ruger-ar-556-300blk\/#primaryimage","url":"https:\/\/arsenal24.pl\/wp-content\/uploads\/2026\/01\/ruger-ar-556-300blk-8530-.jpg","contentUrl":"https:\/\/arsenal24.pl\/wp-content\/uploads\/2026\/01\/ruger-ar-556-300blk-8530-.jpg","width":1200,"height":1200},{"@type":"BreadcrumbList","@id":"https:\/\/arsenal24.pl\/produkt\/ruger-ar-556-300blk\/#breadcrumb","itemListElement":[{"@type":"ListItem","position":1,"name":"Strona g\u0142\u00f3wna","item":"https:\/\/arsenal24.pl\/"},{"@type":"ListItem","position":2,"name":"Sklep","item":"https:\/\/arsenal24.pl\/sklep\/"},{"@type":"ListItem","position":3,"name":"Ruger AR-556 .300BLK"}]},{"@type":"WebSite","@id":"https:\/\/arsenal24.pl\/#website","url":"https:\/\/arsenal24.pl\/","name":"Arsenal - Professional store with weapons and accessories","description":"","publisher":{"@id":"https:\/\/arsenal24.pl\/#organization"},"potentialAction":[{"@type":"SearchAction","target":{"@type":"EntryPoint","urlTemplate":"https:\/\/arsenal24.pl\/?s={search_term_string}"},"query-input":{"@type":"PropertyValueSpecification","valueRequired":true,"valueName":"search_term_string"}}],"inLanguage":"en-US"},{"@type":"Organization","@id":"https:\/\/arsenal24.pl\/#organization","name":"Arsenal - Professional store with weapons and accessories","url":"https:\/\/arsenal24.pl\/","logo":{"@type":"ImageObject","inLanguage":"en-US","@id":"https:\/\/arsenal24.pl\/#\/schema\/logo\/image\/","url":"https:\/\/server568771.nazwa.pl\/arse\/wp-content\/uploads\/2024\/03\/arsenal-24-logo.png","contentUrl":"https:\/\/server568771.nazwa.pl\/arse\/wp-content\/uploads\/2024\/03\/arsenal-24-logo.png","width":140,"height":140,"caption":"Arsena\u0142 - Profesjonalny sklep z broni\u0105 i akcesoriami"},"image":{"@id":"https:\/\/arsenal24.pl\/#\/schema\/logo\/image\/"},"sameAs":["https:\/\/www.facebook.com\/people\/Arsena-Sklep\/100035187290806\/?locale=pl_PL&paipv=0&eav=AfaBd4HS6M2sZy5PxVGmBIZx9hgg_97kXvqKJ8pngB-S_qRYY5xCeE23HjB7T-5FY6o&_rdr"]}]}},"_links":{"self":[{"href":"https:\/\/arsenal24.pl\/en\/wp-json\/wp\/v2\/product\/7379","targetHints":{"allow":["GET"]}}],"collection":[{"href":"https:\/\/arsenal24.pl\/en\/wp-json\/wp\/v2\/product"}],"about":[{"href":"https:\/\/arsenal24.pl\/en\/wp-json\/wp\/v2\/types\/product"}],"version-history":[{"count":1,"href":"https:\/\/arsenal24.pl\/en\/wp-json\/wp\/v2\/product\/7379\/revisions"}],"predecessor-version":[{"id":7381,"href":"https:\/\/arsenal24.pl\/en\/wp-json\/wp\/v2\/product\/7379\/revisions\/7381"}],"wp:featuredmedia":[{"embeddable":true,"href":"https:\/\/arsenal24.pl\/en\/wp-json\/wp\/v2\/media\/7380"}],"wp:attachment":[{"href":"https:\/\/arsenal24.pl\/en\/wp-json\/wp\/v2\/media?parent=7379"}],"wp:term":[{"taxonomy":"brand","embeddable":true,"href":"https:\/\/arsenal24.pl\/en\/wp-json\/wp\/v2\/etheme_brands?post=7379"},{"taxonomy":"product_brand","embeddable":true,"href":"https:\/\/arsenal24.pl\/en\/wp-json\/wp\/v2\/product_brand?post=7379"},{"taxonomy":"product_cat","embeddable":true,"href":"https:\/\/arsenal24.pl\/en\/wp-json\/wp\/v2\/product_cat?post=7379"},{"taxonomy":"product_tag","embeddable":true,"href":"https:\/\/arsenal24.pl\/en\/wp-json\/wp\/v2\/product_tag?post=7379"}],"curies":[{"name":"wp","href":"https:\/\/api.w.org\/{rel}","templated":true}]}}