{"id":7373,"date":"2026-01-21T15:14:38","date_gmt":"2026-01-21T14:14:38","guid":{"rendered":"https:\/\/arsenal24.pl\/?post_type=product&#038;p=7373"},"modified":"2026-01-21T15:23:29","modified_gmt":"2026-01-21T14:23:29","slug":"ruger-ar-556-mpr-18","status":"publish","type":"product","link":"https:\/\/arsenal24.pl\/en\/product\/ruger-ar-556-mpr-18\/","title":{"rendered":"Ruger Mini-14 Tactical"},"content":{"rendered":"<div class=\"section-header\"><span class=\"section-title\">Opis produktu<\/span><\/div>\n<div id=\"description\" class=\"product-description-container rolled-up\">\n<div class=\"section-content mobile-product-description\">\n<p class=\"product-description-text\">\n<div class=\"product-description\">\n<p>Najwa\u017cniejsze cechy:<\/p>\n<p>&#8211; Kuta na zimno lufa zapewniaj\u0105ca wysok\u0105 precyzje i trwa\u0142o\u015b\u0107<\/p>\n<p>&#8211; Szyna monta\u017cowa obrabiana bezpo\u015brednio na szkielecie z litej stali, zapewnia stabiln\u0105 powierzchni\u0119 monta\u017cow\u0105 oraz eliminuje potencjalne \u017ar\u00f3d\u0142o luzu<\/p>\n<p>&#8211; Przeziernik typu \u201eGhost Ring\u201d<\/p>\n<p>&#8211; Gwint 1\/2&#215;28 na ko\u0144cu lufy umo\u017cliwiaj\u0105cy monta\u017c wszelkiej ma\u015bci kompensator\u00f3w\/t\u0142umik\u00f3w p\u0142omienia i innych<\/p>\n<p>&#8211; Nagwintowana osada do monta\u017cu do\u0142\u0105czonej szyny Picatinny<\/p>\n<p>&#8211; W zestawie dwa magazynki i szyna picatinny<\/p>\n<p>&nbsp;<\/p>\n<p>Specification:<\/p>\n<p>Model: 5847<\/p>\n<p>Kaliber: .223Rem\/5,56mm NATO<\/p>\n<p>Osada: Synthetic<\/p>\n<p>D\u0142ugo\u015b\u0107 lufy: 16,12&#8243;<\/p>\n<p>Materia\u0142 zamka: \u00a0Stal stopowa<\/p>\n<p>Materia\u0142 lufy: Stal stopowa<\/p>\n<p>Ilo\u015b\u0107 bruzd: 6<\/p>\n<p>Skok gwintu lufy: 1:9\u201d RH<\/p>\n<p>Gwint na ko\u0144cu lufy: 1\/2&#215;28<\/p>\n<p>Przyrz\u0105dy celownicze: Brak<\/p>\n<p>Wyko\u0144czenie: Blued<\/p>\n<p>Waga: 3040 g<\/p>\n<p>D\u0142ugo\u015b\u0107 ca\u0142kowita: 93,34 cm<\/p>\n<\/div>\n<\/div>\n<\/div>","protected":false},"excerpt":{"rendered":"<p><strong>CZ<\/strong> prezentuje now\u0105 generacj\u0119 pistoletu P09, oznaczon\u0105 jako &#8222;<strong>Nocturne<\/strong>&#8222;. Jej zamek gotowy jest do bezpo\u015bredniego monta\u017cu celownik\u00f3w kolimatorowych (bez u\u017cycia p\u0142ytek).<\/p>","protected":false},"featured_media":7377,"template":"","meta":[],"etheme_brands":[{"term_id":245,"name":"Ruger","slug":"ruger","term_group":0,"term_taxonomy_id":245,"taxonomy":"brand","description":"","parent":0,"count":10,"filter":"raw"}],"product_brand":[],"product_cat":[100],"product_tag":[],"class_list":{"0":"post-7373","1":"product","2":"type-product","3":"status-publish","4":"has-post-thumbnail","6":"brand-ruger","7":"product_cat-bron-sportowa","9":"first","10":"instock","11":"shipping-taxable","12":"purchasable","13":"product-type-simple"},"yoast_head":"<!-- This site is optimized with the Yoast SEO Premium plugin v24.0 (Yoast SEO v26.0) - https:\/\/yoast.com\/wordpress\/plugins\/seo\/ -->\n<title>Pistolet CZ P-09 F Nocturne 9x19 - Arsena\u0142<\/title>\n<meta name=\"robots\" content=\"index, follow, max-snippet:-1, max-image-preview:large, max-video-preview:-1\" \/>\n<link rel=\"canonical\" href=\"https:\/\/arsenal24.pl\/en\/product\/ruger-ar-556-mpr-18\/\" \/>\n<meta property=\"og:locale\" content=\"en_US\" \/>\n<meta property=\"og:type\" content=\"article\" \/>\n<meta property=\"og:title\" content=\"Ruger Mini-14 Tactical\" \/>\n<meta property=\"og:description\" content=\"CZ prezentuje now\u0105 generacj\u0119 pistoletu P09, oznaczon\u0105 jako &quot;Nocturne&quot;. Jej zamek gotowy jest do bezpo\u015bredniego monta\u017cu celownik\u00f3w kolimatorowych (bez u\u017cycia p\u0142ytek).\" \/>\n<meta property=\"og:url\" content=\"https:\/\/arsenal24.pl\/en\/product\/ruger-ar-556-mpr-18\/\" \/>\n<meta property=\"og:site_name\" content=\"Arsena\u0142 - Profesjonalny sklep z broni\u0105 i akcesoriami\" \/>\n<meta property=\"article:publisher\" content=\"https:\/\/www.facebook.com\/people\/Arsena-Sklep\/100035187290806\/?locale=pl_PL&amp;paipv=0&amp;eav=AfaBd4HS6M2sZy5PxVGmBIZx9hgg_97kXvqKJ8pngB-S_qRYY5xCeE23HjB7T-5FY6o&amp;_rdr\" \/>\n<meta property=\"article:modified_time\" content=\"2026-01-21T14:23:29+00:00\" \/>\n<meta property=\"og:image\" content=\"https:\/\/arsenal24.pl\/wp-content\/uploads\/2026\/01\/ruger-mini-14-tactical-5847-.jpg\" \/>\n\t<meta property=\"og:image:width\" content=\"1200\" \/>\n\t<meta property=\"og:image:height\" content=\"1200\" \/>\n\t<meta property=\"og:image:type\" content=\"image\/jpeg\" \/>\n<meta name=\"twitter:card\" content=\"summary_large_image\" \/>\n<meta name=\"twitter:label1\" content=\"Est. reading time\" \/>\n\t<meta name=\"twitter:data1\" content=\"1 minute\" \/>\n<script type=\"application\/ld+json\" class=\"yoast-schema-graph\">{\"@context\":\"https:\/\/schema.org\",\"@graph\":[{\"@type\":\"WebPage\",\"@id\":\"https:\/\/arsenal24.pl\/produkt\/ruger-ar-556-mpr-18\/\",\"url\":\"https:\/\/arsenal24.pl\/produkt\/ruger-ar-556-mpr-18\/\",\"name\":\"Pistolet CZ P-09 F Nocturne 9x19 - Arsena\u0142\",\"isPartOf\":{\"@id\":\"https:\/\/arsenal24.pl\/#website\"},\"primaryImageOfPage\":{\"@id\":\"https:\/\/arsenal24.pl\/produkt\/ruger-ar-556-mpr-18\/#primaryimage\"},\"image\":{\"@id\":\"https:\/\/arsenal24.pl\/produkt\/ruger-ar-556-mpr-18\/#primaryimage\"},\"thumbnailUrl\":\"https:\/\/arsenal24.pl\/wp-content\/uploads\/2026\/01\/ruger-mini-14-tactical-5847-.jpg\",\"datePublished\":\"2026-01-21T14:14:38+00:00\",\"dateModified\":\"2026-01-21T14:23:29+00:00\",\"breadcrumb\":{\"@id\":\"https:\/\/arsenal24.pl\/produkt\/ruger-ar-556-mpr-18\/#breadcrumb\"},\"inLanguage\":\"en-US\",\"potentialAction\":[{\"@type\":\"ReadAction\",\"target\":[\"https:\/\/arsenal24.pl\/produkt\/ruger-ar-556-mpr-18\/\"]}]},{\"@type\":\"ImageObject\",\"inLanguage\":\"en-US\",\"@id\":\"https:\/\/arsenal24.pl\/produkt\/ruger-ar-556-mpr-18\/#primaryimage\",\"url\":\"https:\/\/arsenal24.pl\/wp-content\/uploads\/2026\/01\/ruger-mini-14-tactical-5847-.jpg\",\"contentUrl\":\"https:\/\/arsenal24.pl\/wp-content\/uploads\/2026\/01\/ruger-mini-14-tactical-5847-.jpg\",\"width\":1200,\"height\":1200},{\"@type\":\"BreadcrumbList\",\"@id\":\"https:\/\/arsenal24.pl\/produkt\/ruger-ar-556-mpr-18\/#breadcrumb\",\"itemListElement\":[{\"@type\":\"ListItem\",\"position\":1,\"name\":\"Strona g\u0142\u00f3wna\",\"item\":\"https:\/\/arsenal24.pl\/\"},{\"@type\":\"ListItem\",\"position\":2,\"name\":\"Sklep\",\"item\":\"https:\/\/arsenal24.pl\/sklep\/\"},{\"@type\":\"ListItem\",\"position\":3,\"name\":\"Ruger Mini-14 Tactical\"}]},{\"@type\":\"WebSite\",\"@id\":\"https:\/\/arsenal24.pl\/#website\",\"url\":\"https:\/\/arsenal24.pl\/\",\"name\":\"Arsena\u0142 - Profesjonalny sklep z broni\u0105 i akcesoriami\",\"description\":\"\",\"publisher\":{\"@id\":\"https:\/\/arsenal24.pl\/#organization\"},\"potentialAction\":[{\"@type\":\"SearchAction\",\"target\":{\"@type\":\"EntryPoint\",\"urlTemplate\":\"https:\/\/arsenal24.pl\/?s={search_term_string}\"},\"query-input\":{\"@type\":\"PropertyValueSpecification\",\"valueRequired\":true,\"valueName\":\"search_term_string\"}}],\"inLanguage\":\"en-US\"},{\"@type\":\"Organization\",\"@id\":\"https:\/\/arsenal24.pl\/#organization\",\"name\":\"Arsena\u0142 - Profesjonalny sklep z broni\u0105 i akcesoriami\",\"url\":\"https:\/\/arsenal24.pl\/\",\"logo\":{\"@type\":\"ImageObject\",\"inLanguage\":\"en-US\",\"@id\":\"https:\/\/arsenal24.pl\/#\/schema\/logo\/image\/\",\"url\":\"https:\/\/server568771.nazwa.pl\/arse\/wp-content\/uploads\/2024\/03\/arsenal-24-logo.png\",\"contentUrl\":\"https:\/\/server568771.nazwa.pl\/arse\/wp-content\/uploads\/2024\/03\/arsenal-24-logo.png\",\"width\":140,\"height\":140,\"caption\":\"Arsena\u0142 - Profesjonalny sklep z broni\u0105 i akcesoriami\"},\"image\":{\"@id\":\"https:\/\/arsenal24.pl\/#\/schema\/logo\/image\/\"},\"sameAs\":[\"https:\/\/www.facebook.com\/people\/Arsena-Sklep\/100035187290806\/?locale=pl_PL&paipv=0&eav=AfaBd4HS6M2sZy5PxVGmBIZx9hgg_97kXvqKJ8pngB-S_qRYY5xCeE23HjB7T-5FY6o&_rdr\"]}]}<\/script>\n<!-- \/ Yoast SEO Premium plugin. -->","yoast_head_json":{"title":"Pistolet CZ P-09 F Nocturne 9x19 - Arsena\u0142","robots":{"index":"index","follow":"follow","max-snippet":"max-snippet:-1","max-image-preview":"max-image-preview:large","max-video-preview":"max-video-preview:-1"},"canonical":"https:\/\/arsenal24.pl\/en\/product\/ruger-ar-556-mpr-18\/","og_locale":"en_US","og_type":"article","og_title":"Ruger Mini-14 Tactical","og_description":"CZ prezentuje now\u0105 generacj\u0119 pistoletu P09, oznaczon\u0105 jako \"Nocturne\". Jej zamek gotowy jest do bezpo\u015bredniego monta\u017cu celownik\u00f3w kolimatorowych (bez u\u017cycia p\u0142ytek).","og_url":"https:\/\/arsenal24.pl\/en\/product\/ruger-ar-556-mpr-18\/","og_site_name":"Arsena\u0142 - Profesjonalny sklep z broni\u0105 i akcesoriami","article_publisher":"https:\/\/www.facebook.com\/people\/Arsena-Sklep\/100035187290806\/?locale=pl_PL&paipv=0&eav=AfaBd4HS6M2sZy5PxVGmBIZx9hgg_97kXvqKJ8pngB-S_qRYY5xCeE23HjB7T-5FY6o&_rdr","article_modified_time":"2026-01-21T14:23:29+00:00","og_image":[{"width":1200,"height":1200,"url":"https:\/\/arsenal24.pl\/wp-content\/uploads\/2026\/01\/ruger-mini-14-tactical-5847-.jpg","type":"image\/jpeg"}],"twitter_card":"summary_large_image","twitter_misc":{"Est. reading time":"1 minute"},"schema":{"@context":"https:\/\/schema.org","@graph":[{"@type":"WebPage","@id":"https:\/\/arsenal24.pl\/produkt\/ruger-ar-556-mpr-18\/","url":"https:\/\/arsenal24.pl\/produkt\/ruger-ar-556-mpr-18\/","name":"Pistolet CZ P-09 F Nocturne 9x19 - Arsena\u0142","isPartOf":{"@id":"https:\/\/arsenal24.pl\/#website"},"primaryImageOfPage":{"@id":"https:\/\/arsenal24.pl\/produkt\/ruger-ar-556-mpr-18\/#primaryimage"},"image":{"@id":"https:\/\/arsenal24.pl\/produkt\/ruger-ar-556-mpr-18\/#primaryimage"},"thumbnailUrl":"https:\/\/arsenal24.pl\/wp-content\/uploads\/2026\/01\/ruger-mini-14-tactical-5847-.jpg","datePublished":"2026-01-21T14:14:38+00:00","dateModified":"2026-01-21T14:23:29+00:00","breadcrumb":{"@id":"https:\/\/arsenal24.pl\/produkt\/ruger-ar-556-mpr-18\/#breadcrumb"},"inLanguage":"en-US","potentialAction":[{"@type":"ReadAction","target":["https:\/\/arsenal24.pl\/produkt\/ruger-ar-556-mpr-18\/"]}]},{"@type":"ImageObject","inLanguage":"en-US","@id":"https:\/\/arsenal24.pl\/produkt\/ruger-ar-556-mpr-18\/#primaryimage","url":"https:\/\/arsenal24.pl\/wp-content\/uploads\/2026\/01\/ruger-mini-14-tactical-5847-.jpg","contentUrl":"https:\/\/arsenal24.pl\/wp-content\/uploads\/2026\/01\/ruger-mini-14-tactical-5847-.jpg","width":1200,"height":1200},{"@type":"BreadcrumbList","@id":"https:\/\/arsenal24.pl\/produkt\/ruger-ar-556-mpr-18\/#breadcrumb","itemListElement":[{"@type":"ListItem","position":1,"name":"Strona g\u0142\u00f3wna","item":"https:\/\/arsenal24.pl\/"},{"@type":"ListItem","position":2,"name":"Sklep","item":"https:\/\/arsenal24.pl\/sklep\/"},{"@type":"ListItem","position":3,"name":"Ruger Mini-14 Tactical"}]},{"@type":"WebSite","@id":"https:\/\/arsenal24.pl\/#website","url":"https:\/\/arsenal24.pl\/","name":"Arsenal - Professional store with weapons and accessories","description":"","publisher":{"@id":"https:\/\/arsenal24.pl\/#organization"},"potentialAction":[{"@type":"SearchAction","target":{"@type":"EntryPoint","urlTemplate":"https:\/\/arsenal24.pl\/?s={search_term_string}"},"query-input":{"@type":"PropertyValueSpecification","valueRequired":true,"valueName":"search_term_string"}}],"inLanguage":"en-US"},{"@type":"Organization","@id":"https:\/\/arsenal24.pl\/#organization","name":"Arsenal - Professional store with weapons and accessories","url":"https:\/\/arsenal24.pl\/","logo":{"@type":"ImageObject","inLanguage":"en-US","@id":"https:\/\/arsenal24.pl\/#\/schema\/logo\/image\/","url":"https:\/\/server568771.nazwa.pl\/arse\/wp-content\/uploads\/2024\/03\/arsenal-24-logo.png","contentUrl":"https:\/\/server568771.nazwa.pl\/arse\/wp-content\/uploads\/2024\/03\/arsenal-24-logo.png","width":140,"height":140,"caption":"Arsena\u0142 - Profesjonalny sklep z broni\u0105 i akcesoriami"},"image":{"@id":"https:\/\/arsenal24.pl\/#\/schema\/logo\/image\/"},"sameAs":["https:\/\/www.facebook.com\/people\/Arsena-Sklep\/100035187290806\/?locale=pl_PL&paipv=0&eav=AfaBd4HS6M2sZy5PxVGmBIZx9hgg_97kXvqKJ8pngB-S_qRYY5xCeE23HjB7T-5FY6o&_rdr"]}]}},"_links":{"self":[{"href":"https:\/\/arsenal24.pl\/en\/wp-json\/wp\/v2\/product\/7373","targetHints":{"allow":["GET"]}}],"collection":[{"href":"https:\/\/arsenal24.pl\/en\/wp-json\/wp\/v2\/product"}],"about":[{"href":"https:\/\/arsenal24.pl\/en\/wp-json\/wp\/v2\/types\/product"}],"version-history":[{"count":3,"href":"https:\/\/arsenal24.pl\/en\/wp-json\/wp\/v2\/product\/7373\/revisions"}],"predecessor-version":[{"id":7378,"href":"https:\/\/arsenal24.pl\/en\/wp-json\/wp\/v2\/product\/7373\/revisions\/7378"}],"wp:featuredmedia":[{"embeddable":true,"href":"https:\/\/arsenal24.pl\/en\/wp-json\/wp\/v2\/media\/7377"}],"wp:attachment":[{"href":"https:\/\/arsenal24.pl\/en\/wp-json\/wp\/v2\/media?parent=7373"}],"wp:term":[{"taxonomy":"brand","embeddable":true,"href":"https:\/\/arsenal24.pl\/en\/wp-json\/wp\/v2\/etheme_brands?post=7373"},{"taxonomy":"product_brand","embeddable":true,"href":"https:\/\/arsenal24.pl\/en\/wp-json\/wp\/v2\/product_brand?post=7373"},{"taxonomy":"product_cat","embeddable":true,"href":"https:\/\/arsenal24.pl\/en\/wp-json\/wp\/v2\/product_cat?post=7373"},{"taxonomy":"product_tag","embeddable":true,"href":"https:\/\/arsenal24.pl\/en\/wp-json\/wp\/v2\/product_tag?post=7373"}],"curies":[{"name":"wp","href":"https:\/\/api.w.org\/{rel}","templated":true}]}}