{"id":7320,"date":"2026-01-13T11:47:00","date_gmt":"2026-01-13T10:47:00","guid":{"rendered":"https:\/\/arsenal24.pl\/?post_type=product&#038;p=7320"},"modified":"2026-01-14T17:23:36","modified_gmt":"2026-01-14T16:23:36","slug":"amunicja-fam-pionki-12-65-dynamic-pro-buckshot","status":"publish","type":"product","link":"https:\/\/arsenal24.pl\/en\/product\/amunicja-fam-pionki-12-65-dynamic-pro-buckshot\/","title":{"rendered":"Amunicja FAM Pionki 12\/65 Dynamic PRO Buckshot"},"content":{"rendered":"<p>Ammunition <strong>FAM Pionki\u00a0 12\/65 Dynamic PRO Buckshot<\/strong><\/p>\n<p>Technical data:<\/p>\n<ul>\n<li>Ilo\u015b\u0107 [szt.]: 25<\/li>\n<li>Kaliber: 12\/65<\/li>\n<li>Pr\u0119dko\u015b\u0107 pocz\u0105tkowa [m\/s]: 380<\/li>\n<li>Masa [g]: 30<\/li>\n<\/ul>","protected":false},"excerpt":{"rendered":"<p>Amunicja FAM Pionki\u00a0 12\/65 Dynamic PRO Buckshot Dane techniczne: Ilo\u015b\u0107 [szt.]: 25 Kaliber: 12\/65 Pr\u0119dko\u015b\u0107 pocz\u0105tkowa [m\/s]: 380 Masa [g]: 30<\/p>","protected":false},"featured_media":7313,"template":"","meta":[],"etheme_brands":[],"product_brand":[],"product_cat":[232],"product_tag":[],"class_list":{"0":"post-7320","1":"product","2":"type-product","3":"status-publish","4":"has-post-thumbnail","6":"product_cat-amunicja-srutowa","8":"first","9":"instock","10":"shipping-taxable","11":"purchasable","12":"product-type-simple"},"yoast_head":"<!-- This site is optimized with the Yoast SEO Premium plugin v24.0 (Yoast SEO v26.0) - https:\/\/yoast.com\/wordpress\/plugins\/seo\/ -->\n<title>Amunicja FAM Pionki 12\/70 Trap Special 7,5-2,40mm 28g - Arsena\u0142<\/title>\n<meta name=\"description\" content=\"Amunicja FAM Pionki 12\/70 Trap Special 7,5-2,40mm 28g. 1.50 z\u0142. Amunicja do strzelby FAM Pionki TRAP Special, stworzona z my\u015bl\u0105 o zastosowaniach sportowych\" \/>\n<meta name=\"robots\" content=\"index, follow, max-snippet:-1, max-image-preview:large, max-video-preview:-1\" \/>\n<link rel=\"canonical\" href=\"https:\/\/arsenal24.pl\/en\/product\/amunicja-fam-pionki-12-65-dynamic-pro-buckshot\/\" \/>\n<meta property=\"og:locale\" content=\"en_US\" \/>\n<meta property=\"og:type\" content=\"article\" \/>\n<meta property=\"og:title\" content=\"Amunicja FAM Pionki 12\/65 Dynamic PRO Buckshot\" \/>\n<meta property=\"og:description\" content=\"Amunicja FAM Pionki 12\/70 Trap Special 7,5-2,40mm 28g. 1.50 z\u0142. Amunicja do strzelby FAM Pionki TRAP Special, stworzona z my\u015bl\u0105 o zastosowaniach sportowych\" \/>\n<meta property=\"og:url\" content=\"https:\/\/arsenal24.pl\/en\/product\/amunicja-fam-pionki-12-65-dynamic-pro-buckshot\/\" \/>\n<meta property=\"og:site_name\" content=\"Arsena\u0142 - Profesjonalny sklep z broni\u0105 i akcesoriami\" \/>\n<meta property=\"article:publisher\" content=\"https:\/\/www.facebook.com\/people\/Arsena-Sklep\/100035187290806\/?locale=pl_PL&amp;paipv=0&amp;eav=AfaBd4HS6M2sZy5PxVGmBIZx9hgg_97kXvqKJ8pngB-S_qRYY5xCeE23HjB7T-5FY6o&amp;_rdr\" \/>\n<meta property=\"article:modified_time\" content=\"2026-01-14T16:23:36+00:00\" \/>\n<meta property=\"og:image\" content=\"https:\/\/arsenal24.pl\/wp-content\/uploads\/2026\/01\/fam-pionki-12-65-dynamic-pro-buckshot.jpg\" \/>\n\t<meta property=\"og:image:width\" content=\"1200\" \/>\n\t<meta property=\"og:image:height\" content=\"1200\" \/>\n\t<meta property=\"og:image:type\" content=\"image\/jpeg\" \/>\n<meta name=\"twitter:card\" content=\"summary_large_image\" \/>\n<meta name=\"twitter:label1\" content=\"Est. reading time\" \/>\n\t<meta name=\"twitter:data1\" content=\"1 minute\" \/>\n<script type=\"application\/ld+json\" class=\"yoast-schema-graph\">{\"@context\":\"https:\/\/schema.org\",\"@graph\":[{\"@type\":\"WebPage\",\"@id\":\"https:\/\/arsenal24.pl\/produkt\/amunicja-fam-pionki-12-65-dynamic-pro-buckshot\/\",\"url\":\"https:\/\/arsenal24.pl\/produkt\/amunicja-fam-pionki-12-65-dynamic-pro-buckshot\/\",\"name\":\"Amunicja FAM Pionki 12\/70 Trap Special 7,5-2,40mm 28g - Arsena\u0142\",\"isPartOf\":{\"@id\":\"https:\/\/arsenal24.pl\/#website\"},\"primaryImageOfPage\":{\"@id\":\"https:\/\/arsenal24.pl\/produkt\/amunicja-fam-pionki-12-65-dynamic-pro-buckshot\/#primaryimage\"},\"image\":{\"@id\":\"https:\/\/arsenal24.pl\/produkt\/amunicja-fam-pionki-12-65-dynamic-pro-buckshot\/#primaryimage\"},\"thumbnailUrl\":\"https:\/\/arsenal24.pl\/wp-content\/uploads\/2026\/01\/fam-pionki-12-65-dynamic-pro-buckshot.jpg\",\"datePublished\":\"2026-01-13T10:47:00+00:00\",\"dateModified\":\"2026-01-14T16:23:36+00:00\",\"description\":\"Amunicja FAM Pionki 12\/70 Trap Special 7,5-2,40mm 28g. 1.50 z\u0142. Amunicja do strzelby FAM Pionki TRAP Special, stworzona z my\u015bl\u0105 o zastosowaniach sportowych\",\"breadcrumb\":{\"@id\":\"https:\/\/arsenal24.pl\/produkt\/amunicja-fam-pionki-12-65-dynamic-pro-buckshot\/#breadcrumb\"},\"inLanguage\":\"en-US\",\"potentialAction\":[{\"@type\":\"ReadAction\",\"target\":[\"https:\/\/arsenal24.pl\/produkt\/amunicja-fam-pionki-12-65-dynamic-pro-buckshot\/\"]}]},{\"@type\":\"ImageObject\",\"inLanguage\":\"en-US\",\"@id\":\"https:\/\/arsenal24.pl\/produkt\/amunicja-fam-pionki-12-65-dynamic-pro-buckshot\/#primaryimage\",\"url\":\"https:\/\/arsenal24.pl\/wp-content\/uploads\/2026\/01\/fam-pionki-12-65-dynamic-pro-buckshot.jpg\",\"contentUrl\":\"https:\/\/arsenal24.pl\/wp-content\/uploads\/2026\/01\/fam-pionki-12-65-dynamic-pro-buckshot.jpg\",\"width\":1200,\"height\":1200},{\"@type\":\"BreadcrumbList\",\"@id\":\"https:\/\/arsenal24.pl\/produkt\/amunicja-fam-pionki-12-65-dynamic-pro-buckshot\/#breadcrumb\",\"itemListElement\":[{\"@type\":\"ListItem\",\"position\":1,\"name\":\"Strona g\u0142\u00f3wna\",\"item\":\"https:\/\/arsenal24.pl\/\"},{\"@type\":\"ListItem\",\"position\":2,\"name\":\"Sklep\",\"item\":\"https:\/\/arsenal24.pl\/sklep\/\"},{\"@type\":\"ListItem\",\"position\":3,\"name\":\"Amunicja FAM Pionki 12\/65 Dynamic PRO Buckshot\"}]},{\"@type\":\"WebSite\",\"@id\":\"https:\/\/arsenal24.pl\/#website\",\"url\":\"https:\/\/arsenal24.pl\/\",\"name\":\"Arsena\u0142 - Profesjonalny sklep z broni\u0105 i akcesoriami\",\"description\":\"\",\"publisher\":{\"@id\":\"https:\/\/arsenal24.pl\/#organization\"},\"potentialAction\":[{\"@type\":\"SearchAction\",\"target\":{\"@type\":\"EntryPoint\",\"urlTemplate\":\"https:\/\/arsenal24.pl\/?s={search_term_string}\"},\"query-input\":{\"@type\":\"PropertyValueSpecification\",\"valueRequired\":true,\"valueName\":\"search_term_string\"}}],\"inLanguage\":\"en-US\"},{\"@type\":\"Organization\",\"@id\":\"https:\/\/arsenal24.pl\/#organization\",\"name\":\"Arsena\u0142 - Profesjonalny sklep z broni\u0105 i akcesoriami\",\"url\":\"https:\/\/arsenal24.pl\/\",\"logo\":{\"@type\":\"ImageObject\",\"inLanguage\":\"en-US\",\"@id\":\"https:\/\/arsenal24.pl\/#\/schema\/logo\/image\/\",\"url\":\"https:\/\/server568771.nazwa.pl\/arse\/wp-content\/uploads\/2024\/03\/arsenal-24-logo.png\",\"contentUrl\":\"https:\/\/server568771.nazwa.pl\/arse\/wp-content\/uploads\/2024\/03\/arsenal-24-logo.png\",\"width\":140,\"height\":140,\"caption\":\"Arsena\u0142 - Profesjonalny sklep z broni\u0105 i akcesoriami\"},\"image\":{\"@id\":\"https:\/\/arsenal24.pl\/#\/schema\/logo\/image\/\"},\"sameAs\":[\"https:\/\/www.facebook.com\/people\/Arsena-Sklep\/100035187290806\/?locale=pl_PL&paipv=0&eav=AfaBd4HS6M2sZy5PxVGmBIZx9hgg_97kXvqKJ8pngB-S_qRYY5xCeE23HjB7T-5FY6o&_rdr\"]}]}<\/script>\n<!-- \/ Yoast SEO Premium plugin. -->","yoast_head_json":{"title":"Amunicja FAM Pionki 12\/70 Trap Special 7,5-2,40mm 28g - Arsena\u0142","description":"Amunicja FAM Pionki 12\/70 Trap Special 7,5-2,40mm 28g. 1.50 z\u0142. Amunicja do strzelby FAM Pionki TRAP Special, stworzona z my\u015bl\u0105 o zastosowaniach sportowych","robots":{"index":"index","follow":"follow","max-snippet":"max-snippet:-1","max-image-preview":"max-image-preview:large","max-video-preview":"max-video-preview:-1"},"canonical":"https:\/\/arsenal24.pl\/en\/product\/amunicja-fam-pionki-12-65-dynamic-pro-buckshot\/","og_locale":"en_US","og_type":"article","og_title":"Amunicja FAM Pionki 12\/65 Dynamic PRO Buckshot","og_description":"Amunicja FAM Pionki 12\/70 Trap Special 7,5-2,40mm 28g. 1.50 z\u0142. Amunicja do strzelby FAM Pionki TRAP Special, stworzona z my\u015bl\u0105 o zastosowaniach sportowych","og_url":"https:\/\/arsenal24.pl\/en\/product\/amunicja-fam-pionki-12-65-dynamic-pro-buckshot\/","og_site_name":"Arsena\u0142 - Profesjonalny sklep z broni\u0105 i akcesoriami","article_publisher":"https:\/\/www.facebook.com\/people\/Arsena-Sklep\/100035187290806\/?locale=pl_PL&paipv=0&eav=AfaBd4HS6M2sZy5PxVGmBIZx9hgg_97kXvqKJ8pngB-S_qRYY5xCeE23HjB7T-5FY6o&_rdr","article_modified_time":"2026-01-14T16:23:36+00:00","og_image":[{"width":1200,"height":1200,"url":"https:\/\/arsenal24.pl\/wp-content\/uploads\/2026\/01\/fam-pionki-12-65-dynamic-pro-buckshot.jpg","type":"image\/jpeg"}],"twitter_card":"summary_large_image","twitter_misc":{"Est. reading time":"1 minute"},"schema":{"@context":"https:\/\/schema.org","@graph":[{"@type":"WebPage","@id":"https:\/\/arsenal24.pl\/produkt\/amunicja-fam-pionki-12-65-dynamic-pro-buckshot\/","url":"https:\/\/arsenal24.pl\/produkt\/amunicja-fam-pionki-12-65-dynamic-pro-buckshot\/","name":"Amunicja FAM Pionki 12\/70 Trap Special 7,5-2,40mm 28g - Arsena\u0142","isPartOf":{"@id":"https:\/\/arsenal24.pl\/#website"},"primaryImageOfPage":{"@id":"https:\/\/arsenal24.pl\/produkt\/amunicja-fam-pionki-12-65-dynamic-pro-buckshot\/#primaryimage"},"image":{"@id":"https:\/\/arsenal24.pl\/produkt\/amunicja-fam-pionki-12-65-dynamic-pro-buckshot\/#primaryimage"},"thumbnailUrl":"https:\/\/arsenal24.pl\/wp-content\/uploads\/2026\/01\/fam-pionki-12-65-dynamic-pro-buckshot.jpg","datePublished":"2026-01-13T10:47:00+00:00","dateModified":"2026-01-14T16:23:36+00:00","description":"Amunicja FAM Pionki 12\/70 Trap Special 7,5-2,40mm 28g. 1.50 z\u0142. Amunicja do strzelby FAM Pionki TRAP Special, stworzona z my\u015bl\u0105 o zastosowaniach sportowych","breadcrumb":{"@id":"https:\/\/arsenal24.pl\/produkt\/amunicja-fam-pionki-12-65-dynamic-pro-buckshot\/#breadcrumb"},"inLanguage":"en-US","potentialAction":[{"@type":"ReadAction","target":["https:\/\/arsenal24.pl\/produkt\/amunicja-fam-pionki-12-65-dynamic-pro-buckshot\/"]}]},{"@type":"ImageObject","inLanguage":"en-US","@id":"https:\/\/arsenal24.pl\/produkt\/amunicja-fam-pionki-12-65-dynamic-pro-buckshot\/#primaryimage","url":"https:\/\/arsenal24.pl\/wp-content\/uploads\/2026\/01\/fam-pionki-12-65-dynamic-pro-buckshot.jpg","contentUrl":"https:\/\/arsenal24.pl\/wp-content\/uploads\/2026\/01\/fam-pionki-12-65-dynamic-pro-buckshot.jpg","width":1200,"height":1200},{"@type":"BreadcrumbList","@id":"https:\/\/arsenal24.pl\/produkt\/amunicja-fam-pionki-12-65-dynamic-pro-buckshot\/#breadcrumb","itemListElement":[{"@type":"ListItem","position":1,"name":"Strona g\u0142\u00f3wna","item":"https:\/\/arsenal24.pl\/"},{"@type":"ListItem","position":2,"name":"Sklep","item":"https:\/\/arsenal24.pl\/sklep\/"},{"@type":"ListItem","position":3,"name":"Amunicja FAM Pionki 12\/65 Dynamic PRO Buckshot"}]},{"@type":"WebSite","@id":"https:\/\/arsenal24.pl\/#website","url":"https:\/\/arsenal24.pl\/","name":"Arsenal - Professional store with weapons and accessories","description":"","publisher":{"@id":"https:\/\/arsenal24.pl\/#organization"},"potentialAction":[{"@type":"SearchAction","target":{"@type":"EntryPoint","urlTemplate":"https:\/\/arsenal24.pl\/?s={search_term_string}"},"query-input":{"@type":"PropertyValueSpecification","valueRequired":true,"valueName":"search_term_string"}}],"inLanguage":"en-US"},{"@type":"Organization","@id":"https:\/\/arsenal24.pl\/#organization","name":"Arsenal - Professional store with weapons and accessories","url":"https:\/\/arsenal24.pl\/","logo":{"@type":"ImageObject","inLanguage":"en-US","@id":"https:\/\/arsenal24.pl\/#\/schema\/logo\/image\/","url":"https:\/\/server568771.nazwa.pl\/arse\/wp-content\/uploads\/2024\/03\/arsenal-24-logo.png","contentUrl":"https:\/\/server568771.nazwa.pl\/arse\/wp-content\/uploads\/2024\/03\/arsenal-24-logo.png","width":140,"height":140,"caption":"Arsena\u0142 - Profesjonalny sklep z broni\u0105 i akcesoriami"},"image":{"@id":"https:\/\/arsenal24.pl\/#\/schema\/logo\/image\/"},"sameAs":["https:\/\/www.facebook.com\/people\/Arsena-Sklep\/100035187290806\/?locale=pl_PL&paipv=0&eav=AfaBd4HS6M2sZy5PxVGmBIZx9hgg_97kXvqKJ8pngB-S_qRYY5xCeE23HjB7T-5FY6o&_rdr"]}]}},"_links":{"self":[{"href":"https:\/\/arsenal24.pl\/en\/wp-json\/wp\/v2\/product\/7320","targetHints":{"allow":["GET"]}}],"collection":[{"href":"https:\/\/arsenal24.pl\/en\/wp-json\/wp\/v2\/product"}],"about":[{"href":"https:\/\/arsenal24.pl\/en\/wp-json\/wp\/v2\/types\/product"}],"version-history":[{"count":1,"href":"https:\/\/arsenal24.pl\/en\/wp-json\/wp\/v2\/product\/7320\/revisions"}],"predecessor-version":[{"id":7321,"href":"https:\/\/arsenal24.pl\/en\/wp-json\/wp\/v2\/product\/7320\/revisions\/7321"}],"wp:featuredmedia":[{"embeddable":true,"href":"https:\/\/arsenal24.pl\/en\/wp-json\/wp\/v2\/media\/7313"}],"wp:attachment":[{"href":"https:\/\/arsenal24.pl\/en\/wp-json\/wp\/v2\/media?parent=7320"}],"wp:term":[{"taxonomy":"brand","embeddable":true,"href":"https:\/\/arsenal24.pl\/en\/wp-json\/wp\/v2\/etheme_brands?post=7320"},{"taxonomy":"product_brand","embeddable":true,"href":"https:\/\/arsenal24.pl\/en\/wp-json\/wp\/v2\/product_brand?post=7320"},{"taxonomy":"product_cat","embeddable":true,"href":"https:\/\/arsenal24.pl\/en\/wp-json\/wp\/v2\/product_cat?post=7320"},{"taxonomy":"product_tag","embeddable":true,"href":"https:\/\/arsenal24.pl\/en\/wp-json\/wp\/v2\/product_tag?post=7320"}],"curies":[{"name":"wp","href":"https:\/\/api.w.org\/{rel}","templated":true}]}}