{"id":6897,"date":"2025-05-29T11:30:57","date_gmt":"2025-05-29T09:30:57","guid":{"rendered":"https:\/\/arsenal24.pl\/?post_type=product&#038;p=6897"},"modified":"2026-04-08T15:34:59","modified_gmt":"2026-04-08T13:34:59","slug":"pistolet-ruger-mark-iv-tactical-22-lr-arsenal-sklep","status":"publish","type":"product","link":"https:\/\/arsenal24.pl\/en\/product\/pistolet-ruger-mark-iv-tactical-22-lr-arsenal-sklep\/","title":{"rendered":"Pistolet Ruger Mark IV Tactical .22 LR"},"content":{"rendered":"<h2 class=\"section-header\"><span class=\"section-title\">Opis produktu<\/span><\/h2>\n<div id=\"description\" class=\"product-description-container rolled-up\">\n<div class=\"section-content mobile-product-description\">\n<ul>\n<li class=\"product-description-text\">Proste rozbieranie za pomoc\u0105 jednego przycisku w celu szybkiego i \u0142atwego czyszczenia komory oraz lufy. Naci\u015bni\u0119cie przycisku z ty\u0142u szkieletu umo\u017cliwia otworzenie broni bez u\u017cycia narz\u0119dzi.<\/li>\n<li class=\"product-description-text\">Szkielet wykonany z jednego kawa\u0142ka za pomoc\u0105 CNC<\/li>\n<li class=\"product-description-text\">Lufa kuta na zimno zapewnia wyj\u0105tkow\u0105 precyzj\u0119, celno\u015b\u0107 i d\u0142ugowieczno\u015b\u0107.<\/li>\n<li class=\"product-description-text\">Lufa zako\u0144czona gwintem \u00a01\/2&#8243;-28<\/li>\n<li class=\"product-description-text\">Wygodny wymienny antypo\u015blizgowy chwyt<\/li>\n<li class=\"product-description-text\">Wewn\u0119trzny zamek zapewnia wi\u0119ksz\u0105 precyzj\u0119 przyrz\u0105d\u00f3w celowniczych ni\u017c konwencjonalne konstrukcje.<\/li>\n<li class=\"product-description-text\">Wyprofilowane okno wyrzutowe zapewnia niezawodn\u0105 prac\u0119 na praktycznie ka\u017cdym rodzaju amunicji<\/li>\n<li class=\"product-description-text\">Wywiercony i nagwintowane otwory umo\u017cliwiaj\u0105 zamontowanie szyny typu Weaver lub Picatinny, do monta\u017cu kolimator\u00f3w itp.<\/li>\n<li class=\"product-description-text\">Mo\u017cliwo\u015b\u0107 prze\u0142o\u017cenia bezpiecznika dla strzelc\u00f3w lewor\u0119cznych<\/li>\n<li class=\"product-description-text\">Brak mo\u017cliwo\u015bci oddania strza\u0142u \u201eNa Sucho\u201d gdy magazynek jest wypi\u0119ty<\/li>\n<li>W zestawie dwa magazynki 10 nabojowe<\/li>\n<\/ul>\n<\/div>\n<\/div>\n<h2>Technical data<\/h2>\n<div id=\"description\" class=\"product-description-container rolled-up\">\n<div class=\"section-content mobile-product-description\">\n<ul>\n<li>Model: 40150<\/li>\n<li>Kaliber: .22LR<\/li>\n<li>Pojemno\u015b\u0107: 10+1<\/li>\n<li>D\u0142ugo\u015b\u0107 lufy: 4,4&#8243;<\/li>\n<li>Przyrz\u0105dy: Zintegrowane, regulowana szczerbinka<\/li>\n<li>Materia\u0142 zamka: \u00a0Stal stopowa<\/li>\n<li>Lufa: Kuta na zimno<\/li>\n<li>Wyko\u0144czenie zamka: Stal stopowa<\/li>\n<li>Wyko\u0144czenie lufy: Stal stopowa<\/li>\n<li>Gwint na ko\u0144cu lufy: \u00a01\/2&#8243;-28<\/li>\n<li>Szeroko\u015b\u0107: 30,5 mm<\/li>\n<li>Waga: 981 g<\/li>\n<li>D\u0142ugo\u015b\u0107 ca\u0142kowita: 216 mm<\/li>\n<li>Wysoko\u015b\u0107: 140 mm<\/li>\n<li>Skok gwintu: 1:16&#8243; prawy z 6 bruzdami<\/li>\n<\/ul>\n<\/div>\n<\/div>","protected":false},"excerpt":{"rendered":"<article class=\"text-token-text-primary w-full\" dir=\"auto\" data-testid=\"conversation-turn-6\" data-scroll-anchor=\"true\">\n<div class=\"text-base my-auto mx-auto py-5 [--thread-content-margin:--spacing(4)] @[37rem]:[--thread-content-margin:--spacing(6)] @[72rem]:[--thread-content-margin:--spacing(16)] px-(--thread-content-margin)\">\n<div class=\"[--thread-content-max-width:32rem] @[34rem]:[--thread-content-max-width:40rem] @[64rem]:[--thread-content-max-width:48rem] mx-auto flex max-w-(--thread-content-max-width) flex-1 text-base gap-4 md:gap-5 lg:gap-6 group\/turn-messages focus-visible:outline-hidden\" tabindex=\"-1\">\n<div class=\"group\/conversation-turn relative flex w-full min-w-0 flex-col agent-turn\">\n<div class=\"relative flex-col gap-1 md:gap-3\">\n<div class=\"flex max-w-full flex-col grow\">\n<div class=\"min-h-8 text-message relative flex w-full flex-col items-end gap-2 text-start break-words whitespace-normal [.text-message+&amp;]:mt-5\" dir=\"auto\" data-message-author-role=\"assistant\" data-message-id=\"9332927a-3b6d-49a8-9a1b-48d9f40354f5\" data-message-model-slug=\"gpt-4o\">\n<div class=\"flex w-full flex-col gap-1 empty:hidden first:pt-[3px]\">\n<div class=\"markdown prose dark:prose-invert w-full break-words light\">\n<p data-start=\"0\" data-end=\"508\" data-is-last-node=\"\" data-is-only-node=\"\">Pistolet kal. .22LR z kut\u0105 na zimno luf\u0105 zapewniaj\u0105c\u0105 wyj\u0105tkow\u0105 celno\u015b\u0107 i trwa\u0142o\u015b\u0107. Rozbieranie bez u\u017cycia narz\u0119dzi dzi\u0119ki jednemu przyciskowi. Szkielet CNC z antypo\u015blizgowym chwytem, wewn\u0119trzny zamek zwi\u0119ksza precyzj\u0119 przyrz\u0105d\u00f3w celowniczych. Lufa zako\u0144czona gwintem 1\/2&#8243;-28 umo\u017cliwia monta\u017c akcesori\u00f3w. Model wyposa\u017cony w regulowan\u0105 szczerbink\u0119, dwa magazynki 10-nabojowe oraz mo\u017cliwo\u015b\u0107 prze\u0142o\u017cenia bezpiecznika dla lewor\u0119cznych. Wyprofilowane okno wyrzutowe zapewnia niezawodne dzia\u0142anie z r\u00f3\u017cn\u0105 amunicj\u0105.<\/p>\n<\/div>\n<\/div>\n<\/div>\n<\/div>\n<div class=\"flex justify-start\">\n<div class=\"touch:-me-2 touch:-ms-3.5 -ms-2.5 -me-1 flex items-center p-1 select-none -mt-1 duration-[1.5s] focus-within:transition-none hover:transition-none pointer-events-none [mask-image:linear-gradient(to_right,black_33%,transparent_66%)] [mask-size:300%_100%] [mask-position:100%_0%] motion-safe:transition-[mask-position] group-hover\/turn-messages:pointer-events-auto group-hover\/turn-messages:[mask-position:0_0] group-focus-within\/turn-messages:pointer-events-auto group-focus-within\/turn-messages:[mask-position:0_0] has-data-[state=open]:pointer-events-auto has-data-[state=open]:[mask-position:0_0]\"><\/div>\n<\/div>\n<\/div>\n<div class=\"absolute\">\n<div class=\"flex items-center justify-center\"><\/div>\n<\/div>\n<\/div>\n<\/div>\n<\/div>\n<\/article>\n<div class=\"pointer-events-none h-px w-px\" aria-hidden=\"true\" data-edge=\"true\"><\/div>","protected":false},"featured_media":6901,"template":"","meta":[],"etheme_brands":[{"term_id":245,"name":"Ruger","slug":"ruger","term_group":0,"term_taxonomy_id":245,"taxonomy":"brand","description":"","parent":0,"count":10,"filter":"raw"}],"product_brand":[251],"product_cat":[71],"product_tag":[],"class_list":{"0":"post-6897","1":"product","2":"type-product","3":"status-publish","4":"has-post-thumbnail","6":"brand-ruger","7":"product_brand-ruger","8":"product_cat-bron-bocznego-zaplonu","10":"first","11":"instock","12":"shipping-taxable","13":"purchasable","14":"product-type-simple"},"yoast_head":"<!-- This site is optimized with the Yoast SEO Premium plugin v24.0 (Yoast SEO v26.0) - https:\/\/yoast.com\/wordpress\/plugins\/seo\/ -->\n<title>Pistolet Ruger Mark IV Tactical .22 LR - Arsena\u0142 Sklep<\/title>\n<meta name=\"description\" content=\"Lufa kuta na zimno zapewnia wyj\u0105tkow\u0105 precyzj\u0119, celno\u015b\u0107 i d\u0142ugowieczno\u015b\u0107.Lufa zako\u0144czona gwintem \u00a01\/2&quot;-28. Przyrz\u0105dy: Zintegrowane, regulowana szczerbinka\" \/>\n<meta name=\"robots\" content=\"index, follow, max-snippet:-1, max-image-preview:large, max-video-preview:-1\" \/>\n<link rel=\"canonical\" href=\"https:\/\/arsenal24.pl\/en\/product\/pistolet-ruger-mark-iv-tactical-22-lr-arsenal-sklep\/\" \/>\n<meta property=\"og:locale\" content=\"en_US\" \/>\n<meta property=\"og:type\" content=\"article\" \/>\n<meta property=\"og:title\" content=\"Pistolet Ruger Mark IV Tactical .22 LR\" \/>\n<meta property=\"og:description\" content=\"Lufa kuta na zimno zapewnia wyj\u0105tkow\u0105 precyzj\u0119, celno\u015b\u0107 i d\u0142ugowieczno\u015b\u0107.Lufa zako\u0144czona gwintem \u00a01\/2&quot;-28. Przyrz\u0105dy: Zintegrowane, regulowana szczerbinka\" \/>\n<meta property=\"og:url\" content=\"https:\/\/arsenal24.pl\/en\/product\/pistolet-ruger-mark-iv-tactical-22-lr-arsenal-sklep\/\" \/>\n<meta property=\"og:site_name\" content=\"Arsena\u0142 - Profesjonalny sklep z broni\u0105 i akcesoriami\" \/>\n<meta property=\"article:publisher\" content=\"https:\/\/www.facebook.com\/people\/Arsena-Sklep\/100035187290806\/?locale=pl_PL&amp;paipv=0&amp;eav=AfaBd4HS6M2sZy5PxVGmBIZx9hgg_97kXvqKJ8pngB-S_qRYY5xCeE23HjB7T-5FY6o&amp;_rdr\" \/>\n<meta property=\"article:modified_time\" content=\"2026-04-08T13:34:59+00:00\" \/>\n<meta property=\"og:image\" content=\"https:\/\/arsenal24.pl\/wp-content\/uploads\/2025\/05\/ruger-mark-iv-tactical-40150-.jpg\" \/>\n\t<meta property=\"og:image:width\" content=\"1200\" \/>\n\t<meta property=\"og:image:height\" content=\"1200\" \/>\n\t<meta property=\"og:image:type\" content=\"image\/jpeg\" \/>\n<meta name=\"twitter:card\" content=\"summary_large_image\" \/>\n<meta name=\"twitter:label1\" content=\"Est. reading time\" \/>\n\t<meta name=\"twitter:data1\" content=\"2 minutes\" \/>\n<script type=\"application\/ld+json\" class=\"yoast-schema-graph\">{\"@context\":\"https:\/\/schema.org\",\"@graph\":[{\"@type\":\"WebPage\",\"@id\":\"https:\/\/arsenal24.pl\/produkt\/pistolet-ruger-mark-iv-tactical-22-lr-arsenal-sklep\/\",\"url\":\"https:\/\/arsenal24.pl\/produkt\/pistolet-ruger-mark-iv-tactical-22-lr-arsenal-sklep\/\",\"name\":\"Pistolet Ruger Mark IV Tactical .22 LR - Arsena\u0142 Sklep\",\"isPartOf\":{\"@id\":\"https:\/\/arsenal24.pl\/#website\"},\"primaryImageOfPage\":{\"@id\":\"https:\/\/arsenal24.pl\/produkt\/pistolet-ruger-mark-iv-tactical-22-lr-arsenal-sklep\/#primaryimage\"},\"image\":{\"@id\":\"https:\/\/arsenal24.pl\/produkt\/pistolet-ruger-mark-iv-tactical-22-lr-arsenal-sklep\/#primaryimage\"},\"thumbnailUrl\":\"https:\/\/arsenal24.pl\/wp-content\/uploads\/2025\/05\/ruger-mark-iv-tactical-40150-.jpg\",\"datePublished\":\"2025-05-29T09:30:57+00:00\",\"dateModified\":\"2026-04-08T13:34:59+00:00\",\"description\":\"Lufa kuta na zimno zapewnia wyj\u0105tkow\u0105 precyzj\u0119, celno\u015b\u0107 i d\u0142ugowieczno\u015b\u0107.Lufa zako\u0144czona gwintem \u00a01\/2\\\"-28. Przyrz\u0105dy: Zintegrowane, regulowana szczerbinka\",\"breadcrumb\":{\"@id\":\"https:\/\/arsenal24.pl\/produkt\/pistolet-ruger-mark-iv-tactical-22-lr-arsenal-sklep\/#breadcrumb\"},\"inLanguage\":\"en-US\",\"potentialAction\":[{\"@type\":\"ReadAction\",\"target\":[\"https:\/\/arsenal24.pl\/produkt\/pistolet-ruger-mark-iv-tactical-22-lr-arsenal-sklep\/\"]}]},{\"@type\":\"ImageObject\",\"inLanguage\":\"en-US\",\"@id\":\"https:\/\/arsenal24.pl\/produkt\/pistolet-ruger-mark-iv-tactical-22-lr-arsenal-sklep\/#primaryimage\",\"url\":\"https:\/\/arsenal24.pl\/wp-content\/uploads\/2025\/05\/ruger-mark-iv-tactical-40150-.jpg\",\"contentUrl\":\"https:\/\/arsenal24.pl\/wp-content\/uploads\/2025\/05\/ruger-mark-iv-tactical-40150-.jpg\",\"width\":1200,\"height\":1200},{\"@type\":\"BreadcrumbList\",\"@id\":\"https:\/\/arsenal24.pl\/produkt\/pistolet-ruger-mark-iv-tactical-22-lr-arsenal-sklep\/#breadcrumb\",\"itemListElement\":[{\"@type\":\"ListItem\",\"position\":1,\"name\":\"Strona g\u0142\u00f3wna\",\"item\":\"https:\/\/arsenal24.pl\/\"},{\"@type\":\"ListItem\",\"position\":2,\"name\":\"Sklep\",\"item\":\"https:\/\/arsenal24.pl\/sklep\/\"},{\"@type\":\"ListItem\",\"position\":3,\"name\":\"Pistolet Ruger Mark IV Tactical .22 LR\"}]},{\"@type\":\"WebSite\",\"@id\":\"https:\/\/arsenal24.pl\/#website\",\"url\":\"https:\/\/arsenal24.pl\/\",\"name\":\"Arsena\u0142 - Profesjonalny sklep z broni\u0105 i akcesoriami\",\"description\":\"\",\"publisher\":{\"@id\":\"https:\/\/arsenal24.pl\/#organization\"},\"potentialAction\":[{\"@type\":\"SearchAction\",\"target\":{\"@type\":\"EntryPoint\",\"urlTemplate\":\"https:\/\/arsenal24.pl\/?s={search_term_string}\"},\"query-input\":{\"@type\":\"PropertyValueSpecification\",\"valueRequired\":true,\"valueName\":\"search_term_string\"}}],\"inLanguage\":\"en-US\"},{\"@type\":\"Organization\",\"@id\":\"https:\/\/arsenal24.pl\/#organization\",\"name\":\"Arsena\u0142 - Profesjonalny sklep z broni\u0105 i akcesoriami\",\"url\":\"https:\/\/arsenal24.pl\/\",\"logo\":{\"@type\":\"ImageObject\",\"inLanguage\":\"en-US\",\"@id\":\"https:\/\/arsenal24.pl\/#\/schema\/logo\/image\/\",\"url\":\"https:\/\/server568771.nazwa.pl\/arse\/wp-content\/uploads\/2024\/03\/arsenal-24-logo.png\",\"contentUrl\":\"https:\/\/server568771.nazwa.pl\/arse\/wp-content\/uploads\/2024\/03\/arsenal-24-logo.png\",\"width\":140,\"height\":140,\"caption\":\"Arsena\u0142 - Profesjonalny sklep z broni\u0105 i akcesoriami\"},\"image\":{\"@id\":\"https:\/\/arsenal24.pl\/#\/schema\/logo\/image\/\"},\"sameAs\":[\"https:\/\/www.facebook.com\/people\/Arsena-Sklep\/100035187290806\/?locale=pl_PL&paipv=0&eav=AfaBd4HS6M2sZy5PxVGmBIZx9hgg_97kXvqKJ8pngB-S_qRYY5xCeE23HjB7T-5FY6o&_rdr\"]}]}<\/script>\n<!-- \/ Yoast SEO Premium plugin. -->","yoast_head_json":{"title":"Pistolet Ruger Mark IV Tactical .22 LR - Arsena\u0142 Sklep","description":"Lufa kuta na zimno zapewnia wyj\u0105tkow\u0105 precyzj\u0119, celno\u015b\u0107 i d\u0142ugowieczno\u015b\u0107.Lufa zako\u0144czona gwintem \u00a01\/2\"-28. Przyrz\u0105dy: Zintegrowane, regulowana szczerbinka","robots":{"index":"index","follow":"follow","max-snippet":"max-snippet:-1","max-image-preview":"max-image-preview:large","max-video-preview":"max-video-preview:-1"},"canonical":"https:\/\/arsenal24.pl\/en\/product\/pistolet-ruger-mark-iv-tactical-22-lr-arsenal-sklep\/","og_locale":"en_US","og_type":"article","og_title":"Pistolet Ruger Mark IV Tactical .22 LR","og_description":"Lufa kuta na zimno zapewnia wyj\u0105tkow\u0105 precyzj\u0119, celno\u015b\u0107 i d\u0142ugowieczno\u015b\u0107.Lufa zako\u0144czona gwintem \u00a01\/2\"-28. Przyrz\u0105dy: Zintegrowane, regulowana szczerbinka","og_url":"https:\/\/arsenal24.pl\/en\/product\/pistolet-ruger-mark-iv-tactical-22-lr-arsenal-sklep\/","og_site_name":"Arsena\u0142 - Profesjonalny sklep z broni\u0105 i akcesoriami","article_publisher":"https:\/\/www.facebook.com\/people\/Arsena-Sklep\/100035187290806\/?locale=pl_PL&paipv=0&eav=AfaBd4HS6M2sZy5PxVGmBIZx9hgg_97kXvqKJ8pngB-S_qRYY5xCeE23HjB7T-5FY6o&_rdr","article_modified_time":"2026-04-08T13:34:59+00:00","og_image":[{"width":1200,"height":1200,"url":"https:\/\/arsenal24.pl\/wp-content\/uploads\/2025\/05\/ruger-mark-iv-tactical-40150-.jpg","type":"image\/jpeg"}],"twitter_card":"summary_large_image","twitter_misc":{"Est. reading time":"2 minutes"},"schema":{"@context":"https:\/\/schema.org","@graph":[{"@type":"WebPage","@id":"https:\/\/arsenal24.pl\/produkt\/pistolet-ruger-mark-iv-tactical-22-lr-arsenal-sklep\/","url":"https:\/\/arsenal24.pl\/produkt\/pistolet-ruger-mark-iv-tactical-22-lr-arsenal-sklep\/","name":"Pistolet Ruger Mark IV Tactical .22 LR - Arsena\u0142 Sklep","isPartOf":{"@id":"https:\/\/arsenal24.pl\/#website"},"primaryImageOfPage":{"@id":"https:\/\/arsenal24.pl\/produkt\/pistolet-ruger-mark-iv-tactical-22-lr-arsenal-sklep\/#primaryimage"},"image":{"@id":"https:\/\/arsenal24.pl\/produkt\/pistolet-ruger-mark-iv-tactical-22-lr-arsenal-sklep\/#primaryimage"},"thumbnailUrl":"https:\/\/arsenal24.pl\/wp-content\/uploads\/2025\/05\/ruger-mark-iv-tactical-40150-.jpg","datePublished":"2025-05-29T09:30:57+00:00","dateModified":"2026-04-08T13:34:59+00:00","description":"Lufa kuta na zimno zapewnia wyj\u0105tkow\u0105 precyzj\u0119, celno\u015b\u0107 i d\u0142ugowieczno\u015b\u0107.Lufa zako\u0144czona gwintem \u00a01\/2\"-28. Przyrz\u0105dy: Zintegrowane, regulowana szczerbinka","breadcrumb":{"@id":"https:\/\/arsenal24.pl\/produkt\/pistolet-ruger-mark-iv-tactical-22-lr-arsenal-sklep\/#breadcrumb"},"inLanguage":"en-US","potentialAction":[{"@type":"ReadAction","target":["https:\/\/arsenal24.pl\/produkt\/pistolet-ruger-mark-iv-tactical-22-lr-arsenal-sklep\/"]}]},{"@type":"ImageObject","inLanguage":"en-US","@id":"https:\/\/arsenal24.pl\/produkt\/pistolet-ruger-mark-iv-tactical-22-lr-arsenal-sklep\/#primaryimage","url":"https:\/\/arsenal24.pl\/wp-content\/uploads\/2025\/05\/ruger-mark-iv-tactical-40150-.jpg","contentUrl":"https:\/\/arsenal24.pl\/wp-content\/uploads\/2025\/05\/ruger-mark-iv-tactical-40150-.jpg","width":1200,"height":1200},{"@type":"BreadcrumbList","@id":"https:\/\/arsenal24.pl\/produkt\/pistolet-ruger-mark-iv-tactical-22-lr-arsenal-sklep\/#breadcrumb","itemListElement":[{"@type":"ListItem","position":1,"name":"Strona g\u0142\u00f3wna","item":"https:\/\/arsenal24.pl\/"},{"@type":"ListItem","position":2,"name":"Sklep","item":"https:\/\/arsenal24.pl\/sklep\/"},{"@type":"ListItem","position":3,"name":"Pistolet Ruger Mark IV Tactical .22 LR"}]},{"@type":"WebSite","@id":"https:\/\/arsenal24.pl\/#website","url":"https:\/\/arsenal24.pl\/","name":"Arsenal - Professional store with weapons and accessories","description":"","publisher":{"@id":"https:\/\/arsenal24.pl\/#organization"},"potentialAction":[{"@type":"SearchAction","target":{"@type":"EntryPoint","urlTemplate":"https:\/\/arsenal24.pl\/?s={search_term_string}"},"query-input":{"@type":"PropertyValueSpecification","valueRequired":true,"valueName":"search_term_string"}}],"inLanguage":"en-US"},{"@type":"Organization","@id":"https:\/\/arsenal24.pl\/#organization","name":"Arsenal - Professional store with weapons and accessories","url":"https:\/\/arsenal24.pl\/","logo":{"@type":"ImageObject","inLanguage":"en-US","@id":"https:\/\/arsenal24.pl\/#\/schema\/logo\/image\/","url":"https:\/\/server568771.nazwa.pl\/arse\/wp-content\/uploads\/2024\/03\/arsenal-24-logo.png","contentUrl":"https:\/\/server568771.nazwa.pl\/arse\/wp-content\/uploads\/2024\/03\/arsenal-24-logo.png","width":140,"height":140,"caption":"Arsena\u0142 - Profesjonalny sklep z broni\u0105 i akcesoriami"},"image":{"@id":"https:\/\/arsenal24.pl\/#\/schema\/logo\/image\/"},"sameAs":["https:\/\/www.facebook.com\/people\/Arsena-Sklep\/100035187290806\/?locale=pl_PL&paipv=0&eav=AfaBd4HS6M2sZy5PxVGmBIZx9hgg_97kXvqKJ8pngB-S_qRYY5xCeE23HjB7T-5FY6o&_rdr"]}]}},"_links":{"self":[{"href":"https:\/\/arsenal24.pl\/en\/wp-json\/wp\/v2\/product\/6897","targetHints":{"allow":["GET"]}}],"collection":[{"href":"https:\/\/arsenal24.pl\/en\/wp-json\/wp\/v2\/product"}],"about":[{"href":"https:\/\/arsenal24.pl\/en\/wp-json\/wp\/v2\/types\/product"}],"version-history":[{"count":3,"href":"https:\/\/arsenal24.pl\/en\/wp-json\/wp\/v2\/product\/6897\/revisions"}],"predecessor-version":[{"id":6911,"href":"https:\/\/arsenal24.pl\/en\/wp-json\/wp\/v2\/product\/6897\/revisions\/6911"}],"wp:featuredmedia":[{"embeddable":true,"href":"https:\/\/arsenal24.pl\/en\/wp-json\/wp\/v2\/media\/6901"}],"wp:attachment":[{"href":"https:\/\/arsenal24.pl\/en\/wp-json\/wp\/v2\/media?parent=6897"}],"wp:term":[{"taxonomy":"brand","embeddable":true,"href":"https:\/\/arsenal24.pl\/en\/wp-json\/wp\/v2\/etheme_brands?post=6897"},{"taxonomy":"product_brand","embeddable":true,"href":"https:\/\/arsenal24.pl\/en\/wp-json\/wp\/v2\/product_brand?post=6897"},{"taxonomy":"product_cat","embeddable":true,"href":"https:\/\/arsenal24.pl\/en\/wp-json\/wp\/v2\/product_cat?post=6897"},{"taxonomy":"product_tag","embeddable":true,"href":"https:\/\/arsenal24.pl\/en\/wp-json\/wp\/v2\/product_tag?post=6897"}],"curies":[{"name":"wp","href":"https:\/\/api.w.org\/{rel}","templated":true}]}}