{"id":6866,"date":"2025-04-29T18:37:02","date_gmt":"2025-04-29T16:37:02","guid":{"rendered":"https:\/\/arsenal24.pl\/?post_type=product&#038;p=6866"},"modified":"2026-04-08T15:36:42","modified_gmt":"2026-04-08T13:36:42","slug":"ruger-10-22-compact-22lr-arsenal-sklep","status":"publish","type":"product","link":"https:\/\/arsenal24.pl\/en\/product\/ruger-10-22-compact-22lr-arsenal-sklep\/","title":{"rendered":"Ruger 10\/22 Compact .22LR"},"content":{"rendered":"<p>Zesp\u00f3\u0142 spustu z wytrzyma\u0142ego polimeru i w\u0142\u00f3kna szklanego, odporna na warunki atmosferyczne konstrukcja oraz 10-nabojowy obrotowy magazynek sprawiaj\u0105, \u017ce bro\u0144 jest niezawodna i wygodna w obs\u0142udze. W zestawie znajduje si\u0119 szyna Weaver do monta\u017cu optyki.<\/p>\n<h3>Najwa\u017cniejsze cechy:<\/h3>\n<ul>\n<li>Modu\u0142owy system kolbowy Ruger\u00ae zawiera nisk\u0105 wymienn\u0105 bak\u0119 policzkow\u0105. Wy\u017csze baki policzkowe dost\u0119pne s\u0105 w dziale akcesoria<\/li>\n<li>Legendarna i sprawdzona konstrukcja Rugera zapewniaj\u0105ca wysok\u0105 precyzj\u0119 oraz jako\u015b\u0107<\/li>\n<li>Opatentowany, 10-nabojowy obrotowy magazynek<\/li>\n<li>Wyd\u0142u\u017cony zwalniacz magazynka zapewnia szybk\u0105 i p\u0142ynn\u0105 wymian\u0119<\/li>\n<li>Kuta na zimno lufa, osadzona w komorze zamkowej dzi\u0119ki unikalnemu dwu\u015brubowemu systemu V-block<\/li>\n<li>Znajduj\u0105cy si\u0119 za kab\u0142\u0105kiem widoczny i \u0142atwy w obs\u0142udze bezpiecznik<\/li>\n<li>Zesp\u00f3\u0142 obudowy spustu wykonany z polimeru i w\u0142\u00f3kna szklanego. Zapewnia to odporno\u015b\u0107 na uderzenia i \u015bcieranie oraz niezr\u00f3wnan\u0105 odporno\u015b\u0107 na warunki atmosferyczne<\/li>\n<li>W zestawie szyna Weaver do monta\u017cu optyki<\/li>\n<li>Po\u0142\u0105czona kolba z osad\u0105 tworz\u0105 klasyczne linie dla atrakcyjnego wygl\u0105du<\/li>\n<li>\u015awiat\u0142owodowa muszka i regulowana \u015bwiat\u0142owodowa szczerbinka<\/li>\n<\/ul>\n<p>&nbsp;<\/p>\n<h3>Specification:<\/h3>\n<ul>\n<li>Kaliber: .22LR<\/li>\n<li>D\u0142ugo\u015b\u0107 lufy: 16,12&#8243;<\/li>\n<li>Pojemno\u015b\u0107 magazynka: 10<\/li>\n<li>Materia\u0142 zamka: \u00a0Stal nierdzewna<\/li>\n<li>Materia\u0142 lufy: Stal stopowa kuta na zimno<\/li>\n<li>Skok gwintu lufy: 1:16 RH<\/li>\n<li>kolba: Synthetic<\/li>\n<li>Szyna monta\u017cowa: Picatinny \/ Weaver<\/li>\n<li>Przyrz\u0105dy celownicze: \u015awiat\u0142owodowa muszka, regulowana \u015bwiat\u0142owodowa szczerbinka<\/li>\n<li>Wyko\u0144czenie: Oksyda<\/li>\n<li>Waga: 1996 g<\/li>\n<li>D\u0142ugo\u015b\u0107 ca\u0142kowita: 86,4 cm<\/li>\n<\/ul>","protected":false},"excerpt":{"rendered":"<p>Karabin Ruger 31114 w kalibrze .22LR to po\u0142\u0105czenie legendarnej precyzji z nowoczesnymi rozwi\u0105zaniami. Kuta na zimno lufa i system V-block zapewniaj\u0105 wysok\u0105 celno\u015b\u0107, a \u015bwiat\u0142owodowa muszka i regulowana szczerbinka gwarantuj\u0105 szybkie i precyzyjne namierzenie celu. Modu\u0142owa kolba z wymienn\u0105 bak\u0105 policzkow\u0105 pozwala dopasowa\u0107 bro\u0144 do w\u0142asnych preferencji.<\/p>","protected":false},"featured_media":6868,"template":"","meta":[],"etheme_brands":[],"product_brand":[],"product_cat":[71],"product_tag":[],"class_list":{"0":"post-6866","1":"product","2":"type-product","3":"status-publish","4":"has-post-thumbnail","6":"product_cat-bron-bocznego-zaplonu","8":"first","9":"instock","10":"shipping-taxable","11":"purchasable","12":"product-type-simple"},"yoast_head":"<!-- This site is optimized with the Yoast SEO Premium plugin v24.0 (Yoast SEO v26.0) - https:\/\/yoast.com\/wordpress\/plugins\/seo\/ -->\n<title>Ruger 10\/22 Compact .22LR - Arsena\u0142 Sklep<\/title>\n<meta name=\"description\" content=\"Lekka i precyzyjna wiatr\u00f3wka Ruger\u00ae .22LR z 10-nabojowym magazynkiem, \u015bwiat\u0142owodowymi przyrz\u0105dami i modu\u0142ow\u0105 kolb\u0105 z wymienn\u0105 bak\u0105 policzkow\u0105.\" \/>\n<meta name=\"robots\" content=\"index, follow, max-snippet:-1, max-image-preview:large, max-video-preview:-1\" \/>\n<link rel=\"canonical\" href=\"https:\/\/arsenal24.pl\/en\/product\/ruger-10-22-compact-22lr-arsenal-sklep\/\" \/>\n<meta property=\"og:locale\" content=\"en_US\" \/>\n<meta property=\"og:type\" content=\"article\" \/>\n<meta property=\"og:title\" content=\"Ruger 10\/22 Compact .22LR\" \/>\n<meta property=\"og:description\" content=\"Lekka i precyzyjna wiatr\u00f3wka Ruger\u00ae .22LR z 10-nabojowym magazynkiem, \u015bwiat\u0142owodowymi przyrz\u0105dami i modu\u0142ow\u0105 kolb\u0105 z wymienn\u0105 bak\u0105 policzkow\u0105.\" \/>\n<meta property=\"og:url\" content=\"https:\/\/arsenal24.pl\/en\/product\/ruger-10-22-compact-22lr-arsenal-sklep\/\" \/>\n<meta property=\"og:site_name\" content=\"Arsena\u0142 - Profesjonalny sklep z broni\u0105 i akcesoriami\" \/>\n<meta property=\"article:publisher\" content=\"https:\/\/www.facebook.com\/people\/Arsena-Sklep\/100035187290806\/?locale=pl_PL&amp;paipv=0&amp;eav=AfaBd4HS6M2sZy5PxVGmBIZx9hgg_97kXvqKJ8pngB-S_qRYY5xCeE23HjB7T-5FY6o&amp;_rdr\" \/>\n<meta property=\"article:modified_time\" content=\"2026-04-08T13:36:42+00:00\" \/>\n<meta property=\"og:image\" content=\"https:\/\/arsenal24.pl\/wp-content\/uploads\/2025\/04\/ruger-10-22-compact-31114-3.webp\" \/>\n\t<meta property=\"og:image:width\" content=\"1400\" \/>\n\t<meta property=\"og:image:height\" content=\"1400\" \/>\n\t<meta property=\"og:image:type\" content=\"image\/webp\" \/>\n<meta name=\"twitter:card\" content=\"summary_large_image\" \/>\n<meta name=\"twitter:label1\" content=\"Est. reading time\" \/>\n\t<meta name=\"twitter:data1\" content=\"2 minutes\" \/>\n<script type=\"application\/ld+json\" class=\"yoast-schema-graph\">{\"@context\":\"https:\/\/schema.org\",\"@graph\":[{\"@type\":\"WebPage\",\"@id\":\"https:\/\/arsenal24.pl\/produkt\/ruger-10-22-compact-22lr-arsenal-sklep\/\",\"url\":\"https:\/\/arsenal24.pl\/produkt\/ruger-10-22-compact-22lr-arsenal-sklep\/\",\"name\":\"Ruger 10\/22 Compact .22LR - Arsena\u0142 Sklep\",\"isPartOf\":{\"@id\":\"https:\/\/arsenal24.pl\/#website\"},\"primaryImageOfPage\":{\"@id\":\"https:\/\/arsenal24.pl\/produkt\/ruger-10-22-compact-22lr-arsenal-sklep\/#primaryimage\"},\"image\":{\"@id\":\"https:\/\/arsenal24.pl\/produkt\/ruger-10-22-compact-22lr-arsenal-sklep\/#primaryimage\"},\"thumbnailUrl\":\"https:\/\/arsenal24.pl\/wp-content\/uploads\/2025\/04\/ruger-10-22-compact-31114-3.webp\",\"datePublished\":\"2025-04-29T16:37:02+00:00\",\"dateModified\":\"2026-04-08T13:36:42+00:00\",\"description\":\"Lekka i precyzyjna wiatr\u00f3wka Ruger\u00ae .22LR z 10-nabojowym magazynkiem, \u015bwiat\u0142owodowymi przyrz\u0105dami i modu\u0142ow\u0105 kolb\u0105 z wymienn\u0105 bak\u0105 policzkow\u0105.\",\"breadcrumb\":{\"@id\":\"https:\/\/arsenal24.pl\/produkt\/ruger-10-22-compact-22lr-arsenal-sklep\/#breadcrumb\"},\"inLanguage\":\"en-US\",\"potentialAction\":[{\"@type\":\"ReadAction\",\"target\":[\"https:\/\/arsenal24.pl\/produkt\/ruger-10-22-compact-22lr-arsenal-sklep\/\"]}]},{\"@type\":\"ImageObject\",\"inLanguage\":\"en-US\",\"@id\":\"https:\/\/arsenal24.pl\/produkt\/ruger-10-22-compact-22lr-arsenal-sklep\/#primaryimage\",\"url\":\"https:\/\/arsenal24.pl\/wp-content\/uploads\/2025\/04\/ruger-10-22-compact-31114-3.webp\",\"contentUrl\":\"https:\/\/arsenal24.pl\/wp-content\/uploads\/2025\/04\/ruger-10-22-compact-31114-3.webp\",\"width\":1400,\"height\":1400},{\"@type\":\"BreadcrumbList\",\"@id\":\"https:\/\/arsenal24.pl\/produkt\/ruger-10-22-compact-22lr-arsenal-sklep\/#breadcrumb\",\"itemListElement\":[{\"@type\":\"ListItem\",\"position\":1,\"name\":\"Strona g\u0142\u00f3wna\",\"item\":\"https:\/\/arsenal24.pl\/\"},{\"@type\":\"ListItem\",\"position\":2,\"name\":\"Sklep\",\"item\":\"https:\/\/arsenal24.pl\/sklep\/\"},{\"@type\":\"ListItem\",\"position\":3,\"name\":\"Ruger 10\/22 Compact .22LR\"}]},{\"@type\":\"WebSite\",\"@id\":\"https:\/\/arsenal24.pl\/#website\",\"url\":\"https:\/\/arsenal24.pl\/\",\"name\":\"Arsena\u0142 - Profesjonalny sklep z broni\u0105 i akcesoriami\",\"description\":\"\",\"publisher\":{\"@id\":\"https:\/\/arsenal24.pl\/#organization\"},\"potentialAction\":[{\"@type\":\"SearchAction\",\"target\":{\"@type\":\"EntryPoint\",\"urlTemplate\":\"https:\/\/arsenal24.pl\/?s={search_term_string}\"},\"query-input\":{\"@type\":\"PropertyValueSpecification\",\"valueRequired\":true,\"valueName\":\"search_term_string\"}}],\"inLanguage\":\"en-US\"},{\"@type\":\"Organization\",\"@id\":\"https:\/\/arsenal24.pl\/#organization\",\"name\":\"Arsena\u0142 - Profesjonalny sklep z broni\u0105 i akcesoriami\",\"url\":\"https:\/\/arsenal24.pl\/\",\"logo\":{\"@type\":\"ImageObject\",\"inLanguage\":\"en-US\",\"@id\":\"https:\/\/arsenal24.pl\/#\/schema\/logo\/image\/\",\"url\":\"https:\/\/server568771.nazwa.pl\/arse\/wp-content\/uploads\/2024\/03\/arsenal-24-logo.png\",\"contentUrl\":\"https:\/\/server568771.nazwa.pl\/arse\/wp-content\/uploads\/2024\/03\/arsenal-24-logo.png\",\"width\":140,\"height\":140,\"caption\":\"Arsena\u0142 - Profesjonalny sklep z broni\u0105 i akcesoriami\"},\"image\":{\"@id\":\"https:\/\/arsenal24.pl\/#\/schema\/logo\/image\/\"},\"sameAs\":[\"https:\/\/www.facebook.com\/people\/Arsena-Sklep\/100035187290806\/?locale=pl_PL&paipv=0&eav=AfaBd4HS6M2sZy5PxVGmBIZx9hgg_97kXvqKJ8pngB-S_qRYY5xCeE23HjB7T-5FY6o&_rdr\"]}]}<\/script>\n<!-- \/ Yoast SEO Premium plugin. -->","yoast_head_json":{"title":"Ruger 10\/22 Compact .22LR - Arsena\u0142 Sklep","description":"Lekka i precyzyjna wiatr\u00f3wka Ruger\u00ae .22LR z 10-nabojowym magazynkiem, \u015bwiat\u0142owodowymi przyrz\u0105dami i modu\u0142ow\u0105 kolb\u0105 z wymienn\u0105 bak\u0105 policzkow\u0105.","robots":{"index":"index","follow":"follow","max-snippet":"max-snippet:-1","max-image-preview":"max-image-preview:large","max-video-preview":"max-video-preview:-1"},"canonical":"https:\/\/arsenal24.pl\/en\/product\/ruger-10-22-compact-22lr-arsenal-sklep\/","og_locale":"en_US","og_type":"article","og_title":"Ruger 10\/22 Compact .22LR","og_description":"Lekka i precyzyjna wiatr\u00f3wka Ruger\u00ae .22LR z 10-nabojowym magazynkiem, \u015bwiat\u0142owodowymi przyrz\u0105dami i modu\u0142ow\u0105 kolb\u0105 z wymienn\u0105 bak\u0105 policzkow\u0105.","og_url":"https:\/\/arsenal24.pl\/en\/product\/ruger-10-22-compact-22lr-arsenal-sklep\/","og_site_name":"Arsena\u0142 - Profesjonalny sklep z broni\u0105 i akcesoriami","article_publisher":"https:\/\/www.facebook.com\/people\/Arsena-Sklep\/100035187290806\/?locale=pl_PL&paipv=0&eav=AfaBd4HS6M2sZy5PxVGmBIZx9hgg_97kXvqKJ8pngB-S_qRYY5xCeE23HjB7T-5FY6o&_rdr","article_modified_time":"2026-04-08T13:36:42+00:00","og_image":[{"width":1400,"height":1400,"url":"https:\/\/arsenal24.pl\/wp-content\/uploads\/2025\/04\/ruger-10-22-compact-31114-3.webp","type":"image\/webp"}],"twitter_card":"summary_large_image","twitter_misc":{"Est. reading time":"2 minutes"},"schema":{"@context":"https:\/\/schema.org","@graph":[{"@type":"WebPage","@id":"https:\/\/arsenal24.pl\/produkt\/ruger-10-22-compact-22lr-arsenal-sklep\/","url":"https:\/\/arsenal24.pl\/produkt\/ruger-10-22-compact-22lr-arsenal-sklep\/","name":"Ruger 10\/22 Compact .22LR - Arsena\u0142 Sklep","isPartOf":{"@id":"https:\/\/arsenal24.pl\/#website"},"primaryImageOfPage":{"@id":"https:\/\/arsenal24.pl\/produkt\/ruger-10-22-compact-22lr-arsenal-sklep\/#primaryimage"},"image":{"@id":"https:\/\/arsenal24.pl\/produkt\/ruger-10-22-compact-22lr-arsenal-sklep\/#primaryimage"},"thumbnailUrl":"https:\/\/arsenal24.pl\/wp-content\/uploads\/2025\/04\/ruger-10-22-compact-31114-3.webp","datePublished":"2025-04-29T16:37:02+00:00","dateModified":"2026-04-08T13:36:42+00:00","description":"Lekka i precyzyjna wiatr\u00f3wka Ruger\u00ae .22LR z 10-nabojowym magazynkiem, \u015bwiat\u0142owodowymi przyrz\u0105dami i modu\u0142ow\u0105 kolb\u0105 z wymienn\u0105 bak\u0105 policzkow\u0105.","breadcrumb":{"@id":"https:\/\/arsenal24.pl\/produkt\/ruger-10-22-compact-22lr-arsenal-sklep\/#breadcrumb"},"inLanguage":"en-US","potentialAction":[{"@type":"ReadAction","target":["https:\/\/arsenal24.pl\/produkt\/ruger-10-22-compact-22lr-arsenal-sklep\/"]}]},{"@type":"ImageObject","inLanguage":"en-US","@id":"https:\/\/arsenal24.pl\/produkt\/ruger-10-22-compact-22lr-arsenal-sklep\/#primaryimage","url":"https:\/\/arsenal24.pl\/wp-content\/uploads\/2025\/04\/ruger-10-22-compact-31114-3.webp","contentUrl":"https:\/\/arsenal24.pl\/wp-content\/uploads\/2025\/04\/ruger-10-22-compact-31114-3.webp","width":1400,"height":1400},{"@type":"BreadcrumbList","@id":"https:\/\/arsenal24.pl\/produkt\/ruger-10-22-compact-22lr-arsenal-sklep\/#breadcrumb","itemListElement":[{"@type":"ListItem","position":1,"name":"Strona g\u0142\u00f3wna","item":"https:\/\/arsenal24.pl\/"},{"@type":"ListItem","position":2,"name":"Sklep","item":"https:\/\/arsenal24.pl\/sklep\/"},{"@type":"ListItem","position":3,"name":"Ruger 10\/22 Compact .22LR"}]},{"@type":"WebSite","@id":"https:\/\/arsenal24.pl\/#website","url":"https:\/\/arsenal24.pl\/","name":"Arsenal - Professional store with weapons and accessories","description":"","publisher":{"@id":"https:\/\/arsenal24.pl\/#organization"},"potentialAction":[{"@type":"SearchAction","target":{"@type":"EntryPoint","urlTemplate":"https:\/\/arsenal24.pl\/?s={search_term_string}"},"query-input":{"@type":"PropertyValueSpecification","valueRequired":true,"valueName":"search_term_string"}}],"inLanguage":"en-US"},{"@type":"Organization","@id":"https:\/\/arsenal24.pl\/#organization","name":"Arsenal - Professional store with weapons and accessories","url":"https:\/\/arsenal24.pl\/","logo":{"@type":"ImageObject","inLanguage":"en-US","@id":"https:\/\/arsenal24.pl\/#\/schema\/logo\/image\/","url":"https:\/\/server568771.nazwa.pl\/arse\/wp-content\/uploads\/2024\/03\/arsenal-24-logo.png","contentUrl":"https:\/\/server568771.nazwa.pl\/arse\/wp-content\/uploads\/2024\/03\/arsenal-24-logo.png","width":140,"height":140,"caption":"Arsena\u0142 - Profesjonalny sklep z broni\u0105 i akcesoriami"},"image":{"@id":"https:\/\/arsenal24.pl\/#\/schema\/logo\/image\/"},"sameAs":["https:\/\/www.facebook.com\/people\/Arsena-Sklep\/100035187290806\/?locale=pl_PL&paipv=0&eav=AfaBd4HS6M2sZy5PxVGmBIZx9hgg_97kXvqKJ8pngB-S_qRYY5xCeE23HjB7T-5FY6o&_rdr"]}]}},"_links":{"self":[{"href":"https:\/\/arsenal24.pl\/en\/wp-json\/wp\/v2\/product\/6866","targetHints":{"allow":["GET"]}}],"collection":[{"href":"https:\/\/arsenal24.pl\/en\/wp-json\/wp\/v2\/product"}],"about":[{"href":"https:\/\/arsenal24.pl\/en\/wp-json\/wp\/v2\/types\/product"}],"version-history":[{"count":1,"href":"https:\/\/arsenal24.pl\/en\/wp-json\/wp\/v2\/product\/6866\/revisions"}],"predecessor-version":[{"id":6867,"href":"https:\/\/arsenal24.pl\/en\/wp-json\/wp\/v2\/product\/6866\/revisions\/6867"}],"wp:featuredmedia":[{"embeddable":true,"href":"https:\/\/arsenal24.pl\/en\/wp-json\/wp\/v2\/media\/6868"}],"wp:attachment":[{"href":"https:\/\/arsenal24.pl\/en\/wp-json\/wp\/v2\/media?parent=6866"}],"wp:term":[{"taxonomy":"brand","embeddable":true,"href":"https:\/\/arsenal24.pl\/en\/wp-json\/wp\/v2\/etheme_brands?post=6866"},{"taxonomy":"product_brand","embeddable":true,"href":"https:\/\/arsenal24.pl\/en\/wp-json\/wp\/v2\/product_brand?post=6866"},{"taxonomy":"product_cat","embeddable":true,"href":"https:\/\/arsenal24.pl\/en\/wp-json\/wp\/v2\/product_cat?post=6866"},{"taxonomy":"product_tag","embeddable":true,"href":"https:\/\/arsenal24.pl\/en\/wp-json\/wp\/v2\/product_tag?post=6866"}],"curies":[{"name":"wp","href":"https:\/\/api.w.org\/{rel}","templated":true}]}}