{"id":6833,"date":"2025-04-29T17:57:09","date_gmt":"2025-04-29T15:57:09","guid":{"rendered":"https:\/\/arsenal24.pl\/?post_type=product&#038;p=6833"},"modified":"2026-04-08T15:36:26","modified_gmt":"2026-04-08T13:36:26","slug":"ruger-10-22-sporter-orzech-ss-22lr-arsenal-sklep","status":"publish","type":"product","link":"https:\/\/arsenal24.pl\/en\/product\/ruger-10-22-sporter-orzech-ss-22lr-arsenal-sklep\/","title":{"rendered":"Ruger 10\/22 Sporter &#8211; Orzech &#8211; SS .22LR"},"content":{"rendered":"<article class=\"text-token-text-primary w-full\" dir=\"auto\" data-testid=\"conversation-turn-10\" data-scroll-anchor=\"true\">\n<div class=\"text-base my-auto mx-auto py-5 [--thread-content-margin:--spacing(4)] @[37rem]:[--thread-content-margin:--spacing(6)] @[70rem]:[--thread-content-margin:--spacing(12)] px-(--thread-content-margin)\">\n<div class=\"[--thread-content-max-width:32rem] @[34rem]:[--thread-content-max-width:40rem] @[64rem]:[--thread-content-max-width:48rem] mx-auto flex max-w-(--thread-content-max-width) flex-1 text-base gap-4 md:gap-5 lg:gap-6 group\/turn-messages focus-visible:outline-hidden\" tabindex=\"-1\">\n<div class=\"group\/conversation-turn relative flex w-full min-w-0 flex-col agent-turn\">\n<div class=\"relative flex-col gap-1 md:gap-3\">\n<div class=\"flex max-w-full flex-col grow\">\n<div class=\"min-h-8 text-message relative flex w-full flex-col items-end gap-2 text-start break-words whitespace-normal [.text-message+&amp;]:mt-5\" dir=\"auto\" data-message-author-role=\"assistant\" data-message-id=\"ee1adf11-300a-450e-9b4c-89336e6d443f\" data-message-model-slug=\"gpt-4o\">\n<div class=\"flex w-full flex-col gap-1 empty:hidden first:pt-[3px]\">\n<p>Drewniana kolba w kolorze orzech nadaje karabinowi elegancki, klasyczny wygl\u0105d. Bro\u0144 posiada fabryczne mocowania pasa oraz szyn\u0119 Weaver do monta\u017cu optyki. Regulowana szczerbinka i sta\u0142a muszka umo\u017cliwiaj\u0105 precyzyjne celowanie bez dodatkowego wyposa\u017cenia. Dzi\u0119ki niezawodno\u015bci i jako\u015bci wykonania, to doskona\u0142y wyb\u00f3r zar\u00f3wno dla pocz\u0105tkuj\u0105cych, jak i do\u015bwiadczonych strzelc\u00f3w.<\/p>\n<h3>Najwa\u017cniejsze cechy:<\/h3>\n<ul>\n<li>Legendarna i sprawdzona konstrukcja Rugera zapewniaj\u0105ca wysok\u0105 precyzj\u0119 oraz jako\u015b\u0107<\/li>\n<li>Opatentowany, 10-nabojowy obrotowy magazynek<\/li>\n<li>Wyd\u0142u\u017cony zwalniacz magazynka zapewnia szybk\u0105 i p\u0142ynn\u0105 wymian\u0119<\/li>\n<li>Kuta na zimno lufa ze stali nierdzewnej, osadzona w komorze zamkowej dzi\u0119ki unikalnemu dwu\u015brubowemu systemu V-block<\/li>\n<li>Znajduj\u0105cy si\u0119 za kab\u0142\u0105kiem widoczny i \u0142atwy w obs\u0142udze bezpiecznik<\/li>\n<li>W zestawie szyna Weaver do monta\u017cu optyki<\/li>\n<li>Zesp\u00f3\u0142 obudowy spustu wykonany z polimeru i w\u0142\u00f3kna szklanego. Zapewnia to odporno\u015b\u0107 na uderzenia i \u015bcieranie oraz niezr\u00f3wnan\u0105 odporno\u015b\u0107 na warunki atmosferyczne<\/li>\n<li>Po\u0142\u0105czona kolba z osad\u0105 tworz\u0105 klasyczne linie dla atrakcyjnego wygl\u0105du<\/li>\n<li>Fabryczne przednie i tylne mocowanie pasa<\/li>\n<\/ul>\n<h3>Specification:<\/h3>\n<ul>\n<li>Kaliber: .22LR<\/li>\n<li>D\u0142ugo\u015b\u0107 lufy: 18,5&#8243;<\/li>\n<li>Ilo\u015b\u0107 bruzd: 6<\/li>\n<li>Pojemno\u015b\u0107 magazynka: 10<\/li>\n<li>Materia\u0142 zamka: \u00a0Stal nierdzewna<\/li>\n<li>Materia\u0142 lufy: Stal nierdzewna<\/li>\n<li>Skok gwintu lufy: 1:16 RH<\/li>\n<li>Kolba \/ Oada: Drewno naturalne w kolorze orzech<\/li>\n<li>Szyna monta\u017cowa: Picatinny \/ Weaver<\/li>\n<li>Przyrz\u0105dy celownicze: Regulowana szczerbinka, sta\u0142a muszka<\/li>\n<li>Wyko\u0144czenie: Satyna<\/li>\n<li>Waga: 2447 g<\/li>\n<li>D\u0142ugo\u015b\u0107 ca\u0142kowita: 94 cm<\/li>\n<\/ul>\n<\/div>\n<\/div>\n<\/div>\n<\/div>\n<div class=\"flex items-center justify-center\"><\/div>\n<\/div>\n<\/div>\n<\/div>\n<\/article>\n<p class=\"pointer-events-none h-px w-px\" aria-hidden=\"true\" data-edge=\"true\">","protected":false},"excerpt":{"rendered":"<p>Ruger .22LR to klasyczna wiatr\u00f3wka z nowoczesnymi rozwi\u0105zaniami technicznymi. Lufa kuta na zimno ze stali nierdzewnej, osadzona za pomoc\u0105 systemu V-block, gwarantuje wyj\u0105tkow\u0105 precyzj\u0119. Charakterystyczny, 10-nabojowy magazynek obrotowy i wyd\u0142u\u017cony zwalniacz umo\u017cliwiaj\u0105 p\u0142ynn\u0105 i szybk\u0105 obs\u0142ug\u0119. Bezpiecznik umieszczony za kab\u0142\u0105kiem jest \u0142atwy w u\u017cyciu, a zesp\u00f3\u0142 spustu z polimeru i w\u0142\u00f3kna szklanego zapewnia trwa\u0142o\u015b\u0107 w ka\u017cdych warunkach.<\/p>","protected":false},"featured_media":6836,"template":"","meta":[],"etheme_brands":[],"product_brand":[],"product_cat":[71],"product_tag":[],"class_list":{"0":"post-6833","1":"product","2":"type-product","3":"status-publish","4":"has-post-thumbnail","6":"product_cat-bron-bocznego-zaplonu","8":"first","9":"instock","10":"shipping-taxable","11":"purchasable","12":"product-type-simple"},"yoast_head":"<!-- This site is optimized with the Yoast SEO Premium plugin v24.0 (Yoast SEO v26.0) - https:\/\/yoast.com\/wordpress\/plugins\/seo\/ -->\n<title>Ruger 10\/22 Sporter - Orzech - SS .22LR - Arsena\u0142 Sklep<\/title>\n<meta name=\"description\" content=\"Ruger z kut\u0105 luf\u0105 ze stali nierdzewnej, klasyczn\u0105 orzechow\u0105 kolb\u0105 i 10-nabojowym magazynkiem. Precyzyjna, niezawodna konstrukcja z monta\u017cem pod optyk\u0119.\" \/>\n<meta name=\"robots\" content=\"index, follow, max-snippet:-1, max-image-preview:large, max-video-preview:-1\" \/>\n<link rel=\"canonical\" href=\"https:\/\/arsenal24.pl\/en\/product\/ruger-10-22-sporter-orzech-ss-22lr-arsenal-sklep\/\" \/>\n<meta property=\"og:locale\" content=\"en_US\" \/>\n<meta property=\"og:type\" content=\"article\" \/>\n<meta property=\"og:title\" content=\"Ruger 10\/22 Sporter - Orzech - SS .22LR\" \/>\n<meta property=\"og:description\" content=\"Ruger z kut\u0105 luf\u0105 ze stali nierdzewnej, klasyczn\u0105 orzechow\u0105 kolb\u0105 i 10-nabojowym magazynkiem. Precyzyjna, niezawodna konstrukcja z monta\u017cem pod optyk\u0119.\" \/>\n<meta property=\"og:url\" content=\"https:\/\/arsenal24.pl\/en\/product\/ruger-10-22-sporter-orzech-ss-22lr-arsenal-sklep\/\" \/>\n<meta property=\"og:site_name\" content=\"Arsena\u0142 - Profesjonalny sklep z broni\u0105 i akcesoriami\" \/>\n<meta property=\"article:publisher\" content=\"https:\/\/www.facebook.com\/people\/Arsena-Sklep\/100035187290806\/?locale=pl_PL&amp;paipv=0&amp;eav=AfaBd4HS6M2sZy5PxVGmBIZx9hgg_97kXvqKJ8pngB-S_qRYY5xCeE23HjB7T-5FY6o&amp;_rdr\" \/>\n<meta property=\"article:modified_time\" content=\"2026-04-08T13:36:26+00:00\" \/>\n<meta property=\"og:image\" content=\"https:\/\/arsenal24.pl\/wp-content\/uploads\/2025\/04\/ruger-10-22-sporter-orzech-ss-31228.webp\" \/>\n\t<meta property=\"og:image:width\" content=\"1400\" \/>\n\t<meta property=\"og:image:height\" content=\"1400\" \/>\n\t<meta property=\"og:image:type\" content=\"image\/webp\" \/>\n<meta name=\"twitter:card\" content=\"summary_large_image\" \/>\n<meta name=\"twitter:label1\" content=\"Est. reading time\" \/>\n\t<meta name=\"twitter:data1\" content=\"2 minutes\" \/>\n<script type=\"application\/ld+json\" class=\"yoast-schema-graph\">{\"@context\":\"https:\/\/schema.org\",\"@graph\":[{\"@type\":\"WebPage\",\"@id\":\"https:\/\/arsenal24.pl\/produkt\/ruger-10-22-sporter-orzech-ss-22lr-arsenal-sklep\/\",\"url\":\"https:\/\/arsenal24.pl\/produkt\/ruger-10-22-sporter-orzech-ss-22lr-arsenal-sklep\/\",\"name\":\"Ruger 10\/22 Sporter - Orzech - SS .22LR - Arsena\u0142 Sklep\",\"isPartOf\":{\"@id\":\"https:\/\/arsenal24.pl\/#website\"},\"primaryImageOfPage\":{\"@id\":\"https:\/\/arsenal24.pl\/produkt\/ruger-10-22-sporter-orzech-ss-22lr-arsenal-sklep\/#primaryimage\"},\"image\":{\"@id\":\"https:\/\/arsenal24.pl\/produkt\/ruger-10-22-sporter-orzech-ss-22lr-arsenal-sklep\/#primaryimage\"},\"thumbnailUrl\":\"https:\/\/arsenal24.pl\/wp-content\/uploads\/2025\/04\/ruger-10-22-sporter-orzech-ss-31228.webp\",\"datePublished\":\"2025-04-29T15:57:09+00:00\",\"dateModified\":\"2026-04-08T13:36:26+00:00\",\"description\":\"Ruger z kut\u0105 luf\u0105 ze stali nierdzewnej, klasyczn\u0105 orzechow\u0105 kolb\u0105 i 10-nabojowym magazynkiem. Precyzyjna, niezawodna konstrukcja z monta\u017cem pod optyk\u0119.\",\"breadcrumb\":{\"@id\":\"https:\/\/arsenal24.pl\/produkt\/ruger-10-22-sporter-orzech-ss-22lr-arsenal-sklep\/#breadcrumb\"},\"inLanguage\":\"en-US\",\"potentialAction\":[{\"@type\":\"ReadAction\",\"target\":[\"https:\/\/arsenal24.pl\/produkt\/ruger-10-22-sporter-orzech-ss-22lr-arsenal-sklep\/\"]}]},{\"@type\":\"ImageObject\",\"inLanguage\":\"en-US\",\"@id\":\"https:\/\/arsenal24.pl\/produkt\/ruger-10-22-sporter-orzech-ss-22lr-arsenal-sklep\/#primaryimage\",\"url\":\"https:\/\/arsenal24.pl\/wp-content\/uploads\/2025\/04\/ruger-10-22-sporter-orzech-ss-31228.webp\",\"contentUrl\":\"https:\/\/arsenal24.pl\/wp-content\/uploads\/2025\/04\/ruger-10-22-sporter-orzech-ss-31228.webp\",\"width\":1400,\"height\":1400},{\"@type\":\"BreadcrumbList\",\"@id\":\"https:\/\/arsenal24.pl\/produkt\/ruger-10-22-sporter-orzech-ss-22lr-arsenal-sklep\/#breadcrumb\",\"itemListElement\":[{\"@type\":\"ListItem\",\"position\":1,\"name\":\"Strona g\u0142\u00f3wna\",\"item\":\"https:\/\/arsenal24.pl\/\"},{\"@type\":\"ListItem\",\"position\":2,\"name\":\"Sklep\",\"item\":\"https:\/\/arsenal24.pl\/sklep\/\"},{\"@type\":\"ListItem\",\"position\":3,\"name\":\"Ruger 10\/22 Sporter &#8211; Orzech &#8211; SS .22LR\"}]},{\"@type\":\"WebSite\",\"@id\":\"https:\/\/arsenal24.pl\/#website\",\"url\":\"https:\/\/arsenal24.pl\/\",\"name\":\"Arsena\u0142 - Profesjonalny sklep z broni\u0105 i akcesoriami\",\"description\":\"\",\"publisher\":{\"@id\":\"https:\/\/arsenal24.pl\/#organization\"},\"potentialAction\":[{\"@type\":\"SearchAction\",\"target\":{\"@type\":\"EntryPoint\",\"urlTemplate\":\"https:\/\/arsenal24.pl\/?s={search_term_string}\"},\"query-input\":{\"@type\":\"PropertyValueSpecification\",\"valueRequired\":true,\"valueName\":\"search_term_string\"}}],\"inLanguage\":\"en-US\"},{\"@type\":\"Organization\",\"@id\":\"https:\/\/arsenal24.pl\/#organization\",\"name\":\"Arsena\u0142 - Profesjonalny sklep z broni\u0105 i akcesoriami\",\"url\":\"https:\/\/arsenal24.pl\/\",\"logo\":{\"@type\":\"ImageObject\",\"inLanguage\":\"en-US\",\"@id\":\"https:\/\/arsenal24.pl\/#\/schema\/logo\/image\/\",\"url\":\"https:\/\/server568771.nazwa.pl\/arse\/wp-content\/uploads\/2024\/03\/arsenal-24-logo.png\",\"contentUrl\":\"https:\/\/server568771.nazwa.pl\/arse\/wp-content\/uploads\/2024\/03\/arsenal-24-logo.png\",\"width\":140,\"height\":140,\"caption\":\"Arsena\u0142 - Profesjonalny sklep z broni\u0105 i akcesoriami\"},\"image\":{\"@id\":\"https:\/\/arsenal24.pl\/#\/schema\/logo\/image\/\"},\"sameAs\":[\"https:\/\/www.facebook.com\/people\/Arsena-Sklep\/100035187290806\/?locale=pl_PL&paipv=0&eav=AfaBd4HS6M2sZy5PxVGmBIZx9hgg_97kXvqKJ8pngB-S_qRYY5xCeE23HjB7T-5FY6o&_rdr\"]}]}<\/script>\n<!-- \/ Yoast SEO Premium plugin. -->","yoast_head_json":{"title":"Ruger 10\/22 Sporter - Orzech - SS .22LR - Arsena\u0142 Sklep","description":"Ruger z kut\u0105 luf\u0105 ze stali nierdzewnej, klasyczn\u0105 orzechow\u0105 kolb\u0105 i 10-nabojowym magazynkiem. Precyzyjna, niezawodna konstrukcja z monta\u017cem pod optyk\u0119.","robots":{"index":"index","follow":"follow","max-snippet":"max-snippet:-1","max-image-preview":"max-image-preview:large","max-video-preview":"max-video-preview:-1"},"canonical":"https:\/\/arsenal24.pl\/en\/product\/ruger-10-22-sporter-orzech-ss-22lr-arsenal-sklep\/","og_locale":"en_US","og_type":"article","og_title":"Ruger 10\/22 Sporter - Orzech - SS .22LR","og_description":"Ruger z kut\u0105 luf\u0105 ze stali nierdzewnej, klasyczn\u0105 orzechow\u0105 kolb\u0105 i 10-nabojowym magazynkiem. Precyzyjna, niezawodna konstrukcja z monta\u017cem pod optyk\u0119.","og_url":"https:\/\/arsenal24.pl\/en\/product\/ruger-10-22-sporter-orzech-ss-22lr-arsenal-sklep\/","og_site_name":"Arsena\u0142 - Profesjonalny sklep z broni\u0105 i akcesoriami","article_publisher":"https:\/\/www.facebook.com\/people\/Arsena-Sklep\/100035187290806\/?locale=pl_PL&paipv=0&eav=AfaBd4HS6M2sZy5PxVGmBIZx9hgg_97kXvqKJ8pngB-S_qRYY5xCeE23HjB7T-5FY6o&_rdr","article_modified_time":"2026-04-08T13:36:26+00:00","og_image":[{"width":1400,"height":1400,"url":"https:\/\/arsenal24.pl\/wp-content\/uploads\/2025\/04\/ruger-10-22-sporter-orzech-ss-31228.webp","type":"image\/webp"}],"twitter_card":"summary_large_image","twitter_misc":{"Est. reading time":"2 minutes"},"schema":{"@context":"https:\/\/schema.org","@graph":[{"@type":"WebPage","@id":"https:\/\/arsenal24.pl\/produkt\/ruger-10-22-sporter-orzech-ss-22lr-arsenal-sklep\/","url":"https:\/\/arsenal24.pl\/produkt\/ruger-10-22-sporter-orzech-ss-22lr-arsenal-sklep\/","name":"Ruger 10\/22 Sporter - Orzech - SS .22LR - Arsena\u0142 Sklep","isPartOf":{"@id":"https:\/\/arsenal24.pl\/#website"},"primaryImageOfPage":{"@id":"https:\/\/arsenal24.pl\/produkt\/ruger-10-22-sporter-orzech-ss-22lr-arsenal-sklep\/#primaryimage"},"image":{"@id":"https:\/\/arsenal24.pl\/produkt\/ruger-10-22-sporter-orzech-ss-22lr-arsenal-sklep\/#primaryimage"},"thumbnailUrl":"https:\/\/arsenal24.pl\/wp-content\/uploads\/2025\/04\/ruger-10-22-sporter-orzech-ss-31228.webp","datePublished":"2025-04-29T15:57:09+00:00","dateModified":"2026-04-08T13:36:26+00:00","description":"Ruger z kut\u0105 luf\u0105 ze stali nierdzewnej, klasyczn\u0105 orzechow\u0105 kolb\u0105 i 10-nabojowym magazynkiem. Precyzyjna, niezawodna konstrukcja z monta\u017cem pod optyk\u0119.","breadcrumb":{"@id":"https:\/\/arsenal24.pl\/produkt\/ruger-10-22-sporter-orzech-ss-22lr-arsenal-sklep\/#breadcrumb"},"inLanguage":"en-US","potentialAction":[{"@type":"ReadAction","target":["https:\/\/arsenal24.pl\/produkt\/ruger-10-22-sporter-orzech-ss-22lr-arsenal-sklep\/"]}]},{"@type":"ImageObject","inLanguage":"en-US","@id":"https:\/\/arsenal24.pl\/produkt\/ruger-10-22-sporter-orzech-ss-22lr-arsenal-sklep\/#primaryimage","url":"https:\/\/arsenal24.pl\/wp-content\/uploads\/2025\/04\/ruger-10-22-sporter-orzech-ss-31228.webp","contentUrl":"https:\/\/arsenal24.pl\/wp-content\/uploads\/2025\/04\/ruger-10-22-sporter-orzech-ss-31228.webp","width":1400,"height":1400},{"@type":"BreadcrumbList","@id":"https:\/\/arsenal24.pl\/produkt\/ruger-10-22-sporter-orzech-ss-22lr-arsenal-sklep\/#breadcrumb","itemListElement":[{"@type":"ListItem","position":1,"name":"Strona g\u0142\u00f3wna","item":"https:\/\/arsenal24.pl\/"},{"@type":"ListItem","position":2,"name":"Sklep","item":"https:\/\/arsenal24.pl\/sklep\/"},{"@type":"ListItem","position":3,"name":"Ruger 10\/22 Sporter &#8211; Orzech &#8211; SS .22LR"}]},{"@type":"WebSite","@id":"https:\/\/arsenal24.pl\/#website","url":"https:\/\/arsenal24.pl\/","name":"Arsenal - Professional store with weapons and accessories","description":"","publisher":{"@id":"https:\/\/arsenal24.pl\/#organization"},"potentialAction":[{"@type":"SearchAction","target":{"@type":"EntryPoint","urlTemplate":"https:\/\/arsenal24.pl\/?s={search_term_string}"},"query-input":{"@type":"PropertyValueSpecification","valueRequired":true,"valueName":"search_term_string"}}],"inLanguage":"en-US"},{"@type":"Organization","@id":"https:\/\/arsenal24.pl\/#organization","name":"Arsenal - Professional store with weapons and accessories","url":"https:\/\/arsenal24.pl\/","logo":{"@type":"ImageObject","inLanguage":"en-US","@id":"https:\/\/arsenal24.pl\/#\/schema\/logo\/image\/","url":"https:\/\/server568771.nazwa.pl\/arse\/wp-content\/uploads\/2024\/03\/arsenal-24-logo.png","contentUrl":"https:\/\/server568771.nazwa.pl\/arse\/wp-content\/uploads\/2024\/03\/arsenal-24-logo.png","width":140,"height":140,"caption":"Arsena\u0142 - Profesjonalny sklep z broni\u0105 i akcesoriami"},"image":{"@id":"https:\/\/arsenal24.pl\/#\/schema\/logo\/image\/"},"sameAs":["https:\/\/www.facebook.com\/people\/Arsena-Sklep\/100035187290806\/?locale=pl_PL&paipv=0&eav=AfaBd4HS6M2sZy5PxVGmBIZx9hgg_97kXvqKJ8pngB-S_qRYY5xCeE23HjB7T-5FY6o&_rdr"]}]}},"_links":{"self":[{"href":"https:\/\/arsenal24.pl\/en\/wp-json\/wp\/v2\/product\/6833","targetHints":{"allow":["GET"]}}],"collection":[{"href":"https:\/\/arsenal24.pl\/en\/wp-json\/wp\/v2\/product"}],"about":[{"href":"https:\/\/arsenal24.pl\/en\/wp-json\/wp\/v2\/types\/product"}],"version-history":[{"count":8,"href":"https:\/\/arsenal24.pl\/en\/wp-json\/wp\/v2\/product\/6833\/revisions"}],"predecessor-version":[{"id":6848,"href":"https:\/\/arsenal24.pl\/en\/wp-json\/wp\/v2\/product\/6833\/revisions\/6848"}],"wp:featuredmedia":[{"embeddable":true,"href":"https:\/\/arsenal24.pl\/en\/wp-json\/wp\/v2\/media\/6836"}],"wp:attachment":[{"href":"https:\/\/arsenal24.pl\/en\/wp-json\/wp\/v2\/media?parent=6833"}],"wp:term":[{"taxonomy":"brand","embeddable":true,"href":"https:\/\/arsenal24.pl\/en\/wp-json\/wp\/v2\/etheme_brands?post=6833"},{"taxonomy":"product_brand","embeddable":true,"href":"https:\/\/arsenal24.pl\/en\/wp-json\/wp\/v2\/product_brand?post=6833"},{"taxonomy":"product_cat","embeddable":true,"href":"https:\/\/arsenal24.pl\/en\/wp-json\/wp\/v2\/product_cat?post=6833"},{"taxonomy":"product_tag","embeddable":true,"href":"https:\/\/arsenal24.pl\/en\/wp-json\/wp\/v2\/product_tag?post=6833"}],"curies":[{"name":"wp","href":"https:\/\/api.w.org\/{rel}","templated":true}]}}