{"id":6798,"date":"2025-04-29T16:55:25","date_gmt":"2025-04-29T14:55:25","guid":{"rendered":"https:\/\/arsenal24.pl\/?post_type=product&#038;p=6798"},"modified":"2025-04-30T17:25:30","modified_gmt":"2025-04-30T15:25:30","slug":"karabinek-samopowtarzalny-ruger-ar-556-5-56mm-x-45-arsenal","status":"publish","type":"product","link":"https:\/\/arsenal24.pl\/en\/product\/karabinek-samopowtarzalny-ruger-ar-556-5-56mm-x-45-arsenal\/","title":{"rendered":"Karabinek samopowtarzalny Ruger AR-556 5,56mm x 45"},"content":{"rendered":"<p>Karabin wyposa\u017cono w ergonomiczne \u0142o\u017ce Magpul Moe M-Lok 11\u201d, pojedynczy spust i powi\u0119kszon\u0105 os\u0142on\u0119 spustu \u2013 idealn\u0105 do pracy w r\u0119kawicach. Teleskopowa kolba Mil-Spec z 6-stopniow\u0105 regulacj\u0105 pozwala na indywidualne dopasowanie, a chwyt pistoletowy z d\u0142u\u017cszym dystansem do spustu poprawia kontrol\u0119. W zestawie znajduje si\u0119 magazynek Magpul PMAG na 30 naboj\u00f3w.<\/p>\n<h2>Najwa\u017cniejsze cechy:<\/h2>\n<ul>\n<li>Lower wykonany z anodowanych na twardo odkuwek aluminiowych 7075-T6, suwad\u0142o ze stali 9310 oraz zamek ze stali 8620.<\/li>\n<li>Chromowane wn\u0119trze bloku gazowego<\/li>\n<li>\u0141o\u017ce 11\u201d Magpul Moe M-Lok<\/li>\n<li>Spust jednostopniowy (Single Stage)<\/li>\n<li>Powi\u0119kszona os\u0142ona spustu umo\u017cliwiaj\u0105ca strzelanie w r\u0119kawicach.<\/li>\n<li>Sze\u015bciostopniowa, teleskopowa kolba oraz Buffer Tube w standardzie Mil-Spec pozwalaj\u0105 na odpowiednie dopasowanie karabinu pod preferencje strzelca.<\/li>\n<li>Lufa kuta na zimno typu \u201eHeavy Contour\u201d ze skokiem gwintu 1:8&#8243;, zako\u0144czona gwintem 1\/2&#8243;-28.<\/li>\n<li>Komora kompatybilna z amunicj\u0105 5,56 NATO oraz.223 Rem.<\/li>\n<li>Ergonomiczny chwyt pistoletowy o wyd\u0142u\u017conej odleg\u0142o\u015bci od spustu zapewniaj\u0105cy dok\u0142adniejsz\u0105 kontrol\u0119.<\/li>\n<li>Upper wyposa\u017cony w dosy\u0142acz.<\/li>\n<li>Jeden 30-nabojowy magazynek Magpul\u00ae PMAG\u00ae.<\/li>\n<\/ul>\n<p>&nbsp;<\/p>\n<h2>Specification:<\/h2>\n<ul>\n<li>Model: 8529<\/li>\n<li>Kaliber: .5,56\/45, .223Rem<\/li>\n<li>D\u0142ugo\u015b\u0107 lufy: 16,1&#8243;<\/li>\n<li>Materia\u0142 zamka: \u00a0Stal 8620<\/li>\n<li>Materia\u0142 lufy: Stal kuta na zimno<\/li>\n<li>Skok gwintu lufy:\u00a01:8\u201d z 5 bruzdami<\/li>\n<li>Gwint na ko\u0144cu lufy: 1\/2&#8243;-28<\/li>\n<li>kolba: regulowana Mil-Spec<\/li>\n<li>Spust:\u00a0Spust jednostopniowy (Single Stage)<\/li>\n<li>Wyko\u0144czenie: Anodowana twarda pow\u0142oka typu III<\/li>\n<li>Waga: 3039 g<\/li>\n<li>D\u0142ugo\u015b\u0107 ca\u0142kowita: 81,9 cm \u2013 90,2 cm<\/li>\n<li>Wysoko\u015b\u0107: 183 mm<\/li>\n<\/ul>\n<p>&nbsp;<\/p>","protected":false},"excerpt":{"rendered":"<p>Model Ruger AR-556 to karabin stworzony z my\u015bl\u0105 o wymagaj\u0105cych u\u017cytkownikach. Solidny lower z anodowanego aluminium 7075-T6, suwad\u0142o ze stali 9310 i zamek z 8620 zapewniaj\u0105 trwa\u0142o\u015b\u0107 i niezawodno\u015b\u0107. Lufa typu \u201eHeavy Contour\u201d kuta na zimno o d\u0142ugo\u015bci 16,1\u201d gwarantuje precyzj\u0119, a jej skok 1:8\u201d pozwala na u\u017cycie szerokiej gamy pocisk\u00f3w. Chromowana komora gazowa oraz gwint 1\/2&#8243;-28 pod urz\u0105dzenia wylotowe to dodatkowe atuty tej konstrukcji.<\/p>","protected":false},"featured_media":6799,"template":"","meta":[],"etheme_brands":[],"product_brand":[],"product_cat":[100],"product_tag":[],"class_list":{"0":"post-6798","1":"product","2":"type-product","3":"status-publish","4":"has-post-thumbnail","6":"product_cat-bron-sportowa","8":"first","9":"instock","10":"shipping-taxable","11":"purchasable","12":"product-type-simple"},"yoast_head":"<!-- This site is optimized with the Yoast SEO Premium plugin v24.0 (Yoast SEO v26.0) - https:\/\/yoast.com\/wordpress\/plugins\/seo\/ -->\n<title>Karabinek samopowtarzalny Ruger AR-556 5.56mm x 45 - Arsenal<\/title>\n<meta name=\"description\" content=\"Karabin z luf\u0105 kut\u0105 na zimno, regulowan\u0105 kolb\u0105 Mil-Spec i ergonomi\u0105 Magpul. Kompatybilny z 5,56 NATO\/.223 Rem. Wytrzyma\u0142y, precyzyjny i gotowy do dzia\u0142ania.\" \/>\n<meta name=\"robots\" content=\"index, follow, max-snippet:-1, max-image-preview:large, max-video-preview:-1\" \/>\n<link rel=\"canonical\" href=\"https:\/\/arsenal24.pl\/en\/product\/karabinek-samopowtarzalny-ruger-ar-556-5-56mm-x-45-arsenal\/\" \/>\n<meta property=\"og:locale\" content=\"en_US\" \/>\n<meta property=\"og:type\" content=\"article\" \/>\n<meta property=\"og:title\" content=\"Karabinek samopowtarzalny Ruger AR-556 5,56mm x 45\" \/>\n<meta property=\"og:description\" content=\"Karabin z luf\u0105 kut\u0105 na zimno, regulowan\u0105 kolb\u0105 Mil-Spec i ergonomi\u0105 Magpul. Kompatybilny z 5,56 NATO\/.223 Rem. Wytrzyma\u0142y, precyzyjny i gotowy do dzia\u0142ania.\" \/>\n<meta property=\"og:url\" content=\"https:\/\/arsenal24.pl\/en\/product\/karabinek-samopowtarzalny-ruger-ar-556-5-56mm-x-45-arsenal\/\" \/>\n<meta property=\"og:site_name\" content=\"Arsena\u0142 - Profesjonalny sklep z broni\u0105 i akcesoriami\" \/>\n<meta property=\"article:publisher\" content=\"https:\/\/www.facebook.com\/people\/Arsena-Sklep\/100035187290806\/?locale=pl_PL&amp;paipv=0&amp;eav=AfaBd4HS6M2sZy5PxVGmBIZx9hgg_97kXvqKJ8pngB-S_qRYY5xCeE23HjB7T-5FY6o&amp;_rdr\" \/>\n<meta property=\"article:modified_time\" content=\"2025-04-30T15:25:30+00:00\" \/>\n<meta property=\"og:image\" content=\"https:\/\/arsenal24.pl\/wp-content\/uploads\/2025\/04\/ruger-ar-556-8529.webp\" \/>\n\t<meta property=\"og:image:width\" content=\"1400\" \/>\n\t<meta property=\"og:image:height\" content=\"1400\" \/>\n\t<meta property=\"og:image:type\" content=\"image\/webp\" \/>\n<meta name=\"twitter:card\" content=\"summary_large_image\" \/>\n<meta name=\"twitter:label1\" content=\"Est. reading time\" \/>\n\t<meta name=\"twitter:data1\" content=\"2 minutes\" \/>\n<script type=\"application\/ld+json\" class=\"yoast-schema-graph\">{\"@context\":\"https:\/\/schema.org\",\"@graph\":[{\"@type\":\"WebPage\",\"@id\":\"https:\/\/arsenal24.pl\/en\/product\/karabinek-samopowtarzalny-ruger-ar-556-5-56mm-x-45-arsenal\/\",\"url\":\"https:\/\/arsenal24.pl\/en\/product\/karabinek-samopowtarzalny-ruger-ar-556-5-56mm-x-45-arsenal\/\",\"name\":\"Karabinek samopowtarzalny Ruger AR-556 5.56mm x 45 - Arsenal\",\"isPartOf\":{\"@id\":\"https:\/\/arsenal24.pl\/#website\"},\"primaryImageOfPage\":{\"@id\":\"https:\/\/arsenal24.pl\/en\/product\/karabinek-samopowtarzalny-ruger-ar-556-5-56mm-x-45-arsenal\/#primaryimage\"},\"image\":{\"@id\":\"https:\/\/arsenal24.pl\/en\/product\/karabinek-samopowtarzalny-ruger-ar-556-5-56mm-x-45-arsenal\/#primaryimage\"},\"thumbnailUrl\":\"https:\/\/arsenal24.pl\/wp-content\/uploads\/2025\/04\/ruger-ar-556-8529.webp\",\"datePublished\":\"2025-04-29T14:55:25+00:00\",\"dateModified\":\"2025-04-30T15:25:30+00:00\",\"description\":\"Karabin z luf\u0105 kut\u0105 na zimno, regulowan\u0105 kolb\u0105 Mil-Spec i ergonomi\u0105 Magpul. Kompatybilny z 5,56 NATO\/.223 Rem. Wytrzyma\u0142y, precyzyjny i gotowy do dzia\u0142ania.\",\"breadcrumb\":{\"@id\":\"https:\/\/arsenal24.pl\/en\/product\/karabinek-samopowtarzalny-ruger-ar-556-5-56mm-x-45-arsenal\/#breadcrumb\"},\"inLanguage\":\"en-US\",\"potentialAction\":[{\"@type\":\"ReadAction\",\"target\":[\"https:\/\/arsenal24.pl\/en\/product\/karabinek-samopowtarzalny-ruger-ar-556-5-56mm-x-45-arsenal\/\"]}]},{\"@type\":\"ImageObject\",\"inLanguage\":\"en-US\",\"@id\":\"https:\/\/arsenal24.pl\/en\/product\/karabinek-samopowtarzalny-ruger-ar-556-5-56mm-x-45-arsenal\/#primaryimage\",\"url\":\"https:\/\/arsenal24.pl\/wp-content\/uploads\/2025\/04\/ruger-ar-556-8529.webp\",\"contentUrl\":\"https:\/\/arsenal24.pl\/wp-content\/uploads\/2025\/04\/ruger-ar-556-8529.webp\",\"width\":1400,\"height\":1400},{\"@type\":\"BreadcrumbList\",\"@id\":\"https:\/\/arsenal24.pl\/en\/product\/karabinek-samopowtarzalny-ruger-ar-556-5-56mm-x-45-arsenal\/#breadcrumb\",\"itemListElement\":[{\"@type\":\"ListItem\",\"position\":1,\"name\":\"Strona g\u0142\u00f3wna\",\"item\":\"https:\/\/arsenal24.pl\/\"},{\"@type\":\"ListItem\",\"position\":2,\"name\":\"Sklep\",\"item\":\"https:\/\/arsenal24.pl\/sklep\/\"},{\"@type\":\"ListItem\",\"position\":3,\"name\":\"Karabinek samopowtarzalny Ruger AR-556 5,56mm x 45\"}]},{\"@type\":\"WebSite\",\"@id\":\"https:\/\/arsenal24.pl\/#website\",\"url\":\"https:\/\/arsenal24.pl\/\",\"name\":\"Arsena\u0142 - Profesjonalny sklep z broni\u0105 i akcesoriami\",\"description\":\"\",\"publisher\":{\"@id\":\"https:\/\/arsenal24.pl\/#organization\"},\"potentialAction\":[{\"@type\":\"SearchAction\",\"target\":{\"@type\":\"EntryPoint\",\"urlTemplate\":\"https:\/\/arsenal24.pl\/?s={search_term_string}\"},\"query-input\":{\"@type\":\"PropertyValueSpecification\",\"valueRequired\":true,\"valueName\":\"search_term_string\"}}],\"inLanguage\":\"en-US\"},{\"@type\":\"Organization\",\"@id\":\"https:\/\/arsenal24.pl\/#organization\",\"name\":\"Arsena\u0142 - Profesjonalny sklep z broni\u0105 i akcesoriami\",\"url\":\"https:\/\/arsenal24.pl\/\",\"logo\":{\"@type\":\"ImageObject\",\"inLanguage\":\"en-US\",\"@id\":\"https:\/\/arsenal24.pl\/#\/schema\/logo\/image\/\",\"url\":\"https:\/\/server568771.nazwa.pl\/arse\/wp-content\/uploads\/2024\/03\/arsenal-24-logo.png\",\"contentUrl\":\"https:\/\/server568771.nazwa.pl\/arse\/wp-content\/uploads\/2024\/03\/arsenal-24-logo.png\",\"width\":140,\"height\":140,\"caption\":\"Arsena\u0142 - Profesjonalny sklep z broni\u0105 i akcesoriami\"},\"image\":{\"@id\":\"https:\/\/arsenal24.pl\/#\/schema\/logo\/image\/\"},\"sameAs\":[\"https:\/\/www.facebook.com\/people\/Arsena-Sklep\/100035187290806\/?locale=pl_PL&paipv=0&eav=AfaBd4HS6M2sZy5PxVGmBIZx9hgg_97kXvqKJ8pngB-S_qRYY5xCeE23HjB7T-5FY6o&_rdr\"]}]}<\/script>\n<!-- \/ Yoast SEO Premium plugin. -->","yoast_head_json":{"title":"Karabinek samopowtarzalny Ruger AR-556 5.56mm x 45 - Arsenal","description":"Karabin z luf\u0105 kut\u0105 na zimno, regulowan\u0105 kolb\u0105 Mil-Spec i ergonomi\u0105 Magpul. Kompatybilny z 5,56 NATO\/.223 Rem. Wytrzyma\u0142y, precyzyjny i gotowy do dzia\u0142ania.","robots":{"index":"index","follow":"follow","max-snippet":"max-snippet:-1","max-image-preview":"max-image-preview:large","max-video-preview":"max-video-preview:-1"},"canonical":"https:\/\/arsenal24.pl\/en\/product\/karabinek-samopowtarzalny-ruger-ar-556-5-56mm-x-45-arsenal\/","og_locale":"en_US","og_type":"article","og_title":"Karabinek samopowtarzalny Ruger AR-556 5,56mm x 45","og_description":"Karabin z luf\u0105 kut\u0105 na zimno, regulowan\u0105 kolb\u0105 Mil-Spec i ergonomi\u0105 Magpul. Kompatybilny z 5,56 NATO\/.223 Rem. Wytrzyma\u0142y, precyzyjny i gotowy do dzia\u0142ania.","og_url":"https:\/\/arsenal24.pl\/en\/product\/karabinek-samopowtarzalny-ruger-ar-556-5-56mm-x-45-arsenal\/","og_site_name":"Arsena\u0142 - Profesjonalny sklep z broni\u0105 i akcesoriami","article_publisher":"https:\/\/www.facebook.com\/people\/Arsena-Sklep\/100035187290806\/?locale=pl_PL&paipv=0&eav=AfaBd4HS6M2sZy5PxVGmBIZx9hgg_97kXvqKJ8pngB-S_qRYY5xCeE23HjB7T-5FY6o&_rdr","article_modified_time":"2025-04-30T15:25:30+00:00","og_image":[{"width":1400,"height":1400,"url":"https:\/\/arsenal24.pl\/wp-content\/uploads\/2025\/04\/ruger-ar-556-8529.webp","type":"image\/webp"}],"twitter_card":"summary_large_image","twitter_misc":{"Est. reading time":"2 minutes"},"schema":{"@context":"https:\/\/schema.org","@graph":[{"@type":"WebPage","@id":"https:\/\/arsenal24.pl\/en\/product\/karabinek-samopowtarzalny-ruger-ar-556-5-56mm-x-45-arsenal\/","url":"https:\/\/arsenal24.pl\/en\/product\/karabinek-samopowtarzalny-ruger-ar-556-5-56mm-x-45-arsenal\/","name":"Karabinek samopowtarzalny Ruger AR-556 5.56mm x 45 - Arsenal","isPartOf":{"@id":"https:\/\/arsenal24.pl\/#website"},"primaryImageOfPage":{"@id":"https:\/\/arsenal24.pl\/en\/product\/karabinek-samopowtarzalny-ruger-ar-556-5-56mm-x-45-arsenal\/#primaryimage"},"image":{"@id":"https:\/\/arsenal24.pl\/en\/product\/karabinek-samopowtarzalny-ruger-ar-556-5-56mm-x-45-arsenal\/#primaryimage"},"thumbnailUrl":"https:\/\/arsenal24.pl\/wp-content\/uploads\/2025\/04\/ruger-ar-556-8529.webp","datePublished":"2025-04-29T14:55:25+00:00","dateModified":"2025-04-30T15:25:30+00:00","description":"Karabin z luf\u0105 kut\u0105 na zimno, regulowan\u0105 kolb\u0105 Mil-Spec i ergonomi\u0105 Magpul. Kompatybilny z 5,56 NATO\/.223 Rem. Wytrzyma\u0142y, precyzyjny i gotowy do dzia\u0142ania.","breadcrumb":{"@id":"https:\/\/arsenal24.pl\/en\/product\/karabinek-samopowtarzalny-ruger-ar-556-5-56mm-x-45-arsenal\/#breadcrumb"},"inLanguage":"en-US","potentialAction":[{"@type":"ReadAction","target":["https:\/\/arsenal24.pl\/en\/product\/karabinek-samopowtarzalny-ruger-ar-556-5-56mm-x-45-arsenal\/"]}]},{"@type":"ImageObject","inLanguage":"en-US","@id":"https:\/\/arsenal24.pl\/en\/product\/karabinek-samopowtarzalny-ruger-ar-556-5-56mm-x-45-arsenal\/#primaryimage","url":"https:\/\/arsenal24.pl\/wp-content\/uploads\/2025\/04\/ruger-ar-556-8529.webp","contentUrl":"https:\/\/arsenal24.pl\/wp-content\/uploads\/2025\/04\/ruger-ar-556-8529.webp","width":1400,"height":1400},{"@type":"BreadcrumbList","@id":"https:\/\/arsenal24.pl\/en\/product\/karabinek-samopowtarzalny-ruger-ar-556-5-56mm-x-45-arsenal\/#breadcrumb","itemListElement":[{"@type":"ListItem","position":1,"name":"Strona g\u0142\u00f3wna","item":"https:\/\/arsenal24.pl\/"},{"@type":"ListItem","position":2,"name":"Sklep","item":"https:\/\/arsenal24.pl\/sklep\/"},{"@type":"ListItem","position":3,"name":"Karabinek samopowtarzalny Ruger AR-556 5,56mm x 45"}]},{"@type":"WebSite","@id":"https:\/\/arsenal24.pl\/#website","url":"https:\/\/arsenal24.pl\/","name":"Arsenal - Professional store with weapons and accessories","description":"","publisher":{"@id":"https:\/\/arsenal24.pl\/#organization"},"potentialAction":[{"@type":"SearchAction","target":{"@type":"EntryPoint","urlTemplate":"https:\/\/arsenal24.pl\/?s={search_term_string}"},"query-input":{"@type":"PropertyValueSpecification","valueRequired":true,"valueName":"search_term_string"}}],"inLanguage":"en-US"},{"@type":"Organization","@id":"https:\/\/arsenal24.pl\/#organization","name":"Arsenal - Professional store with weapons and accessories","url":"https:\/\/arsenal24.pl\/","logo":{"@type":"ImageObject","inLanguage":"en-US","@id":"https:\/\/arsenal24.pl\/#\/schema\/logo\/image\/","url":"https:\/\/server568771.nazwa.pl\/arse\/wp-content\/uploads\/2024\/03\/arsenal-24-logo.png","contentUrl":"https:\/\/server568771.nazwa.pl\/arse\/wp-content\/uploads\/2024\/03\/arsenal-24-logo.png","width":140,"height":140,"caption":"Arsena\u0142 - Profesjonalny sklep z broni\u0105 i akcesoriami"},"image":{"@id":"https:\/\/arsenal24.pl\/#\/schema\/logo\/image\/"},"sameAs":["https:\/\/www.facebook.com\/people\/Arsena-Sklep\/100035187290806\/?locale=pl_PL&paipv=0&eav=AfaBd4HS6M2sZy5PxVGmBIZx9hgg_97kXvqKJ8pngB-S_qRYY5xCeE23HjB7T-5FY6o&_rdr"]}]}},"_links":{"self":[{"href":"https:\/\/arsenal24.pl\/en\/wp-json\/wp\/v2\/product\/6798","targetHints":{"allow":["GET"]}}],"collection":[{"href":"https:\/\/arsenal24.pl\/en\/wp-json\/wp\/v2\/product"}],"about":[{"href":"https:\/\/arsenal24.pl\/en\/wp-json\/wp\/v2\/types\/product"}],"version-history":[{"count":1,"href":"https:\/\/arsenal24.pl\/en\/wp-json\/wp\/v2\/product\/6798\/revisions"}],"predecessor-version":[{"id":6807,"href":"https:\/\/arsenal24.pl\/en\/wp-json\/wp\/v2\/product\/6798\/revisions\/6807"}],"wp:featuredmedia":[{"embeddable":true,"href":"https:\/\/arsenal24.pl\/en\/wp-json\/wp\/v2\/media\/6799"}],"wp:attachment":[{"href":"https:\/\/arsenal24.pl\/en\/wp-json\/wp\/v2\/media?parent=6798"}],"wp:term":[{"taxonomy":"brand","embeddable":true,"href":"https:\/\/arsenal24.pl\/en\/wp-json\/wp\/v2\/etheme_brands?post=6798"},{"taxonomy":"product_brand","embeddable":true,"href":"https:\/\/arsenal24.pl\/en\/wp-json\/wp\/v2\/product_brand?post=6798"},{"taxonomy":"product_cat","embeddable":true,"href":"https:\/\/arsenal24.pl\/en\/wp-json\/wp\/v2\/product_cat?post=6798"},{"taxonomy":"product_tag","embeddable":true,"href":"https:\/\/arsenal24.pl\/en\/wp-json\/wp\/v2\/product_tag?post=6798"}],"curies":[{"name":"wp","href":"https:\/\/api.w.org\/{rel}","templated":true}]}}