{"id":6779,"date":"2025-04-28T18:35:12","date_gmt":"2025-04-28T16:35:12","guid":{"rendered":"https:\/\/arsenal24.pl\/?post_type=product&#038;p=6779"},"modified":"2026-01-23T14:50:55","modified_gmt":"2026-01-23T13:50:55","slug":"ruger-ar-556-mpr-18-5-56-x-45-mm-arsenal-sklep","status":"publish","type":"product","link":"https:\/\/arsenal24.pl\/en\/product\/ruger-ar-556-mpr-18-5-56-x-45-mm-arsenal-sklep\/","title":{"rendered":"Karabinek Ruger AR-556 MPR 18&#8221; 5,56 x 45 mm"},"content":{"rendered":"<h3>Najwa\u017cniejsze cechy:<\/h3>\n<ul>\n<li>Chwyt oraz kolba Magpul MOE<\/li>\n<li>Upper wykonany z anodowanych na twardo odkuwek aluminiowych 7075-T6 wyposa\u017cony w dosy\u0142acz<\/li>\n<li>Zamek wykonany ze stali 9310 i testowany w ekstremalnych warunkach.<\/li>\n<li>Spust Ruger Elite 452 (Two Stage) o oporze 2,1kg oraz l\u017cejszym kurku, kt\u00f3ry umo\u017cliwia szybsze ponowne blokowanie w celu zwi\u0119kszenia celno\u015bci strzelca.<\/li>\n<li>Zmniejszaj\u0105cy odrzut oraz podrzut kompensator Ruger<\/li>\n<li>Lufa kuta na zimno (Stal 4140) ze skokiem gwintu 1:8&#8243;, zako\u0144czona gwintem 1\/2&#8243;-28<\/li>\n<li>Komora kompatybilna z amunicj\u0105 5,56 NATO oraz.223 Rem.<\/li>\n<li>Chromowane wn\u0119trze bloku gazowego oraz zamka zapewniaj\u0105 wysokie odprowadzanie ciep\u0142a.<\/li>\n<li>\u0141o\u017ce free-float 15\u201d z portami M-Lok (Magpul)<\/li>\n<li>System gazowy Rifle zapewniaj\u0105cy p\u0142ynniejsz\u0105 prac\u0119 oraz mniej odczuwalny odrzut<\/li>\n<li>Jeden 30-nabojowy magazynek Magpul\u00ae PMAG\u00ae.<\/li>\n<\/ul>\n<p>&nbsp;<\/p>\n<h3>Specification:<\/h3>\n<ul>\n<li>Model: 8514<\/li>\n<li>Kaliber: .5,56\/45, .223Rem<\/li>\n<li>D\u0142ugo\u015b\u0107 lufy: 18&#8243;<\/li>\n<li>Materia\u0142 zamka: \u00a0Stal 9310<\/li>\n<li>Materia\u0142 lufy: Stal kuta na zimno (4140)<\/li>\n<li>Skok gwintu lufy: 1:8\u201d z 5 bruzdami<\/li>\n<li>Gwint na ko\u0144cu lufy: 1\/2&#8243;-28<\/li>\n<li>kolba: regulowana Mil-Spec<\/li>\n<li>Spust: Dwustopniowy (Two stage) Ruger Elite 2,1Kg<\/li>\n<li>Wyko\u0144czenie: Anodowana twarda pow\u0142oka typu III<\/li>\n<li>Waga: 3141 g<\/li>\n<li>D\u0142ugo\u015b\u0107 ca\u0142kowita: 88,9 cm \u2013 97,1 cm<\/li>\n<li>Wysoko\u015b\u0107: 203 mm<\/li>\n<\/ul>","protected":false},"excerpt":{"rendered":"<p><strong>Ruger AR-556 MPR 18&#8221; 5,56 x 45 mm<\/strong> wyposa\u017cony jest w upper z anodowanego<strong> aluminium 7075-T6<\/strong> oraz zamek ze <strong>stali 9310<\/strong>, testowany w ekstremalnych warunkach. <strong>Lufa 18\u201d kut\u0105 na zimno<\/strong> ze <strong>stali 4140<\/strong>, zako\u0144czona gwintem 1\/2&#8243;-28 i skokiem 1:8\u201d zapewnia du\u017c\u0105 celno\u015b\u0107. System gazowy Rifle zmniejsza odrzut i poprawia p\u0142ynno\u015b\u0107 pracy. Kompensator Rugera skutecznie redukuje podrzut. Spust Ruger Elite 452 o oporze 2,1 kg pozwala na szybkie z\u0142o\u017cenie spustu i lepsz\u0105 celno\u015b\u0107. 15-calowe \u0142o\u017ce typu free-float z M-LOK, regulowana kolba Mil-Spec i chwyt Magpul MOE zapewniaj\u0105 wygod\u0119. W zestawie 30-nabojowy magazynek Magpul PMAG. Wyko\u0144czenie tward\u0105 anod\u0105 typu III.<\/p>","protected":false},"featured_media":6783,"template":"","meta":[],"etheme_brands":[],"product_brand":[],"product_cat":[100],"product_tag":[],"class_list":{"0":"post-6779","1":"product","2":"type-product","3":"status-publish","4":"has-post-thumbnail","6":"product_cat-bron-sportowa","8":"first","9":"instock","10":"shipping-taxable","11":"purchasable","12":"product-type-simple"},"yoast_head":"<!-- This site is optimized with the Yoast SEO Premium plugin v24.0 (Yoast SEO v26.0) - https:\/\/yoast.com\/wordpress\/plugins\/seo\/ -->\n<title>Ruger AR-556 MPR 18&#039;&#039; 5.56 x 45 mm - Arsena\u0142 Sklep<\/title>\n<meta name=\"description\" content=\"Karabinek o wysokiej celno\u015bci, niskim odrzucie i solidnej konstrukcji \u2013 z luf\u0105 18&quot;, systemem gazowym Rifle i spustem Ruger Elite do precyzyjnego strzelania.\" \/>\n<meta name=\"robots\" content=\"index, follow, max-snippet:-1, max-image-preview:large, max-video-preview:-1\" \/>\n<link rel=\"canonical\" href=\"https:\/\/arsenal24.pl\/en\/product\/ruger-ar-556-mpr-18-5-56-x-45-mm-arsenal-sklep\/\" \/>\n<meta property=\"og:locale\" content=\"en_US\" \/>\n<meta property=\"og:type\" content=\"article\" \/>\n<meta property=\"og:title\" content=\"Karabinek Ruger AR-556 MPR 18&#039;&#039; 5,56 x 45 mm\" \/>\n<meta property=\"og:description\" content=\"Karabinek o wysokiej celno\u015bci, niskim odrzucie i solidnej konstrukcji \u2013 z luf\u0105 18&quot;, systemem gazowym Rifle i spustem Ruger Elite do precyzyjnego strzelania.\" \/>\n<meta property=\"og:url\" content=\"https:\/\/arsenal24.pl\/en\/product\/ruger-ar-556-mpr-18-5-56-x-45-mm-arsenal-sklep\/\" \/>\n<meta property=\"og:site_name\" content=\"Arsena\u0142 - Profesjonalny sklep z broni\u0105 i akcesoriami\" \/>\n<meta property=\"article:publisher\" content=\"https:\/\/www.facebook.com\/people\/Arsena-Sklep\/100035187290806\/?locale=pl_PL&amp;paipv=0&amp;eav=AfaBd4HS6M2sZy5PxVGmBIZx9hgg_97kXvqKJ8pngB-S_qRYY5xCeE23HjB7T-5FY6o&amp;_rdr\" \/>\n<meta property=\"article:modified_time\" content=\"2026-01-23T13:50:55+00:00\" \/>\n<meta property=\"og:image\" content=\"https:\/\/arsenal24.pl\/wp-content\/uploads\/2025\/04\/ruger-ar-556-mpr-18-8514-1.webp\" \/>\n\t<meta property=\"og:image:width\" content=\"1400\" \/>\n\t<meta property=\"og:image:height\" content=\"1400\" \/>\n\t<meta property=\"og:image:type\" content=\"image\/webp\" \/>\n<meta name=\"twitter:card\" content=\"summary_large_image\" \/>\n<meta name=\"twitter:label1\" content=\"Est. reading time\" \/>\n\t<meta name=\"twitter:data1\" content=\"2 minutes\" \/>\n<script type=\"application\/ld+json\" class=\"yoast-schema-graph\">{\"@context\":\"https:\/\/schema.org\",\"@graph\":[{\"@type\":\"WebPage\",\"@id\":\"https:\/\/arsenal24.pl\/produkt\/ruger-ar-556-mpr-18-5-56-x-45-mm-arsenal-sklep\/\",\"url\":\"https:\/\/arsenal24.pl\/produkt\/ruger-ar-556-mpr-18-5-56-x-45-mm-arsenal-sklep\/\",\"name\":\"Ruger AR-556 MPR 18'' 5.56 x 45 mm - Arsena\u0142 Sklep\",\"isPartOf\":{\"@id\":\"https:\/\/arsenal24.pl\/#website\"},\"primaryImageOfPage\":{\"@id\":\"https:\/\/arsenal24.pl\/produkt\/ruger-ar-556-mpr-18-5-56-x-45-mm-arsenal-sklep\/#primaryimage\"},\"image\":{\"@id\":\"https:\/\/arsenal24.pl\/produkt\/ruger-ar-556-mpr-18-5-56-x-45-mm-arsenal-sklep\/#primaryimage\"},\"thumbnailUrl\":\"https:\/\/arsenal24.pl\/wp-content\/uploads\/2025\/04\/ruger-ar-556-mpr-18-8514-1.webp\",\"datePublished\":\"2025-04-28T16:35:12+00:00\",\"dateModified\":\"2026-01-23T13:50:55+00:00\",\"description\":\"Karabinek o wysokiej celno\u015bci, niskim odrzucie i solidnej konstrukcji \u2013 z luf\u0105 18\\\", systemem gazowym Rifle i spustem Ruger Elite do precyzyjnego strzelania.\",\"breadcrumb\":{\"@id\":\"https:\/\/arsenal24.pl\/produkt\/ruger-ar-556-mpr-18-5-56-x-45-mm-arsenal-sklep\/#breadcrumb\"},\"inLanguage\":\"en-US\",\"potentialAction\":[{\"@type\":\"ReadAction\",\"target\":[\"https:\/\/arsenal24.pl\/produkt\/ruger-ar-556-mpr-18-5-56-x-45-mm-arsenal-sklep\/\"]}]},{\"@type\":\"ImageObject\",\"inLanguage\":\"en-US\",\"@id\":\"https:\/\/arsenal24.pl\/produkt\/ruger-ar-556-mpr-18-5-56-x-45-mm-arsenal-sklep\/#primaryimage\",\"url\":\"https:\/\/arsenal24.pl\/wp-content\/uploads\/2025\/04\/ruger-ar-556-mpr-18-8514-1.webp\",\"contentUrl\":\"https:\/\/arsenal24.pl\/wp-content\/uploads\/2025\/04\/ruger-ar-556-mpr-18-8514-1.webp\",\"width\":1400,\"height\":1400},{\"@type\":\"BreadcrumbList\",\"@id\":\"https:\/\/arsenal24.pl\/produkt\/ruger-ar-556-mpr-18-5-56-x-45-mm-arsenal-sklep\/#breadcrumb\",\"itemListElement\":[{\"@type\":\"ListItem\",\"position\":1,\"name\":\"Strona g\u0142\u00f3wna\",\"item\":\"https:\/\/arsenal24.pl\/\"},{\"@type\":\"ListItem\",\"position\":2,\"name\":\"Sklep\",\"item\":\"https:\/\/arsenal24.pl\/sklep\/\"},{\"@type\":\"ListItem\",\"position\":3,\"name\":\"Karabinek Ruger AR-556 MPR 18&#8221; 5,56 x 45 mm\"}]},{\"@type\":\"WebSite\",\"@id\":\"https:\/\/arsenal24.pl\/#website\",\"url\":\"https:\/\/arsenal24.pl\/\",\"name\":\"Arsena\u0142 - Profesjonalny sklep z broni\u0105 i akcesoriami\",\"description\":\"\",\"publisher\":{\"@id\":\"https:\/\/arsenal24.pl\/#organization\"},\"potentialAction\":[{\"@type\":\"SearchAction\",\"target\":{\"@type\":\"EntryPoint\",\"urlTemplate\":\"https:\/\/arsenal24.pl\/?s={search_term_string}\"},\"query-input\":{\"@type\":\"PropertyValueSpecification\",\"valueRequired\":true,\"valueName\":\"search_term_string\"}}],\"inLanguage\":\"en-US\"},{\"@type\":\"Organization\",\"@id\":\"https:\/\/arsenal24.pl\/#organization\",\"name\":\"Arsena\u0142 - Profesjonalny sklep z broni\u0105 i akcesoriami\",\"url\":\"https:\/\/arsenal24.pl\/\",\"logo\":{\"@type\":\"ImageObject\",\"inLanguage\":\"en-US\",\"@id\":\"https:\/\/arsenal24.pl\/#\/schema\/logo\/image\/\",\"url\":\"https:\/\/server568771.nazwa.pl\/arse\/wp-content\/uploads\/2024\/03\/arsenal-24-logo.png\",\"contentUrl\":\"https:\/\/server568771.nazwa.pl\/arse\/wp-content\/uploads\/2024\/03\/arsenal-24-logo.png\",\"width\":140,\"height\":140,\"caption\":\"Arsena\u0142 - Profesjonalny sklep z broni\u0105 i akcesoriami\"},\"image\":{\"@id\":\"https:\/\/arsenal24.pl\/#\/schema\/logo\/image\/\"},\"sameAs\":[\"https:\/\/www.facebook.com\/people\/Arsena-Sklep\/100035187290806\/?locale=pl_PL&paipv=0&eav=AfaBd4HS6M2sZy5PxVGmBIZx9hgg_97kXvqKJ8pngB-S_qRYY5xCeE23HjB7T-5FY6o&_rdr\"]}]}<\/script>\n<!-- \/ Yoast SEO Premium plugin. -->","yoast_head_json":{"title":"Ruger AR-556 MPR 18'' 5.56 x 45 mm - Arsena\u0142 Sklep","description":"Karabinek o wysokiej celno\u015bci, niskim odrzucie i solidnej konstrukcji \u2013 z luf\u0105 18\", systemem gazowym Rifle i spustem Ruger Elite do precyzyjnego strzelania.","robots":{"index":"index","follow":"follow","max-snippet":"max-snippet:-1","max-image-preview":"max-image-preview:large","max-video-preview":"max-video-preview:-1"},"canonical":"https:\/\/arsenal24.pl\/en\/product\/ruger-ar-556-mpr-18-5-56-x-45-mm-arsenal-sklep\/","og_locale":"en_US","og_type":"article","og_title":"Karabinek Ruger AR-556 MPR 18'' 5,56 x 45 mm","og_description":"Karabinek o wysokiej celno\u015bci, niskim odrzucie i solidnej konstrukcji \u2013 z luf\u0105 18\", systemem gazowym Rifle i spustem Ruger Elite do precyzyjnego strzelania.","og_url":"https:\/\/arsenal24.pl\/en\/product\/ruger-ar-556-mpr-18-5-56-x-45-mm-arsenal-sklep\/","og_site_name":"Arsena\u0142 - Profesjonalny sklep z broni\u0105 i akcesoriami","article_publisher":"https:\/\/www.facebook.com\/people\/Arsena-Sklep\/100035187290806\/?locale=pl_PL&paipv=0&eav=AfaBd4HS6M2sZy5PxVGmBIZx9hgg_97kXvqKJ8pngB-S_qRYY5xCeE23HjB7T-5FY6o&_rdr","article_modified_time":"2026-01-23T13:50:55+00:00","og_image":[{"width":1400,"height":1400,"url":"https:\/\/arsenal24.pl\/wp-content\/uploads\/2025\/04\/ruger-ar-556-mpr-18-8514-1.webp","type":"image\/webp"}],"twitter_card":"summary_large_image","twitter_misc":{"Est. reading time":"2 minutes"},"schema":{"@context":"https:\/\/schema.org","@graph":[{"@type":"WebPage","@id":"https:\/\/arsenal24.pl\/produkt\/ruger-ar-556-mpr-18-5-56-x-45-mm-arsenal-sklep\/","url":"https:\/\/arsenal24.pl\/produkt\/ruger-ar-556-mpr-18-5-56-x-45-mm-arsenal-sklep\/","name":"Ruger AR-556 MPR 18'' 5.56 x 45 mm - Arsena\u0142 Sklep","isPartOf":{"@id":"https:\/\/arsenal24.pl\/#website"},"primaryImageOfPage":{"@id":"https:\/\/arsenal24.pl\/produkt\/ruger-ar-556-mpr-18-5-56-x-45-mm-arsenal-sklep\/#primaryimage"},"image":{"@id":"https:\/\/arsenal24.pl\/produkt\/ruger-ar-556-mpr-18-5-56-x-45-mm-arsenal-sklep\/#primaryimage"},"thumbnailUrl":"https:\/\/arsenal24.pl\/wp-content\/uploads\/2025\/04\/ruger-ar-556-mpr-18-8514-1.webp","datePublished":"2025-04-28T16:35:12+00:00","dateModified":"2026-01-23T13:50:55+00:00","description":"Karabinek o wysokiej celno\u015bci, niskim odrzucie i solidnej konstrukcji \u2013 z luf\u0105 18\", systemem gazowym Rifle i spustem Ruger Elite do precyzyjnego strzelania.","breadcrumb":{"@id":"https:\/\/arsenal24.pl\/produkt\/ruger-ar-556-mpr-18-5-56-x-45-mm-arsenal-sklep\/#breadcrumb"},"inLanguage":"en-US","potentialAction":[{"@type":"ReadAction","target":["https:\/\/arsenal24.pl\/produkt\/ruger-ar-556-mpr-18-5-56-x-45-mm-arsenal-sklep\/"]}]},{"@type":"ImageObject","inLanguage":"en-US","@id":"https:\/\/arsenal24.pl\/produkt\/ruger-ar-556-mpr-18-5-56-x-45-mm-arsenal-sklep\/#primaryimage","url":"https:\/\/arsenal24.pl\/wp-content\/uploads\/2025\/04\/ruger-ar-556-mpr-18-8514-1.webp","contentUrl":"https:\/\/arsenal24.pl\/wp-content\/uploads\/2025\/04\/ruger-ar-556-mpr-18-8514-1.webp","width":1400,"height":1400},{"@type":"BreadcrumbList","@id":"https:\/\/arsenal24.pl\/produkt\/ruger-ar-556-mpr-18-5-56-x-45-mm-arsenal-sklep\/#breadcrumb","itemListElement":[{"@type":"ListItem","position":1,"name":"Strona g\u0142\u00f3wna","item":"https:\/\/arsenal24.pl\/"},{"@type":"ListItem","position":2,"name":"Sklep","item":"https:\/\/arsenal24.pl\/sklep\/"},{"@type":"ListItem","position":3,"name":"Karabinek Ruger AR-556 MPR 18&#8221; 5,56 x 45 mm"}]},{"@type":"WebSite","@id":"https:\/\/arsenal24.pl\/#website","url":"https:\/\/arsenal24.pl\/","name":"Arsenal - Professional store with weapons and accessories","description":"","publisher":{"@id":"https:\/\/arsenal24.pl\/#organization"},"potentialAction":[{"@type":"SearchAction","target":{"@type":"EntryPoint","urlTemplate":"https:\/\/arsenal24.pl\/?s={search_term_string}"},"query-input":{"@type":"PropertyValueSpecification","valueRequired":true,"valueName":"search_term_string"}}],"inLanguage":"en-US"},{"@type":"Organization","@id":"https:\/\/arsenal24.pl\/#organization","name":"Arsenal - Professional store with weapons and accessories","url":"https:\/\/arsenal24.pl\/","logo":{"@type":"ImageObject","inLanguage":"en-US","@id":"https:\/\/arsenal24.pl\/#\/schema\/logo\/image\/","url":"https:\/\/server568771.nazwa.pl\/arse\/wp-content\/uploads\/2024\/03\/arsenal-24-logo.png","contentUrl":"https:\/\/server568771.nazwa.pl\/arse\/wp-content\/uploads\/2024\/03\/arsenal-24-logo.png","width":140,"height":140,"caption":"Arsena\u0142 - Profesjonalny sklep z broni\u0105 i akcesoriami"},"image":{"@id":"https:\/\/arsenal24.pl\/#\/schema\/logo\/image\/"},"sameAs":["https:\/\/www.facebook.com\/people\/Arsena-Sklep\/100035187290806\/?locale=pl_PL&paipv=0&eav=AfaBd4HS6M2sZy5PxVGmBIZx9hgg_97kXvqKJ8pngB-S_qRYY5xCeE23HjB7T-5FY6o&_rdr"]}]}},"_links":{"self":[{"href":"https:\/\/arsenal24.pl\/en\/wp-json\/wp\/v2\/product\/6779","targetHints":{"allow":["GET"]}}],"collection":[{"href":"https:\/\/arsenal24.pl\/en\/wp-json\/wp\/v2\/product"}],"about":[{"href":"https:\/\/arsenal24.pl\/en\/wp-json\/wp\/v2\/types\/product"}],"version-history":[{"count":5,"href":"https:\/\/arsenal24.pl\/en\/wp-json\/wp\/v2\/product\/6779\/revisions"}],"predecessor-version":[{"id":6899,"href":"https:\/\/arsenal24.pl\/en\/wp-json\/wp\/v2\/product\/6779\/revisions\/6899"}],"wp:featuredmedia":[{"embeddable":true,"href":"https:\/\/arsenal24.pl\/en\/wp-json\/wp\/v2\/media\/6783"}],"wp:attachment":[{"href":"https:\/\/arsenal24.pl\/en\/wp-json\/wp\/v2\/media?parent=6779"}],"wp:term":[{"taxonomy":"brand","embeddable":true,"href":"https:\/\/arsenal24.pl\/en\/wp-json\/wp\/v2\/etheme_brands?post=6779"},{"taxonomy":"product_brand","embeddable":true,"href":"https:\/\/arsenal24.pl\/en\/wp-json\/wp\/v2\/product_brand?post=6779"},{"taxonomy":"product_cat","embeddable":true,"href":"https:\/\/arsenal24.pl\/en\/wp-json\/wp\/v2\/product_cat?post=6779"},{"taxonomy":"product_tag","embeddable":true,"href":"https:\/\/arsenal24.pl\/en\/wp-json\/wp\/v2\/product_tag?post=6779"}],"curies":[{"name":"wp","href":"https:\/\/api.w.org\/{rel}","templated":true}]}}