{"id":6763,"date":"2025-04-28T18:07:53","date_gmt":"2025-04-28T16:07:53","guid":{"rendered":"https:\/\/arsenal24.pl\/?post_type=product&#038;p=6763"},"modified":"2026-01-13T16:42:41","modified_gmt":"2026-01-13T15:42:41","slug":"ruger-mark-iv-hunter-688-22lr-arsenal-sklep","status":"publish","type":"product","link":"https:\/\/arsenal24.pl\/en\/product\/ruger-mark-iv-hunter-688-22lr-arsenal-sklep\/","title":{"rendered":"Pistolet Ruger Mark IV Hunter 6,88 .22LR"},"content":{"rendered":"<h2>Opis produktu<\/h2>\n<p>Ergonomiczny, antypo\u015blizgowy chwyt zapewnia pewno\u015b\u0107 prowadzenia, a jego wymienno\u015b\u0107 pozwala na idealne dopasowanie do d\u0142oni u\u017cytkownika. Wewn\u0119trzny zamek zwi\u0119ksza precyzj\u0119 przyrz\u0105d\u00f3w celowniczych, a wyprofilowane okno wyrzutowe zapewnia niezawodn\u0105 prac\u0119 z praktycznie ka\u017cdym rodzajem amunicji. Pistolet wyposa\u017cono tak\u017ce w nagwintowane otwory do monta\u017cu szyny typu Weaver lub Picatinny, umo\u017cliwiaj\u0105ce dodanie kolimatora lub innych akcesori\u00f3w. Konstrukcja uwzgl\u0119dnia potrzeby os\u00f3b lewor\u0119cznych \u2013 bezpiecznik mo\u017cna prze\u0142o\u017cy\u0107 na drug\u0105 stron\u0119. Dodatkowo zastosowano zabezpieczenie przed oddaniem strza\u0142u \u201ena sucho\u201d przy wypi\u0119tym magazynku. W zestawie znajduj\u0105 si\u0119 dwa 10-nabojowe magazynki. Ca\u0142o\u015b\u0107 wyko\u0144czona zosta\u0142a w trwa\u0142ej stali nierdzewnej, co podkre\u015bla solidno\u015b\u0107 i nowoczesny charakter tej broni sportowej.<\/p>\n<h2 class=\"section-header\"><span class=\"section-title\">Technical data<\/span><\/h2>\n<div id=\"description\" class=\"product-description-container rolled-up\">\n<div class=\"section-content mobile-product-description\">\n<div class=\"product-description\">\n<ul>\n<li>Proste rozbieranie za pomoc\u0105 jednego przycisku w celu szybkiego i \u0142atwego czyszczenia komory oraz lufy. Naci\u015bni\u0119cie przycisku z ty\u0142u szkieletu umo\u017cliwia otworzenie broni u\u017cycia narz\u0119dzi.<\/li>\n<li>Szkielet wykonany z jednego kawa\u0142ka za pomoc\u0105 CNC<\/li>\n<li>Lufa kuta na zimno zapewnia wyj\u0105tkow\u0105 precyzj\u0119, celno\u015b\u0107 i d\u0142ugowieczno\u015b\u0107.<\/li>\n<li>Wygodny, wyprofilowany i antypo\u015blizgowy chwyt. Istnieje mo\u017cliwo\u015b\u0107 wymiany chwytu<\/li>\n<li>Wewn\u0119trzny zamek zapewnia wi\u0119ksz\u0105 precyzj\u0119 przyrz\u0105d\u00f3w celowniczych ni\u017c konwencjonalne konstrukcje.<\/li>\n<li>Wyprofilowane okno wyrzutowe zapewnia niezawodn\u0105 prac\u0119 na praktycznie ka\u017cdym rodzaju amunicji<\/li>\n<li>Wywiercone i nagwintowane otwory umo\u017cliwiaj\u0105 zamontowanie szyny typu Weaver lub Picatinny, do monta\u017cu kolimator\u00f3w itp.<\/li>\n<li>Mo\u017cliwo\u015b\u0107 prze\u0142o\u017cenia bezpiecznika dla strzelc\u00f3w lewor\u0119cznych<\/li>\n<li>Brak mo\u017cliwo\u015bci oddania strza\u0142u \u201eNa Sucho\u201d gdy magazynek jest wypi\u0119ty<\/li>\n<li>W zestawie dwa magazynki 10 nabojowe<\/li>\n<\/ul>\n<p>&nbsp;<\/p>\n<h2>Specyfikacja<\/h2>\n<ul>\n<li>Model: 40118<\/li>\n<li>Kaliber: .22LR<\/li>\n<li>Pojemno\u015b\u0107: 10+1<\/li>\n<li>D\u0142ugo\u015b\u0107 lufy: 6,88&#8243;<\/li>\n<li>Przyrz\u0105dy: Zintegrowane, regulowana szczerbinka<\/li>\n<li>Materia\u0142 zamka: \u00a0Stal nierdzewna<\/li>\n<li>Lufa: Kuta na zimno<\/li>\n<li>Wyko\u0144czenie zamka: Stal nierdzewna<\/li>\n<li>Wyko\u0144czenie lufy: Stal nierdzewna<\/li>\n<li>Szeroko\u015b\u0107: 30,5 mm<\/li>\n<li>Waga: 1247 g<\/li>\n<li>D\u0142ugo\u015b\u0107 ca\u0142kowita: 282 mm<\/li>\n<li>Wysoko\u015b\u0107: 140 mm<\/li>\n<li>Skok gwintu: 1:16&#8243; prawy z 6 bruzdami<\/li>\n<\/ul>\n<p>&nbsp;<\/p>\n<p>Uwaga! Prezentowane zdj\u0119cia maj\u0105 charakter pogl\u0105dowy.<\/p>\n<\/div>\n<\/div>\n<\/div>","protected":false},"excerpt":{"rendered":"<p>Pistolet ten to nowoczesna konstrukcja, kt\u00f3ra \u0142\u0105czy precyzj\u0119 wykonania z praktycznymi rozwi\u0105zaniami technicznymi. Zimno kuta lufa o d\u0142ugo\u015bci 6,88 cala zapewnia wyj\u0105tkow\u0105 celno\u015b\u0107 oraz trwa\u0142o\u015b\u0107, a jednocz\u0119\u015bciowy szkielet wykonany metod\u0105 CNC gwarantuje niezawodno\u015b\u0107 i sztywno\u015b\u0107 ca\u0142ej konstrukcji. Intuicyjny system rozk\u0142adania broni jednym przyciskiem umo\u017cliwia szybkie i wygodne czyszczenie \u2013 bez konieczno\u015bci u\u017cycia narz\u0119dzi.<\/p>","protected":false},"featured_media":6769,"template":"","meta":[],"etheme_brands":[],"product_brand":[],"product_cat":[71,49],"product_tag":[],"class_list":{"0":"post-6763","1":"product","2":"type-product","3":"status-publish","4":"has-post-thumbnail","6":"product_cat-bron-bocznego-zaplonu","7":"product_cat-bron-krotka","9":"first","10":"instock","11":"shipping-taxable","12":"purchasable","13":"product-type-simple"},"yoast_head":"<!-- This site is optimized with the Yoast SEO Premium plugin v24.0 (Yoast SEO v26.0) - https:\/\/yoast.com\/wordpress\/plugins\/seo\/ -->\n<title>Ruger Mark IV Hunter 6,88 .22LR - Arsena\u0142 Sklep<\/title>\n<meta name=\"description\" content=\"Ruger Mark IV Hunter kalibru .22LR to bro\u0144 sportowa stworzona z my\u015bl\u0105 o maksymalnej funkcjonalno\u015bci i komforcie u\u017cytkowania.\" \/>\n<meta name=\"robots\" content=\"index, follow, max-snippet:-1, max-image-preview:large, max-video-preview:-1\" \/>\n<link rel=\"canonical\" href=\"https:\/\/arsenal24.pl\/en\/product\/ruger-mark-iv-hunter-688-22lr-arsenal-sklep\/\" \/>\n<meta property=\"og:locale\" content=\"en_US\" \/>\n<meta property=\"og:type\" content=\"article\" \/>\n<meta property=\"og:title\" content=\"Pistolet Ruger Mark IV Hunter 6,88 .22LR\" \/>\n<meta property=\"og:description\" content=\"Ruger Mark IV Hunter kalibru .22LR to bro\u0144 sportowa stworzona z my\u015bl\u0105 o maksymalnej funkcjonalno\u015bci i komforcie u\u017cytkowania.\" \/>\n<meta property=\"og:url\" content=\"https:\/\/arsenal24.pl\/en\/product\/ruger-mark-iv-hunter-688-22lr-arsenal-sklep\/\" \/>\n<meta property=\"og:site_name\" content=\"Arsena\u0142 - Profesjonalny sklep z broni\u0105 i akcesoriami\" \/>\n<meta property=\"article:publisher\" content=\"https:\/\/www.facebook.com\/people\/Arsena-Sklep\/100035187290806\/?locale=pl_PL&amp;paipv=0&amp;eav=AfaBd4HS6M2sZy5PxVGmBIZx9hgg_97kXvqKJ8pngB-S_qRYY5xCeE23HjB7T-5FY6o&amp;_rdr\" \/>\n<meta property=\"article:modified_time\" content=\"2026-01-13T15:42:41+00:00\" \/>\n<meta property=\"og:image\" content=\"https:\/\/arsenal24.pl\/wp-content\/uploads\/2025\/04\/ruger-mark-iv-hunter-6-88-40118.webp\" \/>\n\t<meta property=\"og:image:width\" content=\"1300\" \/>\n\t<meta property=\"og:image:height\" content=\"1300\" \/>\n\t<meta property=\"og:image:type\" content=\"image\/webp\" \/>\n<meta name=\"twitter:card\" content=\"summary_large_image\" \/>\n<meta name=\"twitter:label1\" content=\"Est. reading time\" \/>\n\t<meta name=\"twitter:data1\" content=\"2 minutes\" \/>\n<script type=\"application\/ld+json\" class=\"yoast-schema-graph\">{\"@context\":\"https:\/\/schema.org\",\"@graph\":[{\"@type\":\"WebPage\",\"@id\":\"https:\/\/arsenal24.pl\/produkt\/ruger-mark-iv-hunter-688-22lr-arsenal-sklep\/\",\"url\":\"https:\/\/arsenal24.pl\/produkt\/ruger-mark-iv-hunter-688-22lr-arsenal-sklep\/\",\"name\":\"Ruger Mark IV Hunter 6,88 .22LR - Arsena\u0142 Sklep\",\"isPartOf\":{\"@id\":\"https:\/\/arsenal24.pl\/#website\"},\"primaryImageOfPage\":{\"@id\":\"https:\/\/arsenal24.pl\/produkt\/ruger-mark-iv-hunter-688-22lr-arsenal-sklep\/#primaryimage\"},\"image\":{\"@id\":\"https:\/\/arsenal24.pl\/produkt\/ruger-mark-iv-hunter-688-22lr-arsenal-sklep\/#primaryimage\"},\"thumbnailUrl\":\"https:\/\/arsenal24.pl\/wp-content\/uploads\/2025\/04\/ruger-mark-iv-hunter-6-88-40118.webp\",\"datePublished\":\"2025-04-28T16:07:53+00:00\",\"dateModified\":\"2026-01-13T15:42:41+00:00\",\"description\":\"Ruger Mark IV Hunter kalibru .22LR to bro\u0144 sportowa stworzona z my\u015bl\u0105 o maksymalnej funkcjonalno\u015bci i komforcie u\u017cytkowania.\",\"breadcrumb\":{\"@id\":\"https:\/\/arsenal24.pl\/produkt\/ruger-mark-iv-hunter-688-22lr-arsenal-sklep\/#breadcrumb\"},\"inLanguage\":\"en-US\",\"potentialAction\":[{\"@type\":\"ReadAction\",\"target\":[\"https:\/\/arsenal24.pl\/produkt\/ruger-mark-iv-hunter-688-22lr-arsenal-sklep\/\"]}]},{\"@type\":\"ImageObject\",\"inLanguage\":\"en-US\",\"@id\":\"https:\/\/arsenal24.pl\/produkt\/ruger-mark-iv-hunter-688-22lr-arsenal-sklep\/#primaryimage\",\"url\":\"https:\/\/arsenal24.pl\/wp-content\/uploads\/2025\/04\/ruger-mark-iv-hunter-6-88-40118.webp\",\"contentUrl\":\"https:\/\/arsenal24.pl\/wp-content\/uploads\/2025\/04\/ruger-mark-iv-hunter-6-88-40118.webp\",\"width\":1300,\"height\":1300},{\"@type\":\"BreadcrumbList\",\"@id\":\"https:\/\/arsenal24.pl\/produkt\/ruger-mark-iv-hunter-688-22lr-arsenal-sklep\/#breadcrumb\",\"itemListElement\":[{\"@type\":\"ListItem\",\"position\":1,\"name\":\"Strona g\u0142\u00f3wna\",\"item\":\"https:\/\/arsenal24.pl\/\"},{\"@type\":\"ListItem\",\"position\":2,\"name\":\"Sklep\",\"item\":\"https:\/\/arsenal24.pl\/sklep\/\"},{\"@type\":\"ListItem\",\"position\":3,\"name\":\"Pistolet Ruger Mark IV Hunter 6,88 .22LR\"}]},{\"@type\":\"WebSite\",\"@id\":\"https:\/\/arsenal24.pl\/#website\",\"url\":\"https:\/\/arsenal24.pl\/\",\"name\":\"Arsena\u0142 - Profesjonalny sklep z broni\u0105 i akcesoriami\",\"description\":\"\",\"publisher\":{\"@id\":\"https:\/\/arsenal24.pl\/#organization\"},\"potentialAction\":[{\"@type\":\"SearchAction\",\"target\":{\"@type\":\"EntryPoint\",\"urlTemplate\":\"https:\/\/arsenal24.pl\/?s={search_term_string}\"},\"query-input\":{\"@type\":\"PropertyValueSpecification\",\"valueRequired\":true,\"valueName\":\"search_term_string\"}}],\"inLanguage\":\"en-US\"},{\"@type\":\"Organization\",\"@id\":\"https:\/\/arsenal24.pl\/#organization\",\"name\":\"Arsena\u0142 - Profesjonalny sklep z broni\u0105 i akcesoriami\",\"url\":\"https:\/\/arsenal24.pl\/\",\"logo\":{\"@type\":\"ImageObject\",\"inLanguage\":\"en-US\",\"@id\":\"https:\/\/arsenal24.pl\/#\/schema\/logo\/image\/\",\"url\":\"https:\/\/server568771.nazwa.pl\/arse\/wp-content\/uploads\/2024\/03\/arsenal-24-logo.png\",\"contentUrl\":\"https:\/\/server568771.nazwa.pl\/arse\/wp-content\/uploads\/2024\/03\/arsenal-24-logo.png\",\"width\":140,\"height\":140,\"caption\":\"Arsena\u0142 - Profesjonalny sklep z broni\u0105 i akcesoriami\"},\"image\":{\"@id\":\"https:\/\/arsenal24.pl\/#\/schema\/logo\/image\/\"},\"sameAs\":[\"https:\/\/www.facebook.com\/people\/Arsena-Sklep\/100035187290806\/?locale=pl_PL&paipv=0&eav=AfaBd4HS6M2sZy5PxVGmBIZx9hgg_97kXvqKJ8pngB-S_qRYY5xCeE23HjB7T-5FY6o&_rdr\"]}]}<\/script>\n<!-- \/ Yoast SEO Premium plugin. -->","yoast_head_json":{"title":"Ruger Mark IV Hunter 6,88 .22LR - Arsena\u0142 Sklep","description":"Ruger Mark IV Hunter kalibru .22LR to bro\u0144 sportowa stworzona z my\u015bl\u0105 o maksymalnej funkcjonalno\u015bci i komforcie u\u017cytkowania.","robots":{"index":"index","follow":"follow","max-snippet":"max-snippet:-1","max-image-preview":"max-image-preview:large","max-video-preview":"max-video-preview:-1"},"canonical":"https:\/\/arsenal24.pl\/en\/product\/ruger-mark-iv-hunter-688-22lr-arsenal-sklep\/","og_locale":"en_US","og_type":"article","og_title":"Pistolet Ruger Mark IV Hunter 6,88 .22LR","og_description":"Ruger Mark IV Hunter kalibru .22LR to bro\u0144 sportowa stworzona z my\u015bl\u0105 o maksymalnej funkcjonalno\u015bci i komforcie u\u017cytkowania.","og_url":"https:\/\/arsenal24.pl\/en\/product\/ruger-mark-iv-hunter-688-22lr-arsenal-sklep\/","og_site_name":"Arsena\u0142 - Profesjonalny sklep z broni\u0105 i akcesoriami","article_publisher":"https:\/\/www.facebook.com\/people\/Arsena-Sklep\/100035187290806\/?locale=pl_PL&paipv=0&eav=AfaBd4HS6M2sZy5PxVGmBIZx9hgg_97kXvqKJ8pngB-S_qRYY5xCeE23HjB7T-5FY6o&_rdr","article_modified_time":"2026-01-13T15:42:41+00:00","og_image":[{"width":1300,"height":1300,"url":"https:\/\/arsenal24.pl\/wp-content\/uploads\/2025\/04\/ruger-mark-iv-hunter-6-88-40118.webp","type":"image\/webp"}],"twitter_card":"summary_large_image","twitter_misc":{"Est. reading time":"2 minutes"},"schema":{"@context":"https:\/\/schema.org","@graph":[{"@type":"WebPage","@id":"https:\/\/arsenal24.pl\/produkt\/ruger-mark-iv-hunter-688-22lr-arsenal-sklep\/","url":"https:\/\/arsenal24.pl\/produkt\/ruger-mark-iv-hunter-688-22lr-arsenal-sklep\/","name":"Ruger Mark IV Hunter 6,88 .22LR - Arsena\u0142 Sklep","isPartOf":{"@id":"https:\/\/arsenal24.pl\/#website"},"primaryImageOfPage":{"@id":"https:\/\/arsenal24.pl\/produkt\/ruger-mark-iv-hunter-688-22lr-arsenal-sklep\/#primaryimage"},"image":{"@id":"https:\/\/arsenal24.pl\/produkt\/ruger-mark-iv-hunter-688-22lr-arsenal-sklep\/#primaryimage"},"thumbnailUrl":"https:\/\/arsenal24.pl\/wp-content\/uploads\/2025\/04\/ruger-mark-iv-hunter-6-88-40118.webp","datePublished":"2025-04-28T16:07:53+00:00","dateModified":"2026-01-13T15:42:41+00:00","description":"Ruger Mark IV Hunter kalibru .22LR to bro\u0144 sportowa stworzona z my\u015bl\u0105 o maksymalnej funkcjonalno\u015bci i komforcie u\u017cytkowania.","breadcrumb":{"@id":"https:\/\/arsenal24.pl\/produkt\/ruger-mark-iv-hunter-688-22lr-arsenal-sklep\/#breadcrumb"},"inLanguage":"en-US","potentialAction":[{"@type":"ReadAction","target":["https:\/\/arsenal24.pl\/produkt\/ruger-mark-iv-hunter-688-22lr-arsenal-sklep\/"]}]},{"@type":"ImageObject","inLanguage":"en-US","@id":"https:\/\/arsenal24.pl\/produkt\/ruger-mark-iv-hunter-688-22lr-arsenal-sklep\/#primaryimage","url":"https:\/\/arsenal24.pl\/wp-content\/uploads\/2025\/04\/ruger-mark-iv-hunter-6-88-40118.webp","contentUrl":"https:\/\/arsenal24.pl\/wp-content\/uploads\/2025\/04\/ruger-mark-iv-hunter-6-88-40118.webp","width":1300,"height":1300},{"@type":"BreadcrumbList","@id":"https:\/\/arsenal24.pl\/produkt\/ruger-mark-iv-hunter-688-22lr-arsenal-sklep\/#breadcrumb","itemListElement":[{"@type":"ListItem","position":1,"name":"Strona g\u0142\u00f3wna","item":"https:\/\/arsenal24.pl\/"},{"@type":"ListItem","position":2,"name":"Sklep","item":"https:\/\/arsenal24.pl\/sklep\/"},{"@type":"ListItem","position":3,"name":"Pistolet Ruger Mark IV Hunter 6,88 .22LR"}]},{"@type":"WebSite","@id":"https:\/\/arsenal24.pl\/#website","url":"https:\/\/arsenal24.pl\/","name":"Arsenal - Professional store with weapons and accessories","description":"","publisher":{"@id":"https:\/\/arsenal24.pl\/#organization"},"potentialAction":[{"@type":"SearchAction","target":{"@type":"EntryPoint","urlTemplate":"https:\/\/arsenal24.pl\/?s={search_term_string}"},"query-input":{"@type":"PropertyValueSpecification","valueRequired":true,"valueName":"search_term_string"}}],"inLanguage":"en-US"},{"@type":"Organization","@id":"https:\/\/arsenal24.pl\/#organization","name":"Arsenal - Professional store with weapons and accessories","url":"https:\/\/arsenal24.pl\/","logo":{"@type":"ImageObject","inLanguage":"en-US","@id":"https:\/\/arsenal24.pl\/#\/schema\/logo\/image\/","url":"https:\/\/server568771.nazwa.pl\/arse\/wp-content\/uploads\/2024\/03\/arsenal-24-logo.png","contentUrl":"https:\/\/server568771.nazwa.pl\/arse\/wp-content\/uploads\/2024\/03\/arsenal-24-logo.png","width":140,"height":140,"caption":"Arsena\u0142 - Profesjonalny sklep z broni\u0105 i akcesoriami"},"image":{"@id":"https:\/\/arsenal24.pl\/#\/schema\/logo\/image\/"},"sameAs":["https:\/\/www.facebook.com\/people\/Arsena-Sklep\/100035187290806\/?locale=pl_PL&paipv=0&eav=AfaBd4HS6M2sZy5PxVGmBIZx9hgg_97kXvqKJ8pngB-S_qRYY5xCeE23HjB7T-5FY6o&_rdr"]}]}},"_links":{"self":[{"href":"https:\/\/arsenal24.pl\/en\/wp-json\/wp\/v2\/product\/6763","targetHints":{"allow":["GET"]}}],"collection":[{"href":"https:\/\/arsenal24.pl\/en\/wp-json\/wp\/v2\/product"}],"about":[{"href":"https:\/\/arsenal24.pl\/en\/wp-json\/wp\/v2\/types\/product"}],"version-history":[{"count":6,"href":"https:\/\/arsenal24.pl\/en\/wp-json\/wp\/v2\/product\/6763\/revisions"}],"predecessor-version":[{"id":6900,"href":"https:\/\/arsenal24.pl\/en\/wp-json\/wp\/v2\/product\/6763\/revisions\/6900"}],"wp:featuredmedia":[{"embeddable":true,"href":"https:\/\/arsenal24.pl\/en\/wp-json\/wp\/v2\/media\/6769"}],"wp:attachment":[{"href":"https:\/\/arsenal24.pl\/en\/wp-json\/wp\/v2\/media?parent=6763"}],"wp:term":[{"taxonomy":"brand","embeddable":true,"href":"https:\/\/arsenal24.pl\/en\/wp-json\/wp\/v2\/etheme_brands?post=6763"},{"taxonomy":"product_brand","embeddable":true,"href":"https:\/\/arsenal24.pl\/en\/wp-json\/wp\/v2\/product_brand?post=6763"},{"taxonomy":"product_cat","embeddable":true,"href":"https:\/\/arsenal24.pl\/en\/wp-json\/wp\/v2\/product_cat?post=6763"},{"taxonomy":"product_tag","embeddable":true,"href":"https:\/\/arsenal24.pl\/en\/wp-json\/wp\/v2\/product_tag?post=6763"}],"curies":[{"name":"wp","href":"https:\/\/api.w.org\/{rel}","templated":true}]}}