{"id":6712,"date":"2025-04-04T17:43:29","date_gmt":"2025-04-04T15:43:29","guid":{"rendered":"https:\/\/arsenal24.pl\/?post_type=product&#038;p=6712"},"modified":"2025-11-20T14:56:17","modified_gmt":"2025-11-20T13:56:17","slug":"pistolet-glock-43x-black-9x19m-arsenal-sklep","status":"publish","type":"product","link":"https:\/\/arsenal24.pl\/en\/product\/pistolet-glock-43x-black-9x19m-arsenal-sklep\/","title":{"rendered":"Pistolet Glock 43X Black 9x19m"},"content":{"rendered":"<h3 data-start=\"438\" data-end=\"482\">Cechy wyr\u00f3\u017cniaj\u0105ce Glock 43X Black Rail:<\/h3>\n<ul data-start=\"483\" data-end=\"1447\">\n<li class=\"\" data-start=\"483\" data-end=\"606\">\n<p class=\"\" data-start=\"485\" data-end=\"606\"><strong data-start=\"485\" data-end=\"504\">Kaliber 9&#215;19 mm<\/strong> \u2013 popularny kaliber, kt\u00f3ry zapewnia odpowiedni\u0105 r\u00f3wnowag\u0119 pomi\u0119dzy si\u0142\u0105 ognia a \u0142atwo\u015bci\u0105 w kontroli.<\/p>\n<\/li>\n<li class=\"\" data-start=\"607\" data-end=\"823\">\n<p class=\"\" data-start=\"609\" data-end=\"823\"><strong data-start=\"609\" data-end=\"644\">Magazynek o pojemno\u015bci 10 naboi<\/strong> \u2013 w odr\u00f3\u017cnieniu od innych mikro kompakt\u00f3w, kt\u00f3re oferuj\u0105 zazwyczaj 6-7 naboi, Glock 43X daje u\u017cytkownikowi 10 naboj\u00f3w, co w sytuacjach kryzysowych mo\u017ce stanowi\u0107 kluczow\u0105 r\u00f3\u017cnic\u0119.<\/p>\n<\/li>\n<li class=\"\" data-start=\"824\" data-end=\"957\">\n<p class=\"\" data-start=\"826\" data-end=\"957\"><strong data-start=\"826\" data-end=\"856\">Niezwykle lekki i por\u0119czny<\/strong> \u2013 masa bez magazynka to zaledwie 465 g, co czyni ten pistolet jednym z najl\u017cejszych w swojej klasie.<\/p>\n<\/li>\n<li class=\"\" data-start=\"958\" data-end=\"1125\">\n<p class=\"\" data-start=\"960\" data-end=\"1125\"><strong data-start=\"960\" data-end=\"981\">Szyna akcesoryjna<\/strong> \u2013 wersja Black Rail wyposa\u017cona jest w szyn\u0119, kt\u00f3ra umo\u017cliwia monta\u017c akcesori\u00f3w, takich jak latarka czy laser, zwi\u0119kszaj\u0105c funkcjonalno\u015b\u0107 broni.<\/p>\n<\/li>\n<li class=\"\" data-start=\"1126\" data-end=\"1261\">\n<p class=\"\" data-start=\"1128\" data-end=\"1261\"><strong data-start=\"1128\" data-end=\"1150\">D\u0142ugo\u015b\u0107 lufy 87 mm<\/strong> \u2013 zapewnia odpowiedni\u0105 celno\u015b\u0107 na dystansach do 5-10 metr\u00f3w, co jest typowe dla broni przeznaczonej do obrony.<\/p>\n<\/li>\n<li class=\"\" data-start=\"1262\" data-end=\"1447\">\n<p class=\"\" data-start=\"1264\" data-end=\"1447\"><strong data-start=\"1264\" data-end=\"1296\">Prosta obs\u0142uga i konserwacja<\/strong> \u2013 jak w przypadku innych modeli Glocka, 43X charakteryzuje si\u0119 wyj\u0105tkow\u0105 niezawodno\u015bci\u0105, \u0142atwo\u015bci\u0105 u\u017cytkowania oraz prostot\u0105 w konserwacji i serwisie.<\/p>\n<\/li>\n<\/ul>\n<p class=\"\" data-start=\"1859\" data-end=\"1876\"><strong data-start=\"1859\" data-end=\"1876\">Specification:<\/strong><\/p>\n<ul data-start=\"1877\" data-end=\"2062\">\n<li class=\"\" data-start=\"1877\" data-end=\"1899\">\n<p class=\"\" data-start=\"1879\" data-end=\"1899\"><strong data-start=\"1879\" data-end=\"1891\">Caliber:<\/strong> 9&#215;19 mm<\/p>\n<\/li>\n<li class=\"\" data-start=\"1900\" data-end=\"1931\">\n<p class=\"\" data-start=\"1902\" data-end=\"1931\"><strong data-start=\"1902\" data-end=\"1925\">Masa bez magazynka:<\/strong> 465 g<\/p>\n<\/li>\n<li class=\"\" data-start=\"1932\" data-end=\"1966\">\n<p class=\"\" data-start=\"1934\" data-end=\"1966\"><strong data-start=\"1934\" data-end=\"1961\">Masa pustego magazynka:<\/strong> 65 g<\/p>\n<\/li>\n<li class=\"\" data-start=\"1967\" data-end=\"2004\">\n<p class=\"\" data-start=\"1969\" data-end=\"2004\"><strong data-start=\"1969\" data-end=\"1993\">Magazine capacity:<\/strong> 10 naboj\u00f3w<\/p>\n<\/li>\n<li class=\"\" data-start=\"2005\" data-end=\"2036\">\n<p class=\"\" data-start=\"2007\" data-end=\"2036\"><strong data-start=\"2007\" data-end=\"2029\">Overall length:<\/strong> 165 mm<\/p>\n<\/li>\n<li class=\"\" data-start=\"2037\" data-end=\"2062\">\n<p class=\"\" data-start=\"2039\" data-end=\"2062\"><strong data-start=\"2039\" data-end=\"2056\">Barrel length:<\/strong> 87 mm<\/p>\n<\/li>\n<\/ul>","protected":false},"excerpt":{"rendered":"<p>Glock 43X Black Rail to nowoczesna bro\u0144, kt\u00f3ra idealnie wpisuje si\u0119 w segment mikro kompakt\u00f3w, zaprojektowanych z my\u015bl\u0105 o codziennym, skrytym noszeniu (CCW \u2013 Concealed Carry Weapon). Dzi\u0119ki swojej niezawodno\u015bci, lekko\u015bci i por\u0119czno\u015bci, stanowi doskona\u0142y wyb\u00f3r do samoobrony, oferuj\u0105c przy tym wi\u0119ksz\u0105 pojemno\u015b\u0107 magazynka w por\u00f3wnaniu do innych kompaktowych pistolet\u00f3w.<\/p>","protected":false},"featured_media":6717,"template":"","meta":[],"etheme_brands":[{"term_id":51,"name":"Glock","slug":"glock-gmbh","term_group":0,"term_taxonomy_id":51,"taxonomy":"brand","description":"","parent":0,"count":11,"filter":"raw"}],"product_brand":[],"product_cat":[49],"product_tag":[],"class_list":{"0":"post-6712","1":"product","2":"type-product","3":"status-publish","4":"has-post-thumbnail","6":"brand-glock-gmbh","7":"product_cat-bron-krotka","9":"first","10":"instock","11":"sale","12":"shipping-taxable","13":"purchasable","14":"product-type-simple"},"yoast_head":"<!-- This site is optimized with the Yoast SEO Premium plugin v24.0 (Yoast SEO v26.0) - https:\/\/yoast.com\/wordpress\/plugins\/seo\/ -->\n<title>Pistolet Glock 43X Black 9x19m - Arsena\u0142 Sklep<\/title>\n<meta name=\"robots\" content=\"index, follow, max-snippet:-1, max-image-preview:large, max-video-preview:-1\" \/>\n<link rel=\"canonical\" href=\"https:\/\/arsenal24.pl\/en\/product\/pistolet-glock-43x-black-9x19m-arsenal-sklep\/\" \/>\n<meta property=\"og:locale\" content=\"en_US\" \/>\n<meta property=\"og:type\" content=\"article\" \/>\n<meta property=\"og:title\" content=\"Pistolet Glock 43X Black 9x19m\" \/>\n<meta property=\"og:description\" content=\"Glock 43X Black Rail to nowoczesna bro\u0144, kt\u00f3ra idealnie wpisuje si\u0119 w segment mikro kompakt\u00f3w, zaprojektowanych z my\u015bl\u0105 o codziennym, skrytym noszeniu (CCW \u2013 Concealed Carry Weapon). Dzi\u0119ki swojej niezawodno\u015bci, lekko\u015bci i por\u0119czno\u015bci, stanowi doskona\u0142y wyb\u00f3r do samoobrony, oferuj\u0105c przy tym wi\u0119ksz\u0105 pojemno\u015b\u0107 magazynka w por\u00f3wnaniu do innych kompaktowych pistolet\u00f3w.\" \/>\n<meta property=\"og:url\" content=\"https:\/\/arsenal24.pl\/en\/product\/pistolet-glock-43x-black-9x19m-arsenal-sklep\/\" \/>\n<meta property=\"og:site_name\" content=\"Arsena\u0142 - Profesjonalny sklep z broni\u0105 i akcesoriami\" \/>\n<meta property=\"article:publisher\" content=\"https:\/\/www.facebook.com\/people\/Arsena-Sklep\/100035187290806\/?locale=pl_PL&amp;paipv=0&amp;eav=AfaBd4HS6M2sZy5PxVGmBIZx9hgg_97kXvqKJ8pngB-S_qRYY5xCeE23HjB7T-5FY6o&amp;_rdr\" \/>\n<meta property=\"article:modified_time\" content=\"2025-11-20T13:56:17+00:00\" \/>\n<meta property=\"og:image\" content=\"https:\/\/arsenal24.pl\/wp-content\/uploads\/2025\/04\/photo01-1.webp\" \/>\n\t<meta property=\"og:image:width\" content=\"1176\" \/>\n\t<meta property=\"og:image:height\" content=\"1176\" \/>\n\t<meta property=\"og:image:type\" content=\"image\/webp\" \/>\n<meta name=\"twitter:card\" content=\"summary_large_image\" \/>\n<meta name=\"twitter:label1\" content=\"Est. reading time\" \/>\n\t<meta name=\"twitter:data1\" content=\"2 minutes\" \/>\n<script type=\"application\/ld+json\" class=\"yoast-schema-graph\">{\"@context\":\"https:\/\/schema.org\",\"@graph\":[{\"@type\":\"WebPage\",\"@id\":\"https:\/\/arsenal24.pl\/produkt\/pistolet-glock-43x-black-9x19m-arsenal-sklep\/\",\"url\":\"https:\/\/arsenal24.pl\/produkt\/pistolet-glock-43x-black-9x19m-arsenal-sklep\/\",\"name\":\"Pistolet Glock 43X Black 9x19m - Arsena\u0142 Sklep\",\"isPartOf\":{\"@id\":\"https:\/\/arsenal24.pl\/#website\"},\"primaryImageOfPage\":{\"@id\":\"https:\/\/arsenal24.pl\/produkt\/pistolet-glock-43x-black-9x19m-arsenal-sklep\/#primaryimage\"},\"image\":{\"@id\":\"https:\/\/arsenal24.pl\/produkt\/pistolet-glock-43x-black-9x19m-arsenal-sklep\/#primaryimage\"},\"thumbnailUrl\":\"https:\/\/arsenal24.pl\/wp-content\/uploads\/2025\/04\/photo01-1.webp\",\"datePublished\":\"2025-04-04T15:43:29+00:00\",\"dateModified\":\"2025-11-20T13:56:17+00:00\",\"breadcrumb\":{\"@id\":\"https:\/\/arsenal24.pl\/produkt\/pistolet-glock-43x-black-9x19m-arsenal-sklep\/#breadcrumb\"},\"inLanguage\":\"en-US\",\"potentialAction\":[{\"@type\":\"ReadAction\",\"target\":[\"https:\/\/arsenal24.pl\/produkt\/pistolet-glock-43x-black-9x19m-arsenal-sklep\/\"]}]},{\"@type\":\"ImageObject\",\"inLanguage\":\"en-US\",\"@id\":\"https:\/\/arsenal24.pl\/produkt\/pistolet-glock-43x-black-9x19m-arsenal-sklep\/#primaryimage\",\"url\":\"https:\/\/arsenal24.pl\/wp-content\/uploads\/2025\/04\/photo01-1.webp\",\"contentUrl\":\"https:\/\/arsenal24.pl\/wp-content\/uploads\/2025\/04\/photo01-1.webp\",\"width\":1176,\"height\":1176},{\"@type\":\"BreadcrumbList\",\"@id\":\"https:\/\/arsenal24.pl\/produkt\/pistolet-glock-43x-black-9x19m-arsenal-sklep\/#breadcrumb\",\"itemListElement\":[{\"@type\":\"ListItem\",\"position\":1,\"name\":\"Strona g\u0142\u00f3wna\",\"item\":\"https:\/\/arsenal24.pl\/\"},{\"@type\":\"ListItem\",\"position\":2,\"name\":\"Sklep\",\"item\":\"https:\/\/arsenal24.pl\/sklep\/\"},{\"@type\":\"ListItem\",\"position\":3,\"name\":\"Pistolet Glock 43X Black 9x19m\"}]},{\"@type\":\"WebSite\",\"@id\":\"https:\/\/arsenal24.pl\/#website\",\"url\":\"https:\/\/arsenal24.pl\/\",\"name\":\"Arsena\u0142 - Profesjonalny sklep z broni\u0105 i akcesoriami\",\"description\":\"\",\"publisher\":{\"@id\":\"https:\/\/arsenal24.pl\/#organization\"},\"potentialAction\":[{\"@type\":\"SearchAction\",\"target\":{\"@type\":\"EntryPoint\",\"urlTemplate\":\"https:\/\/arsenal24.pl\/?s={search_term_string}\"},\"query-input\":{\"@type\":\"PropertyValueSpecification\",\"valueRequired\":true,\"valueName\":\"search_term_string\"}}],\"inLanguage\":\"en-US\"},{\"@type\":\"Organization\",\"@id\":\"https:\/\/arsenal24.pl\/#organization\",\"name\":\"Arsena\u0142 - Profesjonalny sklep z broni\u0105 i akcesoriami\",\"url\":\"https:\/\/arsenal24.pl\/\",\"logo\":{\"@type\":\"ImageObject\",\"inLanguage\":\"en-US\",\"@id\":\"https:\/\/arsenal24.pl\/#\/schema\/logo\/image\/\",\"url\":\"https:\/\/server568771.nazwa.pl\/arse\/wp-content\/uploads\/2024\/03\/arsenal-24-logo.png\",\"contentUrl\":\"https:\/\/server568771.nazwa.pl\/arse\/wp-content\/uploads\/2024\/03\/arsenal-24-logo.png\",\"width\":140,\"height\":140,\"caption\":\"Arsena\u0142 - Profesjonalny sklep z broni\u0105 i akcesoriami\"},\"image\":{\"@id\":\"https:\/\/arsenal24.pl\/#\/schema\/logo\/image\/\"},\"sameAs\":[\"https:\/\/www.facebook.com\/people\/Arsena-Sklep\/100035187290806\/?locale=pl_PL&paipv=0&eav=AfaBd4HS6M2sZy5PxVGmBIZx9hgg_97kXvqKJ8pngB-S_qRYY5xCeE23HjB7T-5FY6o&_rdr\"]}]}<\/script>\n<!-- \/ Yoast SEO Premium plugin. -->","yoast_head_json":{"title":"Pistolet Glock 43X Black 9x19m - Arsena\u0142 Sklep","robots":{"index":"index","follow":"follow","max-snippet":"max-snippet:-1","max-image-preview":"max-image-preview:large","max-video-preview":"max-video-preview:-1"},"canonical":"https:\/\/arsenal24.pl\/en\/product\/pistolet-glock-43x-black-9x19m-arsenal-sklep\/","og_locale":"en_US","og_type":"article","og_title":"Pistolet Glock 43X Black 9x19m","og_description":"Glock 43X Black Rail to nowoczesna bro\u0144, kt\u00f3ra idealnie wpisuje si\u0119 w segment mikro kompakt\u00f3w, zaprojektowanych z my\u015bl\u0105 o codziennym, skrytym noszeniu (CCW \u2013 Concealed Carry Weapon). Dzi\u0119ki swojej niezawodno\u015bci, lekko\u015bci i por\u0119czno\u015bci, stanowi doskona\u0142y wyb\u00f3r do samoobrony, oferuj\u0105c przy tym wi\u0119ksz\u0105 pojemno\u015b\u0107 magazynka w por\u00f3wnaniu do innych kompaktowych pistolet\u00f3w.","og_url":"https:\/\/arsenal24.pl\/en\/product\/pistolet-glock-43x-black-9x19m-arsenal-sklep\/","og_site_name":"Arsena\u0142 - Profesjonalny sklep z broni\u0105 i akcesoriami","article_publisher":"https:\/\/www.facebook.com\/people\/Arsena-Sklep\/100035187290806\/?locale=pl_PL&paipv=0&eav=AfaBd4HS6M2sZy5PxVGmBIZx9hgg_97kXvqKJ8pngB-S_qRYY5xCeE23HjB7T-5FY6o&_rdr","article_modified_time":"2025-11-20T13:56:17+00:00","og_image":[{"width":1176,"height":1176,"url":"https:\/\/arsenal24.pl\/wp-content\/uploads\/2025\/04\/photo01-1.webp","type":"image\/webp"}],"twitter_card":"summary_large_image","twitter_misc":{"Est. reading time":"2 minutes"},"schema":{"@context":"https:\/\/schema.org","@graph":[{"@type":"WebPage","@id":"https:\/\/arsenal24.pl\/produkt\/pistolet-glock-43x-black-9x19m-arsenal-sklep\/","url":"https:\/\/arsenal24.pl\/produkt\/pistolet-glock-43x-black-9x19m-arsenal-sklep\/","name":"Pistolet Glock 43X Black 9x19m - Arsena\u0142 Sklep","isPartOf":{"@id":"https:\/\/arsenal24.pl\/#website"},"primaryImageOfPage":{"@id":"https:\/\/arsenal24.pl\/produkt\/pistolet-glock-43x-black-9x19m-arsenal-sklep\/#primaryimage"},"image":{"@id":"https:\/\/arsenal24.pl\/produkt\/pistolet-glock-43x-black-9x19m-arsenal-sklep\/#primaryimage"},"thumbnailUrl":"https:\/\/arsenal24.pl\/wp-content\/uploads\/2025\/04\/photo01-1.webp","datePublished":"2025-04-04T15:43:29+00:00","dateModified":"2025-11-20T13:56:17+00:00","breadcrumb":{"@id":"https:\/\/arsenal24.pl\/produkt\/pistolet-glock-43x-black-9x19m-arsenal-sklep\/#breadcrumb"},"inLanguage":"en-US","potentialAction":[{"@type":"ReadAction","target":["https:\/\/arsenal24.pl\/produkt\/pistolet-glock-43x-black-9x19m-arsenal-sklep\/"]}]},{"@type":"ImageObject","inLanguage":"en-US","@id":"https:\/\/arsenal24.pl\/produkt\/pistolet-glock-43x-black-9x19m-arsenal-sklep\/#primaryimage","url":"https:\/\/arsenal24.pl\/wp-content\/uploads\/2025\/04\/photo01-1.webp","contentUrl":"https:\/\/arsenal24.pl\/wp-content\/uploads\/2025\/04\/photo01-1.webp","width":1176,"height":1176},{"@type":"BreadcrumbList","@id":"https:\/\/arsenal24.pl\/produkt\/pistolet-glock-43x-black-9x19m-arsenal-sklep\/#breadcrumb","itemListElement":[{"@type":"ListItem","position":1,"name":"Strona g\u0142\u00f3wna","item":"https:\/\/arsenal24.pl\/"},{"@type":"ListItem","position":2,"name":"Sklep","item":"https:\/\/arsenal24.pl\/sklep\/"},{"@type":"ListItem","position":3,"name":"Pistolet Glock 43X Black 9x19m"}]},{"@type":"WebSite","@id":"https:\/\/arsenal24.pl\/#website","url":"https:\/\/arsenal24.pl\/","name":"Arsenal - Professional store with weapons and accessories","description":"","publisher":{"@id":"https:\/\/arsenal24.pl\/#organization"},"potentialAction":[{"@type":"SearchAction","target":{"@type":"EntryPoint","urlTemplate":"https:\/\/arsenal24.pl\/?s={search_term_string}"},"query-input":{"@type":"PropertyValueSpecification","valueRequired":true,"valueName":"search_term_string"}}],"inLanguage":"en-US"},{"@type":"Organization","@id":"https:\/\/arsenal24.pl\/#organization","name":"Arsenal - Professional store with weapons and accessories","url":"https:\/\/arsenal24.pl\/","logo":{"@type":"ImageObject","inLanguage":"en-US","@id":"https:\/\/arsenal24.pl\/#\/schema\/logo\/image\/","url":"https:\/\/server568771.nazwa.pl\/arse\/wp-content\/uploads\/2024\/03\/arsenal-24-logo.png","contentUrl":"https:\/\/server568771.nazwa.pl\/arse\/wp-content\/uploads\/2024\/03\/arsenal-24-logo.png","width":140,"height":140,"caption":"Arsena\u0142 - Profesjonalny sklep z broni\u0105 i akcesoriami"},"image":{"@id":"https:\/\/arsenal24.pl\/#\/schema\/logo\/image\/"},"sameAs":["https:\/\/www.facebook.com\/people\/Arsena-Sklep\/100035187290806\/?locale=pl_PL&paipv=0&eav=AfaBd4HS6M2sZy5PxVGmBIZx9hgg_97kXvqKJ8pngB-S_qRYY5xCeE23HjB7T-5FY6o&_rdr"]}]}},"_links":{"self":[{"href":"https:\/\/arsenal24.pl\/en\/wp-json\/wp\/v2\/product\/6712","targetHints":{"allow":["GET"]}}],"collection":[{"href":"https:\/\/arsenal24.pl\/en\/wp-json\/wp\/v2\/product"}],"about":[{"href":"https:\/\/arsenal24.pl\/en\/wp-json\/wp\/v2\/types\/product"}],"version-history":[{"count":4,"href":"https:\/\/arsenal24.pl\/en\/wp-json\/wp\/v2\/product\/6712\/revisions"}],"predecessor-version":[{"id":6720,"href":"https:\/\/arsenal24.pl\/en\/wp-json\/wp\/v2\/product\/6712\/revisions\/6720"}],"wp:featuredmedia":[{"embeddable":true,"href":"https:\/\/arsenal24.pl\/en\/wp-json\/wp\/v2\/media\/6717"}],"wp:attachment":[{"href":"https:\/\/arsenal24.pl\/en\/wp-json\/wp\/v2\/media?parent=6712"}],"wp:term":[{"taxonomy":"brand","embeddable":true,"href":"https:\/\/arsenal24.pl\/en\/wp-json\/wp\/v2\/etheme_brands?post=6712"},{"taxonomy":"product_brand","embeddable":true,"href":"https:\/\/arsenal24.pl\/en\/wp-json\/wp\/v2\/product_brand?post=6712"},{"taxonomy":"product_cat","embeddable":true,"href":"https:\/\/arsenal24.pl\/en\/wp-json\/wp\/v2\/product_cat?post=6712"},{"taxonomy":"product_tag","embeddable":true,"href":"https:\/\/arsenal24.pl\/en\/wp-json\/wp\/v2\/product_tag?post=6712"}],"curies":[{"name":"wp","href":"https:\/\/api.w.org\/{rel}","templated":true}]}}