{"id":6496,"date":"2025-01-14T11:13:44","date_gmt":"2025-01-14T10:13:44","guid":{"rendered":"https:\/\/arsenal24.pl\/?post_type=product&#038;p=6496"},"modified":"2026-01-09T15:34:15","modified_gmt":"2026-01-09T14:34:15","slug":"pistolet-samopowatarzalny-pm-63-rak-9x18-mm-arsenal-sklep","status":"publish","type":"product","link":"https:\/\/arsenal24.pl\/en\/product\/pistolet-samopowatarzalny-pm-63-rak-9x18-mm-arsenal-sklep\/","title":{"rendered":"Pistolet samopowatarzalny PM-63 RAK 9\u00d718 mm"},"content":{"rendered":"<p>PM-63 Rak to polski pistolet maszynowy, kt\u00f3ry u\u017cywa naboj\u00f3w 9 \u00d7 18 mm Makarowa.<\/p>\n<p>Bro\u0144 jest wyposa\u017cona w metalow\u0105, sk\u0142adan\u0105 kolb\u0119, kt\u00f3r\u0105 mo\u017cna wysun\u0105\u0107 do ty\u0142u i wyposa\u017cy\u0107 w rozk\u0142adan\u0105 stopk\u0119. Z przodu znajduje si\u0119 sk\u0142adany chwyt przedni.<\/p>\n<p>Strzelanie z roz\u0142o\u017con\u0105 kolb\u0105 jest komfortowe \u2013 trzy punkty podparcia zapewniaj\u0105 wyj\u0105tkow\u0105 stabilno\u015b\u0107 broni.<\/p>\n<p>Pistolet charakteryzuje si\u0119 bardzo lekk\u0105 konstrukcj\u0105, a \u0142y\u017cka w przedniej cz\u0119\u015bci minimalizuje podrzut broni, co u\u0142atwia kontrolowanie ognia.<\/p>","protected":false},"excerpt":{"rendered":"<p>Bro\u0144 jest wyposa\u017cona w metalow\u0105, sk\u0142adan\u0105 kolb\u0119, kt\u00f3r\u0105 mo\u017cna wysun\u0105\u0107 do ty\u0142u i wyposa\u017cy\u0107 w rozk\u0142adan\u0105 stopk\u0119. Z przodu znajduje si\u0119 sk\u0142adany chwyt przedni.<\/p>\n<p>Strzelanie z roz\u0142o\u017con\u0105 kolb\u0105 jest komfortowe \u2013 trzy punkty podparcia zapewniaj\u0105 wyj\u0105tkow\u0105 stabilno\u015b\u0107 broni.<\/p>","protected":false},"featured_media":6500,"template":"","meta":[],"etheme_brands":[{"term_id":215,"name":"Fabryka Broni \u201e\u0141ucznik\u201d Radom","slug":"fabryka-broni-lucznik","term_group":0,"term_taxonomy_id":215,"taxonomy":"brand","description":"","parent":0,"count":6,"filter":"raw"}],"product_brand":[],"product_cat":[224],"product_tag":[],"class_list":{"0":"post-6496","1":"product","2":"type-product","3":"status-publish","4":"has-post-thumbnail","6":"brand-fabryka-broni-lucznik","7":"product_cat-bron-kolekcjonerska","9":"first","10":"instock","11":"shipping-taxable","12":"purchasable","13":"product-type-simple"},"yoast_head":"<!-- This site is optimized with the Yoast SEO Premium plugin v24.0 (Yoast SEO v26.0) - https:\/\/yoast.com\/wordpress\/plugins\/seo\/ -->\n<title>Pistolet samopowatarzalny PM-63 RAK 9\u00d718 mm - Arsena\u0142 sklep<\/title>\n<meta name=\"description\" content=\"Bro\u0144 jest wyposa\u017cona w metalow\u0105, sk\u0142adan\u0105 kolb\u0119, kt\u00f3r\u0105 mo\u017cna wysun\u0105\u0107 do ty\u0142u i wyposa\u017cy\u0107 w rozk\u0142adan\u0105 stopk\u0119. Z przodu znajduje si\u0119 sk\u0142adany chwyt przedni.\" \/>\n<meta name=\"robots\" content=\"index, follow, max-snippet:-1, max-image-preview:large, max-video-preview:-1\" \/>\n<link rel=\"canonical\" href=\"https:\/\/arsenal24.pl\/en\/product\/pistolet-samopowatarzalny-pm-63-rak-9x18-mm-arsenal-sklep\/\" \/>\n<meta property=\"og:locale\" content=\"en_US\" \/>\n<meta property=\"og:type\" content=\"article\" \/>\n<meta property=\"og:title\" content=\"Pistolet samopowatarzalny PM-63 RAK 9\u00d718 mm\" \/>\n<meta property=\"og:description\" content=\"Bro\u0144 jest wyposa\u017cona w metalow\u0105, sk\u0142adan\u0105 kolb\u0119, kt\u00f3r\u0105 mo\u017cna wysun\u0105\u0107 do ty\u0142u i wyposa\u017cy\u0107 w rozk\u0142adan\u0105 stopk\u0119. Z przodu znajduje si\u0119 sk\u0142adany chwyt przedni.\" \/>\n<meta property=\"og:url\" content=\"https:\/\/arsenal24.pl\/en\/product\/pistolet-samopowatarzalny-pm-63-rak-9x18-mm-arsenal-sklep\/\" \/>\n<meta property=\"og:site_name\" content=\"Arsena\u0142 - Profesjonalny sklep z broni\u0105 i akcesoriami\" \/>\n<meta property=\"article:publisher\" content=\"https:\/\/www.facebook.com\/people\/Arsena-Sklep\/100035187290806\/?locale=pl_PL&amp;paipv=0&amp;eav=AfaBd4HS6M2sZy5PxVGmBIZx9hgg_97kXvqKJ8pngB-S_qRYY5xCeE23HjB7T-5FY6o&amp;_rdr\" \/>\n<meta property=\"article:modified_time\" content=\"2026-01-09T14:34:15+00:00\" \/>\n<meta property=\"og:image\" content=\"https:\/\/arsenal24.pl\/wp-content\/uploads\/2025\/01\/photo1.webp\" \/>\n\t<meta property=\"og:image:width\" content=\"650\" \/>\n\t<meta property=\"og:image:height\" content=\"650\" \/>\n\t<meta property=\"og:image:type\" content=\"image\/webp\" \/>\n<meta name=\"twitter:card\" content=\"summary_large_image\" \/>\n<meta name=\"twitter:label1\" content=\"Est. reading time\" \/>\n\t<meta name=\"twitter:data1\" content=\"1 minute\" \/>\n<script type=\"application\/ld+json\" class=\"yoast-schema-graph\">{\"@context\":\"https:\/\/schema.org\",\"@graph\":[{\"@type\":\"WebPage\",\"@id\":\"https:\/\/arsenal24.pl\/produkt\/pistolet-samopowatarzalny-pm-63-rak-9x18-mm-arsenal-sklep\/\",\"url\":\"https:\/\/arsenal24.pl\/produkt\/pistolet-samopowatarzalny-pm-63-rak-9x18-mm-arsenal-sklep\/\",\"name\":\"Pistolet samopowatarzalny PM-63 RAK 9\u00d718 mm - Arsena\u0142 sklep\",\"isPartOf\":{\"@id\":\"https:\/\/arsenal24.pl\/#website\"},\"primaryImageOfPage\":{\"@id\":\"https:\/\/arsenal24.pl\/produkt\/pistolet-samopowatarzalny-pm-63-rak-9x18-mm-arsenal-sklep\/#primaryimage\"},\"image\":{\"@id\":\"https:\/\/arsenal24.pl\/produkt\/pistolet-samopowatarzalny-pm-63-rak-9x18-mm-arsenal-sklep\/#primaryimage\"},\"thumbnailUrl\":\"https:\/\/arsenal24.pl\/wp-content\/uploads\/2025\/01\/photo1.webp\",\"datePublished\":\"2025-01-14T10:13:44+00:00\",\"dateModified\":\"2026-01-09T14:34:15+00:00\",\"description\":\"Bro\u0144 jest wyposa\u017cona w metalow\u0105, sk\u0142adan\u0105 kolb\u0119, kt\u00f3r\u0105 mo\u017cna wysun\u0105\u0107 do ty\u0142u i wyposa\u017cy\u0107 w rozk\u0142adan\u0105 stopk\u0119. Z przodu znajduje si\u0119 sk\u0142adany chwyt przedni.\",\"breadcrumb\":{\"@id\":\"https:\/\/arsenal24.pl\/produkt\/pistolet-samopowatarzalny-pm-63-rak-9x18-mm-arsenal-sklep\/#breadcrumb\"},\"inLanguage\":\"en-US\",\"potentialAction\":[{\"@type\":\"ReadAction\",\"target\":[\"https:\/\/arsenal24.pl\/produkt\/pistolet-samopowatarzalny-pm-63-rak-9x18-mm-arsenal-sklep\/\"]}]},{\"@type\":\"ImageObject\",\"inLanguage\":\"en-US\",\"@id\":\"https:\/\/arsenal24.pl\/produkt\/pistolet-samopowatarzalny-pm-63-rak-9x18-mm-arsenal-sklep\/#primaryimage\",\"url\":\"https:\/\/arsenal24.pl\/wp-content\/uploads\/2025\/01\/photo1.webp\",\"contentUrl\":\"https:\/\/arsenal24.pl\/wp-content\/uploads\/2025\/01\/photo1.webp\",\"width\":650,\"height\":650},{\"@type\":\"BreadcrumbList\",\"@id\":\"https:\/\/arsenal24.pl\/produkt\/pistolet-samopowatarzalny-pm-63-rak-9x18-mm-arsenal-sklep\/#breadcrumb\",\"itemListElement\":[{\"@type\":\"ListItem\",\"position\":1,\"name\":\"Strona g\u0142\u00f3wna\",\"item\":\"https:\/\/arsenal24.pl\/\"},{\"@type\":\"ListItem\",\"position\":2,\"name\":\"Sklep\",\"item\":\"https:\/\/arsenal24.pl\/sklep\/\"},{\"@type\":\"ListItem\",\"position\":3,\"name\":\"Pistolet samopowatarzalny PM-63 RAK 9\u00d718 mm\"}]},{\"@type\":\"WebSite\",\"@id\":\"https:\/\/arsenal24.pl\/#website\",\"url\":\"https:\/\/arsenal24.pl\/\",\"name\":\"Arsena\u0142 - Profesjonalny sklep z broni\u0105 i akcesoriami\",\"description\":\"\",\"publisher\":{\"@id\":\"https:\/\/arsenal24.pl\/#organization\"},\"potentialAction\":[{\"@type\":\"SearchAction\",\"target\":{\"@type\":\"EntryPoint\",\"urlTemplate\":\"https:\/\/arsenal24.pl\/?s={search_term_string}\"},\"query-input\":{\"@type\":\"PropertyValueSpecification\",\"valueRequired\":true,\"valueName\":\"search_term_string\"}}],\"inLanguage\":\"en-US\"},{\"@type\":\"Organization\",\"@id\":\"https:\/\/arsenal24.pl\/#organization\",\"name\":\"Arsena\u0142 - Profesjonalny sklep z broni\u0105 i akcesoriami\",\"url\":\"https:\/\/arsenal24.pl\/\",\"logo\":{\"@type\":\"ImageObject\",\"inLanguage\":\"en-US\",\"@id\":\"https:\/\/arsenal24.pl\/#\/schema\/logo\/image\/\",\"url\":\"https:\/\/server568771.nazwa.pl\/arse\/wp-content\/uploads\/2024\/03\/arsenal-24-logo.png\",\"contentUrl\":\"https:\/\/server568771.nazwa.pl\/arse\/wp-content\/uploads\/2024\/03\/arsenal-24-logo.png\",\"width\":140,\"height\":140,\"caption\":\"Arsena\u0142 - Profesjonalny sklep z broni\u0105 i akcesoriami\"},\"image\":{\"@id\":\"https:\/\/arsenal24.pl\/#\/schema\/logo\/image\/\"},\"sameAs\":[\"https:\/\/www.facebook.com\/people\/Arsena-Sklep\/100035187290806\/?locale=pl_PL&paipv=0&eav=AfaBd4HS6M2sZy5PxVGmBIZx9hgg_97kXvqKJ8pngB-S_qRYY5xCeE23HjB7T-5FY6o&_rdr\"]}]}<\/script>\n<!-- \/ Yoast SEO Premium plugin. -->","yoast_head_json":{"title":"Pistolet samopowatarzalny PM-63 RAK 9\u00d718 mm - Arsena\u0142 sklep","description":"Bro\u0144 jest wyposa\u017cona w metalow\u0105, sk\u0142adan\u0105 kolb\u0119, kt\u00f3r\u0105 mo\u017cna wysun\u0105\u0107 do ty\u0142u i wyposa\u017cy\u0107 w rozk\u0142adan\u0105 stopk\u0119. Z przodu znajduje si\u0119 sk\u0142adany chwyt przedni.","robots":{"index":"index","follow":"follow","max-snippet":"max-snippet:-1","max-image-preview":"max-image-preview:large","max-video-preview":"max-video-preview:-1"},"canonical":"https:\/\/arsenal24.pl\/en\/product\/pistolet-samopowatarzalny-pm-63-rak-9x18-mm-arsenal-sklep\/","og_locale":"en_US","og_type":"article","og_title":"Pistolet samopowatarzalny PM-63 RAK 9\u00d718 mm","og_description":"Bro\u0144 jest wyposa\u017cona w metalow\u0105, sk\u0142adan\u0105 kolb\u0119, kt\u00f3r\u0105 mo\u017cna wysun\u0105\u0107 do ty\u0142u i wyposa\u017cy\u0107 w rozk\u0142adan\u0105 stopk\u0119. Z przodu znajduje si\u0119 sk\u0142adany chwyt przedni.","og_url":"https:\/\/arsenal24.pl\/en\/product\/pistolet-samopowatarzalny-pm-63-rak-9x18-mm-arsenal-sklep\/","og_site_name":"Arsena\u0142 - Profesjonalny sklep z broni\u0105 i akcesoriami","article_publisher":"https:\/\/www.facebook.com\/people\/Arsena-Sklep\/100035187290806\/?locale=pl_PL&paipv=0&eav=AfaBd4HS6M2sZy5PxVGmBIZx9hgg_97kXvqKJ8pngB-S_qRYY5xCeE23HjB7T-5FY6o&_rdr","article_modified_time":"2026-01-09T14:34:15+00:00","og_image":[{"width":650,"height":650,"url":"https:\/\/arsenal24.pl\/wp-content\/uploads\/2025\/01\/photo1.webp","type":"image\/webp"}],"twitter_card":"summary_large_image","twitter_misc":{"Est. reading time":"1 minute"},"schema":{"@context":"https:\/\/schema.org","@graph":[{"@type":"WebPage","@id":"https:\/\/arsenal24.pl\/produkt\/pistolet-samopowatarzalny-pm-63-rak-9x18-mm-arsenal-sklep\/","url":"https:\/\/arsenal24.pl\/produkt\/pistolet-samopowatarzalny-pm-63-rak-9x18-mm-arsenal-sklep\/","name":"Pistolet samopowatarzalny PM-63 RAK 9\u00d718 mm - Arsena\u0142 sklep","isPartOf":{"@id":"https:\/\/arsenal24.pl\/#website"},"primaryImageOfPage":{"@id":"https:\/\/arsenal24.pl\/produkt\/pistolet-samopowatarzalny-pm-63-rak-9x18-mm-arsenal-sklep\/#primaryimage"},"image":{"@id":"https:\/\/arsenal24.pl\/produkt\/pistolet-samopowatarzalny-pm-63-rak-9x18-mm-arsenal-sklep\/#primaryimage"},"thumbnailUrl":"https:\/\/arsenal24.pl\/wp-content\/uploads\/2025\/01\/photo1.webp","datePublished":"2025-01-14T10:13:44+00:00","dateModified":"2026-01-09T14:34:15+00:00","description":"Bro\u0144 jest wyposa\u017cona w metalow\u0105, sk\u0142adan\u0105 kolb\u0119, kt\u00f3r\u0105 mo\u017cna wysun\u0105\u0107 do ty\u0142u i wyposa\u017cy\u0107 w rozk\u0142adan\u0105 stopk\u0119. Z przodu znajduje si\u0119 sk\u0142adany chwyt przedni.","breadcrumb":{"@id":"https:\/\/arsenal24.pl\/produkt\/pistolet-samopowatarzalny-pm-63-rak-9x18-mm-arsenal-sklep\/#breadcrumb"},"inLanguage":"en-US","potentialAction":[{"@type":"ReadAction","target":["https:\/\/arsenal24.pl\/produkt\/pistolet-samopowatarzalny-pm-63-rak-9x18-mm-arsenal-sklep\/"]}]},{"@type":"ImageObject","inLanguage":"en-US","@id":"https:\/\/arsenal24.pl\/produkt\/pistolet-samopowatarzalny-pm-63-rak-9x18-mm-arsenal-sklep\/#primaryimage","url":"https:\/\/arsenal24.pl\/wp-content\/uploads\/2025\/01\/photo1.webp","contentUrl":"https:\/\/arsenal24.pl\/wp-content\/uploads\/2025\/01\/photo1.webp","width":650,"height":650},{"@type":"BreadcrumbList","@id":"https:\/\/arsenal24.pl\/produkt\/pistolet-samopowatarzalny-pm-63-rak-9x18-mm-arsenal-sklep\/#breadcrumb","itemListElement":[{"@type":"ListItem","position":1,"name":"Strona g\u0142\u00f3wna","item":"https:\/\/arsenal24.pl\/"},{"@type":"ListItem","position":2,"name":"Sklep","item":"https:\/\/arsenal24.pl\/sklep\/"},{"@type":"ListItem","position":3,"name":"Pistolet samopowatarzalny PM-63 RAK 9\u00d718 mm"}]},{"@type":"WebSite","@id":"https:\/\/arsenal24.pl\/#website","url":"https:\/\/arsenal24.pl\/","name":"Arsenal - Professional store with weapons and accessories","description":"","publisher":{"@id":"https:\/\/arsenal24.pl\/#organization"},"potentialAction":[{"@type":"SearchAction","target":{"@type":"EntryPoint","urlTemplate":"https:\/\/arsenal24.pl\/?s={search_term_string}"},"query-input":{"@type":"PropertyValueSpecification","valueRequired":true,"valueName":"search_term_string"}}],"inLanguage":"en-US"},{"@type":"Organization","@id":"https:\/\/arsenal24.pl\/#organization","name":"Arsenal - Professional store with weapons and accessories","url":"https:\/\/arsenal24.pl\/","logo":{"@type":"ImageObject","inLanguage":"en-US","@id":"https:\/\/arsenal24.pl\/#\/schema\/logo\/image\/","url":"https:\/\/server568771.nazwa.pl\/arse\/wp-content\/uploads\/2024\/03\/arsenal-24-logo.png","contentUrl":"https:\/\/server568771.nazwa.pl\/arse\/wp-content\/uploads\/2024\/03\/arsenal-24-logo.png","width":140,"height":140,"caption":"Arsena\u0142 - Profesjonalny sklep z broni\u0105 i akcesoriami"},"image":{"@id":"https:\/\/arsenal24.pl\/#\/schema\/logo\/image\/"},"sameAs":["https:\/\/www.facebook.com\/people\/Arsena-Sklep\/100035187290806\/?locale=pl_PL&paipv=0&eav=AfaBd4HS6M2sZy5PxVGmBIZx9hgg_97kXvqKJ8pngB-S_qRYY5xCeE23HjB7T-5FY6o&_rdr"]}]}},"_links":{"self":[{"href":"https:\/\/arsenal24.pl\/en\/wp-json\/wp\/v2\/product\/6496","targetHints":{"allow":["GET"]}}],"collection":[{"href":"https:\/\/arsenal24.pl\/en\/wp-json\/wp\/v2\/product"}],"about":[{"href":"https:\/\/arsenal24.pl\/en\/wp-json\/wp\/v2\/types\/product"}],"version-history":[{"count":1,"href":"https:\/\/arsenal24.pl\/en\/wp-json\/wp\/v2\/product\/6496\/revisions"}],"predecessor-version":[{"id":6499,"href":"https:\/\/arsenal24.pl\/en\/wp-json\/wp\/v2\/product\/6496\/revisions\/6499"}],"wp:featuredmedia":[{"embeddable":true,"href":"https:\/\/arsenal24.pl\/en\/wp-json\/wp\/v2\/media\/6500"}],"wp:attachment":[{"href":"https:\/\/arsenal24.pl\/en\/wp-json\/wp\/v2\/media?parent=6496"}],"wp:term":[{"taxonomy":"brand","embeddable":true,"href":"https:\/\/arsenal24.pl\/en\/wp-json\/wp\/v2\/etheme_brands?post=6496"},{"taxonomy":"product_brand","embeddable":true,"href":"https:\/\/arsenal24.pl\/en\/wp-json\/wp\/v2\/product_brand?post=6496"},{"taxonomy":"product_cat","embeddable":true,"href":"https:\/\/arsenal24.pl\/en\/wp-json\/wp\/v2\/product_cat?post=6496"},{"taxonomy":"product_tag","embeddable":true,"href":"https:\/\/arsenal24.pl\/en\/wp-json\/wp\/v2\/product_tag?post=6496"}],"curies":[{"name":"wp","href":"https:\/\/api.w.org\/{rel}","templated":true}]}}