{"id":6416,"date":"2024-12-23T11:43:32","date_gmt":"2024-12-23T10:43:32","guid":{"rendered":"https:\/\/arsenal24.pl\/?post_type=product&#038;p=6416"},"modified":"2026-04-08T16:40:53","modified_gmt":"2026-04-08T14:40:53","slug":"karabinek-samopowtarzalny-pac102d-sporter-5-56x45","status":"publish","type":"product","link":"https:\/\/arsenal24.pl\/en\/product\/karabinek-samopowtarzalny-pac102d-sporter-5-56x45\/","title":{"rendered":"Karabinek samopowtarzalny Pioneer Arms Corp PAC102D SPORTER 5.56&#215;45"},"content":{"rendered":"<p>Karabinek AKM Pioneer Arms Corp PAC102D SPORTER w kalibrze 5.56&#215;45 mm to wysokiej jako\u015bci bro\u0144 oparta na klasycznej konstrukcji AK, wyr\u00f3\u017cniaj\u0105ca si\u0119 drewnianymi elementami wyko\u0144czeniowymi. Dzia\u0142a na zasadzie d\u0142ugiego skoku t\u0142oka, co powoduje, \u017ce zanieczyszczenia powsta\u0142e w wyniku spalania prochu odk\u0142adaj\u0105 si\u0119 na t\u0142oku, a nie na zespole ruchomym, co zapewnia niezawodn\u0105 prac\u0119, z kt\u00f3rej s\u0142yn\u0105 karabiny AK.<\/p>\n<p><strong>Technical data:<\/strong><\/p>\n<ul>\n<li><strong>Kaliber<\/strong>: 5.56&#215;45 mm \/ .223 REM<\/li>\n<li><strong>D\u0142ugo\u015b\u0107 lufy<\/strong>: 415 mm<\/li>\n<li><strong>D\u0142ugo\u015b\u0107 broni<\/strong>: 880 mm<\/li>\n<li><strong>Wysoko\u015b\u0107<\/strong>: ~180 mm<\/li>\n<li><strong>Waga<\/strong>: 3400 g (nieza\u0142adowany)<\/li>\n<li><strong>Urz\u0105dzenie wylotowe<\/strong>: standardowy os\u0142abiacz podrzutu<\/li>\n<li><strong>Kolba<\/strong>: Sta\u0142a, drewniana<\/li>\n<li><strong>Chwyt<\/strong>: Polimerowy (zamiast bakelitu)<\/li>\n<li><strong>\u0141o\u017ce<\/strong>: Drewniane<\/li>\n<li><strong>Produkcja<\/strong>: Pioneer Arms Corp, Polska<\/li>\n<\/ul>\n<p>PAC102D wyposa\u017cono w luf\u0119 wykonan\u0105 w technologii przeci\u0105gania, co zwi\u0119ksza jej trwa\u0142o\u015b\u0107 i precyzj\u0119. Elementy takie jak suwad\u0142o s\u0105 odlewane, a nast\u0119pnie obrabiane skrawaniem na maszynach CNC, co znacz\u0105co podnosi ich wytrzyma\u0142o\u015b\u0107. Dodatkowo zastosowano wzmocniony ogon suwad\u0142a oraz azotowany t\u0142ok, co zwi\u0119ksza trwa\u0142o\u015b\u0107 tych element\u00f3w.<\/p>\n<p>Produkcja karabinka PAC102D jest zgodna ze standardami wojskowymi, co zapewnia dost\u0119pno\u015b\u0107 do szerokiej gamy akcesori\u00f3w, cz\u0119\u015bci zamiennych, szyn, chwyt\u00f3w, kolb i innych element\u00f3w. Model ten jest zbli\u017cony do oryginalnej wersji AKM, posiadaj\u0105c drewnian\u0105 kolb\u0119 z zaczepem do pasa no\u015bnego, drewniane \u0142o\u017ce oraz os\u0142on\u0119 rury gazowej. Chwyt jest wykonany z polimeru zamiast tradycyjnego bakelitu. Drewniane elementy broni wykonane s\u0105 z wytrzyma\u0142ego laminatu, olejowanego w celu zapewnienia lepszej ochrony, co nadaje karabinkowi klasyczny wygl\u0105d.<\/p>\n<p>PAC102D to nowoczesna adaptacja klasycznej konstrukcji AK47, kt\u00f3ra \u0142\u0105czy niezawodno\u015b\u0107 i trwa\u0142o\u015b\u0107 z mo\u017cliwo\u015bci\u0105 szerokiej personalizacji i dostosowania broni do indywidualnych potrzeb u\u017cytkownika. Dzi\u0119ki wykorzystaniu nowoczesnych technologii i materia\u0142\u00f3w, PAC102D to karabinek, kt\u00f3ry sprosta oczekiwaniom zar\u00f3wno entuzjast\u00f3w strzelectwa, jak i profesjonalist\u00f3w.<\/p>\n<p>Nazwa \u201ePAC\u201d to skr\u00f3t od Pioneer Arms Corp, kt\u00f3ry odnosi si\u0119 do linii produkcyjnej przej\u0119tej przez firm\u0119 w celu produkcji karabin\u00f3w AK oraz stworzenia marki AK from Radom. Firma szybko dostrzeg\u0142a rosn\u0105ce zainteresowanie klonami AK47 i platform\u0105 AR w Polsce, dlatego wprowadzi\u0142a na rynek modele karabink\u00f3w AR-15 o nazwie PAC15. Pocz\u0105tkowo bazowa\u0142y one na specyfikacjach MIL-SPEC i by\u0142y skierowane do segmentu bud\u017cetowego. Z biegiem czasu firma rozwija\u0142a swoje produkty, czego przyk\u0142adem jest znacznie udoskonalona trzecia generacja tych karabink\u00f3w.<\/p>\n<p><strong>W sk\u0142ad zestawu wchodzi<\/strong>:<\/p>\n<ul>\n<li>Karabinek AKM Pioneer Arms Corp PAC102D SPORTER &#8211; kal. 5.56&#215;45 mm \/ .223 REM &#8211; Drewniany<\/li>\n<\/ul>","protected":false},"excerpt":{"rendered":"<p>PAC102D to klasyczny przedstawiciel linii Sporter, bazuj\u0105cy na konstrukcji AK47 z d\u0142ugim skokiem t\u0142oka. Dzi\u0119ki temu systemowi, wi\u0119kszo\u015b\u0107 gaz\u00f3w i zanieczyszcze\u0144 powstaj\u0105cych podczas spalania prochu oddziela si\u0119 od komory zamkowej i zespo\u0142u ruchomego, co znacz\u0105co poprawia niezawodno\u015b\u0107 i \u017cywotno\u015b\u0107 broni. Pierwsze karabinki Ka\u0142asznikowa wykorzystywa\u0142y elementy zapo\u017cyczone z ameryka\u0144skich karabin\u00f3w, dostosowane do radzieckich mo\u017cliwo\u015bci produkcyjnych. Konstrukcja ta okaza\u0142a si\u0119 na tyle efektywna, \u017ce mimo pewnych ergonomicznych niedoci\u0105gni\u0119\u0107, AK jest u\u017cywane przez s\u0142u\u017cby mundurowe na ca\u0142ym \u015bwiecie.<\/p>","protected":false},"featured_media":6456,"template":"","meta":[],"etheme_brands":[{"term_id":261,"name":"Pioneer Arms Corp","slug":"pioneer-arms-corp","term_group":0,"term_taxonomy_id":261,"taxonomy":"brand","description":"","parent":0,"count":10,"filter":"raw"}],"product_brand":[262],"product_cat":[100],"product_tag":[],"class_list":{"0":"post-6416","1":"product","2":"type-product","3":"status-publish","4":"has-post-thumbnail","6":"brand-pioneer-arms-corp","7":"product_brand-pioneer-arms-corp","8":"product_cat-bron-sportowa","10":"first","11":"instock","12":"shipping-taxable","13":"purchasable","14":"product-type-simple"},"yoast_head":"<!-- This site is optimized with the Yoast SEO Premium plugin v24.0 (Yoast SEO v26.0) - https:\/\/yoast.com\/wordpress\/plugins\/seo\/ -->\n<title>Karabinek samopowtarzalny PAC102D SPORTER 5.56x45<\/title>\n<meta name=\"description\" content=\"PAC102D wyposa\u017cono w luf\u0119 wykonan\u0105 w technologii przeci\u0105gania, co zwi\u0119ksza jej trwa\u0142o\u015b\u0107 i precyzj\u0119. Elementy takie jak suwad\u0142o s\u0105 odlewane.\" \/>\n<meta name=\"robots\" content=\"index, follow, max-snippet:-1, max-image-preview:large, max-video-preview:-1\" \/>\n<link rel=\"canonical\" href=\"https:\/\/arsenal24.pl\/en\/product\/karabinek-samopowtarzalny-pac102d-sporter-5-56x45\/\" \/>\n<meta property=\"og:locale\" content=\"en_US\" \/>\n<meta property=\"og:type\" content=\"article\" \/>\n<meta property=\"og:title\" content=\"Karabinek samopowtarzalny Pioneer Arms Corp PAC102D SPORTER 5.56x45\" \/>\n<meta property=\"og:description\" content=\"PAC102D wyposa\u017cono w luf\u0119 wykonan\u0105 w technologii przeci\u0105gania, co zwi\u0119ksza jej trwa\u0142o\u015b\u0107 i precyzj\u0119. Elementy takie jak suwad\u0142o s\u0105 odlewane.\" \/>\n<meta property=\"og:url\" content=\"https:\/\/arsenal24.pl\/en\/product\/karabinek-samopowtarzalny-pac102d-sporter-5-56x45\/\" \/>\n<meta property=\"og:site_name\" content=\"Arsena\u0142 - Profesjonalny sklep z broni\u0105 i akcesoriami\" \/>\n<meta property=\"article:publisher\" content=\"https:\/\/www.facebook.com\/people\/Arsena-Sklep\/100035187290806\/?locale=pl_PL&amp;paipv=0&amp;eav=AfaBd4HS6M2sZy5PxVGmBIZx9hgg_97kXvqKJ8pngB-S_qRYY5xCeE23HjB7T-5FY6o&amp;_rdr\" \/>\n<meta property=\"article:modified_time\" content=\"2026-04-08T14:40:53+00:00\" \/>\n<meta property=\"og:image\" content=\"https:\/\/arsenal24.pl\/wp-content\/uploads\/2024\/12\/photo1-5.webp\" \/>\n\t<meta property=\"og:image:width\" content=\"1700\" \/>\n\t<meta property=\"og:image:height\" content=\"1700\" \/>\n\t<meta property=\"og:image:type\" content=\"image\/webp\" \/>\n<meta name=\"twitter:card\" content=\"summary_large_image\" \/>\n<meta name=\"twitter:label1\" content=\"Est. reading time\" \/>\n\t<meta name=\"twitter:data1\" content=\"3 minutes\" \/>\n<script type=\"application\/ld+json\" class=\"yoast-schema-graph\">{\"@context\":\"https:\/\/schema.org\",\"@graph\":[{\"@type\":\"WebPage\",\"@id\":\"https:\/\/arsenal24.pl\/produkt\/karabinek-samopowtarzalny-pac102d-sporter-5-56x45\/\",\"url\":\"https:\/\/arsenal24.pl\/produkt\/karabinek-samopowtarzalny-pac102d-sporter-5-56x45\/\",\"name\":\"Karabinek samopowtarzalny PAC102D SPORTER 5.56x45\",\"isPartOf\":{\"@id\":\"https:\/\/arsenal24.pl\/#website\"},\"primaryImageOfPage\":{\"@id\":\"https:\/\/arsenal24.pl\/produkt\/karabinek-samopowtarzalny-pac102d-sporter-5-56x45\/#primaryimage\"},\"image\":{\"@id\":\"https:\/\/arsenal24.pl\/produkt\/karabinek-samopowtarzalny-pac102d-sporter-5-56x45\/#primaryimage\"},\"thumbnailUrl\":\"https:\/\/arsenal24.pl\/wp-content\/uploads\/2024\/12\/photo1-5.webp\",\"datePublished\":\"2024-12-23T10:43:32+00:00\",\"dateModified\":\"2026-04-08T14:40:53+00:00\",\"description\":\"PAC102D wyposa\u017cono w luf\u0119 wykonan\u0105 w technologii przeci\u0105gania, co zwi\u0119ksza jej trwa\u0142o\u015b\u0107 i precyzj\u0119. Elementy takie jak suwad\u0142o s\u0105 odlewane.\",\"breadcrumb\":{\"@id\":\"https:\/\/arsenal24.pl\/produkt\/karabinek-samopowtarzalny-pac102d-sporter-5-56x45\/#breadcrumb\"},\"inLanguage\":\"en-US\",\"potentialAction\":[{\"@type\":\"ReadAction\",\"target\":[\"https:\/\/arsenal24.pl\/produkt\/karabinek-samopowtarzalny-pac102d-sporter-5-56x45\/\"]}]},{\"@type\":\"ImageObject\",\"inLanguage\":\"en-US\",\"@id\":\"https:\/\/arsenal24.pl\/produkt\/karabinek-samopowtarzalny-pac102d-sporter-5-56x45\/#primaryimage\",\"url\":\"https:\/\/arsenal24.pl\/wp-content\/uploads\/2024\/12\/photo1-5.webp\",\"contentUrl\":\"https:\/\/arsenal24.pl\/wp-content\/uploads\/2024\/12\/photo1-5.webp\",\"width\":1700,\"height\":1700},{\"@type\":\"BreadcrumbList\",\"@id\":\"https:\/\/arsenal24.pl\/produkt\/karabinek-samopowtarzalny-pac102d-sporter-5-56x45\/#breadcrumb\",\"itemListElement\":[{\"@type\":\"ListItem\",\"position\":1,\"name\":\"Strona g\u0142\u00f3wna\",\"item\":\"https:\/\/arsenal24.pl\/\"},{\"@type\":\"ListItem\",\"position\":2,\"name\":\"Sklep\",\"item\":\"https:\/\/arsenal24.pl\/sklep\/\"},{\"@type\":\"ListItem\",\"position\":3,\"name\":\"Karabinek samopowtarzalny Pioneer Arms Corp PAC102D SPORTER 5.56&#215;45\"}]},{\"@type\":\"WebSite\",\"@id\":\"https:\/\/arsenal24.pl\/#website\",\"url\":\"https:\/\/arsenal24.pl\/\",\"name\":\"Arsena\u0142 - Profesjonalny sklep z broni\u0105 i akcesoriami\",\"description\":\"\",\"publisher\":{\"@id\":\"https:\/\/arsenal24.pl\/#organization\"},\"potentialAction\":[{\"@type\":\"SearchAction\",\"target\":{\"@type\":\"EntryPoint\",\"urlTemplate\":\"https:\/\/arsenal24.pl\/?s={search_term_string}\"},\"query-input\":{\"@type\":\"PropertyValueSpecification\",\"valueRequired\":true,\"valueName\":\"search_term_string\"}}],\"inLanguage\":\"en-US\"},{\"@type\":\"Organization\",\"@id\":\"https:\/\/arsenal24.pl\/#organization\",\"name\":\"Arsena\u0142 - Profesjonalny sklep z broni\u0105 i akcesoriami\",\"url\":\"https:\/\/arsenal24.pl\/\",\"logo\":{\"@type\":\"ImageObject\",\"inLanguage\":\"en-US\",\"@id\":\"https:\/\/arsenal24.pl\/#\/schema\/logo\/image\/\",\"url\":\"https:\/\/server568771.nazwa.pl\/arse\/wp-content\/uploads\/2024\/03\/arsenal-24-logo.png\",\"contentUrl\":\"https:\/\/server568771.nazwa.pl\/arse\/wp-content\/uploads\/2024\/03\/arsenal-24-logo.png\",\"width\":140,\"height\":140,\"caption\":\"Arsena\u0142 - Profesjonalny sklep z broni\u0105 i akcesoriami\"},\"image\":{\"@id\":\"https:\/\/arsenal24.pl\/#\/schema\/logo\/image\/\"},\"sameAs\":[\"https:\/\/www.facebook.com\/people\/Arsena-Sklep\/100035187290806\/?locale=pl_PL&paipv=0&eav=AfaBd4HS6M2sZy5PxVGmBIZx9hgg_97kXvqKJ8pngB-S_qRYY5xCeE23HjB7T-5FY6o&_rdr\"]}]}<\/script>\n<!-- \/ Yoast SEO Premium plugin. -->","yoast_head_json":{"title":"Karabinek samopowtarzalny PAC102D SPORTER 5.56x45","description":"PAC102D wyposa\u017cono w luf\u0119 wykonan\u0105 w technologii przeci\u0105gania, co zwi\u0119ksza jej trwa\u0142o\u015b\u0107 i precyzj\u0119. Elementy takie jak suwad\u0142o s\u0105 odlewane.","robots":{"index":"index","follow":"follow","max-snippet":"max-snippet:-1","max-image-preview":"max-image-preview:large","max-video-preview":"max-video-preview:-1"},"canonical":"https:\/\/arsenal24.pl\/en\/product\/karabinek-samopowtarzalny-pac102d-sporter-5-56x45\/","og_locale":"en_US","og_type":"article","og_title":"Karabinek samopowtarzalny Pioneer Arms Corp PAC102D SPORTER 5.56x45","og_description":"PAC102D wyposa\u017cono w luf\u0119 wykonan\u0105 w technologii przeci\u0105gania, co zwi\u0119ksza jej trwa\u0142o\u015b\u0107 i precyzj\u0119. Elementy takie jak suwad\u0142o s\u0105 odlewane.","og_url":"https:\/\/arsenal24.pl\/en\/product\/karabinek-samopowtarzalny-pac102d-sporter-5-56x45\/","og_site_name":"Arsena\u0142 - Profesjonalny sklep z broni\u0105 i akcesoriami","article_publisher":"https:\/\/www.facebook.com\/people\/Arsena-Sklep\/100035187290806\/?locale=pl_PL&paipv=0&eav=AfaBd4HS6M2sZy5PxVGmBIZx9hgg_97kXvqKJ8pngB-S_qRYY5xCeE23HjB7T-5FY6o&_rdr","article_modified_time":"2026-04-08T14:40:53+00:00","og_image":[{"width":1700,"height":1700,"url":"https:\/\/arsenal24.pl\/wp-content\/uploads\/2024\/12\/photo1-5.webp","type":"image\/webp"}],"twitter_card":"summary_large_image","twitter_misc":{"Est. reading time":"3 minutes"},"schema":{"@context":"https:\/\/schema.org","@graph":[{"@type":"WebPage","@id":"https:\/\/arsenal24.pl\/produkt\/karabinek-samopowtarzalny-pac102d-sporter-5-56x45\/","url":"https:\/\/arsenal24.pl\/produkt\/karabinek-samopowtarzalny-pac102d-sporter-5-56x45\/","name":"Karabinek samopowtarzalny PAC102D SPORTER 5.56x45","isPartOf":{"@id":"https:\/\/arsenal24.pl\/#website"},"primaryImageOfPage":{"@id":"https:\/\/arsenal24.pl\/produkt\/karabinek-samopowtarzalny-pac102d-sporter-5-56x45\/#primaryimage"},"image":{"@id":"https:\/\/arsenal24.pl\/produkt\/karabinek-samopowtarzalny-pac102d-sporter-5-56x45\/#primaryimage"},"thumbnailUrl":"https:\/\/arsenal24.pl\/wp-content\/uploads\/2024\/12\/photo1-5.webp","datePublished":"2024-12-23T10:43:32+00:00","dateModified":"2026-04-08T14:40:53+00:00","description":"PAC102D wyposa\u017cono w luf\u0119 wykonan\u0105 w technologii przeci\u0105gania, co zwi\u0119ksza jej trwa\u0142o\u015b\u0107 i precyzj\u0119. Elementy takie jak suwad\u0142o s\u0105 odlewane.","breadcrumb":{"@id":"https:\/\/arsenal24.pl\/produkt\/karabinek-samopowtarzalny-pac102d-sporter-5-56x45\/#breadcrumb"},"inLanguage":"en-US","potentialAction":[{"@type":"ReadAction","target":["https:\/\/arsenal24.pl\/produkt\/karabinek-samopowtarzalny-pac102d-sporter-5-56x45\/"]}]},{"@type":"ImageObject","inLanguage":"en-US","@id":"https:\/\/arsenal24.pl\/produkt\/karabinek-samopowtarzalny-pac102d-sporter-5-56x45\/#primaryimage","url":"https:\/\/arsenal24.pl\/wp-content\/uploads\/2024\/12\/photo1-5.webp","contentUrl":"https:\/\/arsenal24.pl\/wp-content\/uploads\/2024\/12\/photo1-5.webp","width":1700,"height":1700},{"@type":"BreadcrumbList","@id":"https:\/\/arsenal24.pl\/produkt\/karabinek-samopowtarzalny-pac102d-sporter-5-56x45\/#breadcrumb","itemListElement":[{"@type":"ListItem","position":1,"name":"Strona g\u0142\u00f3wna","item":"https:\/\/arsenal24.pl\/"},{"@type":"ListItem","position":2,"name":"Sklep","item":"https:\/\/arsenal24.pl\/sklep\/"},{"@type":"ListItem","position":3,"name":"Karabinek samopowtarzalny Pioneer Arms Corp PAC102D SPORTER 5.56&#215;45"}]},{"@type":"WebSite","@id":"https:\/\/arsenal24.pl\/#website","url":"https:\/\/arsenal24.pl\/","name":"Arsenal - Professional store with weapons and accessories","description":"","publisher":{"@id":"https:\/\/arsenal24.pl\/#organization"},"potentialAction":[{"@type":"SearchAction","target":{"@type":"EntryPoint","urlTemplate":"https:\/\/arsenal24.pl\/?s={search_term_string}"},"query-input":{"@type":"PropertyValueSpecification","valueRequired":true,"valueName":"search_term_string"}}],"inLanguage":"en-US"},{"@type":"Organization","@id":"https:\/\/arsenal24.pl\/#organization","name":"Arsenal - Professional store with weapons and accessories","url":"https:\/\/arsenal24.pl\/","logo":{"@type":"ImageObject","inLanguage":"en-US","@id":"https:\/\/arsenal24.pl\/#\/schema\/logo\/image\/","url":"https:\/\/server568771.nazwa.pl\/arse\/wp-content\/uploads\/2024\/03\/arsenal-24-logo.png","contentUrl":"https:\/\/server568771.nazwa.pl\/arse\/wp-content\/uploads\/2024\/03\/arsenal-24-logo.png","width":140,"height":140,"caption":"Arsena\u0142 - Profesjonalny sklep z broni\u0105 i akcesoriami"},"image":{"@id":"https:\/\/arsenal24.pl\/#\/schema\/logo\/image\/"},"sameAs":["https:\/\/www.facebook.com\/people\/Arsena-Sklep\/100035187290806\/?locale=pl_PL&paipv=0&eav=AfaBd4HS6M2sZy5PxVGmBIZx9hgg_97kXvqKJ8pngB-S_qRYY5xCeE23HjB7T-5FY6o&_rdr"]}]}},"_links":{"self":[{"href":"https:\/\/arsenal24.pl\/en\/wp-json\/wp\/v2\/product\/6416","targetHints":{"allow":["GET"]}}],"collection":[{"href":"https:\/\/arsenal24.pl\/en\/wp-json\/wp\/v2\/product"}],"about":[{"href":"https:\/\/arsenal24.pl\/en\/wp-json\/wp\/v2\/types\/product"}],"version-history":[{"count":3,"href":"https:\/\/arsenal24.pl\/en\/wp-json\/wp\/v2\/product\/6416\/revisions"}],"predecessor-version":[{"id":6448,"href":"https:\/\/arsenal24.pl\/en\/wp-json\/wp\/v2\/product\/6416\/revisions\/6448"}],"wp:featuredmedia":[{"embeddable":true,"href":"https:\/\/arsenal24.pl\/en\/wp-json\/wp\/v2\/media\/6456"}],"wp:attachment":[{"href":"https:\/\/arsenal24.pl\/en\/wp-json\/wp\/v2\/media?parent=6416"}],"wp:term":[{"taxonomy":"brand","embeddable":true,"href":"https:\/\/arsenal24.pl\/en\/wp-json\/wp\/v2\/etheme_brands?post=6416"},{"taxonomy":"product_brand","embeddable":true,"href":"https:\/\/arsenal24.pl\/en\/wp-json\/wp\/v2\/product_brand?post=6416"},{"taxonomy":"product_cat","embeddable":true,"href":"https:\/\/arsenal24.pl\/en\/wp-json\/wp\/v2\/product_cat?post=6416"},{"taxonomy":"product_tag","embeddable":true,"href":"https:\/\/arsenal24.pl\/en\/wp-json\/wp\/v2\/product_tag?post=6416"}],"curies":[{"name":"wp","href":"https:\/\/api.w.org\/{rel}","templated":true}]}}