{"id":6414,"date":"2024-12-23T10:57:33","date_gmt":"2024-12-23T09:57:33","guid":{"rendered":"https:\/\/arsenal24.pl\/?post_type=product&#038;p=6414"},"modified":"2026-04-08T16:39:16","modified_gmt":"2026-04-08T14:39:16","slug":"karabinek-samopowtarzalny-pac102m-hellpup-7-62x39","status":"publish","type":"product","link":"https:\/\/arsenal24.pl\/en\/product\/karabinek-samopowtarzalny-pac102m-hellpup-7-62x39\/","title":{"rendered":"Karabinek AKM Pioneer Arms Corp PAC102 Hellpup M Tactical &#8211; kal. 7,62&#215;39 mm &#8211; Polimer"},"content":{"rendered":"<p>Karabinek <strong>AKM Pioneer Arms Corp PAC102 Hellpup M Tactica<\/strong>l w kalibrze <strong>7,62 x 39 mm<\/strong> to bro\u0144 o wysokiej jako\u015bci, bazuj\u0105ca na popularnej konstrukcji AK, wyposa\u017cona w skr\u00f3con\u0105 luf\u0119 oraz prostopad\u0142y blok gazowy. W wersji Tactical karabinek posiada rozsuwan\u0105 kolb\u0119, zmodyfikowany chwyt pistoletowy oraz aluminiowe przednie \u0142o\u017ce z szynami Picatinny, kt\u00f3re umo\u017cliwiaj\u0105 monta\u017c akcesori\u00f3w takich jak kolimator, latarka, wska\u017anik laserowy, przedni chwyt czy bipod. System gazowy oparty na d\u0142ugim skoku t\u0142oka zapewnia niezawodn\u0105 prac\u0119 broni, ograniczaj\u0105c osadzanie si\u0119 zanieczyszcze\u0144 na zespole ruchomym, co jest cech\u0105 charakterystyczn\u0105 dla konstrukcji AK.<\/p>\n<p><strong>Technical data:<\/strong><\/p>\n<ul>\n<li><strong>Kaliber<\/strong>: 7,62 x 39 mm<\/li>\n<li><strong>D\u0142ugo\u015b\u0107 lufy<\/strong>: 298 mm (11.73\u201d)<\/li>\n<li><strong>D\u0142ugo\u015b\u0107 broni<\/strong>: 555 mm<\/li>\n<li><strong>Wysoko\u015b\u0107<\/strong>: ~180 mm<\/li>\n<li><strong>Waga<\/strong>: 3450 g (nieza\u0142adowany)<\/li>\n<li><strong>Urz\u0105dzenie wylotowe<\/strong>: standardowy os\u0142abiacz podrzutu<\/li>\n<li><strong>Kolba<\/strong>: Rozsuwana, standard MIL-SPEC AR-15<\/li>\n<li><strong>Chwyt<\/strong>: Polimerowy<\/li>\n<li><strong>\u0141o\u017ce<\/strong>: Aluminiowe z szynami Picatinny<\/li>\n<li><strong>Produkcja<\/strong>: Pioneer Arms Corp, Polska<\/li>\n<\/ul>\n<p>Bro\u0144 wyposa\u017cona jest w luf\u0119 wykonan\u0105 w technologii przeci\u0105gania, co zapewnia jej wi\u0119ksz\u0105 trwa\u0142o\u015b\u0107 oraz precyzj\u0119. Elementy takie jak suwad\u0142o s\u0105 odlewane i obrabiane na maszynach CNC, co zwi\u0119ksza wytrzyma\u0142o\u015b\u0107 broni. Dodatkowo wzmocniono ogon suwad\u0142a oraz zastosowano azotowanie t\u0142oka, co wp\u0142ywa na jego trwa\u0142o\u015b\u0107.<\/p>\n<p>Produkcja karabink\u00f3w AKM Pioneer Arms Corp PAC102 Hellpup M jest zgodna z normami wojskowymi, co zapewnia \u0142atw\u0105 dost\u0119pno\u015b\u0107 do cz\u0119\u015bci zamiennych, akcesori\u00f3w, szyn, chwyt\u00f3w, kolb i innych element\u00f3w.<\/p>\n<p>AKM Pioneer Arms Corp Hellpup M to nowoczesna wersja klasycznego AK47, kt\u00f3ra \u0142\u0105czy niezawodno\u015b\u0107 i trwa\u0142o\u015b\u0107 z szerokimi mo\u017cliwo\u015bciami personalizacji, dostosowuj\u0105c bro\u0144 do indywidualnych potrzeb u\u017cytkownika. Dzi\u0119ki zastosowaniu nowoczesnych materia\u0142\u00f3w i technologii, karabinek spe\u0142nia wymagania zar\u00f3wno amator\u00f3w strzelectwa, jak i profesjonalist\u00f3w.<\/p>\n<p>Nazwa \u201ePAC\u201d to skr\u00f3t od Pioneer Arms Corp, nawi\u0105zuj\u0105cy do zakupu linii produkcyjnej do produkcji karabin\u00f3w AK, co doprowadzi\u0142o do stworzenia marki AK from Radom. Firma dostrzeg\u0142a rosn\u0105ce zapotrzebowanie na klony AK47 oraz rosn\u0105c\u0105 popularno\u015b\u0107 platformy AR w Polsce. W odpowiedzi na te potrzeby, rozpocz\u0119\u0142a produkcj\u0119 karabink\u00f3w AR-15, oznaczonych jako PAC15, kt\u00f3re pocz\u0105tkowo bazowa\u0142y na specyfikacjach MIL-SPEC i by\u0142y skierowane do segmentu bud\u017cetowego. Z biegiem lat firma rozwija\u0142a swoje produkty, a trzecia generacja tych karabink\u00f3w sta\u0142a si\u0119 bardziej zaawansowana technologicznie<\/p>\n<p><strong>W sk\u0142ad zestawu wchodzi<\/strong>:<\/p>\n<ul>\n<li>Karabinek AKM Pioneer Arms Corp PAC102 Hellpup M Tactical &#8211; kal. 7,62 x 39 mm &#8211; Polimer (magazynek nie jest w zestawie)<\/li>\n<\/ul>","protected":false},"excerpt":{"rendered":"<p><strong>AKM Pioneer Arms Corp PAC102 Hellpup M<\/strong> oparty jest na konstrukcji AK47 z kr\u00f3tk\u0105 luf\u0105 i prostopad\u0142ym blokiem gazowym. Dzia\u0142aj\u0105cy na zasadzie d\u0142ugiego skoku t\u0142oka system gazowy oddziela gazy i zanieczyszczenia powstaj\u0105ce w wyniku spalania prochu od komory zamkowej oraz zespo\u0142u ruchomego, co znacz\u0105co zwi\u0119ksza niezawodno\u015b\u0107 broni. W pierwszych modelach karabink\u00f3w Ka\u0142asznikowa wykorzystano elementy z karabin\u00f3w ameryka\u0144skich, kt\u00f3re zosta\u0142y dostosowane do radzieckich mo\u017cliwo\u015bci produkcyjnych. Mimo pewnych niedoci\u0105gni\u0119\u0107 ergonomicznych, konstrukcja ta okaza\u0142a si\u0119 na tyle efektywna, \u017ce karabiny AK s\u0105 u\u017cywane na ca\u0142ym \u015bwiecie przez r\u00f3\u017cne s\u0142u\u017cby mundurowe.<\/p>","protected":false},"featured_media":6437,"template":"","meta":[],"etheme_brands":[{"term_id":261,"name":"Pioneer Arms Corp","slug":"pioneer-arms-corp","term_group":0,"term_taxonomy_id":261,"taxonomy":"brand","description":"","parent":0,"count":10,"filter":"raw"}],"product_brand":[262],"product_cat":[100],"product_tag":[],"class_list":{"0":"post-6414","1":"product","2":"type-product","3":"status-publish","4":"has-post-thumbnail","6":"brand-pioneer-arms-corp","7":"product_brand-pioneer-arms-corp","8":"product_cat-bron-sportowa","10":"first","11":"instock","12":"shipping-taxable","13":"purchasable","14":"product-type-simple"},"yoast_head":"<!-- This site is optimized with the Yoast SEO Premium plugin v24.0 (Yoast SEO v26.0) - https:\/\/yoast.com\/wordpress\/plugins\/seo\/ -->\n<title>Karabinek samopowtarzalny PAC102M HELLPUP 7.62X39<\/title>\n<meta name=\"description\" content=\"AKM Pioneer Arms Corp PAC102 Hellpup M 7,62 x 39 mm oparty jest na konstrukcji AK47 z kr\u00f3tk\u0105 luf\u0105 i prostopad\u0142ym blokiem gazowym.\" \/>\n<meta name=\"robots\" content=\"index, follow, max-snippet:-1, max-image-preview:large, max-video-preview:-1\" \/>\n<link rel=\"canonical\" href=\"https:\/\/arsenal24.pl\/en\/product\/karabinek-samopowtarzalny-pac102m-hellpup-7-62x39\/\" \/>\n<meta property=\"og:locale\" content=\"en_US\" \/>\n<meta property=\"og:type\" content=\"article\" \/>\n<meta property=\"og:title\" content=\"Karabinek AKM Pioneer Arms Corp PAC102 Hellpup M Tactical - kal. 7,62x39 mm - Polimer\" \/>\n<meta property=\"og:description\" content=\"AKM Pioneer Arms Corp PAC102 Hellpup M 7,62 x 39 mm oparty jest na konstrukcji AK47 z kr\u00f3tk\u0105 luf\u0105 i prostopad\u0142ym blokiem gazowym.\" \/>\n<meta property=\"og:url\" content=\"https:\/\/arsenal24.pl\/en\/product\/karabinek-samopowtarzalny-pac102m-hellpup-7-62x39\/\" \/>\n<meta property=\"og:site_name\" content=\"Arsena\u0142 - Profesjonalny sklep z broni\u0105 i akcesoriami\" \/>\n<meta property=\"article:publisher\" content=\"https:\/\/www.facebook.com\/people\/Arsena-Sklep\/100035187290806\/?locale=pl_PL&amp;paipv=0&amp;eav=AfaBd4HS6M2sZy5PxVGmBIZx9hgg_97kXvqKJ8pngB-S_qRYY5xCeE23HjB7T-5FY6o&amp;_rdr\" \/>\n<meta property=\"article:modified_time\" content=\"2026-04-08T14:39:16+00:00\" \/>\n<meta property=\"og:image\" content=\"https:\/\/arsenal24.pl\/wp-content\/uploads\/2024\/12\/photo1-3.webp\" \/>\n\t<meta property=\"og:image:width\" content=\"1700\" \/>\n\t<meta property=\"og:image:height\" content=\"1700\" \/>\n\t<meta property=\"og:image:type\" content=\"image\/webp\" \/>\n<meta name=\"twitter:card\" content=\"summary_large_image\" \/>\n<meta name=\"twitter:label1\" content=\"Est. reading time\" \/>\n\t<meta name=\"twitter:data1\" content=\"3 minutes\" \/>\n<script type=\"application\/ld+json\" class=\"yoast-schema-graph\">{\"@context\":\"https:\/\/schema.org\",\"@graph\":[{\"@type\":\"WebPage\",\"@id\":\"https:\/\/arsenal24.pl\/produkt\/karabinek-samopowtarzalny-pac102m-hellpup-7-62x39\/\",\"url\":\"https:\/\/arsenal24.pl\/produkt\/karabinek-samopowtarzalny-pac102m-hellpup-7-62x39\/\",\"name\":\"Karabinek samopowtarzalny PAC102M HELLPUP 7.62X39\",\"isPartOf\":{\"@id\":\"https:\/\/arsenal24.pl\/#website\"},\"primaryImageOfPage\":{\"@id\":\"https:\/\/arsenal24.pl\/produkt\/karabinek-samopowtarzalny-pac102m-hellpup-7-62x39\/#primaryimage\"},\"image\":{\"@id\":\"https:\/\/arsenal24.pl\/produkt\/karabinek-samopowtarzalny-pac102m-hellpup-7-62x39\/#primaryimage\"},\"thumbnailUrl\":\"https:\/\/arsenal24.pl\/wp-content\/uploads\/2024\/12\/photo1-3.webp\",\"datePublished\":\"2024-12-23T09:57:33+00:00\",\"dateModified\":\"2026-04-08T14:39:16+00:00\",\"description\":\"AKM Pioneer Arms Corp PAC102 Hellpup M 7,62 x 39 mm oparty jest na konstrukcji AK47 z kr\u00f3tk\u0105 luf\u0105 i prostopad\u0142ym blokiem gazowym.\",\"breadcrumb\":{\"@id\":\"https:\/\/arsenal24.pl\/produkt\/karabinek-samopowtarzalny-pac102m-hellpup-7-62x39\/#breadcrumb\"},\"inLanguage\":\"en-US\",\"potentialAction\":[{\"@type\":\"ReadAction\",\"target\":[\"https:\/\/arsenal24.pl\/produkt\/karabinek-samopowtarzalny-pac102m-hellpup-7-62x39\/\"]}]},{\"@type\":\"ImageObject\",\"inLanguage\":\"en-US\",\"@id\":\"https:\/\/arsenal24.pl\/produkt\/karabinek-samopowtarzalny-pac102m-hellpup-7-62x39\/#primaryimage\",\"url\":\"https:\/\/arsenal24.pl\/wp-content\/uploads\/2024\/12\/photo1-3.webp\",\"contentUrl\":\"https:\/\/arsenal24.pl\/wp-content\/uploads\/2024\/12\/photo1-3.webp\",\"width\":1700,\"height\":1700},{\"@type\":\"BreadcrumbList\",\"@id\":\"https:\/\/arsenal24.pl\/produkt\/karabinek-samopowtarzalny-pac102m-hellpup-7-62x39\/#breadcrumb\",\"itemListElement\":[{\"@type\":\"ListItem\",\"position\":1,\"name\":\"Strona g\u0142\u00f3wna\",\"item\":\"https:\/\/arsenal24.pl\/\"},{\"@type\":\"ListItem\",\"position\":2,\"name\":\"Sklep\",\"item\":\"https:\/\/arsenal24.pl\/sklep\/\"},{\"@type\":\"ListItem\",\"position\":3,\"name\":\"Karabinek AKM Pioneer Arms Corp PAC102 Hellpup M Tactical &#8211; kal. 7,62&#215;39 mm &#8211; Polimer\"}]},{\"@type\":\"WebSite\",\"@id\":\"https:\/\/arsenal24.pl\/#website\",\"url\":\"https:\/\/arsenal24.pl\/\",\"name\":\"Arsena\u0142 - Profesjonalny sklep z broni\u0105 i akcesoriami\",\"description\":\"\",\"publisher\":{\"@id\":\"https:\/\/arsenal24.pl\/#organization\"},\"potentialAction\":[{\"@type\":\"SearchAction\",\"target\":{\"@type\":\"EntryPoint\",\"urlTemplate\":\"https:\/\/arsenal24.pl\/?s={search_term_string}\"},\"query-input\":{\"@type\":\"PropertyValueSpecification\",\"valueRequired\":true,\"valueName\":\"search_term_string\"}}],\"inLanguage\":\"en-US\"},{\"@type\":\"Organization\",\"@id\":\"https:\/\/arsenal24.pl\/#organization\",\"name\":\"Arsena\u0142 - Profesjonalny sklep z broni\u0105 i akcesoriami\",\"url\":\"https:\/\/arsenal24.pl\/\",\"logo\":{\"@type\":\"ImageObject\",\"inLanguage\":\"en-US\",\"@id\":\"https:\/\/arsenal24.pl\/#\/schema\/logo\/image\/\",\"url\":\"https:\/\/server568771.nazwa.pl\/arse\/wp-content\/uploads\/2024\/03\/arsenal-24-logo.png\",\"contentUrl\":\"https:\/\/server568771.nazwa.pl\/arse\/wp-content\/uploads\/2024\/03\/arsenal-24-logo.png\",\"width\":140,\"height\":140,\"caption\":\"Arsena\u0142 - Profesjonalny sklep z broni\u0105 i akcesoriami\"},\"image\":{\"@id\":\"https:\/\/arsenal24.pl\/#\/schema\/logo\/image\/\"},\"sameAs\":[\"https:\/\/www.facebook.com\/people\/Arsena-Sklep\/100035187290806\/?locale=pl_PL&paipv=0&eav=AfaBd4HS6M2sZy5PxVGmBIZx9hgg_97kXvqKJ8pngB-S_qRYY5xCeE23HjB7T-5FY6o&_rdr\"]}]}<\/script>\n<!-- \/ Yoast SEO Premium plugin. -->","yoast_head_json":{"title":"Karabinek samopowtarzalny PAC102M HELLPUP 7.62X39","description":"AKM Pioneer Arms Corp PAC102 Hellpup M 7,62 x 39 mm oparty jest na konstrukcji AK47 z kr\u00f3tk\u0105 luf\u0105 i prostopad\u0142ym blokiem gazowym.","robots":{"index":"index","follow":"follow","max-snippet":"max-snippet:-1","max-image-preview":"max-image-preview:large","max-video-preview":"max-video-preview:-1"},"canonical":"https:\/\/arsenal24.pl\/en\/product\/karabinek-samopowtarzalny-pac102m-hellpup-7-62x39\/","og_locale":"en_US","og_type":"article","og_title":"Karabinek AKM Pioneer Arms Corp PAC102 Hellpup M Tactical - kal. 7,62x39 mm - Polimer","og_description":"AKM Pioneer Arms Corp PAC102 Hellpup M 7,62 x 39 mm oparty jest na konstrukcji AK47 z kr\u00f3tk\u0105 luf\u0105 i prostopad\u0142ym blokiem gazowym.","og_url":"https:\/\/arsenal24.pl\/en\/product\/karabinek-samopowtarzalny-pac102m-hellpup-7-62x39\/","og_site_name":"Arsena\u0142 - Profesjonalny sklep z broni\u0105 i akcesoriami","article_publisher":"https:\/\/www.facebook.com\/people\/Arsena-Sklep\/100035187290806\/?locale=pl_PL&paipv=0&eav=AfaBd4HS6M2sZy5PxVGmBIZx9hgg_97kXvqKJ8pngB-S_qRYY5xCeE23HjB7T-5FY6o&_rdr","article_modified_time":"2026-04-08T14:39:16+00:00","og_image":[{"width":1700,"height":1700,"url":"https:\/\/arsenal24.pl\/wp-content\/uploads\/2024\/12\/photo1-3.webp","type":"image\/webp"}],"twitter_card":"summary_large_image","twitter_misc":{"Est. reading time":"3 minutes"},"schema":{"@context":"https:\/\/schema.org","@graph":[{"@type":"WebPage","@id":"https:\/\/arsenal24.pl\/produkt\/karabinek-samopowtarzalny-pac102m-hellpup-7-62x39\/","url":"https:\/\/arsenal24.pl\/produkt\/karabinek-samopowtarzalny-pac102m-hellpup-7-62x39\/","name":"Karabinek samopowtarzalny PAC102M HELLPUP 7.62X39","isPartOf":{"@id":"https:\/\/arsenal24.pl\/#website"},"primaryImageOfPage":{"@id":"https:\/\/arsenal24.pl\/produkt\/karabinek-samopowtarzalny-pac102m-hellpup-7-62x39\/#primaryimage"},"image":{"@id":"https:\/\/arsenal24.pl\/produkt\/karabinek-samopowtarzalny-pac102m-hellpup-7-62x39\/#primaryimage"},"thumbnailUrl":"https:\/\/arsenal24.pl\/wp-content\/uploads\/2024\/12\/photo1-3.webp","datePublished":"2024-12-23T09:57:33+00:00","dateModified":"2026-04-08T14:39:16+00:00","description":"AKM Pioneer Arms Corp PAC102 Hellpup M 7,62 x 39 mm oparty jest na konstrukcji AK47 z kr\u00f3tk\u0105 luf\u0105 i prostopad\u0142ym blokiem gazowym.","breadcrumb":{"@id":"https:\/\/arsenal24.pl\/produkt\/karabinek-samopowtarzalny-pac102m-hellpup-7-62x39\/#breadcrumb"},"inLanguage":"en-US","potentialAction":[{"@type":"ReadAction","target":["https:\/\/arsenal24.pl\/produkt\/karabinek-samopowtarzalny-pac102m-hellpup-7-62x39\/"]}]},{"@type":"ImageObject","inLanguage":"en-US","@id":"https:\/\/arsenal24.pl\/produkt\/karabinek-samopowtarzalny-pac102m-hellpup-7-62x39\/#primaryimage","url":"https:\/\/arsenal24.pl\/wp-content\/uploads\/2024\/12\/photo1-3.webp","contentUrl":"https:\/\/arsenal24.pl\/wp-content\/uploads\/2024\/12\/photo1-3.webp","width":1700,"height":1700},{"@type":"BreadcrumbList","@id":"https:\/\/arsenal24.pl\/produkt\/karabinek-samopowtarzalny-pac102m-hellpup-7-62x39\/#breadcrumb","itemListElement":[{"@type":"ListItem","position":1,"name":"Strona g\u0142\u00f3wna","item":"https:\/\/arsenal24.pl\/"},{"@type":"ListItem","position":2,"name":"Sklep","item":"https:\/\/arsenal24.pl\/sklep\/"},{"@type":"ListItem","position":3,"name":"Karabinek AKM Pioneer Arms Corp PAC102 Hellpup M Tactical &#8211; kal. 7,62&#215;39 mm &#8211; Polimer"}]},{"@type":"WebSite","@id":"https:\/\/arsenal24.pl\/#website","url":"https:\/\/arsenal24.pl\/","name":"Arsenal - Professional store with weapons and accessories","description":"","publisher":{"@id":"https:\/\/arsenal24.pl\/#organization"},"potentialAction":[{"@type":"SearchAction","target":{"@type":"EntryPoint","urlTemplate":"https:\/\/arsenal24.pl\/?s={search_term_string}"},"query-input":{"@type":"PropertyValueSpecification","valueRequired":true,"valueName":"search_term_string"}}],"inLanguage":"en-US"},{"@type":"Organization","@id":"https:\/\/arsenal24.pl\/#organization","name":"Arsenal - Professional store with weapons and accessories","url":"https:\/\/arsenal24.pl\/","logo":{"@type":"ImageObject","inLanguage":"en-US","@id":"https:\/\/arsenal24.pl\/#\/schema\/logo\/image\/","url":"https:\/\/server568771.nazwa.pl\/arse\/wp-content\/uploads\/2024\/03\/arsenal-24-logo.png","contentUrl":"https:\/\/server568771.nazwa.pl\/arse\/wp-content\/uploads\/2024\/03\/arsenal-24-logo.png","width":140,"height":140,"caption":"Arsena\u0142 - Profesjonalny sklep z broni\u0105 i akcesoriami"},"image":{"@id":"https:\/\/arsenal24.pl\/#\/schema\/logo\/image\/"},"sameAs":["https:\/\/www.facebook.com\/people\/Arsena-Sklep\/100035187290806\/?locale=pl_PL&paipv=0&eav=AfaBd4HS6M2sZy5PxVGmBIZx9hgg_97kXvqKJ8pngB-S_qRYY5xCeE23HjB7T-5FY6o&_rdr"]}]}},"_links":{"self":[{"href":"https:\/\/arsenal24.pl\/en\/wp-json\/wp\/v2\/product\/6414","targetHints":{"allow":["GET"]}}],"collection":[{"href":"https:\/\/arsenal24.pl\/en\/wp-json\/wp\/v2\/product"}],"about":[{"href":"https:\/\/arsenal24.pl\/en\/wp-json\/wp\/v2\/types\/product"}],"version-history":[{"count":5,"href":"https:\/\/arsenal24.pl\/en\/wp-json\/wp\/v2\/product\/6414\/revisions"}],"predecessor-version":[{"id":7523,"href":"https:\/\/arsenal24.pl\/en\/wp-json\/wp\/v2\/product\/6414\/revisions\/7523"}],"wp:featuredmedia":[{"embeddable":true,"href":"https:\/\/arsenal24.pl\/en\/wp-json\/wp\/v2\/media\/6437"}],"wp:attachment":[{"href":"https:\/\/arsenal24.pl\/en\/wp-json\/wp\/v2\/media?parent=6414"}],"wp:term":[{"taxonomy":"brand","embeddable":true,"href":"https:\/\/arsenal24.pl\/en\/wp-json\/wp\/v2\/etheme_brands?post=6414"},{"taxonomy":"product_brand","embeddable":true,"href":"https:\/\/arsenal24.pl\/en\/wp-json\/wp\/v2\/product_brand?post=6414"},{"taxonomy":"product_cat","embeddable":true,"href":"https:\/\/arsenal24.pl\/en\/wp-json\/wp\/v2\/product_cat?post=6414"},{"taxonomy":"product_tag","embeddable":true,"href":"https:\/\/arsenal24.pl\/en\/wp-json\/wp\/v2\/product_tag?post=6414"}],"curies":[{"name":"wp","href":"https:\/\/api.w.org\/{rel}","templated":true}]}}